{"id":7219,"date":"2016-04-01T16:06:31","date_gmt":"2016-04-01T14:06:31","guid":{"rendered":"https:\/\/www.kostuemverleih.com\/?post_type=product&#038;p=7219"},"modified":"2024-01-18T12:09:52","modified_gmt":"2024-01-18T10:09:52","slug":"darth-vader","status":"publish","type":"product","link":"https:\/\/www.kostuemebreuer.de\/english\/produkt\/darth-vader\/","title":{"rendered":"Star Wars &#8211; Darth Vader Outfit (Brust\u00fcberwurf und Helm)"},"content":{"rendered":"<p>Star Wars &#8211; Darth Vader Outfit (hochwertig) bestehend aus Brust\u00fcberwurf und Helm, wahlweise erweiterbar mit einem Overall und G\u00fcrtel (Paket 2), sowie einem schweren Mantel\/Cape und Handschuhen. (Paket 3)<\/p>\n<p>&nbsp;<\/p>\n<p>&nbsp;<\/p>\n","protected":false},"excerpt":{"rendered":"<p>Star Wars &#8211; Darth Vader Outfit (hochwertig) bestehend aus Brust\u00fcberwurf und Helm, wahlweise erweiterbar mit einem <strong>Overall und G\u00fcrtel<\/strong> (Paket 2), sowie einem <strong>schweren Mantel\/Cape und Handschuhen<\/strong>. (Paket 3)<\/p>\n<p>&nbsp;<\/p>\n","protected":false},"featured_media":7220,"template":"","meta":{"_acf_changed":false},"product_brand":[],"product_cat":[29],"product_tag":[116,42,745,457],"class_list":{"0":"post-7219","1":"product","2":"type-product","3":"status-publish","4":"has-post-thumbnail","6":"product_cat-kostueme","7":"product_tag-fantasy-science-fiction","8":"product_tag-schwarz","9":"product_tag-star-wars","10":"product_tag-weltraum","11":"product_shipping_class-versandklasse-2","12":"infinite-scroll-item","14":"first","15":"instock","16":"taxable","17":"shipping-taxable","18":"purchasable","19":"product-type-simple"},"yoast_head":"<!-- This site is optimized with the Yoast SEO plugin v27.2 - https:\/\/yoast.com\/product\/yoast-seo-wordpress\/ -->\n<title>Star Wars - Darth Vader Outfit (Brust\u00fcberwurf und Helm) - Costumes Breuer<\/title>\n<meta name=\"description\" content=\"Star Wars - Darth Vader Outfit (hochwertig) bestehend aus Brust\u00fcberwurf und Helm, wahlweise erweiterbar mit einem Overall und G\u00fcrtel (Paket 2), sowie einem schweren Mantel\/Cape und Handschuhen. (Paket 3) &nbsp;\" \/>\n<meta name=\"robots\" content=\"index, follow, max-snippet:-1, max-image-preview:large, max-video-preview:-1\" \/>\n<link rel=\"canonical\" href=\"https:\/\/www.kostuemebreuer.de\/english\/produkt\/darth-vader\/\" \/>\n<meta property=\"og:locale\" content=\"en_GB\" \/>\n<meta property=\"og:type\" content=\"article\" \/>\n<meta property=\"og:title\" content=\"Star Wars - Darth Vader Outfit (Brust\u00fcberwurf und Helm) - Costumes Breuer\" \/>\n<meta property=\"og:description\" content=\"Star Wars - Darth Vader Outfit (hochwertig) bestehend aus Brust\u00fcberwurf und Helm, wahlweise erweiterbar mit einem Overall und G\u00fcrtel (Paket 2), sowie einem schweren Mantel\/Cape und Handschuhen. (Paket 3) &nbsp;\" \/>\n<meta property=\"og:url\" content=\"https:\/\/www.kostuemebreuer.de\/english\/produkt\/darth-vader\/\" \/>\n<meta property=\"og:site_name\" content=\"Costumes Breuer\" \/>\n<meta property=\"article:publisher\" content=\"https:\/\/www.facebook.com\/Kostuemebreuer\/?locale=de_DE\" \/>\n<meta property=\"article:modified_time\" content=\"2024-01-18T10:09:52+00:00\" \/>\n<meta property=\"og:image\" content=\"https:\/\/www.kostuemebreuer.de\/english\/wp-content\/uploads\/sites\/6\/Darth-Vader.jpg\" \/>\n\t<meta property=\"og:image:width\" content=\"520\" \/>\n\t<meta property=\"og:image:height\" content=\"800\" \/>\n\t<meta property=\"og:image:type\" content=\"image\/jpeg\" \/>\n<meta name=\"twitter:card\" content=\"summary_large_image\" \/>\n<script type=\"application\/ld+json\" class=\"yoast-schema-graph\">{\"@context\":\"https:\/\/schema.org\",\"@graph\":[{\"@type\":\"WebPage\",\"@id\":\"https:\/\/www.kostuemebreuer.de\/english\/produkt\/darth-vader\/\",\"url\":\"https:\/\/www.kostuemebreuer.de\/english\/produkt\/darth-vader\/\",\"name\":\"Star Wars - Darth Vader Outfit (Brust\u00fcberwurf und Helm) - Costumes Breuer\",\"isPartOf\":{\"@id\":\"https:\/\/www.kostuemebreuer.de\/english\/#website\"},\"primaryImageOfPage\":{\"@id\":\"https:\/\/www.kostuemebreuer.de\/english\/produkt\/darth-vader\/#primaryimage\"},\"image\":{\"@id\":\"https:\/\/www.kostuemebreuer.de\/english\/produkt\/darth-vader\/#primaryimage\"},\"thumbnailUrl\":\"https:\/\/www.kostuemebreuer.de\/english\/wp-content\/uploads\/sites\/6\/Darth-Vader.jpg\",\"datePublished\":\"2016-04-01T14:06:31+00:00\",\"dateModified\":\"2024-01-18T10:09:52+00:00\",\"description\":\"Star Wars - Darth Vader Outfit (hochwertig) bestehend aus Brust\u00fcberwurf und Helm, wahlweise erweiterbar mit einem Overall und G\u00fcrtel (Paket 2), sowie einem schweren Mantel\/Cape und Handschuhen. (Paket 3) &nbsp;\",\"breadcrumb\":{\"@id\":\"https:\/\/www.kostuemebreuer.de\/english\/produkt\/darth-vader\/#breadcrumb\"},\"inLanguage\":\"en-GB\",\"potentialAction\":[{\"@type\":\"ReadAction\",\"target\":[\"https:\/\/www.kostuemebreuer.de\/english\/produkt\/darth-vader\/\"]}]},{\"@type\":\"ImageObject\",\"inLanguage\":\"en-GB\",\"@id\":\"https:\/\/www.kostuemebreuer.de\/english\/produkt\/darth-vader\/#primaryimage\",\"url\":\"https:\/\/www.kostuemebreuer.de\/english\/wp-content\/uploads\/sites\/6\/Darth-Vader.jpg\",\"contentUrl\":\"https:\/\/www.kostuemebreuer.de\/english\/wp-content\/uploads\/sites\/6\/Darth-Vader.jpg\",\"width\":520,\"height\":800},{\"@type\":\"BreadcrumbList\",\"@id\":\"https:\/\/www.kostuemebreuer.de\/english\/produkt\/darth-vader\/#breadcrumb\",\"itemListElement\":[{\"@type\":\"ListItem\",\"position\":1,\"name\":\"Startseite\",\"item\":\"https:\/\/www.kostuemebreuer.de\/english\/\"},{\"@type\":\"ListItem\",\"position\":2,\"name\":\"Kost\u00fcme\",\"item\":\"https:\/\/www.kostuemebreuer.de\/english\/kostueme\/\"},{\"@type\":\"ListItem\",\"position\":3,\"name\":\"Star Wars &#8211; Darth Vader Outfit (Brust\u00fcberwurf und Helm)\"}]},{\"@type\":\"WebSite\",\"@id\":\"https:\/\/www.kostuemebreuer.de\/english\/#website\",\"url\":\"https:\/\/www.kostuemebreuer.de\/english\/\",\"name\":\"Kost\u00fcme Breuer in M\u00fcnchen\",\"description\":\"Kost\u00fcmverleih\",\"publisher\":{\"@id\":\"https:\/\/www.kostuemebreuer.de\/english\/#organization\"},\"alternateName\":\"Kost\u00fcmverleih Breuer\",\"potentialAction\":[{\"@type\":\"SearchAction\",\"target\":{\"@type\":\"EntryPoint\",\"urlTemplate\":\"https:\/\/www.kostuemebreuer.de\/english\/?s={search_term_string}\"},\"query-input\":{\"@type\":\"PropertyValueSpecification\",\"valueRequired\":true,\"valueName\":\"search_term_string\"}}],\"inLanguage\":\"en-GB\"},{\"@type\":\"Organization\",\"@id\":\"https:\/\/www.kostuemebreuer.de\/english\/#organization\",\"name\":\"Kost\u00fcme Breuer in M\u00fcnchen\",\"url\":\"https:\/\/www.kostuemebreuer.de\/english\/\",\"logo\":{\"@type\":\"ImageObject\",\"inLanguage\":\"en-GB\",\"@id\":\"https:\/\/www.kostuemebreuer.de\/english\/#\/schema\/logo\/image\/\",\"url\":\"https:\/\/www.kostuemebreuer.de\/english\/wp-content\/uploads\/sites\/6\/logo.svg\",\"contentUrl\":\"https:\/\/www.kostuemebreuer.de\/english\/wp-content\/uploads\/sites\/6\/logo.svg\",\"caption\":\"Kost\u00fcme Breuer in M\u00fcnchen\"},\"image\":{\"@id\":\"https:\/\/www.kostuemebreuer.de\/english\/#\/schema\/logo\/image\/\"},\"sameAs\":[\"https:\/\/www.facebook.com\/Kostuemebreuer\/?locale=de_DE\",\"https:\/\/www.instagram.com\/kostuemebreuer\/\"]}]}<\/script>\n<!-- \/ Yoast SEO plugin. -->","yoast_head_json":{"title":"Star Wars - Darth Vader Outfit (Brust\u00fcberwurf und Helm) - Costumes Breuer","description":"Star Wars - Darth Vader Outfit (hochwertig) bestehend aus Brust\u00fcberwurf und Helm, wahlweise erweiterbar mit einem Overall und G\u00fcrtel (Paket 2), sowie einem schweren Mantel\/Cape und Handschuhen. (Paket 3) &nbsp;","robots":{"index":"index","follow":"follow","max-snippet":"max-snippet:-1","max-image-preview":"max-image-preview:large","max-video-preview":"max-video-preview:-1"},"canonical":"https:\/\/www.kostuemebreuer.de\/english\/produkt\/darth-vader\/","og_locale":"en_GB","og_type":"article","og_title":"Star Wars - Darth Vader Outfit (Brust\u00fcberwurf und Helm) - Costumes Breuer","og_description":"Star Wars - Darth Vader Outfit (hochwertig) bestehend aus Brust\u00fcberwurf und Helm, wahlweise erweiterbar mit einem Overall und G\u00fcrtel (Paket 2), sowie einem schweren Mantel\/Cape und Handschuhen. (Paket 3) &nbsp;","og_url":"https:\/\/www.kostuemebreuer.de\/english\/produkt\/darth-vader\/","og_site_name":"Costumes Breuer","article_publisher":"https:\/\/www.facebook.com\/Kostuemebreuer\/?locale=de_DE","article_modified_time":"2024-01-18T10:09:52+00:00","og_image":[{"width":520,"height":800,"url":"https:\/\/www.kostuemebreuer.de\/english\/wp-content\/uploads\/sites\/6\/Darth-Vader.jpg","type":"image\/jpeg"}],"twitter_card":"summary_large_image","schema":{"@context":"https:\/\/schema.org","@graph":[{"@type":"WebPage","@id":"https:\/\/www.kostuemebreuer.de\/english\/produkt\/darth-vader\/","url":"https:\/\/www.kostuemebreuer.de\/english\/produkt\/darth-vader\/","name":"Star Wars - Darth Vader Outfit (Brust\u00fcberwurf und Helm) - Costumes Breuer","isPartOf":{"@id":"https:\/\/www.kostuemebreuer.de\/english\/#website"},"primaryImageOfPage":{"@id":"https:\/\/www.kostuemebreuer.de\/english\/produkt\/darth-vader\/#primaryimage"},"image":{"@id":"https:\/\/www.kostuemebreuer.de\/english\/produkt\/darth-vader\/#primaryimage"},"thumbnailUrl":"https:\/\/www.kostuemebreuer.de\/english\/wp-content\/uploads\/sites\/6\/Darth-Vader.jpg","datePublished":"2016-04-01T14:06:31+00:00","dateModified":"2024-01-18T10:09:52+00:00","description":"Star Wars - Darth Vader Outfit (hochwertig) bestehend aus Brust\u00fcberwurf und Helm, wahlweise erweiterbar mit einem Overall und G\u00fcrtel (Paket 2), sowie einem schweren Mantel\/Cape und Handschuhen. (Paket 3) &nbsp;","breadcrumb":{"@id":"https:\/\/www.kostuemebreuer.de\/english\/produkt\/darth-vader\/#breadcrumb"},"inLanguage":"en-GB","potentialAction":[{"@type":"ReadAction","target":["https:\/\/www.kostuemebreuer.de\/english\/produkt\/darth-vader\/"]}]},{"@type":"ImageObject","inLanguage":"en-GB","@id":"https:\/\/www.kostuemebreuer.de\/english\/produkt\/darth-vader\/#primaryimage","url":"https:\/\/www.kostuemebreuer.de\/english\/wp-content\/uploads\/sites\/6\/Darth-Vader.jpg","contentUrl":"https:\/\/www.kostuemebreuer.de\/english\/wp-content\/uploads\/sites\/6\/Darth-Vader.jpg","width":520,"height":800},{"@type":"BreadcrumbList","@id":"https:\/\/www.kostuemebreuer.de\/english\/produkt\/darth-vader\/#breadcrumb","itemListElement":[{"@type":"ListItem","position":1,"name":"Startseite","item":"https:\/\/www.kostuemebreuer.de\/english\/"},{"@type":"ListItem","position":2,"name":"Kost\u00fcme","item":"https:\/\/www.kostuemebreuer.de\/english\/kostueme\/"},{"@type":"ListItem","position":3,"name":"Star Wars &#8211; Darth Vader Outfit (Brust\u00fcberwurf und Helm)"}]},{"@type":"WebSite","@id":"https:\/\/www.kostuemebreuer.de\/english\/#website","url":"https:\/\/www.kostuemebreuer.de\/english\/","name":"Kost\u00fcme Breuer in M\u00fcnchen","description":"Kost\u00fcmverleih","publisher":{"@id":"https:\/\/www.kostuemebreuer.de\/english\/#organization"},"alternateName":"Kost\u00fcmverleih Breuer","potentialAction":[{"@type":"SearchAction","target":{"@type":"EntryPoint","urlTemplate":"https:\/\/www.kostuemebreuer.de\/english\/?s={search_term_string}"},"query-input":{"@type":"PropertyValueSpecification","valueRequired":true,"valueName":"search_term_string"}}],"inLanguage":"en-GB"},{"@type":"Organization","@id":"https:\/\/www.kostuemebreuer.de\/english\/#organization","name":"Kost\u00fcme Breuer in M\u00fcnchen","url":"https:\/\/www.kostuemebreuer.de\/english\/","logo":{"@type":"ImageObject","inLanguage":"en-GB","@id":"https:\/\/www.kostuemebreuer.de\/english\/#\/schema\/logo\/image\/","url":"https:\/\/www.kostuemebreuer.de\/english\/wp-content\/uploads\/sites\/6\/logo.svg","contentUrl":"https:\/\/www.kostuemebreuer.de\/english\/wp-content\/uploads\/sites\/6\/logo.svg","caption":"Kost\u00fcme Breuer in M\u00fcnchen"},"image":{"@id":"https:\/\/www.kostuemebreuer.de\/english\/#\/schema\/logo\/image\/"},"sameAs":["https:\/\/www.facebook.com\/Kostuemebreuer\/?locale=de_DE","https:\/\/www.instagram.com\/kostuemebreuer\/"]}]}},"acf":[],"_links":{"self":[{"href":"https:\/\/www.kostuemebreuer.de\/english\/wp-json\/wp\/v2\/product\/7219","targetHints":{"allow":["GET"]}}],"collection":[{"href":"https:\/\/www.kostuemebreuer.de\/english\/wp-json\/wp\/v2\/product"}],"about":[{"href":"https:\/\/www.kostuemebreuer.de\/english\/wp-json\/wp\/v2\/types\/product"}],"wp:featuredmedia":[{"embeddable":true,"href":"https:\/\/www.kostuemebreuer.de\/english\/wp-json\/wp\/v2\/media\/7220"}],"wp:attachment":[{"href":"https:\/\/www.kostuemebreuer.de\/english\/wp-json\/wp\/v2\/media?parent=7219"}],"wp:term":[{"taxonomy":"product_brand","embeddable":true,"href":"https:\/\/www.kostuemebreuer.de\/english\/wp-json\/wp\/v2\/product_brand?post=7219"},{"taxonomy":"product_cat","embeddable":true,"href":"https:\/\/www.kostuemebreuer.de\/english\/wp-json\/wp\/v2\/product_cat?post=7219"},{"taxonomy":"product_tag","embeddable":true,"href":"https:\/\/www.kostuemebreuer.de\/english\/wp-json\/wp\/v2\/product_tag?post=7219"}],"curies":[{"name":"wp","href":"https:\/\/api.w.org\/{rel}","templated":true}]}}