{"id":7192,"date":"2016-04-01T13:46:55","date_gmt":"2016-04-01T11:46:55","guid":{"rendered":"https:\/\/www.kostuemverleih.com\/?post_type=product&#038;p=7192"},"modified":"2023-12-02T06:01:48","modified_gmt":"2023-12-02T04:01:48","slug":"rokokofrack-gruen","status":"publish","type":"product","link":"https:\/\/www.kostuemebreuer.de\/english\/produkt\/rokokofrack-gruen\/","title":{"rendered":"Rokoko Outfit Gr\u00fcn (hellgr\u00fcne Weste und Jabot)"},"content":{"rendered":"<p>Rokoko &#8211; Karneval in Venedig Outfit bestehend aus hellgr\u00fcner Weste und Jabot, wahlweise erweiterbar mit Kniebundhose und Dreispitz (Paket 2), sowie R\u00fcschenhemd, Kniestr\u00fcmpfe und Schuhschleifen (Paket 3), als auch einem gr\u00fcnen Rokokofrack. (Paket 4)<\/p>\n","protected":false},"excerpt":{"rendered":"<p>Rokoko &#8211; Karneval in Venedig Outfit bestehend aus hellgr\u00fcner Weste und Jabot, wahlweise erweiterbar mit <strong>Kniebundhose und Dreispitz<\/strong> (Paket 2), sowie<strong> R\u00fcschenhemd, Kniestr\u00fcmpfe und Schuhschleifen<\/strong> (Paket 3), als auch einem <strong>gr\u00fcnen Rokokofrack<\/strong>. (Paket 4)<\/p>\n","protected":false},"featured_media":7193,"template":"","meta":{"_acf_changed":false},"product_brand":[],"product_cat":[29],"product_tag":[76,75,236,123],"class_list":{"0":"post-7192","1":"product","2":"type-product","3":"status-publish","4":"has-post-thumbnail","6":"product_cat-kostueme","7":"product_tag-gruen","8":"product_tag-karneval-in-venedig","9":"product_tag-piraten","10":"product_tag-rokoko","11":"product_shipping_class-versandklasse-2","12":"infinite-scroll-item","14":"first","15":"instock","16":"taxable","17":"shipping-taxable","18":"purchasable","19":"product-type-simple"},"yoast_head":"<!-- This site is optimized with the Yoast SEO plugin v27.2 - https:\/\/yoast.com\/product\/yoast-seo-wordpress\/ -->\n<title>Rokoko Outfit Gr\u00fcn (hellgr\u00fcne Weste und Jabot) - Costumes Breuer<\/title>\n<meta name=\"description\" content=\"Rokoko - Karneval in Venedig Outfit bestehend aus hellgr\u00fcner Weste und Jabot, wahlweise erweiterbar mit Kniebundhose und Dreispitz (Paket 2), sowie R\u00fcschenhemd, Kniestr\u00fcmpfe und Schuhschleifen (Paket 3), als auch einem gr\u00fcnen Rokokofrack. (Paket 4)\" \/>\n<meta name=\"robots\" content=\"index, follow, max-snippet:-1, max-image-preview:large, max-video-preview:-1\" \/>\n<link rel=\"canonical\" href=\"https:\/\/www.kostuemebreuer.de\/english\/produkt\/rokokofrack-gruen\/\" \/>\n<meta property=\"og:locale\" content=\"en_GB\" \/>\n<meta property=\"og:type\" content=\"article\" \/>\n<meta property=\"og:title\" content=\"Rokoko Outfit Gr\u00fcn (hellgr\u00fcne Weste und Jabot) - Costumes Breuer\" \/>\n<meta property=\"og:description\" content=\"Rokoko - Karneval in Venedig Outfit bestehend aus hellgr\u00fcner Weste und Jabot, wahlweise erweiterbar mit Kniebundhose und Dreispitz (Paket 2), sowie R\u00fcschenhemd, Kniestr\u00fcmpfe und Schuhschleifen (Paket 3), als auch einem gr\u00fcnen Rokokofrack. (Paket 4)\" \/>\n<meta property=\"og:url\" content=\"https:\/\/www.kostuemebreuer.de\/english\/produkt\/rokokofrack-gruen\/\" \/>\n<meta property=\"og:site_name\" content=\"Costumes Breuer\" \/>\n<meta property=\"article:publisher\" content=\"https:\/\/www.facebook.com\/Kostuemebreuer\/?locale=de_DE\" \/>\n<meta property=\"article:modified_time\" content=\"2023-12-02T04:01:48+00:00\" \/>\n<meta property=\"og:image\" content=\"https:\/\/www.kostuemebreuer.de\/english\/wp-content\/uploads\/sites\/6\/Rokoko3.jpg\" \/>\n\t<meta property=\"og:image:width\" content=\"415\" \/>\n\t<meta property=\"og:image:height\" content=\"800\" \/>\n\t<meta property=\"og:image:type\" content=\"image\/jpeg\" \/>\n<meta name=\"twitter:card\" content=\"summary_large_image\" \/>\n<script type=\"application\/ld+json\" class=\"yoast-schema-graph\">{\"@context\":\"https:\/\/schema.org\",\"@graph\":[{\"@type\":\"WebPage\",\"@id\":\"https:\/\/www.kostuemebreuer.de\/english\/produkt\/rokokofrack-gruen\/\",\"url\":\"https:\/\/www.kostuemebreuer.de\/english\/produkt\/rokokofrack-gruen\/\",\"name\":\"Rokoko Outfit Gr\u00fcn (hellgr\u00fcne Weste und Jabot) - Costumes Breuer\",\"isPartOf\":{\"@id\":\"https:\/\/www.kostuemebreuer.de\/english\/#website\"},\"primaryImageOfPage\":{\"@id\":\"https:\/\/www.kostuemebreuer.de\/english\/produkt\/rokokofrack-gruen\/#primaryimage\"},\"image\":{\"@id\":\"https:\/\/www.kostuemebreuer.de\/english\/produkt\/rokokofrack-gruen\/#primaryimage\"},\"thumbnailUrl\":\"https:\/\/www.kostuemebreuer.de\/english\/wp-content\/uploads\/sites\/6\/Rokoko3.jpg\",\"datePublished\":\"2016-04-01T11:46:55+00:00\",\"dateModified\":\"2023-12-02T04:01:48+00:00\",\"description\":\"Rokoko - Karneval in Venedig Outfit bestehend aus hellgr\u00fcner Weste und Jabot, wahlweise erweiterbar mit Kniebundhose und Dreispitz (Paket 2), sowie R\u00fcschenhemd, Kniestr\u00fcmpfe und Schuhschleifen (Paket 3), als auch einem gr\u00fcnen Rokokofrack. (Paket 4)\",\"breadcrumb\":{\"@id\":\"https:\/\/www.kostuemebreuer.de\/english\/produkt\/rokokofrack-gruen\/#breadcrumb\"},\"inLanguage\":\"en-GB\",\"potentialAction\":[{\"@type\":\"ReadAction\",\"target\":[\"https:\/\/www.kostuemebreuer.de\/english\/produkt\/rokokofrack-gruen\/\"]}]},{\"@type\":\"ImageObject\",\"inLanguage\":\"en-GB\",\"@id\":\"https:\/\/www.kostuemebreuer.de\/english\/produkt\/rokokofrack-gruen\/#primaryimage\",\"url\":\"https:\/\/www.kostuemebreuer.de\/english\/wp-content\/uploads\/sites\/6\/Rokoko3.jpg\",\"contentUrl\":\"https:\/\/www.kostuemebreuer.de\/english\/wp-content\/uploads\/sites\/6\/Rokoko3.jpg\",\"width\":415,\"height\":800},{\"@type\":\"BreadcrumbList\",\"@id\":\"https:\/\/www.kostuemebreuer.de\/english\/produkt\/rokokofrack-gruen\/#breadcrumb\",\"itemListElement\":[{\"@type\":\"ListItem\",\"position\":1,\"name\":\"Startseite\",\"item\":\"https:\/\/www.kostuemebreuer.de\/english\/\"},{\"@type\":\"ListItem\",\"position\":2,\"name\":\"Kost\u00fcme\",\"item\":\"https:\/\/www.kostuemebreuer.de\/english\/kostueme\/\"},{\"@type\":\"ListItem\",\"position\":3,\"name\":\"Rokoko Outfit Gr\u00fcn (hellgr\u00fcne Weste und Jabot)\"}]},{\"@type\":\"WebSite\",\"@id\":\"https:\/\/www.kostuemebreuer.de\/english\/#website\",\"url\":\"https:\/\/www.kostuemebreuer.de\/english\/\",\"name\":\"Kost\u00fcme Breuer in M\u00fcnchen\",\"description\":\"Kost\u00fcmverleih\",\"publisher\":{\"@id\":\"https:\/\/www.kostuemebreuer.de\/english\/#organization\"},\"alternateName\":\"Kost\u00fcmverleih Breuer\",\"potentialAction\":[{\"@type\":\"SearchAction\",\"target\":{\"@type\":\"EntryPoint\",\"urlTemplate\":\"https:\/\/www.kostuemebreuer.de\/english\/?s={search_term_string}\"},\"query-input\":{\"@type\":\"PropertyValueSpecification\",\"valueRequired\":true,\"valueName\":\"search_term_string\"}}],\"inLanguage\":\"en-GB\"},{\"@type\":\"Organization\",\"@id\":\"https:\/\/www.kostuemebreuer.de\/english\/#organization\",\"name\":\"Kost\u00fcme Breuer in M\u00fcnchen\",\"url\":\"https:\/\/www.kostuemebreuer.de\/english\/\",\"logo\":{\"@type\":\"ImageObject\",\"inLanguage\":\"en-GB\",\"@id\":\"https:\/\/www.kostuemebreuer.de\/english\/#\/schema\/logo\/image\/\",\"url\":\"https:\/\/www.kostuemebreuer.de\/english\/wp-content\/uploads\/sites\/6\/logo.svg\",\"contentUrl\":\"https:\/\/www.kostuemebreuer.de\/english\/wp-content\/uploads\/sites\/6\/logo.svg\",\"caption\":\"Kost\u00fcme Breuer in M\u00fcnchen\"},\"image\":{\"@id\":\"https:\/\/www.kostuemebreuer.de\/english\/#\/schema\/logo\/image\/\"},\"sameAs\":[\"https:\/\/www.facebook.com\/Kostuemebreuer\/?locale=de_DE\",\"https:\/\/www.instagram.com\/kostuemebreuer\/\"]}]}<\/script>\n<!-- \/ Yoast SEO plugin. -->","yoast_head_json":{"title":"Rokoko Outfit Gr\u00fcn (hellgr\u00fcne Weste und Jabot) - Costumes Breuer","description":"Rokoko - Karneval in Venedig Outfit bestehend aus hellgr\u00fcner Weste und Jabot, wahlweise erweiterbar mit Kniebundhose und Dreispitz (Paket 2), sowie R\u00fcschenhemd, Kniestr\u00fcmpfe und Schuhschleifen (Paket 3), als auch einem gr\u00fcnen Rokokofrack. (Paket 4)","robots":{"index":"index","follow":"follow","max-snippet":"max-snippet:-1","max-image-preview":"max-image-preview:large","max-video-preview":"max-video-preview:-1"},"canonical":"https:\/\/www.kostuemebreuer.de\/english\/produkt\/rokokofrack-gruen\/","og_locale":"en_GB","og_type":"article","og_title":"Rokoko Outfit Gr\u00fcn (hellgr\u00fcne Weste und Jabot) - Costumes Breuer","og_description":"Rokoko - Karneval in Venedig Outfit bestehend aus hellgr\u00fcner Weste und Jabot, wahlweise erweiterbar mit Kniebundhose und Dreispitz (Paket 2), sowie R\u00fcschenhemd, Kniestr\u00fcmpfe und Schuhschleifen (Paket 3), als auch einem gr\u00fcnen Rokokofrack. (Paket 4)","og_url":"https:\/\/www.kostuemebreuer.de\/english\/produkt\/rokokofrack-gruen\/","og_site_name":"Costumes Breuer","article_publisher":"https:\/\/www.facebook.com\/Kostuemebreuer\/?locale=de_DE","article_modified_time":"2023-12-02T04:01:48+00:00","og_image":[{"width":415,"height":800,"url":"https:\/\/www.kostuemebreuer.de\/english\/wp-content\/uploads\/sites\/6\/Rokoko3.jpg","type":"image\/jpeg"}],"twitter_card":"summary_large_image","schema":{"@context":"https:\/\/schema.org","@graph":[{"@type":"WebPage","@id":"https:\/\/www.kostuemebreuer.de\/english\/produkt\/rokokofrack-gruen\/","url":"https:\/\/www.kostuemebreuer.de\/english\/produkt\/rokokofrack-gruen\/","name":"Rokoko Outfit Gr\u00fcn (hellgr\u00fcne Weste und Jabot) - Costumes Breuer","isPartOf":{"@id":"https:\/\/www.kostuemebreuer.de\/english\/#website"},"primaryImageOfPage":{"@id":"https:\/\/www.kostuemebreuer.de\/english\/produkt\/rokokofrack-gruen\/#primaryimage"},"image":{"@id":"https:\/\/www.kostuemebreuer.de\/english\/produkt\/rokokofrack-gruen\/#primaryimage"},"thumbnailUrl":"https:\/\/www.kostuemebreuer.de\/english\/wp-content\/uploads\/sites\/6\/Rokoko3.jpg","datePublished":"2016-04-01T11:46:55+00:00","dateModified":"2023-12-02T04:01:48+00:00","description":"Rokoko - Karneval in Venedig Outfit bestehend aus hellgr\u00fcner Weste und Jabot, wahlweise erweiterbar mit Kniebundhose und Dreispitz (Paket 2), sowie R\u00fcschenhemd, Kniestr\u00fcmpfe und Schuhschleifen (Paket 3), als auch einem gr\u00fcnen Rokokofrack. (Paket 4)","breadcrumb":{"@id":"https:\/\/www.kostuemebreuer.de\/english\/produkt\/rokokofrack-gruen\/#breadcrumb"},"inLanguage":"en-GB","potentialAction":[{"@type":"ReadAction","target":["https:\/\/www.kostuemebreuer.de\/english\/produkt\/rokokofrack-gruen\/"]}]},{"@type":"ImageObject","inLanguage":"en-GB","@id":"https:\/\/www.kostuemebreuer.de\/english\/produkt\/rokokofrack-gruen\/#primaryimage","url":"https:\/\/www.kostuemebreuer.de\/english\/wp-content\/uploads\/sites\/6\/Rokoko3.jpg","contentUrl":"https:\/\/www.kostuemebreuer.de\/english\/wp-content\/uploads\/sites\/6\/Rokoko3.jpg","width":415,"height":800},{"@type":"BreadcrumbList","@id":"https:\/\/www.kostuemebreuer.de\/english\/produkt\/rokokofrack-gruen\/#breadcrumb","itemListElement":[{"@type":"ListItem","position":1,"name":"Startseite","item":"https:\/\/www.kostuemebreuer.de\/english\/"},{"@type":"ListItem","position":2,"name":"Kost\u00fcme","item":"https:\/\/www.kostuemebreuer.de\/english\/kostueme\/"},{"@type":"ListItem","position":3,"name":"Rokoko Outfit Gr\u00fcn (hellgr\u00fcne Weste und Jabot)"}]},{"@type":"WebSite","@id":"https:\/\/www.kostuemebreuer.de\/english\/#website","url":"https:\/\/www.kostuemebreuer.de\/english\/","name":"Kost\u00fcme Breuer in M\u00fcnchen","description":"Kost\u00fcmverleih","publisher":{"@id":"https:\/\/www.kostuemebreuer.de\/english\/#organization"},"alternateName":"Kost\u00fcmverleih Breuer","potentialAction":[{"@type":"SearchAction","target":{"@type":"EntryPoint","urlTemplate":"https:\/\/www.kostuemebreuer.de\/english\/?s={search_term_string}"},"query-input":{"@type":"PropertyValueSpecification","valueRequired":true,"valueName":"search_term_string"}}],"inLanguage":"en-GB"},{"@type":"Organization","@id":"https:\/\/www.kostuemebreuer.de\/english\/#organization","name":"Kost\u00fcme Breuer in M\u00fcnchen","url":"https:\/\/www.kostuemebreuer.de\/english\/","logo":{"@type":"ImageObject","inLanguage":"en-GB","@id":"https:\/\/www.kostuemebreuer.de\/english\/#\/schema\/logo\/image\/","url":"https:\/\/www.kostuemebreuer.de\/english\/wp-content\/uploads\/sites\/6\/logo.svg","contentUrl":"https:\/\/www.kostuemebreuer.de\/english\/wp-content\/uploads\/sites\/6\/logo.svg","caption":"Kost\u00fcme Breuer in M\u00fcnchen"},"image":{"@id":"https:\/\/www.kostuemebreuer.de\/english\/#\/schema\/logo\/image\/"},"sameAs":["https:\/\/www.facebook.com\/Kostuemebreuer\/?locale=de_DE","https:\/\/www.instagram.com\/kostuemebreuer\/"]}]}},"acf":[],"_links":{"self":[{"href":"https:\/\/www.kostuemebreuer.de\/english\/wp-json\/wp\/v2\/product\/7192","targetHints":{"allow":["GET"]}}],"collection":[{"href":"https:\/\/www.kostuemebreuer.de\/english\/wp-json\/wp\/v2\/product"}],"about":[{"href":"https:\/\/www.kostuemebreuer.de\/english\/wp-json\/wp\/v2\/types\/product"}],"wp:featuredmedia":[{"embeddable":true,"href":"https:\/\/www.kostuemebreuer.de\/english\/wp-json\/wp\/v2\/media\/7193"}],"wp:attachment":[{"href":"https:\/\/www.kostuemebreuer.de\/english\/wp-json\/wp\/v2\/media?parent=7192"}],"wp:term":[{"taxonomy":"product_brand","embeddable":true,"href":"https:\/\/www.kostuemebreuer.de\/english\/wp-json\/wp\/v2\/product_brand?post=7192"},{"taxonomy":"product_cat","embeddable":true,"href":"https:\/\/www.kostuemebreuer.de\/english\/wp-json\/wp\/v2\/product_cat?post=7192"},{"taxonomy":"product_tag","embeddable":true,"href":"https:\/\/www.kostuemebreuer.de\/english\/wp-json\/wp\/v2\/product_tag?post=7192"}],"curies":[{"name":"wp","href":"https:\/\/api.w.org\/{rel}","templated":true}]}}