{"id":7148,"date":"2016-03-11T18:47:57","date_gmt":"2016-03-11T16:47:57","guid":{"rendered":"https:\/\/www.kostuemverleih.com\/?post_type=product&#038;p=7148"},"modified":"2023-12-02T06:01:48","modified_gmt":"2023-12-02T04:01:48","slug":"tracht-basel-land","status":"publish","type":"product","link":"https:\/\/www.kostuemebreuer.de\/english\/produkt\/tracht-basel-land\/","title":{"rendered":"Basel-Land Tracht (Hemd, \u00dcberhemd, Hose, Halsschleife, Hut und Haferlschuhe)"},"content":{"rendered":"<p>Basel-Land Tracht\u00a0 &#8211; Schweizer Tracht, bestehend aus einem Hemd, \u00dcberhemd, Hose, Halsschleife, Hut und Haferlschuhe.<\/p>\n","protected":false},"excerpt":{"rendered":"<p>Base-Land Tracht\u00a0 &#8211; Schweizer Tracht, bestehend aus einem Hemd, \u00dcberhemd, Hose, Halsschleife, Hut und Haferlschuhe.<\/p>\n","protected":false},"featured_media":7149,"template":"","meta":{"_acf_changed":false},"product_brand":[],"product_cat":[29],"product_tag":[43],"class_list":{"0":"post-7148","1":"product","2":"type-product","3":"status-publish","4":"has-post-thumbnail","6":"product_cat-kostueme","7":"product_tag-europaeische-trachten","8":"product_shipping_class-versandklasse-2","9":"infinite-scroll-item","11":"first","12":"instock","13":"taxable","14":"shipping-taxable","15":"purchasable","16":"product-type-simple"},"yoast_head":"<!-- This site is optimized with the Yoast SEO plugin v27.2 - https:\/\/yoast.com\/product\/yoast-seo-wordpress\/ -->\n<title>Basel-Land Tracht (Hemd, \u00dcberhemd, Hose, Halsschleife, Hut und Haferlschuhe) - Costumes Breuer<\/title>\n<meta name=\"description\" content=\"Base-Land Tracht\u00a0 - Schweizer Tracht, bestehend aus einem Hemd, \u00dcberhemd, Hose, Halsschleife, Hut und Haferlschuhe.\" \/>\n<meta name=\"robots\" content=\"index, follow, max-snippet:-1, max-image-preview:large, max-video-preview:-1\" \/>\n<link rel=\"canonical\" href=\"https:\/\/www.kostuemebreuer.de\/english\/produkt\/tracht-basel-land\/\" \/>\n<meta property=\"og:locale\" content=\"en_GB\" \/>\n<meta property=\"og:type\" content=\"article\" \/>\n<meta property=\"og:title\" content=\"Basel-Land Tracht (Hemd, \u00dcberhemd, Hose, Halsschleife, Hut und Haferlschuhe) - Costumes Breuer\" \/>\n<meta property=\"og:description\" content=\"Base-Land Tracht\u00a0 - Schweizer Tracht, bestehend aus einem Hemd, \u00dcberhemd, Hose, Halsschleife, Hut und Haferlschuhe.\" \/>\n<meta property=\"og:url\" content=\"https:\/\/www.kostuemebreuer.de\/english\/produkt\/tracht-basel-land\/\" \/>\n<meta property=\"og:site_name\" content=\"Costumes Breuer\" \/>\n<meta property=\"article:publisher\" content=\"https:\/\/www.facebook.com\/Kostuemebreuer\/?locale=de_DE\" \/>\n<meta property=\"article:modified_time\" content=\"2023-12-02T04:01:48+00:00\" \/>\n<meta property=\"og:image\" content=\"https:\/\/www.kostuemebreuer.de\/english\/wp-content\/uploads\/sites\/6\/schweizer-Trachten-Basel-Land-M.jpg\" \/>\n\t<meta property=\"og:image:width\" content=\"380\" \/>\n\t<meta property=\"og:image:height\" content=\"800\" \/>\n\t<meta property=\"og:image:type\" content=\"image\/jpeg\" \/>\n<meta name=\"twitter:card\" content=\"summary_large_image\" \/>\n<meta name=\"twitter:label1\" content=\"Estimated reading time\" \/>\n\t<meta name=\"twitter:data1\" content=\"1 minute\" \/>\n<script type=\"application\/ld+json\" class=\"yoast-schema-graph\">{\"@context\":\"https:\/\/schema.org\",\"@graph\":[{\"@type\":\"WebPage\",\"@id\":\"https:\/\/www.kostuemebreuer.de\/english\/produkt\/tracht-basel-land\/\",\"url\":\"https:\/\/www.kostuemebreuer.de\/english\/produkt\/tracht-basel-land\/\",\"name\":\"Basel-Land Tracht (Hemd, \u00dcberhemd, Hose, Halsschleife, Hut und Haferlschuhe) - Costumes Breuer\",\"isPartOf\":{\"@id\":\"https:\/\/www.kostuemebreuer.de\/english\/#website\"},\"primaryImageOfPage\":{\"@id\":\"https:\/\/www.kostuemebreuer.de\/english\/produkt\/tracht-basel-land\/#primaryimage\"},\"image\":{\"@id\":\"https:\/\/www.kostuemebreuer.de\/english\/produkt\/tracht-basel-land\/#primaryimage\"},\"thumbnailUrl\":\"https:\/\/www.kostuemebreuer.de\/english\/wp-content\/uploads\/sites\/6\/schweizer-Trachten-Basel-Land-M.jpg\",\"datePublished\":\"2016-03-11T16:47:57+00:00\",\"dateModified\":\"2023-12-02T04:01:48+00:00\",\"description\":\"Base-Land Tracht\u00a0 - Schweizer Tracht, bestehend aus einem Hemd, \u00dcberhemd, Hose, Halsschleife, Hut und Haferlschuhe.\",\"breadcrumb\":{\"@id\":\"https:\/\/www.kostuemebreuer.de\/english\/produkt\/tracht-basel-land\/#breadcrumb\"},\"inLanguage\":\"en-GB\",\"potentialAction\":[{\"@type\":\"ReadAction\",\"target\":[\"https:\/\/www.kostuemebreuer.de\/english\/produkt\/tracht-basel-land\/\"]}]},{\"@type\":\"ImageObject\",\"inLanguage\":\"en-GB\",\"@id\":\"https:\/\/www.kostuemebreuer.de\/english\/produkt\/tracht-basel-land\/#primaryimage\",\"url\":\"https:\/\/www.kostuemebreuer.de\/english\/wp-content\/uploads\/sites\/6\/schweizer-Trachten-Basel-Land-M.jpg\",\"contentUrl\":\"https:\/\/www.kostuemebreuer.de\/english\/wp-content\/uploads\/sites\/6\/schweizer-Trachten-Basel-Land-M.jpg\",\"width\":380,\"height\":800},{\"@type\":\"BreadcrumbList\",\"@id\":\"https:\/\/www.kostuemebreuer.de\/english\/produkt\/tracht-basel-land\/#breadcrumb\",\"itemListElement\":[{\"@type\":\"ListItem\",\"position\":1,\"name\":\"Startseite\",\"item\":\"https:\/\/www.kostuemebreuer.de\/english\/\"},{\"@type\":\"ListItem\",\"position\":2,\"name\":\"Kost\u00fcme\",\"item\":\"https:\/\/www.kostuemebreuer.de\/english\/kostueme\/\"},{\"@type\":\"ListItem\",\"position\":3,\"name\":\"Basel-Land Tracht (Hemd, \u00dcberhemd, Hose, Halsschleife, Hut und Haferlschuhe)\"}]},{\"@type\":\"WebSite\",\"@id\":\"https:\/\/www.kostuemebreuer.de\/english\/#website\",\"url\":\"https:\/\/www.kostuemebreuer.de\/english\/\",\"name\":\"Kost\u00fcme Breuer in M\u00fcnchen\",\"description\":\"Kost\u00fcmverleih\",\"publisher\":{\"@id\":\"https:\/\/www.kostuemebreuer.de\/english\/#organization\"},\"alternateName\":\"Kost\u00fcmverleih Breuer\",\"potentialAction\":[{\"@type\":\"SearchAction\",\"target\":{\"@type\":\"EntryPoint\",\"urlTemplate\":\"https:\/\/www.kostuemebreuer.de\/english\/?s={search_term_string}\"},\"query-input\":{\"@type\":\"PropertyValueSpecification\",\"valueRequired\":true,\"valueName\":\"search_term_string\"}}],\"inLanguage\":\"en-GB\"},{\"@type\":\"Organization\",\"@id\":\"https:\/\/www.kostuemebreuer.de\/english\/#organization\",\"name\":\"Kost\u00fcme Breuer in M\u00fcnchen\",\"url\":\"https:\/\/www.kostuemebreuer.de\/english\/\",\"logo\":{\"@type\":\"ImageObject\",\"inLanguage\":\"en-GB\",\"@id\":\"https:\/\/www.kostuemebreuer.de\/english\/#\/schema\/logo\/image\/\",\"url\":\"https:\/\/www.kostuemebreuer.de\/english\/wp-content\/uploads\/sites\/6\/logo.svg\",\"contentUrl\":\"https:\/\/www.kostuemebreuer.de\/english\/wp-content\/uploads\/sites\/6\/logo.svg\",\"caption\":\"Kost\u00fcme Breuer in M\u00fcnchen\"},\"image\":{\"@id\":\"https:\/\/www.kostuemebreuer.de\/english\/#\/schema\/logo\/image\/\"},\"sameAs\":[\"https:\/\/www.facebook.com\/Kostuemebreuer\/?locale=de_DE\",\"https:\/\/www.instagram.com\/kostuemebreuer\/\"]}]}<\/script>\n<!-- \/ Yoast SEO plugin. -->","yoast_head_json":{"title":"Basel-Land Tracht (Hemd, \u00dcberhemd, Hose, Halsschleife, Hut und Haferlschuhe) - Costumes Breuer","description":"Base-Land Tracht\u00a0 - Schweizer Tracht, bestehend aus einem Hemd, \u00dcberhemd, Hose, Halsschleife, Hut und Haferlschuhe.","robots":{"index":"index","follow":"follow","max-snippet":"max-snippet:-1","max-image-preview":"max-image-preview:large","max-video-preview":"max-video-preview:-1"},"canonical":"https:\/\/www.kostuemebreuer.de\/english\/produkt\/tracht-basel-land\/","og_locale":"en_GB","og_type":"article","og_title":"Basel-Land Tracht (Hemd, \u00dcberhemd, Hose, Halsschleife, Hut und Haferlschuhe) - Costumes Breuer","og_description":"Base-Land Tracht\u00a0 - Schweizer Tracht, bestehend aus einem Hemd, \u00dcberhemd, Hose, Halsschleife, Hut und Haferlschuhe.","og_url":"https:\/\/www.kostuemebreuer.de\/english\/produkt\/tracht-basel-land\/","og_site_name":"Costumes Breuer","article_publisher":"https:\/\/www.facebook.com\/Kostuemebreuer\/?locale=de_DE","article_modified_time":"2023-12-02T04:01:48+00:00","og_image":[{"width":380,"height":800,"url":"https:\/\/www.kostuemebreuer.de\/english\/wp-content\/uploads\/sites\/6\/schweizer-Trachten-Basel-Land-M.jpg","type":"image\/jpeg"}],"twitter_card":"summary_large_image","twitter_misc":{"Estimated reading time":"1 minute"},"schema":{"@context":"https:\/\/schema.org","@graph":[{"@type":"WebPage","@id":"https:\/\/www.kostuemebreuer.de\/english\/produkt\/tracht-basel-land\/","url":"https:\/\/www.kostuemebreuer.de\/english\/produkt\/tracht-basel-land\/","name":"Basel-Land Tracht (Hemd, \u00dcberhemd, Hose, Halsschleife, Hut und Haferlschuhe) - Costumes Breuer","isPartOf":{"@id":"https:\/\/www.kostuemebreuer.de\/english\/#website"},"primaryImageOfPage":{"@id":"https:\/\/www.kostuemebreuer.de\/english\/produkt\/tracht-basel-land\/#primaryimage"},"image":{"@id":"https:\/\/www.kostuemebreuer.de\/english\/produkt\/tracht-basel-land\/#primaryimage"},"thumbnailUrl":"https:\/\/www.kostuemebreuer.de\/english\/wp-content\/uploads\/sites\/6\/schweizer-Trachten-Basel-Land-M.jpg","datePublished":"2016-03-11T16:47:57+00:00","dateModified":"2023-12-02T04:01:48+00:00","description":"Base-Land Tracht\u00a0 - Schweizer Tracht, bestehend aus einem Hemd, \u00dcberhemd, Hose, Halsschleife, Hut und Haferlschuhe.","breadcrumb":{"@id":"https:\/\/www.kostuemebreuer.de\/english\/produkt\/tracht-basel-land\/#breadcrumb"},"inLanguage":"en-GB","potentialAction":[{"@type":"ReadAction","target":["https:\/\/www.kostuemebreuer.de\/english\/produkt\/tracht-basel-land\/"]}]},{"@type":"ImageObject","inLanguage":"en-GB","@id":"https:\/\/www.kostuemebreuer.de\/english\/produkt\/tracht-basel-land\/#primaryimage","url":"https:\/\/www.kostuemebreuer.de\/english\/wp-content\/uploads\/sites\/6\/schweizer-Trachten-Basel-Land-M.jpg","contentUrl":"https:\/\/www.kostuemebreuer.de\/english\/wp-content\/uploads\/sites\/6\/schweizer-Trachten-Basel-Land-M.jpg","width":380,"height":800},{"@type":"BreadcrumbList","@id":"https:\/\/www.kostuemebreuer.de\/english\/produkt\/tracht-basel-land\/#breadcrumb","itemListElement":[{"@type":"ListItem","position":1,"name":"Startseite","item":"https:\/\/www.kostuemebreuer.de\/english\/"},{"@type":"ListItem","position":2,"name":"Kost\u00fcme","item":"https:\/\/www.kostuemebreuer.de\/english\/kostueme\/"},{"@type":"ListItem","position":3,"name":"Basel-Land Tracht (Hemd, \u00dcberhemd, Hose, Halsschleife, Hut und Haferlschuhe)"}]},{"@type":"WebSite","@id":"https:\/\/www.kostuemebreuer.de\/english\/#website","url":"https:\/\/www.kostuemebreuer.de\/english\/","name":"Kost\u00fcme Breuer in M\u00fcnchen","description":"Kost\u00fcmverleih","publisher":{"@id":"https:\/\/www.kostuemebreuer.de\/english\/#organization"},"alternateName":"Kost\u00fcmverleih Breuer","potentialAction":[{"@type":"SearchAction","target":{"@type":"EntryPoint","urlTemplate":"https:\/\/www.kostuemebreuer.de\/english\/?s={search_term_string}"},"query-input":{"@type":"PropertyValueSpecification","valueRequired":true,"valueName":"search_term_string"}}],"inLanguage":"en-GB"},{"@type":"Organization","@id":"https:\/\/www.kostuemebreuer.de\/english\/#organization","name":"Kost\u00fcme Breuer in M\u00fcnchen","url":"https:\/\/www.kostuemebreuer.de\/english\/","logo":{"@type":"ImageObject","inLanguage":"en-GB","@id":"https:\/\/www.kostuemebreuer.de\/english\/#\/schema\/logo\/image\/","url":"https:\/\/www.kostuemebreuer.de\/english\/wp-content\/uploads\/sites\/6\/logo.svg","contentUrl":"https:\/\/www.kostuemebreuer.de\/english\/wp-content\/uploads\/sites\/6\/logo.svg","caption":"Kost\u00fcme Breuer in M\u00fcnchen"},"image":{"@id":"https:\/\/www.kostuemebreuer.de\/english\/#\/schema\/logo\/image\/"},"sameAs":["https:\/\/www.facebook.com\/Kostuemebreuer\/?locale=de_DE","https:\/\/www.instagram.com\/kostuemebreuer\/"]}]}},"acf":[],"_links":{"self":[{"href":"https:\/\/www.kostuemebreuer.de\/english\/wp-json\/wp\/v2\/product\/7148","targetHints":{"allow":["GET"]}}],"collection":[{"href":"https:\/\/www.kostuemebreuer.de\/english\/wp-json\/wp\/v2\/product"}],"about":[{"href":"https:\/\/www.kostuemebreuer.de\/english\/wp-json\/wp\/v2\/types\/product"}],"wp:featuredmedia":[{"embeddable":true,"href":"https:\/\/www.kostuemebreuer.de\/english\/wp-json\/wp\/v2\/media\/7149"}],"wp:attachment":[{"href":"https:\/\/www.kostuemebreuer.de\/english\/wp-json\/wp\/v2\/media?parent=7148"}],"wp:term":[{"taxonomy":"product_brand","embeddable":true,"href":"https:\/\/www.kostuemebreuer.de\/english\/wp-json\/wp\/v2\/product_brand?post=7148"},{"taxonomy":"product_cat","embeddable":true,"href":"https:\/\/www.kostuemebreuer.de\/english\/wp-json\/wp\/v2\/product_cat?post=7148"},{"taxonomy":"product_tag","embeddable":true,"href":"https:\/\/www.kostuemebreuer.de\/english\/wp-json\/wp\/v2\/product_tag?post=7148"}],"curies":[{"name":"wp","href":"https:\/\/api.w.org\/{rel}","templated":true}]}}