{"id":7080,"date":"2016-03-07T16:08:54","date_gmt":"2016-03-07T14:08:54","guid":{"rendered":"https:\/\/www.kostuemverleih.com\/?post_type=product&#038;p=7080"},"modified":"2023-12-02T06:01:43","modified_gmt":"2023-12-02T04:01:43","slug":"smoking-rot","status":"publish","type":"product","link":"https:\/\/www.kostuemebreuer.de\/english\/produkt\/smoking-rot\/","title":{"rendered":"60er Jahre \u2013 Smoking Outfit \u2013 Herren \u2013 Rot (Smokingjacke, Hose und Fliege)"},"content":{"rendered":"<p>60er Jahre \u2013 Smoking Outfit \u2013 Herren \u2013 Rot, bestehend aus einer roten Smokingjacke mit schwarzen Revers und roter Hose, sowie einer roten Fliege.<\/p>\n","protected":false},"excerpt":{"rendered":"<p>60er Jahre \u2013 Smoking Outfit \u2013 Herren \u2013 Rot, bestehend aus einer roten Smokingjacke mit schwarzen Revers und roter Hose, sowie einer roten Fliege.<\/p>\n","protected":false},"featured_media":16953,"template":"","meta":{"_acf_changed":false},"product_brand":[],"product_cat":[226,33,29,196],"product_tag":[523,570,55,63],"class_list":{"0":"post-7080","1":"product","2":"type-product","3":"status-publish","4":"has-post-thumbnail","6":"product_cat-aussergewoehnlichesherren","7":"product_cat-herrenmode","8":"product_cat-kostueme","9":"product_cat-smoking","10":"product_tag-60er-jahre-hippie-beatles-elvis-twiggy","11":"product_tag-aussergewoehnliches-herren","12":"product_tag-herrenmoden","13":"product_tag-rot","14":"product_shipping_class-versandklasse-2","15":"infinite-scroll-item","17":"first","18":"instock","19":"taxable","20":"shipping-taxable","21":"purchasable","22":"product-type-simple"},"yoast_head":"<!-- This site is optimized with the Yoast SEO plugin v27.2 - https:\/\/yoast.com\/product\/yoast-seo-wordpress\/ -->\n<title>60er Jahre \u2013 Smoking Outfit \u2013 Herren \u2013 Rot (Smokingjacke, Hose und Fliege) - Costumes Breuer<\/title>\n<meta name=\"description\" content=\"60er Jahre \u2013 Smoking Outfit \u2013 Herren \u2013 Rot, bestehend aus einer roten Smokingjacke mit schwarzen Revers und roter Hose, sowie einer roten Fliege.\" \/>\n<meta name=\"robots\" content=\"index, follow, max-snippet:-1, max-image-preview:large, max-video-preview:-1\" \/>\n<link rel=\"canonical\" href=\"https:\/\/www.kostuemebreuer.de\/english\/produkt\/smoking-rot\/\" \/>\n<meta property=\"og:locale\" content=\"en_GB\" \/>\n<meta property=\"og:type\" content=\"article\" \/>\n<meta property=\"og:title\" content=\"60er Jahre \u2013 Smoking Outfit \u2013 Herren \u2013 Rot (Smokingjacke, Hose und Fliege) - Costumes Breuer\" \/>\n<meta property=\"og:description\" content=\"60er Jahre \u2013 Smoking Outfit \u2013 Herren \u2013 Rot, bestehend aus einer roten Smokingjacke mit schwarzen Revers und roter Hose, sowie einer roten Fliege.\" \/>\n<meta property=\"og:url\" content=\"https:\/\/www.kostuemebreuer.de\/english\/produkt\/smoking-rot\/\" \/>\n<meta property=\"og:site_name\" content=\"Costumes Breuer\" \/>\n<meta property=\"article:publisher\" content=\"https:\/\/www.facebook.com\/Kostuemebreuer\/?locale=de_DE\" \/>\n<meta property=\"article:modified_time\" content=\"2023-12-02T04:01:43+00:00\" \/>\n<meta property=\"og:image\" content=\"https:\/\/www.kostuemebreuer.de\/english\/wp-content\/uploads\/sites\/6\/smoking_rot_skaliert.jpg\" \/>\n\t<meta property=\"og:image:width\" content=\"540\" \/>\n\t<meta property=\"og:image:height\" content=\"960\" \/>\n\t<meta property=\"og:image:type\" content=\"image\/jpeg\" \/>\n<meta name=\"twitter:card\" content=\"summary_large_image\" \/>\n<script type=\"application\/ld+json\" class=\"yoast-schema-graph\">{\"@context\":\"https:\/\/schema.org\",\"@graph\":[{\"@type\":\"WebPage\",\"@id\":\"https:\/\/www.kostuemebreuer.de\/english\/produkt\/smoking-rot\/\",\"url\":\"https:\/\/www.kostuemebreuer.de\/english\/produkt\/smoking-rot\/\",\"name\":\"60er Jahre \u2013 Smoking Outfit \u2013 Herren \u2013 Rot (Smokingjacke, Hose und Fliege) - Costumes Breuer\",\"isPartOf\":{\"@id\":\"https:\/\/www.kostuemebreuer.de\/english\/#website\"},\"primaryImageOfPage\":{\"@id\":\"https:\/\/www.kostuemebreuer.de\/english\/produkt\/smoking-rot\/#primaryimage\"},\"image\":{\"@id\":\"https:\/\/www.kostuemebreuer.de\/english\/produkt\/smoking-rot\/#primaryimage\"},\"thumbnailUrl\":\"https:\/\/www.kostuemebreuer.de\/english\/wp-content\/uploads\/sites\/6\/smoking_rot_skaliert.jpg\",\"datePublished\":\"2016-03-07T14:08:54+00:00\",\"dateModified\":\"2023-12-02T04:01:43+00:00\",\"description\":\"60er Jahre \u2013 Smoking Outfit \u2013 Herren \u2013 Rot, bestehend aus einer roten Smokingjacke mit schwarzen Revers und roter Hose, sowie einer roten Fliege.\",\"breadcrumb\":{\"@id\":\"https:\/\/www.kostuemebreuer.de\/english\/produkt\/smoking-rot\/#breadcrumb\"},\"inLanguage\":\"en-GB\",\"potentialAction\":[{\"@type\":\"ReadAction\",\"target\":[\"https:\/\/www.kostuemebreuer.de\/english\/produkt\/smoking-rot\/\"]}]},{\"@type\":\"ImageObject\",\"inLanguage\":\"en-GB\",\"@id\":\"https:\/\/www.kostuemebreuer.de\/english\/produkt\/smoking-rot\/#primaryimage\",\"url\":\"https:\/\/www.kostuemebreuer.de\/english\/wp-content\/uploads\/sites\/6\/smoking_rot_skaliert.jpg\",\"contentUrl\":\"https:\/\/www.kostuemebreuer.de\/english\/wp-content\/uploads\/sites\/6\/smoking_rot_skaliert.jpg\",\"width\":540,\"height\":960},{\"@type\":\"BreadcrumbList\",\"@id\":\"https:\/\/www.kostuemebreuer.de\/english\/produkt\/smoking-rot\/#breadcrumb\",\"itemListElement\":[{\"@type\":\"ListItem\",\"position\":1,\"name\":\"Startseite\",\"item\":\"https:\/\/www.kostuemebreuer.de\/english\/\"},{\"@type\":\"ListItem\",\"position\":2,\"name\":\"Kost\u00fcme\",\"item\":\"https:\/\/www.kostuemebreuer.de\/english\/kostueme\/\"},{\"@type\":\"ListItem\",\"position\":3,\"name\":\"60er Jahre \u2013 Smoking Outfit \u2013 Herren \u2013 Rot (Smokingjacke, Hose und Fliege)\"}]},{\"@type\":\"WebSite\",\"@id\":\"https:\/\/www.kostuemebreuer.de\/english\/#website\",\"url\":\"https:\/\/www.kostuemebreuer.de\/english\/\",\"name\":\"Kost\u00fcme Breuer in M\u00fcnchen\",\"description\":\"Kost\u00fcmverleih\",\"publisher\":{\"@id\":\"https:\/\/www.kostuemebreuer.de\/english\/#organization\"},\"alternateName\":\"Kost\u00fcmverleih Breuer\",\"potentialAction\":[{\"@type\":\"SearchAction\",\"target\":{\"@type\":\"EntryPoint\",\"urlTemplate\":\"https:\/\/www.kostuemebreuer.de\/english\/?s={search_term_string}\"},\"query-input\":{\"@type\":\"PropertyValueSpecification\",\"valueRequired\":true,\"valueName\":\"search_term_string\"}}],\"inLanguage\":\"en-GB\"},{\"@type\":\"Organization\",\"@id\":\"https:\/\/www.kostuemebreuer.de\/english\/#organization\",\"name\":\"Kost\u00fcme Breuer in M\u00fcnchen\",\"url\":\"https:\/\/www.kostuemebreuer.de\/english\/\",\"logo\":{\"@type\":\"ImageObject\",\"inLanguage\":\"en-GB\",\"@id\":\"https:\/\/www.kostuemebreuer.de\/english\/#\/schema\/logo\/image\/\",\"url\":\"https:\/\/www.kostuemebreuer.de\/english\/wp-content\/uploads\/sites\/6\/logo.svg\",\"contentUrl\":\"https:\/\/www.kostuemebreuer.de\/english\/wp-content\/uploads\/sites\/6\/logo.svg\",\"caption\":\"Kost\u00fcme Breuer in M\u00fcnchen\"},\"image\":{\"@id\":\"https:\/\/www.kostuemebreuer.de\/english\/#\/schema\/logo\/image\/\"},\"sameAs\":[\"https:\/\/www.facebook.com\/Kostuemebreuer\/?locale=de_DE\",\"https:\/\/www.instagram.com\/kostuemebreuer\/\"]}]}<\/script>\n<!-- \/ Yoast SEO plugin. -->","yoast_head_json":{"title":"60er Jahre \u2013 Smoking Outfit \u2013 Herren \u2013 Rot (Smokingjacke, Hose und Fliege) - Costumes Breuer","description":"60er Jahre \u2013 Smoking Outfit \u2013 Herren \u2013 Rot, bestehend aus einer roten Smokingjacke mit schwarzen Revers und roter Hose, sowie einer roten Fliege.","robots":{"index":"index","follow":"follow","max-snippet":"max-snippet:-1","max-image-preview":"max-image-preview:large","max-video-preview":"max-video-preview:-1"},"canonical":"https:\/\/www.kostuemebreuer.de\/english\/produkt\/smoking-rot\/","og_locale":"en_GB","og_type":"article","og_title":"60er Jahre \u2013 Smoking Outfit \u2013 Herren \u2013 Rot (Smokingjacke, Hose und Fliege) - Costumes Breuer","og_description":"60er Jahre \u2013 Smoking Outfit \u2013 Herren \u2013 Rot, bestehend aus einer roten Smokingjacke mit schwarzen Revers und roter Hose, sowie einer roten Fliege.","og_url":"https:\/\/www.kostuemebreuer.de\/english\/produkt\/smoking-rot\/","og_site_name":"Costumes Breuer","article_publisher":"https:\/\/www.facebook.com\/Kostuemebreuer\/?locale=de_DE","article_modified_time":"2023-12-02T04:01:43+00:00","og_image":[{"width":540,"height":960,"url":"https:\/\/www.kostuemebreuer.de\/english\/wp-content\/uploads\/sites\/6\/smoking_rot_skaliert.jpg","type":"image\/jpeg"}],"twitter_card":"summary_large_image","schema":{"@context":"https:\/\/schema.org","@graph":[{"@type":"WebPage","@id":"https:\/\/www.kostuemebreuer.de\/english\/produkt\/smoking-rot\/","url":"https:\/\/www.kostuemebreuer.de\/english\/produkt\/smoking-rot\/","name":"60er Jahre \u2013 Smoking Outfit \u2013 Herren \u2013 Rot (Smokingjacke, Hose und Fliege) - Costumes Breuer","isPartOf":{"@id":"https:\/\/www.kostuemebreuer.de\/english\/#website"},"primaryImageOfPage":{"@id":"https:\/\/www.kostuemebreuer.de\/english\/produkt\/smoking-rot\/#primaryimage"},"image":{"@id":"https:\/\/www.kostuemebreuer.de\/english\/produkt\/smoking-rot\/#primaryimage"},"thumbnailUrl":"https:\/\/www.kostuemebreuer.de\/english\/wp-content\/uploads\/sites\/6\/smoking_rot_skaliert.jpg","datePublished":"2016-03-07T14:08:54+00:00","dateModified":"2023-12-02T04:01:43+00:00","description":"60er Jahre \u2013 Smoking Outfit \u2013 Herren \u2013 Rot, bestehend aus einer roten Smokingjacke mit schwarzen Revers und roter Hose, sowie einer roten Fliege.","breadcrumb":{"@id":"https:\/\/www.kostuemebreuer.de\/english\/produkt\/smoking-rot\/#breadcrumb"},"inLanguage":"en-GB","potentialAction":[{"@type":"ReadAction","target":["https:\/\/www.kostuemebreuer.de\/english\/produkt\/smoking-rot\/"]}]},{"@type":"ImageObject","inLanguage":"en-GB","@id":"https:\/\/www.kostuemebreuer.de\/english\/produkt\/smoking-rot\/#primaryimage","url":"https:\/\/www.kostuemebreuer.de\/english\/wp-content\/uploads\/sites\/6\/smoking_rot_skaliert.jpg","contentUrl":"https:\/\/www.kostuemebreuer.de\/english\/wp-content\/uploads\/sites\/6\/smoking_rot_skaliert.jpg","width":540,"height":960},{"@type":"BreadcrumbList","@id":"https:\/\/www.kostuemebreuer.de\/english\/produkt\/smoking-rot\/#breadcrumb","itemListElement":[{"@type":"ListItem","position":1,"name":"Startseite","item":"https:\/\/www.kostuemebreuer.de\/english\/"},{"@type":"ListItem","position":2,"name":"Kost\u00fcme","item":"https:\/\/www.kostuemebreuer.de\/english\/kostueme\/"},{"@type":"ListItem","position":3,"name":"60er Jahre \u2013 Smoking Outfit \u2013 Herren \u2013 Rot (Smokingjacke, Hose und Fliege)"}]},{"@type":"WebSite","@id":"https:\/\/www.kostuemebreuer.de\/english\/#website","url":"https:\/\/www.kostuemebreuer.de\/english\/","name":"Kost\u00fcme Breuer in M\u00fcnchen","description":"Kost\u00fcmverleih","publisher":{"@id":"https:\/\/www.kostuemebreuer.de\/english\/#organization"},"alternateName":"Kost\u00fcmverleih Breuer","potentialAction":[{"@type":"SearchAction","target":{"@type":"EntryPoint","urlTemplate":"https:\/\/www.kostuemebreuer.de\/english\/?s={search_term_string}"},"query-input":{"@type":"PropertyValueSpecification","valueRequired":true,"valueName":"search_term_string"}}],"inLanguage":"en-GB"},{"@type":"Organization","@id":"https:\/\/www.kostuemebreuer.de\/english\/#organization","name":"Kost\u00fcme Breuer in M\u00fcnchen","url":"https:\/\/www.kostuemebreuer.de\/english\/","logo":{"@type":"ImageObject","inLanguage":"en-GB","@id":"https:\/\/www.kostuemebreuer.de\/english\/#\/schema\/logo\/image\/","url":"https:\/\/www.kostuemebreuer.de\/english\/wp-content\/uploads\/sites\/6\/logo.svg","contentUrl":"https:\/\/www.kostuemebreuer.de\/english\/wp-content\/uploads\/sites\/6\/logo.svg","caption":"Kost\u00fcme Breuer in M\u00fcnchen"},"image":{"@id":"https:\/\/www.kostuemebreuer.de\/english\/#\/schema\/logo\/image\/"},"sameAs":["https:\/\/www.facebook.com\/Kostuemebreuer\/?locale=de_DE","https:\/\/www.instagram.com\/kostuemebreuer\/"]}]}},"acf":[],"_links":{"self":[{"href":"https:\/\/www.kostuemebreuer.de\/english\/wp-json\/wp\/v2\/product\/7080","targetHints":{"allow":["GET"]}}],"collection":[{"href":"https:\/\/www.kostuemebreuer.de\/english\/wp-json\/wp\/v2\/product"}],"about":[{"href":"https:\/\/www.kostuemebreuer.de\/english\/wp-json\/wp\/v2\/types\/product"}],"wp:featuredmedia":[{"embeddable":true,"href":"https:\/\/www.kostuemebreuer.de\/english\/wp-json\/wp\/v2\/media\/16953"}],"wp:attachment":[{"href":"https:\/\/www.kostuemebreuer.de\/english\/wp-json\/wp\/v2\/media?parent=7080"}],"wp:term":[{"taxonomy":"product_brand","embeddable":true,"href":"https:\/\/www.kostuemebreuer.de\/english\/wp-json\/wp\/v2\/product_brand?post=7080"},{"taxonomy":"product_cat","embeddable":true,"href":"https:\/\/www.kostuemebreuer.de\/english\/wp-json\/wp\/v2\/product_cat?post=7080"},{"taxonomy":"product_tag","embeddable":true,"href":"https:\/\/www.kostuemebreuer.de\/english\/wp-json\/wp\/v2\/product_tag?post=7080"}],"curies":[{"name":"wp","href":"https:\/\/api.w.org\/{rel}","templated":true}]}}