{"id":464,"date":"2015-12-08T10:07:56","date_gmt":"2015-12-08T08:07:56","guid":{"rendered":"http:\/\/kostuemverleih.com\/produkt\/nikolaus-amerikanisch\/"},"modified":"2023-12-02T06:00:24","modified_gmt":"2023-12-02T04:00:24","slug":"nikolaus-amerikanisch","status":"publish","type":"product","link":"https:\/\/www.kostuemebreuer.de\/english\/produkt\/nikolaus-amerikanisch\/","title":{"rendered":"Nikolaus &#8211; Amerikanisches Outfit (Jacke, Hose, M\u00fctze, G\u00fcrtel und Bart)"},"content":{"rendered":"<p>Nikolaus &#8211; Amerikanisches Outfit, bestehend aus einer rotwei\u00dfen Jacke, Hose, M\u00fctze, einem G\u00fcrtel und einem wei\u00dfen Bart, wahlweise erweiterbar mit einem Bauch, Sack, Handschuhen und Stiefel. (Paket 2)<\/p>\n<p>&nbsp;<\/p>\n","protected":false},"excerpt":{"rendered":"<p>Nikolaus &#8211; Amerikanisches Outfit, bestehend aus einer rotwei\u00dfen Jacke, Hose, M\u00fctze, einem G\u00fcrtel und einem wei\u00dfen Bart, wahlweise erweiterbar mit einem <strong>Bauch, Sack, Handschuhen und Stiefel.<\/strong> (Paket 2)<\/p>\n","protected":false},"featured_media":4026,"template":"","meta":{"_acf_changed":false},"product_brand":[],"product_cat":[29,134],"product_tag":[63,540,635],"class_list":{"0":"post-464","1":"product","2":"type-product","3":"status-publish","4":"has-post-thumbnail","6":"product_cat-kostueme","7":"product_cat-weihnachten","8":"product_tag-rot","9":"product_tag-weihnachten-nikolaus","10":"product_tag-weihnachtsmann","11":"product_shipping_class-versandklasse-3-mittel","12":"infinite-scroll-item","14":"first","15":"instock","16":"taxable","17":"shipping-taxable","18":"purchasable","19":"product-type-simple"},"yoast_head":"<!-- This site is optimized with the Yoast SEO plugin v27.2 - https:\/\/yoast.com\/product\/yoast-seo-wordpress\/ -->\n<title>Nikolaus - Amerikanisches Outfit (Jacke, Hose, M\u00fctze, G\u00fcrtel und Bart) - Costumes Breuer<\/title>\n<meta name=\"description\" content=\"Nikolaus - Amerikanisches Outfit, bestehend aus einer rotwei\u00dfen Jacke, Hose, M\u00fctze, einem G\u00fcrtel und einem wei\u00dfen Bart, wahlweise erweiterbar mit einem Bauch, Sack, Handschuhen und Stiefel. (Paket 2)\" \/>\n<meta name=\"robots\" content=\"index, follow, max-snippet:-1, max-image-preview:large, max-video-preview:-1\" \/>\n<link rel=\"canonical\" href=\"https:\/\/www.kostuemebreuer.de\/english\/produkt\/nikolaus-amerikanisch\/\" \/>\n<meta property=\"og:locale\" content=\"en_GB\" \/>\n<meta property=\"og:type\" content=\"article\" \/>\n<meta property=\"og:title\" content=\"Nikolaus - Amerikanisches Outfit (Jacke, Hose, M\u00fctze, G\u00fcrtel und Bart) - Costumes Breuer\" \/>\n<meta property=\"og:description\" content=\"Nikolaus - Amerikanisches Outfit, bestehend aus einer rotwei\u00dfen Jacke, Hose, M\u00fctze, einem G\u00fcrtel und einem wei\u00dfen Bart, wahlweise erweiterbar mit einem Bauch, Sack, Handschuhen und Stiefel. (Paket 2)\" \/>\n<meta property=\"og:url\" content=\"https:\/\/www.kostuemebreuer.de\/english\/produkt\/nikolaus-amerikanisch\/\" \/>\n<meta property=\"og:site_name\" content=\"Costumes Breuer\" \/>\n<meta property=\"article:publisher\" content=\"https:\/\/www.facebook.com\/Kostuemebreuer\/?locale=de_DE\" \/>\n<meta property=\"article:modified_time\" content=\"2023-12-02T04:00:24+00:00\" \/>\n<meta property=\"og:image\" content=\"https:\/\/www.kostuemebreuer.de\/english\/wp-content\/uploads\/sites\/6\/Nikolaus_amerika2.jpg\" \/>\n\t<meta property=\"og:image:width\" content=\"420\" \/>\n\t<meta property=\"og:image:height\" content=\"800\" \/>\n\t<meta property=\"og:image:type\" content=\"image\/jpeg\" \/>\n<meta name=\"twitter:card\" content=\"summary_large_image\" \/>\n<script type=\"application\/ld+json\" class=\"yoast-schema-graph\">{\"@context\":\"https:\/\/schema.org\",\"@graph\":[{\"@type\":\"WebPage\",\"@id\":\"https:\/\/www.kostuemebreuer.de\/english\/produkt\/nikolaus-amerikanisch\/\",\"url\":\"https:\/\/www.kostuemebreuer.de\/english\/produkt\/nikolaus-amerikanisch\/\",\"name\":\"Nikolaus - Amerikanisches Outfit (Jacke, Hose, M\u00fctze, G\u00fcrtel und Bart) - Costumes Breuer\",\"isPartOf\":{\"@id\":\"https:\/\/www.kostuemebreuer.de\/english\/#website\"},\"primaryImageOfPage\":{\"@id\":\"https:\/\/www.kostuemebreuer.de\/english\/produkt\/nikolaus-amerikanisch\/#primaryimage\"},\"image\":{\"@id\":\"https:\/\/www.kostuemebreuer.de\/english\/produkt\/nikolaus-amerikanisch\/#primaryimage\"},\"thumbnailUrl\":\"https:\/\/www.kostuemebreuer.de\/english\/wp-content\/uploads\/sites\/6\/Nikolaus_amerika2.jpg\",\"datePublished\":\"2015-12-08T08:07:56+00:00\",\"dateModified\":\"2023-12-02T04:00:24+00:00\",\"description\":\"Nikolaus - Amerikanisches Outfit, bestehend aus einer rotwei\u00dfen Jacke, Hose, M\u00fctze, einem G\u00fcrtel und einem wei\u00dfen Bart, wahlweise erweiterbar mit einem Bauch, Sack, Handschuhen und Stiefel. (Paket 2)\",\"breadcrumb\":{\"@id\":\"https:\/\/www.kostuemebreuer.de\/english\/produkt\/nikolaus-amerikanisch\/#breadcrumb\"},\"inLanguage\":\"en-GB\",\"potentialAction\":[{\"@type\":\"ReadAction\",\"target\":[\"https:\/\/www.kostuemebreuer.de\/english\/produkt\/nikolaus-amerikanisch\/\"]}]},{\"@type\":\"ImageObject\",\"inLanguage\":\"en-GB\",\"@id\":\"https:\/\/www.kostuemebreuer.de\/english\/produkt\/nikolaus-amerikanisch\/#primaryimage\",\"url\":\"https:\/\/www.kostuemebreuer.de\/english\/wp-content\/uploads\/sites\/6\/Nikolaus_amerika2.jpg\",\"contentUrl\":\"https:\/\/www.kostuemebreuer.de\/english\/wp-content\/uploads\/sites\/6\/Nikolaus_amerika2.jpg\",\"width\":420,\"height\":800},{\"@type\":\"BreadcrumbList\",\"@id\":\"https:\/\/www.kostuemebreuer.de\/english\/produkt\/nikolaus-amerikanisch\/#breadcrumb\",\"itemListElement\":[{\"@type\":\"ListItem\",\"position\":1,\"name\":\"Startseite\",\"item\":\"https:\/\/www.kostuemebreuer.de\/english\/\"},{\"@type\":\"ListItem\",\"position\":2,\"name\":\"Kost\u00fcme\",\"item\":\"https:\/\/www.kostuemebreuer.de\/english\/kostueme\/\"},{\"@type\":\"ListItem\",\"position\":3,\"name\":\"Nikolaus &#8211; Amerikanisches Outfit (Jacke, Hose, M\u00fctze, G\u00fcrtel und Bart)\"}]},{\"@type\":\"WebSite\",\"@id\":\"https:\/\/www.kostuemebreuer.de\/english\/#website\",\"url\":\"https:\/\/www.kostuemebreuer.de\/english\/\",\"name\":\"Kost\u00fcme Breuer in M\u00fcnchen\",\"description\":\"Kost\u00fcmverleih\",\"publisher\":{\"@id\":\"https:\/\/www.kostuemebreuer.de\/english\/#organization\"},\"alternateName\":\"Kost\u00fcmverleih Breuer\",\"potentialAction\":[{\"@type\":\"SearchAction\",\"target\":{\"@type\":\"EntryPoint\",\"urlTemplate\":\"https:\/\/www.kostuemebreuer.de\/english\/?s={search_term_string}\"},\"query-input\":{\"@type\":\"PropertyValueSpecification\",\"valueRequired\":true,\"valueName\":\"search_term_string\"}}],\"inLanguage\":\"en-GB\"},{\"@type\":\"Organization\",\"@id\":\"https:\/\/www.kostuemebreuer.de\/english\/#organization\",\"name\":\"Kost\u00fcme Breuer in M\u00fcnchen\",\"url\":\"https:\/\/www.kostuemebreuer.de\/english\/\",\"logo\":{\"@type\":\"ImageObject\",\"inLanguage\":\"en-GB\",\"@id\":\"https:\/\/www.kostuemebreuer.de\/english\/#\/schema\/logo\/image\/\",\"url\":\"https:\/\/www.kostuemebreuer.de\/english\/wp-content\/uploads\/sites\/6\/logo.svg\",\"contentUrl\":\"https:\/\/www.kostuemebreuer.de\/english\/wp-content\/uploads\/sites\/6\/logo.svg\",\"caption\":\"Kost\u00fcme Breuer in M\u00fcnchen\"},\"image\":{\"@id\":\"https:\/\/www.kostuemebreuer.de\/english\/#\/schema\/logo\/image\/\"},\"sameAs\":[\"https:\/\/www.facebook.com\/Kostuemebreuer\/?locale=de_DE\",\"https:\/\/www.instagram.com\/kostuemebreuer\/\"]}]}<\/script>\n<!-- \/ Yoast SEO plugin. -->","yoast_head_json":{"title":"Nikolaus - Amerikanisches Outfit (Jacke, Hose, M\u00fctze, G\u00fcrtel und Bart) - Costumes Breuer","description":"Nikolaus - Amerikanisches Outfit, bestehend aus einer rotwei\u00dfen Jacke, Hose, M\u00fctze, einem G\u00fcrtel und einem wei\u00dfen Bart, wahlweise erweiterbar mit einem Bauch, Sack, Handschuhen und Stiefel. (Paket 2)","robots":{"index":"index","follow":"follow","max-snippet":"max-snippet:-1","max-image-preview":"max-image-preview:large","max-video-preview":"max-video-preview:-1"},"canonical":"https:\/\/www.kostuemebreuer.de\/english\/produkt\/nikolaus-amerikanisch\/","og_locale":"en_GB","og_type":"article","og_title":"Nikolaus - Amerikanisches Outfit (Jacke, Hose, M\u00fctze, G\u00fcrtel und Bart) - Costumes Breuer","og_description":"Nikolaus - Amerikanisches Outfit, bestehend aus einer rotwei\u00dfen Jacke, Hose, M\u00fctze, einem G\u00fcrtel und einem wei\u00dfen Bart, wahlweise erweiterbar mit einem Bauch, Sack, Handschuhen und Stiefel. (Paket 2)","og_url":"https:\/\/www.kostuemebreuer.de\/english\/produkt\/nikolaus-amerikanisch\/","og_site_name":"Costumes Breuer","article_publisher":"https:\/\/www.facebook.com\/Kostuemebreuer\/?locale=de_DE","article_modified_time":"2023-12-02T04:00:24+00:00","og_image":[{"width":420,"height":800,"url":"https:\/\/www.kostuemebreuer.de\/english\/wp-content\/uploads\/sites\/6\/Nikolaus_amerika2.jpg","type":"image\/jpeg"}],"twitter_card":"summary_large_image","schema":{"@context":"https:\/\/schema.org","@graph":[{"@type":"WebPage","@id":"https:\/\/www.kostuemebreuer.de\/english\/produkt\/nikolaus-amerikanisch\/","url":"https:\/\/www.kostuemebreuer.de\/english\/produkt\/nikolaus-amerikanisch\/","name":"Nikolaus - Amerikanisches Outfit (Jacke, Hose, M\u00fctze, G\u00fcrtel und Bart) - Costumes Breuer","isPartOf":{"@id":"https:\/\/www.kostuemebreuer.de\/english\/#website"},"primaryImageOfPage":{"@id":"https:\/\/www.kostuemebreuer.de\/english\/produkt\/nikolaus-amerikanisch\/#primaryimage"},"image":{"@id":"https:\/\/www.kostuemebreuer.de\/english\/produkt\/nikolaus-amerikanisch\/#primaryimage"},"thumbnailUrl":"https:\/\/www.kostuemebreuer.de\/english\/wp-content\/uploads\/sites\/6\/Nikolaus_amerika2.jpg","datePublished":"2015-12-08T08:07:56+00:00","dateModified":"2023-12-02T04:00:24+00:00","description":"Nikolaus - Amerikanisches Outfit, bestehend aus einer rotwei\u00dfen Jacke, Hose, M\u00fctze, einem G\u00fcrtel und einem wei\u00dfen Bart, wahlweise erweiterbar mit einem Bauch, Sack, Handschuhen und Stiefel. (Paket 2)","breadcrumb":{"@id":"https:\/\/www.kostuemebreuer.de\/english\/produkt\/nikolaus-amerikanisch\/#breadcrumb"},"inLanguage":"en-GB","potentialAction":[{"@type":"ReadAction","target":["https:\/\/www.kostuemebreuer.de\/english\/produkt\/nikolaus-amerikanisch\/"]}]},{"@type":"ImageObject","inLanguage":"en-GB","@id":"https:\/\/www.kostuemebreuer.de\/english\/produkt\/nikolaus-amerikanisch\/#primaryimage","url":"https:\/\/www.kostuemebreuer.de\/english\/wp-content\/uploads\/sites\/6\/Nikolaus_amerika2.jpg","contentUrl":"https:\/\/www.kostuemebreuer.de\/english\/wp-content\/uploads\/sites\/6\/Nikolaus_amerika2.jpg","width":420,"height":800},{"@type":"BreadcrumbList","@id":"https:\/\/www.kostuemebreuer.de\/english\/produkt\/nikolaus-amerikanisch\/#breadcrumb","itemListElement":[{"@type":"ListItem","position":1,"name":"Startseite","item":"https:\/\/www.kostuemebreuer.de\/english\/"},{"@type":"ListItem","position":2,"name":"Kost\u00fcme","item":"https:\/\/www.kostuemebreuer.de\/english\/kostueme\/"},{"@type":"ListItem","position":3,"name":"Nikolaus &#8211; Amerikanisches Outfit (Jacke, Hose, M\u00fctze, G\u00fcrtel und Bart)"}]},{"@type":"WebSite","@id":"https:\/\/www.kostuemebreuer.de\/english\/#website","url":"https:\/\/www.kostuemebreuer.de\/english\/","name":"Kost\u00fcme Breuer in M\u00fcnchen","description":"Kost\u00fcmverleih","publisher":{"@id":"https:\/\/www.kostuemebreuer.de\/english\/#organization"},"alternateName":"Kost\u00fcmverleih Breuer","potentialAction":[{"@type":"SearchAction","target":{"@type":"EntryPoint","urlTemplate":"https:\/\/www.kostuemebreuer.de\/english\/?s={search_term_string}"},"query-input":{"@type":"PropertyValueSpecification","valueRequired":true,"valueName":"search_term_string"}}],"inLanguage":"en-GB"},{"@type":"Organization","@id":"https:\/\/www.kostuemebreuer.de\/english\/#organization","name":"Kost\u00fcme Breuer in M\u00fcnchen","url":"https:\/\/www.kostuemebreuer.de\/english\/","logo":{"@type":"ImageObject","inLanguage":"en-GB","@id":"https:\/\/www.kostuemebreuer.de\/english\/#\/schema\/logo\/image\/","url":"https:\/\/www.kostuemebreuer.de\/english\/wp-content\/uploads\/sites\/6\/logo.svg","contentUrl":"https:\/\/www.kostuemebreuer.de\/english\/wp-content\/uploads\/sites\/6\/logo.svg","caption":"Kost\u00fcme Breuer in M\u00fcnchen"},"image":{"@id":"https:\/\/www.kostuemebreuer.de\/english\/#\/schema\/logo\/image\/"},"sameAs":["https:\/\/www.facebook.com\/Kostuemebreuer\/?locale=de_DE","https:\/\/www.instagram.com\/kostuemebreuer\/"]}]}},"acf":[],"_links":{"self":[{"href":"https:\/\/www.kostuemebreuer.de\/english\/wp-json\/wp\/v2\/product\/464","targetHints":{"allow":["GET"]}}],"collection":[{"href":"https:\/\/www.kostuemebreuer.de\/english\/wp-json\/wp\/v2\/product"}],"about":[{"href":"https:\/\/www.kostuemebreuer.de\/english\/wp-json\/wp\/v2\/types\/product"}],"wp:featuredmedia":[{"embeddable":true,"href":"https:\/\/www.kostuemebreuer.de\/english\/wp-json\/wp\/v2\/media\/4026"}],"wp:attachment":[{"href":"https:\/\/www.kostuemebreuer.de\/english\/wp-json\/wp\/v2\/media?parent=464"}],"wp:term":[{"taxonomy":"product_brand","embeddable":true,"href":"https:\/\/www.kostuemebreuer.de\/english\/wp-json\/wp\/v2\/product_brand?post=464"},{"taxonomy":"product_cat","embeddable":true,"href":"https:\/\/www.kostuemebreuer.de\/english\/wp-json\/wp\/v2\/product_cat?post=464"},{"taxonomy":"product_tag","embeddable":true,"href":"https:\/\/www.kostuemebreuer.de\/english\/wp-json\/wp\/v2\/product_tag?post=464"}],"curies":[{"name":"wp","href":"https:\/\/api.w.org\/{rel}","templated":true}]}}