{"id":3885,"date":"2015-12-08T11:22:03","date_gmt":"2015-12-08T09:22:03","guid":{"rendered":"http:\/\/kostuemverleih.com\/produkt\/jahrhundertwende-cul-de-paris-3\/"},"modified":"2023-12-02T06:01:37","modified_gmt":"2023-12-02T04:01:37","slug":"jahrhundertwende-cul-de-paris-3","status":"publish","type":"product","link":"https:\/\/www.kostuemebreuer.de\/english\/produkt\/jahrhundertwende-cul-de-paris-3\/","title":{"rendered":"Jahrhundertwende \u2013 Biedermeier Outfit &#8211; Damen \u2013 Grau (Jacke, Rock und Jabot)"},"content":{"rendered":"<p>Jahrhundertwende \u2013 Biedermeier Outfit \u2013 Grau, bestehend aus einer grauen Jacke und Rock mit sch\u00f6nen schwarzen Stickereien und einem Jabot, wahlweise erweiterbar mit eienr wei\u00dfen Bluse, einem Zylinder mit wei\u00dfer Spitze, Pompadure, Handschuhen und einem schwarzen Spitzenschirm. (Paket 2)<\/p>\n","protected":false},"excerpt":{"rendered":"<p>Jahrhundertwende \u2013 Biedermeier Outfit \u2013 Grau, bestehend aus einer grauen Jacke und Rock mit sch\u00f6nen schwarzen Stickereien und einem Jabot, wahlweise erweiterbar mit einer <strong>wei\u00dfen Bluse, einem Zylinder mit wei\u00dfer Spitze, Pompadure, Handschuhen und einem schwarzen Spitzenschirm<\/strong>. (Paket 2)<\/p>\n","protected":false},"featured_media":6370,"template":"","meta":{"_acf_changed":false},"product_brand":[],"product_cat":[125,29],"product_tag":[216,81,118],"class_list":{"0":"post-3885","1":"product","2":"type-product","3":"status-publish","4":"has-post-thumbnail","6":"product_cat-kleider","7":"product_cat-kostueme","8":"product_tag-biedermeier","9":"product_tag-grau","10":"product_tag-jahrhundertwende","11":"product_shipping_class-versandklasse-2","12":"infinite-scroll-item","14":"first","15":"instock","16":"taxable","17":"shipping-taxable","18":"purchasable","19":"product-type-simple"},"yoast_head":"<!-- This site is optimized with the Yoast SEO plugin v27.2 - https:\/\/yoast.com\/product\/yoast-seo-wordpress\/ -->\n<title>Jahrhundertwende \u2013 Biedermeier Outfit - Damen \u2013 Grau (Jacke, Rock und Jabot) - Costumes Breuer<\/title>\n<meta name=\"description\" content=\"Jahrhundertwende \u2013 Biedermeier Outfit \u2013 Grau, bestehend aus einer grauen Jacke und Rock mit sch\u00f6nen schwarzen Stickereien und einem Jabot, wahlweise erweiterbar mit einer wei\u00dfen Bluse, einem Zylinder mit wei\u00dfer Spitze, Pompadure, Handschuhen und einem schwarzen Spitzenschirm. (Paket 2)\" \/>\n<meta name=\"robots\" content=\"index, follow, max-snippet:-1, max-image-preview:large, max-video-preview:-1\" \/>\n<link rel=\"canonical\" href=\"https:\/\/www.kostuemebreuer.de\/english\/produkt\/jahrhundertwende-cul-de-paris-3\/\" \/>\n<meta property=\"og:locale\" content=\"en_GB\" \/>\n<meta property=\"og:type\" content=\"article\" \/>\n<meta property=\"og:title\" content=\"Jahrhundertwende \u2013 Biedermeier Outfit - Damen \u2013 Grau (Jacke, Rock und Jabot) - Costumes Breuer\" \/>\n<meta property=\"og:description\" content=\"Jahrhundertwende \u2013 Biedermeier Outfit \u2013 Grau, bestehend aus einer grauen Jacke und Rock mit sch\u00f6nen schwarzen Stickereien und einem Jabot, wahlweise erweiterbar mit einer wei\u00dfen Bluse, einem Zylinder mit wei\u00dfer Spitze, Pompadure, Handschuhen und einem schwarzen Spitzenschirm. (Paket 2)\" \/>\n<meta property=\"og:url\" content=\"https:\/\/www.kostuemebreuer.de\/english\/produkt\/jahrhundertwende-cul-de-paris-3\/\" \/>\n<meta property=\"og:site_name\" content=\"Costumes Breuer\" \/>\n<meta property=\"article:publisher\" content=\"https:\/\/www.facebook.com\/Kostuemebreuer\/?locale=de_DE\" \/>\n<meta property=\"article:modified_time\" content=\"2023-12-02T04:01:37+00:00\" \/>\n<meta property=\"og:image\" content=\"https:\/\/www.kostuemebreuer.de\/english\/wp-content\/uploads\/sites\/6\/Jahrhundertwendekostuem_grau.jpg\" \/>\n\t<meta property=\"og:image:width\" content=\"310\" \/>\n\t<meta property=\"og:image:height\" content=\"800\" \/>\n\t<meta property=\"og:image:type\" content=\"image\/jpeg\" \/>\n<meta name=\"twitter:card\" content=\"summary_large_image\" \/>\n<script type=\"application\/ld+json\" class=\"yoast-schema-graph\">{\"@context\":\"https:\/\/schema.org\",\"@graph\":[{\"@type\":\"WebPage\",\"@id\":\"https:\/\/www.kostuemebreuer.de\/english\/produkt\/jahrhundertwende-cul-de-paris-3\/\",\"url\":\"https:\/\/www.kostuemebreuer.de\/english\/produkt\/jahrhundertwende-cul-de-paris-3\/\",\"name\":\"Jahrhundertwende \u2013 Biedermeier Outfit - Damen \u2013 Grau (Jacke, Rock und Jabot) - Costumes Breuer\",\"isPartOf\":{\"@id\":\"https:\/\/www.kostuemebreuer.de\/english\/#website\"},\"primaryImageOfPage\":{\"@id\":\"https:\/\/www.kostuemebreuer.de\/english\/produkt\/jahrhundertwende-cul-de-paris-3\/#primaryimage\"},\"image\":{\"@id\":\"https:\/\/www.kostuemebreuer.de\/english\/produkt\/jahrhundertwende-cul-de-paris-3\/#primaryimage\"},\"thumbnailUrl\":\"https:\/\/www.kostuemebreuer.de\/english\/wp-content\/uploads\/sites\/6\/Jahrhundertwendekostuem_grau.jpg\",\"datePublished\":\"2015-12-08T09:22:03+00:00\",\"dateModified\":\"2023-12-02T04:01:37+00:00\",\"description\":\"Jahrhundertwende \u2013 Biedermeier Outfit \u2013 Grau, bestehend aus einer grauen Jacke und Rock mit sch\u00f6nen schwarzen Stickereien und einem Jabot, wahlweise erweiterbar mit einer wei\u00dfen Bluse, einem Zylinder mit wei\u00dfer Spitze, Pompadure, Handschuhen und einem schwarzen Spitzenschirm. (Paket 2)\",\"breadcrumb\":{\"@id\":\"https:\/\/www.kostuemebreuer.de\/english\/produkt\/jahrhundertwende-cul-de-paris-3\/#breadcrumb\"},\"inLanguage\":\"en-GB\",\"potentialAction\":[{\"@type\":\"ReadAction\",\"target\":[\"https:\/\/www.kostuemebreuer.de\/english\/produkt\/jahrhundertwende-cul-de-paris-3\/\"]}]},{\"@type\":\"ImageObject\",\"inLanguage\":\"en-GB\",\"@id\":\"https:\/\/www.kostuemebreuer.de\/english\/produkt\/jahrhundertwende-cul-de-paris-3\/#primaryimage\",\"url\":\"https:\/\/www.kostuemebreuer.de\/english\/wp-content\/uploads\/sites\/6\/Jahrhundertwendekostuem_grau.jpg\",\"contentUrl\":\"https:\/\/www.kostuemebreuer.de\/english\/wp-content\/uploads\/sites\/6\/Jahrhundertwendekostuem_grau.jpg\",\"width\":310,\"height\":800},{\"@type\":\"BreadcrumbList\",\"@id\":\"https:\/\/www.kostuemebreuer.de\/english\/produkt\/jahrhundertwende-cul-de-paris-3\/#breadcrumb\",\"itemListElement\":[{\"@type\":\"ListItem\",\"position\":1,\"name\":\"Startseite\",\"item\":\"https:\/\/www.kostuemebreuer.de\/english\/\"},{\"@type\":\"ListItem\",\"position\":2,\"name\":\"Kost\u00fcme\",\"item\":\"https:\/\/www.kostuemebreuer.de\/english\/kostueme\/\"},{\"@type\":\"ListItem\",\"position\":3,\"name\":\"Jahrhundertwende \u2013 Biedermeier Outfit &#8211; Damen \u2013 Grau (Jacke, Rock und Jabot)\"}]},{\"@type\":\"WebSite\",\"@id\":\"https:\/\/www.kostuemebreuer.de\/english\/#website\",\"url\":\"https:\/\/www.kostuemebreuer.de\/english\/\",\"name\":\"Kost\u00fcme Breuer in M\u00fcnchen\",\"description\":\"Kost\u00fcmverleih\",\"publisher\":{\"@id\":\"https:\/\/www.kostuemebreuer.de\/english\/#organization\"},\"alternateName\":\"Kost\u00fcmverleih Breuer\",\"potentialAction\":[{\"@type\":\"SearchAction\",\"target\":{\"@type\":\"EntryPoint\",\"urlTemplate\":\"https:\/\/www.kostuemebreuer.de\/english\/?s={search_term_string}\"},\"query-input\":{\"@type\":\"PropertyValueSpecification\",\"valueRequired\":true,\"valueName\":\"search_term_string\"}}],\"inLanguage\":\"en-GB\"},{\"@type\":\"Organization\",\"@id\":\"https:\/\/www.kostuemebreuer.de\/english\/#organization\",\"name\":\"Kost\u00fcme Breuer in M\u00fcnchen\",\"url\":\"https:\/\/www.kostuemebreuer.de\/english\/\",\"logo\":{\"@type\":\"ImageObject\",\"inLanguage\":\"en-GB\",\"@id\":\"https:\/\/www.kostuemebreuer.de\/english\/#\/schema\/logo\/image\/\",\"url\":\"https:\/\/www.kostuemebreuer.de\/english\/wp-content\/uploads\/sites\/6\/logo.svg\",\"contentUrl\":\"https:\/\/www.kostuemebreuer.de\/english\/wp-content\/uploads\/sites\/6\/logo.svg\",\"caption\":\"Kost\u00fcme Breuer in M\u00fcnchen\"},\"image\":{\"@id\":\"https:\/\/www.kostuemebreuer.de\/english\/#\/schema\/logo\/image\/\"},\"sameAs\":[\"https:\/\/www.facebook.com\/Kostuemebreuer\/?locale=de_DE\",\"https:\/\/www.instagram.com\/kostuemebreuer\/\"]}]}<\/script>\n<!-- \/ Yoast SEO plugin. -->","yoast_head_json":{"title":"Jahrhundertwende \u2013 Biedermeier Outfit - Damen \u2013 Grau (Jacke, Rock und Jabot) - Costumes Breuer","description":"Jahrhundertwende \u2013 Biedermeier Outfit \u2013 Grau, bestehend aus einer grauen Jacke und Rock mit sch\u00f6nen schwarzen Stickereien und einem Jabot, wahlweise erweiterbar mit einer wei\u00dfen Bluse, einem Zylinder mit wei\u00dfer Spitze, Pompadure, Handschuhen und einem schwarzen Spitzenschirm. (Paket 2)","robots":{"index":"index","follow":"follow","max-snippet":"max-snippet:-1","max-image-preview":"max-image-preview:large","max-video-preview":"max-video-preview:-1"},"canonical":"https:\/\/www.kostuemebreuer.de\/english\/produkt\/jahrhundertwende-cul-de-paris-3\/","og_locale":"en_GB","og_type":"article","og_title":"Jahrhundertwende \u2013 Biedermeier Outfit - Damen \u2013 Grau (Jacke, Rock und Jabot) - Costumes Breuer","og_description":"Jahrhundertwende \u2013 Biedermeier Outfit \u2013 Grau, bestehend aus einer grauen Jacke und Rock mit sch\u00f6nen schwarzen Stickereien und einem Jabot, wahlweise erweiterbar mit einer wei\u00dfen Bluse, einem Zylinder mit wei\u00dfer Spitze, Pompadure, Handschuhen und einem schwarzen Spitzenschirm. (Paket 2)","og_url":"https:\/\/www.kostuemebreuer.de\/english\/produkt\/jahrhundertwende-cul-de-paris-3\/","og_site_name":"Costumes Breuer","article_publisher":"https:\/\/www.facebook.com\/Kostuemebreuer\/?locale=de_DE","article_modified_time":"2023-12-02T04:01:37+00:00","og_image":[{"width":310,"height":800,"url":"https:\/\/www.kostuemebreuer.de\/english\/wp-content\/uploads\/sites\/6\/Jahrhundertwendekostuem_grau.jpg","type":"image\/jpeg"}],"twitter_card":"summary_large_image","schema":{"@context":"https:\/\/schema.org","@graph":[{"@type":"WebPage","@id":"https:\/\/www.kostuemebreuer.de\/english\/produkt\/jahrhundertwende-cul-de-paris-3\/","url":"https:\/\/www.kostuemebreuer.de\/english\/produkt\/jahrhundertwende-cul-de-paris-3\/","name":"Jahrhundertwende \u2013 Biedermeier Outfit - Damen \u2013 Grau (Jacke, Rock und Jabot) - Costumes Breuer","isPartOf":{"@id":"https:\/\/www.kostuemebreuer.de\/english\/#website"},"primaryImageOfPage":{"@id":"https:\/\/www.kostuemebreuer.de\/english\/produkt\/jahrhundertwende-cul-de-paris-3\/#primaryimage"},"image":{"@id":"https:\/\/www.kostuemebreuer.de\/english\/produkt\/jahrhundertwende-cul-de-paris-3\/#primaryimage"},"thumbnailUrl":"https:\/\/www.kostuemebreuer.de\/english\/wp-content\/uploads\/sites\/6\/Jahrhundertwendekostuem_grau.jpg","datePublished":"2015-12-08T09:22:03+00:00","dateModified":"2023-12-02T04:01:37+00:00","description":"Jahrhundertwende \u2013 Biedermeier Outfit \u2013 Grau, bestehend aus einer grauen Jacke und Rock mit sch\u00f6nen schwarzen Stickereien und einem Jabot, wahlweise erweiterbar mit einer wei\u00dfen Bluse, einem Zylinder mit wei\u00dfer Spitze, Pompadure, Handschuhen und einem schwarzen Spitzenschirm. (Paket 2)","breadcrumb":{"@id":"https:\/\/www.kostuemebreuer.de\/english\/produkt\/jahrhundertwende-cul-de-paris-3\/#breadcrumb"},"inLanguage":"en-GB","potentialAction":[{"@type":"ReadAction","target":["https:\/\/www.kostuemebreuer.de\/english\/produkt\/jahrhundertwende-cul-de-paris-3\/"]}]},{"@type":"ImageObject","inLanguage":"en-GB","@id":"https:\/\/www.kostuemebreuer.de\/english\/produkt\/jahrhundertwende-cul-de-paris-3\/#primaryimage","url":"https:\/\/www.kostuemebreuer.de\/english\/wp-content\/uploads\/sites\/6\/Jahrhundertwendekostuem_grau.jpg","contentUrl":"https:\/\/www.kostuemebreuer.de\/english\/wp-content\/uploads\/sites\/6\/Jahrhundertwendekostuem_grau.jpg","width":310,"height":800},{"@type":"BreadcrumbList","@id":"https:\/\/www.kostuemebreuer.de\/english\/produkt\/jahrhundertwende-cul-de-paris-3\/#breadcrumb","itemListElement":[{"@type":"ListItem","position":1,"name":"Startseite","item":"https:\/\/www.kostuemebreuer.de\/english\/"},{"@type":"ListItem","position":2,"name":"Kost\u00fcme","item":"https:\/\/www.kostuemebreuer.de\/english\/kostueme\/"},{"@type":"ListItem","position":3,"name":"Jahrhundertwende \u2013 Biedermeier Outfit &#8211; Damen \u2013 Grau (Jacke, Rock und Jabot)"}]},{"@type":"WebSite","@id":"https:\/\/www.kostuemebreuer.de\/english\/#website","url":"https:\/\/www.kostuemebreuer.de\/english\/","name":"Kost\u00fcme Breuer in M\u00fcnchen","description":"Kost\u00fcmverleih","publisher":{"@id":"https:\/\/www.kostuemebreuer.de\/english\/#organization"},"alternateName":"Kost\u00fcmverleih Breuer","potentialAction":[{"@type":"SearchAction","target":{"@type":"EntryPoint","urlTemplate":"https:\/\/www.kostuemebreuer.de\/english\/?s={search_term_string}"},"query-input":{"@type":"PropertyValueSpecification","valueRequired":true,"valueName":"search_term_string"}}],"inLanguage":"en-GB"},{"@type":"Organization","@id":"https:\/\/www.kostuemebreuer.de\/english\/#organization","name":"Kost\u00fcme Breuer in M\u00fcnchen","url":"https:\/\/www.kostuemebreuer.de\/english\/","logo":{"@type":"ImageObject","inLanguage":"en-GB","@id":"https:\/\/www.kostuemebreuer.de\/english\/#\/schema\/logo\/image\/","url":"https:\/\/www.kostuemebreuer.de\/english\/wp-content\/uploads\/sites\/6\/logo.svg","contentUrl":"https:\/\/www.kostuemebreuer.de\/english\/wp-content\/uploads\/sites\/6\/logo.svg","caption":"Kost\u00fcme Breuer in M\u00fcnchen"},"image":{"@id":"https:\/\/www.kostuemebreuer.de\/english\/#\/schema\/logo\/image\/"},"sameAs":["https:\/\/www.facebook.com\/Kostuemebreuer\/?locale=de_DE","https:\/\/www.instagram.com\/kostuemebreuer\/"]}]}},"acf":[],"_links":{"self":[{"href":"https:\/\/www.kostuemebreuer.de\/english\/wp-json\/wp\/v2\/product\/3885","targetHints":{"allow":["GET"]}}],"collection":[{"href":"https:\/\/www.kostuemebreuer.de\/english\/wp-json\/wp\/v2\/product"}],"about":[{"href":"https:\/\/www.kostuemebreuer.de\/english\/wp-json\/wp\/v2\/types\/product"}],"wp:featuredmedia":[{"embeddable":true,"href":"https:\/\/www.kostuemebreuer.de\/english\/wp-json\/wp\/v2\/media\/6370"}],"wp:attachment":[{"href":"https:\/\/www.kostuemebreuer.de\/english\/wp-json\/wp\/v2\/media?parent=3885"}],"wp:term":[{"taxonomy":"product_brand","embeddable":true,"href":"https:\/\/www.kostuemebreuer.de\/english\/wp-json\/wp\/v2\/product_brand?post=3885"},{"taxonomy":"product_cat","embeddable":true,"href":"https:\/\/www.kostuemebreuer.de\/english\/wp-json\/wp\/v2\/product_cat?post=3885"},{"taxonomy":"product_tag","embeddable":true,"href":"https:\/\/www.kostuemebreuer.de\/english\/wp-json\/wp\/v2\/product_tag?post=3885"}],"curies":[{"name":"wp","href":"https:\/\/api.w.org\/{rel}","templated":true}]}}