{"id":3397,"date":"2015-12-08T11:08:36","date_gmt":"2015-12-08T09:08:36","guid":{"rendered":"http:\/\/kostuemverleih.com\/produkt\/schweizer-herrentracht\/"},"modified":"2023-12-02T06:01:23","modified_gmt":"2023-12-02T04:01:23","slug":"schweizer-herrentracht","status":"publish","type":"product","link":"https:\/\/www.kostuemebreuer.de\/english\/produkt\/schweizer-herrentracht\/","title":{"rendered":"Schweizer Tracht (Weste, Kniebundhose, Hosentr\u00e4ger, Hut, Hemd, Schultertuch, Kniestr\u00fcmpfe und Haferlschuhe)"},"content":{"rendered":"<p>Schweizer Tracht, bestehend aus einer Weste, Kniebundhose aus Leder, Hosentr\u00e4ger, Hut, Hemd, Schultertuch, Kniestr\u00fcmpfen und Haferlschuhen.<\/p>\n","protected":false},"excerpt":{"rendered":"<p>Schweizer Tracht, bestehend aus einer Weste, Kniebundhose aus Leder, Hosentr\u00e4ger, Hut, Hemd, Schultertuch, Kniestr\u00fcmpfen und Haferlschuhen.<\/p>\n","protected":false},"featured_media":5983,"template":"","meta":{"_acf_changed":false},"product_brand":[],"product_cat":[29,12],"product_tag":[43,63],"class_list":{"0":"post-3397","1":"product","2":"type-product","3":"status-publish","4":"has-post-thumbnail","6":"product_cat-kostueme","7":"product_cat-lederhose-dirndl","8":"product_tag-europaeische-trachten","9":"product_tag-rot","10":"product_shipping_class-versandklasse-2","11":"infinite-scroll-item","13":"first","14":"instock","15":"taxable","16":"shipping-taxable","17":"purchasable","18":"product-type-simple"},"yoast_head":"<!-- This site is optimized with the Yoast SEO plugin v27.2 - https:\/\/yoast.com\/product\/yoast-seo-wordpress\/ -->\n<title>Schweizer Tracht (Weste, Kniebundhose, Hosentr\u00e4ger, Hut, Hemd, Schultertuch, Kniestr\u00fcmpfe und Haferlschuhe) - Costumes Breuer<\/title>\n<meta name=\"description\" content=\"Schweizer Tracht, bestehend aus einer Weste, Kniebundhose aus Leder, Hosentr\u00e4ger, Hut, Hemd, Schultertuch, Kniestr\u00fcmpfen und Haferlschuhen.\" \/>\n<meta name=\"robots\" content=\"index, follow, max-snippet:-1, max-image-preview:large, max-video-preview:-1\" \/>\n<link rel=\"canonical\" href=\"https:\/\/www.kostuemebreuer.de\/english\/produkt\/schweizer-herrentracht\/\" \/>\n<meta property=\"og:locale\" content=\"en_GB\" \/>\n<meta property=\"og:type\" content=\"article\" \/>\n<meta property=\"og:title\" content=\"Schweizer Tracht (Weste, Kniebundhose, Hosentr\u00e4ger, Hut, Hemd, Schultertuch, Kniestr\u00fcmpfe und Haferlschuhe) - Costumes Breuer\" \/>\n<meta property=\"og:description\" content=\"Schweizer Tracht, bestehend aus einer Weste, Kniebundhose aus Leder, Hosentr\u00e4ger, Hut, Hemd, Schultertuch, Kniestr\u00fcmpfen und Haferlschuhen.\" \/>\n<meta property=\"og:url\" content=\"https:\/\/www.kostuemebreuer.de\/english\/produkt\/schweizer-herrentracht\/\" \/>\n<meta property=\"og:site_name\" content=\"Costumes Breuer\" \/>\n<meta property=\"article:publisher\" content=\"https:\/\/www.facebook.com\/Kostuemebreuer\/?locale=de_DE\" \/>\n<meta property=\"article:modified_time\" content=\"2023-12-02T04:01:23+00:00\" \/>\n<meta property=\"og:image\" content=\"https:\/\/www.kostuemebreuer.de\/english\/wp-content\/uploads\/sites\/6\/Schw._Tracht_m.jpg\" \/>\n\t<meta property=\"og:image:width\" content=\"328\" \/>\n\t<meta property=\"og:image:height\" content=\"800\" \/>\n\t<meta property=\"og:image:type\" content=\"image\/jpeg\" \/>\n<meta name=\"twitter:card\" content=\"summary_large_image\" \/>\n<script type=\"application\/ld+json\" class=\"yoast-schema-graph\">{\"@context\":\"https:\/\/schema.org\",\"@graph\":[{\"@type\":\"WebPage\",\"@id\":\"https:\/\/www.kostuemebreuer.de\/english\/produkt\/schweizer-herrentracht\/\",\"url\":\"https:\/\/www.kostuemebreuer.de\/english\/produkt\/schweizer-herrentracht\/\",\"name\":\"Schweizer Tracht (Weste, Kniebundhose, Hosentr\u00e4ger, Hut, Hemd, Schultertuch, Kniestr\u00fcmpfe und Haferlschuhe) - Costumes Breuer\",\"isPartOf\":{\"@id\":\"https:\/\/www.kostuemebreuer.de\/english\/#website\"},\"primaryImageOfPage\":{\"@id\":\"https:\/\/www.kostuemebreuer.de\/english\/produkt\/schweizer-herrentracht\/#primaryimage\"},\"image\":{\"@id\":\"https:\/\/www.kostuemebreuer.de\/english\/produkt\/schweizer-herrentracht\/#primaryimage\"},\"thumbnailUrl\":\"https:\/\/www.kostuemebreuer.de\/english\/wp-content\/uploads\/sites\/6\/Schw._Tracht_m.jpg\",\"datePublished\":\"2015-12-08T09:08:36+00:00\",\"dateModified\":\"2023-12-02T04:01:23+00:00\",\"description\":\"Schweizer Tracht, bestehend aus einer Weste, Kniebundhose aus Leder, Hosentr\u00e4ger, Hut, Hemd, Schultertuch, Kniestr\u00fcmpfen und Haferlschuhen.\",\"breadcrumb\":{\"@id\":\"https:\/\/www.kostuemebreuer.de\/english\/produkt\/schweizer-herrentracht\/#breadcrumb\"},\"inLanguage\":\"en-GB\",\"potentialAction\":[{\"@type\":\"ReadAction\",\"target\":[\"https:\/\/www.kostuemebreuer.de\/english\/produkt\/schweizer-herrentracht\/\"]}]},{\"@type\":\"ImageObject\",\"inLanguage\":\"en-GB\",\"@id\":\"https:\/\/www.kostuemebreuer.de\/english\/produkt\/schweizer-herrentracht\/#primaryimage\",\"url\":\"https:\/\/www.kostuemebreuer.de\/english\/wp-content\/uploads\/sites\/6\/Schw._Tracht_m.jpg\",\"contentUrl\":\"https:\/\/www.kostuemebreuer.de\/english\/wp-content\/uploads\/sites\/6\/Schw._Tracht_m.jpg\",\"width\":328,\"height\":800},{\"@type\":\"BreadcrumbList\",\"@id\":\"https:\/\/www.kostuemebreuer.de\/english\/produkt\/schweizer-herrentracht\/#breadcrumb\",\"itemListElement\":[{\"@type\":\"ListItem\",\"position\":1,\"name\":\"Startseite\",\"item\":\"https:\/\/www.kostuemebreuer.de\/english\/\"},{\"@type\":\"ListItem\",\"position\":2,\"name\":\"Kost\u00fcme\",\"item\":\"https:\/\/www.kostuemebreuer.de\/english\/kostueme\/\"},{\"@type\":\"ListItem\",\"position\":3,\"name\":\"Schweizer Tracht (Weste, Kniebundhose, Hosentr\u00e4ger, Hut, Hemd, Schultertuch, Kniestr\u00fcmpfe und Haferlschuhe)\"}]},{\"@type\":\"WebSite\",\"@id\":\"https:\/\/www.kostuemebreuer.de\/english\/#website\",\"url\":\"https:\/\/www.kostuemebreuer.de\/english\/\",\"name\":\"Kost\u00fcme Breuer in M\u00fcnchen\",\"description\":\"Kost\u00fcmverleih\",\"publisher\":{\"@id\":\"https:\/\/www.kostuemebreuer.de\/english\/#organization\"},\"alternateName\":\"Kost\u00fcmverleih Breuer\",\"potentialAction\":[{\"@type\":\"SearchAction\",\"target\":{\"@type\":\"EntryPoint\",\"urlTemplate\":\"https:\/\/www.kostuemebreuer.de\/english\/?s={search_term_string}\"},\"query-input\":{\"@type\":\"PropertyValueSpecification\",\"valueRequired\":true,\"valueName\":\"search_term_string\"}}],\"inLanguage\":\"en-GB\"},{\"@type\":\"Organization\",\"@id\":\"https:\/\/www.kostuemebreuer.de\/english\/#organization\",\"name\":\"Kost\u00fcme Breuer in M\u00fcnchen\",\"url\":\"https:\/\/www.kostuemebreuer.de\/english\/\",\"logo\":{\"@type\":\"ImageObject\",\"inLanguage\":\"en-GB\",\"@id\":\"https:\/\/www.kostuemebreuer.de\/english\/#\/schema\/logo\/image\/\",\"url\":\"https:\/\/www.kostuemebreuer.de\/english\/wp-content\/uploads\/sites\/6\/logo.svg\",\"contentUrl\":\"https:\/\/www.kostuemebreuer.de\/english\/wp-content\/uploads\/sites\/6\/logo.svg\",\"caption\":\"Kost\u00fcme Breuer in M\u00fcnchen\"},\"image\":{\"@id\":\"https:\/\/www.kostuemebreuer.de\/english\/#\/schema\/logo\/image\/\"},\"sameAs\":[\"https:\/\/www.facebook.com\/Kostuemebreuer\/?locale=de_DE\",\"https:\/\/www.instagram.com\/kostuemebreuer\/\"]}]}<\/script>\n<!-- \/ Yoast SEO plugin. -->","yoast_head_json":{"title":"Schweizer Tracht (Weste, Kniebundhose, Hosentr\u00e4ger, Hut, Hemd, Schultertuch, Kniestr\u00fcmpfe und Haferlschuhe) - Costumes Breuer","description":"Schweizer Tracht, bestehend aus einer Weste, Kniebundhose aus Leder, Hosentr\u00e4ger, Hut, Hemd, Schultertuch, Kniestr\u00fcmpfen und Haferlschuhen.","robots":{"index":"index","follow":"follow","max-snippet":"max-snippet:-1","max-image-preview":"max-image-preview:large","max-video-preview":"max-video-preview:-1"},"canonical":"https:\/\/www.kostuemebreuer.de\/english\/produkt\/schweizer-herrentracht\/","og_locale":"en_GB","og_type":"article","og_title":"Schweizer Tracht (Weste, Kniebundhose, Hosentr\u00e4ger, Hut, Hemd, Schultertuch, Kniestr\u00fcmpfe und Haferlschuhe) - Costumes Breuer","og_description":"Schweizer Tracht, bestehend aus einer Weste, Kniebundhose aus Leder, Hosentr\u00e4ger, Hut, Hemd, Schultertuch, Kniestr\u00fcmpfen und Haferlschuhen.","og_url":"https:\/\/www.kostuemebreuer.de\/english\/produkt\/schweizer-herrentracht\/","og_site_name":"Costumes Breuer","article_publisher":"https:\/\/www.facebook.com\/Kostuemebreuer\/?locale=de_DE","article_modified_time":"2023-12-02T04:01:23+00:00","og_image":[{"width":328,"height":800,"url":"https:\/\/www.kostuemebreuer.de\/english\/wp-content\/uploads\/sites\/6\/Schw._Tracht_m.jpg","type":"image\/jpeg"}],"twitter_card":"summary_large_image","schema":{"@context":"https:\/\/schema.org","@graph":[{"@type":"WebPage","@id":"https:\/\/www.kostuemebreuer.de\/english\/produkt\/schweizer-herrentracht\/","url":"https:\/\/www.kostuemebreuer.de\/english\/produkt\/schweizer-herrentracht\/","name":"Schweizer Tracht (Weste, Kniebundhose, Hosentr\u00e4ger, Hut, Hemd, Schultertuch, Kniestr\u00fcmpfe und Haferlschuhe) - Costumes Breuer","isPartOf":{"@id":"https:\/\/www.kostuemebreuer.de\/english\/#website"},"primaryImageOfPage":{"@id":"https:\/\/www.kostuemebreuer.de\/english\/produkt\/schweizer-herrentracht\/#primaryimage"},"image":{"@id":"https:\/\/www.kostuemebreuer.de\/english\/produkt\/schweizer-herrentracht\/#primaryimage"},"thumbnailUrl":"https:\/\/www.kostuemebreuer.de\/english\/wp-content\/uploads\/sites\/6\/Schw._Tracht_m.jpg","datePublished":"2015-12-08T09:08:36+00:00","dateModified":"2023-12-02T04:01:23+00:00","description":"Schweizer Tracht, bestehend aus einer Weste, Kniebundhose aus Leder, Hosentr\u00e4ger, Hut, Hemd, Schultertuch, Kniestr\u00fcmpfen und Haferlschuhen.","breadcrumb":{"@id":"https:\/\/www.kostuemebreuer.de\/english\/produkt\/schweizer-herrentracht\/#breadcrumb"},"inLanguage":"en-GB","potentialAction":[{"@type":"ReadAction","target":["https:\/\/www.kostuemebreuer.de\/english\/produkt\/schweizer-herrentracht\/"]}]},{"@type":"ImageObject","inLanguage":"en-GB","@id":"https:\/\/www.kostuemebreuer.de\/english\/produkt\/schweizer-herrentracht\/#primaryimage","url":"https:\/\/www.kostuemebreuer.de\/english\/wp-content\/uploads\/sites\/6\/Schw._Tracht_m.jpg","contentUrl":"https:\/\/www.kostuemebreuer.de\/english\/wp-content\/uploads\/sites\/6\/Schw._Tracht_m.jpg","width":328,"height":800},{"@type":"BreadcrumbList","@id":"https:\/\/www.kostuemebreuer.de\/english\/produkt\/schweizer-herrentracht\/#breadcrumb","itemListElement":[{"@type":"ListItem","position":1,"name":"Startseite","item":"https:\/\/www.kostuemebreuer.de\/english\/"},{"@type":"ListItem","position":2,"name":"Kost\u00fcme","item":"https:\/\/www.kostuemebreuer.de\/english\/kostueme\/"},{"@type":"ListItem","position":3,"name":"Schweizer Tracht (Weste, Kniebundhose, Hosentr\u00e4ger, Hut, Hemd, Schultertuch, Kniestr\u00fcmpfe und Haferlschuhe)"}]},{"@type":"WebSite","@id":"https:\/\/www.kostuemebreuer.de\/english\/#website","url":"https:\/\/www.kostuemebreuer.de\/english\/","name":"Kost\u00fcme Breuer in M\u00fcnchen","description":"Kost\u00fcmverleih","publisher":{"@id":"https:\/\/www.kostuemebreuer.de\/english\/#organization"},"alternateName":"Kost\u00fcmverleih Breuer","potentialAction":[{"@type":"SearchAction","target":{"@type":"EntryPoint","urlTemplate":"https:\/\/www.kostuemebreuer.de\/english\/?s={search_term_string}"},"query-input":{"@type":"PropertyValueSpecification","valueRequired":true,"valueName":"search_term_string"}}],"inLanguage":"en-GB"},{"@type":"Organization","@id":"https:\/\/www.kostuemebreuer.de\/english\/#organization","name":"Kost\u00fcme Breuer in M\u00fcnchen","url":"https:\/\/www.kostuemebreuer.de\/english\/","logo":{"@type":"ImageObject","inLanguage":"en-GB","@id":"https:\/\/www.kostuemebreuer.de\/english\/#\/schema\/logo\/image\/","url":"https:\/\/www.kostuemebreuer.de\/english\/wp-content\/uploads\/sites\/6\/logo.svg","contentUrl":"https:\/\/www.kostuemebreuer.de\/english\/wp-content\/uploads\/sites\/6\/logo.svg","caption":"Kost\u00fcme Breuer in M\u00fcnchen"},"image":{"@id":"https:\/\/www.kostuemebreuer.de\/english\/#\/schema\/logo\/image\/"},"sameAs":["https:\/\/www.facebook.com\/Kostuemebreuer\/?locale=de_DE","https:\/\/www.instagram.com\/kostuemebreuer\/"]}]}},"acf":[],"_links":{"self":[{"href":"https:\/\/www.kostuemebreuer.de\/english\/wp-json\/wp\/v2\/product\/3397","targetHints":{"allow":["GET"]}}],"collection":[{"href":"https:\/\/www.kostuemebreuer.de\/english\/wp-json\/wp\/v2\/product"}],"about":[{"href":"https:\/\/www.kostuemebreuer.de\/english\/wp-json\/wp\/v2\/types\/product"}],"wp:featuredmedia":[{"embeddable":true,"href":"https:\/\/www.kostuemebreuer.de\/english\/wp-json\/wp\/v2\/media\/5983"}],"wp:attachment":[{"href":"https:\/\/www.kostuemebreuer.de\/english\/wp-json\/wp\/v2\/media?parent=3397"}],"wp:term":[{"taxonomy":"product_brand","embeddable":true,"href":"https:\/\/www.kostuemebreuer.de\/english\/wp-json\/wp\/v2\/product_brand?post=3397"},{"taxonomy":"product_cat","embeddable":true,"href":"https:\/\/www.kostuemebreuer.de\/english\/wp-json\/wp\/v2\/product_cat?post=3397"},{"taxonomy":"product_tag","embeddable":true,"href":"https:\/\/www.kostuemebreuer.de\/english\/wp-json\/wp\/v2\/product_tag?post=3397"}],"curies":[{"name":"wp","href":"https:\/\/api.w.org\/{rel}","templated":true}]}}