{"id":3269,"date":"2015-12-08T11:04:36","date_gmt":"2015-12-08T09:04:36","guid":{"rendered":"http:\/\/kostuemverleih.com\/produkt\/rokokofrack-27\/"},"modified":"2023-12-02T06:01:19","modified_gmt":"2023-12-02T04:01:19","slug":"rokokofrack-27","status":"publish","type":"product","link":"https:\/\/www.kostuemebreuer.de\/english\/produkt\/rokokofrack-27\/","title":{"rendered":"Rokoko &#8211; Karneval in Venedig Outfit &#8211; Schwarzer Samt (Weste und Jabot)"},"content":{"rendered":"<p>Rokoko &#8211; Karneval in Venedig Outfit, bestehend aus schwarzgoldener Weste und Jabot, wahlweise erweiterbar mit Kniebundhose und Dreispitz (Paket 2), sowie R\u00fcschenhemd, Kniestr\u00fcmpfen und Schuhschleifen (Paket 3), als auch einem Rokokofrack in Samt. (Paket 4)<\/p>\n","protected":false},"excerpt":{"rendered":"<p>Rokoko &#8211; Karneval in Venedig Outfit, bestehend aus schwarzgoldener Weste und Jabot, wahlweise erweiterbar mit <strong>Kniebundhose und Dreispitz<\/strong> (Paket 2), sowie <strong>R\u00fcschenhemd, Kniestr\u00fcmpfen und Schuhschleifen<\/strong> (Paket 3), als auch einem <strong>Rokokofrack in schwarzem Samt<\/strong>. (Paket 4)<\/p>\n","protected":false},"featured_media":5866,"template":"","meta":{"_acf_changed":false},"product_brand":[],"product_cat":[97,29],"product_tag":[75,123,42],"class_list":{"0":"post-3269","1":"product","2":"type-product","3":"status-publish","4":"has-post-thumbnail","6":"product_cat-fasching","7":"product_cat-kostueme","8":"product_tag-karneval-in-venedig","9":"product_tag-rokoko","10":"product_tag-schwarz","11":"product_shipping_class-versandklasse-2","12":"infinite-scroll-item","14":"first","15":"instock","16":"taxable","17":"shipping-taxable","18":"purchasable","19":"product-type-simple"},"yoast_head":"<!-- This site is optimized with the Yoast SEO plugin v27.2 - https:\/\/yoast.com\/product\/yoast-seo-wordpress\/ -->\n<title>Rokoko - Karneval in Venedig Outfit - Schwarzer Samt (Weste und Jabot) - Costumes Breuer<\/title>\n<meta name=\"description\" content=\"Rokoko - Karneval in Venedig Outfit, bestehend aus schwarzgoldener Weste und Jabot, wahlweise erweiterbar mit Kniebundhose und Dreispitz (Paket 2), sowie R\u00fcschenhemd, Kniestr\u00fcmpfen und Schuhschleifen (Paket 3), als auch einem Rokokofrack in schwarzem Samt. (Paket 4)\" \/>\n<meta name=\"robots\" content=\"index, follow, max-snippet:-1, max-image-preview:large, max-video-preview:-1\" \/>\n<link rel=\"canonical\" href=\"https:\/\/www.kostuemebreuer.de\/english\/produkt\/rokokofrack-27\/\" \/>\n<meta property=\"og:locale\" content=\"en_GB\" \/>\n<meta property=\"og:type\" content=\"article\" \/>\n<meta property=\"og:title\" content=\"Rokoko - Karneval in Venedig Outfit - Schwarzer Samt (Weste und Jabot) - Costumes Breuer\" \/>\n<meta property=\"og:description\" content=\"Rokoko - Karneval in Venedig Outfit, bestehend aus schwarzgoldener Weste und Jabot, wahlweise erweiterbar mit Kniebundhose und Dreispitz (Paket 2), sowie R\u00fcschenhemd, Kniestr\u00fcmpfen und Schuhschleifen (Paket 3), als auch einem Rokokofrack in schwarzem Samt. (Paket 4)\" \/>\n<meta property=\"og:url\" content=\"https:\/\/www.kostuemebreuer.de\/english\/produkt\/rokokofrack-27\/\" \/>\n<meta property=\"og:site_name\" content=\"Costumes Breuer\" \/>\n<meta property=\"article:publisher\" content=\"https:\/\/www.facebook.com\/Kostuemebreuer\/?locale=de_DE\" \/>\n<meta property=\"article:modified_time\" content=\"2023-12-02T04:01:19+00:00\" \/>\n<meta property=\"og:image\" content=\"https:\/\/www.kostuemebreuer.de\/english\/wp-content\/uploads\/sites\/6\/Rokokofrack_schwarz_samt.jpg\" \/>\n\t<meta property=\"og:image:width\" content=\"313\" \/>\n\t<meta property=\"og:image:height\" content=\"800\" \/>\n\t<meta property=\"og:image:type\" content=\"image\/jpeg\" \/>\n<meta name=\"twitter:card\" content=\"summary_large_image\" \/>\n<script type=\"application\/ld+json\" class=\"yoast-schema-graph\">{\"@context\":\"https:\/\/schema.org\",\"@graph\":[{\"@type\":\"WebPage\",\"@id\":\"https:\/\/www.kostuemebreuer.de\/english\/produkt\/rokokofrack-27\/\",\"url\":\"https:\/\/www.kostuemebreuer.de\/english\/produkt\/rokokofrack-27\/\",\"name\":\"Rokoko - Karneval in Venedig Outfit - Schwarzer Samt (Weste und Jabot) - Costumes Breuer\",\"isPartOf\":{\"@id\":\"https:\/\/www.kostuemebreuer.de\/english\/#website\"},\"primaryImageOfPage\":{\"@id\":\"https:\/\/www.kostuemebreuer.de\/english\/produkt\/rokokofrack-27\/#primaryimage\"},\"image\":{\"@id\":\"https:\/\/www.kostuemebreuer.de\/english\/produkt\/rokokofrack-27\/#primaryimage\"},\"thumbnailUrl\":\"https:\/\/www.kostuemebreuer.de\/english\/wp-content\/uploads\/sites\/6\/Rokokofrack_schwarz_samt.jpg\",\"datePublished\":\"2015-12-08T09:04:36+00:00\",\"dateModified\":\"2023-12-02T04:01:19+00:00\",\"description\":\"Rokoko - Karneval in Venedig Outfit, bestehend aus schwarzgoldener Weste und Jabot, wahlweise erweiterbar mit Kniebundhose und Dreispitz (Paket 2), sowie R\u00fcschenhemd, Kniestr\u00fcmpfen und Schuhschleifen (Paket 3), als auch einem Rokokofrack in schwarzem Samt. (Paket 4)\",\"breadcrumb\":{\"@id\":\"https:\/\/www.kostuemebreuer.de\/english\/produkt\/rokokofrack-27\/#breadcrumb\"},\"inLanguage\":\"en-GB\",\"potentialAction\":[{\"@type\":\"ReadAction\",\"target\":[\"https:\/\/www.kostuemebreuer.de\/english\/produkt\/rokokofrack-27\/\"]}]},{\"@type\":\"ImageObject\",\"inLanguage\":\"en-GB\",\"@id\":\"https:\/\/www.kostuemebreuer.de\/english\/produkt\/rokokofrack-27\/#primaryimage\",\"url\":\"https:\/\/www.kostuemebreuer.de\/english\/wp-content\/uploads\/sites\/6\/Rokokofrack_schwarz_samt.jpg\",\"contentUrl\":\"https:\/\/www.kostuemebreuer.de\/english\/wp-content\/uploads\/sites\/6\/Rokokofrack_schwarz_samt.jpg\",\"width\":313,\"height\":800},{\"@type\":\"BreadcrumbList\",\"@id\":\"https:\/\/www.kostuemebreuer.de\/english\/produkt\/rokokofrack-27\/#breadcrumb\",\"itemListElement\":[{\"@type\":\"ListItem\",\"position\":1,\"name\":\"Startseite\",\"item\":\"https:\/\/www.kostuemebreuer.de\/english\/\"},{\"@type\":\"ListItem\",\"position\":2,\"name\":\"Kost\u00fcme\",\"item\":\"https:\/\/www.kostuemebreuer.de\/english\/kostueme\/\"},{\"@type\":\"ListItem\",\"position\":3,\"name\":\"Rokoko &#8211; Karneval in Venedig Outfit &#8211; Schwarzer Samt (Weste und Jabot)\"}]},{\"@type\":\"WebSite\",\"@id\":\"https:\/\/www.kostuemebreuer.de\/english\/#website\",\"url\":\"https:\/\/www.kostuemebreuer.de\/english\/\",\"name\":\"Kost\u00fcme Breuer in M\u00fcnchen\",\"description\":\"Kost\u00fcmverleih\",\"publisher\":{\"@id\":\"https:\/\/www.kostuemebreuer.de\/english\/#organization\"},\"alternateName\":\"Kost\u00fcmverleih Breuer\",\"potentialAction\":[{\"@type\":\"SearchAction\",\"target\":{\"@type\":\"EntryPoint\",\"urlTemplate\":\"https:\/\/www.kostuemebreuer.de\/english\/?s={search_term_string}\"},\"query-input\":{\"@type\":\"PropertyValueSpecification\",\"valueRequired\":true,\"valueName\":\"search_term_string\"}}],\"inLanguage\":\"en-GB\"},{\"@type\":\"Organization\",\"@id\":\"https:\/\/www.kostuemebreuer.de\/english\/#organization\",\"name\":\"Kost\u00fcme Breuer in M\u00fcnchen\",\"url\":\"https:\/\/www.kostuemebreuer.de\/english\/\",\"logo\":{\"@type\":\"ImageObject\",\"inLanguage\":\"en-GB\",\"@id\":\"https:\/\/www.kostuemebreuer.de\/english\/#\/schema\/logo\/image\/\",\"url\":\"https:\/\/www.kostuemebreuer.de\/english\/wp-content\/uploads\/sites\/6\/logo.svg\",\"contentUrl\":\"https:\/\/www.kostuemebreuer.de\/english\/wp-content\/uploads\/sites\/6\/logo.svg\",\"caption\":\"Kost\u00fcme Breuer in M\u00fcnchen\"},\"image\":{\"@id\":\"https:\/\/www.kostuemebreuer.de\/english\/#\/schema\/logo\/image\/\"},\"sameAs\":[\"https:\/\/www.facebook.com\/Kostuemebreuer\/?locale=de_DE\",\"https:\/\/www.instagram.com\/kostuemebreuer\/\"]}]}<\/script>\n<!-- \/ Yoast SEO plugin. -->","yoast_head_json":{"title":"Rokoko - Karneval in Venedig Outfit - Schwarzer Samt (Weste und Jabot) - Costumes Breuer","description":"Rokoko - Karneval in Venedig Outfit, bestehend aus schwarzgoldener Weste und Jabot, wahlweise erweiterbar mit Kniebundhose und Dreispitz (Paket 2), sowie R\u00fcschenhemd, Kniestr\u00fcmpfen und Schuhschleifen (Paket 3), als auch einem Rokokofrack in schwarzem Samt. (Paket 4)","robots":{"index":"index","follow":"follow","max-snippet":"max-snippet:-1","max-image-preview":"max-image-preview:large","max-video-preview":"max-video-preview:-1"},"canonical":"https:\/\/www.kostuemebreuer.de\/english\/produkt\/rokokofrack-27\/","og_locale":"en_GB","og_type":"article","og_title":"Rokoko - Karneval in Venedig Outfit - Schwarzer Samt (Weste und Jabot) - Costumes Breuer","og_description":"Rokoko - Karneval in Venedig Outfit, bestehend aus schwarzgoldener Weste und Jabot, wahlweise erweiterbar mit Kniebundhose und Dreispitz (Paket 2), sowie R\u00fcschenhemd, Kniestr\u00fcmpfen und Schuhschleifen (Paket 3), als auch einem Rokokofrack in schwarzem Samt. (Paket 4)","og_url":"https:\/\/www.kostuemebreuer.de\/english\/produkt\/rokokofrack-27\/","og_site_name":"Costumes Breuer","article_publisher":"https:\/\/www.facebook.com\/Kostuemebreuer\/?locale=de_DE","article_modified_time":"2023-12-02T04:01:19+00:00","og_image":[{"width":313,"height":800,"url":"https:\/\/www.kostuemebreuer.de\/english\/wp-content\/uploads\/sites\/6\/Rokokofrack_schwarz_samt.jpg","type":"image\/jpeg"}],"twitter_card":"summary_large_image","schema":{"@context":"https:\/\/schema.org","@graph":[{"@type":"WebPage","@id":"https:\/\/www.kostuemebreuer.de\/english\/produkt\/rokokofrack-27\/","url":"https:\/\/www.kostuemebreuer.de\/english\/produkt\/rokokofrack-27\/","name":"Rokoko - Karneval in Venedig Outfit - Schwarzer Samt (Weste und Jabot) - Costumes Breuer","isPartOf":{"@id":"https:\/\/www.kostuemebreuer.de\/english\/#website"},"primaryImageOfPage":{"@id":"https:\/\/www.kostuemebreuer.de\/english\/produkt\/rokokofrack-27\/#primaryimage"},"image":{"@id":"https:\/\/www.kostuemebreuer.de\/english\/produkt\/rokokofrack-27\/#primaryimage"},"thumbnailUrl":"https:\/\/www.kostuemebreuer.de\/english\/wp-content\/uploads\/sites\/6\/Rokokofrack_schwarz_samt.jpg","datePublished":"2015-12-08T09:04:36+00:00","dateModified":"2023-12-02T04:01:19+00:00","description":"Rokoko - Karneval in Venedig Outfit, bestehend aus schwarzgoldener Weste und Jabot, wahlweise erweiterbar mit Kniebundhose und Dreispitz (Paket 2), sowie R\u00fcschenhemd, Kniestr\u00fcmpfen und Schuhschleifen (Paket 3), als auch einem Rokokofrack in schwarzem Samt. (Paket 4)","breadcrumb":{"@id":"https:\/\/www.kostuemebreuer.de\/english\/produkt\/rokokofrack-27\/#breadcrumb"},"inLanguage":"en-GB","potentialAction":[{"@type":"ReadAction","target":["https:\/\/www.kostuemebreuer.de\/english\/produkt\/rokokofrack-27\/"]}]},{"@type":"ImageObject","inLanguage":"en-GB","@id":"https:\/\/www.kostuemebreuer.de\/english\/produkt\/rokokofrack-27\/#primaryimage","url":"https:\/\/www.kostuemebreuer.de\/english\/wp-content\/uploads\/sites\/6\/Rokokofrack_schwarz_samt.jpg","contentUrl":"https:\/\/www.kostuemebreuer.de\/english\/wp-content\/uploads\/sites\/6\/Rokokofrack_schwarz_samt.jpg","width":313,"height":800},{"@type":"BreadcrumbList","@id":"https:\/\/www.kostuemebreuer.de\/english\/produkt\/rokokofrack-27\/#breadcrumb","itemListElement":[{"@type":"ListItem","position":1,"name":"Startseite","item":"https:\/\/www.kostuemebreuer.de\/english\/"},{"@type":"ListItem","position":2,"name":"Kost\u00fcme","item":"https:\/\/www.kostuemebreuer.de\/english\/kostueme\/"},{"@type":"ListItem","position":3,"name":"Rokoko &#8211; Karneval in Venedig Outfit &#8211; Schwarzer Samt (Weste und Jabot)"}]},{"@type":"WebSite","@id":"https:\/\/www.kostuemebreuer.de\/english\/#website","url":"https:\/\/www.kostuemebreuer.de\/english\/","name":"Kost\u00fcme Breuer in M\u00fcnchen","description":"Kost\u00fcmverleih","publisher":{"@id":"https:\/\/www.kostuemebreuer.de\/english\/#organization"},"alternateName":"Kost\u00fcmverleih Breuer","potentialAction":[{"@type":"SearchAction","target":{"@type":"EntryPoint","urlTemplate":"https:\/\/www.kostuemebreuer.de\/english\/?s={search_term_string}"},"query-input":{"@type":"PropertyValueSpecification","valueRequired":true,"valueName":"search_term_string"}}],"inLanguage":"en-GB"},{"@type":"Organization","@id":"https:\/\/www.kostuemebreuer.de\/english\/#organization","name":"Kost\u00fcme Breuer in M\u00fcnchen","url":"https:\/\/www.kostuemebreuer.de\/english\/","logo":{"@type":"ImageObject","inLanguage":"en-GB","@id":"https:\/\/www.kostuemebreuer.de\/english\/#\/schema\/logo\/image\/","url":"https:\/\/www.kostuemebreuer.de\/english\/wp-content\/uploads\/sites\/6\/logo.svg","contentUrl":"https:\/\/www.kostuemebreuer.de\/english\/wp-content\/uploads\/sites\/6\/logo.svg","caption":"Kost\u00fcme Breuer in M\u00fcnchen"},"image":{"@id":"https:\/\/www.kostuemebreuer.de\/english\/#\/schema\/logo\/image\/"},"sameAs":["https:\/\/www.facebook.com\/Kostuemebreuer\/?locale=de_DE","https:\/\/www.instagram.com\/kostuemebreuer\/"]}]}},"acf":[],"_links":{"self":[{"href":"https:\/\/www.kostuemebreuer.de\/english\/wp-json\/wp\/v2\/product\/3269","targetHints":{"allow":["GET"]}}],"collection":[{"href":"https:\/\/www.kostuemebreuer.de\/english\/wp-json\/wp\/v2\/product"}],"about":[{"href":"https:\/\/www.kostuemebreuer.de\/english\/wp-json\/wp\/v2\/types\/product"}],"wp:featuredmedia":[{"embeddable":true,"href":"https:\/\/www.kostuemebreuer.de\/english\/wp-json\/wp\/v2\/media\/5866"}],"wp:attachment":[{"href":"https:\/\/www.kostuemebreuer.de\/english\/wp-json\/wp\/v2\/media?parent=3269"}],"wp:term":[{"taxonomy":"product_brand","embeddable":true,"href":"https:\/\/www.kostuemebreuer.de\/english\/wp-json\/wp\/v2\/product_brand?post=3269"},{"taxonomy":"product_cat","embeddable":true,"href":"https:\/\/www.kostuemebreuer.de\/english\/wp-json\/wp\/v2\/product_cat?post=3269"},{"taxonomy":"product_tag","embeddable":true,"href":"https:\/\/www.kostuemebreuer.de\/english\/wp-json\/wp\/v2\/product_tag?post=3269"}],"curies":[{"name":"wp","href":"https:\/\/api.w.org\/{rel}","templated":true}]}}