{"id":3185,"date":"2015-12-08T11:01:58","date_gmt":"2015-12-08T09:01:58","guid":{"rendered":"http:\/\/kostuemverleih.com\/produkt\/rocker-kiss-2\/"},"modified":"2023-12-02T06:01:16","modified_gmt":"2023-12-02T04:01:16","slug":"rocker-kiss-2","status":"publish","type":"product","link":"https:\/\/www.kostuemebreuer.de\/english\/produkt\/rocker-kiss-2\/","title":{"rendered":"Rocker &#8211; Kiss &#8211; The Catman Outfit (Overall, Kragen, G\u00fcrtel, Knieschoner, Maske und Stiefel)"},"content":{"rendered":"<p>Rocker &#8211; Kiss &#8211; The Catman Outfit, bestehend aus einem Overall, Kragen, G\u00fcrtel, Knieschoner, Maske und Stiefeln.<\/p>\n<p>Die Per\u00fccke (Kauf) kann separat dazu gebucht werden.<\/p>\n","protected":false},"excerpt":{"rendered":"<p>Rocker &#8211; Kiss &#8211; The Catman Outfit, bestehend aus einem Overall, Kragen, G\u00fcrtel, Knieschoner, Maske und Stiefeln.<\/p>\n<p>Die Per\u00fccke (Kauf) kann separat dazu gebucht werden.<\/p>\n","protected":false},"featured_media":5804,"template":"","meta":{"_acf_changed":false},"product_brand":[],"product_cat":[29],"product_tag":[525,527,529,42,57],"class_list":{"0":"post-3185","1":"product","2":"type-product","3":"status-publish","4":"has-post-thumbnail","6":"product_cat-kostueme","7":"product_tag-70er-jahre-abba-studio-54-flower-power","8":"product_tag-80er-jahre-michael-jackson-miami-vice-dallas","9":"product_tag-90er-jahre-gothic-spice-girls-love-parade","10":"product_tag-schwarz","11":"product_tag-stars","12":"product_shipping_class-versandklasse-2","13":"infinite-scroll-item","15":"first","16":"instock","17":"taxable","18":"shipping-taxable","19":"purchasable","20":"product-type-simple"},"yoast_head":"<!-- This site is optimized with the Yoast SEO plugin v27.2 - https:\/\/yoast.com\/product\/yoast-seo-wordpress\/ -->\n<title>Rocker - Kiss - The Catman Outfit (Overall, Kragen, G\u00fcrtel, Knieschoner, Maske und Stiefel) - Costumes Breuer<\/title>\n<meta name=\"description\" content=\"Rocker - Kiss - The Catman Outfit, bestehend aus einem Overall, Kragen, G\u00fcrtel, Knieschoner, Maske und Stiefeln. Die Per\u00fccke (Kauf) kann separat dazu gebucht werden.\" \/>\n<meta name=\"robots\" content=\"index, follow, max-snippet:-1, max-image-preview:large, max-video-preview:-1\" \/>\n<link rel=\"canonical\" href=\"https:\/\/www.kostuemebreuer.de\/english\/produkt\/rocker-kiss-2\/\" \/>\n<meta property=\"og:locale\" content=\"en_GB\" \/>\n<meta property=\"og:type\" content=\"article\" \/>\n<meta property=\"og:title\" content=\"Rocker - Kiss - The Catman Outfit (Overall, Kragen, G\u00fcrtel, Knieschoner, Maske und Stiefel) - Costumes Breuer\" \/>\n<meta property=\"og:description\" content=\"Rocker - Kiss - The Catman Outfit, bestehend aus einem Overall, Kragen, G\u00fcrtel, Knieschoner, Maske und Stiefeln. Die Per\u00fccke (Kauf) kann separat dazu gebucht werden.\" \/>\n<meta property=\"og:url\" content=\"https:\/\/www.kostuemebreuer.de\/english\/produkt\/rocker-kiss-2\/\" \/>\n<meta property=\"og:site_name\" content=\"Costumes Breuer\" \/>\n<meta property=\"article:publisher\" content=\"https:\/\/www.facebook.com\/Kostuemebreuer\/?locale=de_DE\" \/>\n<meta property=\"article:modified_time\" content=\"2023-12-02T04:01:16+00:00\" \/>\n<meta property=\"og:image\" content=\"https:\/\/www.kostuemebreuer.de\/english\/wp-content\/uploads\/sites\/6\/Rocker_Kiss_2.jpg\" \/>\n\t<meta property=\"og:image:width\" content=\"508\" \/>\n\t<meta property=\"og:image:height\" content=\"800\" \/>\n\t<meta property=\"og:image:type\" content=\"image\/jpeg\" \/>\n<meta name=\"twitter:card\" content=\"summary_large_image\" \/>\n<script type=\"application\/ld+json\" class=\"yoast-schema-graph\">{\"@context\":\"https:\/\/schema.org\",\"@graph\":[{\"@type\":\"WebPage\",\"@id\":\"https:\/\/www.kostuemebreuer.de\/english\/produkt\/rocker-kiss-2\/\",\"url\":\"https:\/\/www.kostuemebreuer.de\/english\/produkt\/rocker-kiss-2\/\",\"name\":\"Rocker - Kiss - The Catman Outfit (Overall, Kragen, G\u00fcrtel, Knieschoner, Maske und Stiefel) - Costumes Breuer\",\"isPartOf\":{\"@id\":\"https:\/\/www.kostuemebreuer.de\/english\/#website\"},\"primaryImageOfPage\":{\"@id\":\"https:\/\/www.kostuemebreuer.de\/english\/produkt\/rocker-kiss-2\/#primaryimage\"},\"image\":{\"@id\":\"https:\/\/www.kostuemebreuer.de\/english\/produkt\/rocker-kiss-2\/#primaryimage\"},\"thumbnailUrl\":\"https:\/\/www.kostuemebreuer.de\/english\/wp-content\/uploads\/sites\/6\/Rocker_Kiss_2.jpg\",\"datePublished\":\"2015-12-08T09:01:58+00:00\",\"dateModified\":\"2023-12-02T04:01:16+00:00\",\"description\":\"Rocker - Kiss - The Catman Outfit, bestehend aus einem Overall, Kragen, G\u00fcrtel, Knieschoner, Maske und Stiefeln. Die Per\u00fccke (Kauf) kann separat dazu gebucht werden.\",\"breadcrumb\":{\"@id\":\"https:\/\/www.kostuemebreuer.de\/english\/produkt\/rocker-kiss-2\/#breadcrumb\"},\"inLanguage\":\"en-GB\",\"potentialAction\":[{\"@type\":\"ReadAction\",\"target\":[\"https:\/\/www.kostuemebreuer.de\/english\/produkt\/rocker-kiss-2\/\"]}]},{\"@type\":\"ImageObject\",\"inLanguage\":\"en-GB\",\"@id\":\"https:\/\/www.kostuemebreuer.de\/english\/produkt\/rocker-kiss-2\/#primaryimage\",\"url\":\"https:\/\/www.kostuemebreuer.de\/english\/wp-content\/uploads\/sites\/6\/Rocker_Kiss_2.jpg\",\"contentUrl\":\"https:\/\/www.kostuemebreuer.de\/english\/wp-content\/uploads\/sites\/6\/Rocker_Kiss_2.jpg\",\"width\":508,\"height\":800},{\"@type\":\"BreadcrumbList\",\"@id\":\"https:\/\/www.kostuemebreuer.de\/english\/produkt\/rocker-kiss-2\/#breadcrumb\",\"itemListElement\":[{\"@type\":\"ListItem\",\"position\":1,\"name\":\"Startseite\",\"item\":\"https:\/\/www.kostuemebreuer.de\/english\/\"},{\"@type\":\"ListItem\",\"position\":2,\"name\":\"Kost\u00fcme\",\"item\":\"https:\/\/www.kostuemebreuer.de\/english\/kostueme\/\"},{\"@type\":\"ListItem\",\"position\":3,\"name\":\"Rocker &#8211; Kiss &#8211; The Catman Outfit (Overall, Kragen, G\u00fcrtel, Knieschoner, Maske und Stiefel)\"}]},{\"@type\":\"WebSite\",\"@id\":\"https:\/\/www.kostuemebreuer.de\/english\/#website\",\"url\":\"https:\/\/www.kostuemebreuer.de\/english\/\",\"name\":\"Kost\u00fcme Breuer in M\u00fcnchen\",\"description\":\"Kost\u00fcmverleih\",\"publisher\":{\"@id\":\"https:\/\/www.kostuemebreuer.de\/english\/#organization\"},\"alternateName\":\"Kost\u00fcmverleih Breuer\",\"potentialAction\":[{\"@type\":\"SearchAction\",\"target\":{\"@type\":\"EntryPoint\",\"urlTemplate\":\"https:\/\/www.kostuemebreuer.de\/english\/?s={search_term_string}\"},\"query-input\":{\"@type\":\"PropertyValueSpecification\",\"valueRequired\":true,\"valueName\":\"search_term_string\"}}],\"inLanguage\":\"en-GB\"},{\"@type\":\"Organization\",\"@id\":\"https:\/\/www.kostuemebreuer.de\/english\/#organization\",\"name\":\"Kost\u00fcme Breuer in M\u00fcnchen\",\"url\":\"https:\/\/www.kostuemebreuer.de\/english\/\",\"logo\":{\"@type\":\"ImageObject\",\"inLanguage\":\"en-GB\",\"@id\":\"https:\/\/www.kostuemebreuer.de\/english\/#\/schema\/logo\/image\/\",\"url\":\"https:\/\/www.kostuemebreuer.de\/english\/wp-content\/uploads\/sites\/6\/logo.svg\",\"contentUrl\":\"https:\/\/www.kostuemebreuer.de\/english\/wp-content\/uploads\/sites\/6\/logo.svg\",\"caption\":\"Kost\u00fcme Breuer in M\u00fcnchen\"},\"image\":{\"@id\":\"https:\/\/www.kostuemebreuer.de\/english\/#\/schema\/logo\/image\/\"},\"sameAs\":[\"https:\/\/www.facebook.com\/Kostuemebreuer\/?locale=de_DE\",\"https:\/\/www.instagram.com\/kostuemebreuer\/\"]}]}<\/script>\n<!-- \/ Yoast SEO plugin. -->","yoast_head_json":{"title":"Rocker - Kiss - The Catman Outfit (Overall, Kragen, G\u00fcrtel, Knieschoner, Maske und Stiefel) - Costumes Breuer","description":"Rocker - Kiss - The Catman Outfit, bestehend aus einem Overall, Kragen, G\u00fcrtel, Knieschoner, Maske und Stiefeln. Die Per\u00fccke (Kauf) kann separat dazu gebucht werden.","robots":{"index":"index","follow":"follow","max-snippet":"max-snippet:-1","max-image-preview":"max-image-preview:large","max-video-preview":"max-video-preview:-1"},"canonical":"https:\/\/www.kostuemebreuer.de\/english\/produkt\/rocker-kiss-2\/","og_locale":"en_GB","og_type":"article","og_title":"Rocker - Kiss - The Catman Outfit (Overall, Kragen, G\u00fcrtel, Knieschoner, Maske und Stiefel) - Costumes Breuer","og_description":"Rocker - Kiss - The Catman Outfit, bestehend aus einem Overall, Kragen, G\u00fcrtel, Knieschoner, Maske und Stiefeln. Die Per\u00fccke (Kauf) kann separat dazu gebucht werden.","og_url":"https:\/\/www.kostuemebreuer.de\/english\/produkt\/rocker-kiss-2\/","og_site_name":"Costumes Breuer","article_publisher":"https:\/\/www.facebook.com\/Kostuemebreuer\/?locale=de_DE","article_modified_time":"2023-12-02T04:01:16+00:00","og_image":[{"width":508,"height":800,"url":"https:\/\/www.kostuemebreuer.de\/english\/wp-content\/uploads\/sites\/6\/Rocker_Kiss_2.jpg","type":"image\/jpeg"}],"twitter_card":"summary_large_image","schema":{"@context":"https:\/\/schema.org","@graph":[{"@type":"WebPage","@id":"https:\/\/www.kostuemebreuer.de\/english\/produkt\/rocker-kiss-2\/","url":"https:\/\/www.kostuemebreuer.de\/english\/produkt\/rocker-kiss-2\/","name":"Rocker - Kiss - The Catman Outfit (Overall, Kragen, G\u00fcrtel, Knieschoner, Maske und Stiefel) - Costumes Breuer","isPartOf":{"@id":"https:\/\/www.kostuemebreuer.de\/english\/#website"},"primaryImageOfPage":{"@id":"https:\/\/www.kostuemebreuer.de\/english\/produkt\/rocker-kiss-2\/#primaryimage"},"image":{"@id":"https:\/\/www.kostuemebreuer.de\/english\/produkt\/rocker-kiss-2\/#primaryimage"},"thumbnailUrl":"https:\/\/www.kostuemebreuer.de\/english\/wp-content\/uploads\/sites\/6\/Rocker_Kiss_2.jpg","datePublished":"2015-12-08T09:01:58+00:00","dateModified":"2023-12-02T04:01:16+00:00","description":"Rocker - Kiss - The Catman Outfit, bestehend aus einem Overall, Kragen, G\u00fcrtel, Knieschoner, Maske und Stiefeln. Die Per\u00fccke (Kauf) kann separat dazu gebucht werden.","breadcrumb":{"@id":"https:\/\/www.kostuemebreuer.de\/english\/produkt\/rocker-kiss-2\/#breadcrumb"},"inLanguage":"en-GB","potentialAction":[{"@type":"ReadAction","target":["https:\/\/www.kostuemebreuer.de\/english\/produkt\/rocker-kiss-2\/"]}]},{"@type":"ImageObject","inLanguage":"en-GB","@id":"https:\/\/www.kostuemebreuer.de\/english\/produkt\/rocker-kiss-2\/#primaryimage","url":"https:\/\/www.kostuemebreuer.de\/english\/wp-content\/uploads\/sites\/6\/Rocker_Kiss_2.jpg","contentUrl":"https:\/\/www.kostuemebreuer.de\/english\/wp-content\/uploads\/sites\/6\/Rocker_Kiss_2.jpg","width":508,"height":800},{"@type":"BreadcrumbList","@id":"https:\/\/www.kostuemebreuer.de\/english\/produkt\/rocker-kiss-2\/#breadcrumb","itemListElement":[{"@type":"ListItem","position":1,"name":"Startseite","item":"https:\/\/www.kostuemebreuer.de\/english\/"},{"@type":"ListItem","position":2,"name":"Kost\u00fcme","item":"https:\/\/www.kostuemebreuer.de\/english\/kostueme\/"},{"@type":"ListItem","position":3,"name":"Rocker &#8211; Kiss &#8211; The Catman Outfit (Overall, Kragen, G\u00fcrtel, Knieschoner, Maske und Stiefel)"}]},{"@type":"WebSite","@id":"https:\/\/www.kostuemebreuer.de\/english\/#website","url":"https:\/\/www.kostuemebreuer.de\/english\/","name":"Kost\u00fcme Breuer in M\u00fcnchen","description":"Kost\u00fcmverleih","publisher":{"@id":"https:\/\/www.kostuemebreuer.de\/english\/#organization"},"alternateName":"Kost\u00fcmverleih Breuer","potentialAction":[{"@type":"SearchAction","target":{"@type":"EntryPoint","urlTemplate":"https:\/\/www.kostuemebreuer.de\/english\/?s={search_term_string}"},"query-input":{"@type":"PropertyValueSpecification","valueRequired":true,"valueName":"search_term_string"}}],"inLanguage":"en-GB"},{"@type":"Organization","@id":"https:\/\/www.kostuemebreuer.de\/english\/#organization","name":"Kost\u00fcme Breuer in M\u00fcnchen","url":"https:\/\/www.kostuemebreuer.de\/english\/","logo":{"@type":"ImageObject","inLanguage":"en-GB","@id":"https:\/\/www.kostuemebreuer.de\/english\/#\/schema\/logo\/image\/","url":"https:\/\/www.kostuemebreuer.de\/english\/wp-content\/uploads\/sites\/6\/logo.svg","contentUrl":"https:\/\/www.kostuemebreuer.de\/english\/wp-content\/uploads\/sites\/6\/logo.svg","caption":"Kost\u00fcme Breuer in M\u00fcnchen"},"image":{"@id":"https:\/\/www.kostuemebreuer.de\/english\/#\/schema\/logo\/image\/"},"sameAs":["https:\/\/www.facebook.com\/Kostuemebreuer\/?locale=de_DE","https:\/\/www.instagram.com\/kostuemebreuer\/"]}]}},"acf":[],"_links":{"self":[{"href":"https:\/\/www.kostuemebreuer.de\/english\/wp-json\/wp\/v2\/product\/3185","targetHints":{"allow":["GET"]}}],"collection":[{"href":"https:\/\/www.kostuemebreuer.de\/english\/wp-json\/wp\/v2\/product"}],"about":[{"href":"https:\/\/www.kostuemebreuer.de\/english\/wp-json\/wp\/v2\/types\/product"}],"wp:featuredmedia":[{"embeddable":true,"href":"https:\/\/www.kostuemebreuer.de\/english\/wp-json\/wp\/v2\/media\/5804"}],"wp:attachment":[{"href":"https:\/\/www.kostuemebreuer.de\/english\/wp-json\/wp\/v2\/media?parent=3185"}],"wp:term":[{"taxonomy":"product_brand","embeddable":true,"href":"https:\/\/www.kostuemebreuer.de\/english\/wp-json\/wp\/v2\/product_brand?post=3185"},{"taxonomy":"product_cat","embeddable":true,"href":"https:\/\/www.kostuemebreuer.de\/english\/wp-json\/wp\/v2\/product_cat?post=3185"},{"taxonomy":"product_tag","embeddable":true,"href":"https:\/\/www.kostuemebreuer.de\/english\/wp-json\/wp\/v2\/product_tag?post=3185"}],"curies":[{"name":"wp","href":"https:\/\/api.w.org\/{rel}","templated":true}]}}