{"id":24290,"date":"2026-04-27T12:09:57","date_gmt":"2026-04-27T10:09:57","guid":{"rendered":"https:\/\/www.kostuemebreuer.de\/english\/produkt\/egerlaender-tracht-damen-mieder-rock-bluse-schuerze-hut-und-struempfe\/"},"modified":"2026-04-27T12:09:57","modified_gmt":"2026-04-27T10:09:57","slug":"egerlaender-tracht-damen-mieder-rock-bluse-schuerze-hut-und-struempfe","status":"publish","type":"product","link":"https:\/\/www.kostuemebreuer.de\/english\/produkt\/egerlaender-tracht-damen-mieder-rock-bluse-schuerze-hut-und-struempfe\/","title":{"rendered":"Produkt"},"content":{"rendered":"<h3>Egerl\u00e4nder Tracht \u2013 Traditionell<\/h3>\n<p>Suchen Sie eine authentische <strong>Egerl\u00e4nder Tracht<\/strong>? Dieses hochwertige Ensemble f\u00fcr Damen vereint Tradition, Handwerkskunst und festlichen Charme. Es besteht aus:<\/p>\n<ul>\n<li><strong>Mieder<\/strong> \u2013 kunstvoll auf der R\u00fcckseite bestickt, ein Highlight traditioneller Handwerkskunst.<\/li>\n<li><strong>Trachtenrock<\/strong> \u2013 in leuchtendem Rot f\u00fcr einen festlichen und ausdrucksstarken Auftritt.<\/li>\n<li><strong>Bluse<\/strong> \u2013 mit liebevoll verzierten \u00c4rmeln, die f\u00fcr das besondere Detail sorgen.<\/li>\n<li><strong>Sch\u00fcrze<\/strong> \u2013 klassisch schwarz gehalten und harmonisch auf das Gesamtbild abgestimmt.<\/li>\n<li><strong>Hut<\/strong> \u2013 elegant geformt und farblich perfekt in das Ensemble integriert.<\/li>\n<li><strong>Batzerlstr\u00fcmpfe<\/strong> \u2013 traditionell und stilvoll f\u00fcr einen vollendeten Look.<\/li>\n<\/ul>\n<h3>Details zur Handwerkskunst dieser Tracht<\/h3>\n<p>Die <strong>Egerl\u00e4nder Tracht<\/strong> ist ein Meisterwerk textiler \u00dcberlieferung und besticht durch ihre markante Farbkomposition. Das Herzst\u00fcck bildet das Mieder, welches durch seine aufwendigen Stickereien auf der R\u00fcckenpartie alle Blicke auf sich zieht und die Taille vorteilhaft betont. Kombiniert wird es mit einer wei\u00dfen Trachtenbluse, deren \u00c4rmelverzierung die Handwerkskunst fr\u00fcherer Generationen widerspiegelt.<\/p>\n<p>Der rote Rock sorgt f\u00fcr eine festliche Silhouette und findet in der edlen schwarzen Sch\u00fcrze einen klassischen Kontrast. Abgerundet wird das Erscheinungsbild durch den charakteristischen Hut und die typischen Str\u00fcmpfe.<\/p>\n<p>Ein Outfit, das bei kirchlichen Feierlichkeiten oder Volksfesten f\u00fcr Aufsehen sorgt. Mit dieser Kombination strahlen Sie Authentizit\u00e4t und zeitlose Sch\u00f6nheit aus.<\/p>\n","protected":false},"excerpt":{"rendered":"<p>Egerl\u00e4nder Tracht \u2013 Traditionell Suchen Sie eine authentische Egerl\u00e4nder Tracht? Dieses hochwertige Ensemble f\u00fcr Damen vereint Tradition, Handwerkskunst und festlichen &#8230; <a title=\"Produkt\" class=\"read-more\" href=\"https:\/\/www.kostuemebreuer.de\/english\/produkt\/egerlaender-tracht-damen-mieder-rock-bluse-schuerze-hut-und-struempfe\/\" aria-label=\"Read more about Produkt\">Read more<\/a><\/p>\n","protected":false},"featured_media":24284,"template":"","meta":{"_acf_changed":false},"product_brand":[],"product_cat":[104],"product_tag":[176],"class_list":{"0":"post-24290","1":"product","2":"type-product","3":"status-publish","4":"has-post-thumbnail","6":"product_cat-dirndl","7":"product_tag-internationale-trachten","8":"infinite-scroll-item","10":"first","11":"instock","12":"taxable","13":"shipping-taxable","14":"purchasable","15":"product-type-simple"},"yoast_head":"<!-- This site is optimized with the Yoast SEO plugin v27.2 - https:\/\/yoast.com\/product\/yoast-seo-wordpress\/ -->\n<title>Produkt - Costumes Breuer<\/title>\n<meta name=\"robots\" content=\"index, follow, max-snippet:-1, max-image-preview:large, max-video-preview:-1\" \/>\n<link rel=\"canonical\" href=\"https:\/\/www.kostuemebreuer.de\/english\/produkt\/egerlaender-tracht-damen-mieder-rock-bluse-schuerze-hut-und-struempfe\/\" \/>\n<meta property=\"og:locale\" content=\"en_GB\" \/>\n<meta property=\"og:type\" content=\"article\" \/>\n<meta property=\"og:title\" content=\"Produkt - Costumes Breuer\" \/>\n<meta property=\"og:description\" content=\"Egerl\u00e4nder Tracht \u2013 Traditionell Suchen Sie eine authentische Egerl\u00e4nder Tracht? Dieses hochwertige Ensemble f\u00fcr Damen vereint Tradition, Handwerkskunst und festlichen ... Read more\" \/>\n<meta property=\"og:url\" content=\"https:\/\/www.kostuemebreuer.de\/english\/produkt\/egerlaender-tracht-damen-mieder-rock-bluse-schuerze-hut-und-struempfe\/\" \/>\n<meta property=\"og:site_name\" content=\"Costumes Breuer\" \/>\n<meta property=\"article:publisher\" content=\"https:\/\/www.facebook.com\/Kostuemebreuer\/?locale=de_DE\" \/>\n<meta property=\"og:image\" content=\"https:\/\/www.kostuemebreuer.de\/english\/wp-content\/uploads\/sites\/6\/Eggerlaender-Tracht-1.jpg\" \/>\n\t<meta property=\"og:image:width\" content=\"540\" \/>\n\t<meta property=\"og:image:height\" content=\"977\" \/>\n\t<meta property=\"og:image:type\" content=\"image\/jpeg\" \/>\n<meta name=\"twitter:card\" content=\"summary_large_image\" \/>\n<meta name=\"twitter:label1\" content=\"Estimated reading time\" \/>\n\t<meta name=\"twitter:data1\" content=\"1 minute\" \/>\n<script type=\"application\/ld+json\" class=\"yoast-schema-graph\">{\"@context\":\"https:\/\/schema.org\",\"@graph\":[{\"@type\":\"WebPage\",\"@id\":\"https:\/\/www.kostuemebreuer.de\/english\/produkt\/egerlaender-tracht-damen-mieder-rock-bluse-schuerze-hut-und-struempfe\/\",\"url\":\"https:\/\/www.kostuemebreuer.de\/english\/produkt\/egerlaender-tracht-damen-mieder-rock-bluse-schuerze-hut-und-struempfe\/\",\"name\":\"Produkt - Costumes Breuer\",\"isPartOf\":{\"@id\":\"https:\/\/www.kostuemebreuer.de\/english\/#website\"},\"primaryImageOfPage\":{\"@id\":\"https:\/\/www.kostuemebreuer.de\/english\/produkt\/egerlaender-tracht-damen-mieder-rock-bluse-schuerze-hut-und-struempfe\/#primaryimage\"},\"image\":{\"@id\":\"https:\/\/www.kostuemebreuer.de\/english\/produkt\/egerlaender-tracht-damen-mieder-rock-bluse-schuerze-hut-und-struempfe\/#primaryimage\"},\"thumbnailUrl\":\"https:\/\/www.kostuemebreuer.de\/english\/wp-content\/uploads\/sites\/6\/Eggerlaender-Tracht-1.jpg\",\"datePublished\":\"2026-04-27T10:09:57+00:00\",\"breadcrumb\":{\"@id\":\"https:\/\/www.kostuemebreuer.de\/english\/produkt\/egerlaender-tracht-damen-mieder-rock-bluse-schuerze-hut-und-struempfe\/#breadcrumb\"},\"inLanguage\":\"en-GB\",\"potentialAction\":[{\"@type\":\"ReadAction\",\"target\":[\"https:\/\/www.kostuemebreuer.de\/english\/produkt\/egerlaender-tracht-damen-mieder-rock-bluse-schuerze-hut-und-struempfe\/\"]}]},{\"@type\":\"ImageObject\",\"inLanguage\":\"en-GB\",\"@id\":\"https:\/\/www.kostuemebreuer.de\/english\/produkt\/egerlaender-tracht-damen-mieder-rock-bluse-schuerze-hut-und-struempfe\/#primaryimage\",\"url\":\"https:\/\/www.kostuemebreuer.de\/english\/wp-content\/uploads\/sites\/6\/Eggerlaender-Tracht-1.jpg\",\"contentUrl\":\"https:\/\/www.kostuemebreuer.de\/english\/wp-content\/uploads\/sites\/6\/Eggerlaender-Tracht-1.jpg\",\"width\":540,\"height\":977},{\"@type\":\"BreadcrumbList\",\"@id\":\"https:\/\/www.kostuemebreuer.de\/english\/produkt\/egerlaender-tracht-damen-mieder-rock-bluse-schuerze-hut-und-struempfe\/#breadcrumb\",\"itemListElement\":[{\"@type\":\"ListItem\",\"position\":1,\"name\":\"Startseite\",\"item\":\"https:\/\/www.kostuemebreuer.de\/english\/\"},{\"@type\":\"ListItem\",\"position\":2,\"name\":\"Kost\u00fcme\",\"item\":\"https:\/\/www.kostuemebreuer.de\/english\/kostueme\/\"},{\"@type\":\"ListItem\",\"position\":3,\"name\":\"Produkt\"}]},{\"@type\":\"WebSite\",\"@id\":\"https:\/\/www.kostuemebreuer.de\/english\/#website\",\"url\":\"https:\/\/www.kostuemebreuer.de\/english\/\",\"name\":\"Kost\u00fcme Breuer in M\u00fcnchen\",\"description\":\"Kost\u00fcmverleih\",\"publisher\":{\"@id\":\"https:\/\/www.kostuemebreuer.de\/english\/#organization\"},\"alternateName\":\"Kost\u00fcmverleih Breuer\",\"potentialAction\":[{\"@type\":\"SearchAction\",\"target\":{\"@type\":\"EntryPoint\",\"urlTemplate\":\"https:\/\/www.kostuemebreuer.de\/english\/?s={search_term_string}\"},\"query-input\":{\"@type\":\"PropertyValueSpecification\",\"valueRequired\":true,\"valueName\":\"search_term_string\"}}],\"inLanguage\":\"en-GB\"},{\"@type\":\"Organization\",\"@id\":\"https:\/\/www.kostuemebreuer.de\/english\/#organization\",\"name\":\"Kost\u00fcme Breuer in M\u00fcnchen\",\"url\":\"https:\/\/www.kostuemebreuer.de\/english\/\",\"logo\":{\"@type\":\"ImageObject\",\"inLanguage\":\"en-GB\",\"@id\":\"https:\/\/www.kostuemebreuer.de\/english\/#\/schema\/logo\/image\/\",\"url\":\"https:\/\/www.kostuemebreuer.de\/english\/wp-content\/uploads\/sites\/6\/logo.svg\",\"contentUrl\":\"https:\/\/www.kostuemebreuer.de\/english\/wp-content\/uploads\/sites\/6\/logo.svg\",\"caption\":\"Kost\u00fcme Breuer in M\u00fcnchen\"},\"image\":{\"@id\":\"https:\/\/www.kostuemebreuer.de\/english\/#\/schema\/logo\/image\/\"},\"sameAs\":[\"https:\/\/www.facebook.com\/Kostuemebreuer\/?locale=de_DE\",\"https:\/\/www.instagram.com\/kostuemebreuer\/\"]}]}<\/script>\n<!-- \/ Yoast SEO plugin. -->","yoast_head_json":{"title":"Produkt - Costumes Breuer","robots":{"index":"index","follow":"follow","max-snippet":"max-snippet:-1","max-image-preview":"max-image-preview:large","max-video-preview":"max-video-preview:-1"},"canonical":"https:\/\/www.kostuemebreuer.de\/english\/produkt\/egerlaender-tracht-damen-mieder-rock-bluse-schuerze-hut-und-struempfe\/","og_locale":"en_GB","og_type":"article","og_title":"Produkt - Costumes Breuer","og_description":"Egerl\u00e4nder Tracht \u2013 Traditionell Suchen Sie eine authentische Egerl\u00e4nder Tracht? Dieses hochwertige Ensemble f\u00fcr Damen vereint Tradition, Handwerkskunst und festlichen ... Read more","og_url":"https:\/\/www.kostuemebreuer.de\/english\/produkt\/egerlaender-tracht-damen-mieder-rock-bluse-schuerze-hut-und-struempfe\/","og_site_name":"Costumes Breuer","article_publisher":"https:\/\/www.facebook.com\/Kostuemebreuer\/?locale=de_DE","og_image":[{"width":540,"height":977,"url":"https:\/\/www.kostuemebreuer.de\/english\/wp-content\/uploads\/sites\/6\/Eggerlaender-Tracht-1.jpg","type":"image\/jpeg"}],"twitter_card":"summary_large_image","twitter_misc":{"Estimated reading time":"1 minute"},"schema":{"@context":"https:\/\/schema.org","@graph":[{"@type":"WebPage","@id":"https:\/\/www.kostuemebreuer.de\/english\/produkt\/egerlaender-tracht-damen-mieder-rock-bluse-schuerze-hut-und-struempfe\/","url":"https:\/\/www.kostuemebreuer.de\/english\/produkt\/egerlaender-tracht-damen-mieder-rock-bluse-schuerze-hut-und-struempfe\/","name":"Produkt - Costumes Breuer","isPartOf":{"@id":"https:\/\/www.kostuemebreuer.de\/english\/#website"},"primaryImageOfPage":{"@id":"https:\/\/www.kostuemebreuer.de\/english\/produkt\/egerlaender-tracht-damen-mieder-rock-bluse-schuerze-hut-und-struempfe\/#primaryimage"},"image":{"@id":"https:\/\/www.kostuemebreuer.de\/english\/produkt\/egerlaender-tracht-damen-mieder-rock-bluse-schuerze-hut-und-struempfe\/#primaryimage"},"thumbnailUrl":"https:\/\/www.kostuemebreuer.de\/english\/wp-content\/uploads\/sites\/6\/Eggerlaender-Tracht-1.jpg","datePublished":"2026-04-27T10:09:57+00:00","breadcrumb":{"@id":"https:\/\/www.kostuemebreuer.de\/english\/produkt\/egerlaender-tracht-damen-mieder-rock-bluse-schuerze-hut-und-struempfe\/#breadcrumb"},"inLanguage":"en-GB","potentialAction":[{"@type":"ReadAction","target":["https:\/\/www.kostuemebreuer.de\/english\/produkt\/egerlaender-tracht-damen-mieder-rock-bluse-schuerze-hut-und-struempfe\/"]}]},{"@type":"ImageObject","inLanguage":"en-GB","@id":"https:\/\/www.kostuemebreuer.de\/english\/produkt\/egerlaender-tracht-damen-mieder-rock-bluse-schuerze-hut-und-struempfe\/#primaryimage","url":"https:\/\/www.kostuemebreuer.de\/english\/wp-content\/uploads\/sites\/6\/Eggerlaender-Tracht-1.jpg","contentUrl":"https:\/\/www.kostuemebreuer.de\/english\/wp-content\/uploads\/sites\/6\/Eggerlaender-Tracht-1.jpg","width":540,"height":977},{"@type":"BreadcrumbList","@id":"https:\/\/www.kostuemebreuer.de\/english\/produkt\/egerlaender-tracht-damen-mieder-rock-bluse-schuerze-hut-und-struempfe\/#breadcrumb","itemListElement":[{"@type":"ListItem","position":1,"name":"Startseite","item":"https:\/\/www.kostuemebreuer.de\/english\/"},{"@type":"ListItem","position":2,"name":"Kost\u00fcme","item":"https:\/\/www.kostuemebreuer.de\/english\/kostueme\/"},{"@type":"ListItem","position":3,"name":"Produkt"}]},{"@type":"WebSite","@id":"https:\/\/www.kostuemebreuer.de\/english\/#website","url":"https:\/\/www.kostuemebreuer.de\/english\/","name":"Kost\u00fcme Breuer in M\u00fcnchen","description":"Kost\u00fcmverleih","publisher":{"@id":"https:\/\/www.kostuemebreuer.de\/english\/#organization"},"alternateName":"Kost\u00fcmverleih Breuer","potentialAction":[{"@type":"SearchAction","target":{"@type":"EntryPoint","urlTemplate":"https:\/\/www.kostuemebreuer.de\/english\/?s={search_term_string}"},"query-input":{"@type":"PropertyValueSpecification","valueRequired":true,"valueName":"search_term_string"}}],"inLanguage":"en-GB"},{"@type":"Organization","@id":"https:\/\/www.kostuemebreuer.de\/english\/#organization","name":"Kost\u00fcme Breuer in M\u00fcnchen","url":"https:\/\/www.kostuemebreuer.de\/english\/","logo":{"@type":"ImageObject","inLanguage":"en-GB","@id":"https:\/\/www.kostuemebreuer.de\/english\/#\/schema\/logo\/image\/","url":"https:\/\/www.kostuemebreuer.de\/english\/wp-content\/uploads\/sites\/6\/logo.svg","contentUrl":"https:\/\/www.kostuemebreuer.de\/english\/wp-content\/uploads\/sites\/6\/logo.svg","caption":"Kost\u00fcme Breuer in M\u00fcnchen"},"image":{"@id":"https:\/\/www.kostuemebreuer.de\/english\/#\/schema\/logo\/image\/"},"sameAs":["https:\/\/www.facebook.com\/Kostuemebreuer\/?locale=de_DE","https:\/\/www.instagram.com\/kostuemebreuer\/"]}]}},"acf":[],"_links":{"self":[{"href":"https:\/\/www.kostuemebreuer.de\/english\/wp-json\/wp\/v2\/product\/24290","targetHints":{"allow":["GET"]}}],"collection":[{"href":"https:\/\/www.kostuemebreuer.de\/english\/wp-json\/wp\/v2\/product"}],"about":[{"href":"https:\/\/www.kostuemebreuer.de\/english\/wp-json\/wp\/v2\/types\/product"}],"wp:featuredmedia":[{"embeddable":true,"href":"https:\/\/www.kostuemebreuer.de\/english\/wp-json\/wp\/v2\/media\/24284"}],"wp:attachment":[{"href":"https:\/\/www.kostuemebreuer.de\/english\/wp-json\/wp\/v2\/media?parent=24290"}],"wp:term":[{"taxonomy":"product_brand","embeddable":true,"href":"https:\/\/www.kostuemebreuer.de\/english\/wp-json\/wp\/v2\/product_brand?post=24290"},{"taxonomy":"product_cat","embeddable":true,"href":"https:\/\/www.kostuemebreuer.de\/english\/wp-json\/wp\/v2\/product_cat?post=24290"},{"taxonomy":"product_tag","embeddable":true,"href":"https:\/\/www.kostuemebreuer.de\/english\/wp-json\/wp\/v2\/product_tag?post=24290"}],"curies":[{"name":"wp","href":"https:\/\/api.w.org\/{rel}","templated":true}]}}