{"id":24207,"date":"2024-12-14T13:59:14","date_gmt":"2024-12-14T11:59:14","guid":{"rendered":"https:\/\/www.kostuemebreuer.de\/english\/produkt\/rokokofrack-silber-2\/"},"modified":"2025-09-22T16:42:03","modified_gmt":"2025-09-22T14:42:03","slug":"rokoko-karneval-in-venedig","status":"publish","type":"product","link":"https:\/\/www.kostuemebreuer.de\/english\/produkt\/rokoko-karneval-in-venedig\/","title":{"rendered":"Rococo &#8211; Carnival in Venice outfit &#8211; silver"},"content":{"rendered":"<p>Rokoko \u2013 Karneval in Venedig Outfit \u2013 Silber, bestehend aus einem silbernen Hemd, einem Jabot und einem Dreispitz, wahlweise erweiterbar mit einer Kniebundhose, Schuhschleifen, Str\u00fcmpfen und einem Spazierstock (Paket 2), sowie mit einem oppulenten, brokatverzierten, silbernen Frack. (Paket 3)<\/p>\n<p>Die Per\u00fccke (Kauf) kann seperat dazugebucht werden.<\/p>\n<p>&nbsp;<\/p>\n<p>&nbsp;<\/p>\n","protected":false},"excerpt":{"rendered":"<p>Rococo &#8211; Carnival in Venice outfit &#8211; silver, consisting of a silver shirt, a jabot and a tricorn hat, optionally expandable with knee breeches, shoe bows, stockings and a walking stick (package 2), as well as an opulent, brocade-decorated, silver tailcoat. (Package 3)<\/p>\n","protected":false},"featured_media":24210,"template":"","meta":{"_acf_changed":false},"product_brand":[],"product_cat":[97,252,29],"product_tag":[576,75,123,78],"class_list":{"0":"post-24207","1":"product","2":"type-product","3":"status-publish","4":"has-post-thumbnail","6":"product_cat-fasching","7":"product_cat-historisch-fasching","8":"product_cat-kostueme","9":"product_tag-frack","10":"product_tag-karneval-in-venedig","11":"product_tag-rokoko","12":"product_tag-silber","13":"infinite-scroll-item","15":"first","16":"instock","17":"featured","18":"taxable","19":"shipping-taxable","20":"purchasable","21":"product-type-simple"},"yoast_head":"<!-- This site is optimized with the Yoast SEO plugin v27.2 - https:\/\/yoast.com\/product\/yoast-seo-wordpress\/ -->\n<title>Rococo - Carnival in Venice outfit - silver - Costumes Breuer<\/title>\n<meta name=\"description\" content=\"Rococo - Carnival in Venice outfit - silver, consisting of a silver shirt, a jabot and a tricorn hat, optionally expandable with knee breeches, shoe bows, stockings and a walking stick (package 2), as well as an opulent, brocade-decorated, silver tailcoat. (Package 3)\" \/>\n<meta name=\"robots\" content=\"index, follow, max-snippet:-1, max-image-preview:large, max-video-preview:-1\" \/>\n<link rel=\"canonical\" href=\"https:\/\/www.kostuemebreuer.de\/english\/produkt\/rokoko-karneval-in-venedig\/\" \/>\n<meta property=\"og:locale\" content=\"en_GB\" \/>\n<meta property=\"og:type\" content=\"article\" \/>\n<meta property=\"og:title\" content=\"Rococo - Carnival in Venice outfit - silver - Costumes Breuer\" \/>\n<meta property=\"og:description\" content=\"Rococo - Carnival in Venice outfit - silver, consisting of a silver shirt, a jabot and a tricorn hat, optionally expandable with knee breeches, shoe bows, stockings and a walking stick (package 2), as well as an opulent, brocade-decorated, silver tailcoat. (Package 3)\" \/>\n<meta property=\"og:url\" content=\"https:\/\/www.kostuemebreuer.de\/english\/produkt\/rokoko-karneval-in-venedig\/\" \/>\n<meta property=\"og:site_name\" content=\"Costumes Breuer\" \/>\n<meta property=\"article:publisher\" content=\"https:\/\/www.facebook.com\/Kostuemebreuer\/?locale=de_DE\" \/>\n<meta property=\"article:modified_time\" content=\"2025-09-22T14:42:03+00:00\" \/>\n<meta property=\"og:image\" content=\"https:\/\/www.kostuemebreuer.de\/english\/wp-content\/uploads\/sites\/6\/Rokoko-silber-2.jpg\" \/>\n\t<meta property=\"og:image:width\" content=\"540\" \/>\n\t<meta property=\"og:image:height\" content=\"960\" \/>\n\t<meta property=\"og:image:type\" content=\"image\/jpeg\" \/>\n<meta name=\"twitter:card\" content=\"summary_large_image\" \/>\n<meta name=\"twitter:label1\" content=\"Estimated reading time\" \/>\n\t<meta name=\"twitter:data1\" content=\"1 minute\" \/>\n<script type=\"application\/ld+json\" class=\"yoast-schema-graph\">{\"@context\":\"https:\/\/schema.org\",\"@graph\":[{\"@type\":\"WebPage\",\"@id\":\"https:\/\/www.kostuemebreuer.de\/english\/produkt\/rokoko-karneval-in-venedig\/\",\"url\":\"https:\/\/www.kostuemebreuer.de\/english\/produkt\/rokoko-karneval-in-venedig\/\",\"name\":\"Rococo - Carnival in Venice outfit - silver - Costumes Breuer\",\"isPartOf\":{\"@id\":\"https:\/\/www.kostuemebreuer.de\/english\/#website\"},\"primaryImageOfPage\":{\"@id\":\"https:\/\/www.kostuemebreuer.de\/english\/produkt\/rokoko-karneval-in-venedig\/#primaryimage\"},\"image\":{\"@id\":\"https:\/\/www.kostuemebreuer.de\/english\/produkt\/rokoko-karneval-in-venedig\/#primaryimage\"},\"thumbnailUrl\":\"https:\/\/www.kostuemebreuer.de\/english\/wp-content\/uploads\/sites\/6\/Rokoko-silber-2.jpg\",\"datePublished\":\"2024-12-14T11:59:14+00:00\",\"dateModified\":\"2025-09-22T14:42:03+00:00\",\"description\":\"Rococo - Carnival in Venice outfit - silver, consisting of a silver shirt, a jabot and a tricorn hat, optionally expandable with knee breeches, shoe bows, stockings and a walking stick (package 2), as well as an opulent, brocade-decorated, silver tailcoat. (Package 3)\",\"breadcrumb\":{\"@id\":\"https:\/\/www.kostuemebreuer.de\/english\/produkt\/rokoko-karneval-in-venedig\/#breadcrumb\"},\"inLanguage\":\"en-GB\",\"potentialAction\":[{\"@type\":\"ReadAction\",\"target\":[\"https:\/\/www.kostuemebreuer.de\/english\/produkt\/rokoko-karneval-in-venedig\/\"]}]},{\"@type\":\"ImageObject\",\"inLanguage\":\"en-GB\",\"@id\":\"https:\/\/www.kostuemebreuer.de\/english\/produkt\/rokoko-karneval-in-venedig\/#primaryimage\",\"url\":\"https:\/\/www.kostuemebreuer.de\/english\/wp-content\/uploads\/sites\/6\/Rokoko-silber-2.jpg\",\"contentUrl\":\"https:\/\/www.kostuemebreuer.de\/english\/wp-content\/uploads\/sites\/6\/Rokoko-silber-2.jpg\",\"width\":540,\"height\":960},{\"@type\":\"BreadcrumbList\",\"@id\":\"https:\/\/www.kostuemebreuer.de\/english\/produkt\/rokoko-karneval-in-venedig\/#breadcrumb\",\"itemListElement\":[{\"@type\":\"ListItem\",\"position\":1,\"name\":\"Startseite\",\"item\":\"https:\/\/www.kostuemebreuer.de\/english\/\"},{\"@type\":\"ListItem\",\"position\":2,\"name\":\"Kost\u00fcme\",\"item\":\"https:\/\/www.kostuemebreuer.de\/english\/kostueme\/\"},{\"@type\":\"ListItem\",\"position\":3,\"name\":\"Rococo &#8211; Carnival in Venice outfit &#8211; silver\"}]},{\"@type\":\"WebSite\",\"@id\":\"https:\/\/www.kostuemebreuer.de\/english\/#website\",\"url\":\"https:\/\/www.kostuemebreuer.de\/english\/\",\"name\":\"Kost\u00fcme Breuer in M\u00fcnchen\",\"description\":\"Kost\u00fcmverleih\",\"publisher\":{\"@id\":\"https:\/\/www.kostuemebreuer.de\/english\/#organization\"},\"alternateName\":\"Kost\u00fcmverleih Breuer\",\"potentialAction\":[{\"@type\":\"SearchAction\",\"target\":{\"@type\":\"EntryPoint\",\"urlTemplate\":\"https:\/\/www.kostuemebreuer.de\/english\/?s={search_term_string}\"},\"query-input\":{\"@type\":\"PropertyValueSpecification\",\"valueRequired\":true,\"valueName\":\"search_term_string\"}}],\"inLanguage\":\"en-GB\"},{\"@type\":\"Organization\",\"@id\":\"https:\/\/www.kostuemebreuer.de\/english\/#organization\",\"name\":\"Kost\u00fcme Breuer in M\u00fcnchen\",\"url\":\"https:\/\/www.kostuemebreuer.de\/english\/\",\"logo\":{\"@type\":\"ImageObject\",\"inLanguage\":\"en-GB\",\"@id\":\"https:\/\/www.kostuemebreuer.de\/english\/#\/schema\/logo\/image\/\",\"url\":\"https:\/\/www.kostuemebreuer.de\/english\/wp-content\/uploads\/sites\/6\/logo.svg\",\"contentUrl\":\"https:\/\/www.kostuemebreuer.de\/english\/wp-content\/uploads\/sites\/6\/logo.svg\",\"caption\":\"Kost\u00fcme Breuer in M\u00fcnchen\"},\"image\":{\"@id\":\"https:\/\/www.kostuemebreuer.de\/english\/#\/schema\/logo\/image\/\"},\"sameAs\":[\"https:\/\/www.facebook.com\/Kostuemebreuer\/?locale=de_DE\",\"https:\/\/www.instagram.com\/kostuemebreuer\/\"]}]}<\/script>\n<!-- \/ Yoast SEO plugin. -->","yoast_head_json":{"title":"Rococo - Carnival in Venice outfit - silver - Costumes Breuer","description":"Rococo - Carnival in Venice outfit - silver, consisting of a silver shirt, a jabot and a tricorn hat, optionally expandable with knee breeches, shoe bows, stockings and a walking stick (package 2), as well as an opulent, brocade-decorated, silver tailcoat. (Package 3)","robots":{"index":"index","follow":"follow","max-snippet":"max-snippet:-1","max-image-preview":"max-image-preview:large","max-video-preview":"max-video-preview:-1"},"canonical":"https:\/\/www.kostuemebreuer.de\/english\/produkt\/rokoko-karneval-in-venedig\/","og_locale":"en_GB","og_type":"article","og_title":"Rococo - Carnival in Venice outfit - silver - Costumes Breuer","og_description":"Rococo - Carnival in Venice outfit - silver, consisting of a silver shirt, a jabot and a tricorn hat, optionally expandable with knee breeches, shoe bows, stockings and a walking stick (package 2), as well as an opulent, brocade-decorated, silver tailcoat. (Package 3)","og_url":"https:\/\/www.kostuemebreuer.de\/english\/produkt\/rokoko-karneval-in-venedig\/","og_site_name":"Costumes Breuer","article_publisher":"https:\/\/www.facebook.com\/Kostuemebreuer\/?locale=de_DE","article_modified_time":"2025-09-22T14:42:03+00:00","og_image":[{"width":540,"height":960,"url":"https:\/\/www.kostuemebreuer.de\/english\/wp-content\/uploads\/sites\/6\/Rokoko-silber-2.jpg","type":"image\/jpeg"}],"twitter_card":"summary_large_image","twitter_misc":{"Estimated reading time":"1 minute"},"schema":{"@context":"https:\/\/schema.org","@graph":[{"@type":"WebPage","@id":"https:\/\/www.kostuemebreuer.de\/english\/produkt\/rokoko-karneval-in-venedig\/","url":"https:\/\/www.kostuemebreuer.de\/english\/produkt\/rokoko-karneval-in-venedig\/","name":"Rococo - Carnival in Venice outfit - silver - Costumes Breuer","isPartOf":{"@id":"https:\/\/www.kostuemebreuer.de\/english\/#website"},"primaryImageOfPage":{"@id":"https:\/\/www.kostuemebreuer.de\/english\/produkt\/rokoko-karneval-in-venedig\/#primaryimage"},"image":{"@id":"https:\/\/www.kostuemebreuer.de\/english\/produkt\/rokoko-karneval-in-venedig\/#primaryimage"},"thumbnailUrl":"https:\/\/www.kostuemebreuer.de\/english\/wp-content\/uploads\/sites\/6\/Rokoko-silber-2.jpg","datePublished":"2024-12-14T11:59:14+00:00","dateModified":"2025-09-22T14:42:03+00:00","description":"Rococo - Carnival in Venice outfit - silver, consisting of a silver shirt, a jabot and a tricorn hat, optionally expandable with knee breeches, shoe bows, stockings and a walking stick (package 2), as well as an opulent, brocade-decorated, silver tailcoat. (Package 3)","breadcrumb":{"@id":"https:\/\/www.kostuemebreuer.de\/english\/produkt\/rokoko-karneval-in-venedig\/#breadcrumb"},"inLanguage":"en-GB","potentialAction":[{"@type":"ReadAction","target":["https:\/\/www.kostuemebreuer.de\/english\/produkt\/rokoko-karneval-in-venedig\/"]}]},{"@type":"ImageObject","inLanguage":"en-GB","@id":"https:\/\/www.kostuemebreuer.de\/english\/produkt\/rokoko-karneval-in-venedig\/#primaryimage","url":"https:\/\/www.kostuemebreuer.de\/english\/wp-content\/uploads\/sites\/6\/Rokoko-silber-2.jpg","contentUrl":"https:\/\/www.kostuemebreuer.de\/english\/wp-content\/uploads\/sites\/6\/Rokoko-silber-2.jpg","width":540,"height":960},{"@type":"BreadcrumbList","@id":"https:\/\/www.kostuemebreuer.de\/english\/produkt\/rokoko-karneval-in-venedig\/#breadcrumb","itemListElement":[{"@type":"ListItem","position":1,"name":"Startseite","item":"https:\/\/www.kostuemebreuer.de\/english\/"},{"@type":"ListItem","position":2,"name":"Kost\u00fcme","item":"https:\/\/www.kostuemebreuer.de\/english\/kostueme\/"},{"@type":"ListItem","position":3,"name":"Rococo &#8211; Carnival in Venice outfit &#8211; silver"}]},{"@type":"WebSite","@id":"https:\/\/www.kostuemebreuer.de\/english\/#website","url":"https:\/\/www.kostuemebreuer.de\/english\/","name":"Kost\u00fcme Breuer in M\u00fcnchen","description":"Kost\u00fcmverleih","publisher":{"@id":"https:\/\/www.kostuemebreuer.de\/english\/#organization"},"alternateName":"Kost\u00fcmverleih Breuer","potentialAction":[{"@type":"SearchAction","target":{"@type":"EntryPoint","urlTemplate":"https:\/\/www.kostuemebreuer.de\/english\/?s={search_term_string}"},"query-input":{"@type":"PropertyValueSpecification","valueRequired":true,"valueName":"search_term_string"}}],"inLanguage":"en-GB"},{"@type":"Organization","@id":"https:\/\/www.kostuemebreuer.de\/english\/#organization","name":"Kost\u00fcme Breuer in M\u00fcnchen","url":"https:\/\/www.kostuemebreuer.de\/english\/","logo":{"@type":"ImageObject","inLanguage":"en-GB","@id":"https:\/\/www.kostuemebreuer.de\/english\/#\/schema\/logo\/image\/","url":"https:\/\/www.kostuemebreuer.de\/english\/wp-content\/uploads\/sites\/6\/logo.svg","contentUrl":"https:\/\/www.kostuemebreuer.de\/english\/wp-content\/uploads\/sites\/6\/logo.svg","caption":"Kost\u00fcme Breuer in M\u00fcnchen"},"image":{"@id":"https:\/\/www.kostuemebreuer.de\/english\/#\/schema\/logo\/image\/"},"sameAs":["https:\/\/www.facebook.com\/Kostuemebreuer\/?locale=de_DE","https:\/\/www.instagram.com\/kostuemebreuer\/"]}]}},"acf":[],"_links":{"self":[{"href":"https:\/\/www.kostuemebreuer.de\/english\/wp-json\/wp\/v2\/product\/24207","targetHints":{"allow":["GET"]}}],"collection":[{"href":"https:\/\/www.kostuemebreuer.de\/english\/wp-json\/wp\/v2\/product"}],"about":[{"href":"https:\/\/www.kostuemebreuer.de\/english\/wp-json\/wp\/v2\/types\/product"}],"wp:featuredmedia":[{"embeddable":true,"href":"https:\/\/www.kostuemebreuer.de\/english\/wp-json\/wp\/v2\/media\/24210"}],"wp:attachment":[{"href":"https:\/\/www.kostuemebreuer.de\/english\/wp-json\/wp\/v2\/media?parent=24207"}],"wp:term":[{"taxonomy":"product_brand","embeddable":true,"href":"https:\/\/www.kostuemebreuer.de\/english\/wp-json\/wp\/v2\/product_brand?post=24207"},{"taxonomy":"product_cat","embeddable":true,"href":"https:\/\/www.kostuemebreuer.de\/english\/wp-json\/wp\/v2\/product_cat?post=24207"},{"taxonomy":"product_tag","embeddable":true,"href":"https:\/\/www.kostuemebreuer.de\/english\/wp-json\/wp\/v2\/product_tag?post=24207"}],"curies":[{"name":"wp","href":"https:\/\/api.w.org\/{rel}","templated":true}]}}