{"id":24163,"date":"2024-08-10T13:24:21","date_gmt":"2024-08-10T11:24:21","guid":{"rendered":"https:\/\/www.kostuemebreuer.de\/english\/produkt\/20er-30er-jahre-outfit-nadelstreifen-weiss\/"},"modified":"2024-08-10T13:29:46","modified_gmt":"2024-08-10T11:29:46","slug":"20er-30er-jahre-outfit-nadelstreifenanzug","status":"publish","type":"product","link":"https:\/\/www.kostuemebreuer.de\/english\/produkt\/20er-30er-jahre-outfit-nadelstreifenanzug\/","title":{"rendered":"20s-30s outfit\u2013pinstripe suit"},"content":{"rendered":"<p>20er-30er Jahre Outfit \u2013 Nadelstreifenanzug, bestehend aus einem wei\u00dfen Hemd, einem Hut und Krawatte, wahlweise erweiterbar mit einem Nadelstreifensakko mit roter Ansteckblume (Paket 2), sowie einer Nadelstreifenhose und einem Spazierstock mit Metallknauf. (Paket 3)<\/p>\n","protected":false},"excerpt":{"rendered":"<p>20s-30s outfit\u2013pinstripe suit, consisting of a white shirt, a hat and tie, optionally expandable with a pinstripe jacket with a red boutonniere (package 2), as well as pinstripe trousers and a walking stick with a metal knob. (Package 3)<\/p>\n","protected":false},"featured_media":24161,"template":"","meta":{"_acf_changed":false},"product_brand":[],"product_cat":[552],"product_tag":[455,511,585,812],"class_list":{"0":"post-24163","1":"product","2":"type-product","3":"status-publish","4":"has-post-thumbnail","6":"product_cat-miscellaneous","7":"product_tag-20er-jahre-charleston-cabaret-gatsby","8":"product_tag-30er-jahre-dick-doof-king-kong-marlene-dietrich","9":"product_tag-anzug","10":"product_tag-nadelstreifen","11":"infinite-scroll-item","13":"first","14":"instock","15":"taxable","16":"shipping-taxable","17":"purchasable","18":"product-type-simple"},"yoast_head":"<!-- This site is optimized with the Yoast SEO plugin v27.2 - https:\/\/yoast.com\/product\/yoast-seo-wordpress\/ -->\n<title>20s-30s outfit\u2013pinstripe suit - Costumes Breuer<\/title>\n<meta name=\"description\" content=\"20s-30s outfit\u2013pinstripe suit, consisting of a white shirt, a hat and tie, optionally expandable with a pinstripe jacket with a red boutonniere (package 2), as well as pinstripe trousers and a walking stick with a metal knob. (Package 3)\" \/>\n<meta name=\"robots\" content=\"index, follow, max-snippet:-1, max-image-preview:large, max-video-preview:-1\" \/>\n<link rel=\"canonical\" href=\"https:\/\/www.kostuemebreuer.de\/english\/produkt\/20er-30er-jahre-outfit-nadelstreifenanzug\/\" \/>\n<meta property=\"og:locale\" content=\"en_GB\" \/>\n<meta property=\"og:type\" content=\"article\" \/>\n<meta property=\"og:title\" content=\"20s-30s outfit\u2013pinstripe suit - Costumes Breuer\" \/>\n<meta property=\"og:description\" content=\"20s-30s outfit\u2013pinstripe suit, consisting of a white shirt, a hat and tie, optionally expandable with a pinstripe jacket with a red boutonniere (package 2), as well as pinstripe trousers and a walking stick with a metal knob. (Package 3)\" \/>\n<meta property=\"og:url\" content=\"https:\/\/www.kostuemebreuer.de\/english\/produkt\/20er-30er-jahre-outfit-nadelstreifenanzug\/\" \/>\n<meta property=\"og:site_name\" content=\"Costumes Breuer\" \/>\n<meta property=\"article:publisher\" content=\"https:\/\/www.facebook.com\/Kostuemebreuer\/?locale=de_DE\" \/>\n<meta property=\"article:modified_time\" content=\"2024-08-10T11:29:46+00:00\" \/>\n<meta property=\"og:image\" content=\"https:\/\/www.kostuemebreuer.de\/english\/wp-content\/uploads\/sites\/6\/20er-Nadelstreifen-weiss-1.jpg\" \/>\n\t<meta property=\"og:image:width\" content=\"540\" \/>\n\t<meta property=\"og:image:height\" content=\"960\" \/>\n\t<meta property=\"og:image:type\" content=\"image\/jpeg\" \/>\n<meta name=\"twitter:card\" content=\"summary_large_image\" \/>\n<meta name=\"twitter:label1\" content=\"Estimated reading time\" \/>\n\t<meta name=\"twitter:data1\" content=\"1 minute\" \/>\n<script type=\"application\/ld+json\" class=\"yoast-schema-graph\">{\"@context\":\"https:\/\/schema.org\",\"@graph\":[{\"@type\":\"WebPage\",\"@id\":\"https:\/\/www.kostuemebreuer.de\/english\/produkt\/20er-30er-jahre-outfit-nadelstreifenanzug\/\",\"url\":\"https:\/\/www.kostuemebreuer.de\/english\/produkt\/20er-30er-jahre-outfit-nadelstreifenanzug\/\",\"name\":\"20s-30s outfit\u2013pinstripe suit - Costumes Breuer\",\"isPartOf\":{\"@id\":\"https:\/\/www.kostuemebreuer.de\/english\/#website\"},\"primaryImageOfPage\":{\"@id\":\"https:\/\/www.kostuemebreuer.de\/english\/produkt\/20er-30er-jahre-outfit-nadelstreifenanzug\/#primaryimage\"},\"image\":{\"@id\":\"https:\/\/www.kostuemebreuer.de\/english\/produkt\/20er-30er-jahre-outfit-nadelstreifenanzug\/#primaryimage\"},\"thumbnailUrl\":\"https:\/\/www.kostuemebreuer.de\/english\/wp-content\/uploads\/sites\/6\/20er-Nadelstreifen-weiss-1.jpg\",\"datePublished\":\"2024-08-10T11:24:21+00:00\",\"dateModified\":\"2024-08-10T11:29:46+00:00\",\"description\":\"20s-30s outfit\u2013pinstripe suit, consisting of a white shirt, a hat and tie, optionally expandable with a pinstripe jacket with a red boutonniere (package 2), as well as pinstripe trousers and a walking stick with a metal knob. (Package 3)\",\"breadcrumb\":{\"@id\":\"https:\/\/www.kostuemebreuer.de\/english\/produkt\/20er-30er-jahre-outfit-nadelstreifenanzug\/#breadcrumb\"},\"inLanguage\":\"en-GB\",\"potentialAction\":[{\"@type\":\"ReadAction\",\"target\":[\"https:\/\/www.kostuemebreuer.de\/english\/produkt\/20er-30er-jahre-outfit-nadelstreifenanzug\/\"]}]},{\"@type\":\"ImageObject\",\"inLanguage\":\"en-GB\",\"@id\":\"https:\/\/www.kostuemebreuer.de\/english\/produkt\/20er-30er-jahre-outfit-nadelstreifenanzug\/#primaryimage\",\"url\":\"https:\/\/www.kostuemebreuer.de\/english\/wp-content\/uploads\/sites\/6\/20er-Nadelstreifen-weiss-1.jpg\",\"contentUrl\":\"https:\/\/www.kostuemebreuer.de\/english\/wp-content\/uploads\/sites\/6\/20er-Nadelstreifen-weiss-1.jpg\",\"width\":540,\"height\":960,\"caption\":\"20er-30er Jahre Outfit \u2013 Nadelstreifen-Wei\u00df\"},{\"@type\":\"BreadcrumbList\",\"@id\":\"https:\/\/www.kostuemebreuer.de\/english\/produkt\/20er-30er-jahre-outfit-nadelstreifenanzug\/#breadcrumb\",\"itemListElement\":[{\"@type\":\"ListItem\",\"position\":1,\"name\":\"Startseite\",\"item\":\"https:\/\/www.kostuemebreuer.de\/english\/\"},{\"@type\":\"ListItem\",\"position\":2,\"name\":\"Kost\u00fcme\",\"item\":\"https:\/\/www.kostuemebreuer.de\/english\/kostueme\/\"},{\"@type\":\"ListItem\",\"position\":3,\"name\":\"20s-30s outfit\u2013pinstripe suit\"}]},{\"@type\":\"WebSite\",\"@id\":\"https:\/\/www.kostuemebreuer.de\/english\/#website\",\"url\":\"https:\/\/www.kostuemebreuer.de\/english\/\",\"name\":\"Kost\u00fcme Breuer in M\u00fcnchen\",\"description\":\"Kost\u00fcmverleih\",\"publisher\":{\"@id\":\"https:\/\/www.kostuemebreuer.de\/english\/#organization\"},\"alternateName\":\"Kost\u00fcmverleih Breuer\",\"potentialAction\":[{\"@type\":\"SearchAction\",\"target\":{\"@type\":\"EntryPoint\",\"urlTemplate\":\"https:\/\/www.kostuemebreuer.de\/english\/?s={search_term_string}\"},\"query-input\":{\"@type\":\"PropertyValueSpecification\",\"valueRequired\":true,\"valueName\":\"search_term_string\"}}],\"inLanguage\":\"en-GB\"},{\"@type\":\"Organization\",\"@id\":\"https:\/\/www.kostuemebreuer.de\/english\/#organization\",\"name\":\"Kost\u00fcme Breuer in M\u00fcnchen\",\"url\":\"https:\/\/www.kostuemebreuer.de\/english\/\",\"logo\":{\"@type\":\"ImageObject\",\"inLanguage\":\"en-GB\",\"@id\":\"https:\/\/www.kostuemebreuer.de\/english\/#\/schema\/logo\/image\/\",\"url\":\"https:\/\/www.kostuemebreuer.de\/english\/wp-content\/uploads\/sites\/6\/logo.svg\",\"contentUrl\":\"https:\/\/www.kostuemebreuer.de\/english\/wp-content\/uploads\/sites\/6\/logo.svg\",\"caption\":\"Kost\u00fcme Breuer in M\u00fcnchen\"},\"image\":{\"@id\":\"https:\/\/www.kostuemebreuer.de\/english\/#\/schema\/logo\/image\/\"},\"sameAs\":[\"https:\/\/www.facebook.com\/Kostuemebreuer\/?locale=de_DE\",\"https:\/\/www.instagram.com\/kostuemebreuer\/\"]}]}<\/script>\n<!-- \/ Yoast SEO plugin. -->","yoast_head_json":{"title":"20s-30s outfit\u2013pinstripe suit - Costumes Breuer","description":"20s-30s outfit\u2013pinstripe suit, consisting of a white shirt, a hat and tie, optionally expandable with a pinstripe jacket with a red boutonniere (package 2), as well as pinstripe trousers and a walking stick with a metal knob. (Package 3)","robots":{"index":"index","follow":"follow","max-snippet":"max-snippet:-1","max-image-preview":"max-image-preview:large","max-video-preview":"max-video-preview:-1"},"canonical":"https:\/\/www.kostuemebreuer.de\/english\/produkt\/20er-30er-jahre-outfit-nadelstreifenanzug\/","og_locale":"en_GB","og_type":"article","og_title":"20s-30s outfit\u2013pinstripe suit - Costumes Breuer","og_description":"20s-30s outfit\u2013pinstripe suit, consisting of a white shirt, a hat and tie, optionally expandable with a pinstripe jacket with a red boutonniere (package 2), as well as pinstripe trousers and a walking stick with a metal knob. (Package 3)","og_url":"https:\/\/www.kostuemebreuer.de\/english\/produkt\/20er-30er-jahre-outfit-nadelstreifenanzug\/","og_site_name":"Costumes Breuer","article_publisher":"https:\/\/www.facebook.com\/Kostuemebreuer\/?locale=de_DE","article_modified_time":"2024-08-10T11:29:46+00:00","og_image":[{"width":540,"height":960,"url":"https:\/\/www.kostuemebreuer.de\/english\/wp-content\/uploads\/sites\/6\/20er-Nadelstreifen-weiss-1.jpg","type":"image\/jpeg"}],"twitter_card":"summary_large_image","twitter_misc":{"Estimated reading time":"1 minute"},"schema":{"@context":"https:\/\/schema.org","@graph":[{"@type":"WebPage","@id":"https:\/\/www.kostuemebreuer.de\/english\/produkt\/20er-30er-jahre-outfit-nadelstreifenanzug\/","url":"https:\/\/www.kostuemebreuer.de\/english\/produkt\/20er-30er-jahre-outfit-nadelstreifenanzug\/","name":"20s-30s outfit\u2013pinstripe suit - Costumes Breuer","isPartOf":{"@id":"https:\/\/www.kostuemebreuer.de\/english\/#website"},"primaryImageOfPage":{"@id":"https:\/\/www.kostuemebreuer.de\/english\/produkt\/20er-30er-jahre-outfit-nadelstreifenanzug\/#primaryimage"},"image":{"@id":"https:\/\/www.kostuemebreuer.de\/english\/produkt\/20er-30er-jahre-outfit-nadelstreifenanzug\/#primaryimage"},"thumbnailUrl":"https:\/\/www.kostuemebreuer.de\/english\/wp-content\/uploads\/sites\/6\/20er-Nadelstreifen-weiss-1.jpg","datePublished":"2024-08-10T11:24:21+00:00","dateModified":"2024-08-10T11:29:46+00:00","description":"20s-30s outfit\u2013pinstripe suit, consisting of a white shirt, a hat and tie, optionally expandable with a pinstripe jacket with a red boutonniere (package 2), as well as pinstripe trousers and a walking stick with a metal knob. (Package 3)","breadcrumb":{"@id":"https:\/\/www.kostuemebreuer.de\/english\/produkt\/20er-30er-jahre-outfit-nadelstreifenanzug\/#breadcrumb"},"inLanguage":"en-GB","potentialAction":[{"@type":"ReadAction","target":["https:\/\/www.kostuemebreuer.de\/english\/produkt\/20er-30er-jahre-outfit-nadelstreifenanzug\/"]}]},{"@type":"ImageObject","inLanguage":"en-GB","@id":"https:\/\/www.kostuemebreuer.de\/english\/produkt\/20er-30er-jahre-outfit-nadelstreifenanzug\/#primaryimage","url":"https:\/\/www.kostuemebreuer.de\/english\/wp-content\/uploads\/sites\/6\/20er-Nadelstreifen-weiss-1.jpg","contentUrl":"https:\/\/www.kostuemebreuer.de\/english\/wp-content\/uploads\/sites\/6\/20er-Nadelstreifen-weiss-1.jpg","width":540,"height":960,"caption":"20er-30er Jahre Outfit \u2013 Nadelstreifen-Wei\u00df"},{"@type":"BreadcrumbList","@id":"https:\/\/www.kostuemebreuer.de\/english\/produkt\/20er-30er-jahre-outfit-nadelstreifenanzug\/#breadcrumb","itemListElement":[{"@type":"ListItem","position":1,"name":"Startseite","item":"https:\/\/www.kostuemebreuer.de\/english\/"},{"@type":"ListItem","position":2,"name":"Kost\u00fcme","item":"https:\/\/www.kostuemebreuer.de\/english\/kostueme\/"},{"@type":"ListItem","position":3,"name":"20s-30s outfit\u2013pinstripe suit"}]},{"@type":"WebSite","@id":"https:\/\/www.kostuemebreuer.de\/english\/#website","url":"https:\/\/www.kostuemebreuer.de\/english\/","name":"Kost\u00fcme Breuer in M\u00fcnchen","description":"Kost\u00fcmverleih","publisher":{"@id":"https:\/\/www.kostuemebreuer.de\/english\/#organization"},"alternateName":"Kost\u00fcmverleih Breuer","potentialAction":[{"@type":"SearchAction","target":{"@type":"EntryPoint","urlTemplate":"https:\/\/www.kostuemebreuer.de\/english\/?s={search_term_string}"},"query-input":{"@type":"PropertyValueSpecification","valueRequired":true,"valueName":"search_term_string"}}],"inLanguage":"en-GB"},{"@type":"Organization","@id":"https:\/\/www.kostuemebreuer.de\/english\/#organization","name":"Kost\u00fcme Breuer in M\u00fcnchen","url":"https:\/\/www.kostuemebreuer.de\/english\/","logo":{"@type":"ImageObject","inLanguage":"en-GB","@id":"https:\/\/www.kostuemebreuer.de\/english\/#\/schema\/logo\/image\/","url":"https:\/\/www.kostuemebreuer.de\/english\/wp-content\/uploads\/sites\/6\/logo.svg","contentUrl":"https:\/\/www.kostuemebreuer.de\/english\/wp-content\/uploads\/sites\/6\/logo.svg","caption":"Kost\u00fcme Breuer in M\u00fcnchen"},"image":{"@id":"https:\/\/www.kostuemebreuer.de\/english\/#\/schema\/logo\/image\/"},"sameAs":["https:\/\/www.facebook.com\/Kostuemebreuer\/?locale=de_DE","https:\/\/www.instagram.com\/kostuemebreuer\/"]}]}},"acf":[],"_links":{"self":[{"href":"https:\/\/www.kostuemebreuer.de\/english\/wp-json\/wp\/v2\/product\/24163","targetHints":{"allow":["GET"]}}],"collection":[{"href":"https:\/\/www.kostuemebreuer.de\/english\/wp-json\/wp\/v2\/product"}],"about":[{"href":"https:\/\/www.kostuemebreuer.de\/english\/wp-json\/wp\/v2\/types\/product"}],"wp:featuredmedia":[{"embeddable":true,"href":"https:\/\/www.kostuemebreuer.de\/english\/wp-json\/wp\/v2\/media\/24161"}],"wp:attachment":[{"href":"https:\/\/www.kostuemebreuer.de\/english\/wp-json\/wp\/v2\/media?parent=24163"}],"wp:term":[{"taxonomy":"product_brand","embeddable":true,"href":"https:\/\/www.kostuemebreuer.de\/english\/wp-json\/wp\/v2\/product_brand?post=24163"},{"taxonomy":"product_cat","embeddable":true,"href":"https:\/\/www.kostuemebreuer.de\/english\/wp-json\/wp\/v2\/product_cat?post=24163"},{"taxonomy":"product_tag","embeddable":true,"href":"https:\/\/www.kostuemebreuer.de\/english\/wp-json\/wp\/v2\/product_tag?post=24163"}],"curies":[{"name":"wp","href":"https:\/\/api.w.org\/{rel}","templated":true}]}}