{"id":24103,"date":"2024-07-22T14:07:34","date_gmt":"2024-07-22T12:07:34","guid":{"rendered":"https:\/\/www.kostuemebreuer.de\/english\/produkt\/dirndl-hellblau-silber-damen-dirndl-schuerze-und-bluse\/"},"modified":"2024-07-22T14:26:52","modified_gmt":"2024-07-22T12:26:52","slug":"dirndl-hellblau-silber-damen-dirndl-schuerze-und-bluse","status":"publish","type":"product","link":"https:\/\/www.kostuemebreuer.de\/english\/produkt\/dirndl-hellblau-silber-damen-dirndl-schuerze-und-bluse\/","title":{"rendered":"Dirndl &#8211; light blue-silver &#8211; women"},"content":{"rendered":"<p>Dirndl &#8211; Hellblau-Silber &#8211; Damen, bestehend aus einem hellblauen Dirndl, einer silberfarbenen Sch\u00fcrze und einer wei\u00dfen Bluse.<\/p>\n","protected":false},"excerpt":{"rendered":"<p>Dirndl &#8211; light blue-silver &#8211; women, consisting of a light blue dirndl, a silver-colored apron and a white blouse<\/p>\n","protected":false},"featured_media":24100,"template":"","meta":{"_acf_changed":false},"product_brand":[],"product_cat":[104,12,552],"product_tag":[783,583,43,780,718],"class_list":{"0":"post-24103","1":"product","2":"type-product","3":"status-publish","4":"has-post-thumbnail","6":"product_cat-dirndl","7":"product_cat-lederhose-dirndl","8":"product_cat-miscellaneous","9":"product_tag-bayerische-tracht","10":"product_tag-dirndl","11":"product_tag-europaeische-trachten","12":"product_tag-oktoberfest","13":"product_tag-tracht","14":"infinite-scroll-item","16":"first","17":"instock","18":"taxable","19":"shipping-taxable","20":"purchasable","21":"product-type-simple"},"yoast_head":"<!-- This site is optimized with the Yoast SEO plugin v27.2 - https:\/\/yoast.com\/product\/yoast-seo-wordpress\/ -->\n<title>Dirndl - light blue-silver - women - Costumes Breuer<\/title>\n<meta name=\"description\" content=\"Dirndl - light blue-silver - women, consisting of a light blue dirndl, a silver-colored apron and a white blouse\" \/>\n<meta name=\"robots\" content=\"index, follow, max-snippet:-1, max-image-preview:large, max-video-preview:-1\" \/>\n<link rel=\"canonical\" href=\"https:\/\/www.kostuemebreuer.de\/english\/produkt\/dirndl-hellblau-silber-damen-dirndl-schuerze-und-bluse\/\" \/>\n<meta property=\"og:locale\" content=\"en_GB\" \/>\n<meta property=\"og:type\" content=\"article\" \/>\n<meta property=\"og:title\" content=\"Dirndl - light blue-silver - women - Costumes Breuer\" \/>\n<meta property=\"og:description\" content=\"Dirndl - light blue-silver - women, consisting of a light blue dirndl, a silver-colored apron and a white blouse\" \/>\n<meta property=\"og:url\" content=\"https:\/\/www.kostuemebreuer.de\/english\/produkt\/dirndl-hellblau-silber-damen-dirndl-schuerze-und-bluse\/\" \/>\n<meta property=\"og:site_name\" content=\"Costumes Breuer\" \/>\n<meta property=\"article:publisher\" content=\"https:\/\/www.facebook.com\/Kostuemebreuer\/?locale=de_DE\" \/>\n<meta property=\"article:modified_time\" content=\"2024-07-22T12:26:52+00:00\" \/>\n<meta property=\"og:image\" content=\"https:\/\/www.kostuemebreuer.de\/english\/wp-content\/uploads\/sites\/6\/Dirndl-hellblau-silber-1.jpg\" \/>\n\t<meta property=\"og:image:width\" content=\"540\" \/>\n\t<meta property=\"og:image:height\" content=\"960\" \/>\n\t<meta property=\"og:image:type\" content=\"image\/jpeg\" \/>\n<meta name=\"twitter:card\" content=\"summary_large_image\" \/>\n<meta name=\"twitter:label1\" content=\"Estimated reading time\" \/>\n\t<meta name=\"twitter:data1\" content=\"1 minute\" \/>\n<script type=\"application\/ld+json\" class=\"yoast-schema-graph\">{\"@context\":\"https:\/\/schema.org\",\"@graph\":[{\"@type\":\"WebPage\",\"@id\":\"https:\/\/www.kostuemebreuer.de\/english\/produkt\/dirndl-hellblau-silber-damen-dirndl-schuerze-und-bluse\/\",\"url\":\"https:\/\/www.kostuemebreuer.de\/english\/produkt\/dirndl-hellblau-silber-damen-dirndl-schuerze-und-bluse\/\",\"name\":\"Dirndl - light blue-silver - women - Costumes Breuer\",\"isPartOf\":{\"@id\":\"https:\/\/www.kostuemebreuer.de\/english\/#website\"},\"primaryImageOfPage\":{\"@id\":\"https:\/\/www.kostuemebreuer.de\/english\/produkt\/dirndl-hellblau-silber-damen-dirndl-schuerze-und-bluse\/#primaryimage\"},\"image\":{\"@id\":\"https:\/\/www.kostuemebreuer.de\/english\/produkt\/dirndl-hellblau-silber-damen-dirndl-schuerze-und-bluse\/#primaryimage\"},\"thumbnailUrl\":\"https:\/\/www.kostuemebreuer.de\/english\/wp-content\/uploads\/sites\/6\/Dirndl-hellblau-silber-1.jpg\",\"datePublished\":\"2024-07-22T12:07:34+00:00\",\"dateModified\":\"2024-07-22T12:26:52+00:00\",\"description\":\"Dirndl - light blue-silver - women, consisting of a light blue dirndl, a silver-colored apron and a white blouse\",\"breadcrumb\":{\"@id\":\"https:\/\/www.kostuemebreuer.de\/english\/produkt\/dirndl-hellblau-silber-damen-dirndl-schuerze-und-bluse\/#breadcrumb\"},\"inLanguage\":\"en-GB\",\"potentialAction\":[{\"@type\":\"ReadAction\",\"target\":[\"https:\/\/www.kostuemebreuer.de\/english\/produkt\/dirndl-hellblau-silber-damen-dirndl-schuerze-und-bluse\/\"]}]},{\"@type\":\"ImageObject\",\"inLanguage\":\"en-GB\",\"@id\":\"https:\/\/www.kostuemebreuer.de\/english\/produkt\/dirndl-hellblau-silber-damen-dirndl-schuerze-und-bluse\/#primaryimage\",\"url\":\"https:\/\/www.kostuemebreuer.de\/english\/wp-content\/uploads\/sites\/6\/Dirndl-hellblau-silber-1.jpg\",\"contentUrl\":\"https:\/\/www.kostuemebreuer.de\/english\/wp-content\/uploads\/sites\/6\/Dirndl-hellblau-silber-1.jpg\",\"width\":540,\"height\":960,\"caption\":\"Dirndl - Hellblau-Silber - Damen\"},{\"@type\":\"BreadcrumbList\",\"@id\":\"https:\/\/www.kostuemebreuer.de\/english\/produkt\/dirndl-hellblau-silber-damen-dirndl-schuerze-und-bluse\/#breadcrumb\",\"itemListElement\":[{\"@type\":\"ListItem\",\"position\":1,\"name\":\"Startseite\",\"item\":\"https:\/\/www.kostuemebreuer.de\/english\/\"},{\"@type\":\"ListItem\",\"position\":2,\"name\":\"Kost\u00fcme\",\"item\":\"https:\/\/www.kostuemebreuer.de\/english\/kostueme\/\"},{\"@type\":\"ListItem\",\"position\":3,\"name\":\"Dirndl &#8211; light blue-silver &#8211; women\"}]},{\"@type\":\"WebSite\",\"@id\":\"https:\/\/www.kostuemebreuer.de\/english\/#website\",\"url\":\"https:\/\/www.kostuemebreuer.de\/english\/\",\"name\":\"Kost\u00fcme Breuer in M\u00fcnchen\",\"description\":\"Kost\u00fcmverleih\",\"publisher\":{\"@id\":\"https:\/\/www.kostuemebreuer.de\/english\/#organization\"},\"alternateName\":\"Kost\u00fcmverleih Breuer\",\"potentialAction\":[{\"@type\":\"SearchAction\",\"target\":{\"@type\":\"EntryPoint\",\"urlTemplate\":\"https:\/\/www.kostuemebreuer.de\/english\/?s={search_term_string}\"},\"query-input\":{\"@type\":\"PropertyValueSpecification\",\"valueRequired\":true,\"valueName\":\"search_term_string\"}}],\"inLanguage\":\"en-GB\"},{\"@type\":\"Organization\",\"@id\":\"https:\/\/www.kostuemebreuer.de\/english\/#organization\",\"name\":\"Kost\u00fcme Breuer in M\u00fcnchen\",\"url\":\"https:\/\/www.kostuemebreuer.de\/english\/\",\"logo\":{\"@type\":\"ImageObject\",\"inLanguage\":\"en-GB\",\"@id\":\"https:\/\/www.kostuemebreuer.de\/english\/#\/schema\/logo\/image\/\",\"url\":\"https:\/\/www.kostuemebreuer.de\/english\/wp-content\/uploads\/sites\/6\/logo.svg\",\"contentUrl\":\"https:\/\/www.kostuemebreuer.de\/english\/wp-content\/uploads\/sites\/6\/logo.svg\",\"caption\":\"Kost\u00fcme Breuer in M\u00fcnchen\"},\"image\":{\"@id\":\"https:\/\/www.kostuemebreuer.de\/english\/#\/schema\/logo\/image\/\"},\"sameAs\":[\"https:\/\/www.facebook.com\/Kostuemebreuer\/?locale=de_DE\",\"https:\/\/www.instagram.com\/kostuemebreuer\/\"]}]}<\/script>\n<!-- \/ Yoast SEO plugin. -->","yoast_head_json":{"title":"Dirndl - light blue-silver - women - Costumes Breuer","description":"Dirndl - light blue-silver - women, consisting of a light blue dirndl, a silver-colored apron and a white blouse","robots":{"index":"index","follow":"follow","max-snippet":"max-snippet:-1","max-image-preview":"max-image-preview:large","max-video-preview":"max-video-preview:-1"},"canonical":"https:\/\/www.kostuemebreuer.de\/english\/produkt\/dirndl-hellblau-silber-damen-dirndl-schuerze-und-bluse\/","og_locale":"en_GB","og_type":"article","og_title":"Dirndl - light blue-silver - women - Costumes Breuer","og_description":"Dirndl - light blue-silver - women, consisting of a light blue dirndl, a silver-colored apron and a white blouse","og_url":"https:\/\/www.kostuemebreuer.de\/english\/produkt\/dirndl-hellblau-silber-damen-dirndl-schuerze-und-bluse\/","og_site_name":"Costumes Breuer","article_publisher":"https:\/\/www.facebook.com\/Kostuemebreuer\/?locale=de_DE","article_modified_time":"2024-07-22T12:26:52+00:00","og_image":[{"width":540,"height":960,"url":"https:\/\/www.kostuemebreuer.de\/english\/wp-content\/uploads\/sites\/6\/Dirndl-hellblau-silber-1.jpg","type":"image\/jpeg"}],"twitter_card":"summary_large_image","twitter_misc":{"Estimated reading time":"1 minute"},"schema":{"@context":"https:\/\/schema.org","@graph":[{"@type":"WebPage","@id":"https:\/\/www.kostuemebreuer.de\/english\/produkt\/dirndl-hellblau-silber-damen-dirndl-schuerze-und-bluse\/","url":"https:\/\/www.kostuemebreuer.de\/english\/produkt\/dirndl-hellblau-silber-damen-dirndl-schuerze-und-bluse\/","name":"Dirndl - light blue-silver - women - Costumes Breuer","isPartOf":{"@id":"https:\/\/www.kostuemebreuer.de\/english\/#website"},"primaryImageOfPage":{"@id":"https:\/\/www.kostuemebreuer.de\/english\/produkt\/dirndl-hellblau-silber-damen-dirndl-schuerze-und-bluse\/#primaryimage"},"image":{"@id":"https:\/\/www.kostuemebreuer.de\/english\/produkt\/dirndl-hellblau-silber-damen-dirndl-schuerze-und-bluse\/#primaryimage"},"thumbnailUrl":"https:\/\/www.kostuemebreuer.de\/english\/wp-content\/uploads\/sites\/6\/Dirndl-hellblau-silber-1.jpg","datePublished":"2024-07-22T12:07:34+00:00","dateModified":"2024-07-22T12:26:52+00:00","description":"Dirndl - light blue-silver - women, consisting of a light blue dirndl, a silver-colored apron and a white blouse","breadcrumb":{"@id":"https:\/\/www.kostuemebreuer.de\/english\/produkt\/dirndl-hellblau-silber-damen-dirndl-schuerze-und-bluse\/#breadcrumb"},"inLanguage":"en-GB","potentialAction":[{"@type":"ReadAction","target":["https:\/\/www.kostuemebreuer.de\/english\/produkt\/dirndl-hellblau-silber-damen-dirndl-schuerze-und-bluse\/"]}]},{"@type":"ImageObject","inLanguage":"en-GB","@id":"https:\/\/www.kostuemebreuer.de\/english\/produkt\/dirndl-hellblau-silber-damen-dirndl-schuerze-und-bluse\/#primaryimage","url":"https:\/\/www.kostuemebreuer.de\/english\/wp-content\/uploads\/sites\/6\/Dirndl-hellblau-silber-1.jpg","contentUrl":"https:\/\/www.kostuemebreuer.de\/english\/wp-content\/uploads\/sites\/6\/Dirndl-hellblau-silber-1.jpg","width":540,"height":960,"caption":"Dirndl - Hellblau-Silber - Damen"},{"@type":"BreadcrumbList","@id":"https:\/\/www.kostuemebreuer.de\/english\/produkt\/dirndl-hellblau-silber-damen-dirndl-schuerze-und-bluse\/#breadcrumb","itemListElement":[{"@type":"ListItem","position":1,"name":"Startseite","item":"https:\/\/www.kostuemebreuer.de\/english\/"},{"@type":"ListItem","position":2,"name":"Kost\u00fcme","item":"https:\/\/www.kostuemebreuer.de\/english\/kostueme\/"},{"@type":"ListItem","position":3,"name":"Dirndl &#8211; light blue-silver &#8211; women"}]},{"@type":"WebSite","@id":"https:\/\/www.kostuemebreuer.de\/english\/#website","url":"https:\/\/www.kostuemebreuer.de\/english\/","name":"Kost\u00fcme Breuer in M\u00fcnchen","description":"Kost\u00fcmverleih","publisher":{"@id":"https:\/\/www.kostuemebreuer.de\/english\/#organization"},"alternateName":"Kost\u00fcmverleih Breuer","potentialAction":[{"@type":"SearchAction","target":{"@type":"EntryPoint","urlTemplate":"https:\/\/www.kostuemebreuer.de\/english\/?s={search_term_string}"},"query-input":{"@type":"PropertyValueSpecification","valueRequired":true,"valueName":"search_term_string"}}],"inLanguage":"en-GB"},{"@type":"Organization","@id":"https:\/\/www.kostuemebreuer.de\/english\/#organization","name":"Kost\u00fcme Breuer in M\u00fcnchen","url":"https:\/\/www.kostuemebreuer.de\/english\/","logo":{"@type":"ImageObject","inLanguage":"en-GB","@id":"https:\/\/www.kostuemebreuer.de\/english\/#\/schema\/logo\/image\/","url":"https:\/\/www.kostuemebreuer.de\/english\/wp-content\/uploads\/sites\/6\/logo.svg","contentUrl":"https:\/\/www.kostuemebreuer.de\/english\/wp-content\/uploads\/sites\/6\/logo.svg","caption":"Kost\u00fcme Breuer in M\u00fcnchen"},"image":{"@id":"https:\/\/www.kostuemebreuer.de\/english\/#\/schema\/logo\/image\/"},"sameAs":["https:\/\/www.facebook.com\/Kostuemebreuer\/?locale=de_DE","https:\/\/www.instagram.com\/kostuemebreuer\/"]}]}},"acf":[],"_links":{"self":[{"href":"https:\/\/www.kostuemebreuer.de\/english\/wp-json\/wp\/v2\/product\/24103","targetHints":{"allow":["GET"]}}],"collection":[{"href":"https:\/\/www.kostuemebreuer.de\/english\/wp-json\/wp\/v2\/product"}],"about":[{"href":"https:\/\/www.kostuemebreuer.de\/english\/wp-json\/wp\/v2\/types\/product"}],"wp:featuredmedia":[{"embeddable":true,"href":"https:\/\/www.kostuemebreuer.de\/english\/wp-json\/wp\/v2\/media\/24100"}],"wp:attachment":[{"href":"https:\/\/www.kostuemebreuer.de\/english\/wp-json\/wp\/v2\/media?parent=24103"}],"wp:term":[{"taxonomy":"product_brand","embeddable":true,"href":"https:\/\/www.kostuemebreuer.de\/english\/wp-json\/wp\/v2\/product_brand?post=24103"},{"taxonomy":"product_cat","embeddable":true,"href":"https:\/\/www.kostuemebreuer.de\/english\/wp-json\/wp\/v2\/product_cat?post=24103"},{"taxonomy":"product_tag","embeddable":true,"href":"https:\/\/www.kostuemebreuer.de\/english\/wp-json\/wp\/v2\/product_tag?post=24103"}],"curies":[{"name":"wp","href":"https:\/\/api.w.org\/{rel}","templated":true}]}}