{"id":23399,"date":"2023-12-30T15:08:30","date_gmt":"2023-12-30T13:08:30","guid":{"rendered":"https:\/\/kostuemebreuer.de\/english\/?post_type=product&#038;p=23399"},"modified":"2024-05-11T17:00:06","modified_gmt":"2024-05-11T15:00:06","slug":"20er-jahre-nadelstreifenanzug-3","status":"publish","type":"product","link":"https:\/\/www.kostuemebreuer.de\/english\/produkt\/20er-jahre-nadelstreifenanzug-3\/","title":{"rendered":"1920s outfit \u2013 men \u2013 pinstripes"},"content":{"rendered":"<p>1920s outfit &#8211; men &#8211; pinstripes, consisting of a vest in gray pinstripes and a dark flat cap, optionally expandable with a white shirt, red bow tie and suspenders (package 2), as well as trousers in gray pinstripes and a walking stick (package 3), as well as a jacket in gray pinstripes, a red pocket square and shoes. (Package 4)<\/p>\n","protected":false},"excerpt":{"rendered":"<p>20er Jahre Outfit \u2013 Herren \u2013 Nadelstreifen, bestehend aus einer Weste in grauen Nadelstreifen und einer dunklen Schieberm\u00fctze, wahlweise erweiterbar mit einem<strong> wei\u00dfen Hemd, roter Fliege und Hosentr\u00e4gern<\/strong> (Paket 2), sowie einer <strong>Hose in grauen Nadelstreifen und einem Gehstock<\/strong> (Paket 3), als auch einem <strong>Jacket in grauen Nadelstreifen, rotem Einstecktuch und Schuhen<\/strong>. (Paket 4)<\/p>\n","protected":false},"featured_media":23361,"template":"","meta":{"_acf_changed":false},"product_brand":[],"product_cat":[29,552],"product_tag":[455,585],"class_list":{"0":"post-23399","1":"product","2":"type-product","3":"status-publish","4":"has-post-thumbnail","6":"product_cat-kostueme","7":"product_cat-miscellaneous","8":"product_tag-20er-jahre-charleston-cabaret-gatsby","9":"product_tag-anzug","10":"infinite-scroll-item","12":"first","13":"instock","14":"taxable","15":"shipping-taxable","16":"purchasable","17":"product-type-simple"},"yoast_head":"<!-- This site is optimized with the Yoast SEO plugin v27.2 - https:\/\/yoast.com\/product\/yoast-seo-wordpress\/ -->\n<title>1920s outfit \u2013 men \u2013 pinstripes - Costumes Breuer<\/title>\n<meta name=\"robots\" content=\"index, follow, max-snippet:-1, max-image-preview:large, max-video-preview:-1\" \/>\n<link rel=\"canonical\" href=\"https:\/\/www.kostuemebreuer.de\/english\/produkt\/20er-jahre-nadelstreifenanzug-3\/\" \/>\n<meta property=\"og:locale\" content=\"en_GB\" \/>\n<meta property=\"og:type\" content=\"article\" \/>\n<meta property=\"og:title\" content=\"1920s outfit \u2013 men \u2013 pinstripes - Costumes Breuer\" \/>\n<meta property=\"og:description\" content=\"20er Jahre Outfit \u2013 Herren \u2013 Nadelstreifen, bestehend aus einer Weste in grauen Nadelstreifen und einer dunklen Schieberm\u00fctze, wahlweise erweiterbar mit einem wei\u00dfen Hemd, roter Fliege und Hosentr\u00e4gern (Paket 2), sowie einer Hose in grauen Nadelstreifen und einem Gehstock (Paket 3), als auch einem Jacket in grauen Nadelstreifen, rotem Einstecktuch und Schuhen. (Paket 4)\" \/>\n<meta property=\"og:url\" content=\"https:\/\/www.kostuemebreuer.de\/english\/produkt\/20er-jahre-nadelstreifenanzug-3\/\" \/>\n<meta property=\"og:site_name\" content=\"Costumes Breuer\" \/>\n<meta property=\"article:publisher\" content=\"https:\/\/www.facebook.com\/Kostuemebreuer\/?locale=de_DE\" \/>\n<meta property=\"article:modified_time\" content=\"2024-05-11T15:00:06+00:00\" \/>\n<meta property=\"og:image\" content=\"https:\/\/www.kostuemebreuer.de\/english\/wp-content\/uploads\/sites\/6\/20er-Nadelstreifen-7.jpg\" \/>\n\t<meta property=\"og:image:width\" content=\"540\" \/>\n\t<meta property=\"og:image:height\" content=\"960\" \/>\n\t<meta property=\"og:image:type\" content=\"image\/jpeg\" \/>\n<meta name=\"twitter:card\" content=\"summary_large_image\" \/>\n<meta name=\"twitter:label1\" content=\"Estimated reading time\" \/>\n\t<meta name=\"twitter:data1\" content=\"1 minute\" \/>\n<script type=\"application\/ld+json\" class=\"yoast-schema-graph\">{\"@context\":\"https:\/\/schema.org\",\"@graph\":[{\"@type\":\"WebPage\",\"@id\":\"https:\/\/www.kostuemebreuer.de\/english\/produkt\/20er-jahre-nadelstreifenanzug-3\/\",\"url\":\"https:\/\/www.kostuemebreuer.de\/english\/produkt\/20er-jahre-nadelstreifenanzug-3\/\",\"name\":\"1920s outfit \u2013 men \u2013 pinstripes - Costumes Breuer\",\"isPartOf\":{\"@id\":\"https:\/\/www.kostuemebreuer.de\/english\/#website\"},\"primaryImageOfPage\":{\"@id\":\"https:\/\/www.kostuemebreuer.de\/english\/produkt\/20er-jahre-nadelstreifenanzug-3\/#primaryimage\"},\"image\":{\"@id\":\"https:\/\/www.kostuemebreuer.de\/english\/produkt\/20er-jahre-nadelstreifenanzug-3\/#primaryimage\"},\"thumbnailUrl\":\"https:\/\/www.kostuemebreuer.de\/english\/wp-content\/uploads\/sites\/6\/20er-Nadelstreifen-7.jpg\",\"datePublished\":\"2023-12-30T13:08:30+00:00\",\"dateModified\":\"2024-05-11T15:00:06+00:00\",\"breadcrumb\":{\"@id\":\"https:\/\/www.kostuemebreuer.de\/english\/produkt\/20er-jahre-nadelstreifenanzug-3\/#breadcrumb\"},\"inLanguage\":\"en-GB\",\"potentialAction\":[{\"@type\":\"ReadAction\",\"target\":[\"https:\/\/www.kostuemebreuer.de\/english\/produkt\/20er-jahre-nadelstreifenanzug-3\/\"]}]},{\"@type\":\"ImageObject\",\"inLanguage\":\"en-GB\",\"@id\":\"https:\/\/www.kostuemebreuer.de\/english\/produkt\/20er-jahre-nadelstreifenanzug-3\/#primaryimage\",\"url\":\"https:\/\/www.kostuemebreuer.de\/english\/wp-content\/uploads\/sites\/6\/20er-Nadelstreifen-7.jpg\",\"contentUrl\":\"https:\/\/www.kostuemebreuer.de\/english\/wp-content\/uploads\/sites\/6\/20er-Nadelstreifen-7.jpg\",\"width\":540,\"height\":960},{\"@type\":\"BreadcrumbList\",\"@id\":\"https:\/\/www.kostuemebreuer.de\/english\/produkt\/20er-jahre-nadelstreifenanzug-3\/#breadcrumb\",\"itemListElement\":[{\"@type\":\"ListItem\",\"position\":1,\"name\":\"Startseite\",\"item\":\"https:\/\/www.kostuemebreuer.de\/english\/\"},{\"@type\":\"ListItem\",\"position\":2,\"name\":\"Kost\u00fcme\",\"item\":\"https:\/\/www.kostuemebreuer.de\/english\/kostueme\/\"},{\"@type\":\"ListItem\",\"position\":3,\"name\":\"1920s outfit \u2013 men \u2013 pinstripes\"}]},{\"@type\":\"WebSite\",\"@id\":\"https:\/\/www.kostuemebreuer.de\/english\/#website\",\"url\":\"https:\/\/www.kostuemebreuer.de\/english\/\",\"name\":\"Kost\u00fcme Breuer in M\u00fcnchen\",\"description\":\"Kost\u00fcmverleih\",\"publisher\":{\"@id\":\"https:\/\/www.kostuemebreuer.de\/english\/#organization\"},\"alternateName\":\"Kost\u00fcmverleih Breuer\",\"potentialAction\":[{\"@type\":\"SearchAction\",\"target\":{\"@type\":\"EntryPoint\",\"urlTemplate\":\"https:\/\/www.kostuemebreuer.de\/english\/?s={search_term_string}\"},\"query-input\":{\"@type\":\"PropertyValueSpecification\",\"valueRequired\":true,\"valueName\":\"search_term_string\"}}],\"inLanguage\":\"en-GB\"},{\"@type\":\"Organization\",\"@id\":\"https:\/\/www.kostuemebreuer.de\/english\/#organization\",\"name\":\"Kost\u00fcme Breuer in M\u00fcnchen\",\"url\":\"https:\/\/www.kostuemebreuer.de\/english\/\",\"logo\":{\"@type\":\"ImageObject\",\"inLanguage\":\"en-GB\",\"@id\":\"https:\/\/www.kostuemebreuer.de\/english\/#\/schema\/logo\/image\/\",\"url\":\"https:\/\/www.kostuemebreuer.de\/english\/wp-content\/uploads\/sites\/6\/logo.svg\",\"contentUrl\":\"https:\/\/www.kostuemebreuer.de\/english\/wp-content\/uploads\/sites\/6\/logo.svg\",\"caption\":\"Kost\u00fcme Breuer in M\u00fcnchen\"},\"image\":{\"@id\":\"https:\/\/www.kostuemebreuer.de\/english\/#\/schema\/logo\/image\/\"},\"sameAs\":[\"https:\/\/www.facebook.com\/Kostuemebreuer\/?locale=de_DE\",\"https:\/\/www.instagram.com\/kostuemebreuer\/\"]}]}<\/script>\n<!-- \/ Yoast SEO plugin. -->","yoast_head_json":{"title":"1920s outfit \u2013 men \u2013 pinstripes - Costumes Breuer","robots":{"index":"index","follow":"follow","max-snippet":"max-snippet:-1","max-image-preview":"max-image-preview:large","max-video-preview":"max-video-preview:-1"},"canonical":"https:\/\/www.kostuemebreuer.de\/english\/produkt\/20er-jahre-nadelstreifenanzug-3\/","og_locale":"en_GB","og_type":"article","og_title":"1920s outfit \u2013 men \u2013 pinstripes - Costumes Breuer","og_description":"20er Jahre Outfit \u2013 Herren \u2013 Nadelstreifen, bestehend aus einer Weste in grauen Nadelstreifen und einer dunklen Schieberm\u00fctze, wahlweise erweiterbar mit einem wei\u00dfen Hemd, roter Fliege und Hosentr\u00e4gern (Paket 2), sowie einer Hose in grauen Nadelstreifen und einem Gehstock (Paket 3), als auch einem Jacket in grauen Nadelstreifen, rotem Einstecktuch und Schuhen. (Paket 4)","og_url":"https:\/\/www.kostuemebreuer.de\/english\/produkt\/20er-jahre-nadelstreifenanzug-3\/","og_site_name":"Costumes Breuer","article_publisher":"https:\/\/www.facebook.com\/Kostuemebreuer\/?locale=de_DE","article_modified_time":"2024-05-11T15:00:06+00:00","og_image":[{"width":540,"height":960,"url":"https:\/\/www.kostuemebreuer.de\/english\/wp-content\/uploads\/sites\/6\/20er-Nadelstreifen-7.jpg","type":"image\/jpeg"}],"twitter_card":"summary_large_image","twitter_misc":{"Estimated reading time":"1 minute"},"schema":{"@context":"https:\/\/schema.org","@graph":[{"@type":"WebPage","@id":"https:\/\/www.kostuemebreuer.de\/english\/produkt\/20er-jahre-nadelstreifenanzug-3\/","url":"https:\/\/www.kostuemebreuer.de\/english\/produkt\/20er-jahre-nadelstreifenanzug-3\/","name":"1920s outfit \u2013 men \u2013 pinstripes - Costumes Breuer","isPartOf":{"@id":"https:\/\/www.kostuemebreuer.de\/english\/#website"},"primaryImageOfPage":{"@id":"https:\/\/www.kostuemebreuer.de\/english\/produkt\/20er-jahre-nadelstreifenanzug-3\/#primaryimage"},"image":{"@id":"https:\/\/www.kostuemebreuer.de\/english\/produkt\/20er-jahre-nadelstreifenanzug-3\/#primaryimage"},"thumbnailUrl":"https:\/\/www.kostuemebreuer.de\/english\/wp-content\/uploads\/sites\/6\/20er-Nadelstreifen-7.jpg","datePublished":"2023-12-30T13:08:30+00:00","dateModified":"2024-05-11T15:00:06+00:00","breadcrumb":{"@id":"https:\/\/www.kostuemebreuer.de\/english\/produkt\/20er-jahre-nadelstreifenanzug-3\/#breadcrumb"},"inLanguage":"en-GB","potentialAction":[{"@type":"ReadAction","target":["https:\/\/www.kostuemebreuer.de\/english\/produkt\/20er-jahre-nadelstreifenanzug-3\/"]}]},{"@type":"ImageObject","inLanguage":"en-GB","@id":"https:\/\/www.kostuemebreuer.de\/english\/produkt\/20er-jahre-nadelstreifenanzug-3\/#primaryimage","url":"https:\/\/www.kostuemebreuer.de\/english\/wp-content\/uploads\/sites\/6\/20er-Nadelstreifen-7.jpg","contentUrl":"https:\/\/www.kostuemebreuer.de\/english\/wp-content\/uploads\/sites\/6\/20er-Nadelstreifen-7.jpg","width":540,"height":960},{"@type":"BreadcrumbList","@id":"https:\/\/www.kostuemebreuer.de\/english\/produkt\/20er-jahre-nadelstreifenanzug-3\/#breadcrumb","itemListElement":[{"@type":"ListItem","position":1,"name":"Startseite","item":"https:\/\/www.kostuemebreuer.de\/english\/"},{"@type":"ListItem","position":2,"name":"Kost\u00fcme","item":"https:\/\/www.kostuemebreuer.de\/english\/kostueme\/"},{"@type":"ListItem","position":3,"name":"1920s outfit \u2013 men \u2013 pinstripes"}]},{"@type":"WebSite","@id":"https:\/\/www.kostuemebreuer.de\/english\/#website","url":"https:\/\/www.kostuemebreuer.de\/english\/","name":"Kost\u00fcme Breuer in M\u00fcnchen","description":"Kost\u00fcmverleih","publisher":{"@id":"https:\/\/www.kostuemebreuer.de\/english\/#organization"},"alternateName":"Kost\u00fcmverleih Breuer","potentialAction":[{"@type":"SearchAction","target":{"@type":"EntryPoint","urlTemplate":"https:\/\/www.kostuemebreuer.de\/english\/?s={search_term_string}"},"query-input":{"@type":"PropertyValueSpecification","valueRequired":true,"valueName":"search_term_string"}}],"inLanguage":"en-GB"},{"@type":"Organization","@id":"https:\/\/www.kostuemebreuer.de\/english\/#organization","name":"Kost\u00fcme Breuer in M\u00fcnchen","url":"https:\/\/www.kostuemebreuer.de\/english\/","logo":{"@type":"ImageObject","inLanguage":"en-GB","@id":"https:\/\/www.kostuemebreuer.de\/english\/#\/schema\/logo\/image\/","url":"https:\/\/www.kostuemebreuer.de\/english\/wp-content\/uploads\/sites\/6\/logo.svg","contentUrl":"https:\/\/www.kostuemebreuer.de\/english\/wp-content\/uploads\/sites\/6\/logo.svg","caption":"Kost\u00fcme Breuer in M\u00fcnchen"},"image":{"@id":"https:\/\/www.kostuemebreuer.de\/english\/#\/schema\/logo\/image\/"},"sameAs":["https:\/\/www.facebook.com\/Kostuemebreuer\/?locale=de_DE","https:\/\/www.instagram.com\/kostuemebreuer\/"]}]}},"acf":[],"_links":{"self":[{"href":"https:\/\/www.kostuemebreuer.de\/english\/wp-json\/wp\/v2\/product\/23399","targetHints":{"allow":["GET"]}}],"collection":[{"href":"https:\/\/www.kostuemebreuer.de\/english\/wp-json\/wp\/v2\/product"}],"about":[{"href":"https:\/\/www.kostuemebreuer.de\/english\/wp-json\/wp\/v2\/types\/product"}],"wp:featuredmedia":[{"embeddable":true,"href":"https:\/\/www.kostuemebreuer.de\/english\/wp-json\/wp\/v2\/media\/23361"}],"wp:attachment":[{"href":"https:\/\/www.kostuemebreuer.de\/english\/wp-json\/wp\/v2\/media?parent=23399"}],"wp:term":[{"taxonomy":"product_brand","embeddable":true,"href":"https:\/\/www.kostuemebreuer.de\/english\/wp-json\/wp\/v2\/product_brand?post=23399"},{"taxonomy":"product_cat","embeddable":true,"href":"https:\/\/www.kostuemebreuer.de\/english\/wp-json\/wp\/v2\/product_cat?post=23399"},{"taxonomy":"product_tag","embeddable":true,"href":"https:\/\/www.kostuemebreuer.de\/english\/wp-json\/wp\/v2\/product_tag?post=23399"}],"curies":[{"name":"wp","href":"https:\/\/api.w.org\/{rel}","templated":true}]}}