{"id":23398,"date":"2023-12-30T14:44:58","date_gmt":"2023-12-30T12:44:58","guid":{"rendered":"https:\/\/kostuemebreuer.de\/english\/?post_type=product&#038;p=23398"},"modified":"2024-02-08T16:29:40","modified_gmt":"2024-02-08T14:29:40","slug":"20er-jahre-nadelstreifen-knickerbocker","status":"publish","type":"product","link":"https:\/\/www.kostuemebreuer.de\/english\/produkt\/20er-jahre-nadelstreifen-knickerbocker\/","title":{"rendered":"20er Jahre Outfit &#8211; Herren &#8211; Nadelstreifen (Weste und Schieberm\u00fctze)"},"content":{"rendered":"<p>20er Jahre Outfit &#8211; Herren &#8211; Nadelstreifen, bestehend aus einer Weste in grauen Nadelstreifen und einer dunklen Schieberm\u00fctze, wahlweise erweiterbar mit einem wei\u00dfen Hemd, roter Fliege und Hosentr\u00e4gern (Paket 2), sowie einer Kniebundhose in grauen Nadelstreifen, karierten Str\u00fcmpfen und Gehstock (Paket 3), als auch einem Jacket in grauen Nadelstreifen, rotem Einstecktuch und Schuhen. (Paket 4)<\/p>\n","protected":false},"excerpt":{"rendered":"<p>20er Jahre Outfit &#8211; Herren &#8211; Nadelstreifen, bestehend aus einer Weste in grauen Nadelstreifen und einer dunklen Schieberm\u00fctze, wahlweise erweiterbar mit einem <strong>wei\u00dfen Hemd, roter Fliege und Hosentr\u00e4gern<\/strong> (Paket 2), sowie einer <strong>Kniebundhose in grauen Nadelstreifen, karierten Str\u00fcmpfen und Gehstock<\/strong> (Paket 3), als auch einem <strong>Jacket in grauen Nadelstreifen, rotem Einstecktuch und Schuhen<\/strong>. (Paket 4)<\/p>\n","protected":false},"featured_media":23365,"template":"","meta":{"_acf_changed":false},"product_brand":[],"product_cat":[29,552],"product_tag":[455,585,570],"class_list":{"0":"post-23398","1":"product","2":"type-product","3":"status-publish","4":"has-post-thumbnail","6":"product_cat-kostueme","7":"product_cat-miscellaneous","8":"product_tag-20er-jahre-charleston-cabaret-gatsby","9":"product_tag-anzug","10":"product_tag-aussergewoehnliches-herren","11":"infinite-scroll-item","13":"first","14":"instock","15":"taxable","16":"shipping-taxable","17":"purchasable","18":"product-type-simple"},"yoast_head":"<!-- This site is optimized with the Yoast SEO plugin v27.2 - https:\/\/yoast.com\/product\/yoast-seo-wordpress\/ -->\n<title>20er Jahre Outfit - Herren - Nadelstreifen (Weste und Schieberm\u00fctze) - Costumes Breuer<\/title>\n<meta name=\"description\" content=\"20er Jahre Outfit - Herren - Nadelstreifen, bestehend aus einer Weste in grauen Nadelstreifen und einer dunklen Schieberm\u00fctze, wahlweise erweiterbar mit einem wei\u00dfen Hemd, roter Fliege und Hosentr\u00e4gern (Paket 2), sowie einer Kniebundhose in grauen Nadelstreifen, karierten Str\u00fcmpfen und Gehstock (Paket 3), als auch einem Jacket in grauen Nadelstreifen, rotem Einstecktuch und Schuhen. (Paket 4)\" \/>\n<meta name=\"robots\" content=\"index, follow, max-snippet:-1, max-image-preview:large, max-video-preview:-1\" \/>\n<link rel=\"canonical\" href=\"https:\/\/www.kostuemebreuer.de\/english\/produkt\/20er-jahre-nadelstreifen-knickerbocker\/\" \/>\n<meta property=\"og:locale\" content=\"en_GB\" \/>\n<meta property=\"og:type\" content=\"article\" \/>\n<meta property=\"og:title\" content=\"20er Jahre Outfit - Herren - Nadelstreifen (Weste und Schieberm\u00fctze) - Costumes Breuer\" \/>\n<meta property=\"og:description\" content=\"20er Jahre Outfit - Herren - Nadelstreifen, bestehend aus einer Weste in grauen Nadelstreifen und einer dunklen Schieberm\u00fctze, wahlweise erweiterbar mit einem wei\u00dfen Hemd, roter Fliege und Hosentr\u00e4gern (Paket 2), sowie einer Kniebundhose in grauen Nadelstreifen, karierten Str\u00fcmpfen und Gehstock (Paket 3), als auch einem Jacket in grauen Nadelstreifen, rotem Einstecktuch und Schuhen. (Paket 4)\" \/>\n<meta property=\"og:url\" content=\"https:\/\/www.kostuemebreuer.de\/english\/produkt\/20er-jahre-nadelstreifen-knickerbocker\/\" \/>\n<meta property=\"og:site_name\" content=\"Costumes Breuer\" \/>\n<meta property=\"article:publisher\" content=\"https:\/\/www.facebook.com\/Kostuemebreuer\/?locale=de_DE\" \/>\n<meta property=\"article:modified_time\" content=\"2024-02-08T14:29:40+00:00\" \/>\n<meta property=\"og:image\" content=\"https:\/\/www.kostuemebreuer.de\/english\/wp-content\/uploads\/sites\/6\/20er-Nadelstreifenanzug-5.jpg\" \/>\n\t<meta property=\"og:image:width\" content=\"540\" \/>\n\t<meta property=\"og:image:height\" content=\"961\" \/>\n\t<meta property=\"og:image:type\" content=\"image\/jpeg\" \/>\n<meta name=\"twitter:card\" content=\"summary_large_image\" \/>\n<meta name=\"twitter:label1\" content=\"Estimated reading time\" \/>\n\t<meta name=\"twitter:data1\" content=\"1 minute\" \/>\n<script type=\"application\/ld+json\" class=\"yoast-schema-graph\">{\"@context\":\"https:\/\/schema.org\",\"@graph\":[{\"@type\":\"WebPage\",\"@id\":\"https:\/\/www.kostuemebreuer.de\/english\/produkt\/20er-jahre-nadelstreifen-knickerbocker\/\",\"url\":\"https:\/\/www.kostuemebreuer.de\/english\/produkt\/20er-jahre-nadelstreifen-knickerbocker\/\",\"name\":\"20er Jahre Outfit - Herren - Nadelstreifen (Weste und Schieberm\u00fctze) - Costumes Breuer\",\"isPartOf\":{\"@id\":\"https:\/\/www.kostuemebreuer.de\/english\/#website\"},\"primaryImageOfPage\":{\"@id\":\"https:\/\/www.kostuemebreuer.de\/english\/produkt\/20er-jahre-nadelstreifen-knickerbocker\/#primaryimage\"},\"image\":{\"@id\":\"https:\/\/www.kostuemebreuer.de\/english\/produkt\/20er-jahre-nadelstreifen-knickerbocker\/#primaryimage\"},\"thumbnailUrl\":\"https:\/\/www.kostuemebreuer.de\/english\/wp-content\/uploads\/sites\/6\/20er-Nadelstreifenanzug-5.jpg\",\"datePublished\":\"2023-12-30T12:44:58+00:00\",\"dateModified\":\"2024-02-08T14:29:40+00:00\",\"description\":\"20er Jahre Outfit - Herren - Nadelstreifen, bestehend aus einer Weste in grauen Nadelstreifen und einer dunklen Schieberm\u00fctze, wahlweise erweiterbar mit einem wei\u00dfen Hemd, roter Fliege und Hosentr\u00e4gern (Paket 2), sowie einer Kniebundhose in grauen Nadelstreifen, karierten Str\u00fcmpfen und Gehstock (Paket 3), als auch einem Jacket in grauen Nadelstreifen, rotem Einstecktuch und Schuhen. (Paket 4)\",\"breadcrumb\":{\"@id\":\"https:\/\/www.kostuemebreuer.de\/english\/produkt\/20er-jahre-nadelstreifen-knickerbocker\/#breadcrumb\"},\"inLanguage\":\"en-GB\",\"potentialAction\":[{\"@type\":\"ReadAction\",\"target\":[\"https:\/\/www.kostuemebreuer.de\/english\/produkt\/20er-jahre-nadelstreifen-knickerbocker\/\"]}]},{\"@type\":\"ImageObject\",\"inLanguage\":\"en-GB\",\"@id\":\"https:\/\/www.kostuemebreuer.de\/english\/produkt\/20er-jahre-nadelstreifen-knickerbocker\/#primaryimage\",\"url\":\"https:\/\/www.kostuemebreuer.de\/english\/wp-content\/uploads\/sites\/6\/20er-Nadelstreifenanzug-5.jpg\",\"contentUrl\":\"https:\/\/www.kostuemebreuer.de\/english\/wp-content\/uploads\/sites\/6\/20er-Nadelstreifenanzug-5.jpg\",\"width\":540,\"height\":961},{\"@type\":\"BreadcrumbList\",\"@id\":\"https:\/\/www.kostuemebreuer.de\/english\/produkt\/20er-jahre-nadelstreifen-knickerbocker\/#breadcrumb\",\"itemListElement\":[{\"@type\":\"ListItem\",\"position\":1,\"name\":\"Startseite\",\"item\":\"https:\/\/www.kostuemebreuer.de\/english\/\"},{\"@type\":\"ListItem\",\"position\":2,\"name\":\"Kost\u00fcme\",\"item\":\"https:\/\/www.kostuemebreuer.de\/english\/kostueme\/\"},{\"@type\":\"ListItem\",\"position\":3,\"name\":\"20er Jahre Outfit &#8211; Herren &#8211; Nadelstreifen (Weste und Schieberm\u00fctze)\"}]},{\"@type\":\"WebSite\",\"@id\":\"https:\/\/www.kostuemebreuer.de\/english\/#website\",\"url\":\"https:\/\/www.kostuemebreuer.de\/english\/\",\"name\":\"Kost\u00fcme Breuer in M\u00fcnchen\",\"description\":\"Kost\u00fcmverleih\",\"publisher\":{\"@id\":\"https:\/\/www.kostuemebreuer.de\/english\/#organization\"},\"alternateName\":\"Kost\u00fcmverleih Breuer\",\"potentialAction\":[{\"@type\":\"SearchAction\",\"target\":{\"@type\":\"EntryPoint\",\"urlTemplate\":\"https:\/\/www.kostuemebreuer.de\/english\/?s={search_term_string}\"},\"query-input\":{\"@type\":\"PropertyValueSpecification\",\"valueRequired\":true,\"valueName\":\"search_term_string\"}}],\"inLanguage\":\"en-GB\"},{\"@type\":\"Organization\",\"@id\":\"https:\/\/www.kostuemebreuer.de\/english\/#organization\",\"name\":\"Kost\u00fcme Breuer in M\u00fcnchen\",\"url\":\"https:\/\/www.kostuemebreuer.de\/english\/\",\"logo\":{\"@type\":\"ImageObject\",\"inLanguage\":\"en-GB\",\"@id\":\"https:\/\/www.kostuemebreuer.de\/english\/#\/schema\/logo\/image\/\",\"url\":\"https:\/\/www.kostuemebreuer.de\/english\/wp-content\/uploads\/sites\/6\/logo.svg\",\"contentUrl\":\"https:\/\/www.kostuemebreuer.de\/english\/wp-content\/uploads\/sites\/6\/logo.svg\",\"caption\":\"Kost\u00fcme Breuer in M\u00fcnchen\"},\"image\":{\"@id\":\"https:\/\/www.kostuemebreuer.de\/english\/#\/schema\/logo\/image\/\"},\"sameAs\":[\"https:\/\/www.facebook.com\/Kostuemebreuer\/?locale=de_DE\",\"https:\/\/www.instagram.com\/kostuemebreuer\/\"]}]}<\/script>\n<!-- \/ Yoast SEO plugin. -->","yoast_head_json":{"title":"20er Jahre Outfit - Herren - Nadelstreifen (Weste und Schieberm\u00fctze) - Costumes Breuer","description":"20er Jahre Outfit - Herren - Nadelstreifen, bestehend aus einer Weste in grauen Nadelstreifen und einer dunklen Schieberm\u00fctze, wahlweise erweiterbar mit einem wei\u00dfen Hemd, roter Fliege und Hosentr\u00e4gern (Paket 2), sowie einer Kniebundhose in grauen Nadelstreifen, karierten Str\u00fcmpfen und Gehstock (Paket 3), als auch einem Jacket in grauen Nadelstreifen, rotem Einstecktuch und Schuhen. (Paket 4)","robots":{"index":"index","follow":"follow","max-snippet":"max-snippet:-1","max-image-preview":"max-image-preview:large","max-video-preview":"max-video-preview:-1"},"canonical":"https:\/\/www.kostuemebreuer.de\/english\/produkt\/20er-jahre-nadelstreifen-knickerbocker\/","og_locale":"en_GB","og_type":"article","og_title":"20er Jahre Outfit - Herren - Nadelstreifen (Weste und Schieberm\u00fctze) - Costumes Breuer","og_description":"20er Jahre Outfit - Herren - Nadelstreifen, bestehend aus einer Weste in grauen Nadelstreifen und einer dunklen Schieberm\u00fctze, wahlweise erweiterbar mit einem wei\u00dfen Hemd, roter Fliege und Hosentr\u00e4gern (Paket 2), sowie einer Kniebundhose in grauen Nadelstreifen, karierten Str\u00fcmpfen und Gehstock (Paket 3), als auch einem Jacket in grauen Nadelstreifen, rotem Einstecktuch und Schuhen. (Paket 4)","og_url":"https:\/\/www.kostuemebreuer.de\/english\/produkt\/20er-jahre-nadelstreifen-knickerbocker\/","og_site_name":"Costumes Breuer","article_publisher":"https:\/\/www.facebook.com\/Kostuemebreuer\/?locale=de_DE","article_modified_time":"2024-02-08T14:29:40+00:00","og_image":[{"width":540,"height":961,"url":"https:\/\/www.kostuemebreuer.de\/english\/wp-content\/uploads\/sites\/6\/20er-Nadelstreifenanzug-5.jpg","type":"image\/jpeg"}],"twitter_card":"summary_large_image","twitter_misc":{"Estimated reading time":"1 minute"},"schema":{"@context":"https:\/\/schema.org","@graph":[{"@type":"WebPage","@id":"https:\/\/www.kostuemebreuer.de\/english\/produkt\/20er-jahre-nadelstreifen-knickerbocker\/","url":"https:\/\/www.kostuemebreuer.de\/english\/produkt\/20er-jahre-nadelstreifen-knickerbocker\/","name":"20er Jahre Outfit - Herren - Nadelstreifen (Weste und Schieberm\u00fctze) - Costumes Breuer","isPartOf":{"@id":"https:\/\/www.kostuemebreuer.de\/english\/#website"},"primaryImageOfPage":{"@id":"https:\/\/www.kostuemebreuer.de\/english\/produkt\/20er-jahre-nadelstreifen-knickerbocker\/#primaryimage"},"image":{"@id":"https:\/\/www.kostuemebreuer.de\/english\/produkt\/20er-jahre-nadelstreifen-knickerbocker\/#primaryimage"},"thumbnailUrl":"https:\/\/www.kostuemebreuer.de\/english\/wp-content\/uploads\/sites\/6\/20er-Nadelstreifenanzug-5.jpg","datePublished":"2023-12-30T12:44:58+00:00","dateModified":"2024-02-08T14:29:40+00:00","description":"20er Jahre Outfit - Herren - Nadelstreifen, bestehend aus einer Weste in grauen Nadelstreifen und einer dunklen Schieberm\u00fctze, wahlweise erweiterbar mit einem wei\u00dfen Hemd, roter Fliege und Hosentr\u00e4gern (Paket 2), sowie einer Kniebundhose in grauen Nadelstreifen, karierten Str\u00fcmpfen und Gehstock (Paket 3), als auch einem Jacket in grauen Nadelstreifen, rotem Einstecktuch und Schuhen. (Paket 4)","breadcrumb":{"@id":"https:\/\/www.kostuemebreuer.de\/english\/produkt\/20er-jahre-nadelstreifen-knickerbocker\/#breadcrumb"},"inLanguage":"en-GB","potentialAction":[{"@type":"ReadAction","target":["https:\/\/www.kostuemebreuer.de\/english\/produkt\/20er-jahre-nadelstreifen-knickerbocker\/"]}]},{"@type":"ImageObject","inLanguage":"en-GB","@id":"https:\/\/www.kostuemebreuer.de\/english\/produkt\/20er-jahre-nadelstreifen-knickerbocker\/#primaryimage","url":"https:\/\/www.kostuemebreuer.de\/english\/wp-content\/uploads\/sites\/6\/20er-Nadelstreifenanzug-5.jpg","contentUrl":"https:\/\/www.kostuemebreuer.de\/english\/wp-content\/uploads\/sites\/6\/20er-Nadelstreifenanzug-5.jpg","width":540,"height":961},{"@type":"BreadcrumbList","@id":"https:\/\/www.kostuemebreuer.de\/english\/produkt\/20er-jahre-nadelstreifen-knickerbocker\/#breadcrumb","itemListElement":[{"@type":"ListItem","position":1,"name":"Startseite","item":"https:\/\/www.kostuemebreuer.de\/english\/"},{"@type":"ListItem","position":2,"name":"Kost\u00fcme","item":"https:\/\/www.kostuemebreuer.de\/english\/kostueme\/"},{"@type":"ListItem","position":3,"name":"20er Jahre Outfit &#8211; Herren &#8211; Nadelstreifen (Weste und Schieberm\u00fctze)"}]},{"@type":"WebSite","@id":"https:\/\/www.kostuemebreuer.de\/english\/#website","url":"https:\/\/www.kostuemebreuer.de\/english\/","name":"Kost\u00fcme Breuer in M\u00fcnchen","description":"Kost\u00fcmverleih","publisher":{"@id":"https:\/\/www.kostuemebreuer.de\/english\/#organization"},"alternateName":"Kost\u00fcmverleih Breuer","potentialAction":[{"@type":"SearchAction","target":{"@type":"EntryPoint","urlTemplate":"https:\/\/www.kostuemebreuer.de\/english\/?s={search_term_string}"},"query-input":{"@type":"PropertyValueSpecification","valueRequired":true,"valueName":"search_term_string"}}],"inLanguage":"en-GB"},{"@type":"Organization","@id":"https:\/\/www.kostuemebreuer.de\/english\/#organization","name":"Kost\u00fcme Breuer in M\u00fcnchen","url":"https:\/\/www.kostuemebreuer.de\/english\/","logo":{"@type":"ImageObject","inLanguage":"en-GB","@id":"https:\/\/www.kostuemebreuer.de\/english\/#\/schema\/logo\/image\/","url":"https:\/\/www.kostuemebreuer.de\/english\/wp-content\/uploads\/sites\/6\/logo.svg","contentUrl":"https:\/\/www.kostuemebreuer.de\/english\/wp-content\/uploads\/sites\/6\/logo.svg","caption":"Kost\u00fcme Breuer in M\u00fcnchen"},"image":{"@id":"https:\/\/www.kostuemebreuer.de\/english\/#\/schema\/logo\/image\/"},"sameAs":["https:\/\/www.facebook.com\/Kostuemebreuer\/?locale=de_DE","https:\/\/www.instagram.com\/kostuemebreuer\/"]}]}},"acf":[],"_links":{"self":[{"href":"https:\/\/www.kostuemebreuer.de\/english\/wp-json\/wp\/v2\/product\/23398","targetHints":{"allow":["GET"]}}],"collection":[{"href":"https:\/\/www.kostuemebreuer.de\/english\/wp-json\/wp\/v2\/product"}],"about":[{"href":"https:\/\/www.kostuemebreuer.de\/english\/wp-json\/wp\/v2\/types\/product"}],"wp:featuredmedia":[{"embeddable":true,"href":"https:\/\/www.kostuemebreuer.de\/english\/wp-json\/wp\/v2\/media\/23365"}],"wp:attachment":[{"href":"https:\/\/www.kostuemebreuer.de\/english\/wp-json\/wp\/v2\/media?parent=23398"}],"wp:term":[{"taxonomy":"product_brand","embeddable":true,"href":"https:\/\/www.kostuemebreuer.de\/english\/wp-json\/wp\/v2\/product_brand?post=23398"},{"taxonomy":"product_cat","embeddable":true,"href":"https:\/\/www.kostuemebreuer.de\/english\/wp-json\/wp\/v2\/product_cat?post=23398"},{"taxonomy":"product_tag","embeddable":true,"href":"https:\/\/www.kostuemebreuer.de\/english\/wp-json\/wp\/v2\/product_tag?post=23398"}],"curies":[{"name":"wp","href":"https:\/\/api.w.org\/{rel}","templated":true}]}}