{"id":23390,"date":"2023-12-30T14:16:00","date_gmt":"2023-12-30T12:16:00","guid":{"rendered":"https:\/\/kostuemebreuer.de\/english\/?post_type=product&#038;p=23390"},"modified":"2024-01-09T18:00:41","modified_gmt":"2024-01-09T16:00:41","slug":"burning-man-schwarz-gold","status":"publish","type":"product","link":"https:\/\/www.kostuemebreuer.de\/english\/produkt\/burning-man-schwarz-gold\/","title":{"rendered":"Burning Man Outfit &#8211; Schwarz-Gold (Helm, Kurzjacke, Hose, Plateauschuhe, G\u00fcrtel und Kette)"},"content":{"rendered":"<p>Burning Man Outfit &#8211; Schwarz-Gold, bestehend aus einem Helm, einer goldverzierten, schwarzen Kurzjacke, einer Hose, goldenen Plateauschuhe, einem G\u00fcrtel und einer Kette.<\/p>\n","protected":false},"excerpt":{"rendered":"<p>Burning Man Outfit &#8211; Schwarz-Gold, bestehend aus einem Helm, einer goldverzierten, schwarzen Kurzjacke, einer Hose, goldenen Plateauschuhe, einem G\u00fcrtel und einer Kette.<\/p>\n","protected":false},"featured_media":23372,"template":"","meta":{"_acf_changed":false},"product_brand":[],"product_cat":[97,29,552],"product_tag":[739],"class_list":{"0":"post-23390","1":"product","2":"type-product","3":"status-publish","4":"has-post-thumbnail","6":"product_cat-fasching","7":"product_cat-kostueme","8":"product_cat-miscellaneous","9":"product_tag-burning-man","10":"infinite-scroll-item","12":"first","13":"instock","14":"taxable","15":"shipping-taxable","16":"purchasable","17":"product-type-simple"},"yoast_head":"<!-- This site is optimized with the Yoast SEO plugin v27.2 - https:\/\/yoast.com\/product\/yoast-seo-wordpress\/ -->\n<title>Burning Man Outfit - Schwarz-Gold (Helm, Kurzjacke, Hose, Plateauschuhe, G\u00fcrtel und Kette) - Costumes Breuer<\/title>\n<meta name=\"description\" content=\"Burning Man Outfit - Schwarz-Gold, bestehend aus einem Helm, einer goldverzierten, schwarzen Kurzjacke, einer Hose, goldenen Plateauschuhe, einem G\u00fcrtel und einer Kette.\" \/>\n<meta name=\"robots\" content=\"index, follow, max-snippet:-1, max-image-preview:large, max-video-preview:-1\" \/>\n<link rel=\"canonical\" href=\"https:\/\/www.kostuemebreuer.de\/english\/produkt\/burning-man-schwarz-gold\/\" \/>\n<meta property=\"og:locale\" content=\"en_GB\" \/>\n<meta property=\"og:type\" content=\"article\" \/>\n<meta property=\"og:title\" content=\"Burning Man Outfit - Schwarz-Gold (Helm, Kurzjacke, Hose, Plateauschuhe, G\u00fcrtel und Kette) - Costumes Breuer\" \/>\n<meta property=\"og:description\" content=\"Burning Man Outfit - Schwarz-Gold, bestehend aus einem Helm, einer goldverzierten, schwarzen Kurzjacke, einer Hose, goldenen Plateauschuhe, einem G\u00fcrtel und einer Kette.\" \/>\n<meta property=\"og:url\" content=\"https:\/\/www.kostuemebreuer.de\/english\/produkt\/burning-man-schwarz-gold\/\" \/>\n<meta property=\"og:site_name\" content=\"Costumes Breuer\" \/>\n<meta property=\"article:publisher\" content=\"https:\/\/www.facebook.com\/Kostuemebreuer\/?locale=de_DE\" \/>\n<meta property=\"article:modified_time\" content=\"2024-01-09T16:00:41+00:00\" \/>\n<meta property=\"og:image\" content=\"https:\/\/www.kostuemebreuer.de\/english\/wp-content\/uploads\/sites\/6\/Burning-man-schwarz-gold.jpg\" \/>\n\t<meta property=\"og:image:width\" content=\"540\" \/>\n\t<meta property=\"og:image:height\" content=\"960\" \/>\n\t<meta property=\"og:image:type\" content=\"image\/jpeg\" \/>\n<meta name=\"twitter:card\" content=\"summary_large_image\" \/>\n<script type=\"application\/ld+json\" class=\"yoast-schema-graph\">{\"@context\":\"https:\/\/schema.org\",\"@graph\":[{\"@type\":\"WebPage\",\"@id\":\"https:\/\/www.kostuemebreuer.de\/english\/produkt\/burning-man-schwarz-gold\/\",\"url\":\"https:\/\/www.kostuemebreuer.de\/english\/produkt\/burning-man-schwarz-gold\/\",\"name\":\"Burning Man Outfit - Schwarz-Gold (Helm, Kurzjacke, Hose, Plateauschuhe, G\u00fcrtel und Kette) - Costumes Breuer\",\"isPartOf\":{\"@id\":\"https:\/\/www.kostuemebreuer.de\/english\/#website\"},\"primaryImageOfPage\":{\"@id\":\"https:\/\/www.kostuemebreuer.de\/english\/produkt\/burning-man-schwarz-gold\/#primaryimage\"},\"image\":{\"@id\":\"https:\/\/www.kostuemebreuer.de\/english\/produkt\/burning-man-schwarz-gold\/#primaryimage\"},\"thumbnailUrl\":\"https:\/\/www.kostuemebreuer.de\/english\/wp-content\/uploads\/sites\/6\/Burning-man-schwarz-gold.jpg\",\"datePublished\":\"2023-12-30T12:16:00+00:00\",\"dateModified\":\"2024-01-09T16:00:41+00:00\",\"description\":\"Burning Man Outfit - Schwarz-Gold, bestehend aus einem Helm, einer goldverzierten, schwarzen Kurzjacke, einer Hose, goldenen Plateauschuhe, einem G\u00fcrtel und einer Kette.\",\"breadcrumb\":{\"@id\":\"https:\/\/www.kostuemebreuer.de\/english\/produkt\/burning-man-schwarz-gold\/#breadcrumb\"},\"inLanguage\":\"en-GB\",\"potentialAction\":[{\"@type\":\"ReadAction\",\"target\":[\"https:\/\/www.kostuemebreuer.de\/english\/produkt\/burning-man-schwarz-gold\/\"]}]},{\"@type\":\"ImageObject\",\"inLanguage\":\"en-GB\",\"@id\":\"https:\/\/www.kostuemebreuer.de\/english\/produkt\/burning-man-schwarz-gold\/#primaryimage\",\"url\":\"https:\/\/www.kostuemebreuer.de\/english\/wp-content\/uploads\/sites\/6\/Burning-man-schwarz-gold.jpg\",\"contentUrl\":\"https:\/\/www.kostuemebreuer.de\/english\/wp-content\/uploads\/sites\/6\/Burning-man-schwarz-gold.jpg\",\"width\":540,\"height\":960},{\"@type\":\"BreadcrumbList\",\"@id\":\"https:\/\/www.kostuemebreuer.de\/english\/produkt\/burning-man-schwarz-gold\/#breadcrumb\",\"itemListElement\":[{\"@type\":\"ListItem\",\"position\":1,\"name\":\"Startseite\",\"item\":\"https:\/\/www.kostuemebreuer.de\/english\/\"},{\"@type\":\"ListItem\",\"position\":2,\"name\":\"Kost\u00fcme\",\"item\":\"https:\/\/www.kostuemebreuer.de\/english\/kostueme\/\"},{\"@type\":\"ListItem\",\"position\":3,\"name\":\"Burning Man Outfit &#8211; Schwarz-Gold (Helm, Kurzjacke, Hose, Plateauschuhe, G\u00fcrtel und Kette)\"}]},{\"@type\":\"WebSite\",\"@id\":\"https:\/\/www.kostuemebreuer.de\/english\/#website\",\"url\":\"https:\/\/www.kostuemebreuer.de\/english\/\",\"name\":\"Kost\u00fcme Breuer in M\u00fcnchen\",\"description\":\"Kost\u00fcmverleih\",\"publisher\":{\"@id\":\"https:\/\/www.kostuemebreuer.de\/english\/#organization\"},\"alternateName\":\"Kost\u00fcmverleih Breuer\",\"potentialAction\":[{\"@type\":\"SearchAction\",\"target\":{\"@type\":\"EntryPoint\",\"urlTemplate\":\"https:\/\/www.kostuemebreuer.de\/english\/?s={search_term_string}\"},\"query-input\":{\"@type\":\"PropertyValueSpecification\",\"valueRequired\":true,\"valueName\":\"search_term_string\"}}],\"inLanguage\":\"en-GB\"},{\"@type\":\"Organization\",\"@id\":\"https:\/\/www.kostuemebreuer.de\/english\/#organization\",\"name\":\"Kost\u00fcme Breuer in M\u00fcnchen\",\"url\":\"https:\/\/www.kostuemebreuer.de\/english\/\",\"logo\":{\"@type\":\"ImageObject\",\"inLanguage\":\"en-GB\",\"@id\":\"https:\/\/www.kostuemebreuer.de\/english\/#\/schema\/logo\/image\/\",\"url\":\"https:\/\/www.kostuemebreuer.de\/english\/wp-content\/uploads\/sites\/6\/logo.svg\",\"contentUrl\":\"https:\/\/www.kostuemebreuer.de\/english\/wp-content\/uploads\/sites\/6\/logo.svg\",\"caption\":\"Kost\u00fcme Breuer in M\u00fcnchen\"},\"image\":{\"@id\":\"https:\/\/www.kostuemebreuer.de\/english\/#\/schema\/logo\/image\/\"},\"sameAs\":[\"https:\/\/www.facebook.com\/Kostuemebreuer\/?locale=de_DE\",\"https:\/\/www.instagram.com\/kostuemebreuer\/\"]}]}<\/script>\n<!-- \/ Yoast SEO plugin. -->","yoast_head_json":{"title":"Burning Man Outfit - Schwarz-Gold (Helm, Kurzjacke, Hose, Plateauschuhe, G\u00fcrtel und Kette) - Costumes Breuer","description":"Burning Man Outfit - Schwarz-Gold, bestehend aus einem Helm, einer goldverzierten, schwarzen Kurzjacke, einer Hose, goldenen Plateauschuhe, einem G\u00fcrtel und einer Kette.","robots":{"index":"index","follow":"follow","max-snippet":"max-snippet:-1","max-image-preview":"max-image-preview:large","max-video-preview":"max-video-preview:-1"},"canonical":"https:\/\/www.kostuemebreuer.de\/english\/produkt\/burning-man-schwarz-gold\/","og_locale":"en_GB","og_type":"article","og_title":"Burning Man Outfit - Schwarz-Gold (Helm, Kurzjacke, Hose, Plateauschuhe, G\u00fcrtel und Kette) - Costumes Breuer","og_description":"Burning Man Outfit - Schwarz-Gold, bestehend aus einem Helm, einer goldverzierten, schwarzen Kurzjacke, einer Hose, goldenen Plateauschuhe, einem G\u00fcrtel und einer Kette.","og_url":"https:\/\/www.kostuemebreuer.de\/english\/produkt\/burning-man-schwarz-gold\/","og_site_name":"Costumes Breuer","article_publisher":"https:\/\/www.facebook.com\/Kostuemebreuer\/?locale=de_DE","article_modified_time":"2024-01-09T16:00:41+00:00","og_image":[{"width":540,"height":960,"url":"https:\/\/www.kostuemebreuer.de\/english\/wp-content\/uploads\/sites\/6\/Burning-man-schwarz-gold.jpg","type":"image\/jpeg"}],"twitter_card":"summary_large_image","schema":{"@context":"https:\/\/schema.org","@graph":[{"@type":"WebPage","@id":"https:\/\/www.kostuemebreuer.de\/english\/produkt\/burning-man-schwarz-gold\/","url":"https:\/\/www.kostuemebreuer.de\/english\/produkt\/burning-man-schwarz-gold\/","name":"Burning Man Outfit - Schwarz-Gold (Helm, Kurzjacke, Hose, Plateauschuhe, G\u00fcrtel und Kette) - Costumes Breuer","isPartOf":{"@id":"https:\/\/www.kostuemebreuer.de\/english\/#website"},"primaryImageOfPage":{"@id":"https:\/\/www.kostuemebreuer.de\/english\/produkt\/burning-man-schwarz-gold\/#primaryimage"},"image":{"@id":"https:\/\/www.kostuemebreuer.de\/english\/produkt\/burning-man-schwarz-gold\/#primaryimage"},"thumbnailUrl":"https:\/\/www.kostuemebreuer.de\/english\/wp-content\/uploads\/sites\/6\/Burning-man-schwarz-gold.jpg","datePublished":"2023-12-30T12:16:00+00:00","dateModified":"2024-01-09T16:00:41+00:00","description":"Burning Man Outfit - Schwarz-Gold, bestehend aus einem Helm, einer goldverzierten, schwarzen Kurzjacke, einer Hose, goldenen Plateauschuhe, einem G\u00fcrtel und einer Kette.","breadcrumb":{"@id":"https:\/\/www.kostuemebreuer.de\/english\/produkt\/burning-man-schwarz-gold\/#breadcrumb"},"inLanguage":"en-GB","potentialAction":[{"@type":"ReadAction","target":["https:\/\/www.kostuemebreuer.de\/english\/produkt\/burning-man-schwarz-gold\/"]}]},{"@type":"ImageObject","inLanguage":"en-GB","@id":"https:\/\/www.kostuemebreuer.de\/english\/produkt\/burning-man-schwarz-gold\/#primaryimage","url":"https:\/\/www.kostuemebreuer.de\/english\/wp-content\/uploads\/sites\/6\/Burning-man-schwarz-gold.jpg","contentUrl":"https:\/\/www.kostuemebreuer.de\/english\/wp-content\/uploads\/sites\/6\/Burning-man-schwarz-gold.jpg","width":540,"height":960},{"@type":"BreadcrumbList","@id":"https:\/\/www.kostuemebreuer.de\/english\/produkt\/burning-man-schwarz-gold\/#breadcrumb","itemListElement":[{"@type":"ListItem","position":1,"name":"Startseite","item":"https:\/\/www.kostuemebreuer.de\/english\/"},{"@type":"ListItem","position":2,"name":"Kost\u00fcme","item":"https:\/\/www.kostuemebreuer.de\/english\/kostueme\/"},{"@type":"ListItem","position":3,"name":"Burning Man Outfit &#8211; Schwarz-Gold (Helm, Kurzjacke, Hose, Plateauschuhe, G\u00fcrtel und Kette)"}]},{"@type":"WebSite","@id":"https:\/\/www.kostuemebreuer.de\/english\/#website","url":"https:\/\/www.kostuemebreuer.de\/english\/","name":"Kost\u00fcme Breuer in M\u00fcnchen","description":"Kost\u00fcmverleih","publisher":{"@id":"https:\/\/www.kostuemebreuer.de\/english\/#organization"},"alternateName":"Kost\u00fcmverleih Breuer","potentialAction":[{"@type":"SearchAction","target":{"@type":"EntryPoint","urlTemplate":"https:\/\/www.kostuemebreuer.de\/english\/?s={search_term_string}"},"query-input":{"@type":"PropertyValueSpecification","valueRequired":true,"valueName":"search_term_string"}}],"inLanguage":"en-GB"},{"@type":"Organization","@id":"https:\/\/www.kostuemebreuer.de\/english\/#organization","name":"Kost\u00fcme Breuer in M\u00fcnchen","url":"https:\/\/www.kostuemebreuer.de\/english\/","logo":{"@type":"ImageObject","inLanguage":"en-GB","@id":"https:\/\/www.kostuemebreuer.de\/english\/#\/schema\/logo\/image\/","url":"https:\/\/www.kostuemebreuer.de\/english\/wp-content\/uploads\/sites\/6\/logo.svg","contentUrl":"https:\/\/www.kostuemebreuer.de\/english\/wp-content\/uploads\/sites\/6\/logo.svg","caption":"Kost\u00fcme Breuer in M\u00fcnchen"},"image":{"@id":"https:\/\/www.kostuemebreuer.de\/english\/#\/schema\/logo\/image\/"},"sameAs":["https:\/\/www.facebook.com\/Kostuemebreuer\/?locale=de_DE","https:\/\/www.instagram.com\/kostuemebreuer\/"]}]}},"acf":[],"_links":{"self":[{"href":"https:\/\/www.kostuemebreuer.de\/english\/wp-json\/wp\/v2\/product\/23390","targetHints":{"allow":["GET"]}}],"collection":[{"href":"https:\/\/www.kostuemebreuer.de\/english\/wp-json\/wp\/v2\/product"}],"about":[{"href":"https:\/\/www.kostuemebreuer.de\/english\/wp-json\/wp\/v2\/types\/product"}],"wp:featuredmedia":[{"embeddable":true,"href":"https:\/\/www.kostuemebreuer.de\/english\/wp-json\/wp\/v2\/media\/23372"}],"wp:attachment":[{"href":"https:\/\/www.kostuemebreuer.de\/english\/wp-json\/wp\/v2\/media?parent=23390"}],"wp:term":[{"taxonomy":"product_brand","embeddable":true,"href":"https:\/\/www.kostuemebreuer.de\/english\/wp-json\/wp\/v2\/product_brand?post=23390"},{"taxonomy":"product_cat","embeddable":true,"href":"https:\/\/www.kostuemebreuer.de\/english\/wp-json\/wp\/v2\/product_cat?post=23390"},{"taxonomy":"product_tag","embeddable":true,"href":"https:\/\/www.kostuemebreuer.de\/english\/wp-json\/wp\/v2\/product_tag?post=23390"}],"curies":[{"name":"wp","href":"https:\/\/api.w.org\/{rel}","templated":true}]}}