{"id":21232,"date":"2023-06-09T18:13:49","date_gmt":"2023-06-09T16:13:49","guid":{"rendered":"https:\/\/kostuemebreuer.de\/new-shop\/?post_type=product&#038;p=21232"},"modified":"2023-12-02T06:04:23","modified_gmt":"2023-12-02T04:04:23","slug":"70er-jahre-hippie-outfit-fuer-herren-weste-und-hose-gestreift-mit-schlag","status":"publish","type":"product","link":"https:\/\/www.kostuemebreuer.de\/english\/produkt\/70er-jahre-hippie-outfit-fuer-herren-weste-und-hose-gestreift-mit-schlag\/","title":{"rendered":"70er Jahre \u2013 Hippie Outfit \u2013 Herren \u2013 Orange (Hemd, Kette und Stirnband)"},"content":{"rendered":"<p>70er Jahre \u2013 Hippie Outfit \u2013 Herren \u2013 Orange, bestehend aus einem orangen Hemd, einer Peacekette und einem Stirnband, wahlweise erweiterbar mit einer Lederweste mit Glitzersteinen und einer gestreiften Schlaghose. (Paket 2)<\/p>\n<p>Die Per\u00fccke (Kauf) kann separat dazu gebucht werden.<\/p>\n<p>&nbsp;<\/p>\n","protected":false},"excerpt":{"rendered":"<p>70er Jahre \u2013 Hippie Outfit \u2013 Herren \u2013 Orange, bestehend aus einem orangen Hemd, einer Peacekette und einem Stirnband, wahlweise erweiterbar mit einer <strong>Lederweste mit Glitzersteinen und einer gestreiften Schlaghose<\/strong>. (Paket 2)<\/p>\n<p>Die Per\u00fccke (Kauf) kann separat dazu gebucht werden.<\/p>\n","protected":false},"featured_media":21225,"template":"","meta":{"_acf_changed":false},"product_brand":[],"product_cat":[226,33],"product_tag":[525],"class_list":{"0":"post-21232","1":"product","2":"type-product","3":"status-publish","4":"has-post-thumbnail","6":"product_cat-aussergewoehnlichesherren","7":"product_cat-herrenmode","8":"product_tag-70er-jahre-abba-studio-54-flower-power","9":"infinite-scroll-item","11":"first","12":"instock","13":"taxable","14":"shipping-taxable","15":"purchasable","16":"product-type-simple"},"yoast_head":"<!-- This site is optimized with the Yoast SEO plugin v27.2 - https:\/\/yoast.com\/product\/yoast-seo-wordpress\/ -->\n<title>70er Jahre \u2013 Hippie Outfit \u2013 Herren \u2013 Orange (Hemd, Kette und Stirnband) - Costumes Breuer<\/title>\n<meta name=\"description\" content=\"70er Jahre \u2013 Hippie Outfit \u2013 Herren \u2013 Orange, bestehend aus einem orangen Hemd, einer Peacekette und einem Stirnband, wahlweise erweiterbar mit einer Lederweste mit Glitzersteinen und einer gestreiften Schlaghose. (Paket 2) Die Per\u00fccke (Kauf) kann separat dazu gebucht werden.\" \/>\n<meta name=\"robots\" content=\"index, follow, max-snippet:-1, max-image-preview:large, max-video-preview:-1\" \/>\n<link rel=\"canonical\" href=\"https:\/\/www.kostuemebreuer.de\/english\/produkt\/70er-jahre-hippie-outfit-fuer-herren-weste-und-hose-gestreift-mit-schlag\/\" \/>\n<meta property=\"og:locale\" content=\"en_GB\" \/>\n<meta property=\"og:type\" content=\"article\" \/>\n<meta property=\"og:title\" content=\"70er Jahre \u2013 Hippie Outfit \u2013 Herren \u2013 Orange (Hemd, Kette und Stirnband) - Costumes Breuer\" \/>\n<meta property=\"og:description\" content=\"70er Jahre \u2013 Hippie Outfit \u2013 Herren \u2013 Orange, bestehend aus einem orangen Hemd, einer Peacekette und einem Stirnband, wahlweise erweiterbar mit einer Lederweste mit Glitzersteinen und einer gestreiften Schlaghose. (Paket 2) Die Per\u00fccke (Kauf) kann separat dazu gebucht werden.\" \/>\n<meta property=\"og:url\" content=\"https:\/\/www.kostuemebreuer.de\/english\/produkt\/70er-jahre-hippie-outfit-fuer-herren-weste-und-hose-gestreift-mit-schlag\/\" \/>\n<meta property=\"og:site_name\" content=\"Costumes Breuer\" \/>\n<meta property=\"article:publisher\" content=\"https:\/\/www.facebook.com\/Kostuemebreuer\/?locale=de_DE\" \/>\n<meta property=\"article:modified_time\" content=\"2023-12-02T04:04:23+00:00\" \/>\n<meta property=\"og:image\" content=\"https:\/\/www.kostuemebreuer.de\/english\/wp-content\/uploads\/sites\/6\/70er-Hose-gestreift.jpg\" \/>\n\t<meta property=\"og:image:width\" content=\"540\" \/>\n\t<meta property=\"og:image:height\" content=\"960\" \/>\n\t<meta property=\"og:image:type\" content=\"image\/jpeg\" \/>\n<meta name=\"twitter:card\" content=\"summary_large_image\" \/>\n<script type=\"application\/ld+json\" class=\"yoast-schema-graph\">{\"@context\":\"https:\/\/schema.org\",\"@graph\":[{\"@type\":\"WebPage\",\"@id\":\"https:\/\/www.kostuemebreuer.de\/english\/produkt\/70er-jahre-hippie-outfit-fuer-herren-weste-und-hose-gestreift-mit-schlag\/\",\"url\":\"https:\/\/www.kostuemebreuer.de\/english\/produkt\/70er-jahre-hippie-outfit-fuer-herren-weste-und-hose-gestreift-mit-schlag\/\",\"name\":\"70er Jahre \u2013 Hippie Outfit \u2013 Herren \u2013 Orange (Hemd, Kette und Stirnband) - Costumes Breuer\",\"isPartOf\":{\"@id\":\"https:\/\/www.kostuemebreuer.de\/english\/#website\"},\"primaryImageOfPage\":{\"@id\":\"https:\/\/www.kostuemebreuer.de\/english\/produkt\/70er-jahre-hippie-outfit-fuer-herren-weste-und-hose-gestreift-mit-schlag\/#primaryimage\"},\"image\":{\"@id\":\"https:\/\/www.kostuemebreuer.de\/english\/produkt\/70er-jahre-hippie-outfit-fuer-herren-weste-und-hose-gestreift-mit-schlag\/#primaryimage\"},\"thumbnailUrl\":\"https:\/\/www.kostuemebreuer.de\/english\/wp-content\/uploads\/sites\/6\/70er-Hose-gestreift.jpg\",\"datePublished\":\"2023-06-09T16:13:49+00:00\",\"dateModified\":\"2023-12-02T04:04:23+00:00\",\"description\":\"70er Jahre \u2013 Hippie Outfit \u2013 Herren \u2013 Orange, bestehend aus einem orangen Hemd, einer Peacekette und einem Stirnband, wahlweise erweiterbar mit einer Lederweste mit Glitzersteinen und einer gestreiften Schlaghose. (Paket 2) Die Per\u00fccke (Kauf) kann separat dazu gebucht werden.\",\"breadcrumb\":{\"@id\":\"https:\/\/www.kostuemebreuer.de\/english\/produkt\/70er-jahre-hippie-outfit-fuer-herren-weste-und-hose-gestreift-mit-schlag\/#breadcrumb\"},\"inLanguage\":\"en-GB\",\"potentialAction\":[{\"@type\":\"ReadAction\",\"target\":[\"https:\/\/www.kostuemebreuer.de\/english\/produkt\/70er-jahre-hippie-outfit-fuer-herren-weste-und-hose-gestreift-mit-schlag\/\"]}]},{\"@type\":\"ImageObject\",\"inLanguage\":\"en-GB\",\"@id\":\"https:\/\/www.kostuemebreuer.de\/english\/produkt\/70er-jahre-hippie-outfit-fuer-herren-weste-und-hose-gestreift-mit-schlag\/#primaryimage\",\"url\":\"https:\/\/www.kostuemebreuer.de\/english\/wp-content\/uploads\/sites\/6\/70er-Hose-gestreift.jpg\",\"contentUrl\":\"https:\/\/www.kostuemebreuer.de\/english\/wp-content\/uploads\/sites\/6\/70er-Hose-gestreift.jpg\",\"width\":540,\"height\":960},{\"@type\":\"BreadcrumbList\",\"@id\":\"https:\/\/www.kostuemebreuer.de\/english\/produkt\/70er-jahre-hippie-outfit-fuer-herren-weste-und-hose-gestreift-mit-schlag\/#breadcrumb\",\"itemListElement\":[{\"@type\":\"ListItem\",\"position\":1,\"name\":\"Startseite\",\"item\":\"https:\/\/www.kostuemebreuer.de\/english\/\"},{\"@type\":\"ListItem\",\"position\":2,\"name\":\"Kost\u00fcme\",\"item\":\"https:\/\/www.kostuemebreuer.de\/english\/kostueme\/\"},{\"@type\":\"ListItem\",\"position\":3,\"name\":\"70er Jahre \u2013 Hippie Outfit \u2013 Herren \u2013 Orange (Hemd, Kette und Stirnband)\"}]},{\"@type\":\"WebSite\",\"@id\":\"https:\/\/www.kostuemebreuer.de\/english\/#website\",\"url\":\"https:\/\/www.kostuemebreuer.de\/english\/\",\"name\":\"Kost\u00fcme Breuer in M\u00fcnchen\",\"description\":\"Kost\u00fcmverleih\",\"publisher\":{\"@id\":\"https:\/\/www.kostuemebreuer.de\/english\/#organization\"},\"alternateName\":\"Kost\u00fcmverleih Breuer\",\"potentialAction\":[{\"@type\":\"SearchAction\",\"target\":{\"@type\":\"EntryPoint\",\"urlTemplate\":\"https:\/\/www.kostuemebreuer.de\/english\/?s={search_term_string}\"},\"query-input\":{\"@type\":\"PropertyValueSpecification\",\"valueRequired\":true,\"valueName\":\"search_term_string\"}}],\"inLanguage\":\"en-GB\"},{\"@type\":\"Organization\",\"@id\":\"https:\/\/www.kostuemebreuer.de\/english\/#organization\",\"name\":\"Kost\u00fcme Breuer in M\u00fcnchen\",\"url\":\"https:\/\/www.kostuemebreuer.de\/english\/\",\"logo\":{\"@type\":\"ImageObject\",\"inLanguage\":\"en-GB\",\"@id\":\"https:\/\/www.kostuemebreuer.de\/english\/#\/schema\/logo\/image\/\",\"url\":\"https:\/\/www.kostuemebreuer.de\/english\/wp-content\/uploads\/sites\/6\/logo.svg\",\"contentUrl\":\"https:\/\/www.kostuemebreuer.de\/english\/wp-content\/uploads\/sites\/6\/logo.svg\",\"caption\":\"Kost\u00fcme Breuer in M\u00fcnchen\"},\"image\":{\"@id\":\"https:\/\/www.kostuemebreuer.de\/english\/#\/schema\/logo\/image\/\"},\"sameAs\":[\"https:\/\/www.facebook.com\/Kostuemebreuer\/?locale=de_DE\",\"https:\/\/www.instagram.com\/kostuemebreuer\/\"]}]}<\/script>\n<!-- \/ Yoast SEO plugin. -->","yoast_head_json":{"title":"70er Jahre \u2013 Hippie Outfit \u2013 Herren \u2013 Orange (Hemd, Kette und Stirnband) - Costumes Breuer","description":"70er Jahre \u2013 Hippie Outfit \u2013 Herren \u2013 Orange, bestehend aus einem orangen Hemd, einer Peacekette und einem Stirnband, wahlweise erweiterbar mit einer Lederweste mit Glitzersteinen und einer gestreiften Schlaghose. (Paket 2) Die Per\u00fccke (Kauf) kann separat dazu gebucht werden.","robots":{"index":"index","follow":"follow","max-snippet":"max-snippet:-1","max-image-preview":"max-image-preview:large","max-video-preview":"max-video-preview:-1"},"canonical":"https:\/\/www.kostuemebreuer.de\/english\/produkt\/70er-jahre-hippie-outfit-fuer-herren-weste-und-hose-gestreift-mit-schlag\/","og_locale":"en_GB","og_type":"article","og_title":"70er Jahre \u2013 Hippie Outfit \u2013 Herren \u2013 Orange (Hemd, Kette und Stirnband) - Costumes Breuer","og_description":"70er Jahre \u2013 Hippie Outfit \u2013 Herren \u2013 Orange, bestehend aus einem orangen Hemd, einer Peacekette und einem Stirnband, wahlweise erweiterbar mit einer Lederweste mit Glitzersteinen und einer gestreiften Schlaghose. (Paket 2) Die Per\u00fccke (Kauf) kann separat dazu gebucht werden.","og_url":"https:\/\/www.kostuemebreuer.de\/english\/produkt\/70er-jahre-hippie-outfit-fuer-herren-weste-und-hose-gestreift-mit-schlag\/","og_site_name":"Costumes Breuer","article_publisher":"https:\/\/www.facebook.com\/Kostuemebreuer\/?locale=de_DE","article_modified_time":"2023-12-02T04:04:23+00:00","og_image":[{"width":540,"height":960,"url":"https:\/\/www.kostuemebreuer.de\/english\/wp-content\/uploads\/sites\/6\/70er-Hose-gestreift.jpg","type":"image\/jpeg"}],"twitter_card":"summary_large_image","schema":{"@context":"https:\/\/schema.org","@graph":[{"@type":"WebPage","@id":"https:\/\/www.kostuemebreuer.de\/english\/produkt\/70er-jahre-hippie-outfit-fuer-herren-weste-und-hose-gestreift-mit-schlag\/","url":"https:\/\/www.kostuemebreuer.de\/english\/produkt\/70er-jahre-hippie-outfit-fuer-herren-weste-und-hose-gestreift-mit-schlag\/","name":"70er Jahre \u2013 Hippie Outfit \u2013 Herren \u2013 Orange (Hemd, Kette und Stirnband) - Costumes Breuer","isPartOf":{"@id":"https:\/\/www.kostuemebreuer.de\/english\/#website"},"primaryImageOfPage":{"@id":"https:\/\/www.kostuemebreuer.de\/english\/produkt\/70er-jahre-hippie-outfit-fuer-herren-weste-und-hose-gestreift-mit-schlag\/#primaryimage"},"image":{"@id":"https:\/\/www.kostuemebreuer.de\/english\/produkt\/70er-jahre-hippie-outfit-fuer-herren-weste-und-hose-gestreift-mit-schlag\/#primaryimage"},"thumbnailUrl":"https:\/\/www.kostuemebreuer.de\/english\/wp-content\/uploads\/sites\/6\/70er-Hose-gestreift.jpg","datePublished":"2023-06-09T16:13:49+00:00","dateModified":"2023-12-02T04:04:23+00:00","description":"70er Jahre \u2013 Hippie Outfit \u2013 Herren \u2013 Orange, bestehend aus einem orangen Hemd, einer Peacekette und einem Stirnband, wahlweise erweiterbar mit einer Lederweste mit Glitzersteinen und einer gestreiften Schlaghose. (Paket 2) Die Per\u00fccke (Kauf) kann separat dazu gebucht werden.","breadcrumb":{"@id":"https:\/\/www.kostuemebreuer.de\/english\/produkt\/70er-jahre-hippie-outfit-fuer-herren-weste-und-hose-gestreift-mit-schlag\/#breadcrumb"},"inLanguage":"en-GB","potentialAction":[{"@type":"ReadAction","target":["https:\/\/www.kostuemebreuer.de\/english\/produkt\/70er-jahre-hippie-outfit-fuer-herren-weste-und-hose-gestreift-mit-schlag\/"]}]},{"@type":"ImageObject","inLanguage":"en-GB","@id":"https:\/\/www.kostuemebreuer.de\/english\/produkt\/70er-jahre-hippie-outfit-fuer-herren-weste-und-hose-gestreift-mit-schlag\/#primaryimage","url":"https:\/\/www.kostuemebreuer.de\/english\/wp-content\/uploads\/sites\/6\/70er-Hose-gestreift.jpg","contentUrl":"https:\/\/www.kostuemebreuer.de\/english\/wp-content\/uploads\/sites\/6\/70er-Hose-gestreift.jpg","width":540,"height":960},{"@type":"BreadcrumbList","@id":"https:\/\/www.kostuemebreuer.de\/english\/produkt\/70er-jahre-hippie-outfit-fuer-herren-weste-und-hose-gestreift-mit-schlag\/#breadcrumb","itemListElement":[{"@type":"ListItem","position":1,"name":"Startseite","item":"https:\/\/www.kostuemebreuer.de\/english\/"},{"@type":"ListItem","position":2,"name":"Kost\u00fcme","item":"https:\/\/www.kostuemebreuer.de\/english\/kostueme\/"},{"@type":"ListItem","position":3,"name":"70er Jahre \u2013 Hippie Outfit \u2013 Herren \u2013 Orange (Hemd, Kette und Stirnband)"}]},{"@type":"WebSite","@id":"https:\/\/www.kostuemebreuer.de\/english\/#website","url":"https:\/\/www.kostuemebreuer.de\/english\/","name":"Kost\u00fcme Breuer in M\u00fcnchen","description":"Kost\u00fcmverleih","publisher":{"@id":"https:\/\/www.kostuemebreuer.de\/english\/#organization"},"alternateName":"Kost\u00fcmverleih Breuer","potentialAction":[{"@type":"SearchAction","target":{"@type":"EntryPoint","urlTemplate":"https:\/\/www.kostuemebreuer.de\/english\/?s={search_term_string}"},"query-input":{"@type":"PropertyValueSpecification","valueRequired":true,"valueName":"search_term_string"}}],"inLanguage":"en-GB"},{"@type":"Organization","@id":"https:\/\/www.kostuemebreuer.de\/english\/#organization","name":"Kost\u00fcme Breuer in M\u00fcnchen","url":"https:\/\/www.kostuemebreuer.de\/english\/","logo":{"@type":"ImageObject","inLanguage":"en-GB","@id":"https:\/\/www.kostuemebreuer.de\/english\/#\/schema\/logo\/image\/","url":"https:\/\/www.kostuemebreuer.de\/english\/wp-content\/uploads\/sites\/6\/logo.svg","contentUrl":"https:\/\/www.kostuemebreuer.de\/english\/wp-content\/uploads\/sites\/6\/logo.svg","caption":"Kost\u00fcme Breuer in M\u00fcnchen"},"image":{"@id":"https:\/\/www.kostuemebreuer.de\/english\/#\/schema\/logo\/image\/"},"sameAs":["https:\/\/www.facebook.com\/Kostuemebreuer\/?locale=de_DE","https:\/\/www.instagram.com\/kostuemebreuer\/"]}]}},"acf":[],"_links":{"self":[{"href":"https:\/\/www.kostuemebreuer.de\/english\/wp-json\/wp\/v2\/product\/21232","targetHints":{"allow":["GET"]}}],"collection":[{"href":"https:\/\/www.kostuemebreuer.de\/english\/wp-json\/wp\/v2\/product"}],"about":[{"href":"https:\/\/www.kostuemebreuer.de\/english\/wp-json\/wp\/v2\/types\/product"}],"wp:featuredmedia":[{"embeddable":true,"href":"https:\/\/www.kostuemebreuer.de\/english\/wp-json\/wp\/v2\/media\/21225"}],"wp:attachment":[{"href":"https:\/\/www.kostuemebreuer.de\/english\/wp-json\/wp\/v2\/media?parent=21232"}],"wp:term":[{"taxonomy":"product_brand","embeddable":true,"href":"https:\/\/www.kostuemebreuer.de\/english\/wp-json\/wp\/v2\/product_brand?post=21232"},{"taxonomy":"product_cat","embeddable":true,"href":"https:\/\/www.kostuemebreuer.de\/english\/wp-json\/wp\/v2\/product_cat?post=21232"},{"taxonomy":"product_tag","embeddable":true,"href":"https:\/\/www.kostuemebreuer.de\/english\/wp-json\/wp\/v2\/product_tag?post=21232"}],"curies":[{"name":"wp","href":"https:\/\/api.w.org\/{rel}","templated":true}]}}