{"id":21126,"date":"2023-05-24T15:41:30","date_gmt":"2023-05-24T13:41:30","guid":{"rendered":"https:\/\/kostuemebreuer.de\/new-shop\/?post_type=product&#038;p=21126"},"modified":"2023-12-02T06:04:19","modified_gmt":"2023-12-02T04:04:19","slug":"jahrhundertwende-kostuem-blau","status":"publish","type":"product","link":"https:\/\/www.kostuemebreuer.de\/english\/produkt\/jahrhundertwende-kostuem-blau\/","title":{"rendered":"Jahrhundertwende Outfit \u2013 Damen \u2013 Blau (Jacke, Rock, Bluse, Federhut, Schirm, Pompadure, Handschuhe und Schn\u00fcrstiefel)"},"content":{"rendered":"<p>Jahrhundertwende Outfit \u2013 Damen \u2013 Blau, bestehend aus einer Jacke mit Keulen\u00e4rmeln und weitem Rock mit schwarzer Borte verziert und aus einem blauem Wollgemisch, einer Bluse, einem Federhut, Schirm, Pompadure, Handschuhen und Schn\u00fcrstiefeln.<\/p>\n<p>Die Anfertigung erfolgte in unserem Atelier.<\/p>\n<p>&nbsp;<\/p>\n","protected":false},"excerpt":{"rendered":"<p>Jahrhundertwende Outfit \u2013 Damen \u2013 Blau, bestehend aus einer Jacke mit Keulen\u00e4rmeln und weitem Rock mit schwarzer Borte verziert und aus einem blauem Wollgemisch, einer Bluse, einem Federhut, Schirm, Pompadure, Handschuhen und Schn\u00fcrstiefeln.<\/p>\n<p>Die Anfertigung erfolgte in unserem Atelier.<\/p>\n","protected":false},"featured_media":21118,"template":"","meta":{"_acf_changed":false},"product_brand":[],"product_cat":[251,252,29,552],"product_tag":[118],"class_list":{"0":"post-21126","1":"product","2":"type-product","3":"status-publish","4":"has-post-thumbnail","6":"product_cat-historisch","7":"product_cat-historisch-fasching","8":"product_cat-kostueme","9":"product_cat-miscellaneous","10":"product_tag-jahrhundertwende","11":"infinite-scroll-item","13":"first","14":"instock","15":"taxable","16":"shipping-taxable","17":"purchasable","18":"product-type-simple"},"yoast_head":"<!-- This site is optimized with the Yoast SEO plugin v27.2 - https:\/\/yoast.com\/product\/yoast-seo-wordpress\/ -->\n<title>Jahrhundertwende Outfit \u2013 Damen \u2013 Blau (Jacke, Rock, Bluse, Federhut, Schirm, Pompadure, Handschuhe und Schn\u00fcrstiefel) - Costumes Breuer<\/title>\n<meta name=\"description\" content=\"Jahrhundertwende Outfit \u2013 Damen \u2013 Blau, bestehend aus einer Jacke mit Keulen\u00e4rmeln und weitem Rock mit schwarzer Borte verziert und aus einem blauem Wollgemisch, einer Bluse, einem Federhut, Schirm, Pompadure, Handschuhen und Schn\u00fcrstiefeln. Die Anfertigung erfolgte in unserem Atelier.\" \/>\n<meta name=\"robots\" content=\"index, follow, max-snippet:-1, max-image-preview:large, max-video-preview:-1\" \/>\n<link rel=\"canonical\" href=\"https:\/\/www.kostuemebreuer.de\/english\/produkt\/jahrhundertwende-kostuem-blau\/\" \/>\n<meta property=\"og:locale\" content=\"en_GB\" \/>\n<meta property=\"og:type\" content=\"article\" \/>\n<meta property=\"og:title\" content=\"Jahrhundertwende Outfit \u2013 Damen \u2013 Blau (Jacke, Rock, Bluse, Federhut, Schirm, Pompadure, Handschuhe und Schn\u00fcrstiefel) - Costumes Breuer\" \/>\n<meta property=\"og:description\" content=\"Jahrhundertwende Outfit \u2013 Damen \u2013 Blau, bestehend aus einer Jacke mit Keulen\u00e4rmeln und weitem Rock mit schwarzer Borte verziert und aus einem blauem Wollgemisch, einer Bluse, einem Federhut, Schirm, Pompadure, Handschuhen und Schn\u00fcrstiefeln. Die Anfertigung erfolgte in unserem Atelier.\" \/>\n<meta property=\"og:url\" content=\"https:\/\/www.kostuemebreuer.de\/english\/produkt\/jahrhundertwende-kostuem-blau\/\" \/>\n<meta property=\"og:site_name\" content=\"Costumes Breuer\" \/>\n<meta property=\"article:publisher\" content=\"https:\/\/www.facebook.com\/Kostuemebreuer\/?locale=de_DE\" \/>\n<meta property=\"article:modified_time\" content=\"2023-12-02T04:04:19+00:00\" \/>\n<meta property=\"og:image\" content=\"https:\/\/www.kostuemebreuer.de\/english\/wp-content\/uploads\/sites\/6\/Jdw.-Kostuem-blau.png\" \/>\n\t<meta property=\"og:image:width\" content=\"540\" \/>\n\t<meta property=\"og:image:height\" content=\"960\" \/>\n\t<meta property=\"og:image:type\" content=\"image\/png\" \/>\n<meta name=\"twitter:card\" content=\"summary_large_image\" \/>\n<script type=\"application\/ld+json\" class=\"yoast-schema-graph\">{\"@context\":\"https:\/\/schema.org\",\"@graph\":[{\"@type\":\"WebPage\",\"@id\":\"https:\/\/www.kostuemebreuer.de\/english\/produkt\/jahrhundertwende-kostuem-blau\/\",\"url\":\"https:\/\/www.kostuemebreuer.de\/english\/produkt\/jahrhundertwende-kostuem-blau\/\",\"name\":\"Jahrhundertwende Outfit \u2013 Damen \u2013 Blau (Jacke, Rock, Bluse, Federhut, Schirm, Pompadure, Handschuhe und Schn\u00fcrstiefel) - Costumes Breuer\",\"isPartOf\":{\"@id\":\"https:\/\/www.kostuemebreuer.de\/english\/#website\"},\"primaryImageOfPage\":{\"@id\":\"https:\/\/www.kostuemebreuer.de\/english\/produkt\/jahrhundertwende-kostuem-blau\/#primaryimage\"},\"image\":{\"@id\":\"https:\/\/www.kostuemebreuer.de\/english\/produkt\/jahrhundertwende-kostuem-blau\/#primaryimage\"},\"thumbnailUrl\":\"https:\/\/www.kostuemebreuer.de\/english\/wp-content\/uploads\/sites\/6\/Jdw.-Kostuem-blau.png\",\"datePublished\":\"2023-05-24T13:41:30+00:00\",\"dateModified\":\"2023-12-02T04:04:19+00:00\",\"description\":\"Jahrhundertwende Outfit \u2013 Damen \u2013 Blau, bestehend aus einer Jacke mit Keulen\u00e4rmeln und weitem Rock mit schwarzer Borte verziert und aus einem blauem Wollgemisch, einer Bluse, einem Federhut, Schirm, Pompadure, Handschuhen und Schn\u00fcrstiefeln. Die Anfertigung erfolgte in unserem Atelier.\",\"breadcrumb\":{\"@id\":\"https:\/\/www.kostuemebreuer.de\/english\/produkt\/jahrhundertwende-kostuem-blau\/#breadcrumb\"},\"inLanguage\":\"en-GB\",\"potentialAction\":[{\"@type\":\"ReadAction\",\"target\":[\"https:\/\/www.kostuemebreuer.de\/english\/produkt\/jahrhundertwende-kostuem-blau\/\"]}]},{\"@type\":\"ImageObject\",\"inLanguage\":\"en-GB\",\"@id\":\"https:\/\/www.kostuemebreuer.de\/english\/produkt\/jahrhundertwende-kostuem-blau\/#primaryimage\",\"url\":\"https:\/\/www.kostuemebreuer.de\/english\/wp-content\/uploads\/sites\/6\/Jdw.-Kostuem-blau.png\",\"contentUrl\":\"https:\/\/www.kostuemebreuer.de\/english\/wp-content\/uploads\/sites\/6\/Jdw.-Kostuem-blau.png\",\"width\":540,\"height\":960},{\"@type\":\"BreadcrumbList\",\"@id\":\"https:\/\/www.kostuemebreuer.de\/english\/produkt\/jahrhundertwende-kostuem-blau\/#breadcrumb\",\"itemListElement\":[{\"@type\":\"ListItem\",\"position\":1,\"name\":\"Startseite\",\"item\":\"https:\/\/www.kostuemebreuer.de\/english\/\"},{\"@type\":\"ListItem\",\"position\":2,\"name\":\"Kost\u00fcme\",\"item\":\"https:\/\/www.kostuemebreuer.de\/english\/kostueme\/\"},{\"@type\":\"ListItem\",\"position\":3,\"name\":\"Jahrhundertwende Outfit \u2013 Damen \u2013 Blau (Jacke, Rock, Bluse, Federhut, Schirm, Pompadure, Handschuhe und Schn\u00fcrstiefel)\"}]},{\"@type\":\"WebSite\",\"@id\":\"https:\/\/www.kostuemebreuer.de\/english\/#website\",\"url\":\"https:\/\/www.kostuemebreuer.de\/english\/\",\"name\":\"Kost\u00fcme Breuer in M\u00fcnchen\",\"description\":\"Kost\u00fcmverleih\",\"publisher\":{\"@id\":\"https:\/\/www.kostuemebreuer.de\/english\/#organization\"},\"alternateName\":\"Kost\u00fcmverleih Breuer\",\"potentialAction\":[{\"@type\":\"SearchAction\",\"target\":{\"@type\":\"EntryPoint\",\"urlTemplate\":\"https:\/\/www.kostuemebreuer.de\/english\/?s={search_term_string}\"},\"query-input\":{\"@type\":\"PropertyValueSpecification\",\"valueRequired\":true,\"valueName\":\"search_term_string\"}}],\"inLanguage\":\"en-GB\"},{\"@type\":\"Organization\",\"@id\":\"https:\/\/www.kostuemebreuer.de\/english\/#organization\",\"name\":\"Kost\u00fcme Breuer in M\u00fcnchen\",\"url\":\"https:\/\/www.kostuemebreuer.de\/english\/\",\"logo\":{\"@type\":\"ImageObject\",\"inLanguage\":\"en-GB\",\"@id\":\"https:\/\/www.kostuemebreuer.de\/english\/#\/schema\/logo\/image\/\",\"url\":\"https:\/\/www.kostuemebreuer.de\/english\/wp-content\/uploads\/sites\/6\/logo.svg\",\"contentUrl\":\"https:\/\/www.kostuemebreuer.de\/english\/wp-content\/uploads\/sites\/6\/logo.svg\",\"caption\":\"Kost\u00fcme Breuer in M\u00fcnchen\"},\"image\":{\"@id\":\"https:\/\/www.kostuemebreuer.de\/english\/#\/schema\/logo\/image\/\"},\"sameAs\":[\"https:\/\/www.facebook.com\/Kostuemebreuer\/?locale=de_DE\",\"https:\/\/www.instagram.com\/kostuemebreuer\/\"]}]}<\/script>\n<!-- \/ Yoast SEO plugin. -->","yoast_head_json":{"title":"Jahrhundertwende Outfit \u2013 Damen \u2013 Blau (Jacke, Rock, Bluse, Federhut, Schirm, Pompadure, Handschuhe und Schn\u00fcrstiefel) - Costumes Breuer","description":"Jahrhundertwende Outfit \u2013 Damen \u2013 Blau, bestehend aus einer Jacke mit Keulen\u00e4rmeln und weitem Rock mit schwarzer Borte verziert und aus einem blauem Wollgemisch, einer Bluse, einem Federhut, Schirm, Pompadure, Handschuhen und Schn\u00fcrstiefeln. Die Anfertigung erfolgte in unserem Atelier.","robots":{"index":"index","follow":"follow","max-snippet":"max-snippet:-1","max-image-preview":"max-image-preview:large","max-video-preview":"max-video-preview:-1"},"canonical":"https:\/\/www.kostuemebreuer.de\/english\/produkt\/jahrhundertwende-kostuem-blau\/","og_locale":"en_GB","og_type":"article","og_title":"Jahrhundertwende Outfit \u2013 Damen \u2013 Blau (Jacke, Rock, Bluse, Federhut, Schirm, Pompadure, Handschuhe und Schn\u00fcrstiefel) - Costumes Breuer","og_description":"Jahrhundertwende Outfit \u2013 Damen \u2013 Blau, bestehend aus einer Jacke mit Keulen\u00e4rmeln und weitem Rock mit schwarzer Borte verziert und aus einem blauem Wollgemisch, einer Bluse, einem Federhut, Schirm, Pompadure, Handschuhen und Schn\u00fcrstiefeln. Die Anfertigung erfolgte in unserem Atelier.","og_url":"https:\/\/www.kostuemebreuer.de\/english\/produkt\/jahrhundertwende-kostuem-blau\/","og_site_name":"Costumes Breuer","article_publisher":"https:\/\/www.facebook.com\/Kostuemebreuer\/?locale=de_DE","article_modified_time":"2023-12-02T04:04:19+00:00","og_image":[{"width":540,"height":960,"url":"https:\/\/www.kostuemebreuer.de\/english\/wp-content\/uploads\/sites\/6\/Jdw.-Kostuem-blau.png","type":"image\/png"}],"twitter_card":"summary_large_image","schema":{"@context":"https:\/\/schema.org","@graph":[{"@type":"WebPage","@id":"https:\/\/www.kostuemebreuer.de\/english\/produkt\/jahrhundertwende-kostuem-blau\/","url":"https:\/\/www.kostuemebreuer.de\/english\/produkt\/jahrhundertwende-kostuem-blau\/","name":"Jahrhundertwende Outfit \u2013 Damen \u2013 Blau (Jacke, Rock, Bluse, Federhut, Schirm, Pompadure, Handschuhe und Schn\u00fcrstiefel) - Costumes Breuer","isPartOf":{"@id":"https:\/\/www.kostuemebreuer.de\/english\/#website"},"primaryImageOfPage":{"@id":"https:\/\/www.kostuemebreuer.de\/english\/produkt\/jahrhundertwende-kostuem-blau\/#primaryimage"},"image":{"@id":"https:\/\/www.kostuemebreuer.de\/english\/produkt\/jahrhundertwende-kostuem-blau\/#primaryimage"},"thumbnailUrl":"https:\/\/www.kostuemebreuer.de\/english\/wp-content\/uploads\/sites\/6\/Jdw.-Kostuem-blau.png","datePublished":"2023-05-24T13:41:30+00:00","dateModified":"2023-12-02T04:04:19+00:00","description":"Jahrhundertwende Outfit \u2013 Damen \u2013 Blau, bestehend aus einer Jacke mit Keulen\u00e4rmeln und weitem Rock mit schwarzer Borte verziert und aus einem blauem Wollgemisch, einer Bluse, einem Federhut, Schirm, Pompadure, Handschuhen und Schn\u00fcrstiefeln. Die Anfertigung erfolgte in unserem Atelier.","breadcrumb":{"@id":"https:\/\/www.kostuemebreuer.de\/english\/produkt\/jahrhundertwende-kostuem-blau\/#breadcrumb"},"inLanguage":"en-GB","potentialAction":[{"@type":"ReadAction","target":["https:\/\/www.kostuemebreuer.de\/english\/produkt\/jahrhundertwende-kostuem-blau\/"]}]},{"@type":"ImageObject","inLanguage":"en-GB","@id":"https:\/\/www.kostuemebreuer.de\/english\/produkt\/jahrhundertwende-kostuem-blau\/#primaryimage","url":"https:\/\/www.kostuemebreuer.de\/english\/wp-content\/uploads\/sites\/6\/Jdw.-Kostuem-blau.png","contentUrl":"https:\/\/www.kostuemebreuer.de\/english\/wp-content\/uploads\/sites\/6\/Jdw.-Kostuem-blau.png","width":540,"height":960},{"@type":"BreadcrumbList","@id":"https:\/\/www.kostuemebreuer.de\/english\/produkt\/jahrhundertwende-kostuem-blau\/#breadcrumb","itemListElement":[{"@type":"ListItem","position":1,"name":"Startseite","item":"https:\/\/www.kostuemebreuer.de\/english\/"},{"@type":"ListItem","position":2,"name":"Kost\u00fcme","item":"https:\/\/www.kostuemebreuer.de\/english\/kostueme\/"},{"@type":"ListItem","position":3,"name":"Jahrhundertwende Outfit \u2013 Damen \u2013 Blau (Jacke, Rock, Bluse, Federhut, Schirm, Pompadure, Handschuhe und Schn\u00fcrstiefel)"}]},{"@type":"WebSite","@id":"https:\/\/www.kostuemebreuer.de\/english\/#website","url":"https:\/\/www.kostuemebreuer.de\/english\/","name":"Kost\u00fcme Breuer in M\u00fcnchen","description":"Kost\u00fcmverleih","publisher":{"@id":"https:\/\/www.kostuemebreuer.de\/english\/#organization"},"alternateName":"Kost\u00fcmverleih Breuer","potentialAction":[{"@type":"SearchAction","target":{"@type":"EntryPoint","urlTemplate":"https:\/\/www.kostuemebreuer.de\/english\/?s={search_term_string}"},"query-input":{"@type":"PropertyValueSpecification","valueRequired":true,"valueName":"search_term_string"}}],"inLanguage":"en-GB"},{"@type":"Organization","@id":"https:\/\/www.kostuemebreuer.de\/english\/#organization","name":"Kost\u00fcme Breuer in M\u00fcnchen","url":"https:\/\/www.kostuemebreuer.de\/english\/","logo":{"@type":"ImageObject","inLanguage":"en-GB","@id":"https:\/\/www.kostuemebreuer.de\/english\/#\/schema\/logo\/image\/","url":"https:\/\/www.kostuemebreuer.de\/english\/wp-content\/uploads\/sites\/6\/logo.svg","contentUrl":"https:\/\/www.kostuemebreuer.de\/english\/wp-content\/uploads\/sites\/6\/logo.svg","caption":"Kost\u00fcme Breuer in M\u00fcnchen"},"image":{"@id":"https:\/\/www.kostuemebreuer.de\/english\/#\/schema\/logo\/image\/"},"sameAs":["https:\/\/www.facebook.com\/Kostuemebreuer\/?locale=de_DE","https:\/\/www.instagram.com\/kostuemebreuer\/"]}]}},"acf":[],"_links":{"self":[{"href":"https:\/\/www.kostuemebreuer.de\/english\/wp-json\/wp\/v2\/product\/21126","targetHints":{"allow":["GET"]}}],"collection":[{"href":"https:\/\/www.kostuemebreuer.de\/english\/wp-json\/wp\/v2\/product"}],"about":[{"href":"https:\/\/www.kostuemebreuer.de\/english\/wp-json\/wp\/v2\/types\/product"}],"wp:featuredmedia":[{"embeddable":true,"href":"https:\/\/www.kostuemebreuer.de\/english\/wp-json\/wp\/v2\/media\/21118"}],"wp:attachment":[{"href":"https:\/\/www.kostuemebreuer.de\/english\/wp-json\/wp\/v2\/media?parent=21126"}],"wp:term":[{"taxonomy":"product_brand","embeddable":true,"href":"https:\/\/www.kostuemebreuer.de\/english\/wp-json\/wp\/v2\/product_brand?post=21126"},{"taxonomy":"product_cat","embeddable":true,"href":"https:\/\/www.kostuemebreuer.de\/english\/wp-json\/wp\/v2\/product_cat?post=21126"},{"taxonomy":"product_tag","embeddable":true,"href":"https:\/\/www.kostuemebreuer.de\/english\/wp-json\/wp\/v2\/product_tag?post=21126"}],"curies":[{"name":"wp","href":"https:\/\/api.w.org\/{rel}","templated":true}]}}