{"id":20094,"date":"2020-10-14T14:39:31","date_gmt":"2020-10-14T12:39:31","guid":{"rendered":"https:\/\/www.kostuemverleih.com\/?post_type=product&#038;p=20094"},"modified":"2023-12-02T06:04:06","modified_gmt":"2023-12-02T04:04:06","slug":"admiraljacke-kinderkostuem","status":"publish","type":"product","link":"https:\/\/www.kostuemebreuer.de\/english\/produkt\/admiraljacke-kinderkostuem\/","title":{"rendered":"Admiral Outfit (Hemd und Schirmm\u00fctze)"},"content":{"rendered":"<p>Admiral Outfit bestehend aus einem wei\u00dfen Hemd mit Schirmm\u00fctze wahlweise erweiterbar mit <strong>Hose und Krawatte<\/strong> (Paket 2), sowie einer <strong>Admiralsjacke inklusive goldener Details<\/strong> (Paket 3), sowie <strong>Affenschaukel, Schulterklappen, Orden und Schuhe.<\/strong> (Paket 4)<\/p>\n","protected":false},"excerpt":{"rendered":"<p>Admiral Outfit bestehend aus einem wei\u00dfen Hemd mit Schirmm\u00fctze wahlweise erweiterbar mit <strong>Hose und Krawatte<\/strong> (Paket 2), sowie einer <strong>Admiralsjacke inklusive aller goldener Details<\/strong> (Paket 3), als auch <strong>Affenschaukel, Schulterklappen, Orden und Schuhe<\/strong>. (Paket 4)<\/p>\n","protected":false},"featured_media":20095,"template":"","meta":{"_acf_changed":false},"product_brand":[],"product_cat":[29],"product_tag":[53,25],"class_list":{"0":"post-20094","1":"product","2":"type-product","3":"status-publish","4":"has-post-thumbnail","6":"product_cat-kostueme","7":"product_tag-blau","8":"product_tag-uniformen","9":"product_shipping_class-versandklasse-2","10":"infinite-scroll-item","12":"first","13":"instock","14":"taxable","15":"shipping-taxable","16":"purchasable","17":"product-type-simple"},"yoast_head":"<!-- This site is optimized with the Yoast SEO plugin v27.2 - https:\/\/yoast.com\/product\/yoast-seo-wordpress\/ -->\n<title>Admiral Outfit (Hemd und Schirmm\u00fctze) - Costumes Breuer<\/title>\n<meta name=\"description\" content=\"Admiral Outfit bestehend aus einem wei\u00dfen Hemd mit Schirmm\u00fctze wahlweise erweiterbar mit Hose und Krawatte (Paket 2), sowie einer Admiralsjacke inklusive aller goldener Details (Paket 3), als auch Affenschaukel, Schulterklappen, Orden und Schuhe. (Paket 4)\" \/>\n<meta name=\"robots\" content=\"index, follow, max-snippet:-1, max-image-preview:large, max-video-preview:-1\" \/>\n<link rel=\"canonical\" href=\"https:\/\/www.kostuemebreuer.de\/english\/produkt\/admiraljacke-kinderkostuem\/\" \/>\n<meta property=\"og:locale\" content=\"en_GB\" \/>\n<meta property=\"og:type\" content=\"article\" \/>\n<meta property=\"og:title\" content=\"Admiral Outfit (Hemd und Schirmm\u00fctze) - Costumes Breuer\" \/>\n<meta property=\"og:description\" content=\"Admiral Outfit bestehend aus einem wei\u00dfen Hemd mit Schirmm\u00fctze wahlweise erweiterbar mit Hose und Krawatte (Paket 2), sowie einer Admiralsjacke inklusive aller goldener Details (Paket 3), als auch Affenschaukel, Schulterklappen, Orden und Schuhe. (Paket 4)\" \/>\n<meta property=\"og:url\" content=\"https:\/\/www.kostuemebreuer.de\/english\/produkt\/admiraljacke-kinderkostuem\/\" \/>\n<meta property=\"og:site_name\" content=\"Costumes Breuer\" \/>\n<meta property=\"article:publisher\" content=\"https:\/\/www.facebook.com\/Kostuemebreuer\/?locale=de_DE\" \/>\n<meta property=\"article:modified_time\" content=\"2023-12-02T04:04:06+00:00\" \/>\n<meta property=\"og:image\" content=\"https:\/\/www.kostuemebreuer.de\/english\/wp-content\/uploads\/sites\/6\/General-Ja-M\u00fc.jpg\" \/>\n\t<meta property=\"og:image:width\" content=\"560\" \/>\n\t<meta property=\"og:image:height\" content=\"995\" \/>\n\t<meta property=\"og:image:type\" content=\"image\/jpeg\" \/>\n<meta name=\"twitter:card\" content=\"summary_large_image\" \/>\n<script type=\"application\/ld+json\" class=\"yoast-schema-graph\">{\"@context\":\"https:\/\/schema.org\",\"@graph\":[{\"@type\":\"WebPage\",\"@id\":\"https:\/\/www.kostuemebreuer.de\/english\/produkt\/admiraljacke-kinderkostuem\/\",\"url\":\"https:\/\/www.kostuemebreuer.de\/english\/produkt\/admiraljacke-kinderkostuem\/\",\"name\":\"Admiral Outfit (Hemd und Schirmm\u00fctze) - Costumes Breuer\",\"isPartOf\":{\"@id\":\"https:\/\/www.kostuemebreuer.de\/english\/#website\"},\"primaryImageOfPage\":{\"@id\":\"https:\/\/www.kostuemebreuer.de\/english\/produkt\/admiraljacke-kinderkostuem\/#primaryimage\"},\"image\":{\"@id\":\"https:\/\/www.kostuemebreuer.de\/english\/produkt\/admiraljacke-kinderkostuem\/#primaryimage\"},\"thumbnailUrl\":\"https:\/\/www.kostuemebreuer.de\/english\/wp-content\/uploads\/sites\/6\/General-Ja-M\u00fc.jpg\",\"datePublished\":\"2020-10-14T12:39:31+00:00\",\"dateModified\":\"2023-12-02T04:04:06+00:00\",\"description\":\"Admiral Outfit bestehend aus einem wei\u00dfen Hemd mit Schirmm\u00fctze wahlweise erweiterbar mit Hose und Krawatte (Paket 2), sowie einer Admiralsjacke inklusive aller goldener Details (Paket 3), als auch Affenschaukel, Schulterklappen, Orden und Schuhe. (Paket 4)\",\"breadcrumb\":{\"@id\":\"https:\/\/www.kostuemebreuer.de\/english\/produkt\/admiraljacke-kinderkostuem\/#breadcrumb\"},\"inLanguage\":\"en-GB\",\"potentialAction\":[{\"@type\":\"ReadAction\",\"target\":[\"https:\/\/www.kostuemebreuer.de\/english\/produkt\/admiraljacke-kinderkostuem\/\"]}]},{\"@type\":\"ImageObject\",\"inLanguage\":\"en-GB\",\"@id\":\"https:\/\/www.kostuemebreuer.de\/english\/produkt\/admiraljacke-kinderkostuem\/#primaryimage\",\"url\":\"https:\/\/www.kostuemebreuer.de\/english\/wp-content\/uploads\/sites\/6\/General-Ja-M\u00fc.jpg\",\"contentUrl\":\"https:\/\/www.kostuemebreuer.de\/english\/wp-content\/uploads\/sites\/6\/General-Ja-M\u00fc.jpg\",\"width\":560,\"height\":995},{\"@type\":\"BreadcrumbList\",\"@id\":\"https:\/\/www.kostuemebreuer.de\/english\/produkt\/admiraljacke-kinderkostuem\/#breadcrumb\",\"itemListElement\":[{\"@type\":\"ListItem\",\"position\":1,\"name\":\"Startseite\",\"item\":\"https:\/\/www.kostuemebreuer.de\/english\/\"},{\"@type\":\"ListItem\",\"position\":2,\"name\":\"Kost\u00fcme\",\"item\":\"https:\/\/www.kostuemebreuer.de\/english\/kostueme\/\"},{\"@type\":\"ListItem\",\"position\":3,\"name\":\"Admiral Outfit (Hemd und Schirmm\u00fctze)\"}]},{\"@type\":\"WebSite\",\"@id\":\"https:\/\/www.kostuemebreuer.de\/english\/#website\",\"url\":\"https:\/\/www.kostuemebreuer.de\/english\/\",\"name\":\"Kost\u00fcme Breuer in M\u00fcnchen\",\"description\":\"Kost\u00fcmverleih\",\"publisher\":{\"@id\":\"https:\/\/www.kostuemebreuer.de\/english\/#organization\"},\"alternateName\":\"Kost\u00fcmverleih Breuer\",\"potentialAction\":[{\"@type\":\"SearchAction\",\"target\":{\"@type\":\"EntryPoint\",\"urlTemplate\":\"https:\/\/www.kostuemebreuer.de\/english\/?s={search_term_string}\"},\"query-input\":{\"@type\":\"PropertyValueSpecification\",\"valueRequired\":true,\"valueName\":\"search_term_string\"}}],\"inLanguage\":\"en-GB\"},{\"@type\":\"Organization\",\"@id\":\"https:\/\/www.kostuemebreuer.de\/english\/#organization\",\"name\":\"Kost\u00fcme Breuer in M\u00fcnchen\",\"url\":\"https:\/\/www.kostuemebreuer.de\/english\/\",\"logo\":{\"@type\":\"ImageObject\",\"inLanguage\":\"en-GB\",\"@id\":\"https:\/\/www.kostuemebreuer.de\/english\/#\/schema\/logo\/image\/\",\"url\":\"https:\/\/www.kostuemebreuer.de\/english\/wp-content\/uploads\/sites\/6\/logo.svg\",\"contentUrl\":\"https:\/\/www.kostuemebreuer.de\/english\/wp-content\/uploads\/sites\/6\/logo.svg\",\"caption\":\"Kost\u00fcme Breuer in M\u00fcnchen\"},\"image\":{\"@id\":\"https:\/\/www.kostuemebreuer.de\/english\/#\/schema\/logo\/image\/\"},\"sameAs\":[\"https:\/\/www.facebook.com\/Kostuemebreuer\/?locale=de_DE\",\"https:\/\/www.instagram.com\/kostuemebreuer\/\"]}]}<\/script>\n<!-- \/ Yoast SEO plugin. -->","yoast_head_json":{"title":"Admiral Outfit (Hemd und Schirmm\u00fctze) - Costumes Breuer","description":"Admiral Outfit bestehend aus einem wei\u00dfen Hemd mit Schirmm\u00fctze wahlweise erweiterbar mit Hose und Krawatte (Paket 2), sowie einer Admiralsjacke inklusive aller goldener Details (Paket 3), als auch Affenschaukel, Schulterklappen, Orden und Schuhe. (Paket 4)","robots":{"index":"index","follow":"follow","max-snippet":"max-snippet:-1","max-image-preview":"max-image-preview:large","max-video-preview":"max-video-preview:-1"},"canonical":"https:\/\/www.kostuemebreuer.de\/english\/produkt\/admiraljacke-kinderkostuem\/","og_locale":"en_GB","og_type":"article","og_title":"Admiral Outfit (Hemd und Schirmm\u00fctze) - Costumes Breuer","og_description":"Admiral Outfit bestehend aus einem wei\u00dfen Hemd mit Schirmm\u00fctze wahlweise erweiterbar mit Hose und Krawatte (Paket 2), sowie einer Admiralsjacke inklusive aller goldener Details (Paket 3), als auch Affenschaukel, Schulterklappen, Orden und Schuhe. (Paket 4)","og_url":"https:\/\/www.kostuemebreuer.de\/english\/produkt\/admiraljacke-kinderkostuem\/","og_site_name":"Costumes Breuer","article_publisher":"https:\/\/www.facebook.com\/Kostuemebreuer\/?locale=de_DE","article_modified_time":"2023-12-02T04:04:06+00:00","og_image":[{"width":560,"height":995,"url":"https:\/\/www.kostuemebreuer.de\/english\/wp-content\/uploads\/sites\/6\/General-Ja-M\u00fc.jpg","type":"image\/jpeg"}],"twitter_card":"summary_large_image","schema":{"@context":"https:\/\/schema.org","@graph":[{"@type":"WebPage","@id":"https:\/\/www.kostuemebreuer.de\/english\/produkt\/admiraljacke-kinderkostuem\/","url":"https:\/\/www.kostuemebreuer.de\/english\/produkt\/admiraljacke-kinderkostuem\/","name":"Admiral Outfit (Hemd und Schirmm\u00fctze) - Costumes Breuer","isPartOf":{"@id":"https:\/\/www.kostuemebreuer.de\/english\/#website"},"primaryImageOfPage":{"@id":"https:\/\/www.kostuemebreuer.de\/english\/produkt\/admiraljacke-kinderkostuem\/#primaryimage"},"image":{"@id":"https:\/\/www.kostuemebreuer.de\/english\/produkt\/admiraljacke-kinderkostuem\/#primaryimage"},"thumbnailUrl":"https:\/\/www.kostuemebreuer.de\/english\/wp-content\/uploads\/sites\/6\/General-Ja-M\u00fc.jpg","datePublished":"2020-10-14T12:39:31+00:00","dateModified":"2023-12-02T04:04:06+00:00","description":"Admiral Outfit bestehend aus einem wei\u00dfen Hemd mit Schirmm\u00fctze wahlweise erweiterbar mit Hose und Krawatte (Paket 2), sowie einer Admiralsjacke inklusive aller goldener Details (Paket 3), als auch Affenschaukel, Schulterklappen, Orden und Schuhe. (Paket 4)","breadcrumb":{"@id":"https:\/\/www.kostuemebreuer.de\/english\/produkt\/admiraljacke-kinderkostuem\/#breadcrumb"},"inLanguage":"en-GB","potentialAction":[{"@type":"ReadAction","target":["https:\/\/www.kostuemebreuer.de\/english\/produkt\/admiraljacke-kinderkostuem\/"]}]},{"@type":"ImageObject","inLanguage":"en-GB","@id":"https:\/\/www.kostuemebreuer.de\/english\/produkt\/admiraljacke-kinderkostuem\/#primaryimage","url":"https:\/\/www.kostuemebreuer.de\/english\/wp-content\/uploads\/sites\/6\/General-Ja-M\u00fc.jpg","contentUrl":"https:\/\/www.kostuemebreuer.de\/english\/wp-content\/uploads\/sites\/6\/General-Ja-M\u00fc.jpg","width":560,"height":995},{"@type":"BreadcrumbList","@id":"https:\/\/www.kostuemebreuer.de\/english\/produkt\/admiraljacke-kinderkostuem\/#breadcrumb","itemListElement":[{"@type":"ListItem","position":1,"name":"Startseite","item":"https:\/\/www.kostuemebreuer.de\/english\/"},{"@type":"ListItem","position":2,"name":"Kost\u00fcme","item":"https:\/\/www.kostuemebreuer.de\/english\/kostueme\/"},{"@type":"ListItem","position":3,"name":"Admiral Outfit (Hemd und Schirmm\u00fctze)"}]},{"@type":"WebSite","@id":"https:\/\/www.kostuemebreuer.de\/english\/#website","url":"https:\/\/www.kostuemebreuer.de\/english\/","name":"Kost\u00fcme Breuer in M\u00fcnchen","description":"Kost\u00fcmverleih","publisher":{"@id":"https:\/\/www.kostuemebreuer.de\/english\/#organization"},"alternateName":"Kost\u00fcmverleih Breuer","potentialAction":[{"@type":"SearchAction","target":{"@type":"EntryPoint","urlTemplate":"https:\/\/www.kostuemebreuer.de\/english\/?s={search_term_string}"},"query-input":{"@type":"PropertyValueSpecification","valueRequired":true,"valueName":"search_term_string"}}],"inLanguage":"en-GB"},{"@type":"Organization","@id":"https:\/\/www.kostuemebreuer.de\/english\/#organization","name":"Kost\u00fcme Breuer in M\u00fcnchen","url":"https:\/\/www.kostuemebreuer.de\/english\/","logo":{"@type":"ImageObject","inLanguage":"en-GB","@id":"https:\/\/www.kostuemebreuer.de\/english\/#\/schema\/logo\/image\/","url":"https:\/\/www.kostuemebreuer.de\/english\/wp-content\/uploads\/sites\/6\/logo.svg","contentUrl":"https:\/\/www.kostuemebreuer.de\/english\/wp-content\/uploads\/sites\/6\/logo.svg","caption":"Kost\u00fcme Breuer in M\u00fcnchen"},"image":{"@id":"https:\/\/www.kostuemebreuer.de\/english\/#\/schema\/logo\/image\/"},"sameAs":["https:\/\/www.facebook.com\/Kostuemebreuer\/?locale=de_DE","https:\/\/www.instagram.com\/kostuemebreuer\/"]}]}},"acf":[],"_links":{"self":[{"href":"https:\/\/www.kostuemebreuer.de\/english\/wp-json\/wp\/v2\/product\/20094","targetHints":{"allow":["GET"]}}],"collection":[{"href":"https:\/\/www.kostuemebreuer.de\/english\/wp-json\/wp\/v2\/product"}],"about":[{"href":"https:\/\/www.kostuemebreuer.de\/english\/wp-json\/wp\/v2\/types\/product"}],"wp:featuredmedia":[{"embeddable":true,"href":"https:\/\/www.kostuemebreuer.de\/english\/wp-json\/wp\/v2\/media\/20095"}],"wp:attachment":[{"href":"https:\/\/www.kostuemebreuer.de\/english\/wp-json\/wp\/v2\/media?parent=20094"}],"wp:term":[{"taxonomy":"product_brand","embeddable":true,"href":"https:\/\/www.kostuemebreuer.de\/english\/wp-json\/wp\/v2\/product_brand?post=20094"},{"taxonomy":"product_cat","embeddable":true,"href":"https:\/\/www.kostuemebreuer.de\/english\/wp-json\/wp\/v2\/product_cat?post=20094"},{"taxonomy":"product_tag","embeddable":true,"href":"https:\/\/www.kostuemebreuer.de\/english\/wp-json\/wp\/v2\/product_tag?post=20094"}],"curies":[{"name":"wp","href":"https:\/\/api.w.org\/{rel}","templated":true}]}}