{"id":19938,"date":"2020-08-17T17:04:31","date_gmt":"2020-08-17T15:04:31","guid":{"rendered":"https:\/\/www.kostuemverleih.com\/?post_type=product&#038;p=19938"},"modified":"2023-12-02T06:04:06","modified_gmt":"2023-12-02T04:04:06","slug":"knickerbockerjacke","status":"publish","type":"product","link":"https:\/\/www.kostuemebreuer.de\/english\/produkt\/knickerbockerjacke\/","title":{"rendered":"20er-30er Jahre Outfit \u2013 Herren \u2013 Grau (Weste und Schieberm\u00fctze)"},"content":{"rendered":"<p>20er-30er Jahre Outfit \u2013 Herren \u2013 Grau, bestehend aus einer grauen Weste und Schieberm\u00fctze, wahlweise erweiterbar mit einer <strong>Kniebundhose, Kniestr\u00fcmpfen und Fliege<\/strong> (Paket 2), sowie einer <strong>Jacke und einem Einstecktuch<\/strong> (Paket 3), als auch einem <strong>Hemd, Schuhen, Pistolenhalfter mit Pistole und einem Geigenkasten<\/strong>. (Paket 4)<\/p>\n<p>Der komplette Anzug wurde in unserer Werkstatt mit hochwertigsten Materialien angefertigt.<\/p>\n<p>&nbsp;<\/p>\n","protected":false},"excerpt":{"rendered":"<p>20er-30er Jahre Outfit \u2013 Herren \u2013 Grau, bestehend aus einer grauen Weste und Schieberm\u00fctze, wahlweise erweiterbar mit einer <strong>Kniebundhose, Kniestr\u00fcmpfen und Fliege<\/strong> (Paket 2), sowie einer <strong>Jacke und einem Einstecktuch<\/strong> (Paket 3), als auch einem <strong>Hemd, Schuhen, Pistolenhalfter mit Pistole und einem Geigenkasten<\/strong>. (Paket 4)<\/p>\n<p>Der komplette Anzug wurde in unserer Werkstatt mit hochwertigsten Materialien angefertigt.<\/p>\n<p>&nbsp;<\/p>\n","protected":false},"featured_media":19939,"template":"","meta":{"_acf_changed":false},"product_brand":[],"product_cat":[226,33,79,29],"product_tag":[455,511,81],"class_list":{"0":"post-19938","1":"product","2":"type-product","3":"status-publish","4":"has-post-thumbnail","6":"product_cat-aussergewoehnlichesherren","7":"product_cat-herrenmode","8":"product_cat-jacken","9":"product_cat-kostueme","10":"product_tag-20er-jahre-charleston-cabaret-gatsby","11":"product_tag-30er-jahre-dick-doof-king-kong-marlene-dietrich","12":"product_tag-grau","13":"product_shipping_class-versandklasse-2","14":"infinite-scroll-item","16":"first","17":"instock","18":"taxable","19":"shipping-taxable","20":"purchasable","21":"product-type-simple"},"yoast_head":"<!-- This site is optimized with the Yoast SEO plugin v27.2 - https:\/\/yoast.com\/product\/yoast-seo-wordpress\/ -->\n<title>20er-30er Jahre Outfit \u2013 Herren \u2013 Grau (Weste und Schieberm\u00fctze) - Costumes Breuer<\/title>\n<meta name=\"description\" content=\"20er-30er Jahre Outfit \u2013 Herren \u2013 Grau, bestehend aus einer grauen Weste und Schieberm\u00fctze, wahlweise erweiterbar mit einer Kniebundhose, Kniestr\u00fcmpfen und Fliege (Paket 2), sowie einer Jacke und einem Einstecktuch (Paket 3), als auch einem Hemd, Schuhen, Pistolenhalfter mit Pistole und einem Geigenkasten. (Paket 4) Der komplette Anzug wurde in unserer Werkstatt mit hochwertigsten Materialien angefertigt. &nbsp;\" \/>\n<meta name=\"robots\" content=\"index, follow, max-snippet:-1, max-image-preview:large, max-video-preview:-1\" \/>\n<link rel=\"canonical\" href=\"https:\/\/www.kostuemebreuer.de\/english\/produkt\/knickerbockerjacke\/\" \/>\n<meta property=\"og:locale\" content=\"en_GB\" \/>\n<meta property=\"og:type\" content=\"article\" \/>\n<meta property=\"og:title\" content=\"20er-30er Jahre Outfit \u2013 Herren \u2013 Grau (Weste und Schieberm\u00fctze) - Costumes Breuer\" \/>\n<meta property=\"og:description\" content=\"20er-30er Jahre Outfit \u2013 Herren \u2013 Grau, bestehend aus einer grauen Weste und Schieberm\u00fctze, wahlweise erweiterbar mit einer Kniebundhose, Kniestr\u00fcmpfen und Fliege (Paket 2), sowie einer Jacke und einem Einstecktuch (Paket 3), als auch einem Hemd, Schuhen, Pistolenhalfter mit Pistole und einem Geigenkasten. (Paket 4) Der komplette Anzug wurde in unserer Werkstatt mit hochwertigsten Materialien angefertigt. &nbsp;\" \/>\n<meta property=\"og:url\" content=\"https:\/\/www.kostuemebreuer.de\/english\/produkt\/knickerbockerjacke\/\" \/>\n<meta property=\"og:site_name\" content=\"Costumes Breuer\" \/>\n<meta property=\"article:publisher\" content=\"https:\/\/www.facebook.com\/Kostuemebreuer\/?locale=de_DE\" \/>\n<meta property=\"article:modified_time\" content=\"2023-12-02T04:04:06+00:00\" \/>\n<meta property=\"og:image\" content=\"https:\/\/www.kostuemebreuer.de\/english\/wp-content\/uploads\/sites\/6\/Knickerbockerjacke-grau.jpg\" \/>\n\t<meta property=\"og:image:width\" content=\"540\" \/>\n\t<meta property=\"og:image:height\" content=\"960\" \/>\n\t<meta property=\"og:image:type\" content=\"image\/jpeg\" \/>\n<meta name=\"twitter:card\" content=\"summary_large_image\" \/>\n<script type=\"application\/ld+json\" class=\"yoast-schema-graph\">{\"@context\":\"https:\/\/schema.org\",\"@graph\":[{\"@type\":\"WebPage\",\"@id\":\"https:\/\/www.kostuemebreuer.de\/english\/produkt\/knickerbockerjacke\/\",\"url\":\"https:\/\/www.kostuemebreuer.de\/english\/produkt\/knickerbockerjacke\/\",\"name\":\"20er-30er Jahre Outfit \u2013 Herren \u2013 Grau (Weste und Schieberm\u00fctze) - Costumes Breuer\",\"isPartOf\":{\"@id\":\"https:\/\/www.kostuemebreuer.de\/english\/#website\"},\"primaryImageOfPage\":{\"@id\":\"https:\/\/www.kostuemebreuer.de\/english\/produkt\/knickerbockerjacke\/#primaryimage\"},\"image\":{\"@id\":\"https:\/\/www.kostuemebreuer.de\/english\/produkt\/knickerbockerjacke\/#primaryimage\"},\"thumbnailUrl\":\"https:\/\/www.kostuemebreuer.de\/english\/wp-content\/uploads\/sites\/6\/Knickerbockerjacke-grau.jpg\",\"datePublished\":\"2020-08-17T15:04:31+00:00\",\"dateModified\":\"2023-12-02T04:04:06+00:00\",\"description\":\"20er-30er Jahre Outfit \u2013 Herren \u2013 Grau, bestehend aus einer grauen Weste und Schieberm\u00fctze, wahlweise erweiterbar mit einer Kniebundhose, Kniestr\u00fcmpfen und Fliege (Paket 2), sowie einer Jacke und einem Einstecktuch (Paket 3), als auch einem Hemd, Schuhen, Pistolenhalfter mit Pistole und einem Geigenkasten. (Paket 4) Der komplette Anzug wurde in unserer Werkstatt mit hochwertigsten Materialien angefertigt. &nbsp;\",\"breadcrumb\":{\"@id\":\"https:\/\/www.kostuemebreuer.de\/english\/produkt\/knickerbockerjacke\/#breadcrumb\"},\"inLanguage\":\"en-GB\",\"potentialAction\":[{\"@type\":\"ReadAction\",\"target\":[\"https:\/\/www.kostuemebreuer.de\/english\/produkt\/knickerbockerjacke\/\"]}]},{\"@type\":\"ImageObject\",\"inLanguage\":\"en-GB\",\"@id\":\"https:\/\/www.kostuemebreuer.de\/english\/produkt\/knickerbockerjacke\/#primaryimage\",\"url\":\"https:\/\/www.kostuemebreuer.de\/english\/wp-content\/uploads\/sites\/6\/Knickerbockerjacke-grau.jpg\",\"contentUrl\":\"https:\/\/www.kostuemebreuer.de\/english\/wp-content\/uploads\/sites\/6\/Knickerbockerjacke-grau.jpg\",\"width\":540,\"height\":960},{\"@type\":\"BreadcrumbList\",\"@id\":\"https:\/\/www.kostuemebreuer.de\/english\/produkt\/knickerbockerjacke\/#breadcrumb\",\"itemListElement\":[{\"@type\":\"ListItem\",\"position\":1,\"name\":\"Startseite\",\"item\":\"https:\/\/www.kostuemebreuer.de\/english\/\"},{\"@type\":\"ListItem\",\"position\":2,\"name\":\"Kost\u00fcme\",\"item\":\"https:\/\/www.kostuemebreuer.de\/english\/kostueme\/\"},{\"@type\":\"ListItem\",\"position\":3,\"name\":\"20er-30er Jahre Outfit \u2013 Herren \u2013 Grau (Weste und Schieberm\u00fctze)\"}]},{\"@type\":\"WebSite\",\"@id\":\"https:\/\/www.kostuemebreuer.de\/english\/#website\",\"url\":\"https:\/\/www.kostuemebreuer.de\/english\/\",\"name\":\"Kost\u00fcme Breuer in M\u00fcnchen\",\"description\":\"Kost\u00fcmverleih\",\"publisher\":{\"@id\":\"https:\/\/www.kostuemebreuer.de\/english\/#organization\"},\"alternateName\":\"Kost\u00fcmverleih Breuer\",\"potentialAction\":[{\"@type\":\"SearchAction\",\"target\":{\"@type\":\"EntryPoint\",\"urlTemplate\":\"https:\/\/www.kostuemebreuer.de\/english\/?s={search_term_string}\"},\"query-input\":{\"@type\":\"PropertyValueSpecification\",\"valueRequired\":true,\"valueName\":\"search_term_string\"}}],\"inLanguage\":\"en-GB\"},{\"@type\":\"Organization\",\"@id\":\"https:\/\/www.kostuemebreuer.de\/english\/#organization\",\"name\":\"Kost\u00fcme Breuer in M\u00fcnchen\",\"url\":\"https:\/\/www.kostuemebreuer.de\/english\/\",\"logo\":{\"@type\":\"ImageObject\",\"inLanguage\":\"en-GB\",\"@id\":\"https:\/\/www.kostuemebreuer.de\/english\/#\/schema\/logo\/image\/\",\"url\":\"https:\/\/www.kostuemebreuer.de\/english\/wp-content\/uploads\/sites\/6\/logo.svg\",\"contentUrl\":\"https:\/\/www.kostuemebreuer.de\/english\/wp-content\/uploads\/sites\/6\/logo.svg\",\"caption\":\"Kost\u00fcme Breuer in M\u00fcnchen\"},\"image\":{\"@id\":\"https:\/\/www.kostuemebreuer.de\/english\/#\/schema\/logo\/image\/\"},\"sameAs\":[\"https:\/\/www.facebook.com\/Kostuemebreuer\/?locale=de_DE\",\"https:\/\/www.instagram.com\/kostuemebreuer\/\"]}]}<\/script>\n<!-- \/ Yoast SEO plugin. -->","yoast_head_json":{"title":"20er-30er Jahre Outfit \u2013 Herren \u2013 Grau (Weste und Schieberm\u00fctze) - Costumes Breuer","description":"20er-30er Jahre Outfit \u2013 Herren \u2013 Grau, bestehend aus einer grauen Weste und Schieberm\u00fctze, wahlweise erweiterbar mit einer Kniebundhose, Kniestr\u00fcmpfen und Fliege (Paket 2), sowie einer Jacke und einem Einstecktuch (Paket 3), als auch einem Hemd, Schuhen, Pistolenhalfter mit Pistole und einem Geigenkasten. (Paket 4) Der komplette Anzug wurde in unserer Werkstatt mit hochwertigsten Materialien angefertigt. &nbsp;","robots":{"index":"index","follow":"follow","max-snippet":"max-snippet:-1","max-image-preview":"max-image-preview:large","max-video-preview":"max-video-preview:-1"},"canonical":"https:\/\/www.kostuemebreuer.de\/english\/produkt\/knickerbockerjacke\/","og_locale":"en_GB","og_type":"article","og_title":"20er-30er Jahre Outfit \u2013 Herren \u2013 Grau (Weste und Schieberm\u00fctze) - Costumes Breuer","og_description":"20er-30er Jahre Outfit \u2013 Herren \u2013 Grau, bestehend aus einer grauen Weste und Schieberm\u00fctze, wahlweise erweiterbar mit einer Kniebundhose, Kniestr\u00fcmpfen und Fliege (Paket 2), sowie einer Jacke und einem Einstecktuch (Paket 3), als auch einem Hemd, Schuhen, Pistolenhalfter mit Pistole und einem Geigenkasten. (Paket 4) Der komplette Anzug wurde in unserer Werkstatt mit hochwertigsten Materialien angefertigt. &nbsp;","og_url":"https:\/\/www.kostuemebreuer.de\/english\/produkt\/knickerbockerjacke\/","og_site_name":"Costumes Breuer","article_publisher":"https:\/\/www.facebook.com\/Kostuemebreuer\/?locale=de_DE","article_modified_time":"2023-12-02T04:04:06+00:00","og_image":[{"width":540,"height":960,"url":"https:\/\/www.kostuemebreuer.de\/english\/wp-content\/uploads\/sites\/6\/Knickerbockerjacke-grau.jpg","type":"image\/jpeg"}],"twitter_card":"summary_large_image","schema":{"@context":"https:\/\/schema.org","@graph":[{"@type":"WebPage","@id":"https:\/\/www.kostuemebreuer.de\/english\/produkt\/knickerbockerjacke\/","url":"https:\/\/www.kostuemebreuer.de\/english\/produkt\/knickerbockerjacke\/","name":"20er-30er Jahre Outfit \u2013 Herren \u2013 Grau (Weste und Schieberm\u00fctze) - Costumes Breuer","isPartOf":{"@id":"https:\/\/www.kostuemebreuer.de\/english\/#website"},"primaryImageOfPage":{"@id":"https:\/\/www.kostuemebreuer.de\/english\/produkt\/knickerbockerjacke\/#primaryimage"},"image":{"@id":"https:\/\/www.kostuemebreuer.de\/english\/produkt\/knickerbockerjacke\/#primaryimage"},"thumbnailUrl":"https:\/\/www.kostuemebreuer.de\/english\/wp-content\/uploads\/sites\/6\/Knickerbockerjacke-grau.jpg","datePublished":"2020-08-17T15:04:31+00:00","dateModified":"2023-12-02T04:04:06+00:00","description":"20er-30er Jahre Outfit \u2013 Herren \u2013 Grau, bestehend aus einer grauen Weste und Schieberm\u00fctze, wahlweise erweiterbar mit einer Kniebundhose, Kniestr\u00fcmpfen und Fliege (Paket 2), sowie einer Jacke und einem Einstecktuch (Paket 3), als auch einem Hemd, Schuhen, Pistolenhalfter mit Pistole und einem Geigenkasten. (Paket 4) Der komplette Anzug wurde in unserer Werkstatt mit hochwertigsten Materialien angefertigt. &nbsp;","breadcrumb":{"@id":"https:\/\/www.kostuemebreuer.de\/english\/produkt\/knickerbockerjacke\/#breadcrumb"},"inLanguage":"en-GB","potentialAction":[{"@type":"ReadAction","target":["https:\/\/www.kostuemebreuer.de\/english\/produkt\/knickerbockerjacke\/"]}]},{"@type":"ImageObject","inLanguage":"en-GB","@id":"https:\/\/www.kostuemebreuer.de\/english\/produkt\/knickerbockerjacke\/#primaryimage","url":"https:\/\/www.kostuemebreuer.de\/english\/wp-content\/uploads\/sites\/6\/Knickerbockerjacke-grau.jpg","contentUrl":"https:\/\/www.kostuemebreuer.de\/english\/wp-content\/uploads\/sites\/6\/Knickerbockerjacke-grau.jpg","width":540,"height":960},{"@type":"BreadcrumbList","@id":"https:\/\/www.kostuemebreuer.de\/english\/produkt\/knickerbockerjacke\/#breadcrumb","itemListElement":[{"@type":"ListItem","position":1,"name":"Startseite","item":"https:\/\/www.kostuemebreuer.de\/english\/"},{"@type":"ListItem","position":2,"name":"Kost\u00fcme","item":"https:\/\/www.kostuemebreuer.de\/english\/kostueme\/"},{"@type":"ListItem","position":3,"name":"20er-30er Jahre Outfit \u2013 Herren \u2013 Grau (Weste und Schieberm\u00fctze)"}]},{"@type":"WebSite","@id":"https:\/\/www.kostuemebreuer.de\/english\/#website","url":"https:\/\/www.kostuemebreuer.de\/english\/","name":"Kost\u00fcme Breuer in M\u00fcnchen","description":"Kost\u00fcmverleih","publisher":{"@id":"https:\/\/www.kostuemebreuer.de\/english\/#organization"},"alternateName":"Kost\u00fcmverleih Breuer","potentialAction":[{"@type":"SearchAction","target":{"@type":"EntryPoint","urlTemplate":"https:\/\/www.kostuemebreuer.de\/english\/?s={search_term_string}"},"query-input":{"@type":"PropertyValueSpecification","valueRequired":true,"valueName":"search_term_string"}}],"inLanguage":"en-GB"},{"@type":"Organization","@id":"https:\/\/www.kostuemebreuer.de\/english\/#organization","name":"Kost\u00fcme Breuer in M\u00fcnchen","url":"https:\/\/www.kostuemebreuer.de\/english\/","logo":{"@type":"ImageObject","inLanguage":"en-GB","@id":"https:\/\/www.kostuemebreuer.de\/english\/#\/schema\/logo\/image\/","url":"https:\/\/www.kostuemebreuer.de\/english\/wp-content\/uploads\/sites\/6\/logo.svg","contentUrl":"https:\/\/www.kostuemebreuer.de\/english\/wp-content\/uploads\/sites\/6\/logo.svg","caption":"Kost\u00fcme Breuer in M\u00fcnchen"},"image":{"@id":"https:\/\/www.kostuemebreuer.de\/english\/#\/schema\/logo\/image\/"},"sameAs":["https:\/\/www.facebook.com\/Kostuemebreuer\/?locale=de_DE","https:\/\/www.instagram.com\/kostuemebreuer\/"]}]}},"acf":[],"_links":{"self":[{"href":"https:\/\/www.kostuemebreuer.de\/english\/wp-json\/wp\/v2\/product\/19938","targetHints":{"allow":["GET"]}}],"collection":[{"href":"https:\/\/www.kostuemebreuer.de\/english\/wp-json\/wp\/v2\/product"}],"about":[{"href":"https:\/\/www.kostuemebreuer.de\/english\/wp-json\/wp\/v2\/types\/product"}],"wp:featuredmedia":[{"embeddable":true,"href":"https:\/\/www.kostuemebreuer.de\/english\/wp-json\/wp\/v2\/media\/19939"}],"wp:attachment":[{"href":"https:\/\/www.kostuemebreuer.de\/english\/wp-json\/wp\/v2\/media?parent=19938"}],"wp:term":[{"taxonomy":"product_brand","embeddable":true,"href":"https:\/\/www.kostuemebreuer.de\/english\/wp-json\/wp\/v2\/product_brand?post=19938"},{"taxonomy":"product_cat","embeddable":true,"href":"https:\/\/www.kostuemebreuer.de\/english\/wp-json\/wp\/v2\/product_cat?post=19938"},{"taxonomy":"product_tag","embeddable":true,"href":"https:\/\/www.kostuemebreuer.de\/english\/wp-json\/wp\/v2\/product_tag?post=19938"}],"curies":[{"name":"wp","href":"https:\/\/api.w.org\/{rel}","templated":true}]}}