{"id":19495,"date":"2020-01-23T17:39:43","date_gmt":"2020-01-23T15:39:43","guid":{"rendered":"https:\/\/www.kostuemverleih.com\/?post_type=product&#038;p=19495"},"modified":"2024-01-23T15:59:32","modified_gmt":"2024-01-23T13:59:32","slug":"orientalische-prinzessin-rot","status":"publish","type":"product","link":"https:\/\/www.kostuemebreuer.de\/english\/produkt\/orientalische-prinzessin-rot\/","title":{"rendered":"Orientalische Prinzessin &#8211; 1001 Nacht Outfit &#8211; Rubinrot (Kutte, Sch\u00e4rpe und Turban)"},"content":{"rendered":"<p>Orientalische Prinzessin &#8211; 1001 Nacht Outfit &#8211; Gold-Rot, bestehend aus einer roten Kutte mit goldenem, floralem Muster, goldener Sch\u00e4rpe und einem Turban.<\/p>\n","protected":false},"excerpt":{"rendered":"<p>Orientalische Prinzessin &#8211; 1001 Nacht Outfit &#8211; Gold-Rot, bestehend aus einer roten Kutte mit goldenem, floralem Muster, goldener Sch\u00e4rpe und einem Turban.<\/p>\n","protected":false},"featured_media":19492,"template":"","meta":{"_acf_changed":false},"product_brand":[],"product_cat":[97,125,29],"product_tag":[473,772,63],"class_list":{"0":"post-19495","1":"product","2":"type-product","3":"status-publish","4":"has-post-thumbnail","6":"product_cat-fasching","7":"product_cat-kleider","8":"product_cat-kostueme","9":"product_tag-orient","10":"product_tag-orientale","11":"product_tag-rot","12":"product_shipping_class-versandklasse-2","13":"infinite-scroll-item","15":"first","16":"instock","17":"taxable","18":"shipping-taxable","19":"purchasable","20":"product-type-simple"},"yoast_head":"<!-- This site is optimized with the Yoast SEO plugin v27.2 - https:\/\/yoast.com\/product\/yoast-seo-wordpress\/ -->\n<title>Orientalische Prinzessin - 1001 Nacht Outfit - Rubinrot (Kutte, Sch\u00e4rpe und Turban) - Costumes Breuer<\/title>\n<meta name=\"description\" content=\"Orientalische Prinzessin - 1001 Nacht Outfit - Gold-Rot, bestehend aus einer roten Kutte mit goldenem, floralem Muster, goldener Sch\u00e4rpe und einem Turban.\" \/>\n<meta name=\"robots\" content=\"index, follow, max-snippet:-1, max-image-preview:large, max-video-preview:-1\" \/>\n<link rel=\"canonical\" href=\"https:\/\/www.kostuemebreuer.de\/english\/produkt\/orientalische-prinzessin-rot\/\" \/>\n<meta property=\"og:locale\" content=\"en_GB\" \/>\n<meta property=\"og:type\" content=\"article\" \/>\n<meta property=\"og:title\" content=\"Orientalische Prinzessin - 1001 Nacht Outfit - Rubinrot (Kutte, Sch\u00e4rpe und Turban) - Costumes Breuer\" \/>\n<meta property=\"og:description\" content=\"Orientalische Prinzessin - 1001 Nacht Outfit - Gold-Rot, bestehend aus einer roten Kutte mit goldenem, floralem Muster, goldener Sch\u00e4rpe und einem Turban.\" \/>\n<meta property=\"og:url\" content=\"https:\/\/www.kostuemebreuer.de\/english\/produkt\/orientalische-prinzessin-rot\/\" \/>\n<meta property=\"og:site_name\" content=\"Costumes Breuer\" \/>\n<meta property=\"article:publisher\" content=\"https:\/\/www.facebook.com\/Kostuemebreuer\/?locale=de_DE\" \/>\n<meta property=\"article:modified_time\" content=\"2024-01-23T13:59:32+00:00\" \/>\n<meta property=\"og:image\" content=\"https:\/\/www.kostuemebreuer.de\/english\/wp-content\/uploads\/sites\/6\/Prinzessin2.jpg\" \/>\n\t<meta property=\"og:image:width\" content=\"498\" \/>\n\t<meta property=\"og:image:height\" content=\"960\" \/>\n\t<meta property=\"og:image:type\" content=\"image\/jpeg\" \/>\n<meta name=\"twitter:card\" content=\"summary_large_image\" \/>\n<script type=\"application\/ld+json\" class=\"yoast-schema-graph\">{\"@context\":\"https:\/\/schema.org\",\"@graph\":[{\"@type\":\"WebPage\",\"@id\":\"https:\/\/www.kostuemebreuer.de\/english\/produkt\/orientalische-prinzessin-rot\/\",\"url\":\"https:\/\/www.kostuemebreuer.de\/english\/produkt\/orientalische-prinzessin-rot\/\",\"name\":\"Orientalische Prinzessin - 1001 Nacht Outfit - Rubinrot (Kutte, Sch\u00e4rpe und Turban) - Costumes Breuer\",\"isPartOf\":{\"@id\":\"https:\/\/www.kostuemebreuer.de\/english\/#website\"},\"primaryImageOfPage\":{\"@id\":\"https:\/\/www.kostuemebreuer.de\/english\/produkt\/orientalische-prinzessin-rot\/#primaryimage\"},\"image\":{\"@id\":\"https:\/\/www.kostuemebreuer.de\/english\/produkt\/orientalische-prinzessin-rot\/#primaryimage\"},\"thumbnailUrl\":\"https:\/\/www.kostuemebreuer.de\/english\/wp-content\/uploads\/sites\/6\/Prinzessin2.jpg\",\"datePublished\":\"2020-01-23T15:39:43+00:00\",\"dateModified\":\"2024-01-23T13:59:32+00:00\",\"description\":\"Orientalische Prinzessin - 1001 Nacht Outfit - Gold-Rot, bestehend aus einer roten Kutte mit goldenem, floralem Muster, goldener Sch\u00e4rpe und einem Turban.\",\"breadcrumb\":{\"@id\":\"https:\/\/www.kostuemebreuer.de\/english\/produkt\/orientalische-prinzessin-rot\/#breadcrumb\"},\"inLanguage\":\"en-GB\",\"potentialAction\":[{\"@type\":\"ReadAction\",\"target\":[\"https:\/\/www.kostuemebreuer.de\/english\/produkt\/orientalische-prinzessin-rot\/\"]}]},{\"@type\":\"ImageObject\",\"inLanguage\":\"en-GB\",\"@id\":\"https:\/\/www.kostuemebreuer.de\/english\/produkt\/orientalische-prinzessin-rot\/#primaryimage\",\"url\":\"https:\/\/www.kostuemebreuer.de\/english\/wp-content\/uploads\/sites\/6\/Prinzessin2.jpg\",\"contentUrl\":\"https:\/\/www.kostuemebreuer.de\/english\/wp-content\/uploads\/sites\/6\/Prinzessin2.jpg\",\"width\":498,\"height\":960},{\"@type\":\"BreadcrumbList\",\"@id\":\"https:\/\/www.kostuemebreuer.de\/english\/produkt\/orientalische-prinzessin-rot\/#breadcrumb\",\"itemListElement\":[{\"@type\":\"ListItem\",\"position\":1,\"name\":\"Startseite\",\"item\":\"https:\/\/www.kostuemebreuer.de\/english\/\"},{\"@type\":\"ListItem\",\"position\":2,\"name\":\"Kost\u00fcme\",\"item\":\"https:\/\/www.kostuemebreuer.de\/english\/kostueme\/\"},{\"@type\":\"ListItem\",\"position\":3,\"name\":\"Orientalische Prinzessin &#8211; 1001 Nacht Outfit &#8211; Rubinrot (Kutte, Sch\u00e4rpe und Turban)\"}]},{\"@type\":\"WebSite\",\"@id\":\"https:\/\/www.kostuemebreuer.de\/english\/#website\",\"url\":\"https:\/\/www.kostuemebreuer.de\/english\/\",\"name\":\"Kost\u00fcme Breuer in M\u00fcnchen\",\"description\":\"Kost\u00fcmverleih\",\"publisher\":{\"@id\":\"https:\/\/www.kostuemebreuer.de\/english\/#organization\"},\"alternateName\":\"Kost\u00fcmverleih Breuer\",\"potentialAction\":[{\"@type\":\"SearchAction\",\"target\":{\"@type\":\"EntryPoint\",\"urlTemplate\":\"https:\/\/www.kostuemebreuer.de\/english\/?s={search_term_string}\"},\"query-input\":{\"@type\":\"PropertyValueSpecification\",\"valueRequired\":true,\"valueName\":\"search_term_string\"}}],\"inLanguage\":\"en-GB\"},{\"@type\":\"Organization\",\"@id\":\"https:\/\/www.kostuemebreuer.de\/english\/#organization\",\"name\":\"Kost\u00fcme Breuer in M\u00fcnchen\",\"url\":\"https:\/\/www.kostuemebreuer.de\/english\/\",\"logo\":{\"@type\":\"ImageObject\",\"inLanguage\":\"en-GB\",\"@id\":\"https:\/\/www.kostuemebreuer.de\/english\/#\/schema\/logo\/image\/\",\"url\":\"https:\/\/www.kostuemebreuer.de\/english\/wp-content\/uploads\/sites\/6\/logo.svg\",\"contentUrl\":\"https:\/\/www.kostuemebreuer.de\/english\/wp-content\/uploads\/sites\/6\/logo.svg\",\"caption\":\"Kost\u00fcme Breuer in M\u00fcnchen\"},\"image\":{\"@id\":\"https:\/\/www.kostuemebreuer.de\/english\/#\/schema\/logo\/image\/\"},\"sameAs\":[\"https:\/\/www.facebook.com\/Kostuemebreuer\/?locale=de_DE\",\"https:\/\/www.instagram.com\/kostuemebreuer\/\"]}]}<\/script>\n<!-- \/ Yoast SEO plugin. -->","yoast_head_json":{"title":"Orientalische Prinzessin - 1001 Nacht Outfit - Rubinrot (Kutte, Sch\u00e4rpe und Turban) - Costumes Breuer","description":"Orientalische Prinzessin - 1001 Nacht Outfit - Gold-Rot, bestehend aus einer roten Kutte mit goldenem, floralem Muster, goldener Sch\u00e4rpe und einem Turban.","robots":{"index":"index","follow":"follow","max-snippet":"max-snippet:-1","max-image-preview":"max-image-preview:large","max-video-preview":"max-video-preview:-1"},"canonical":"https:\/\/www.kostuemebreuer.de\/english\/produkt\/orientalische-prinzessin-rot\/","og_locale":"en_GB","og_type":"article","og_title":"Orientalische Prinzessin - 1001 Nacht Outfit - Rubinrot (Kutte, Sch\u00e4rpe und Turban) - Costumes Breuer","og_description":"Orientalische Prinzessin - 1001 Nacht Outfit - Gold-Rot, bestehend aus einer roten Kutte mit goldenem, floralem Muster, goldener Sch\u00e4rpe und einem Turban.","og_url":"https:\/\/www.kostuemebreuer.de\/english\/produkt\/orientalische-prinzessin-rot\/","og_site_name":"Costumes Breuer","article_publisher":"https:\/\/www.facebook.com\/Kostuemebreuer\/?locale=de_DE","article_modified_time":"2024-01-23T13:59:32+00:00","og_image":[{"width":498,"height":960,"url":"https:\/\/www.kostuemebreuer.de\/english\/wp-content\/uploads\/sites\/6\/Prinzessin2.jpg","type":"image\/jpeg"}],"twitter_card":"summary_large_image","schema":{"@context":"https:\/\/schema.org","@graph":[{"@type":"WebPage","@id":"https:\/\/www.kostuemebreuer.de\/english\/produkt\/orientalische-prinzessin-rot\/","url":"https:\/\/www.kostuemebreuer.de\/english\/produkt\/orientalische-prinzessin-rot\/","name":"Orientalische Prinzessin - 1001 Nacht Outfit - Rubinrot (Kutte, Sch\u00e4rpe und Turban) - Costumes Breuer","isPartOf":{"@id":"https:\/\/www.kostuemebreuer.de\/english\/#website"},"primaryImageOfPage":{"@id":"https:\/\/www.kostuemebreuer.de\/english\/produkt\/orientalische-prinzessin-rot\/#primaryimage"},"image":{"@id":"https:\/\/www.kostuemebreuer.de\/english\/produkt\/orientalische-prinzessin-rot\/#primaryimage"},"thumbnailUrl":"https:\/\/www.kostuemebreuer.de\/english\/wp-content\/uploads\/sites\/6\/Prinzessin2.jpg","datePublished":"2020-01-23T15:39:43+00:00","dateModified":"2024-01-23T13:59:32+00:00","description":"Orientalische Prinzessin - 1001 Nacht Outfit - Gold-Rot, bestehend aus einer roten Kutte mit goldenem, floralem Muster, goldener Sch\u00e4rpe und einem Turban.","breadcrumb":{"@id":"https:\/\/www.kostuemebreuer.de\/english\/produkt\/orientalische-prinzessin-rot\/#breadcrumb"},"inLanguage":"en-GB","potentialAction":[{"@type":"ReadAction","target":["https:\/\/www.kostuemebreuer.de\/english\/produkt\/orientalische-prinzessin-rot\/"]}]},{"@type":"ImageObject","inLanguage":"en-GB","@id":"https:\/\/www.kostuemebreuer.de\/english\/produkt\/orientalische-prinzessin-rot\/#primaryimage","url":"https:\/\/www.kostuemebreuer.de\/english\/wp-content\/uploads\/sites\/6\/Prinzessin2.jpg","contentUrl":"https:\/\/www.kostuemebreuer.de\/english\/wp-content\/uploads\/sites\/6\/Prinzessin2.jpg","width":498,"height":960},{"@type":"BreadcrumbList","@id":"https:\/\/www.kostuemebreuer.de\/english\/produkt\/orientalische-prinzessin-rot\/#breadcrumb","itemListElement":[{"@type":"ListItem","position":1,"name":"Startseite","item":"https:\/\/www.kostuemebreuer.de\/english\/"},{"@type":"ListItem","position":2,"name":"Kost\u00fcme","item":"https:\/\/www.kostuemebreuer.de\/english\/kostueme\/"},{"@type":"ListItem","position":3,"name":"Orientalische Prinzessin &#8211; 1001 Nacht Outfit &#8211; Rubinrot (Kutte, Sch\u00e4rpe und Turban)"}]},{"@type":"WebSite","@id":"https:\/\/www.kostuemebreuer.de\/english\/#website","url":"https:\/\/www.kostuemebreuer.de\/english\/","name":"Kost\u00fcme Breuer in M\u00fcnchen","description":"Kost\u00fcmverleih","publisher":{"@id":"https:\/\/www.kostuemebreuer.de\/english\/#organization"},"alternateName":"Kost\u00fcmverleih Breuer","potentialAction":[{"@type":"SearchAction","target":{"@type":"EntryPoint","urlTemplate":"https:\/\/www.kostuemebreuer.de\/english\/?s={search_term_string}"},"query-input":{"@type":"PropertyValueSpecification","valueRequired":true,"valueName":"search_term_string"}}],"inLanguage":"en-GB"},{"@type":"Organization","@id":"https:\/\/www.kostuemebreuer.de\/english\/#organization","name":"Kost\u00fcme Breuer in M\u00fcnchen","url":"https:\/\/www.kostuemebreuer.de\/english\/","logo":{"@type":"ImageObject","inLanguage":"en-GB","@id":"https:\/\/www.kostuemebreuer.de\/english\/#\/schema\/logo\/image\/","url":"https:\/\/www.kostuemebreuer.de\/english\/wp-content\/uploads\/sites\/6\/logo.svg","contentUrl":"https:\/\/www.kostuemebreuer.de\/english\/wp-content\/uploads\/sites\/6\/logo.svg","caption":"Kost\u00fcme Breuer in M\u00fcnchen"},"image":{"@id":"https:\/\/www.kostuemebreuer.de\/english\/#\/schema\/logo\/image\/"},"sameAs":["https:\/\/www.facebook.com\/Kostuemebreuer\/?locale=de_DE","https:\/\/www.instagram.com\/kostuemebreuer\/"]}]}},"acf":[],"_links":{"self":[{"href":"https:\/\/www.kostuemebreuer.de\/english\/wp-json\/wp\/v2\/product\/19495","targetHints":{"allow":["GET"]}}],"collection":[{"href":"https:\/\/www.kostuemebreuer.de\/english\/wp-json\/wp\/v2\/product"}],"about":[{"href":"https:\/\/www.kostuemebreuer.de\/english\/wp-json\/wp\/v2\/types\/product"}],"wp:featuredmedia":[{"embeddable":true,"href":"https:\/\/www.kostuemebreuer.de\/english\/wp-json\/wp\/v2\/media\/19492"}],"wp:attachment":[{"href":"https:\/\/www.kostuemebreuer.de\/english\/wp-json\/wp\/v2\/media?parent=19495"}],"wp:term":[{"taxonomy":"product_brand","embeddable":true,"href":"https:\/\/www.kostuemebreuer.de\/english\/wp-json\/wp\/v2\/product_brand?post=19495"},{"taxonomy":"product_cat","embeddable":true,"href":"https:\/\/www.kostuemebreuer.de\/english\/wp-json\/wp\/v2\/product_cat?post=19495"},{"taxonomy":"product_tag","embeddable":true,"href":"https:\/\/www.kostuemebreuer.de\/english\/wp-json\/wp\/v2\/product_tag?post=19495"}],"curies":[{"name":"wp","href":"https:\/\/api.w.org\/{rel}","templated":true}]}}