{"id":19472,"date":"2020-01-23T13:13:11","date_gmt":"2020-01-23T11:13:11","guid":{"rendered":"https:\/\/www.kostuemverleih.com\/?post_type=product&#038;p=19472"},"modified":"2023-12-02T06:04:02","modified_gmt":"2023-12-02T04:04:02","slug":"aladin-mit-roter-pluderhose-und-weste","status":"publish","type":"product","link":"https:\/\/www.kostuemebreuer.de\/english\/produkt\/aladin-mit-roter-pluderhose-und-weste\/","title":{"rendered":"Orientale &#8211; 1001 Nacht &#8211; Aladin &#8211; Sinbad Outfit &#8211; Rot (Weste und Sch\u00e4rpe)"},"content":{"rendered":"<p>Orientale &#8211; 1001 Nacht &#8211; Aladin &#8211; Sinbad Outfit &#8211; Rot, bestehend aus einer aufw\u00e4ndig mit Gold bestickten Weste und Steinen besetzt und einer goldenen Sch\u00e4rpe, wahlweise erweiterbar mit einer roten Pluderhose mit goldenem Besatz und Schnabelschuhen (Paket 2), sowie einem wei\u00dfen Hemd und goldenem Turban. (Paket 3)<\/p>\n<p>&nbsp;<\/p>\n<p>&nbsp;<\/p>\n","protected":false},"excerpt":{"rendered":"<p>Orientale &#8211; 1001 Nacht &#8211; Aladin &#8211; Sinbad Outfit &#8211; Rot, bestehend aus einer aufw\u00e4ndig mit Gold bestickten Weste und Steinen besetzt und einer goldenen Sch\u00e4rpe, wahlweise erweiterbar mit einer <strong>roten Pluderhose mit goldenem Besatz und Schnabelschuhen<\/strong> (Paket 2), sowie einem <strong>wei\u00dfen Hemd und goldenem Turban<\/strong>. (Paket 3)<\/p>\n","protected":false},"featured_media":19473,"template":"","meta":{"_acf_changed":false},"product_brand":[],"product_cat":[29,552],"product_tag":[49,473,63],"class_list":{"0":"post-19472","1":"product","2":"type-product","3":"status-publish","4":"has-post-thumbnail","6":"product_cat-kostueme","7":"product_cat-miscellaneous","8":"product_tag-gold","9":"product_tag-orient","10":"product_tag-rot","11":"product_shipping_class-versandklasse-2","12":"infinite-scroll-item","14":"first","15":"instock","16":"taxable","17":"shipping-taxable","18":"purchasable","19":"product-type-simple"},"yoast_head":"<!-- This site is optimized with the Yoast SEO plugin v27.2 - https:\/\/yoast.com\/product\/yoast-seo-wordpress\/ -->\n<title>Orientale - 1001 Nacht - Aladin - Sinbad Outfit - Rot (Weste und Sch\u00e4rpe) - Costumes Breuer<\/title>\n<meta name=\"description\" content=\"Orientale - 1001 Nacht - Aladin - Sinbad Outfit - Rot, bestehend aus einer aufw\u00e4ndig mit Gold bestickten Weste und Steinen besetzt und einer goldenen Sch\u00e4rpe, wahlweise erweiterbar mit einer roten Pluderhose mit goldenem Besatz und Schnabelschuhen (Paket 2), sowie einem wei\u00dfen Hemd und goldenem Turban. (Paket 3)\" \/>\n<meta name=\"robots\" content=\"index, follow, max-snippet:-1, max-image-preview:large, max-video-preview:-1\" \/>\n<link rel=\"canonical\" href=\"https:\/\/www.kostuemebreuer.de\/english\/produkt\/aladin-mit-roter-pluderhose-und-weste\/\" \/>\n<meta property=\"og:locale\" content=\"en_GB\" \/>\n<meta property=\"og:type\" content=\"article\" \/>\n<meta property=\"og:title\" content=\"Orientale - 1001 Nacht - Aladin - Sinbad Outfit - Rot (Weste und Sch\u00e4rpe) - Costumes Breuer\" \/>\n<meta property=\"og:description\" content=\"Orientale - 1001 Nacht - Aladin - Sinbad Outfit - Rot, bestehend aus einer aufw\u00e4ndig mit Gold bestickten Weste und Steinen besetzt und einer goldenen Sch\u00e4rpe, wahlweise erweiterbar mit einer roten Pluderhose mit goldenem Besatz und Schnabelschuhen (Paket 2), sowie einem wei\u00dfen Hemd und goldenem Turban. (Paket 3)\" \/>\n<meta property=\"og:url\" content=\"https:\/\/www.kostuemebreuer.de\/english\/produkt\/aladin-mit-roter-pluderhose-und-weste\/\" \/>\n<meta property=\"og:site_name\" content=\"Costumes Breuer\" \/>\n<meta property=\"article:publisher\" content=\"https:\/\/www.facebook.com\/Kostuemebreuer\/?locale=de_DE\" \/>\n<meta property=\"article:modified_time\" content=\"2023-12-02T04:04:02+00:00\" \/>\n<meta property=\"og:image\" content=\"https:\/\/www.kostuemebreuer.de\/english\/wp-content\/uploads\/sites\/6\/Alibaba-Aladin-Sindbad.jpg\" \/>\n\t<meta property=\"og:image:width\" content=\"540\" \/>\n\t<meta property=\"og:image:height\" content=\"960\" \/>\n\t<meta property=\"og:image:type\" content=\"image\/jpeg\" \/>\n<meta name=\"twitter:card\" content=\"summary_large_image\" \/>\n<script type=\"application\/ld+json\" class=\"yoast-schema-graph\">{\"@context\":\"https:\/\/schema.org\",\"@graph\":[{\"@type\":\"WebPage\",\"@id\":\"https:\/\/www.kostuemebreuer.de\/english\/produkt\/aladin-mit-roter-pluderhose-und-weste\/\",\"url\":\"https:\/\/www.kostuemebreuer.de\/english\/produkt\/aladin-mit-roter-pluderhose-und-weste\/\",\"name\":\"Orientale - 1001 Nacht - Aladin - Sinbad Outfit - Rot (Weste und Sch\u00e4rpe) - Costumes Breuer\",\"isPartOf\":{\"@id\":\"https:\/\/www.kostuemebreuer.de\/english\/#website\"},\"primaryImageOfPage\":{\"@id\":\"https:\/\/www.kostuemebreuer.de\/english\/produkt\/aladin-mit-roter-pluderhose-und-weste\/#primaryimage\"},\"image\":{\"@id\":\"https:\/\/www.kostuemebreuer.de\/english\/produkt\/aladin-mit-roter-pluderhose-und-weste\/#primaryimage\"},\"thumbnailUrl\":\"https:\/\/www.kostuemebreuer.de\/english\/wp-content\/uploads\/sites\/6\/Alibaba-Aladin-Sindbad.jpg\",\"datePublished\":\"2020-01-23T11:13:11+00:00\",\"dateModified\":\"2023-12-02T04:04:02+00:00\",\"description\":\"Orientale - 1001 Nacht - Aladin - Sinbad Outfit - Rot, bestehend aus einer aufw\u00e4ndig mit Gold bestickten Weste und Steinen besetzt und einer goldenen Sch\u00e4rpe, wahlweise erweiterbar mit einer roten Pluderhose mit goldenem Besatz und Schnabelschuhen (Paket 2), sowie einem wei\u00dfen Hemd und goldenem Turban. (Paket 3)\",\"breadcrumb\":{\"@id\":\"https:\/\/www.kostuemebreuer.de\/english\/produkt\/aladin-mit-roter-pluderhose-und-weste\/#breadcrumb\"},\"inLanguage\":\"en-GB\",\"potentialAction\":[{\"@type\":\"ReadAction\",\"target\":[\"https:\/\/www.kostuemebreuer.de\/english\/produkt\/aladin-mit-roter-pluderhose-und-weste\/\"]}]},{\"@type\":\"ImageObject\",\"inLanguage\":\"en-GB\",\"@id\":\"https:\/\/www.kostuemebreuer.de\/english\/produkt\/aladin-mit-roter-pluderhose-und-weste\/#primaryimage\",\"url\":\"https:\/\/www.kostuemebreuer.de\/english\/wp-content\/uploads\/sites\/6\/Alibaba-Aladin-Sindbad.jpg\",\"contentUrl\":\"https:\/\/www.kostuemebreuer.de\/english\/wp-content\/uploads\/sites\/6\/Alibaba-Aladin-Sindbad.jpg\",\"width\":540,\"height\":960},{\"@type\":\"BreadcrumbList\",\"@id\":\"https:\/\/www.kostuemebreuer.de\/english\/produkt\/aladin-mit-roter-pluderhose-und-weste\/#breadcrumb\",\"itemListElement\":[{\"@type\":\"ListItem\",\"position\":1,\"name\":\"Startseite\",\"item\":\"https:\/\/www.kostuemebreuer.de\/english\/\"},{\"@type\":\"ListItem\",\"position\":2,\"name\":\"Kost\u00fcme\",\"item\":\"https:\/\/www.kostuemebreuer.de\/english\/kostueme\/\"},{\"@type\":\"ListItem\",\"position\":3,\"name\":\"Orientale &#8211; 1001 Nacht &#8211; Aladin &#8211; Sinbad Outfit &#8211; Rot (Weste und Sch\u00e4rpe)\"}]},{\"@type\":\"WebSite\",\"@id\":\"https:\/\/www.kostuemebreuer.de\/english\/#website\",\"url\":\"https:\/\/www.kostuemebreuer.de\/english\/\",\"name\":\"Kost\u00fcme Breuer in M\u00fcnchen\",\"description\":\"Kost\u00fcmverleih\",\"publisher\":{\"@id\":\"https:\/\/www.kostuemebreuer.de\/english\/#organization\"},\"alternateName\":\"Kost\u00fcmverleih Breuer\",\"potentialAction\":[{\"@type\":\"SearchAction\",\"target\":{\"@type\":\"EntryPoint\",\"urlTemplate\":\"https:\/\/www.kostuemebreuer.de\/english\/?s={search_term_string}\"},\"query-input\":{\"@type\":\"PropertyValueSpecification\",\"valueRequired\":true,\"valueName\":\"search_term_string\"}}],\"inLanguage\":\"en-GB\"},{\"@type\":\"Organization\",\"@id\":\"https:\/\/www.kostuemebreuer.de\/english\/#organization\",\"name\":\"Kost\u00fcme Breuer in M\u00fcnchen\",\"url\":\"https:\/\/www.kostuemebreuer.de\/english\/\",\"logo\":{\"@type\":\"ImageObject\",\"inLanguage\":\"en-GB\",\"@id\":\"https:\/\/www.kostuemebreuer.de\/english\/#\/schema\/logo\/image\/\",\"url\":\"https:\/\/www.kostuemebreuer.de\/english\/wp-content\/uploads\/sites\/6\/logo.svg\",\"contentUrl\":\"https:\/\/www.kostuemebreuer.de\/english\/wp-content\/uploads\/sites\/6\/logo.svg\",\"caption\":\"Kost\u00fcme Breuer in M\u00fcnchen\"},\"image\":{\"@id\":\"https:\/\/www.kostuemebreuer.de\/english\/#\/schema\/logo\/image\/\"},\"sameAs\":[\"https:\/\/www.facebook.com\/Kostuemebreuer\/?locale=de_DE\",\"https:\/\/www.instagram.com\/kostuemebreuer\/\"]}]}<\/script>\n<!-- \/ Yoast SEO plugin. -->","yoast_head_json":{"title":"Orientale - 1001 Nacht - Aladin - Sinbad Outfit - Rot (Weste und Sch\u00e4rpe) - Costumes Breuer","description":"Orientale - 1001 Nacht - Aladin - Sinbad Outfit - Rot, bestehend aus einer aufw\u00e4ndig mit Gold bestickten Weste und Steinen besetzt und einer goldenen Sch\u00e4rpe, wahlweise erweiterbar mit einer roten Pluderhose mit goldenem Besatz und Schnabelschuhen (Paket 2), sowie einem wei\u00dfen Hemd und goldenem Turban. (Paket 3)","robots":{"index":"index","follow":"follow","max-snippet":"max-snippet:-1","max-image-preview":"max-image-preview:large","max-video-preview":"max-video-preview:-1"},"canonical":"https:\/\/www.kostuemebreuer.de\/english\/produkt\/aladin-mit-roter-pluderhose-und-weste\/","og_locale":"en_GB","og_type":"article","og_title":"Orientale - 1001 Nacht - Aladin - Sinbad Outfit - Rot (Weste und Sch\u00e4rpe) - Costumes Breuer","og_description":"Orientale - 1001 Nacht - Aladin - Sinbad Outfit - Rot, bestehend aus einer aufw\u00e4ndig mit Gold bestickten Weste und Steinen besetzt und einer goldenen Sch\u00e4rpe, wahlweise erweiterbar mit einer roten Pluderhose mit goldenem Besatz und Schnabelschuhen (Paket 2), sowie einem wei\u00dfen Hemd und goldenem Turban. (Paket 3)","og_url":"https:\/\/www.kostuemebreuer.de\/english\/produkt\/aladin-mit-roter-pluderhose-und-weste\/","og_site_name":"Costumes Breuer","article_publisher":"https:\/\/www.facebook.com\/Kostuemebreuer\/?locale=de_DE","article_modified_time":"2023-12-02T04:04:02+00:00","og_image":[{"width":540,"height":960,"url":"https:\/\/www.kostuemebreuer.de\/english\/wp-content\/uploads\/sites\/6\/Alibaba-Aladin-Sindbad.jpg","type":"image\/jpeg"}],"twitter_card":"summary_large_image","schema":{"@context":"https:\/\/schema.org","@graph":[{"@type":"WebPage","@id":"https:\/\/www.kostuemebreuer.de\/english\/produkt\/aladin-mit-roter-pluderhose-und-weste\/","url":"https:\/\/www.kostuemebreuer.de\/english\/produkt\/aladin-mit-roter-pluderhose-und-weste\/","name":"Orientale - 1001 Nacht - Aladin - Sinbad Outfit - Rot (Weste und Sch\u00e4rpe) - Costumes Breuer","isPartOf":{"@id":"https:\/\/www.kostuemebreuer.de\/english\/#website"},"primaryImageOfPage":{"@id":"https:\/\/www.kostuemebreuer.de\/english\/produkt\/aladin-mit-roter-pluderhose-und-weste\/#primaryimage"},"image":{"@id":"https:\/\/www.kostuemebreuer.de\/english\/produkt\/aladin-mit-roter-pluderhose-und-weste\/#primaryimage"},"thumbnailUrl":"https:\/\/www.kostuemebreuer.de\/english\/wp-content\/uploads\/sites\/6\/Alibaba-Aladin-Sindbad.jpg","datePublished":"2020-01-23T11:13:11+00:00","dateModified":"2023-12-02T04:04:02+00:00","description":"Orientale - 1001 Nacht - Aladin - Sinbad Outfit - Rot, bestehend aus einer aufw\u00e4ndig mit Gold bestickten Weste und Steinen besetzt und einer goldenen Sch\u00e4rpe, wahlweise erweiterbar mit einer roten Pluderhose mit goldenem Besatz und Schnabelschuhen (Paket 2), sowie einem wei\u00dfen Hemd und goldenem Turban. (Paket 3)","breadcrumb":{"@id":"https:\/\/www.kostuemebreuer.de\/english\/produkt\/aladin-mit-roter-pluderhose-und-weste\/#breadcrumb"},"inLanguage":"en-GB","potentialAction":[{"@type":"ReadAction","target":["https:\/\/www.kostuemebreuer.de\/english\/produkt\/aladin-mit-roter-pluderhose-und-weste\/"]}]},{"@type":"ImageObject","inLanguage":"en-GB","@id":"https:\/\/www.kostuemebreuer.de\/english\/produkt\/aladin-mit-roter-pluderhose-und-weste\/#primaryimage","url":"https:\/\/www.kostuemebreuer.de\/english\/wp-content\/uploads\/sites\/6\/Alibaba-Aladin-Sindbad.jpg","contentUrl":"https:\/\/www.kostuemebreuer.de\/english\/wp-content\/uploads\/sites\/6\/Alibaba-Aladin-Sindbad.jpg","width":540,"height":960},{"@type":"BreadcrumbList","@id":"https:\/\/www.kostuemebreuer.de\/english\/produkt\/aladin-mit-roter-pluderhose-und-weste\/#breadcrumb","itemListElement":[{"@type":"ListItem","position":1,"name":"Startseite","item":"https:\/\/www.kostuemebreuer.de\/english\/"},{"@type":"ListItem","position":2,"name":"Kost\u00fcme","item":"https:\/\/www.kostuemebreuer.de\/english\/kostueme\/"},{"@type":"ListItem","position":3,"name":"Orientale &#8211; 1001 Nacht &#8211; Aladin &#8211; Sinbad Outfit &#8211; Rot (Weste und Sch\u00e4rpe)"}]},{"@type":"WebSite","@id":"https:\/\/www.kostuemebreuer.de\/english\/#website","url":"https:\/\/www.kostuemebreuer.de\/english\/","name":"Kost\u00fcme Breuer in M\u00fcnchen","description":"Kost\u00fcmverleih","publisher":{"@id":"https:\/\/www.kostuemebreuer.de\/english\/#organization"},"alternateName":"Kost\u00fcmverleih Breuer","potentialAction":[{"@type":"SearchAction","target":{"@type":"EntryPoint","urlTemplate":"https:\/\/www.kostuemebreuer.de\/english\/?s={search_term_string}"},"query-input":{"@type":"PropertyValueSpecification","valueRequired":true,"valueName":"search_term_string"}}],"inLanguage":"en-GB"},{"@type":"Organization","@id":"https:\/\/www.kostuemebreuer.de\/english\/#organization","name":"Kost\u00fcme Breuer in M\u00fcnchen","url":"https:\/\/www.kostuemebreuer.de\/english\/","logo":{"@type":"ImageObject","inLanguage":"en-GB","@id":"https:\/\/www.kostuemebreuer.de\/english\/#\/schema\/logo\/image\/","url":"https:\/\/www.kostuemebreuer.de\/english\/wp-content\/uploads\/sites\/6\/logo.svg","contentUrl":"https:\/\/www.kostuemebreuer.de\/english\/wp-content\/uploads\/sites\/6\/logo.svg","caption":"Kost\u00fcme Breuer in M\u00fcnchen"},"image":{"@id":"https:\/\/www.kostuemebreuer.de\/english\/#\/schema\/logo\/image\/"},"sameAs":["https:\/\/www.facebook.com\/Kostuemebreuer\/?locale=de_DE","https:\/\/www.instagram.com\/kostuemebreuer\/"]}]}},"acf":[],"_links":{"self":[{"href":"https:\/\/www.kostuemebreuer.de\/english\/wp-json\/wp\/v2\/product\/19472","targetHints":{"allow":["GET"]}}],"collection":[{"href":"https:\/\/www.kostuemebreuer.de\/english\/wp-json\/wp\/v2\/product"}],"about":[{"href":"https:\/\/www.kostuemebreuer.de\/english\/wp-json\/wp\/v2\/types\/product"}],"wp:featuredmedia":[{"embeddable":true,"href":"https:\/\/www.kostuemebreuer.de\/english\/wp-json\/wp\/v2\/media\/19473"}],"wp:attachment":[{"href":"https:\/\/www.kostuemebreuer.de\/english\/wp-json\/wp\/v2\/media?parent=19472"}],"wp:term":[{"taxonomy":"product_brand","embeddable":true,"href":"https:\/\/www.kostuemebreuer.de\/english\/wp-json\/wp\/v2\/product_brand?post=19472"},{"taxonomy":"product_cat","embeddable":true,"href":"https:\/\/www.kostuemebreuer.de\/english\/wp-json\/wp\/v2\/product_cat?post=19472"},{"taxonomy":"product_tag","embeddable":true,"href":"https:\/\/www.kostuemebreuer.de\/english\/wp-json\/wp\/v2\/product_tag?post=19472"}],"curies":[{"name":"wp","href":"https:\/\/api.w.org\/{rel}","templated":true}]}}