{"id":19353,"date":"2019-12-12T17:19:13","date_gmt":"2019-12-12T15:19:13","guid":{"rendered":"https:\/\/www.kostuemverleih.com\/?post_type=product&#038;p=19353"},"modified":"2023-12-02T06:04:00","modified_gmt":"2023-12-02T04:04:00","slug":"schmetterling-mit-tuellrock","status":"publish","type":"product","link":"https:\/\/www.kostuemebreuer.de\/english\/produkt\/schmetterling-mit-tuellrock\/","title":{"rendered":"Schmetterling mit T\u00fcllrock Outfit (Overall, T\u00fcllrock, Fl\u00fcgel und G\u00fcrtel)"},"content":{"rendered":"<p>Schmetterling mit T\u00fcllrock Outfit bestehend aus einem Overall, T\u00fcllrock, Fl\u00fcgeln und G\u00fcrtel.<\/p>\n","protected":false},"excerpt":{"rendered":"<p>Schmetterling mit T\u00fcllrock Outfit bestehend aus einem Overall, T\u00fcllrock, Fl\u00fcgeln und G\u00fcrtel.<\/p>\n<p>Per\u00fccke (Kauf) kann separat dazu gebucht werden.<\/p>\n","protected":false},"featured_media":19354,"template":"","meta":{"_acf_changed":false},"product_brand":[],"product_cat":[125,29],"product_tag":[53,461],"class_list":{"0":"post-19353","1":"product","2":"type-product","3":"status-publish","4":"has-post-thumbnail","6":"product_cat-kleider","7":"product_cat-kostueme","8":"product_tag-blau","9":"product_tag-tiere-fruechte","10":"infinite-scroll-item","12":"first","13":"instock","14":"taxable","15":"shipping-taxable","16":"purchasable","17":"product-type-simple"},"yoast_head":"<!-- This site is optimized with the Yoast SEO plugin v27.2 - https:\/\/yoast.com\/product\/yoast-seo-wordpress\/ -->\n<title>Schmetterling mit T\u00fcllrock Outfit (Overall, T\u00fcllrock, Fl\u00fcgel und G\u00fcrtel) - Costumes Breuer<\/title>\n<meta name=\"description\" content=\"Schmetterling mit T\u00fcllrock Outfit bestehend aus einem Overall, T\u00fcllrock, Fl\u00fcgeln und G\u00fcrtel. Per\u00fccke (Kauf) kann separat dazu gebucht werden.\" \/>\n<meta name=\"robots\" content=\"index, follow, max-snippet:-1, max-image-preview:large, max-video-preview:-1\" \/>\n<link rel=\"canonical\" href=\"https:\/\/www.kostuemebreuer.de\/english\/produkt\/schmetterling-mit-tuellrock\/\" \/>\n<meta property=\"og:locale\" content=\"en_GB\" \/>\n<meta property=\"og:type\" content=\"article\" \/>\n<meta property=\"og:title\" content=\"Schmetterling mit T\u00fcllrock Outfit (Overall, T\u00fcllrock, Fl\u00fcgel und G\u00fcrtel) - Costumes Breuer\" \/>\n<meta property=\"og:description\" content=\"Schmetterling mit T\u00fcllrock Outfit bestehend aus einem Overall, T\u00fcllrock, Fl\u00fcgeln und G\u00fcrtel. Per\u00fccke (Kauf) kann separat dazu gebucht werden.\" \/>\n<meta property=\"og:url\" content=\"https:\/\/www.kostuemebreuer.de\/english\/produkt\/schmetterling-mit-tuellrock\/\" \/>\n<meta property=\"og:site_name\" content=\"Costumes Breuer\" \/>\n<meta property=\"article:publisher\" content=\"https:\/\/www.facebook.com\/Kostuemebreuer\/?locale=de_DE\" \/>\n<meta property=\"article:modified_time\" content=\"2023-12-02T04:04:00+00:00\" \/>\n<meta property=\"og:image\" content=\"https:\/\/www.kostuemebreuer.de\/english\/wp-content\/uploads\/sites\/6\/Schmetterling-T\u00fcllrock.jpg\" \/>\n\t<meta property=\"og:image:width\" content=\"540\" \/>\n\t<meta property=\"og:image:height\" content=\"960\" \/>\n\t<meta property=\"og:image:type\" content=\"image\/jpeg\" \/>\n<meta name=\"twitter:card\" content=\"summary_large_image\" \/>\n<script type=\"application\/ld+json\" class=\"yoast-schema-graph\">{\"@context\":\"https:\/\/schema.org\",\"@graph\":[{\"@type\":\"WebPage\",\"@id\":\"https:\/\/www.kostuemebreuer.de\/english\/produkt\/schmetterling-mit-tuellrock\/\",\"url\":\"https:\/\/www.kostuemebreuer.de\/english\/produkt\/schmetterling-mit-tuellrock\/\",\"name\":\"Schmetterling mit T\u00fcllrock Outfit (Overall, T\u00fcllrock, Fl\u00fcgel und G\u00fcrtel) - Costumes Breuer\",\"isPartOf\":{\"@id\":\"https:\/\/www.kostuemebreuer.de\/english\/#website\"},\"primaryImageOfPage\":{\"@id\":\"https:\/\/www.kostuemebreuer.de\/english\/produkt\/schmetterling-mit-tuellrock\/#primaryimage\"},\"image\":{\"@id\":\"https:\/\/www.kostuemebreuer.de\/english\/produkt\/schmetterling-mit-tuellrock\/#primaryimage\"},\"thumbnailUrl\":\"https:\/\/www.kostuemebreuer.de\/english\/wp-content\/uploads\/sites\/6\/Schmetterling-T\u00fcllrock.jpg\",\"datePublished\":\"2019-12-12T15:19:13+00:00\",\"dateModified\":\"2023-12-02T04:04:00+00:00\",\"description\":\"Schmetterling mit T\u00fcllrock Outfit bestehend aus einem Overall, T\u00fcllrock, Fl\u00fcgeln und G\u00fcrtel. Per\u00fccke (Kauf) kann separat dazu gebucht werden.\",\"breadcrumb\":{\"@id\":\"https:\/\/www.kostuemebreuer.de\/english\/produkt\/schmetterling-mit-tuellrock\/#breadcrumb\"},\"inLanguage\":\"en-GB\",\"potentialAction\":[{\"@type\":\"ReadAction\",\"target\":[\"https:\/\/www.kostuemebreuer.de\/english\/produkt\/schmetterling-mit-tuellrock\/\"]}]},{\"@type\":\"ImageObject\",\"inLanguage\":\"en-GB\",\"@id\":\"https:\/\/www.kostuemebreuer.de\/english\/produkt\/schmetterling-mit-tuellrock\/#primaryimage\",\"url\":\"https:\/\/www.kostuemebreuer.de\/english\/wp-content\/uploads\/sites\/6\/Schmetterling-T\u00fcllrock.jpg\",\"contentUrl\":\"https:\/\/www.kostuemebreuer.de\/english\/wp-content\/uploads\/sites\/6\/Schmetterling-T\u00fcllrock.jpg\",\"width\":540,\"height\":960},{\"@type\":\"BreadcrumbList\",\"@id\":\"https:\/\/www.kostuemebreuer.de\/english\/produkt\/schmetterling-mit-tuellrock\/#breadcrumb\",\"itemListElement\":[{\"@type\":\"ListItem\",\"position\":1,\"name\":\"Startseite\",\"item\":\"https:\/\/www.kostuemebreuer.de\/english\/\"},{\"@type\":\"ListItem\",\"position\":2,\"name\":\"Kost\u00fcme\",\"item\":\"https:\/\/www.kostuemebreuer.de\/english\/kostueme\/\"},{\"@type\":\"ListItem\",\"position\":3,\"name\":\"Schmetterling mit T\u00fcllrock Outfit (Overall, T\u00fcllrock, Fl\u00fcgel und G\u00fcrtel)\"}]},{\"@type\":\"WebSite\",\"@id\":\"https:\/\/www.kostuemebreuer.de\/english\/#website\",\"url\":\"https:\/\/www.kostuemebreuer.de\/english\/\",\"name\":\"Kost\u00fcme Breuer in M\u00fcnchen\",\"description\":\"Kost\u00fcmverleih\",\"publisher\":{\"@id\":\"https:\/\/www.kostuemebreuer.de\/english\/#organization\"},\"alternateName\":\"Kost\u00fcmverleih Breuer\",\"potentialAction\":[{\"@type\":\"SearchAction\",\"target\":{\"@type\":\"EntryPoint\",\"urlTemplate\":\"https:\/\/www.kostuemebreuer.de\/english\/?s={search_term_string}\"},\"query-input\":{\"@type\":\"PropertyValueSpecification\",\"valueRequired\":true,\"valueName\":\"search_term_string\"}}],\"inLanguage\":\"en-GB\"},{\"@type\":\"Organization\",\"@id\":\"https:\/\/www.kostuemebreuer.de\/english\/#organization\",\"name\":\"Kost\u00fcme Breuer in M\u00fcnchen\",\"url\":\"https:\/\/www.kostuemebreuer.de\/english\/\",\"logo\":{\"@type\":\"ImageObject\",\"inLanguage\":\"en-GB\",\"@id\":\"https:\/\/www.kostuemebreuer.de\/english\/#\/schema\/logo\/image\/\",\"url\":\"https:\/\/www.kostuemebreuer.de\/english\/wp-content\/uploads\/sites\/6\/logo.svg\",\"contentUrl\":\"https:\/\/www.kostuemebreuer.de\/english\/wp-content\/uploads\/sites\/6\/logo.svg\",\"caption\":\"Kost\u00fcme Breuer in M\u00fcnchen\"},\"image\":{\"@id\":\"https:\/\/www.kostuemebreuer.de\/english\/#\/schema\/logo\/image\/\"},\"sameAs\":[\"https:\/\/www.facebook.com\/Kostuemebreuer\/?locale=de_DE\",\"https:\/\/www.instagram.com\/kostuemebreuer\/\"]}]}<\/script>\n<!-- \/ Yoast SEO plugin. -->","yoast_head_json":{"title":"Schmetterling mit T\u00fcllrock Outfit (Overall, T\u00fcllrock, Fl\u00fcgel und G\u00fcrtel) - Costumes Breuer","description":"Schmetterling mit T\u00fcllrock Outfit bestehend aus einem Overall, T\u00fcllrock, Fl\u00fcgeln und G\u00fcrtel. Per\u00fccke (Kauf) kann separat dazu gebucht werden.","robots":{"index":"index","follow":"follow","max-snippet":"max-snippet:-1","max-image-preview":"max-image-preview:large","max-video-preview":"max-video-preview:-1"},"canonical":"https:\/\/www.kostuemebreuer.de\/english\/produkt\/schmetterling-mit-tuellrock\/","og_locale":"en_GB","og_type":"article","og_title":"Schmetterling mit T\u00fcllrock Outfit (Overall, T\u00fcllrock, Fl\u00fcgel und G\u00fcrtel) - Costumes Breuer","og_description":"Schmetterling mit T\u00fcllrock Outfit bestehend aus einem Overall, T\u00fcllrock, Fl\u00fcgeln und G\u00fcrtel. Per\u00fccke (Kauf) kann separat dazu gebucht werden.","og_url":"https:\/\/www.kostuemebreuer.de\/english\/produkt\/schmetterling-mit-tuellrock\/","og_site_name":"Costumes Breuer","article_publisher":"https:\/\/www.facebook.com\/Kostuemebreuer\/?locale=de_DE","article_modified_time":"2023-12-02T04:04:00+00:00","og_image":[{"width":540,"height":960,"url":"https:\/\/www.kostuemebreuer.de\/english\/wp-content\/uploads\/sites\/6\/Schmetterling-T\u00fcllrock.jpg","type":"image\/jpeg"}],"twitter_card":"summary_large_image","schema":{"@context":"https:\/\/schema.org","@graph":[{"@type":"WebPage","@id":"https:\/\/www.kostuemebreuer.de\/english\/produkt\/schmetterling-mit-tuellrock\/","url":"https:\/\/www.kostuemebreuer.de\/english\/produkt\/schmetterling-mit-tuellrock\/","name":"Schmetterling mit T\u00fcllrock Outfit (Overall, T\u00fcllrock, Fl\u00fcgel und G\u00fcrtel) - Costumes Breuer","isPartOf":{"@id":"https:\/\/www.kostuemebreuer.de\/english\/#website"},"primaryImageOfPage":{"@id":"https:\/\/www.kostuemebreuer.de\/english\/produkt\/schmetterling-mit-tuellrock\/#primaryimage"},"image":{"@id":"https:\/\/www.kostuemebreuer.de\/english\/produkt\/schmetterling-mit-tuellrock\/#primaryimage"},"thumbnailUrl":"https:\/\/www.kostuemebreuer.de\/english\/wp-content\/uploads\/sites\/6\/Schmetterling-T\u00fcllrock.jpg","datePublished":"2019-12-12T15:19:13+00:00","dateModified":"2023-12-02T04:04:00+00:00","description":"Schmetterling mit T\u00fcllrock Outfit bestehend aus einem Overall, T\u00fcllrock, Fl\u00fcgeln und G\u00fcrtel. Per\u00fccke (Kauf) kann separat dazu gebucht werden.","breadcrumb":{"@id":"https:\/\/www.kostuemebreuer.de\/english\/produkt\/schmetterling-mit-tuellrock\/#breadcrumb"},"inLanguage":"en-GB","potentialAction":[{"@type":"ReadAction","target":["https:\/\/www.kostuemebreuer.de\/english\/produkt\/schmetterling-mit-tuellrock\/"]}]},{"@type":"ImageObject","inLanguage":"en-GB","@id":"https:\/\/www.kostuemebreuer.de\/english\/produkt\/schmetterling-mit-tuellrock\/#primaryimage","url":"https:\/\/www.kostuemebreuer.de\/english\/wp-content\/uploads\/sites\/6\/Schmetterling-T\u00fcllrock.jpg","contentUrl":"https:\/\/www.kostuemebreuer.de\/english\/wp-content\/uploads\/sites\/6\/Schmetterling-T\u00fcllrock.jpg","width":540,"height":960},{"@type":"BreadcrumbList","@id":"https:\/\/www.kostuemebreuer.de\/english\/produkt\/schmetterling-mit-tuellrock\/#breadcrumb","itemListElement":[{"@type":"ListItem","position":1,"name":"Startseite","item":"https:\/\/www.kostuemebreuer.de\/english\/"},{"@type":"ListItem","position":2,"name":"Kost\u00fcme","item":"https:\/\/www.kostuemebreuer.de\/english\/kostueme\/"},{"@type":"ListItem","position":3,"name":"Schmetterling mit T\u00fcllrock Outfit (Overall, T\u00fcllrock, Fl\u00fcgel und G\u00fcrtel)"}]},{"@type":"WebSite","@id":"https:\/\/www.kostuemebreuer.de\/english\/#website","url":"https:\/\/www.kostuemebreuer.de\/english\/","name":"Kost\u00fcme Breuer in M\u00fcnchen","description":"Kost\u00fcmverleih","publisher":{"@id":"https:\/\/www.kostuemebreuer.de\/english\/#organization"},"alternateName":"Kost\u00fcmverleih Breuer","potentialAction":[{"@type":"SearchAction","target":{"@type":"EntryPoint","urlTemplate":"https:\/\/www.kostuemebreuer.de\/english\/?s={search_term_string}"},"query-input":{"@type":"PropertyValueSpecification","valueRequired":true,"valueName":"search_term_string"}}],"inLanguage":"en-GB"},{"@type":"Organization","@id":"https:\/\/www.kostuemebreuer.de\/english\/#organization","name":"Kost\u00fcme Breuer in M\u00fcnchen","url":"https:\/\/www.kostuemebreuer.de\/english\/","logo":{"@type":"ImageObject","inLanguage":"en-GB","@id":"https:\/\/www.kostuemebreuer.de\/english\/#\/schema\/logo\/image\/","url":"https:\/\/www.kostuemebreuer.de\/english\/wp-content\/uploads\/sites\/6\/logo.svg","contentUrl":"https:\/\/www.kostuemebreuer.de\/english\/wp-content\/uploads\/sites\/6\/logo.svg","caption":"Kost\u00fcme Breuer in M\u00fcnchen"},"image":{"@id":"https:\/\/www.kostuemebreuer.de\/english\/#\/schema\/logo\/image\/"},"sameAs":["https:\/\/www.facebook.com\/Kostuemebreuer\/?locale=de_DE","https:\/\/www.instagram.com\/kostuemebreuer\/"]}]}},"acf":[],"_links":{"self":[{"href":"https:\/\/www.kostuemebreuer.de\/english\/wp-json\/wp\/v2\/product\/19353","targetHints":{"allow":["GET"]}}],"collection":[{"href":"https:\/\/www.kostuemebreuer.de\/english\/wp-json\/wp\/v2\/product"}],"about":[{"href":"https:\/\/www.kostuemebreuer.de\/english\/wp-json\/wp\/v2\/types\/product"}],"wp:featuredmedia":[{"embeddable":true,"href":"https:\/\/www.kostuemebreuer.de\/english\/wp-json\/wp\/v2\/media\/19354"}],"wp:attachment":[{"href":"https:\/\/www.kostuemebreuer.de\/english\/wp-json\/wp\/v2\/media?parent=19353"}],"wp:term":[{"taxonomy":"product_brand","embeddable":true,"href":"https:\/\/www.kostuemebreuer.de\/english\/wp-json\/wp\/v2\/product_brand?post=19353"},{"taxonomy":"product_cat","embeddable":true,"href":"https:\/\/www.kostuemebreuer.de\/english\/wp-json\/wp\/v2\/product_cat?post=19353"},{"taxonomy":"product_tag","embeddable":true,"href":"https:\/\/www.kostuemebreuer.de\/english\/wp-json\/wp\/v2\/product_tag?post=19353"}],"curies":[{"name":"wp","href":"https:\/\/api.w.org\/{rel}","templated":true}]}}