{"id":18758,"date":"2019-05-23T12:04:54","date_gmt":"2019-05-23T10:04:54","guid":{"rendered":"https:\/\/www.kostuemverleih.com\/?post_type=product&#038;p=18758"},"modified":"2023-12-02T06:03:48","modified_gmt":"2023-12-02T04:03:48","slug":"krieger-fellmantel","status":"publish","type":"product","link":"https:\/\/www.kostuemebreuer.de\/english\/produkt\/krieger-fellmantel\/","title":{"rendered":"Krieger &#8211; Game of Thrones Outfit (Mantel, Weste und Handschuhe)"},"content":{"rendered":"<p>Krieger &#8211; Game of Thrones Outfit, bestehend aus einem schwarzen, l\u00e4ngeren Mantel, einer Lederweste und Handschuhen, wahlweise erweiterbar mit einer Kniebundhose und Fellstiefeln (Paket 2), sowie einem Fuchskragen, einem Schn\u00fcrhemd und einem Schwert. (Paket 3)<\/p>\n","protected":false},"excerpt":{"rendered":"<p>Krieger &#8211; Game of Thrones Outfit, bestehend aus einem schwarzen, l\u00e4ngeren Mantel, einer Lederweste und Handschuhen, wahlweise erweiterbar mit einer <strong>Kniebundhose und Fellstiefeln<\/strong> (Paket 2), sowie einem <strong>Fuchskragen, einem Schn\u00fcrhemd und einem Schwert<\/strong>. (Paket 3)<\/p>\n","protected":false},"featured_media":18759,"template":"","meta":{"_acf_changed":false},"product_brand":[],"product_cat":[29,74],"product_tag":[175,182,57],"class_list":{"0":"post-18758","1":"product","2":"type-product","3":"status-publish","4":"has-post-thumbnail","6":"product_cat-kostueme","7":"product_cat-umhaenge","8":"product_tag-helden","9":"product_tag-krieger-innen","10":"product_tag-stars","11":"product_shipping_class-versandklasse-2","12":"infinite-scroll-item","14":"first","15":"instock","16":"taxable","17":"shipping-taxable","18":"purchasable","19":"product-type-simple"},"yoast_head":"<!-- This site is optimized with the Yoast SEO plugin v27.2 - https:\/\/yoast.com\/product\/yoast-seo-wordpress\/ -->\n<title>Krieger - Game of Thrones Outfit (Mantel, Weste und Handschuhe) - Costumes Breuer<\/title>\n<meta name=\"description\" content=\"Krieger - Game of Thrones Outfit, bestehend aus einem schwarzen, l\u00e4ngeren Mantel, einer Lederweste und Handschuhen, wahlweise erweiterbar mit einer Kniebundhose und Fellstiefeln (Paket 2), sowie einem Fuchskragen, einem Schn\u00fcrhemd und einem Schwert. (Paket 3)\" \/>\n<meta name=\"robots\" content=\"index, follow, max-snippet:-1, max-image-preview:large, max-video-preview:-1\" \/>\n<link rel=\"canonical\" href=\"https:\/\/www.kostuemebreuer.de\/english\/produkt\/krieger-fellmantel\/\" \/>\n<meta property=\"og:locale\" content=\"en_GB\" \/>\n<meta property=\"og:type\" content=\"article\" \/>\n<meta property=\"og:title\" content=\"Krieger - Game of Thrones Outfit (Mantel, Weste und Handschuhe) - Costumes Breuer\" \/>\n<meta property=\"og:description\" content=\"Krieger - Game of Thrones Outfit, bestehend aus einem schwarzen, l\u00e4ngeren Mantel, einer Lederweste und Handschuhen, wahlweise erweiterbar mit einer Kniebundhose und Fellstiefeln (Paket 2), sowie einem Fuchskragen, einem Schn\u00fcrhemd und einem Schwert. (Paket 3)\" \/>\n<meta property=\"og:url\" content=\"https:\/\/www.kostuemebreuer.de\/english\/produkt\/krieger-fellmantel\/\" \/>\n<meta property=\"og:site_name\" content=\"Costumes Breuer\" \/>\n<meta property=\"article:publisher\" content=\"https:\/\/www.facebook.com\/Kostuemebreuer\/?locale=de_DE\" \/>\n<meta property=\"article:modified_time\" content=\"2023-12-02T04:03:48+00:00\" \/>\n<meta property=\"og:image\" content=\"https:\/\/www.kostuemebreuer.de\/english\/wp-content\/uploads\/sites\/6\/Krieger-mit-Fellmantel.jpg\" \/>\n\t<meta property=\"og:image:width\" content=\"540\" \/>\n\t<meta property=\"og:image:height\" content=\"960\" \/>\n\t<meta property=\"og:image:type\" content=\"image\/jpeg\" \/>\n<meta name=\"twitter:card\" content=\"summary_large_image\" \/>\n<script type=\"application\/ld+json\" class=\"yoast-schema-graph\">{\"@context\":\"https:\/\/schema.org\",\"@graph\":[{\"@type\":\"WebPage\",\"@id\":\"https:\/\/www.kostuemebreuer.de\/english\/produkt\/krieger-fellmantel\/\",\"url\":\"https:\/\/www.kostuemebreuer.de\/english\/produkt\/krieger-fellmantel\/\",\"name\":\"Krieger - Game of Thrones Outfit (Mantel, Weste und Handschuhe) - Costumes Breuer\",\"isPartOf\":{\"@id\":\"https:\/\/www.kostuemebreuer.de\/english\/#website\"},\"primaryImageOfPage\":{\"@id\":\"https:\/\/www.kostuemebreuer.de\/english\/produkt\/krieger-fellmantel\/#primaryimage\"},\"image\":{\"@id\":\"https:\/\/www.kostuemebreuer.de\/english\/produkt\/krieger-fellmantel\/#primaryimage\"},\"thumbnailUrl\":\"https:\/\/www.kostuemebreuer.de\/english\/wp-content\/uploads\/sites\/6\/Krieger-mit-Fellmantel.jpg\",\"datePublished\":\"2019-05-23T10:04:54+00:00\",\"dateModified\":\"2023-12-02T04:03:48+00:00\",\"description\":\"Krieger - Game of Thrones Outfit, bestehend aus einem schwarzen, l\u00e4ngeren Mantel, einer Lederweste und Handschuhen, wahlweise erweiterbar mit einer Kniebundhose und Fellstiefeln (Paket 2), sowie einem Fuchskragen, einem Schn\u00fcrhemd und einem Schwert. (Paket 3)\",\"breadcrumb\":{\"@id\":\"https:\/\/www.kostuemebreuer.de\/english\/produkt\/krieger-fellmantel\/#breadcrumb\"},\"inLanguage\":\"en-GB\",\"potentialAction\":[{\"@type\":\"ReadAction\",\"target\":[\"https:\/\/www.kostuemebreuer.de\/english\/produkt\/krieger-fellmantel\/\"]}]},{\"@type\":\"ImageObject\",\"inLanguage\":\"en-GB\",\"@id\":\"https:\/\/www.kostuemebreuer.de\/english\/produkt\/krieger-fellmantel\/#primaryimage\",\"url\":\"https:\/\/www.kostuemebreuer.de\/english\/wp-content\/uploads\/sites\/6\/Krieger-mit-Fellmantel.jpg\",\"contentUrl\":\"https:\/\/www.kostuemebreuer.de\/english\/wp-content\/uploads\/sites\/6\/Krieger-mit-Fellmantel.jpg\",\"width\":540,\"height\":960},{\"@type\":\"BreadcrumbList\",\"@id\":\"https:\/\/www.kostuemebreuer.de\/english\/produkt\/krieger-fellmantel\/#breadcrumb\",\"itemListElement\":[{\"@type\":\"ListItem\",\"position\":1,\"name\":\"Startseite\",\"item\":\"https:\/\/www.kostuemebreuer.de\/english\/\"},{\"@type\":\"ListItem\",\"position\":2,\"name\":\"Kost\u00fcme\",\"item\":\"https:\/\/www.kostuemebreuer.de\/english\/kostueme\/\"},{\"@type\":\"ListItem\",\"position\":3,\"name\":\"Krieger &#8211; Game of Thrones Outfit (Mantel, Weste und Handschuhe)\"}]},{\"@type\":\"WebSite\",\"@id\":\"https:\/\/www.kostuemebreuer.de\/english\/#website\",\"url\":\"https:\/\/www.kostuemebreuer.de\/english\/\",\"name\":\"Kost\u00fcme Breuer in M\u00fcnchen\",\"description\":\"Kost\u00fcmverleih\",\"publisher\":{\"@id\":\"https:\/\/www.kostuemebreuer.de\/english\/#organization\"},\"alternateName\":\"Kost\u00fcmverleih Breuer\",\"potentialAction\":[{\"@type\":\"SearchAction\",\"target\":{\"@type\":\"EntryPoint\",\"urlTemplate\":\"https:\/\/www.kostuemebreuer.de\/english\/?s={search_term_string}\"},\"query-input\":{\"@type\":\"PropertyValueSpecification\",\"valueRequired\":true,\"valueName\":\"search_term_string\"}}],\"inLanguage\":\"en-GB\"},{\"@type\":\"Organization\",\"@id\":\"https:\/\/www.kostuemebreuer.de\/english\/#organization\",\"name\":\"Kost\u00fcme Breuer in M\u00fcnchen\",\"url\":\"https:\/\/www.kostuemebreuer.de\/english\/\",\"logo\":{\"@type\":\"ImageObject\",\"inLanguage\":\"en-GB\",\"@id\":\"https:\/\/www.kostuemebreuer.de\/english\/#\/schema\/logo\/image\/\",\"url\":\"https:\/\/www.kostuemebreuer.de\/english\/wp-content\/uploads\/sites\/6\/logo.svg\",\"contentUrl\":\"https:\/\/www.kostuemebreuer.de\/english\/wp-content\/uploads\/sites\/6\/logo.svg\",\"caption\":\"Kost\u00fcme Breuer in M\u00fcnchen\"},\"image\":{\"@id\":\"https:\/\/www.kostuemebreuer.de\/english\/#\/schema\/logo\/image\/\"},\"sameAs\":[\"https:\/\/www.facebook.com\/Kostuemebreuer\/?locale=de_DE\",\"https:\/\/www.instagram.com\/kostuemebreuer\/\"]}]}<\/script>\n<!-- \/ Yoast SEO plugin. -->","yoast_head_json":{"title":"Krieger - Game of Thrones Outfit (Mantel, Weste und Handschuhe) - Costumes Breuer","description":"Krieger - Game of Thrones Outfit, bestehend aus einem schwarzen, l\u00e4ngeren Mantel, einer Lederweste und Handschuhen, wahlweise erweiterbar mit einer Kniebundhose und Fellstiefeln (Paket 2), sowie einem Fuchskragen, einem Schn\u00fcrhemd und einem Schwert. (Paket 3)","robots":{"index":"index","follow":"follow","max-snippet":"max-snippet:-1","max-image-preview":"max-image-preview:large","max-video-preview":"max-video-preview:-1"},"canonical":"https:\/\/www.kostuemebreuer.de\/english\/produkt\/krieger-fellmantel\/","og_locale":"en_GB","og_type":"article","og_title":"Krieger - Game of Thrones Outfit (Mantel, Weste und Handschuhe) - Costumes Breuer","og_description":"Krieger - Game of Thrones Outfit, bestehend aus einem schwarzen, l\u00e4ngeren Mantel, einer Lederweste und Handschuhen, wahlweise erweiterbar mit einer Kniebundhose und Fellstiefeln (Paket 2), sowie einem Fuchskragen, einem Schn\u00fcrhemd und einem Schwert. (Paket 3)","og_url":"https:\/\/www.kostuemebreuer.de\/english\/produkt\/krieger-fellmantel\/","og_site_name":"Costumes Breuer","article_publisher":"https:\/\/www.facebook.com\/Kostuemebreuer\/?locale=de_DE","article_modified_time":"2023-12-02T04:03:48+00:00","og_image":[{"width":540,"height":960,"url":"https:\/\/www.kostuemebreuer.de\/english\/wp-content\/uploads\/sites\/6\/Krieger-mit-Fellmantel.jpg","type":"image\/jpeg"}],"twitter_card":"summary_large_image","schema":{"@context":"https:\/\/schema.org","@graph":[{"@type":"WebPage","@id":"https:\/\/www.kostuemebreuer.de\/english\/produkt\/krieger-fellmantel\/","url":"https:\/\/www.kostuemebreuer.de\/english\/produkt\/krieger-fellmantel\/","name":"Krieger - Game of Thrones Outfit (Mantel, Weste und Handschuhe) - Costumes Breuer","isPartOf":{"@id":"https:\/\/www.kostuemebreuer.de\/english\/#website"},"primaryImageOfPage":{"@id":"https:\/\/www.kostuemebreuer.de\/english\/produkt\/krieger-fellmantel\/#primaryimage"},"image":{"@id":"https:\/\/www.kostuemebreuer.de\/english\/produkt\/krieger-fellmantel\/#primaryimage"},"thumbnailUrl":"https:\/\/www.kostuemebreuer.de\/english\/wp-content\/uploads\/sites\/6\/Krieger-mit-Fellmantel.jpg","datePublished":"2019-05-23T10:04:54+00:00","dateModified":"2023-12-02T04:03:48+00:00","description":"Krieger - Game of Thrones Outfit, bestehend aus einem schwarzen, l\u00e4ngeren Mantel, einer Lederweste und Handschuhen, wahlweise erweiterbar mit einer Kniebundhose und Fellstiefeln (Paket 2), sowie einem Fuchskragen, einem Schn\u00fcrhemd und einem Schwert. (Paket 3)","breadcrumb":{"@id":"https:\/\/www.kostuemebreuer.de\/english\/produkt\/krieger-fellmantel\/#breadcrumb"},"inLanguage":"en-GB","potentialAction":[{"@type":"ReadAction","target":["https:\/\/www.kostuemebreuer.de\/english\/produkt\/krieger-fellmantel\/"]}]},{"@type":"ImageObject","inLanguage":"en-GB","@id":"https:\/\/www.kostuemebreuer.de\/english\/produkt\/krieger-fellmantel\/#primaryimage","url":"https:\/\/www.kostuemebreuer.de\/english\/wp-content\/uploads\/sites\/6\/Krieger-mit-Fellmantel.jpg","contentUrl":"https:\/\/www.kostuemebreuer.de\/english\/wp-content\/uploads\/sites\/6\/Krieger-mit-Fellmantel.jpg","width":540,"height":960},{"@type":"BreadcrumbList","@id":"https:\/\/www.kostuemebreuer.de\/english\/produkt\/krieger-fellmantel\/#breadcrumb","itemListElement":[{"@type":"ListItem","position":1,"name":"Startseite","item":"https:\/\/www.kostuemebreuer.de\/english\/"},{"@type":"ListItem","position":2,"name":"Kost\u00fcme","item":"https:\/\/www.kostuemebreuer.de\/english\/kostueme\/"},{"@type":"ListItem","position":3,"name":"Krieger &#8211; Game of Thrones Outfit (Mantel, Weste und Handschuhe)"}]},{"@type":"WebSite","@id":"https:\/\/www.kostuemebreuer.de\/english\/#website","url":"https:\/\/www.kostuemebreuer.de\/english\/","name":"Kost\u00fcme Breuer in M\u00fcnchen","description":"Kost\u00fcmverleih","publisher":{"@id":"https:\/\/www.kostuemebreuer.de\/english\/#organization"},"alternateName":"Kost\u00fcmverleih Breuer","potentialAction":[{"@type":"SearchAction","target":{"@type":"EntryPoint","urlTemplate":"https:\/\/www.kostuemebreuer.de\/english\/?s={search_term_string}"},"query-input":{"@type":"PropertyValueSpecification","valueRequired":true,"valueName":"search_term_string"}}],"inLanguage":"en-GB"},{"@type":"Organization","@id":"https:\/\/www.kostuemebreuer.de\/english\/#organization","name":"Kost\u00fcme Breuer in M\u00fcnchen","url":"https:\/\/www.kostuemebreuer.de\/english\/","logo":{"@type":"ImageObject","inLanguage":"en-GB","@id":"https:\/\/www.kostuemebreuer.de\/english\/#\/schema\/logo\/image\/","url":"https:\/\/www.kostuemebreuer.de\/english\/wp-content\/uploads\/sites\/6\/logo.svg","contentUrl":"https:\/\/www.kostuemebreuer.de\/english\/wp-content\/uploads\/sites\/6\/logo.svg","caption":"Kost\u00fcme Breuer in M\u00fcnchen"},"image":{"@id":"https:\/\/www.kostuemebreuer.de\/english\/#\/schema\/logo\/image\/"},"sameAs":["https:\/\/www.facebook.com\/Kostuemebreuer\/?locale=de_DE","https:\/\/www.instagram.com\/kostuemebreuer\/"]}]}},"acf":[],"_links":{"self":[{"href":"https:\/\/www.kostuemebreuer.de\/english\/wp-json\/wp\/v2\/product\/18758","targetHints":{"allow":["GET"]}}],"collection":[{"href":"https:\/\/www.kostuemebreuer.de\/english\/wp-json\/wp\/v2\/product"}],"about":[{"href":"https:\/\/www.kostuemebreuer.de\/english\/wp-json\/wp\/v2\/types\/product"}],"wp:featuredmedia":[{"embeddable":true,"href":"https:\/\/www.kostuemebreuer.de\/english\/wp-json\/wp\/v2\/media\/18759"}],"wp:attachment":[{"href":"https:\/\/www.kostuemebreuer.de\/english\/wp-json\/wp\/v2\/media?parent=18758"}],"wp:term":[{"taxonomy":"product_brand","embeddable":true,"href":"https:\/\/www.kostuemebreuer.de\/english\/wp-json\/wp\/v2\/product_brand?post=18758"},{"taxonomy":"product_cat","embeddable":true,"href":"https:\/\/www.kostuemebreuer.de\/english\/wp-json\/wp\/v2\/product_cat?post=18758"},{"taxonomy":"product_tag","embeddable":true,"href":"https:\/\/www.kostuemebreuer.de\/english\/wp-json\/wp\/v2\/product_tag?post=18758"}],"curies":[{"name":"wp","href":"https:\/\/api.w.org\/{rel}","templated":true}]}}