{"id":18666,"date":"2019-04-24T12:48:00","date_gmt":"2019-04-24T10:48:00","guid":{"rendered":"https:\/\/www.kostuemverleih.com\/?post_type=product&#038;p=18666"},"modified":"2023-12-02T06:03:46","modified_gmt":"2023-12-02T04:03:46","slug":"gaeutschling","status":"publish","type":"product","link":"https:\/\/www.kostuemebreuer.de\/english\/produkt\/gaeutschling\/","title":{"rendered":"Gautschen \u2013 Packer \u2013 Mittelalter Outfit \u2013 Rot (Hemd und Barett)"},"content":{"rendered":"<p>Gautschen \u2013 Packer \u2013 Mittelalter Outfit, bestehend aus einem wei\u00dfen Schn\u00fcrhemd und Barett, wahlweise erweiterbar mit einer roten Weste und Schuhschleifen (Paket 2), sowie einer schwarzen Kniebundhose, Str\u00fcmpfen und Schuhen. (Paket 3)<\/p>\n","protected":false},"excerpt":{"rendered":"<p>Gautschen \u2013 Packer \u2013 Mittelalter Outfit, bestehend aus einem wei\u00dfen Schn\u00fcrhemd und Barett, wahlweise erweiterbar mit einer <strong>roten Weste und Schuhschleifen<\/strong> (Paket 2), sowie einer <strong>schwarzen Kniebundhose, Str\u00fcmpfen und Schuhen<\/strong>. (Paket 3)<\/p>\n","protected":false},"featured_media":18667,"template":"","meta":{"_acf_changed":false},"product_brand":[],"product_cat":[97,552],"product_tag":[170,63],"class_list":{"0":"post-18666","1":"product","2":"type-product","3":"status-publish","4":"has-post-thumbnail","6":"product_cat-fasching","7":"product_cat-miscellaneous","8":"product_tag-mittelalter","9":"product_tag-rot","10":"product_shipping_class-versandklasse-2","11":"infinite-scroll-item","13":"first","14":"instock","15":"taxable","16":"shipping-taxable","17":"purchasable","18":"product-type-simple"},"yoast_head":"<!-- This site is optimized with the Yoast SEO plugin v27.2 - https:\/\/yoast.com\/product\/yoast-seo-wordpress\/ -->\n<title>Gautschen \u2013 Packer \u2013 Mittelalter Outfit \u2013 Rot (Hemd und Barett) - Costumes Breuer<\/title>\n<meta name=\"description\" content=\"Gautschen \u2013 Packer \u2013 Mittelalter Outfit, bestehend aus einem wei\u00dfen Schn\u00fcrhemd und Barett, wahlweise erweiterbar mit einer roten Weste und Schuhschleifen (Paket 2), sowie einer schwarzen Kniebundhose, Str\u00fcmpfen und Schuhen. (Paket 3)\" \/>\n<meta name=\"robots\" content=\"index, follow, max-snippet:-1, max-image-preview:large, max-video-preview:-1\" \/>\n<link rel=\"canonical\" href=\"https:\/\/www.kostuemebreuer.de\/english\/produkt\/gaeutschling\/\" \/>\n<meta property=\"og:locale\" content=\"en_GB\" \/>\n<meta property=\"og:type\" content=\"article\" \/>\n<meta property=\"og:title\" content=\"Gautschen \u2013 Packer \u2013 Mittelalter Outfit \u2013 Rot (Hemd und Barett) - Costumes Breuer\" \/>\n<meta property=\"og:description\" content=\"Gautschen \u2013 Packer \u2013 Mittelalter Outfit, bestehend aus einem wei\u00dfen Schn\u00fcrhemd und Barett, wahlweise erweiterbar mit einer roten Weste und Schuhschleifen (Paket 2), sowie einer schwarzen Kniebundhose, Str\u00fcmpfen und Schuhen. (Paket 3)\" \/>\n<meta property=\"og:url\" content=\"https:\/\/www.kostuemebreuer.de\/english\/produkt\/gaeutschling\/\" \/>\n<meta property=\"og:site_name\" content=\"Costumes Breuer\" \/>\n<meta property=\"article:publisher\" content=\"https:\/\/www.facebook.com\/Kostuemebreuer\/?locale=de_DE\" \/>\n<meta property=\"article:modified_time\" content=\"2023-12-02T04:03:46+00:00\" \/>\n<meta property=\"og:image\" content=\"https:\/\/www.kostuemebreuer.de\/english\/wp-content\/uploads\/sites\/6\/G\u00e4utschling.jpg\" \/>\n\t<meta property=\"og:image:width\" content=\"540\" \/>\n\t<meta property=\"og:image:height\" content=\"960\" \/>\n\t<meta property=\"og:image:type\" content=\"image\/jpeg\" \/>\n<meta name=\"twitter:card\" content=\"summary_large_image\" \/>\n<script type=\"application\/ld+json\" class=\"yoast-schema-graph\">{\"@context\":\"https:\/\/schema.org\",\"@graph\":[{\"@type\":\"WebPage\",\"@id\":\"https:\/\/www.kostuemebreuer.de\/english\/produkt\/gaeutschling\/\",\"url\":\"https:\/\/www.kostuemebreuer.de\/english\/produkt\/gaeutschling\/\",\"name\":\"Gautschen \u2013 Packer \u2013 Mittelalter Outfit \u2013 Rot (Hemd und Barett) - Costumes Breuer\",\"isPartOf\":{\"@id\":\"https:\/\/www.kostuemebreuer.de\/english\/#website\"},\"primaryImageOfPage\":{\"@id\":\"https:\/\/www.kostuemebreuer.de\/english\/produkt\/gaeutschling\/#primaryimage\"},\"image\":{\"@id\":\"https:\/\/www.kostuemebreuer.de\/english\/produkt\/gaeutschling\/#primaryimage\"},\"thumbnailUrl\":\"https:\/\/www.kostuemebreuer.de\/english\/wp-content\/uploads\/sites\/6\/G\u00e4utschling.jpg\",\"datePublished\":\"2019-04-24T10:48:00+00:00\",\"dateModified\":\"2023-12-02T04:03:46+00:00\",\"description\":\"Gautschen \u2013 Packer \u2013 Mittelalter Outfit, bestehend aus einem wei\u00dfen Schn\u00fcrhemd und Barett, wahlweise erweiterbar mit einer roten Weste und Schuhschleifen (Paket 2), sowie einer schwarzen Kniebundhose, Str\u00fcmpfen und Schuhen. (Paket 3)\",\"breadcrumb\":{\"@id\":\"https:\/\/www.kostuemebreuer.de\/english\/produkt\/gaeutschling\/#breadcrumb\"},\"inLanguage\":\"en-GB\",\"potentialAction\":[{\"@type\":\"ReadAction\",\"target\":[\"https:\/\/www.kostuemebreuer.de\/english\/produkt\/gaeutschling\/\"]}]},{\"@type\":\"ImageObject\",\"inLanguage\":\"en-GB\",\"@id\":\"https:\/\/www.kostuemebreuer.de\/english\/produkt\/gaeutschling\/#primaryimage\",\"url\":\"https:\/\/www.kostuemebreuer.de\/english\/wp-content\/uploads\/sites\/6\/G\u00e4utschling.jpg\",\"contentUrl\":\"https:\/\/www.kostuemebreuer.de\/english\/wp-content\/uploads\/sites\/6\/G\u00e4utschling.jpg\",\"width\":540,\"height\":960},{\"@type\":\"BreadcrumbList\",\"@id\":\"https:\/\/www.kostuemebreuer.de\/english\/produkt\/gaeutschling\/#breadcrumb\",\"itemListElement\":[{\"@type\":\"ListItem\",\"position\":1,\"name\":\"Startseite\",\"item\":\"https:\/\/www.kostuemebreuer.de\/english\/\"},{\"@type\":\"ListItem\",\"position\":2,\"name\":\"Kost\u00fcme\",\"item\":\"https:\/\/www.kostuemebreuer.de\/english\/kostueme\/\"},{\"@type\":\"ListItem\",\"position\":3,\"name\":\"Gautschen \u2013 Packer \u2013 Mittelalter Outfit \u2013 Rot (Hemd und Barett)\"}]},{\"@type\":\"WebSite\",\"@id\":\"https:\/\/www.kostuemebreuer.de\/english\/#website\",\"url\":\"https:\/\/www.kostuemebreuer.de\/english\/\",\"name\":\"Kost\u00fcme Breuer in M\u00fcnchen\",\"description\":\"Kost\u00fcmverleih\",\"publisher\":{\"@id\":\"https:\/\/www.kostuemebreuer.de\/english\/#organization\"},\"alternateName\":\"Kost\u00fcmverleih Breuer\",\"potentialAction\":[{\"@type\":\"SearchAction\",\"target\":{\"@type\":\"EntryPoint\",\"urlTemplate\":\"https:\/\/www.kostuemebreuer.de\/english\/?s={search_term_string}\"},\"query-input\":{\"@type\":\"PropertyValueSpecification\",\"valueRequired\":true,\"valueName\":\"search_term_string\"}}],\"inLanguage\":\"en-GB\"},{\"@type\":\"Organization\",\"@id\":\"https:\/\/www.kostuemebreuer.de\/english\/#organization\",\"name\":\"Kost\u00fcme Breuer in M\u00fcnchen\",\"url\":\"https:\/\/www.kostuemebreuer.de\/english\/\",\"logo\":{\"@type\":\"ImageObject\",\"inLanguage\":\"en-GB\",\"@id\":\"https:\/\/www.kostuemebreuer.de\/english\/#\/schema\/logo\/image\/\",\"url\":\"https:\/\/www.kostuemebreuer.de\/english\/wp-content\/uploads\/sites\/6\/logo.svg\",\"contentUrl\":\"https:\/\/www.kostuemebreuer.de\/english\/wp-content\/uploads\/sites\/6\/logo.svg\",\"caption\":\"Kost\u00fcme Breuer in M\u00fcnchen\"},\"image\":{\"@id\":\"https:\/\/www.kostuemebreuer.de\/english\/#\/schema\/logo\/image\/\"},\"sameAs\":[\"https:\/\/www.facebook.com\/Kostuemebreuer\/?locale=de_DE\",\"https:\/\/www.instagram.com\/kostuemebreuer\/\"]}]}<\/script>\n<!-- \/ Yoast SEO plugin. -->","yoast_head_json":{"title":"Gautschen \u2013 Packer \u2013 Mittelalter Outfit \u2013 Rot (Hemd und Barett) - Costumes Breuer","description":"Gautschen \u2013 Packer \u2013 Mittelalter Outfit, bestehend aus einem wei\u00dfen Schn\u00fcrhemd und Barett, wahlweise erweiterbar mit einer roten Weste und Schuhschleifen (Paket 2), sowie einer schwarzen Kniebundhose, Str\u00fcmpfen und Schuhen. (Paket 3)","robots":{"index":"index","follow":"follow","max-snippet":"max-snippet:-1","max-image-preview":"max-image-preview:large","max-video-preview":"max-video-preview:-1"},"canonical":"https:\/\/www.kostuemebreuer.de\/english\/produkt\/gaeutschling\/","og_locale":"en_GB","og_type":"article","og_title":"Gautschen \u2013 Packer \u2013 Mittelalter Outfit \u2013 Rot (Hemd und Barett) - Costumes Breuer","og_description":"Gautschen \u2013 Packer \u2013 Mittelalter Outfit, bestehend aus einem wei\u00dfen Schn\u00fcrhemd und Barett, wahlweise erweiterbar mit einer roten Weste und Schuhschleifen (Paket 2), sowie einer schwarzen Kniebundhose, Str\u00fcmpfen und Schuhen. (Paket 3)","og_url":"https:\/\/www.kostuemebreuer.de\/english\/produkt\/gaeutschling\/","og_site_name":"Costumes Breuer","article_publisher":"https:\/\/www.facebook.com\/Kostuemebreuer\/?locale=de_DE","article_modified_time":"2023-12-02T04:03:46+00:00","og_image":[{"width":540,"height":960,"url":"https:\/\/www.kostuemebreuer.de\/english\/wp-content\/uploads\/sites\/6\/G\u00e4utschling.jpg","type":"image\/jpeg"}],"twitter_card":"summary_large_image","schema":{"@context":"https:\/\/schema.org","@graph":[{"@type":"WebPage","@id":"https:\/\/www.kostuemebreuer.de\/english\/produkt\/gaeutschling\/","url":"https:\/\/www.kostuemebreuer.de\/english\/produkt\/gaeutschling\/","name":"Gautschen \u2013 Packer \u2013 Mittelalter Outfit \u2013 Rot (Hemd und Barett) - Costumes Breuer","isPartOf":{"@id":"https:\/\/www.kostuemebreuer.de\/english\/#website"},"primaryImageOfPage":{"@id":"https:\/\/www.kostuemebreuer.de\/english\/produkt\/gaeutschling\/#primaryimage"},"image":{"@id":"https:\/\/www.kostuemebreuer.de\/english\/produkt\/gaeutschling\/#primaryimage"},"thumbnailUrl":"https:\/\/www.kostuemebreuer.de\/english\/wp-content\/uploads\/sites\/6\/G\u00e4utschling.jpg","datePublished":"2019-04-24T10:48:00+00:00","dateModified":"2023-12-02T04:03:46+00:00","description":"Gautschen \u2013 Packer \u2013 Mittelalter Outfit, bestehend aus einem wei\u00dfen Schn\u00fcrhemd und Barett, wahlweise erweiterbar mit einer roten Weste und Schuhschleifen (Paket 2), sowie einer schwarzen Kniebundhose, Str\u00fcmpfen und Schuhen. (Paket 3)","breadcrumb":{"@id":"https:\/\/www.kostuemebreuer.de\/english\/produkt\/gaeutschling\/#breadcrumb"},"inLanguage":"en-GB","potentialAction":[{"@type":"ReadAction","target":["https:\/\/www.kostuemebreuer.de\/english\/produkt\/gaeutschling\/"]}]},{"@type":"ImageObject","inLanguage":"en-GB","@id":"https:\/\/www.kostuemebreuer.de\/english\/produkt\/gaeutschling\/#primaryimage","url":"https:\/\/www.kostuemebreuer.de\/english\/wp-content\/uploads\/sites\/6\/G\u00e4utschling.jpg","contentUrl":"https:\/\/www.kostuemebreuer.de\/english\/wp-content\/uploads\/sites\/6\/G\u00e4utschling.jpg","width":540,"height":960},{"@type":"BreadcrumbList","@id":"https:\/\/www.kostuemebreuer.de\/english\/produkt\/gaeutschling\/#breadcrumb","itemListElement":[{"@type":"ListItem","position":1,"name":"Startseite","item":"https:\/\/www.kostuemebreuer.de\/english\/"},{"@type":"ListItem","position":2,"name":"Kost\u00fcme","item":"https:\/\/www.kostuemebreuer.de\/english\/kostueme\/"},{"@type":"ListItem","position":3,"name":"Gautschen \u2013 Packer \u2013 Mittelalter Outfit \u2013 Rot (Hemd und Barett)"}]},{"@type":"WebSite","@id":"https:\/\/www.kostuemebreuer.de\/english\/#website","url":"https:\/\/www.kostuemebreuer.de\/english\/","name":"Kost\u00fcme Breuer in M\u00fcnchen","description":"Kost\u00fcmverleih","publisher":{"@id":"https:\/\/www.kostuemebreuer.de\/english\/#organization"},"alternateName":"Kost\u00fcmverleih Breuer","potentialAction":[{"@type":"SearchAction","target":{"@type":"EntryPoint","urlTemplate":"https:\/\/www.kostuemebreuer.de\/english\/?s={search_term_string}"},"query-input":{"@type":"PropertyValueSpecification","valueRequired":true,"valueName":"search_term_string"}}],"inLanguage":"en-GB"},{"@type":"Organization","@id":"https:\/\/www.kostuemebreuer.de\/english\/#organization","name":"Kost\u00fcme Breuer in M\u00fcnchen","url":"https:\/\/www.kostuemebreuer.de\/english\/","logo":{"@type":"ImageObject","inLanguage":"en-GB","@id":"https:\/\/www.kostuemebreuer.de\/english\/#\/schema\/logo\/image\/","url":"https:\/\/www.kostuemebreuer.de\/english\/wp-content\/uploads\/sites\/6\/logo.svg","contentUrl":"https:\/\/www.kostuemebreuer.de\/english\/wp-content\/uploads\/sites\/6\/logo.svg","caption":"Kost\u00fcme Breuer in M\u00fcnchen"},"image":{"@id":"https:\/\/www.kostuemebreuer.de\/english\/#\/schema\/logo\/image\/"},"sameAs":["https:\/\/www.facebook.com\/Kostuemebreuer\/?locale=de_DE","https:\/\/www.instagram.com\/kostuemebreuer\/"]}]}},"acf":[],"_links":{"self":[{"href":"https:\/\/www.kostuemebreuer.de\/english\/wp-json\/wp\/v2\/product\/18666","targetHints":{"allow":["GET"]}}],"collection":[{"href":"https:\/\/www.kostuemebreuer.de\/english\/wp-json\/wp\/v2\/product"}],"about":[{"href":"https:\/\/www.kostuemebreuer.de\/english\/wp-json\/wp\/v2\/types\/product"}],"wp:featuredmedia":[{"embeddable":true,"href":"https:\/\/www.kostuemebreuer.de\/english\/wp-json\/wp\/v2\/media\/18667"}],"wp:attachment":[{"href":"https:\/\/www.kostuemebreuer.de\/english\/wp-json\/wp\/v2\/media?parent=18666"}],"wp:term":[{"taxonomy":"product_brand","embeddable":true,"href":"https:\/\/www.kostuemebreuer.de\/english\/wp-json\/wp\/v2\/product_brand?post=18666"},{"taxonomy":"product_cat","embeddable":true,"href":"https:\/\/www.kostuemebreuer.de\/english\/wp-json\/wp\/v2\/product_cat?post=18666"},{"taxonomy":"product_tag","embeddable":true,"href":"https:\/\/www.kostuemebreuer.de\/english\/wp-json\/wp\/v2\/product_tag?post=18666"}],"curies":[{"name":"wp","href":"https:\/\/api.w.org\/{rel}","templated":true}]}}