{"id":18624,"date":"2019-04-18T15:47:08","date_gmt":"2019-04-18T13:47:08","guid":{"rendered":"https:\/\/www.kostuemverleih.com\/?post_type=product&#038;p=18624"},"modified":"2023-12-02T06:03:42","modified_gmt":"2023-12-02T04:03:42","slug":"napoleonjacke-weiss-blau-rot","status":"publish","type":"product","link":"https:\/\/www.kostuemebreuer.de\/english\/produkt\/napoleonjacke-weiss-blau-rot\/","title":{"rendered":"Napoleon Outfit \u2013 Herren \u2013 Wei\u00df-Blau-Rot (Jacke und Epauletten)"},"content":{"rendered":"<p>Napoleon Outfit \u2013 Herren \u2013 Wei\u00df-Blau-Rot, bestehend aus einer Uniformjacke und Epauletten, wahlweise erweiterbar mit einer Weste und einem Zweispitz (Paket 2), sowie einer <strong>Kniebundhose, einer Weste, Hemd, einem Binder, Gamaschen und einer Sch\u00e4rpe<\/strong>. (Paket 3)<\/p>\n","protected":false},"excerpt":{"rendered":"<p>Napoleon Outfit \u2013 Herren \u2013 Wei\u00df-Blau-Rot, bestehend aus einer Uniformjacke und Epauletten, wahlweise erweiterbar mit einer Weste und einem Zweispitz (Paket 2), sowie einer <strong>Kniebundhose, einer Weste, Hemd, einem Binder, Gamaschen und einer Sch\u00e4rpe<\/strong>. (Paket 3)<\/p>\n","protected":false},"featured_media":18625,"template":"","meta":{"_acf_changed":false},"product_brand":[],"product_cat":[226,33,79,29],"product_tag":[488,73,25],"class_list":{"0":"post-18624","1":"product","2":"type-product","3":"status-publish","4":"has-post-thumbnail","6":"product_cat-aussergewoehnlichesherren","7":"product_cat-herrenmode","8":"product_cat-jacken","9":"product_cat-kostueme","10":"product_tag-empire","11":"product_tag-historische-persoenlichkeiten","12":"product_tag-uniformen","13":"product_shipping_class-versandklasse-2","14":"infinite-scroll-item","16":"first","17":"instock","18":"taxable","19":"shipping-taxable","20":"purchasable","21":"product-type-simple"},"yoast_head":"<!-- This site is optimized with the Yoast SEO plugin v27.2 - https:\/\/yoast.com\/product\/yoast-seo-wordpress\/ -->\n<title>Napoleon Outfit \u2013 Herren \u2013 Wei\u00df-Blau-Rot (Jacke und Epauletten) - Costumes Breuer<\/title>\n<meta name=\"description\" content=\"Napoleon Outfit \u2013 Herren \u2013 Wei\u00df-Blau-Rot, bestehend aus einer Uniformjacke und Epauletten, wahlweise erweiterbar mit einer Weste und einem Zweispitz (Paket 2), sowie einer Kniebundhose, einer Weste, Hemd, einem Binder, Gamaschen und einer Sch\u00e4rpe. (Paket 3)\" \/>\n<meta name=\"robots\" content=\"index, follow, max-snippet:-1, max-image-preview:large, max-video-preview:-1\" \/>\n<link rel=\"canonical\" href=\"https:\/\/www.kostuemebreuer.de\/english\/produkt\/napoleonjacke-weiss-blau-rot\/\" \/>\n<meta property=\"og:locale\" content=\"en_GB\" \/>\n<meta property=\"og:type\" content=\"article\" \/>\n<meta property=\"og:title\" content=\"Napoleon Outfit \u2013 Herren \u2013 Wei\u00df-Blau-Rot (Jacke und Epauletten) - Costumes Breuer\" \/>\n<meta property=\"og:description\" content=\"Napoleon Outfit \u2013 Herren \u2013 Wei\u00df-Blau-Rot, bestehend aus einer Uniformjacke und Epauletten, wahlweise erweiterbar mit einer Weste und einem Zweispitz (Paket 2), sowie einer Kniebundhose, einer Weste, Hemd, einem Binder, Gamaschen und einer Sch\u00e4rpe. (Paket 3)\" \/>\n<meta property=\"og:url\" content=\"https:\/\/www.kostuemebreuer.de\/english\/produkt\/napoleonjacke-weiss-blau-rot\/\" \/>\n<meta property=\"og:site_name\" content=\"Costumes Breuer\" \/>\n<meta property=\"article:publisher\" content=\"https:\/\/www.facebook.com\/Kostuemebreuer\/?locale=de_DE\" \/>\n<meta property=\"article:modified_time\" content=\"2023-12-02T04:03:42+00:00\" \/>\n<meta property=\"og:image\" content=\"https:\/\/www.kostuemebreuer.de\/english\/wp-content\/uploads\/sites\/6\/Napoleon-1.jpg\" \/>\n\t<meta property=\"og:image:width\" content=\"1559\" \/>\n\t<meta property=\"og:image:height\" content=\"2772\" \/>\n\t<meta property=\"og:image:type\" content=\"image\/jpeg\" \/>\n<meta name=\"twitter:card\" content=\"summary_large_image\" \/>\n<script type=\"application\/ld+json\" class=\"yoast-schema-graph\">{\"@context\":\"https:\/\/schema.org\",\"@graph\":[{\"@type\":\"WebPage\",\"@id\":\"https:\/\/www.kostuemebreuer.de\/english\/produkt\/napoleonjacke-weiss-blau-rot\/\",\"url\":\"https:\/\/www.kostuemebreuer.de\/english\/produkt\/napoleonjacke-weiss-blau-rot\/\",\"name\":\"Napoleon Outfit \u2013 Herren \u2013 Wei\u00df-Blau-Rot (Jacke und Epauletten) - Costumes Breuer\",\"isPartOf\":{\"@id\":\"https:\/\/www.kostuemebreuer.de\/english\/#website\"},\"primaryImageOfPage\":{\"@id\":\"https:\/\/www.kostuemebreuer.de\/english\/produkt\/napoleonjacke-weiss-blau-rot\/#primaryimage\"},\"image\":{\"@id\":\"https:\/\/www.kostuemebreuer.de\/english\/produkt\/napoleonjacke-weiss-blau-rot\/#primaryimage\"},\"thumbnailUrl\":\"https:\/\/www.kostuemebreuer.de\/english\/wp-content\/uploads\/sites\/6\/Napoleon-1.jpg\",\"datePublished\":\"2019-04-18T13:47:08+00:00\",\"dateModified\":\"2023-12-02T04:03:42+00:00\",\"description\":\"Napoleon Outfit \u2013 Herren \u2013 Wei\u00df-Blau-Rot, bestehend aus einer Uniformjacke und Epauletten, wahlweise erweiterbar mit einer Weste und einem Zweispitz (Paket 2), sowie einer Kniebundhose, einer Weste, Hemd, einem Binder, Gamaschen und einer Sch\u00e4rpe. (Paket 3)\",\"breadcrumb\":{\"@id\":\"https:\/\/www.kostuemebreuer.de\/english\/produkt\/napoleonjacke-weiss-blau-rot\/#breadcrumb\"},\"inLanguage\":\"en-GB\",\"potentialAction\":[{\"@type\":\"ReadAction\",\"target\":[\"https:\/\/www.kostuemebreuer.de\/english\/produkt\/napoleonjacke-weiss-blau-rot\/\"]}]},{\"@type\":\"ImageObject\",\"inLanguage\":\"en-GB\",\"@id\":\"https:\/\/www.kostuemebreuer.de\/english\/produkt\/napoleonjacke-weiss-blau-rot\/#primaryimage\",\"url\":\"https:\/\/www.kostuemebreuer.de\/english\/wp-content\/uploads\/sites\/6\/Napoleon-1.jpg\",\"contentUrl\":\"https:\/\/www.kostuemebreuer.de\/english\/wp-content\/uploads\/sites\/6\/Napoleon-1.jpg\",\"width\":1559,\"height\":2772},{\"@type\":\"BreadcrumbList\",\"@id\":\"https:\/\/www.kostuemebreuer.de\/english\/produkt\/napoleonjacke-weiss-blau-rot\/#breadcrumb\",\"itemListElement\":[{\"@type\":\"ListItem\",\"position\":1,\"name\":\"Startseite\",\"item\":\"https:\/\/www.kostuemebreuer.de\/english\/\"},{\"@type\":\"ListItem\",\"position\":2,\"name\":\"Kost\u00fcme\",\"item\":\"https:\/\/www.kostuemebreuer.de\/english\/kostueme\/\"},{\"@type\":\"ListItem\",\"position\":3,\"name\":\"Napoleon Outfit \u2013 Herren \u2013 Wei\u00df-Blau-Rot (Jacke und Epauletten)\"}]},{\"@type\":\"WebSite\",\"@id\":\"https:\/\/www.kostuemebreuer.de\/english\/#website\",\"url\":\"https:\/\/www.kostuemebreuer.de\/english\/\",\"name\":\"Kost\u00fcme Breuer in M\u00fcnchen\",\"description\":\"Kost\u00fcmverleih\",\"publisher\":{\"@id\":\"https:\/\/www.kostuemebreuer.de\/english\/#organization\"},\"alternateName\":\"Kost\u00fcmverleih Breuer\",\"potentialAction\":[{\"@type\":\"SearchAction\",\"target\":{\"@type\":\"EntryPoint\",\"urlTemplate\":\"https:\/\/www.kostuemebreuer.de\/english\/?s={search_term_string}\"},\"query-input\":{\"@type\":\"PropertyValueSpecification\",\"valueRequired\":true,\"valueName\":\"search_term_string\"}}],\"inLanguage\":\"en-GB\"},{\"@type\":\"Organization\",\"@id\":\"https:\/\/www.kostuemebreuer.de\/english\/#organization\",\"name\":\"Kost\u00fcme Breuer in M\u00fcnchen\",\"url\":\"https:\/\/www.kostuemebreuer.de\/english\/\",\"logo\":{\"@type\":\"ImageObject\",\"inLanguage\":\"en-GB\",\"@id\":\"https:\/\/www.kostuemebreuer.de\/english\/#\/schema\/logo\/image\/\",\"url\":\"https:\/\/www.kostuemebreuer.de\/english\/wp-content\/uploads\/sites\/6\/logo.svg\",\"contentUrl\":\"https:\/\/www.kostuemebreuer.de\/english\/wp-content\/uploads\/sites\/6\/logo.svg\",\"caption\":\"Kost\u00fcme Breuer in M\u00fcnchen\"},\"image\":{\"@id\":\"https:\/\/www.kostuemebreuer.de\/english\/#\/schema\/logo\/image\/\"},\"sameAs\":[\"https:\/\/www.facebook.com\/Kostuemebreuer\/?locale=de_DE\",\"https:\/\/www.instagram.com\/kostuemebreuer\/\"]}]}<\/script>\n<!-- \/ Yoast SEO plugin. -->","yoast_head_json":{"title":"Napoleon Outfit \u2013 Herren \u2013 Wei\u00df-Blau-Rot (Jacke und Epauletten) - Costumes Breuer","description":"Napoleon Outfit \u2013 Herren \u2013 Wei\u00df-Blau-Rot, bestehend aus einer Uniformjacke und Epauletten, wahlweise erweiterbar mit einer Weste und einem Zweispitz (Paket 2), sowie einer Kniebundhose, einer Weste, Hemd, einem Binder, Gamaschen und einer Sch\u00e4rpe. (Paket 3)","robots":{"index":"index","follow":"follow","max-snippet":"max-snippet:-1","max-image-preview":"max-image-preview:large","max-video-preview":"max-video-preview:-1"},"canonical":"https:\/\/www.kostuemebreuer.de\/english\/produkt\/napoleonjacke-weiss-blau-rot\/","og_locale":"en_GB","og_type":"article","og_title":"Napoleon Outfit \u2013 Herren \u2013 Wei\u00df-Blau-Rot (Jacke und Epauletten) - Costumes Breuer","og_description":"Napoleon Outfit \u2013 Herren \u2013 Wei\u00df-Blau-Rot, bestehend aus einer Uniformjacke und Epauletten, wahlweise erweiterbar mit einer Weste und einem Zweispitz (Paket 2), sowie einer Kniebundhose, einer Weste, Hemd, einem Binder, Gamaschen und einer Sch\u00e4rpe. (Paket 3)","og_url":"https:\/\/www.kostuemebreuer.de\/english\/produkt\/napoleonjacke-weiss-blau-rot\/","og_site_name":"Costumes Breuer","article_publisher":"https:\/\/www.facebook.com\/Kostuemebreuer\/?locale=de_DE","article_modified_time":"2023-12-02T04:03:42+00:00","og_image":[{"width":1559,"height":2772,"url":"https:\/\/www.kostuemebreuer.de\/english\/wp-content\/uploads\/sites\/6\/Napoleon-1.jpg","type":"image\/jpeg"}],"twitter_card":"summary_large_image","schema":{"@context":"https:\/\/schema.org","@graph":[{"@type":"WebPage","@id":"https:\/\/www.kostuemebreuer.de\/english\/produkt\/napoleonjacke-weiss-blau-rot\/","url":"https:\/\/www.kostuemebreuer.de\/english\/produkt\/napoleonjacke-weiss-blau-rot\/","name":"Napoleon Outfit \u2013 Herren \u2013 Wei\u00df-Blau-Rot (Jacke und Epauletten) - Costumes Breuer","isPartOf":{"@id":"https:\/\/www.kostuemebreuer.de\/english\/#website"},"primaryImageOfPage":{"@id":"https:\/\/www.kostuemebreuer.de\/english\/produkt\/napoleonjacke-weiss-blau-rot\/#primaryimage"},"image":{"@id":"https:\/\/www.kostuemebreuer.de\/english\/produkt\/napoleonjacke-weiss-blau-rot\/#primaryimage"},"thumbnailUrl":"https:\/\/www.kostuemebreuer.de\/english\/wp-content\/uploads\/sites\/6\/Napoleon-1.jpg","datePublished":"2019-04-18T13:47:08+00:00","dateModified":"2023-12-02T04:03:42+00:00","description":"Napoleon Outfit \u2013 Herren \u2013 Wei\u00df-Blau-Rot, bestehend aus einer Uniformjacke und Epauletten, wahlweise erweiterbar mit einer Weste und einem Zweispitz (Paket 2), sowie einer Kniebundhose, einer Weste, Hemd, einem Binder, Gamaschen und einer Sch\u00e4rpe. (Paket 3)","breadcrumb":{"@id":"https:\/\/www.kostuemebreuer.de\/english\/produkt\/napoleonjacke-weiss-blau-rot\/#breadcrumb"},"inLanguage":"en-GB","potentialAction":[{"@type":"ReadAction","target":["https:\/\/www.kostuemebreuer.de\/english\/produkt\/napoleonjacke-weiss-blau-rot\/"]}]},{"@type":"ImageObject","inLanguage":"en-GB","@id":"https:\/\/www.kostuemebreuer.de\/english\/produkt\/napoleonjacke-weiss-blau-rot\/#primaryimage","url":"https:\/\/www.kostuemebreuer.de\/english\/wp-content\/uploads\/sites\/6\/Napoleon-1.jpg","contentUrl":"https:\/\/www.kostuemebreuer.de\/english\/wp-content\/uploads\/sites\/6\/Napoleon-1.jpg","width":1559,"height":2772},{"@type":"BreadcrumbList","@id":"https:\/\/www.kostuemebreuer.de\/english\/produkt\/napoleonjacke-weiss-blau-rot\/#breadcrumb","itemListElement":[{"@type":"ListItem","position":1,"name":"Startseite","item":"https:\/\/www.kostuemebreuer.de\/english\/"},{"@type":"ListItem","position":2,"name":"Kost\u00fcme","item":"https:\/\/www.kostuemebreuer.de\/english\/kostueme\/"},{"@type":"ListItem","position":3,"name":"Napoleon Outfit \u2013 Herren \u2013 Wei\u00df-Blau-Rot (Jacke und Epauletten)"}]},{"@type":"WebSite","@id":"https:\/\/www.kostuemebreuer.de\/english\/#website","url":"https:\/\/www.kostuemebreuer.de\/english\/","name":"Kost\u00fcme Breuer in M\u00fcnchen","description":"Kost\u00fcmverleih","publisher":{"@id":"https:\/\/www.kostuemebreuer.de\/english\/#organization"},"alternateName":"Kost\u00fcmverleih Breuer","potentialAction":[{"@type":"SearchAction","target":{"@type":"EntryPoint","urlTemplate":"https:\/\/www.kostuemebreuer.de\/english\/?s={search_term_string}"},"query-input":{"@type":"PropertyValueSpecification","valueRequired":true,"valueName":"search_term_string"}}],"inLanguage":"en-GB"},{"@type":"Organization","@id":"https:\/\/www.kostuemebreuer.de\/english\/#organization","name":"Kost\u00fcme Breuer in M\u00fcnchen","url":"https:\/\/www.kostuemebreuer.de\/english\/","logo":{"@type":"ImageObject","inLanguage":"en-GB","@id":"https:\/\/www.kostuemebreuer.de\/english\/#\/schema\/logo\/image\/","url":"https:\/\/www.kostuemebreuer.de\/english\/wp-content\/uploads\/sites\/6\/logo.svg","contentUrl":"https:\/\/www.kostuemebreuer.de\/english\/wp-content\/uploads\/sites\/6\/logo.svg","caption":"Kost\u00fcme Breuer in M\u00fcnchen"},"image":{"@id":"https:\/\/www.kostuemebreuer.de\/english\/#\/schema\/logo\/image\/"},"sameAs":["https:\/\/www.facebook.com\/Kostuemebreuer\/?locale=de_DE","https:\/\/www.instagram.com\/kostuemebreuer\/"]}]}},"acf":[],"_links":{"self":[{"href":"https:\/\/www.kostuemebreuer.de\/english\/wp-json\/wp\/v2\/product\/18624","targetHints":{"allow":["GET"]}}],"collection":[{"href":"https:\/\/www.kostuemebreuer.de\/english\/wp-json\/wp\/v2\/product"}],"about":[{"href":"https:\/\/www.kostuemebreuer.de\/english\/wp-json\/wp\/v2\/types\/product"}],"wp:featuredmedia":[{"embeddable":true,"href":"https:\/\/www.kostuemebreuer.de\/english\/wp-json\/wp\/v2\/media\/18625"}],"wp:attachment":[{"href":"https:\/\/www.kostuemebreuer.de\/english\/wp-json\/wp\/v2\/media?parent=18624"}],"wp:term":[{"taxonomy":"product_brand","embeddable":true,"href":"https:\/\/www.kostuemebreuer.de\/english\/wp-json\/wp\/v2\/product_brand?post=18624"},{"taxonomy":"product_cat","embeddable":true,"href":"https:\/\/www.kostuemebreuer.de\/english\/wp-json\/wp\/v2\/product_cat?post=18624"},{"taxonomy":"product_tag","embeddable":true,"href":"https:\/\/www.kostuemebreuer.de\/english\/wp-json\/wp\/v2\/product_tag?post=18624"}],"curies":[{"name":"wp","href":"https:\/\/api.w.org\/{rel}","templated":true}]}}