{"id":18542,"date":"2019-04-10T15:53:18","date_gmt":"2019-04-10T13:53:18","guid":{"rendered":"https:\/\/www.kostuemverleih.com\/?post_type=product&#038;p=18542"},"modified":"2023-12-02T06:03:41","modified_gmt":"2023-12-02T04:03:41","slug":"20er-jahre-nadelstreifenanzug-2","status":"publish","type":"product","link":"https:\/\/www.kostuemebreuer.de\/english\/produkt\/20er-jahre-nadelstreifenanzug-2\/","title":{"rendered":"20er Jahre \u2013 Pate \u2013 Mafiosi Outfit \u2013 Schwarz-Wei\u00df (Weste und Borsalino\/Hut)"},"content":{"rendered":"<p>20er Jahre \u2013 Pate \u2013 Mafiosi Outfit \u2013 Schwarz-Wei\u00df, bestehend aus einer Weste und aus einem Borsalino\/Hut, wahlweise erweiterbar mit einer Hose und einer wei\u00dfen Krawatte (Paket 2), sowie mit einer schwarzen Jacke mit Ansteckblume (Paket 3), als auch einem wei\u00dfen Hemd, Schuhen, Pistolengurt\u00a0 inkl. Pistole und einem Geigenkasten. (Paket 4)<\/p>\n","protected":false},"excerpt":{"rendered":"<p>20er Jahre \u2013 Pate \u2013 Mafiosi Outfit \u2013 Schwarz-Wei\u00df, bestehend aus einer Weste und aus einem Borsalino\/Hut, wahlweise erweiterbar mit einer <strong>Hose und einer wei\u00dfen Krawatte<\/strong> (Paket 2), sowie mit einer <strong>schwarzen Jacke mit Ansteckblume<\/strong> (Paket 3), als auch einem <strong>wei\u00dfen Hemd, Schuhen, Pistolengurt\u00a0 inkl. Pistole und einem Geigenkasten<\/strong>. (Paket 4)<\/p>\n","protected":false},"featured_media":18543,"template":"","meta":{"_acf_changed":false},"product_brand":[],"product_cat":[226,33],"product_tag":[455,640,639,42],"class_list":{"0":"post-18542","1":"product","2":"type-product","3":"status-publish","4":"has-post-thumbnail","6":"product_cat-aussergewoehnlichesherren","7":"product_cat-herrenmode","8":"product_tag-20er-jahre-charleston-cabaret-gatsby","9":"product_tag-mafiosi","10":"product_tag-pate","11":"product_tag-schwarz","12":"product_shipping_class-versandklasse-2","13":"infinite-scroll-item","15":"first","16":"instock","17":"taxable","18":"shipping-taxable","19":"purchasable","20":"product-type-simple"},"yoast_head":"<!-- This site is optimized with the Yoast SEO plugin v27.2 - https:\/\/yoast.com\/product\/yoast-seo-wordpress\/ -->\n<title>20er Jahre \u2013 Pate \u2013 Mafiosi Outfit \u2013 Schwarz-Wei\u00df (Weste und Borsalino\/Hut) - Costumes Breuer<\/title>\n<meta name=\"description\" content=\"20er Jahre \u2013 Pate \u2013 Mafiosi Outfit \u2013 Schwarz-Wei\u00df, bestehend aus einer Weste und aus einem Borsalino\/Hut, wahlweise erweiterbar mit einer Hose und einer wei\u00dfen Krawatte (Paket 2), sowie mit einer schwarzen Jacke mit Ansteckblume (Paket 3), als auch einem wei\u00dfen Hemd, Schuhen, Pistolengurt\u00a0 inkl. Pistole und einem Geigenkasten. (Paket 4)\" \/>\n<meta name=\"robots\" content=\"index, follow, max-snippet:-1, max-image-preview:large, max-video-preview:-1\" \/>\n<link rel=\"canonical\" href=\"https:\/\/www.kostuemebreuer.de\/english\/produkt\/20er-jahre-nadelstreifenanzug-2\/\" \/>\n<meta property=\"og:locale\" content=\"en_GB\" \/>\n<meta property=\"og:type\" content=\"article\" \/>\n<meta property=\"og:title\" content=\"20er Jahre \u2013 Pate \u2013 Mafiosi Outfit \u2013 Schwarz-Wei\u00df (Weste und Borsalino\/Hut) - Costumes Breuer\" \/>\n<meta property=\"og:description\" content=\"20er Jahre \u2013 Pate \u2013 Mafiosi Outfit \u2013 Schwarz-Wei\u00df, bestehend aus einer Weste und aus einem Borsalino\/Hut, wahlweise erweiterbar mit einer Hose und einer wei\u00dfen Krawatte (Paket 2), sowie mit einer schwarzen Jacke mit Ansteckblume (Paket 3), als auch einem wei\u00dfen Hemd, Schuhen, Pistolengurt\u00a0 inkl. Pistole und einem Geigenkasten. (Paket 4)\" \/>\n<meta property=\"og:url\" content=\"https:\/\/www.kostuemebreuer.de\/english\/produkt\/20er-jahre-nadelstreifenanzug-2\/\" \/>\n<meta property=\"og:site_name\" content=\"Costumes Breuer\" \/>\n<meta property=\"article:publisher\" content=\"https:\/\/www.facebook.com\/Kostuemebreuer\/?locale=de_DE\" \/>\n<meta property=\"article:modified_time\" content=\"2023-12-02T04:03:41+00:00\" \/>\n<meta property=\"og:image\" content=\"https:\/\/www.kostuemebreuer.de\/english\/wp-content\/uploads\/sites\/6\/20er-Jahre-Nadelstreifenanzug.jpg\" \/>\n\t<meta property=\"og:image:width\" content=\"540\" \/>\n\t<meta property=\"og:image:height\" content=\"960\" \/>\n\t<meta property=\"og:image:type\" content=\"image\/jpeg\" \/>\n<meta name=\"twitter:card\" content=\"summary_large_image\" \/>\n<script type=\"application\/ld+json\" class=\"yoast-schema-graph\">{\"@context\":\"https:\/\/schema.org\",\"@graph\":[{\"@type\":\"WebPage\",\"@id\":\"https:\/\/www.kostuemebreuer.de\/english\/produkt\/20er-jahre-nadelstreifenanzug-2\/\",\"url\":\"https:\/\/www.kostuemebreuer.de\/english\/produkt\/20er-jahre-nadelstreifenanzug-2\/\",\"name\":\"20er Jahre \u2013 Pate \u2013 Mafiosi Outfit \u2013 Schwarz-Wei\u00df (Weste und Borsalino\/Hut) - Costumes Breuer\",\"isPartOf\":{\"@id\":\"https:\/\/www.kostuemebreuer.de\/english\/#website\"},\"primaryImageOfPage\":{\"@id\":\"https:\/\/www.kostuemebreuer.de\/english\/produkt\/20er-jahre-nadelstreifenanzug-2\/#primaryimage\"},\"image\":{\"@id\":\"https:\/\/www.kostuemebreuer.de\/english\/produkt\/20er-jahre-nadelstreifenanzug-2\/#primaryimage\"},\"thumbnailUrl\":\"https:\/\/www.kostuemebreuer.de\/english\/wp-content\/uploads\/sites\/6\/20er-Jahre-Nadelstreifenanzug.jpg\",\"datePublished\":\"2019-04-10T13:53:18+00:00\",\"dateModified\":\"2023-12-02T04:03:41+00:00\",\"description\":\"20er Jahre \u2013 Pate \u2013 Mafiosi Outfit \u2013 Schwarz-Wei\u00df, bestehend aus einer Weste und aus einem Borsalino\/Hut, wahlweise erweiterbar mit einer Hose und einer wei\u00dfen Krawatte (Paket 2), sowie mit einer schwarzen Jacke mit Ansteckblume (Paket 3), als auch einem wei\u00dfen Hemd, Schuhen, Pistolengurt\u00a0 inkl. Pistole und einem Geigenkasten. (Paket 4)\",\"breadcrumb\":{\"@id\":\"https:\/\/www.kostuemebreuer.de\/english\/produkt\/20er-jahre-nadelstreifenanzug-2\/#breadcrumb\"},\"inLanguage\":\"en-GB\",\"potentialAction\":[{\"@type\":\"ReadAction\",\"target\":[\"https:\/\/www.kostuemebreuer.de\/english\/produkt\/20er-jahre-nadelstreifenanzug-2\/\"]}]},{\"@type\":\"ImageObject\",\"inLanguage\":\"en-GB\",\"@id\":\"https:\/\/www.kostuemebreuer.de\/english\/produkt\/20er-jahre-nadelstreifenanzug-2\/#primaryimage\",\"url\":\"https:\/\/www.kostuemebreuer.de\/english\/wp-content\/uploads\/sites\/6\/20er-Jahre-Nadelstreifenanzug.jpg\",\"contentUrl\":\"https:\/\/www.kostuemebreuer.de\/english\/wp-content\/uploads\/sites\/6\/20er-Jahre-Nadelstreifenanzug.jpg\",\"width\":540,\"height\":960},{\"@type\":\"BreadcrumbList\",\"@id\":\"https:\/\/www.kostuemebreuer.de\/english\/produkt\/20er-jahre-nadelstreifenanzug-2\/#breadcrumb\",\"itemListElement\":[{\"@type\":\"ListItem\",\"position\":1,\"name\":\"Startseite\",\"item\":\"https:\/\/www.kostuemebreuer.de\/english\/\"},{\"@type\":\"ListItem\",\"position\":2,\"name\":\"Kost\u00fcme\",\"item\":\"https:\/\/www.kostuemebreuer.de\/english\/kostueme\/\"},{\"@type\":\"ListItem\",\"position\":3,\"name\":\"20er Jahre \u2013 Pate \u2013 Mafiosi Outfit \u2013 Schwarz-Wei\u00df (Weste und Borsalino\/Hut)\"}]},{\"@type\":\"WebSite\",\"@id\":\"https:\/\/www.kostuemebreuer.de\/english\/#website\",\"url\":\"https:\/\/www.kostuemebreuer.de\/english\/\",\"name\":\"Kost\u00fcme Breuer in M\u00fcnchen\",\"description\":\"Kost\u00fcmverleih\",\"publisher\":{\"@id\":\"https:\/\/www.kostuemebreuer.de\/english\/#organization\"},\"alternateName\":\"Kost\u00fcmverleih Breuer\",\"potentialAction\":[{\"@type\":\"SearchAction\",\"target\":{\"@type\":\"EntryPoint\",\"urlTemplate\":\"https:\/\/www.kostuemebreuer.de\/english\/?s={search_term_string}\"},\"query-input\":{\"@type\":\"PropertyValueSpecification\",\"valueRequired\":true,\"valueName\":\"search_term_string\"}}],\"inLanguage\":\"en-GB\"},{\"@type\":\"Organization\",\"@id\":\"https:\/\/www.kostuemebreuer.de\/english\/#organization\",\"name\":\"Kost\u00fcme Breuer in M\u00fcnchen\",\"url\":\"https:\/\/www.kostuemebreuer.de\/english\/\",\"logo\":{\"@type\":\"ImageObject\",\"inLanguage\":\"en-GB\",\"@id\":\"https:\/\/www.kostuemebreuer.de\/english\/#\/schema\/logo\/image\/\",\"url\":\"https:\/\/www.kostuemebreuer.de\/english\/wp-content\/uploads\/sites\/6\/logo.svg\",\"contentUrl\":\"https:\/\/www.kostuemebreuer.de\/english\/wp-content\/uploads\/sites\/6\/logo.svg\",\"caption\":\"Kost\u00fcme Breuer in M\u00fcnchen\"},\"image\":{\"@id\":\"https:\/\/www.kostuemebreuer.de\/english\/#\/schema\/logo\/image\/\"},\"sameAs\":[\"https:\/\/www.facebook.com\/Kostuemebreuer\/?locale=de_DE\",\"https:\/\/www.instagram.com\/kostuemebreuer\/\"]}]}<\/script>\n<!-- \/ Yoast SEO plugin. -->","yoast_head_json":{"title":"20er Jahre \u2013 Pate \u2013 Mafiosi Outfit \u2013 Schwarz-Wei\u00df (Weste und Borsalino\/Hut) - Costumes Breuer","description":"20er Jahre \u2013 Pate \u2013 Mafiosi Outfit \u2013 Schwarz-Wei\u00df, bestehend aus einer Weste und aus einem Borsalino\/Hut, wahlweise erweiterbar mit einer Hose und einer wei\u00dfen Krawatte (Paket 2), sowie mit einer schwarzen Jacke mit Ansteckblume (Paket 3), als auch einem wei\u00dfen Hemd, Schuhen, Pistolengurt\u00a0 inkl. Pistole und einem Geigenkasten. (Paket 4)","robots":{"index":"index","follow":"follow","max-snippet":"max-snippet:-1","max-image-preview":"max-image-preview:large","max-video-preview":"max-video-preview:-1"},"canonical":"https:\/\/www.kostuemebreuer.de\/english\/produkt\/20er-jahre-nadelstreifenanzug-2\/","og_locale":"en_GB","og_type":"article","og_title":"20er Jahre \u2013 Pate \u2013 Mafiosi Outfit \u2013 Schwarz-Wei\u00df (Weste und Borsalino\/Hut) - Costumes Breuer","og_description":"20er Jahre \u2013 Pate \u2013 Mafiosi Outfit \u2013 Schwarz-Wei\u00df, bestehend aus einer Weste und aus einem Borsalino\/Hut, wahlweise erweiterbar mit einer Hose und einer wei\u00dfen Krawatte (Paket 2), sowie mit einer schwarzen Jacke mit Ansteckblume (Paket 3), als auch einem wei\u00dfen Hemd, Schuhen, Pistolengurt\u00a0 inkl. Pistole und einem Geigenkasten. (Paket 4)","og_url":"https:\/\/www.kostuemebreuer.de\/english\/produkt\/20er-jahre-nadelstreifenanzug-2\/","og_site_name":"Costumes Breuer","article_publisher":"https:\/\/www.facebook.com\/Kostuemebreuer\/?locale=de_DE","article_modified_time":"2023-12-02T04:03:41+00:00","og_image":[{"width":540,"height":960,"url":"https:\/\/www.kostuemebreuer.de\/english\/wp-content\/uploads\/sites\/6\/20er-Jahre-Nadelstreifenanzug.jpg","type":"image\/jpeg"}],"twitter_card":"summary_large_image","schema":{"@context":"https:\/\/schema.org","@graph":[{"@type":"WebPage","@id":"https:\/\/www.kostuemebreuer.de\/english\/produkt\/20er-jahre-nadelstreifenanzug-2\/","url":"https:\/\/www.kostuemebreuer.de\/english\/produkt\/20er-jahre-nadelstreifenanzug-2\/","name":"20er Jahre \u2013 Pate \u2013 Mafiosi Outfit \u2013 Schwarz-Wei\u00df (Weste und Borsalino\/Hut) - Costumes Breuer","isPartOf":{"@id":"https:\/\/www.kostuemebreuer.de\/english\/#website"},"primaryImageOfPage":{"@id":"https:\/\/www.kostuemebreuer.de\/english\/produkt\/20er-jahre-nadelstreifenanzug-2\/#primaryimage"},"image":{"@id":"https:\/\/www.kostuemebreuer.de\/english\/produkt\/20er-jahre-nadelstreifenanzug-2\/#primaryimage"},"thumbnailUrl":"https:\/\/www.kostuemebreuer.de\/english\/wp-content\/uploads\/sites\/6\/20er-Jahre-Nadelstreifenanzug.jpg","datePublished":"2019-04-10T13:53:18+00:00","dateModified":"2023-12-02T04:03:41+00:00","description":"20er Jahre \u2013 Pate \u2013 Mafiosi Outfit \u2013 Schwarz-Wei\u00df, bestehend aus einer Weste und aus einem Borsalino\/Hut, wahlweise erweiterbar mit einer Hose und einer wei\u00dfen Krawatte (Paket 2), sowie mit einer schwarzen Jacke mit Ansteckblume (Paket 3), als auch einem wei\u00dfen Hemd, Schuhen, Pistolengurt\u00a0 inkl. Pistole und einem Geigenkasten. (Paket 4)","breadcrumb":{"@id":"https:\/\/www.kostuemebreuer.de\/english\/produkt\/20er-jahre-nadelstreifenanzug-2\/#breadcrumb"},"inLanguage":"en-GB","potentialAction":[{"@type":"ReadAction","target":["https:\/\/www.kostuemebreuer.de\/english\/produkt\/20er-jahre-nadelstreifenanzug-2\/"]}]},{"@type":"ImageObject","inLanguage":"en-GB","@id":"https:\/\/www.kostuemebreuer.de\/english\/produkt\/20er-jahre-nadelstreifenanzug-2\/#primaryimage","url":"https:\/\/www.kostuemebreuer.de\/english\/wp-content\/uploads\/sites\/6\/20er-Jahre-Nadelstreifenanzug.jpg","contentUrl":"https:\/\/www.kostuemebreuer.de\/english\/wp-content\/uploads\/sites\/6\/20er-Jahre-Nadelstreifenanzug.jpg","width":540,"height":960},{"@type":"BreadcrumbList","@id":"https:\/\/www.kostuemebreuer.de\/english\/produkt\/20er-jahre-nadelstreifenanzug-2\/#breadcrumb","itemListElement":[{"@type":"ListItem","position":1,"name":"Startseite","item":"https:\/\/www.kostuemebreuer.de\/english\/"},{"@type":"ListItem","position":2,"name":"Kost\u00fcme","item":"https:\/\/www.kostuemebreuer.de\/english\/kostueme\/"},{"@type":"ListItem","position":3,"name":"20er Jahre \u2013 Pate \u2013 Mafiosi Outfit \u2013 Schwarz-Wei\u00df (Weste und Borsalino\/Hut)"}]},{"@type":"WebSite","@id":"https:\/\/www.kostuemebreuer.de\/english\/#website","url":"https:\/\/www.kostuemebreuer.de\/english\/","name":"Kost\u00fcme Breuer in M\u00fcnchen","description":"Kost\u00fcmverleih","publisher":{"@id":"https:\/\/www.kostuemebreuer.de\/english\/#organization"},"alternateName":"Kost\u00fcmverleih Breuer","potentialAction":[{"@type":"SearchAction","target":{"@type":"EntryPoint","urlTemplate":"https:\/\/www.kostuemebreuer.de\/english\/?s={search_term_string}"},"query-input":{"@type":"PropertyValueSpecification","valueRequired":true,"valueName":"search_term_string"}}],"inLanguage":"en-GB"},{"@type":"Organization","@id":"https:\/\/www.kostuemebreuer.de\/english\/#organization","name":"Kost\u00fcme Breuer in M\u00fcnchen","url":"https:\/\/www.kostuemebreuer.de\/english\/","logo":{"@type":"ImageObject","inLanguage":"en-GB","@id":"https:\/\/www.kostuemebreuer.de\/english\/#\/schema\/logo\/image\/","url":"https:\/\/www.kostuemebreuer.de\/english\/wp-content\/uploads\/sites\/6\/logo.svg","contentUrl":"https:\/\/www.kostuemebreuer.de\/english\/wp-content\/uploads\/sites\/6\/logo.svg","caption":"Kost\u00fcme Breuer in M\u00fcnchen"},"image":{"@id":"https:\/\/www.kostuemebreuer.de\/english\/#\/schema\/logo\/image\/"},"sameAs":["https:\/\/www.facebook.com\/Kostuemebreuer\/?locale=de_DE","https:\/\/www.instagram.com\/kostuemebreuer\/"]}]}},"acf":[],"_links":{"self":[{"href":"https:\/\/www.kostuemebreuer.de\/english\/wp-json\/wp\/v2\/product\/18542","targetHints":{"allow":["GET"]}}],"collection":[{"href":"https:\/\/www.kostuemebreuer.de\/english\/wp-json\/wp\/v2\/product"}],"about":[{"href":"https:\/\/www.kostuemebreuer.de\/english\/wp-json\/wp\/v2\/types\/product"}],"wp:featuredmedia":[{"embeddable":true,"href":"https:\/\/www.kostuemebreuer.de\/english\/wp-json\/wp\/v2\/media\/18543"}],"wp:attachment":[{"href":"https:\/\/www.kostuemebreuer.de\/english\/wp-json\/wp\/v2\/media?parent=18542"}],"wp:term":[{"taxonomy":"product_brand","embeddable":true,"href":"https:\/\/www.kostuemebreuer.de\/english\/wp-json\/wp\/v2\/product_brand?post=18542"},{"taxonomy":"product_cat","embeddable":true,"href":"https:\/\/www.kostuemebreuer.de\/english\/wp-json\/wp\/v2\/product_cat?post=18542"},{"taxonomy":"product_tag","embeddable":true,"href":"https:\/\/www.kostuemebreuer.de\/english\/wp-json\/wp\/v2\/product_tag?post=18542"}],"curies":[{"name":"wp","href":"https:\/\/api.w.org\/{rel}","templated":true}]}}