{"id":18516,"date":"2019-04-04T15:40:59","date_gmt":"2019-04-04T13:40:59","guid":{"rendered":"https:\/\/www.kostuemverleih.com\/?post_type=product&#038;p=18516"},"modified":"2023-12-02T06:03:39","modified_gmt":"2023-12-02T04:03:39","slug":"sherlock-holmes-jacke-kariert","status":"publish","type":"product","link":"https:\/\/www.kostuemebreuer.de\/english\/produkt\/sherlock-holmes-jacke-kariert\/","title":{"rendered":"Sherlock Holmes &#8211; Detektiv Outfit (Hemd und Binder)"},"content":{"rendered":"<p>Sherlock Holmes &#8211; Detektiv Outfit, bestehend aus einem wei\u00dfen Hemd und einem Binder, wahlweise erweiterbar mit einer schwarzen Hose und einer roten Weste (Paket 2), sowie einer schwarzen Melone, Pfeife und Handschuhe (Paket 3), als auch einem braun-beigen Gehrock mit zwei Schlie\u00dfkn\u00f6pfen und einer Reisetasche. (Paket 4)<\/p>\n<p>&nbsp;<\/p>\n<p>&nbsp;<\/p>\n","protected":false},"excerpt":{"rendered":"<p>Sherlock Holmes &#8211; Detektiv Outfit, bestehend aus einem wei\u00dfen Hemd und einem Binder, wahlweise erweiterbar mit einer <strong>schwarzen Hose und einer roten Weste<\/strong> (Paket 2), sowie einer <strong>schwarzen Melone, Pfeife und Handschuhe<\/strong> (Paket 3), als auch einem <strong>braun-beigen Gehrock mit zwei Schlie\u00dfkn\u00f6pfen und einer Reisetasche<\/strong>. (Paket 4)<\/p>\n","protected":false},"featured_media":18517,"template":"","meta":{"_acf_changed":false},"product_brand":[],"product_cat":[226,33],"product_tag":[73,118],"class_list":{"0":"post-18516","1":"product","2":"type-product","3":"status-publish","4":"has-post-thumbnail","6":"product_cat-aussergewoehnlichesherren","7":"product_cat-herrenmode","8":"product_tag-historische-persoenlichkeiten","9":"product_tag-jahrhundertwende","10":"product_shipping_class-versandklasse-2","11":"infinite-scroll-item","13":"first","14":"instock","15":"taxable","16":"shipping-taxable","17":"purchasable","18":"product-type-simple"},"yoast_head":"<!-- This site is optimized with the Yoast SEO plugin v27.2 - https:\/\/yoast.com\/product\/yoast-seo-wordpress\/ -->\n<title>Sherlock Holmes - Detektiv Outfit (Hemd und Binder) - Costumes Breuer<\/title>\n<meta name=\"description\" content=\"Sherlock Holmes - Detektiv Outfit, bestehend aus einem wei\u00dfen Hemd und einem Binder, wahlweise erweiterbar mit einer schwarzen Hose und einer roten Weste (Paket 2), sowie einer schwarzen Melone, Pfeife und Handschuhe (Paket 3), als auch einem braun-beigen Gehrock mit zwei Schlie\u00dfkn\u00f6pfen und einer Reisetasche. (Paket 4)\" \/>\n<meta name=\"robots\" content=\"index, follow, max-snippet:-1, max-image-preview:large, max-video-preview:-1\" \/>\n<link rel=\"canonical\" href=\"https:\/\/www.kostuemebreuer.de\/english\/produkt\/sherlock-holmes-jacke-kariert\/\" \/>\n<meta property=\"og:locale\" content=\"en_GB\" \/>\n<meta property=\"og:type\" content=\"article\" \/>\n<meta property=\"og:title\" content=\"Sherlock Holmes - Detektiv Outfit (Hemd und Binder) - Costumes Breuer\" \/>\n<meta property=\"og:description\" content=\"Sherlock Holmes - Detektiv Outfit, bestehend aus einem wei\u00dfen Hemd und einem Binder, wahlweise erweiterbar mit einer schwarzen Hose und einer roten Weste (Paket 2), sowie einer schwarzen Melone, Pfeife und Handschuhe (Paket 3), als auch einem braun-beigen Gehrock mit zwei Schlie\u00dfkn\u00f6pfen und einer Reisetasche. (Paket 4)\" \/>\n<meta property=\"og:url\" content=\"https:\/\/www.kostuemebreuer.de\/english\/produkt\/sherlock-holmes-jacke-kariert\/\" \/>\n<meta property=\"og:site_name\" content=\"Costumes Breuer\" \/>\n<meta property=\"article:publisher\" content=\"https:\/\/www.facebook.com\/Kostuemebreuer\/?locale=de_DE\" \/>\n<meta property=\"article:modified_time\" content=\"2023-12-02T04:03:39+00:00\" \/>\n<meta property=\"og:image\" content=\"https:\/\/www.kostuemebreuer.de\/english\/wp-content\/uploads\/sites\/6\/Jahrhundertwende-Gehrock-kariert-Sherlock.jpg\" \/>\n\t<meta property=\"og:image:width\" content=\"540\" \/>\n\t<meta property=\"og:image:height\" content=\"960\" \/>\n\t<meta property=\"og:image:type\" content=\"image\/jpeg\" \/>\n<meta name=\"twitter:card\" content=\"summary_large_image\" \/>\n<script type=\"application\/ld+json\" class=\"yoast-schema-graph\">{\"@context\":\"https:\/\/schema.org\",\"@graph\":[{\"@type\":\"WebPage\",\"@id\":\"https:\/\/www.kostuemebreuer.de\/english\/produkt\/sherlock-holmes-jacke-kariert\/\",\"url\":\"https:\/\/www.kostuemebreuer.de\/english\/produkt\/sherlock-holmes-jacke-kariert\/\",\"name\":\"Sherlock Holmes - Detektiv Outfit (Hemd und Binder) - Costumes Breuer\",\"isPartOf\":{\"@id\":\"https:\/\/www.kostuemebreuer.de\/english\/#website\"},\"primaryImageOfPage\":{\"@id\":\"https:\/\/www.kostuemebreuer.de\/english\/produkt\/sherlock-holmes-jacke-kariert\/#primaryimage\"},\"image\":{\"@id\":\"https:\/\/www.kostuemebreuer.de\/english\/produkt\/sherlock-holmes-jacke-kariert\/#primaryimage\"},\"thumbnailUrl\":\"https:\/\/www.kostuemebreuer.de\/english\/wp-content\/uploads\/sites\/6\/Jahrhundertwende-Gehrock-kariert-Sherlock.jpg\",\"datePublished\":\"2019-04-04T13:40:59+00:00\",\"dateModified\":\"2023-12-02T04:03:39+00:00\",\"description\":\"Sherlock Holmes - Detektiv Outfit, bestehend aus einem wei\u00dfen Hemd und einem Binder, wahlweise erweiterbar mit einer schwarzen Hose und einer roten Weste (Paket 2), sowie einer schwarzen Melone, Pfeife und Handschuhe (Paket 3), als auch einem braun-beigen Gehrock mit zwei Schlie\u00dfkn\u00f6pfen und einer Reisetasche. (Paket 4)\",\"breadcrumb\":{\"@id\":\"https:\/\/www.kostuemebreuer.de\/english\/produkt\/sherlock-holmes-jacke-kariert\/#breadcrumb\"},\"inLanguage\":\"en-GB\",\"potentialAction\":[{\"@type\":\"ReadAction\",\"target\":[\"https:\/\/www.kostuemebreuer.de\/english\/produkt\/sherlock-holmes-jacke-kariert\/\"]}]},{\"@type\":\"ImageObject\",\"inLanguage\":\"en-GB\",\"@id\":\"https:\/\/www.kostuemebreuer.de\/english\/produkt\/sherlock-holmes-jacke-kariert\/#primaryimage\",\"url\":\"https:\/\/www.kostuemebreuer.de\/english\/wp-content\/uploads\/sites\/6\/Jahrhundertwende-Gehrock-kariert-Sherlock.jpg\",\"contentUrl\":\"https:\/\/www.kostuemebreuer.de\/english\/wp-content\/uploads\/sites\/6\/Jahrhundertwende-Gehrock-kariert-Sherlock.jpg\",\"width\":540,\"height\":960},{\"@type\":\"BreadcrumbList\",\"@id\":\"https:\/\/www.kostuemebreuer.de\/english\/produkt\/sherlock-holmes-jacke-kariert\/#breadcrumb\",\"itemListElement\":[{\"@type\":\"ListItem\",\"position\":1,\"name\":\"Startseite\",\"item\":\"https:\/\/www.kostuemebreuer.de\/english\/\"},{\"@type\":\"ListItem\",\"position\":2,\"name\":\"Kost\u00fcme\",\"item\":\"https:\/\/www.kostuemebreuer.de\/english\/kostueme\/\"},{\"@type\":\"ListItem\",\"position\":3,\"name\":\"Sherlock Holmes &#8211; Detektiv Outfit (Hemd und Binder)\"}]},{\"@type\":\"WebSite\",\"@id\":\"https:\/\/www.kostuemebreuer.de\/english\/#website\",\"url\":\"https:\/\/www.kostuemebreuer.de\/english\/\",\"name\":\"Kost\u00fcme Breuer in M\u00fcnchen\",\"description\":\"Kost\u00fcmverleih\",\"publisher\":{\"@id\":\"https:\/\/www.kostuemebreuer.de\/english\/#organization\"},\"alternateName\":\"Kost\u00fcmverleih Breuer\",\"potentialAction\":[{\"@type\":\"SearchAction\",\"target\":{\"@type\":\"EntryPoint\",\"urlTemplate\":\"https:\/\/www.kostuemebreuer.de\/english\/?s={search_term_string}\"},\"query-input\":{\"@type\":\"PropertyValueSpecification\",\"valueRequired\":true,\"valueName\":\"search_term_string\"}}],\"inLanguage\":\"en-GB\"},{\"@type\":\"Organization\",\"@id\":\"https:\/\/www.kostuemebreuer.de\/english\/#organization\",\"name\":\"Kost\u00fcme Breuer in M\u00fcnchen\",\"url\":\"https:\/\/www.kostuemebreuer.de\/english\/\",\"logo\":{\"@type\":\"ImageObject\",\"inLanguage\":\"en-GB\",\"@id\":\"https:\/\/www.kostuemebreuer.de\/english\/#\/schema\/logo\/image\/\",\"url\":\"https:\/\/www.kostuemebreuer.de\/english\/wp-content\/uploads\/sites\/6\/logo.svg\",\"contentUrl\":\"https:\/\/www.kostuemebreuer.de\/english\/wp-content\/uploads\/sites\/6\/logo.svg\",\"caption\":\"Kost\u00fcme Breuer in M\u00fcnchen\"},\"image\":{\"@id\":\"https:\/\/www.kostuemebreuer.de\/english\/#\/schema\/logo\/image\/\"},\"sameAs\":[\"https:\/\/www.facebook.com\/Kostuemebreuer\/?locale=de_DE\",\"https:\/\/www.instagram.com\/kostuemebreuer\/\"]}]}<\/script>\n<!-- \/ Yoast SEO plugin. -->","yoast_head_json":{"title":"Sherlock Holmes - Detektiv Outfit (Hemd und Binder) - Costumes Breuer","description":"Sherlock Holmes - Detektiv Outfit, bestehend aus einem wei\u00dfen Hemd und einem Binder, wahlweise erweiterbar mit einer schwarzen Hose und einer roten Weste (Paket 2), sowie einer schwarzen Melone, Pfeife und Handschuhe (Paket 3), als auch einem braun-beigen Gehrock mit zwei Schlie\u00dfkn\u00f6pfen und einer Reisetasche. (Paket 4)","robots":{"index":"index","follow":"follow","max-snippet":"max-snippet:-1","max-image-preview":"max-image-preview:large","max-video-preview":"max-video-preview:-1"},"canonical":"https:\/\/www.kostuemebreuer.de\/english\/produkt\/sherlock-holmes-jacke-kariert\/","og_locale":"en_GB","og_type":"article","og_title":"Sherlock Holmes - Detektiv Outfit (Hemd und Binder) - Costumes Breuer","og_description":"Sherlock Holmes - Detektiv Outfit, bestehend aus einem wei\u00dfen Hemd und einem Binder, wahlweise erweiterbar mit einer schwarzen Hose und einer roten Weste (Paket 2), sowie einer schwarzen Melone, Pfeife und Handschuhe (Paket 3), als auch einem braun-beigen Gehrock mit zwei Schlie\u00dfkn\u00f6pfen und einer Reisetasche. (Paket 4)","og_url":"https:\/\/www.kostuemebreuer.de\/english\/produkt\/sherlock-holmes-jacke-kariert\/","og_site_name":"Costumes Breuer","article_publisher":"https:\/\/www.facebook.com\/Kostuemebreuer\/?locale=de_DE","article_modified_time":"2023-12-02T04:03:39+00:00","og_image":[{"width":540,"height":960,"url":"https:\/\/www.kostuemebreuer.de\/english\/wp-content\/uploads\/sites\/6\/Jahrhundertwende-Gehrock-kariert-Sherlock.jpg","type":"image\/jpeg"}],"twitter_card":"summary_large_image","schema":{"@context":"https:\/\/schema.org","@graph":[{"@type":"WebPage","@id":"https:\/\/www.kostuemebreuer.de\/english\/produkt\/sherlock-holmes-jacke-kariert\/","url":"https:\/\/www.kostuemebreuer.de\/english\/produkt\/sherlock-holmes-jacke-kariert\/","name":"Sherlock Holmes - Detektiv Outfit (Hemd und Binder) - Costumes Breuer","isPartOf":{"@id":"https:\/\/www.kostuemebreuer.de\/english\/#website"},"primaryImageOfPage":{"@id":"https:\/\/www.kostuemebreuer.de\/english\/produkt\/sherlock-holmes-jacke-kariert\/#primaryimage"},"image":{"@id":"https:\/\/www.kostuemebreuer.de\/english\/produkt\/sherlock-holmes-jacke-kariert\/#primaryimage"},"thumbnailUrl":"https:\/\/www.kostuemebreuer.de\/english\/wp-content\/uploads\/sites\/6\/Jahrhundertwende-Gehrock-kariert-Sherlock.jpg","datePublished":"2019-04-04T13:40:59+00:00","dateModified":"2023-12-02T04:03:39+00:00","description":"Sherlock Holmes - Detektiv Outfit, bestehend aus einem wei\u00dfen Hemd und einem Binder, wahlweise erweiterbar mit einer schwarzen Hose und einer roten Weste (Paket 2), sowie einer schwarzen Melone, Pfeife und Handschuhe (Paket 3), als auch einem braun-beigen Gehrock mit zwei Schlie\u00dfkn\u00f6pfen und einer Reisetasche. (Paket 4)","breadcrumb":{"@id":"https:\/\/www.kostuemebreuer.de\/english\/produkt\/sherlock-holmes-jacke-kariert\/#breadcrumb"},"inLanguage":"en-GB","potentialAction":[{"@type":"ReadAction","target":["https:\/\/www.kostuemebreuer.de\/english\/produkt\/sherlock-holmes-jacke-kariert\/"]}]},{"@type":"ImageObject","inLanguage":"en-GB","@id":"https:\/\/www.kostuemebreuer.de\/english\/produkt\/sherlock-holmes-jacke-kariert\/#primaryimage","url":"https:\/\/www.kostuemebreuer.de\/english\/wp-content\/uploads\/sites\/6\/Jahrhundertwende-Gehrock-kariert-Sherlock.jpg","contentUrl":"https:\/\/www.kostuemebreuer.de\/english\/wp-content\/uploads\/sites\/6\/Jahrhundertwende-Gehrock-kariert-Sherlock.jpg","width":540,"height":960},{"@type":"BreadcrumbList","@id":"https:\/\/www.kostuemebreuer.de\/english\/produkt\/sherlock-holmes-jacke-kariert\/#breadcrumb","itemListElement":[{"@type":"ListItem","position":1,"name":"Startseite","item":"https:\/\/www.kostuemebreuer.de\/english\/"},{"@type":"ListItem","position":2,"name":"Kost\u00fcme","item":"https:\/\/www.kostuemebreuer.de\/english\/kostueme\/"},{"@type":"ListItem","position":3,"name":"Sherlock Holmes &#8211; Detektiv Outfit (Hemd und Binder)"}]},{"@type":"WebSite","@id":"https:\/\/www.kostuemebreuer.de\/english\/#website","url":"https:\/\/www.kostuemebreuer.de\/english\/","name":"Kost\u00fcme Breuer in M\u00fcnchen","description":"Kost\u00fcmverleih","publisher":{"@id":"https:\/\/www.kostuemebreuer.de\/english\/#organization"},"alternateName":"Kost\u00fcmverleih Breuer","potentialAction":[{"@type":"SearchAction","target":{"@type":"EntryPoint","urlTemplate":"https:\/\/www.kostuemebreuer.de\/english\/?s={search_term_string}"},"query-input":{"@type":"PropertyValueSpecification","valueRequired":true,"valueName":"search_term_string"}}],"inLanguage":"en-GB"},{"@type":"Organization","@id":"https:\/\/www.kostuemebreuer.de\/english\/#organization","name":"Kost\u00fcme Breuer in M\u00fcnchen","url":"https:\/\/www.kostuemebreuer.de\/english\/","logo":{"@type":"ImageObject","inLanguage":"en-GB","@id":"https:\/\/www.kostuemebreuer.de\/english\/#\/schema\/logo\/image\/","url":"https:\/\/www.kostuemebreuer.de\/english\/wp-content\/uploads\/sites\/6\/logo.svg","contentUrl":"https:\/\/www.kostuemebreuer.de\/english\/wp-content\/uploads\/sites\/6\/logo.svg","caption":"Kost\u00fcme Breuer in M\u00fcnchen"},"image":{"@id":"https:\/\/www.kostuemebreuer.de\/english\/#\/schema\/logo\/image\/"},"sameAs":["https:\/\/www.facebook.com\/Kostuemebreuer\/?locale=de_DE","https:\/\/www.instagram.com\/kostuemebreuer\/"]}]}},"acf":[],"_links":{"self":[{"href":"https:\/\/www.kostuemebreuer.de\/english\/wp-json\/wp\/v2\/product\/18516","targetHints":{"allow":["GET"]}}],"collection":[{"href":"https:\/\/www.kostuemebreuer.de\/english\/wp-json\/wp\/v2\/product"}],"about":[{"href":"https:\/\/www.kostuemebreuer.de\/english\/wp-json\/wp\/v2\/types\/product"}],"wp:featuredmedia":[{"embeddable":true,"href":"https:\/\/www.kostuemebreuer.de\/english\/wp-json\/wp\/v2\/media\/18517"}],"wp:attachment":[{"href":"https:\/\/www.kostuemebreuer.de\/english\/wp-json\/wp\/v2\/media?parent=18516"}],"wp:term":[{"taxonomy":"product_brand","embeddable":true,"href":"https:\/\/www.kostuemebreuer.de\/english\/wp-json\/wp\/v2\/product_brand?post=18516"},{"taxonomy":"product_cat","embeddable":true,"href":"https:\/\/www.kostuemebreuer.de\/english\/wp-json\/wp\/v2\/product_cat?post=18516"},{"taxonomy":"product_tag","embeddable":true,"href":"https:\/\/www.kostuemebreuer.de\/english\/wp-json\/wp\/v2\/product_tag?post=18516"}],"curies":[{"name":"wp","href":"https:\/\/api.w.org\/{rel}","templated":true}]}}