{"id":1850,"date":"2015-12-08T10:34:11","date_gmt":"2015-12-08T08:34:11","guid":{"rendered":"http:\/\/kostuemverleih.com\/produkt\/charlie-chapli\/"},"modified":"2023-12-14T15:00:10","modified_gmt":"2023-12-14T13:00:10","slug":"charlie-chapli","status":"publish","type":"product","link":"https:\/\/www.kostuemebreuer.de\/english\/produkt\/charlie-chapli\/","title":{"rendered":"Charlie Chaplin &#8211; 20er Jahre Outfit &#8211; Herren (Jacke, Hose, Hemd, Fliege, Melone und Stock)"},"content":{"rendered":"<p>Charlie Chaplin &#8211; 20er Jahre Outfit &#8211; Herren, bestehend aus einem schwarzen Frack, schwarzer Stresemannhose, wei\u00dfem Hemd, Fliege, schwarzer Melone und einem Gehstock.<\/p>\n<p>&nbsp;<\/p>\n","protected":false},"excerpt":{"rendered":"<p>Charlie Chaplin &#8211; 20er Jahre Outfit &#8211; Herren, bestehend aus einem schwarzen Frack, schwarzer Stresemannhose, wei\u00dfem Hemd, Fliege, schwarzer Melone und einem Gehstock.<\/p>\n","protected":false},"featured_media":20198,"template":"","meta":{"_acf_changed":false},"product_brand":[],"product_cat":[226,33,29],"product_tag":[455,515,650,73,42],"class_list":{"0":"post-1850","1":"product","2":"type-product","3":"status-publish","4":"has-post-thumbnail","6":"product_cat-aussergewoehnlichesherren","7":"product_cat-herrenmode","8":"product_cat-kostueme","9":"product_tag-20er-jahre-charleston-cabaret-gatsby","10":"product_tag-40er-jahre-casablanca-charlie-chaplin-agatha-christie","11":"product_tag-charlie-chaplin","12":"product_tag-historische-persoenlichkeiten","13":"product_tag-schwarz","14":"product_shipping_class-versandklasse-3-mittel","15":"infinite-scroll-item","17":"first","18":"instock","19":"taxable","20":"shipping-taxable","21":"purchasable","22":"product-type-simple"},"yoast_head":"<!-- This site is optimized with the Yoast SEO plugin v27.2 - https:\/\/yoast.com\/product\/yoast-seo-wordpress\/ -->\n<title>Charlie Chaplin - 20er Jahre Outfit - Herren (Jacke, Hose, Hemd, Fliege, Melone und Stock) - Costumes Breuer<\/title>\n<meta name=\"description\" content=\"Charlie Chaplin - 20er Jahre Outfit - Herren, bestehend aus einem schwarzen Frack, schwarzer Stresemannhose, wei\u00dfem Hemd, Fliege, schwarzer Melone und einem Gehstock.\" \/>\n<meta name=\"robots\" content=\"index, follow, max-snippet:-1, max-image-preview:large, max-video-preview:-1\" \/>\n<link rel=\"canonical\" href=\"https:\/\/www.kostuemebreuer.de\/english\/produkt\/charlie-chapli\/\" \/>\n<meta property=\"og:locale\" content=\"en_GB\" \/>\n<meta property=\"og:type\" content=\"article\" \/>\n<meta property=\"og:title\" content=\"Charlie Chaplin - 20er Jahre Outfit - Herren (Jacke, Hose, Hemd, Fliege, Melone und Stock) - Costumes Breuer\" \/>\n<meta property=\"og:description\" content=\"Charlie Chaplin - 20er Jahre Outfit - Herren, bestehend aus einem schwarzen Frack, schwarzer Stresemannhose, wei\u00dfem Hemd, Fliege, schwarzer Melone und einem Gehstock.\" \/>\n<meta property=\"og:url\" content=\"https:\/\/www.kostuemebreuer.de\/english\/produkt\/charlie-chapli\/\" \/>\n<meta property=\"og:site_name\" content=\"Costumes Breuer\" \/>\n<meta property=\"article:publisher\" content=\"https:\/\/www.facebook.com\/Kostuemebreuer\/?locale=de_DE\" \/>\n<meta property=\"article:modified_time\" content=\"2023-12-14T13:00:10+00:00\" \/>\n<meta property=\"og:image\" content=\"https:\/\/www.kostuemebreuer.de\/english\/wp-content\/uploads\/sites\/6\/Charlie-Chaplin-Herr-2.jpg\" \/>\n\t<meta property=\"og:image:width\" content=\"540\" \/>\n\t<meta property=\"og:image:height\" content=\"961\" \/>\n\t<meta property=\"og:image:type\" content=\"image\/jpeg\" \/>\n<meta name=\"twitter:card\" content=\"summary_large_image\" \/>\n<script type=\"application\/ld+json\" class=\"yoast-schema-graph\">{\"@context\":\"https:\/\/schema.org\",\"@graph\":[{\"@type\":\"WebPage\",\"@id\":\"https:\/\/www.kostuemebreuer.de\/english\/produkt\/charlie-chapli\/\",\"url\":\"https:\/\/www.kostuemebreuer.de\/english\/produkt\/charlie-chapli\/\",\"name\":\"Charlie Chaplin - 20er Jahre Outfit - Herren (Jacke, Hose, Hemd, Fliege, Melone und Stock) - Costumes Breuer\",\"isPartOf\":{\"@id\":\"https:\/\/www.kostuemebreuer.de\/english\/#website\"},\"primaryImageOfPage\":{\"@id\":\"https:\/\/www.kostuemebreuer.de\/english\/produkt\/charlie-chapli\/#primaryimage\"},\"image\":{\"@id\":\"https:\/\/www.kostuemebreuer.de\/english\/produkt\/charlie-chapli\/#primaryimage\"},\"thumbnailUrl\":\"https:\/\/www.kostuemebreuer.de\/english\/wp-content\/uploads\/sites\/6\/Charlie-Chaplin-Herr-2.jpg\",\"datePublished\":\"2015-12-08T08:34:11+00:00\",\"dateModified\":\"2023-12-14T13:00:10+00:00\",\"description\":\"Charlie Chaplin - 20er Jahre Outfit - Herren, bestehend aus einem schwarzen Frack, schwarzer Stresemannhose, wei\u00dfem Hemd, Fliege, schwarzer Melone und einem Gehstock.\",\"breadcrumb\":{\"@id\":\"https:\/\/www.kostuemebreuer.de\/english\/produkt\/charlie-chapli\/#breadcrumb\"},\"inLanguage\":\"en-GB\",\"potentialAction\":[{\"@type\":\"ReadAction\",\"target\":[\"https:\/\/www.kostuemebreuer.de\/english\/produkt\/charlie-chapli\/\"]}]},{\"@type\":\"ImageObject\",\"inLanguage\":\"en-GB\",\"@id\":\"https:\/\/www.kostuemebreuer.de\/english\/produkt\/charlie-chapli\/#primaryimage\",\"url\":\"https:\/\/www.kostuemebreuer.de\/english\/wp-content\/uploads\/sites\/6\/Charlie-Chaplin-Herr-2.jpg\",\"contentUrl\":\"https:\/\/www.kostuemebreuer.de\/english\/wp-content\/uploads\/sites\/6\/Charlie-Chaplin-Herr-2.jpg\",\"width\":540,\"height\":961},{\"@type\":\"BreadcrumbList\",\"@id\":\"https:\/\/www.kostuemebreuer.de\/english\/produkt\/charlie-chapli\/#breadcrumb\",\"itemListElement\":[{\"@type\":\"ListItem\",\"position\":1,\"name\":\"Startseite\",\"item\":\"https:\/\/www.kostuemebreuer.de\/english\/\"},{\"@type\":\"ListItem\",\"position\":2,\"name\":\"Kost\u00fcme\",\"item\":\"https:\/\/www.kostuemebreuer.de\/english\/kostueme\/\"},{\"@type\":\"ListItem\",\"position\":3,\"name\":\"Charlie Chaplin &#8211; 20er Jahre Outfit &#8211; Herren (Jacke, Hose, Hemd, Fliege, Melone und Stock)\"}]},{\"@type\":\"WebSite\",\"@id\":\"https:\/\/www.kostuemebreuer.de\/english\/#website\",\"url\":\"https:\/\/www.kostuemebreuer.de\/english\/\",\"name\":\"Kost\u00fcme Breuer in M\u00fcnchen\",\"description\":\"Kost\u00fcmverleih\",\"publisher\":{\"@id\":\"https:\/\/www.kostuemebreuer.de\/english\/#organization\"},\"alternateName\":\"Kost\u00fcmverleih Breuer\",\"potentialAction\":[{\"@type\":\"SearchAction\",\"target\":{\"@type\":\"EntryPoint\",\"urlTemplate\":\"https:\/\/www.kostuemebreuer.de\/english\/?s={search_term_string}\"},\"query-input\":{\"@type\":\"PropertyValueSpecification\",\"valueRequired\":true,\"valueName\":\"search_term_string\"}}],\"inLanguage\":\"en-GB\"},{\"@type\":\"Organization\",\"@id\":\"https:\/\/www.kostuemebreuer.de\/english\/#organization\",\"name\":\"Kost\u00fcme Breuer in M\u00fcnchen\",\"url\":\"https:\/\/www.kostuemebreuer.de\/english\/\",\"logo\":{\"@type\":\"ImageObject\",\"inLanguage\":\"en-GB\",\"@id\":\"https:\/\/www.kostuemebreuer.de\/english\/#\/schema\/logo\/image\/\",\"url\":\"https:\/\/www.kostuemebreuer.de\/english\/wp-content\/uploads\/sites\/6\/logo.svg\",\"contentUrl\":\"https:\/\/www.kostuemebreuer.de\/english\/wp-content\/uploads\/sites\/6\/logo.svg\",\"caption\":\"Kost\u00fcme Breuer in M\u00fcnchen\"},\"image\":{\"@id\":\"https:\/\/www.kostuemebreuer.de\/english\/#\/schema\/logo\/image\/\"},\"sameAs\":[\"https:\/\/www.facebook.com\/Kostuemebreuer\/?locale=de_DE\",\"https:\/\/www.instagram.com\/kostuemebreuer\/\"]}]}<\/script>\n<!-- \/ Yoast SEO plugin. -->","yoast_head_json":{"title":"Charlie Chaplin - 20er Jahre Outfit - Herren (Jacke, Hose, Hemd, Fliege, Melone und Stock) - Costumes Breuer","description":"Charlie Chaplin - 20er Jahre Outfit - Herren, bestehend aus einem schwarzen Frack, schwarzer Stresemannhose, wei\u00dfem Hemd, Fliege, schwarzer Melone und einem Gehstock.","robots":{"index":"index","follow":"follow","max-snippet":"max-snippet:-1","max-image-preview":"max-image-preview:large","max-video-preview":"max-video-preview:-1"},"canonical":"https:\/\/www.kostuemebreuer.de\/english\/produkt\/charlie-chapli\/","og_locale":"en_GB","og_type":"article","og_title":"Charlie Chaplin - 20er Jahre Outfit - Herren (Jacke, Hose, Hemd, Fliege, Melone und Stock) - Costumes Breuer","og_description":"Charlie Chaplin - 20er Jahre Outfit - Herren, bestehend aus einem schwarzen Frack, schwarzer Stresemannhose, wei\u00dfem Hemd, Fliege, schwarzer Melone und einem Gehstock.","og_url":"https:\/\/www.kostuemebreuer.de\/english\/produkt\/charlie-chapli\/","og_site_name":"Costumes Breuer","article_publisher":"https:\/\/www.facebook.com\/Kostuemebreuer\/?locale=de_DE","article_modified_time":"2023-12-14T13:00:10+00:00","og_image":[{"width":540,"height":961,"url":"https:\/\/www.kostuemebreuer.de\/english\/wp-content\/uploads\/sites\/6\/Charlie-Chaplin-Herr-2.jpg","type":"image\/jpeg"}],"twitter_card":"summary_large_image","schema":{"@context":"https:\/\/schema.org","@graph":[{"@type":"WebPage","@id":"https:\/\/www.kostuemebreuer.de\/english\/produkt\/charlie-chapli\/","url":"https:\/\/www.kostuemebreuer.de\/english\/produkt\/charlie-chapli\/","name":"Charlie Chaplin - 20er Jahre Outfit - Herren (Jacke, Hose, Hemd, Fliege, Melone und Stock) - Costumes Breuer","isPartOf":{"@id":"https:\/\/www.kostuemebreuer.de\/english\/#website"},"primaryImageOfPage":{"@id":"https:\/\/www.kostuemebreuer.de\/english\/produkt\/charlie-chapli\/#primaryimage"},"image":{"@id":"https:\/\/www.kostuemebreuer.de\/english\/produkt\/charlie-chapli\/#primaryimage"},"thumbnailUrl":"https:\/\/www.kostuemebreuer.de\/english\/wp-content\/uploads\/sites\/6\/Charlie-Chaplin-Herr-2.jpg","datePublished":"2015-12-08T08:34:11+00:00","dateModified":"2023-12-14T13:00:10+00:00","description":"Charlie Chaplin - 20er Jahre Outfit - Herren, bestehend aus einem schwarzen Frack, schwarzer Stresemannhose, wei\u00dfem Hemd, Fliege, schwarzer Melone und einem Gehstock.","breadcrumb":{"@id":"https:\/\/www.kostuemebreuer.de\/english\/produkt\/charlie-chapli\/#breadcrumb"},"inLanguage":"en-GB","potentialAction":[{"@type":"ReadAction","target":["https:\/\/www.kostuemebreuer.de\/english\/produkt\/charlie-chapli\/"]}]},{"@type":"ImageObject","inLanguage":"en-GB","@id":"https:\/\/www.kostuemebreuer.de\/english\/produkt\/charlie-chapli\/#primaryimage","url":"https:\/\/www.kostuemebreuer.de\/english\/wp-content\/uploads\/sites\/6\/Charlie-Chaplin-Herr-2.jpg","contentUrl":"https:\/\/www.kostuemebreuer.de\/english\/wp-content\/uploads\/sites\/6\/Charlie-Chaplin-Herr-2.jpg","width":540,"height":961},{"@type":"BreadcrumbList","@id":"https:\/\/www.kostuemebreuer.de\/english\/produkt\/charlie-chapli\/#breadcrumb","itemListElement":[{"@type":"ListItem","position":1,"name":"Startseite","item":"https:\/\/www.kostuemebreuer.de\/english\/"},{"@type":"ListItem","position":2,"name":"Kost\u00fcme","item":"https:\/\/www.kostuemebreuer.de\/english\/kostueme\/"},{"@type":"ListItem","position":3,"name":"Charlie Chaplin &#8211; 20er Jahre Outfit &#8211; Herren (Jacke, Hose, Hemd, Fliege, Melone und Stock)"}]},{"@type":"WebSite","@id":"https:\/\/www.kostuemebreuer.de\/english\/#website","url":"https:\/\/www.kostuemebreuer.de\/english\/","name":"Kost\u00fcme Breuer in M\u00fcnchen","description":"Kost\u00fcmverleih","publisher":{"@id":"https:\/\/www.kostuemebreuer.de\/english\/#organization"},"alternateName":"Kost\u00fcmverleih Breuer","potentialAction":[{"@type":"SearchAction","target":{"@type":"EntryPoint","urlTemplate":"https:\/\/www.kostuemebreuer.de\/english\/?s={search_term_string}"},"query-input":{"@type":"PropertyValueSpecification","valueRequired":true,"valueName":"search_term_string"}}],"inLanguage":"en-GB"},{"@type":"Organization","@id":"https:\/\/www.kostuemebreuer.de\/english\/#organization","name":"Kost\u00fcme Breuer in M\u00fcnchen","url":"https:\/\/www.kostuemebreuer.de\/english\/","logo":{"@type":"ImageObject","inLanguage":"en-GB","@id":"https:\/\/www.kostuemebreuer.de\/english\/#\/schema\/logo\/image\/","url":"https:\/\/www.kostuemebreuer.de\/english\/wp-content\/uploads\/sites\/6\/logo.svg","contentUrl":"https:\/\/www.kostuemebreuer.de\/english\/wp-content\/uploads\/sites\/6\/logo.svg","caption":"Kost\u00fcme Breuer in M\u00fcnchen"},"image":{"@id":"https:\/\/www.kostuemebreuer.de\/english\/#\/schema\/logo\/image\/"},"sameAs":["https:\/\/www.facebook.com\/Kostuemebreuer\/?locale=de_DE","https:\/\/www.instagram.com\/kostuemebreuer\/"]}]}},"acf":[],"_links":{"self":[{"href":"https:\/\/www.kostuemebreuer.de\/english\/wp-json\/wp\/v2\/product\/1850","targetHints":{"allow":["GET"]}}],"collection":[{"href":"https:\/\/www.kostuemebreuer.de\/english\/wp-json\/wp\/v2\/product"}],"about":[{"href":"https:\/\/www.kostuemebreuer.de\/english\/wp-json\/wp\/v2\/types\/product"}],"wp:featuredmedia":[{"embeddable":true,"href":"https:\/\/www.kostuemebreuer.de\/english\/wp-json\/wp\/v2\/media\/20198"}],"wp:attachment":[{"href":"https:\/\/www.kostuemebreuer.de\/english\/wp-json\/wp\/v2\/media?parent=1850"}],"wp:term":[{"taxonomy":"product_brand","embeddable":true,"href":"https:\/\/www.kostuemebreuer.de\/english\/wp-json\/wp\/v2\/product_brand?post=1850"},{"taxonomy":"product_cat","embeddable":true,"href":"https:\/\/www.kostuemebreuer.de\/english\/wp-json\/wp\/v2\/product_cat?post=1850"},{"taxonomy":"product_tag","embeddable":true,"href":"https:\/\/www.kostuemebreuer.de\/english\/wp-json\/wp\/v2\/product_tag?post=1850"}],"curies":[{"name":"wp","href":"https:\/\/api.w.org\/{rel}","templated":true}]}}