{"id":18240,"date":"2018-12-21T17:50:04","date_gmt":"2018-12-21T15:50:04","guid":{"rendered":"https:\/\/www.kostuemverleih.com\/?post_type=product&#038;p=18240"},"modified":"2023-12-02T06:03:34","modified_gmt":"2023-12-02T04:03:34","slug":"toero-spanier-schwarz-silber","status":"publish","type":"product","link":"https:\/\/www.kostuemebreuer.de\/english\/produkt\/toero-spanier-schwarz-silber\/","title":{"rendered":"Torero \u2013 Spanier Outfit \u2013 Schwarz-Silber (R\u00fcschenhemd und Hut)"},"content":{"rendered":"<p>Torero \u2013 Spanier Outfit \u2013 Schwarz-Silber, bestehend aus einem wei\u00dfen R\u00fcschenhemd und einem Hut, wahlweise erweiterbar mit einer Kniebundhose, Kniestr\u00fcmpfen und einer roten Sch\u00e4rpe (Paket 2), sowie einer schwarzen Jacke mit aufw\u00e4ndigen, silbernen Stickereien und Schuhschleifen. (Paket 3)<\/p>\n<p>Die Per\u00fccke (Kauf) kann separat dazu gebucht werden.<\/p>\n","protected":false},"excerpt":{"rendered":"<p>Torero \u2013 Spanier Outfit \u2013 Schwarz-Silber, bestehend aus einem wei\u00dfen R\u00fcschenhemd und einem Hut, wahlweise erweiterbar mit einer<strong> Kniebundhose, Kniestr\u00fcmpfen und einer roten Sch\u00e4rpe<\/strong> (Paket 2), sowie einer <strong>schwarzen Jacke mit aufw\u00e4ndigen, silbernen Stickereien und Schuhschleifen<\/strong>. (Paket 3)<\/p>\n<p>Die Per\u00fccke (Kauf) kann separat dazu gebucht werden.<\/p>\n","protected":false},"featured_media":18770,"template":"","meta":{"_acf_changed":false},"product_brand":[],"product_cat":[226,79,29],"product_tag":[187,176,42,78],"class_list":{"0":"post-18240","1":"product","2":"type-product","3":"status-publish","4":"has-post-thumbnail","6":"product_cat-aussergewoehnlichesherren","7":"product_cat-jacken","8":"product_cat-kostueme","9":"product_tag-berufe","10":"product_tag-internationale-trachten","11":"product_tag-schwarz","12":"product_tag-silber","13":"product_shipping_class-versandklasse-2","14":"infinite-scroll-item","16":"first","17":"instock","18":"taxable","19":"shipping-taxable","20":"purchasable","21":"product-type-simple"},"yoast_head":"<!-- This site is optimized with the Yoast SEO plugin v27.2 - https:\/\/yoast.com\/product\/yoast-seo-wordpress\/ -->\n<title>Torero \u2013 Spanier Outfit \u2013 Schwarz-Silber (R\u00fcschenhemd und Hut) - Costumes Breuer<\/title>\n<meta name=\"description\" content=\"Torero \u2013 Spanier Outfit \u2013 Schwarz-Silber, bestehend aus einem wei\u00dfen R\u00fcschenhemd und einem Hut, wahlweise erweiterbar mit einer Kniebundhose, Kniestr\u00fcmpfen und einer roten Sch\u00e4rpe (Paket 2), sowie einer schwarzen Jacke mit aufw\u00e4ndigen, silbernen Stickereien und Schuhschleifen. (Paket 3) Die Per\u00fccke (Kauf) kann separat dazu gebucht werden.\" \/>\n<meta name=\"robots\" content=\"index, follow, max-snippet:-1, max-image-preview:large, max-video-preview:-1\" \/>\n<link rel=\"canonical\" href=\"https:\/\/www.kostuemebreuer.de\/english\/produkt\/toero-spanier-schwarz-silber\/\" \/>\n<meta property=\"og:locale\" content=\"en_GB\" \/>\n<meta property=\"og:type\" content=\"article\" \/>\n<meta property=\"og:title\" content=\"Torero \u2013 Spanier Outfit \u2013 Schwarz-Silber (R\u00fcschenhemd und Hut) - Costumes Breuer\" \/>\n<meta property=\"og:description\" content=\"Torero \u2013 Spanier Outfit \u2013 Schwarz-Silber, bestehend aus einem wei\u00dfen R\u00fcschenhemd und einem Hut, wahlweise erweiterbar mit einer Kniebundhose, Kniestr\u00fcmpfen und einer roten Sch\u00e4rpe (Paket 2), sowie einer schwarzen Jacke mit aufw\u00e4ndigen, silbernen Stickereien und Schuhschleifen. (Paket 3) Die Per\u00fccke (Kauf) kann separat dazu gebucht werden.\" \/>\n<meta property=\"og:url\" content=\"https:\/\/www.kostuemebreuer.de\/english\/produkt\/toero-spanier-schwarz-silber\/\" \/>\n<meta property=\"og:site_name\" content=\"Costumes Breuer\" \/>\n<meta property=\"article:publisher\" content=\"https:\/\/www.facebook.com\/Kostuemebreuer\/?locale=de_DE\" \/>\n<meta property=\"article:modified_time\" content=\"2023-12-02T04:03:34+00:00\" \/>\n<meta property=\"og:image\" content=\"https:\/\/www.kostuemebreuer.de\/english\/wp-content\/uploads\/sites\/6\/Torrero-Spanier-schwarz-silber.jpg\" \/>\n\t<meta property=\"og:image:width\" content=\"540\" \/>\n\t<meta property=\"og:image:height\" content=\"959\" \/>\n\t<meta property=\"og:image:type\" content=\"image\/jpeg\" \/>\n<meta name=\"twitter:card\" content=\"summary_large_image\" \/>\n<script type=\"application\/ld+json\" class=\"yoast-schema-graph\">{\"@context\":\"https:\/\/schema.org\",\"@graph\":[{\"@type\":\"WebPage\",\"@id\":\"https:\/\/www.kostuemebreuer.de\/english\/produkt\/toero-spanier-schwarz-silber\/\",\"url\":\"https:\/\/www.kostuemebreuer.de\/english\/produkt\/toero-spanier-schwarz-silber\/\",\"name\":\"Torero \u2013 Spanier Outfit \u2013 Schwarz-Silber (R\u00fcschenhemd und Hut) - Costumes Breuer\",\"isPartOf\":{\"@id\":\"https:\/\/www.kostuemebreuer.de\/english\/#website\"},\"primaryImageOfPage\":{\"@id\":\"https:\/\/www.kostuemebreuer.de\/english\/produkt\/toero-spanier-schwarz-silber\/#primaryimage\"},\"image\":{\"@id\":\"https:\/\/www.kostuemebreuer.de\/english\/produkt\/toero-spanier-schwarz-silber\/#primaryimage\"},\"thumbnailUrl\":\"https:\/\/www.kostuemebreuer.de\/english\/wp-content\/uploads\/sites\/6\/Torrero-Spanier-schwarz-silber.jpg\",\"datePublished\":\"2018-12-21T15:50:04+00:00\",\"dateModified\":\"2023-12-02T04:03:34+00:00\",\"description\":\"Torero \u2013 Spanier Outfit \u2013 Schwarz-Silber, bestehend aus einem wei\u00dfen R\u00fcschenhemd und einem Hut, wahlweise erweiterbar mit einer Kniebundhose, Kniestr\u00fcmpfen und einer roten Sch\u00e4rpe (Paket 2), sowie einer schwarzen Jacke mit aufw\u00e4ndigen, silbernen Stickereien und Schuhschleifen. (Paket 3) Die Per\u00fccke (Kauf) kann separat dazu gebucht werden.\",\"breadcrumb\":{\"@id\":\"https:\/\/www.kostuemebreuer.de\/english\/produkt\/toero-spanier-schwarz-silber\/#breadcrumb\"},\"inLanguage\":\"en-GB\",\"potentialAction\":[{\"@type\":\"ReadAction\",\"target\":[\"https:\/\/www.kostuemebreuer.de\/english\/produkt\/toero-spanier-schwarz-silber\/\"]}]},{\"@type\":\"ImageObject\",\"inLanguage\":\"en-GB\",\"@id\":\"https:\/\/www.kostuemebreuer.de\/english\/produkt\/toero-spanier-schwarz-silber\/#primaryimage\",\"url\":\"https:\/\/www.kostuemebreuer.de\/english\/wp-content\/uploads\/sites\/6\/Torrero-Spanier-schwarz-silber.jpg\",\"contentUrl\":\"https:\/\/www.kostuemebreuer.de\/english\/wp-content\/uploads\/sites\/6\/Torrero-Spanier-schwarz-silber.jpg\",\"width\":540,\"height\":959},{\"@type\":\"BreadcrumbList\",\"@id\":\"https:\/\/www.kostuemebreuer.de\/english\/produkt\/toero-spanier-schwarz-silber\/#breadcrumb\",\"itemListElement\":[{\"@type\":\"ListItem\",\"position\":1,\"name\":\"Startseite\",\"item\":\"https:\/\/www.kostuemebreuer.de\/english\/\"},{\"@type\":\"ListItem\",\"position\":2,\"name\":\"Kost\u00fcme\",\"item\":\"https:\/\/www.kostuemebreuer.de\/english\/kostueme\/\"},{\"@type\":\"ListItem\",\"position\":3,\"name\":\"Torero \u2013 Spanier Outfit \u2013 Schwarz-Silber (R\u00fcschenhemd und Hut)\"}]},{\"@type\":\"WebSite\",\"@id\":\"https:\/\/www.kostuemebreuer.de\/english\/#website\",\"url\":\"https:\/\/www.kostuemebreuer.de\/english\/\",\"name\":\"Kost\u00fcme Breuer in M\u00fcnchen\",\"description\":\"Kost\u00fcmverleih\",\"publisher\":{\"@id\":\"https:\/\/www.kostuemebreuer.de\/english\/#organization\"},\"alternateName\":\"Kost\u00fcmverleih Breuer\",\"potentialAction\":[{\"@type\":\"SearchAction\",\"target\":{\"@type\":\"EntryPoint\",\"urlTemplate\":\"https:\/\/www.kostuemebreuer.de\/english\/?s={search_term_string}\"},\"query-input\":{\"@type\":\"PropertyValueSpecification\",\"valueRequired\":true,\"valueName\":\"search_term_string\"}}],\"inLanguage\":\"en-GB\"},{\"@type\":\"Organization\",\"@id\":\"https:\/\/www.kostuemebreuer.de\/english\/#organization\",\"name\":\"Kost\u00fcme Breuer in M\u00fcnchen\",\"url\":\"https:\/\/www.kostuemebreuer.de\/english\/\",\"logo\":{\"@type\":\"ImageObject\",\"inLanguage\":\"en-GB\",\"@id\":\"https:\/\/www.kostuemebreuer.de\/english\/#\/schema\/logo\/image\/\",\"url\":\"https:\/\/www.kostuemebreuer.de\/english\/wp-content\/uploads\/sites\/6\/logo.svg\",\"contentUrl\":\"https:\/\/www.kostuemebreuer.de\/english\/wp-content\/uploads\/sites\/6\/logo.svg\",\"caption\":\"Kost\u00fcme Breuer in M\u00fcnchen\"},\"image\":{\"@id\":\"https:\/\/www.kostuemebreuer.de\/english\/#\/schema\/logo\/image\/\"},\"sameAs\":[\"https:\/\/www.facebook.com\/Kostuemebreuer\/?locale=de_DE\",\"https:\/\/www.instagram.com\/kostuemebreuer\/\"]}]}<\/script>\n<!-- \/ Yoast SEO plugin. -->","yoast_head_json":{"title":"Torero \u2013 Spanier Outfit \u2013 Schwarz-Silber (R\u00fcschenhemd und Hut) - Costumes Breuer","description":"Torero \u2013 Spanier Outfit \u2013 Schwarz-Silber, bestehend aus einem wei\u00dfen R\u00fcschenhemd und einem Hut, wahlweise erweiterbar mit einer Kniebundhose, Kniestr\u00fcmpfen und einer roten Sch\u00e4rpe (Paket 2), sowie einer schwarzen Jacke mit aufw\u00e4ndigen, silbernen Stickereien und Schuhschleifen. (Paket 3) Die Per\u00fccke (Kauf) kann separat dazu gebucht werden.","robots":{"index":"index","follow":"follow","max-snippet":"max-snippet:-1","max-image-preview":"max-image-preview:large","max-video-preview":"max-video-preview:-1"},"canonical":"https:\/\/www.kostuemebreuer.de\/english\/produkt\/toero-spanier-schwarz-silber\/","og_locale":"en_GB","og_type":"article","og_title":"Torero \u2013 Spanier Outfit \u2013 Schwarz-Silber (R\u00fcschenhemd und Hut) - Costumes Breuer","og_description":"Torero \u2013 Spanier Outfit \u2013 Schwarz-Silber, bestehend aus einem wei\u00dfen R\u00fcschenhemd und einem Hut, wahlweise erweiterbar mit einer Kniebundhose, Kniestr\u00fcmpfen und einer roten Sch\u00e4rpe (Paket 2), sowie einer schwarzen Jacke mit aufw\u00e4ndigen, silbernen Stickereien und Schuhschleifen. (Paket 3) Die Per\u00fccke (Kauf) kann separat dazu gebucht werden.","og_url":"https:\/\/www.kostuemebreuer.de\/english\/produkt\/toero-spanier-schwarz-silber\/","og_site_name":"Costumes Breuer","article_publisher":"https:\/\/www.facebook.com\/Kostuemebreuer\/?locale=de_DE","article_modified_time":"2023-12-02T04:03:34+00:00","og_image":[{"width":540,"height":959,"url":"https:\/\/www.kostuemebreuer.de\/english\/wp-content\/uploads\/sites\/6\/Torrero-Spanier-schwarz-silber.jpg","type":"image\/jpeg"}],"twitter_card":"summary_large_image","schema":{"@context":"https:\/\/schema.org","@graph":[{"@type":"WebPage","@id":"https:\/\/www.kostuemebreuer.de\/english\/produkt\/toero-spanier-schwarz-silber\/","url":"https:\/\/www.kostuemebreuer.de\/english\/produkt\/toero-spanier-schwarz-silber\/","name":"Torero \u2013 Spanier Outfit \u2013 Schwarz-Silber (R\u00fcschenhemd und Hut) - Costumes Breuer","isPartOf":{"@id":"https:\/\/www.kostuemebreuer.de\/english\/#website"},"primaryImageOfPage":{"@id":"https:\/\/www.kostuemebreuer.de\/english\/produkt\/toero-spanier-schwarz-silber\/#primaryimage"},"image":{"@id":"https:\/\/www.kostuemebreuer.de\/english\/produkt\/toero-spanier-schwarz-silber\/#primaryimage"},"thumbnailUrl":"https:\/\/www.kostuemebreuer.de\/english\/wp-content\/uploads\/sites\/6\/Torrero-Spanier-schwarz-silber.jpg","datePublished":"2018-12-21T15:50:04+00:00","dateModified":"2023-12-02T04:03:34+00:00","description":"Torero \u2013 Spanier Outfit \u2013 Schwarz-Silber, bestehend aus einem wei\u00dfen R\u00fcschenhemd und einem Hut, wahlweise erweiterbar mit einer Kniebundhose, Kniestr\u00fcmpfen und einer roten Sch\u00e4rpe (Paket 2), sowie einer schwarzen Jacke mit aufw\u00e4ndigen, silbernen Stickereien und Schuhschleifen. (Paket 3) Die Per\u00fccke (Kauf) kann separat dazu gebucht werden.","breadcrumb":{"@id":"https:\/\/www.kostuemebreuer.de\/english\/produkt\/toero-spanier-schwarz-silber\/#breadcrumb"},"inLanguage":"en-GB","potentialAction":[{"@type":"ReadAction","target":["https:\/\/www.kostuemebreuer.de\/english\/produkt\/toero-spanier-schwarz-silber\/"]}]},{"@type":"ImageObject","inLanguage":"en-GB","@id":"https:\/\/www.kostuemebreuer.de\/english\/produkt\/toero-spanier-schwarz-silber\/#primaryimage","url":"https:\/\/www.kostuemebreuer.de\/english\/wp-content\/uploads\/sites\/6\/Torrero-Spanier-schwarz-silber.jpg","contentUrl":"https:\/\/www.kostuemebreuer.de\/english\/wp-content\/uploads\/sites\/6\/Torrero-Spanier-schwarz-silber.jpg","width":540,"height":959},{"@type":"BreadcrumbList","@id":"https:\/\/www.kostuemebreuer.de\/english\/produkt\/toero-spanier-schwarz-silber\/#breadcrumb","itemListElement":[{"@type":"ListItem","position":1,"name":"Startseite","item":"https:\/\/www.kostuemebreuer.de\/english\/"},{"@type":"ListItem","position":2,"name":"Kost\u00fcme","item":"https:\/\/www.kostuemebreuer.de\/english\/kostueme\/"},{"@type":"ListItem","position":3,"name":"Torero \u2013 Spanier Outfit \u2013 Schwarz-Silber (R\u00fcschenhemd und Hut)"}]},{"@type":"WebSite","@id":"https:\/\/www.kostuemebreuer.de\/english\/#website","url":"https:\/\/www.kostuemebreuer.de\/english\/","name":"Kost\u00fcme Breuer in M\u00fcnchen","description":"Kost\u00fcmverleih","publisher":{"@id":"https:\/\/www.kostuemebreuer.de\/english\/#organization"},"alternateName":"Kost\u00fcmverleih Breuer","potentialAction":[{"@type":"SearchAction","target":{"@type":"EntryPoint","urlTemplate":"https:\/\/www.kostuemebreuer.de\/english\/?s={search_term_string}"},"query-input":{"@type":"PropertyValueSpecification","valueRequired":true,"valueName":"search_term_string"}}],"inLanguage":"en-GB"},{"@type":"Organization","@id":"https:\/\/www.kostuemebreuer.de\/english\/#organization","name":"Kost\u00fcme Breuer in M\u00fcnchen","url":"https:\/\/www.kostuemebreuer.de\/english\/","logo":{"@type":"ImageObject","inLanguage":"en-GB","@id":"https:\/\/www.kostuemebreuer.de\/english\/#\/schema\/logo\/image\/","url":"https:\/\/www.kostuemebreuer.de\/english\/wp-content\/uploads\/sites\/6\/logo.svg","contentUrl":"https:\/\/www.kostuemebreuer.de\/english\/wp-content\/uploads\/sites\/6\/logo.svg","caption":"Kost\u00fcme Breuer in M\u00fcnchen"},"image":{"@id":"https:\/\/www.kostuemebreuer.de\/english\/#\/schema\/logo\/image\/"},"sameAs":["https:\/\/www.facebook.com\/Kostuemebreuer\/?locale=de_DE","https:\/\/www.instagram.com\/kostuemebreuer\/"]}]}},"acf":[],"_links":{"self":[{"href":"https:\/\/www.kostuemebreuer.de\/english\/wp-json\/wp\/v2\/product\/18240","targetHints":{"allow":["GET"]}}],"collection":[{"href":"https:\/\/www.kostuemebreuer.de\/english\/wp-json\/wp\/v2\/product"}],"about":[{"href":"https:\/\/www.kostuemebreuer.de\/english\/wp-json\/wp\/v2\/types\/product"}],"wp:featuredmedia":[{"embeddable":true,"href":"https:\/\/www.kostuemebreuer.de\/english\/wp-json\/wp\/v2\/media\/18770"}],"wp:attachment":[{"href":"https:\/\/www.kostuemebreuer.de\/english\/wp-json\/wp\/v2\/media?parent=18240"}],"wp:term":[{"taxonomy":"product_brand","embeddable":true,"href":"https:\/\/www.kostuemebreuer.de\/english\/wp-json\/wp\/v2\/product_brand?post=18240"},{"taxonomy":"product_cat","embeddable":true,"href":"https:\/\/www.kostuemebreuer.de\/english\/wp-json\/wp\/v2\/product_cat?post=18240"},{"taxonomy":"product_tag","embeddable":true,"href":"https:\/\/www.kostuemebreuer.de\/english\/wp-json\/wp\/v2\/product_tag?post=18240"}],"curies":[{"name":"wp","href":"https:\/\/api.w.org\/{rel}","templated":true}]}}