{"id":18198,"date":"2018-12-19T19:27:53","date_gmt":"2018-12-19T17:27:53","guid":{"rendered":"https:\/\/www.kostuemverleih.com\/?post_type=product&#038;p=18198"},"modified":"2023-12-02T06:03:31","modified_gmt":"2023-12-02T04:03:31","slug":"steampunk-guertel-hosentraeger","status":"publish","type":"product","link":"https:\/\/www.kostuemebreuer.de\/english\/produkt\/steampunk-guertel-hosentraeger\/","title":{"rendered":"Steampunk \u2013 Cyberpunk Outfit (Rock, Miederg\u00fcrtel, Bluse, Hosentr\u00e4ger, Zylinder und Brille)"},"content":{"rendered":"<p>Steampunk \u2013 Cyberpunk Outfit, bestehend aus einem Miederg\u00fcrtel, wei\u00dfen Bluse mit sch\u00f6nen Stickereien, Hosentr\u00e4gern, einem grauen Rock, einem braunem Zylinder und einer Brille.<\/p>\n<p>Die Per\u00fccke (Kauf) kann separat dazu gebucht werden.<\/p>\n","protected":false},"excerpt":{"rendered":"<p>Steampunk \u2013 Cyberpunk Outfit, bestehend aus einem Miederg\u00fcrtel, wei\u00dfen Bluse mit sch\u00f6nen Stickereien, Hosentr\u00e4gern, einem grauen Rock, einem braunem Zylinder und einer Brille.<\/p>\n<p>Die Per\u00fccke (Kauf) kann separat dazu gebucht werden.<\/p>\n","protected":false},"featured_media":18197,"template":"","meta":{"_acf_changed":false},"product_brand":[],"product_cat":[200,97,29],"product_tag":[527,47],"class_list":{"0":"post-18198","1":"product","2":"type-product","3":"status-publish","4":"has-post-thumbnail","6":"product_cat-aussergewoehnlichesdamen","7":"product_cat-fasching","8":"product_cat-kostueme","9":"product_tag-80er-jahre-michael-jackson-miami-vice-dallas","10":"product_tag-braun","11":"product_shipping_class-versandklasse-2","12":"infinite-scroll-item","14":"first","15":"instock","16":"taxable","17":"shipping-taxable","18":"purchasable","19":"product-type-simple"},"yoast_head":"<!-- This site is optimized with the Yoast SEO plugin v27.2 - https:\/\/yoast.com\/product\/yoast-seo-wordpress\/ -->\n<title>Steampunk \u2013 Cyberpunk Outfit (Rock, Miederg\u00fcrtel, Bluse, Hosentr\u00e4ger, Zylinder und Brille) - Costumes Breuer<\/title>\n<meta name=\"description\" content=\"Steampunk \u2013 Cyberpunk Outfit, bestehend aus einem Miederg\u00fcrtel, wei\u00dfen Bluse mit sch\u00f6nen Stickereien, Hosentr\u00e4gern, einem grauen Rock, einem braunem Zylinder und einer Brille. Die Per\u00fccke (Kauf) kann separat dazu gebucht werden.\" \/>\n<meta name=\"robots\" content=\"index, follow, max-snippet:-1, max-image-preview:large, max-video-preview:-1\" \/>\n<link rel=\"canonical\" href=\"https:\/\/www.kostuemebreuer.de\/english\/produkt\/steampunk-guertel-hosentraeger\/\" \/>\n<meta property=\"og:locale\" content=\"en_GB\" \/>\n<meta property=\"og:type\" content=\"article\" \/>\n<meta property=\"og:title\" content=\"Steampunk \u2013 Cyberpunk Outfit (Rock, Miederg\u00fcrtel, Bluse, Hosentr\u00e4ger, Zylinder und Brille) - Costumes Breuer\" \/>\n<meta property=\"og:description\" content=\"Steampunk \u2013 Cyberpunk Outfit, bestehend aus einem Miederg\u00fcrtel, wei\u00dfen Bluse mit sch\u00f6nen Stickereien, Hosentr\u00e4gern, einem grauen Rock, einem braunem Zylinder und einer Brille. Die Per\u00fccke (Kauf) kann separat dazu gebucht werden.\" \/>\n<meta property=\"og:url\" content=\"https:\/\/www.kostuemebreuer.de\/english\/produkt\/steampunk-guertel-hosentraeger\/\" \/>\n<meta property=\"og:site_name\" content=\"Costumes Breuer\" \/>\n<meta property=\"article:publisher\" content=\"https:\/\/www.facebook.com\/Kostuemebreuer\/?locale=de_DE\" \/>\n<meta property=\"article:modified_time\" content=\"2023-12-02T04:03:31+00:00\" \/>\n<meta property=\"og:image\" content=\"https:\/\/www.kostuemebreuer.de\/english\/wp-content\/uploads\/sites\/6\/Steampunk2.jpg\" \/>\n\t<meta property=\"og:image:width\" content=\"540\" \/>\n\t<meta property=\"og:image:height\" content=\"960\" \/>\n\t<meta property=\"og:image:type\" content=\"image\/jpeg\" \/>\n<meta name=\"twitter:card\" content=\"summary_large_image\" \/>\n<script type=\"application\/ld+json\" class=\"yoast-schema-graph\">{\"@context\":\"https:\/\/schema.org\",\"@graph\":[{\"@type\":\"WebPage\",\"@id\":\"https:\/\/www.kostuemebreuer.de\/english\/produkt\/steampunk-guertel-hosentraeger\/\",\"url\":\"https:\/\/www.kostuemebreuer.de\/english\/produkt\/steampunk-guertel-hosentraeger\/\",\"name\":\"Steampunk \u2013 Cyberpunk Outfit (Rock, Miederg\u00fcrtel, Bluse, Hosentr\u00e4ger, Zylinder und Brille) - Costumes Breuer\",\"isPartOf\":{\"@id\":\"https:\/\/www.kostuemebreuer.de\/english\/#website\"},\"primaryImageOfPage\":{\"@id\":\"https:\/\/www.kostuemebreuer.de\/english\/produkt\/steampunk-guertel-hosentraeger\/#primaryimage\"},\"image\":{\"@id\":\"https:\/\/www.kostuemebreuer.de\/english\/produkt\/steampunk-guertel-hosentraeger\/#primaryimage\"},\"thumbnailUrl\":\"https:\/\/www.kostuemebreuer.de\/english\/wp-content\/uploads\/sites\/6\/Steampunk2.jpg\",\"datePublished\":\"2018-12-19T17:27:53+00:00\",\"dateModified\":\"2023-12-02T04:03:31+00:00\",\"description\":\"Steampunk \u2013 Cyberpunk Outfit, bestehend aus einem Miederg\u00fcrtel, wei\u00dfen Bluse mit sch\u00f6nen Stickereien, Hosentr\u00e4gern, einem grauen Rock, einem braunem Zylinder und einer Brille. Die Per\u00fccke (Kauf) kann separat dazu gebucht werden.\",\"breadcrumb\":{\"@id\":\"https:\/\/www.kostuemebreuer.de\/english\/produkt\/steampunk-guertel-hosentraeger\/#breadcrumb\"},\"inLanguage\":\"en-GB\",\"potentialAction\":[{\"@type\":\"ReadAction\",\"target\":[\"https:\/\/www.kostuemebreuer.de\/english\/produkt\/steampunk-guertel-hosentraeger\/\"]}]},{\"@type\":\"ImageObject\",\"inLanguage\":\"en-GB\",\"@id\":\"https:\/\/www.kostuemebreuer.de\/english\/produkt\/steampunk-guertel-hosentraeger\/#primaryimage\",\"url\":\"https:\/\/www.kostuemebreuer.de\/english\/wp-content\/uploads\/sites\/6\/Steampunk2.jpg\",\"contentUrl\":\"https:\/\/www.kostuemebreuer.de\/english\/wp-content\/uploads\/sites\/6\/Steampunk2.jpg\",\"width\":540,\"height\":960},{\"@type\":\"BreadcrumbList\",\"@id\":\"https:\/\/www.kostuemebreuer.de\/english\/produkt\/steampunk-guertel-hosentraeger\/#breadcrumb\",\"itemListElement\":[{\"@type\":\"ListItem\",\"position\":1,\"name\":\"Startseite\",\"item\":\"https:\/\/www.kostuemebreuer.de\/english\/\"},{\"@type\":\"ListItem\",\"position\":2,\"name\":\"Kost\u00fcme\",\"item\":\"https:\/\/www.kostuemebreuer.de\/english\/kostueme\/\"},{\"@type\":\"ListItem\",\"position\":3,\"name\":\"Steampunk \u2013 Cyberpunk Outfit (Rock, Miederg\u00fcrtel, Bluse, Hosentr\u00e4ger, Zylinder und Brille)\"}]},{\"@type\":\"WebSite\",\"@id\":\"https:\/\/www.kostuemebreuer.de\/english\/#website\",\"url\":\"https:\/\/www.kostuemebreuer.de\/english\/\",\"name\":\"Kost\u00fcme Breuer in M\u00fcnchen\",\"description\":\"Kost\u00fcmverleih\",\"publisher\":{\"@id\":\"https:\/\/www.kostuemebreuer.de\/english\/#organization\"},\"alternateName\":\"Kost\u00fcmverleih Breuer\",\"potentialAction\":[{\"@type\":\"SearchAction\",\"target\":{\"@type\":\"EntryPoint\",\"urlTemplate\":\"https:\/\/www.kostuemebreuer.de\/english\/?s={search_term_string}\"},\"query-input\":{\"@type\":\"PropertyValueSpecification\",\"valueRequired\":true,\"valueName\":\"search_term_string\"}}],\"inLanguage\":\"en-GB\"},{\"@type\":\"Organization\",\"@id\":\"https:\/\/www.kostuemebreuer.de\/english\/#organization\",\"name\":\"Kost\u00fcme Breuer in M\u00fcnchen\",\"url\":\"https:\/\/www.kostuemebreuer.de\/english\/\",\"logo\":{\"@type\":\"ImageObject\",\"inLanguage\":\"en-GB\",\"@id\":\"https:\/\/www.kostuemebreuer.de\/english\/#\/schema\/logo\/image\/\",\"url\":\"https:\/\/www.kostuemebreuer.de\/english\/wp-content\/uploads\/sites\/6\/logo.svg\",\"contentUrl\":\"https:\/\/www.kostuemebreuer.de\/english\/wp-content\/uploads\/sites\/6\/logo.svg\",\"caption\":\"Kost\u00fcme Breuer in M\u00fcnchen\"},\"image\":{\"@id\":\"https:\/\/www.kostuemebreuer.de\/english\/#\/schema\/logo\/image\/\"},\"sameAs\":[\"https:\/\/www.facebook.com\/Kostuemebreuer\/?locale=de_DE\",\"https:\/\/www.instagram.com\/kostuemebreuer\/\"]}]}<\/script>\n<!-- \/ Yoast SEO plugin. -->","yoast_head_json":{"title":"Steampunk \u2013 Cyberpunk Outfit (Rock, Miederg\u00fcrtel, Bluse, Hosentr\u00e4ger, Zylinder und Brille) - Costumes Breuer","description":"Steampunk \u2013 Cyberpunk Outfit, bestehend aus einem Miederg\u00fcrtel, wei\u00dfen Bluse mit sch\u00f6nen Stickereien, Hosentr\u00e4gern, einem grauen Rock, einem braunem Zylinder und einer Brille. Die Per\u00fccke (Kauf) kann separat dazu gebucht werden.","robots":{"index":"index","follow":"follow","max-snippet":"max-snippet:-1","max-image-preview":"max-image-preview:large","max-video-preview":"max-video-preview:-1"},"canonical":"https:\/\/www.kostuemebreuer.de\/english\/produkt\/steampunk-guertel-hosentraeger\/","og_locale":"en_GB","og_type":"article","og_title":"Steampunk \u2013 Cyberpunk Outfit (Rock, Miederg\u00fcrtel, Bluse, Hosentr\u00e4ger, Zylinder und Brille) - Costumes Breuer","og_description":"Steampunk \u2013 Cyberpunk Outfit, bestehend aus einem Miederg\u00fcrtel, wei\u00dfen Bluse mit sch\u00f6nen Stickereien, Hosentr\u00e4gern, einem grauen Rock, einem braunem Zylinder und einer Brille. Die Per\u00fccke (Kauf) kann separat dazu gebucht werden.","og_url":"https:\/\/www.kostuemebreuer.de\/english\/produkt\/steampunk-guertel-hosentraeger\/","og_site_name":"Costumes Breuer","article_publisher":"https:\/\/www.facebook.com\/Kostuemebreuer\/?locale=de_DE","article_modified_time":"2023-12-02T04:03:31+00:00","og_image":[{"width":540,"height":960,"url":"https:\/\/www.kostuemebreuer.de\/english\/wp-content\/uploads\/sites\/6\/Steampunk2.jpg","type":"image\/jpeg"}],"twitter_card":"summary_large_image","schema":{"@context":"https:\/\/schema.org","@graph":[{"@type":"WebPage","@id":"https:\/\/www.kostuemebreuer.de\/english\/produkt\/steampunk-guertel-hosentraeger\/","url":"https:\/\/www.kostuemebreuer.de\/english\/produkt\/steampunk-guertel-hosentraeger\/","name":"Steampunk \u2013 Cyberpunk Outfit (Rock, Miederg\u00fcrtel, Bluse, Hosentr\u00e4ger, Zylinder und Brille) - Costumes Breuer","isPartOf":{"@id":"https:\/\/www.kostuemebreuer.de\/english\/#website"},"primaryImageOfPage":{"@id":"https:\/\/www.kostuemebreuer.de\/english\/produkt\/steampunk-guertel-hosentraeger\/#primaryimage"},"image":{"@id":"https:\/\/www.kostuemebreuer.de\/english\/produkt\/steampunk-guertel-hosentraeger\/#primaryimage"},"thumbnailUrl":"https:\/\/www.kostuemebreuer.de\/english\/wp-content\/uploads\/sites\/6\/Steampunk2.jpg","datePublished":"2018-12-19T17:27:53+00:00","dateModified":"2023-12-02T04:03:31+00:00","description":"Steampunk \u2013 Cyberpunk Outfit, bestehend aus einem Miederg\u00fcrtel, wei\u00dfen Bluse mit sch\u00f6nen Stickereien, Hosentr\u00e4gern, einem grauen Rock, einem braunem Zylinder und einer Brille. Die Per\u00fccke (Kauf) kann separat dazu gebucht werden.","breadcrumb":{"@id":"https:\/\/www.kostuemebreuer.de\/english\/produkt\/steampunk-guertel-hosentraeger\/#breadcrumb"},"inLanguage":"en-GB","potentialAction":[{"@type":"ReadAction","target":["https:\/\/www.kostuemebreuer.de\/english\/produkt\/steampunk-guertel-hosentraeger\/"]}]},{"@type":"ImageObject","inLanguage":"en-GB","@id":"https:\/\/www.kostuemebreuer.de\/english\/produkt\/steampunk-guertel-hosentraeger\/#primaryimage","url":"https:\/\/www.kostuemebreuer.de\/english\/wp-content\/uploads\/sites\/6\/Steampunk2.jpg","contentUrl":"https:\/\/www.kostuemebreuer.de\/english\/wp-content\/uploads\/sites\/6\/Steampunk2.jpg","width":540,"height":960},{"@type":"BreadcrumbList","@id":"https:\/\/www.kostuemebreuer.de\/english\/produkt\/steampunk-guertel-hosentraeger\/#breadcrumb","itemListElement":[{"@type":"ListItem","position":1,"name":"Startseite","item":"https:\/\/www.kostuemebreuer.de\/english\/"},{"@type":"ListItem","position":2,"name":"Kost\u00fcme","item":"https:\/\/www.kostuemebreuer.de\/english\/kostueme\/"},{"@type":"ListItem","position":3,"name":"Steampunk \u2013 Cyberpunk Outfit (Rock, Miederg\u00fcrtel, Bluse, Hosentr\u00e4ger, Zylinder und Brille)"}]},{"@type":"WebSite","@id":"https:\/\/www.kostuemebreuer.de\/english\/#website","url":"https:\/\/www.kostuemebreuer.de\/english\/","name":"Kost\u00fcme Breuer in M\u00fcnchen","description":"Kost\u00fcmverleih","publisher":{"@id":"https:\/\/www.kostuemebreuer.de\/english\/#organization"},"alternateName":"Kost\u00fcmverleih Breuer","potentialAction":[{"@type":"SearchAction","target":{"@type":"EntryPoint","urlTemplate":"https:\/\/www.kostuemebreuer.de\/english\/?s={search_term_string}"},"query-input":{"@type":"PropertyValueSpecification","valueRequired":true,"valueName":"search_term_string"}}],"inLanguage":"en-GB"},{"@type":"Organization","@id":"https:\/\/www.kostuemebreuer.de\/english\/#organization","name":"Kost\u00fcme Breuer in M\u00fcnchen","url":"https:\/\/www.kostuemebreuer.de\/english\/","logo":{"@type":"ImageObject","inLanguage":"en-GB","@id":"https:\/\/www.kostuemebreuer.de\/english\/#\/schema\/logo\/image\/","url":"https:\/\/www.kostuemebreuer.de\/english\/wp-content\/uploads\/sites\/6\/logo.svg","contentUrl":"https:\/\/www.kostuemebreuer.de\/english\/wp-content\/uploads\/sites\/6\/logo.svg","caption":"Kost\u00fcme Breuer in M\u00fcnchen"},"image":{"@id":"https:\/\/www.kostuemebreuer.de\/english\/#\/schema\/logo\/image\/"},"sameAs":["https:\/\/www.facebook.com\/Kostuemebreuer\/?locale=de_DE","https:\/\/www.instagram.com\/kostuemebreuer\/"]}]}},"acf":[],"_links":{"self":[{"href":"https:\/\/www.kostuemebreuer.de\/english\/wp-json\/wp\/v2\/product\/18198","targetHints":{"allow":["GET"]}}],"collection":[{"href":"https:\/\/www.kostuemebreuer.de\/english\/wp-json\/wp\/v2\/product"}],"about":[{"href":"https:\/\/www.kostuemebreuer.de\/english\/wp-json\/wp\/v2\/types\/product"}],"wp:featuredmedia":[{"embeddable":true,"href":"https:\/\/www.kostuemebreuer.de\/english\/wp-json\/wp\/v2\/media\/18197"}],"wp:attachment":[{"href":"https:\/\/www.kostuemebreuer.de\/english\/wp-json\/wp\/v2\/media?parent=18198"}],"wp:term":[{"taxonomy":"product_brand","embeddable":true,"href":"https:\/\/www.kostuemebreuer.de\/english\/wp-json\/wp\/v2\/product_brand?post=18198"},{"taxonomy":"product_cat","embeddable":true,"href":"https:\/\/www.kostuemebreuer.de\/english\/wp-json\/wp\/v2\/product_cat?post=18198"},{"taxonomy":"product_tag","embeddable":true,"href":"https:\/\/www.kostuemebreuer.de\/english\/wp-json\/wp\/v2\/product_tag?post=18198"}],"curies":[{"name":"wp","href":"https:\/\/api.w.org\/{rel}","templated":true}]}}