{"id":18024,"date":"2018-11-08T16:42:05","date_gmt":"2018-11-08T14:42:05","guid":{"rendered":"https:\/\/www.kostuemverleih.com\/?post_type=product&#038;p=18024"},"modified":"2023-12-02T06:03:29","modified_gmt":"2023-12-02T04:03:29","slug":"mittelalterkleid-koenigin-der-nacht","status":"publish","type":"product","link":"https:\/\/www.kostuemebreuer.de\/english\/produkt\/mittelalterkleid-koenigin-der-nacht\/","title":{"rendered":"Mittelalter \u2013 Ratsherrenball Outfit \u2013 Damen \u2013 Dunkelblau (Samtkleid, Stirnband und Kette)"},"content":{"rendered":"<p>Mittelalter \u2013 Ratsherrenball Outfit \u2013 Damen \u2013 Dunkelblau, bestehend aus einem dunkelblauen Kleid aus Samt und Brokat mit goldenen Borten und Trompeten\u00e4rmel, einem Stirnband und einer Kette, wahlweise erweiterbar mit einem Wollcape und Pompadure. (Paket 2)<\/p>\n<p>Die Per\u00fccke (Kauf) kann separat dazu gebucht werden.<\/p>\n","protected":false},"excerpt":{"rendered":"<p>Mittelalter \u2013 Ratsherrenball Outfit \u2013 Damen \u2013 Dunkelblau, bestehend aus einem dunkelblauen Kleid aus Samt und Brokat mit goldenen Borten und Trompeten\u00e4rmel, einem Stirnband und einer Kette, wahlweise erweiterbar mit einem <strong>Wollcape und Pompadure<\/strong>. (Paket 2)<\/p>\n<p>Die Per\u00fccke (Kauf) kann separat dazu gebucht werden.<\/p>\n","protected":false},"featured_media":18052,"template":"","meta":{"_acf_changed":false},"product_brand":[],"product_cat":[200,251,125,29],"product_tag":[53,73,170],"class_list":{"0":"post-18024","1":"product","2":"type-product","3":"status-publish","4":"has-post-thumbnail","6":"product_cat-aussergewoehnlichesdamen","7":"product_cat-historisch","8":"product_cat-kleider","9":"product_cat-kostueme","10":"product_tag-blau","11":"product_tag-historische-persoenlichkeiten","12":"product_tag-mittelalter","13":"product_shipping_class-versandklasse-2","14":"infinite-scroll-item","16":"first","17":"instock","18":"taxable","19":"shipping-taxable","20":"purchasable","21":"product-type-simple"},"yoast_head":"<!-- This site is optimized with the Yoast SEO plugin v27.2 - https:\/\/yoast.com\/product\/yoast-seo-wordpress\/ -->\n<title>Mittelalter \u2013 Ratsherrenball Outfit \u2013 Damen \u2013 Dunkelblau (Samtkleid, Stirnband und Kette) - Costumes Breuer<\/title>\n<meta name=\"description\" content=\"Mittelalter \u2013 Ratsherrenball Outfit \u2013 Damen \u2013 Dunkelblau, bestehend aus einem dunkelblauen Kleid aus Samt und Brokat mit goldenen Borten und Trompeten\u00e4rmel, einem Stirnband und einer Kette, wahlweise erweiterbar mit einem Wollcape und Pompadure. (Paket 2) Die Per\u00fccke (Kauf) kann separat dazu gebucht werden.\" \/>\n<meta name=\"robots\" content=\"index, follow, max-snippet:-1, max-image-preview:large, max-video-preview:-1\" \/>\n<link rel=\"canonical\" href=\"https:\/\/www.kostuemebreuer.de\/english\/produkt\/mittelalterkleid-koenigin-der-nacht\/\" \/>\n<meta property=\"og:locale\" content=\"en_GB\" \/>\n<meta property=\"og:type\" content=\"article\" \/>\n<meta property=\"og:title\" content=\"Mittelalter \u2013 Ratsherrenball Outfit \u2013 Damen \u2013 Dunkelblau (Samtkleid, Stirnband und Kette) - Costumes Breuer\" \/>\n<meta property=\"og:description\" content=\"Mittelalter \u2013 Ratsherrenball Outfit \u2013 Damen \u2013 Dunkelblau, bestehend aus einem dunkelblauen Kleid aus Samt und Brokat mit goldenen Borten und Trompeten\u00e4rmel, einem Stirnband und einer Kette, wahlweise erweiterbar mit einem Wollcape und Pompadure. (Paket 2) Die Per\u00fccke (Kauf) kann separat dazu gebucht werden.\" \/>\n<meta property=\"og:url\" content=\"https:\/\/www.kostuemebreuer.de\/english\/produkt\/mittelalterkleid-koenigin-der-nacht\/\" \/>\n<meta property=\"og:site_name\" content=\"Costumes Breuer\" \/>\n<meta property=\"article:publisher\" content=\"https:\/\/www.facebook.com\/Kostuemebreuer\/?locale=de_DE\" \/>\n<meta property=\"article:modified_time\" content=\"2023-12-02T04:03:29+00:00\" \/>\n<meta property=\"og:image\" content=\"https:\/\/www.kostuemebreuer.de\/english\/wp-content\/uploads\/sites\/6\/Mittelalterkleid-blau-samt.jpg\" \/>\n\t<meta property=\"og:image:width\" content=\"540\" \/>\n\t<meta property=\"og:image:height\" content=\"960\" \/>\n\t<meta property=\"og:image:type\" content=\"image\/jpeg\" \/>\n<meta name=\"twitter:card\" content=\"summary_large_image\" \/>\n<meta name=\"twitter:label1\" content=\"Estimated reading time\" \/>\n\t<meta name=\"twitter:data1\" content=\"1 minute\" \/>\n<script type=\"application\/ld+json\" class=\"yoast-schema-graph\">{\"@context\":\"https:\/\/schema.org\",\"@graph\":[{\"@type\":\"WebPage\",\"@id\":\"https:\/\/www.kostuemebreuer.de\/english\/produkt\/mittelalterkleid-koenigin-der-nacht\/\",\"url\":\"https:\/\/www.kostuemebreuer.de\/english\/produkt\/mittelalterkleid-koenigin-der-nacht\/\",\"name\":\"Mittelalter \u2013 Ratsherrenball Outfit \u2013 Damen \u2013 Dunkelblau (Samtkleid, Stirnband und Kette) - Costumes Breuer\",\"isPartOf\":{\"@id\":\"https:\/\/www.kostuemebreuer.de\/english\/#website\"},\"primaryImageOfPage\":{\"@id\":\"https:\/\/www.kostuemebreuer.de\/english\/produkt\/mittelalterkleid-koenigin-der-nacht\/#primaryimage\"},\"image\":{\"@id\":\"https:\/\/www.kostuemebreuer.de\/english\/produkt\/mittelalterkleid-koenigin-der-nacht\/#primaryimage\"},\"thumbnailUrl\":\"https:\/\/www.kostuemebreuer.de\/english\/wp-content\/uploads\/sites\/6\/Mittelalterkleid-blau-samt.jpg\",\"datePublished\":\"2018-11-08T14:42:05+00:00\",\"dateModified\":\"2023-12-02T04:03:29+00:00\",\"description\":\"Mittelalter \u2013 Ratsherrenball Outfit \u2013 Damen \u2013 Dunkelblau, bestehend aus einem dunkelblauen Kleid aus Samt und Brokat mit goldenen Borten und Trompeten\u00e4rmel, einem Stirnband und einer Kette, wahlweise erweiterbar mit einem Wollcape und Pompadure. (Paket 2) Die Per\u00fccke (Kauf) kann separat dazu gebucht werden.\",\"breadcrumb\":{\"@id\":\"https:\/\/www.kostuemebreuer.de\/english\/produkt\/mittelalterkleid-koenigin-der-nacht\/#breadcrumb\"},\"inLanguage\":\"en-GB\",\"potentialAction\":[{\"@type\":\"ReadAction\",\"target\":[\"https:\/\/www.kostuemebreuer.de\/english\/produkt\/mittelalterkleid-koenigin-der-nacht\/\"]}]},{\"@type\":\"ImageObject\",\"inLanguage\":\"en-GB\",\"@id\":\"https:\/\/www.kostuemebreuer.de\/english\/produkt\/mittelalterkleid-koenigin-der-nacht\/#primaryimage\",\"url\":\"https:\/\/www.kostuemebreuer.de\/english\/wp-content\/uploads\/sites\/6\/Mittelalterkleid-blau-samt.jpg\",\"contentUrl\":\"https:\/\/www.kostuemebreuer.de\/english\/wp-content\/uploads\/sites\/6\/Mittelalterkleid-blau-samt.jpg\",\"width\":540,\"height\":960},{\"@type\":\"BreadcrumbList\",\"@id\":\"https:\/\/www.kostuemebreuer.de\/english\/produkt\/mittelalterkleid-koenigin-der-nacht\/#breadcrumb\",\"itemListElement\":[{\"@type\":\"ListItem\",\"position\":1,\"name\":\"Startseite\",\"item\":\"https:\/\/www.kostuemebreuer.de\/english\/\"},{\"@type\":\"ListItem\",\"position\":2,\"name\":\"Kost\u00fcme\",\"item\":\"https:\/\/www.kostuemebreuer.de\/english\/kostueme\/\"},{\"@type\":\"ListItem\",\"position\":3,\"name\":\"Mittelalter \u2013 Ratsherrenball Outfit \u2013 Damen \u2013 Dunkelblau (Samtkleid, Stirnband und Kette)\"}]},{\"@type\":\"WebSite\",\"@id\":\"https:\/\/www.kostuemebreuer.de\/english\/#website\",\"url\":\"https:\/\/www.kostuemebreuer.de\/english\/\",\"name\":\"Kost\u00fcme Breuer in M\u00fcnchen\",\"description\":\"Kost\u00fcmverleih\",\"publisher\":{\"@id\":\"https:\/\/www.kostuemebreuer.de\/english\/#organization\"},\"alternateName\":\"Kost\u00fcmverleih Breuer\",\"potentialAction\":[{\"@type\":\"SearchAction\",\"target\":{\"@type\":\"EntryPoint\",\"urlTemplate\":\"https:\/\/www.kostuemebreuer.de\/english\/?s={search_term_string}\"},\"query-input\":{\"@type\":\"PropertyValueSpecification\",\"valueRequired\":true,\"valueName\":\"search_term_string\"}}],\"inLanguage\":\"en-GB\"},{\"@type\":\"Organization\",\"@id\":\"https:\/\/www.kostuemebreuer.de\/english\/#organization\",\"name\":\"Kost\u00fcme Breuer in M\u00fcnchen\",\"url\":\"https:\/\/www.kostuemebreuer.de\/english\/\",\"logo\":{\"@type\":\"ImageObject\",\"inLanguage\":\"en-GB\",\"@id\":\"https:\/\/www.kostuemebreuer.de\/english\/#\/schema\/logo\/image\/\",\"url\":\"https:\/\/www.kostuemebreuer.de\/english\/wp-content\/uploads\/sites\/6\/logo.svg\",\"contentUrl\":\"https:\/\/www.kostuemebreuer.de\/english\/wp-content\/uploads\/sites\/6\/logo.svg\",\"caption\":\"Kost\u00fcme Breuer in M\u00fcnchen\"},\"image\":{\"@id\":\"https:\/\/www.kostuemebreuer.de\/english\/#\/schema\/logo\/image\/\"},\"sameAs\":[\"https:\/\/www.facebook.com\/Kostuemebreuer\/?locale=de_DE\",\"https:\/\/www.instagram.com\/kostuemebreuer\/\"]}]}<\/script>\n<!-- \/ Yoast SEO plugin. -->","yoast_head_json":{"title":"Mittelalter \u2013 Ratsherrenball Outfit \u2013 Damen \u2013 Dunkelblau (Samtkleid, Stirnband und Kette) - Costumes Breuer","description":"Mittelalter \u2013 Ratsherrenball Outfit \u2013 Damen \u2013 Dunkelblau, bestehend aus einem dunkelblauen Kleid aus Samt und Brokat mit goldenen Borten und Trompeten\u00e4rmel, einem Stirnband und einer Kette, wahlweise erweiterbar mit einem Wollcape und Pompadure. (Paket 2) Die Per\u00fccke (Kauf) kann separat dazu gebucht werden.","robots":{"index":"index","follow":"follow","max-snippet":"max-snippet:-1","max-image-preview":"max-image-preview:large","max-video-preview":"max-video-preview:-1"},"canonical":"https:\/\/www.kostuemebreuer.de\/english\/produkt\/mittelalterkleid-koenigin-der-nacht\/","og_locale":"en_GB","og_type":"article","og_title":"Mittelalter \u2013 Ratsherrenball Outfit \u2013 Damen \u2013 Dunkelblau (Samtkleid, Stirnband und Kette) - Costumes Breuer","og_description":"Mittelalter \u2013 Ratsherrenball Outfit \u2013 Damen \u2013 Dunkelblau, bestehend aus einem dunkelblauen Kleid aus Samt und Brokat mit goldenen Borten und Trompeten\u00e4rmel, einem Stirnband und einer Kette, wahlweise erweiterbar mit einem Wollcape und Pompadure. (Paket 2) Die Per\u00fccke (Kauf) kann separat dazu gebucht werden.","og_url":"https:\/\/www.kostuemebreuer.de\/english\/produkt\/mittelalterkleid-koenigin-der-nacht\/","og_site_name":"Costumes Breuer","article_publisher":"https:\/\/www.facebook.com\/Kostuemebreuer\/?locale=de_DE","article_modified_time":"2023-12-02T04:03:29+00:00","og_image":[{"width":540,"height":960,"url":"https:\/\/www.kostuemebreuer.de\/english\/wp-content\/uploads\/sites\/6\/Mittelalterkleid-blau-samt.jpg","type":"image\/jpeg"}],"twitter_card":"summary_large_image","twitter_misc":{"Estimated reading time":"1 minute"},"schema":{"@context":"https:\/\/schema.org","@graph":[{"@type":"WebPage","@id":"https:\/\/www.kostuemebreuer.de\/english\/produkt\/mittelalterkleid-koenigin-der-nacht\/","url":"https:\/\/www.kostuemebreuer.de\/english\/produkt\/mittelalterkleid-koenigin-der-nacht\/","name":"Mittelalter \u2013 Ratsherrenball Outfit \u2013 Damen \u2013 Dunkelblau (Samtkleid, Stirnband und Kette) - Costumes Breuer","isPartOf":{"@id":"https:\/\/www.kostuemebreuer.de\/english\/#website"},"primaryImageOfPage":{"@id":"https:\/\/www.kostuemebreuer.de\/english\/produkt\/mittelalterkleid-koenigin-der-nacht\/#primaryimage"},"image":{"@id":"https:\/\/www.kostuemebreuer.de\/english\/produkt\/mittelalterkleid-koenigin-der-nacht\/#primaryimage"},"thumbnailUrl":"https:\/\/www.kostuemebreuer.de\/english\/wp-content\/uploads\/sites\/6\/Mittelalterkleid-blau-samt.jpg","datePublished":"2018-11-08T14:42:05+00:00","dateModified":"2023-12-02T04:03:29+00:00","description":"Mittelalter \u2013 Ratsherrenball Outfit \u2013 Damen \u2013 Dunkelblau, bestehend aus einem dunkelblauen Kleid aus Samt und Brokat mit goldenen Borten und Trompeten\u00e4rmel, einem Stirnband und einer Kette, wahlweise erweiterbar mit einem Wollcape und Pompadure. (Paket 2) Die Per\u00fccke (Kauf) kann separat dazu gebucht werden.","breadcrumb":{"@id":"https:\/\/www.kostuemebreuer.de\/english\/produkt\/mittelalterkleid-koenigin-der-nacht\/#breadcrumb"},"inLanguage":"en-GB","potentialAction":[{"@type":"ReadAction","target":["https:\/\/www.kostuemebreuer.de\/english\/produkt\/mittelalterkleid-koenigin-der-nacht\/"]}]},{"@type":"ImageObject","inLanguage":"en-GB","@id":"https:\/\/www.kostuemebreuer.de\/english\/produkt\/mittelalterkleid-koenigin-der-nacht\/#primaryimage","url":"https:\/\/www.kostuemebreuer.de\/english\/wp-content\/uploads\/sites\/6\/Mittelalterkleid-blau-samt.jpg","contentUrl":"https:\/\/www.kostuemebreuer.de\/english\/wp-content\/uploads\/sites\/6\/Mittelalterkleid-blau-samt.jpg","width":540,"height":960},{"@type":"BreadcrumbList","@id":"https:\/\/www.kostuemebreuer.de\/english\/produkt\/mittelalterkleid-koenigin-der-nacht\/#breadcrumb","itemListElement":[{"@type":"ListItem","position":1,"name":"Startseite","item":"https:\/\/www.kostuemebreuer.de\/english\/"},{"@type":"ListItem","position":2,"name":"Kost\u00fcme","item":"https:\/\/www.kostuemebreuer.de\/english\/kostueme\/"},{"@type":"ListItem","position":3,"name":"Mittelalter \u2013 Ratsherrenball Outfit \u2013 Damen \u2013 Dunkelblau (Samtkleid, Stirnband und Kette)"}]},{"@type":"WebSite","@id":"https:\/\/www.kostuemebreuer.de\/english\/#website","url":"https:\/\/www.kostuemebreuer.de\/english\/","name":"Kost\u00fcme Breuer in M\u00fcnchen","description":"Kost\u00fcmverleih","publisher":{"@id":"https:\/\/www.kostuemebreuer.de\/english\/#organization"},"alternateName":"Kost\u00fcmverleih Breuer","potentialAction":[{"@type":"SearchAction","target":{"@type":"EntryPoint","urlTemplate":"https:\/\/www.kostuemebreuer.de\/english\/?s={search_term_string}"},"query-input":{"@type":"PropertyValueSpecification","valueRequired":true,"valueName":"search_term_string"}}],"inLanguage":"en-GB"},{"@type":"Organization","@id":"https:\/\/www.kostuemebreuer.de\/english\/#organization","name":"Kost\u00fcme Breuer in M\u00fcnchen","url":"https:\/\/www.kostuemebreuer.de\/english\/","logo":{"@type":"ImageObject","inLanguage":"en-GB","@id":"https:\/\/www.kostuemebreuer.de\/english\/#\/schema\/logo\/image\/","url":"https:\/\/www.kostuemebreuer.de\/english\/wp-content\/uploads\/sites\/6\/logo.svg","contentUrl":"https:\/\/www.kostuemebreuer.de\/english\/wp-content\/uploads\/sites\/6\/logo.svg","caption":"Kost\u00fcme Breuer in M\u00fcnchen"},"image":{"@id":"https:\/\/www.kostuemebreuer.de\/english\/#\/schema\/logo\/image\/"},"sameAs":["https:\/\/www.facebook.com\/Kostuemebreuer\/?locale=de_DE","https:\/\/www.instagram.com\/kostuemebreuer\/"]}]}},"acf":[],"_links":{"self":[{"href":"https:\/\/www.kostuemebreuer.de\/english\/wp-json\/wp\/v2\/product\/18024","targetHints":{"allow":["GET"]}}],"collection":[{"href":"https:\/\/www.kostuemebreuer.de\/english\/wp-json\/wp\/v2\/product"}],"about":[{"href":"https:\/\/www.kostuemebreuer.de\/english\/wp-json\/wp\/v2\/types\/product"}],"wp:featuredmedia":[{"embeddable":true,"href":"https:\/\/www.kostuemebreuer.de\/english\/wp-json\/wp\/v2\/media\/18052"}],"wp:attachment":[{"href":"https:\/\/www.kostuemebreuer.de\/english\/wp-json\/wp\/v2\/media?parent=18024"}],"wp:term":[{"taxonomy":"product_brand","embeddable":true,"href":"https:\/\/www.kostuemebreuer.de\/english\/wp-json\/wp\/v2\/product_brand?post=18024"},{"taxonomy":"product_cat","embeddable":true,"href":"https:\/\/www.kostuemebreuer.de\/english\/wp-json\/wp\/v2\/product_cat?post=18024"},{"taxonomy":"product_tag","embeddable":true,"href":"https:\/\/www.kostuemebreuer.de\/english\/wp-json\/wp\/v2\/product_tag?post=18024"}],"curies":[{"name":"wp","href":"https:\/\/api.w.org\/{rel}","templated":true}]}}