{"id":17806,"date":"2018-07-25T18:07:02","date_gmt":"2018-07-25T16:07:02","guid":{"rendered":"https:\/\/www.kostuemverleih.com\/?post_type=product&#038;p=17806"},"modified":"2023-12-02T06:03:20","modified_gmt":"2023-12-02T04:03:20","slug":"knickerbocker-anzug-braun-kariert","status":"publish","type":"product","link":"https:\/\/www.kostuemebreuer.de\/english\/produkt\/knickerbocker-anzug-braun-kariert\/","title":{"rendered":"20er-30er Jahre Outfit  &#8211; Herren &#8211; Braun-Kariert (Weste, Schieberm\u00fctze und Fliege)"},"content":{"rendered":"<p>20er-30er Jahre Outfit &#8211; Herren &#8211; Braun-Kariert, bestehend aus einer karierten Weste, Schieberm\u00fctze und schwarzen Fliege, wahlweise erweiterbar mit einem wei\u00dfen Hemd, einer karierten Kniebundhose und Kniestr\u00fcmpfen (Paket 2), sowie einer karierten Jacke und einem Schal. (Paket 3)<\/p>\n","protected":false},"excerpt":{"rendered":"<p>20er-30er Jahre Outfit &#8211; Herren &#8211; Braun-Kariert, bestehend aus einer karierten Weste, Schieberm\u00fctze und schwarzen Fliege, wahlweise erweiterbar mit einem <strong>wei\u00dfen Hemd, einer karierten Kniebundhose und Kniestr\u00fcmpfen<\/strong> (Paket 2), sowie einer <strong>karierten Jacke und einem Schal<\/strong>. (Paket 3)<\/p>\n","protected":false},"featured_media":17807,"template":"","meta":{"_acf_changed":false},"product_brand":[],"product_cat":[226,33],"product_tag":[455,511,47],"class_list":{"0":"post-17806","1":"product","2":"type-product","3":"status-publish","4":"has-post-thumbnail","6":"product_cat-aussergewoehnlichesherren","7":"product_cat-herrenmode","8":"product_tag-20er-jahre-charleston-cabaret-gatsby","9":"product_tag-30er-jahre-dick-doof-king-kong-marlene-dietrich","10":"product_tag-braun","11":"product_shipping_class-versandklasse-2","12":"infinite-scroll-item","14":"first","15":"instock","16":"taxable","17":"shipping-taxable","18":"purchasable","19":"product-type-simple"},"yoast_head":"<!-- This site is optimized with the Yoast SEO plugin v27.2 - https:\/\/yoast.com\/product\/yoast-seo-wordpress\/ -->\n<title>20er-30er Jahre Outfit - Herren - Braun-Kariert (Weste, Schieberm\u00fctze und Fliege) - Costumes Breuer<\/title>\n<meta name=\"description\" content=\"20er-30er Jahre Outfit - Herren - Braun-Kariert, bestehend aus einer karierten Weste, Schieberm\u00fctze und schwarzen Fliege, wahlweise erweiterbar mit einem wei\u00dfen Hemd, einer karierten Kniebundhose und Kniestr\u00fcmpfen (Paket 2), sowie einer karierten Jacke und einem Schal. (Paket 3)\" \/>\n<meta name=\"robots\" content=\"index, follow, max-snippet:-1, max-image-preview:large, max-video-preview:-1\" \/>\n<link rel=\"canonical\" href=\"https:\/\/www.kostuemebreuer.de\/english\/produkt\/knickerbocker-anzug-braun-kariert\/\" \/>\n<meta property=\"og:locale\" content=\"en_GB\" \/>\n<meta property=\"og:type\" content=\"article\" \/>\n<meta property=\"og:title\" content=\"20er-30er Jahre Outfit - Herren - Braun-Kariert (Weste, Schieberm\u00fctze und Fliege) - Costumes Breuer\" \/>\n<meta property=\"og:description\" content=\"20er-30er Jahre Outfit - Herren - Braun-Kariert, bestehend aus einer karierten Weste, Schieberm\u00fctze und schwarzen Fliege, wahlweise erweiterbar mit einem wei\u00dfen Hemd, einer karierten Kniebundhose und Kniestr\u00fcmpfen (Paket 2), sowie einer karierten Jacke und einem Schal. (Paket 3)\" \/>\n<meta property=\"og:url\" content=\"https:\/\/www.kostuemebreuer.de\/english\/produkt\/knickerbocker-anzug-braun-kariert\/\" \/>\n<meta property=\"og:site_name\" content=\"Costumes Breuer\" \/>\n<meta property=\"article:publisher\" content=\"https:\/\/www.facebook.com\/Kostuemebreuer\/?locale=de_DE\" \/>\n<meta property=\"article:modified_time\" content=\"2023-12-02T04:03:20+00:00\" \/>\n<meta property=\"og:image\" content=\"https:\/\/www.kostuemebreuer.de\/english\/wp-content\/uploads\/sites\/6\/Knickerbocker-braun-kariert.jpg\" \/>\n\t<meta property=\"og:image:width\" content=\"540\" \/>\n\t<meta property=\"og:image:height\" content=\"960\" \/>\n\t<meta property=\"og:image:type\" content=\"image\/jpeg\" \/>\n<meta name=\"twitter:card\" content=\"summary_large_image\" \/>\n<script type=\"application\/ld+json\" class=\"yoast-schema-graph\">{\"@context\":\"https:\/\/schema.org\",\"@graph\":[{\"@type\":\"WebPage\",\"@id\":\"https:\/\/www.kostuemebreuer.de\/english\/produkt\/knickerbocker-anzug-braun-kariert\/\",\"url\":\"https:\/\/www.kostuemebreuer.de\/english\/produkt\/knickerbocker-anzug-braun-kariert\/\",\"name\":\"20er-30er Jahre Outfit - Herren - Braun-Kariert (Weste, Schieberm\u00fctze und Fliege) - Costumes Breuer\",\"isPartOf\":{\"@id\":\"https:\/\/www.kostuemebreuer.de\/english\/#website\"},\"primaryImageOfPage\":{\"@id\":\"https:\/\/www.kostuemebreuer.de\/english\/produkt\/knickerbocker-anzug-braun-kariert\/#primaryimage\"},\"image\":{\"@id\":\"https:\/\/www.kostuemebreuer.de\/english\/produkt\/knickerbocker-anzug-braun-kariert\/#primaryimage\"},\"thumbnailUrl\":\"https:\/\/www.kostuemebreuer.de\/english\/wp-content\/uploads\/sites\/6\/Knickerbocker-braun-kariert.jpg\",\"datePublished\":\"2018-07-25T16:07:02+00:00\",\"dateModified\":\"2023-12-02T04:03:20+00:00\",\"description\":\"20er-30er Jahre Outfit - Herren - Braun-Kariert, bestehend aus einer karierten Weste, Schieberm\u00fctze und schwarzen Fliege, wahlweise erweiterbar mit einem wei\u00dfen Hemd, einer karierten Kniebundhose und Kniestr\u00fcmpfen (Paket 2), sowie einer karierten Jacke und einem Schal. (Paket 3)\",\"breadcrumb\":{\"@id\":\"https:\/\/www.kostuemebreuer.de\/english\/produkt\/knickerbocker-anzug-braun-kariert\/#breadcrumb\"},\"inLanguage\":\"en-GB\",\"potentialAction\":[{\"@type\":\"ReadAction\",\"target\":[\"https:\/\/www.kostuemebreuer.de\/english\/produkt\/knickerbocker-anzug-braun-kariert\/\"]}]},{\"@type\":\"ImageObject\",\"inLanguage\":\"en-GB\",\"@id\":\"https:\/\/www.kostuemebreuer.de\/english\/produkt\/knickerbocker-anzug-braun-kariert\/#primaryimage\",\"url\":\"https:\/\/www.kostuemebreuer.de\/english\/wp-content\/uploads\/sites\/6\/Knickerbocker-braun-kariert.jpg\",\"contentUrl\":\"https:\/\/www.kostuemebreuer.de\/english\/wp-content\/uploads\/sites\/6\/Knickerbocker-braun-kariert.jpg\",\"width\":540,\"height\":960},{\"@type\":\"BreadcrumbList\",\"@id\":\"https:\/\/www.kostuemebreuer.de\/english\/produkt\/knickerbocker-anzug-braun-kariert\/#breadcrumb\",\"itemListElement\":[{\"@type\":\"ListItem\",\"position\":1,\"name\":\"Startseite\",\"item\":\"https:\/\/www.kostuemebreuer.de\/english\/\"},{\"@type\":\"ListItem\",\"position\":2,\"name\":\"Kost\u00fcme\",\"item\":\"https:\/\/www.kostuemebreuer.de\/english\/kostueme\/\"},{\"@type\":\"ListItem\",\"position\":3,\"name\":\"20er-30er Jahre Outfit &#8211; Herren &#8211; Braun-Kariert (Weste, Schieberm\u00fctze und Fliege)\"}]},{\"@type\":\"WebSite\",\"@id\":\"https:\/\/www.kostuemebreuer.de\/english\/#website\",\"url\":\"https:\/\/www.kostuemebreuer.de\/english\/\",\"name\":\"Kost\u00fcme Breuer in M\u00fcnchen\",\"description\":\"Kost\u00fcmverleih\",\"publisher\":{\"@id\":\"https:\/\/www.kostuemebreuer.de\/english\/#organization\"},\"alternateName\":\"Kost\u00fcmverleih Breuer\",\"potentialAction\":[{\"@type\":\"SearchAction\",\"target\":{\"@type\":\"EntryPoint\",\"urlTemplate\":\"https:\/\/www.kostuemebreuer.de\/english\/?s={search_term_string}\"},\"query-input\":{\"@type\":\"PropertyValueSpecification\",\"valueRequired\":true,\"valueName\":\"search_term_string\"}}],\"inLanguage\":\"en-GB\"},{\"@type\":\"Organization\",\"@id\":\"https:\/\/www.kostuemebreuer.de\/english\/#organization\",\"name\":\"Kost\u00fcme Breuer in M\u00fcnchen\",\"url\":\"https:\/\/www.kostuemebreuer.de\/english\/\",\"logo\":{\"@type\":\"ImageObject\",\"inLanguage\":\"en-GB\",\"@id\":\"https:\/\/www.kostuemebreuer.de\/english\/#\/schema\/logo\/image\/\",\"url\":\"https:\/\/www.kostuemebreuer.de\/english\/wp-content\/uploads\/sites\/6\/logo.svg\",\"contentUrl\":\"https:\/\/www.kostuemebreuer.de\/english\/wp-content\/uploads\/sites\/6\/logo.svg\",\"caption\":\"Kost\u00fcme Breuer in M\u00fcnchen\"},\"image\":{\"@id\":\"https:\/\/www.kostuemebreuer.de\/english\/#\/schema\/logo\/image\/\"},\"sameAs\":[\"https:\/\/www.facebook.com\/Kostuemebreuer\/?locale=de_DE\",\"https:\/\/www.instagram.com\/kostuemebreuer\/\"]}]}<\/script>\n<!-- \/ Yoast SEO plugin. -->","yoast_head_json":{"title":"20er-30er Jahre Outfit - Herren - Braun-Kariert (Weste, Schieberm\u00fctze und Fliege) - Costumes Breuer","description":"20er-30er Jahre Outfit - Herren - Braun-Kariert, bestehend aus einer karierten Weste, Schieberm\u00fctze und schwarzen Fliege, wahlweise erweiterbar mit einem wei\u00dfen Hemd, einer karierten Kniebundhose und Kniestr\u00fcmpfen (Paket 2), sowie einer karierten Jacke und einem Schal. (Paket 3)","robots":{"index":"index","follow":"follow","max-snippet":"max-snippet:-1","max-image-preview":"max-image-preview:large","max-video-preview":"max-video-preview:-1"},"canonical":"https:\/\/www.kostuemebreuer.de\/english\/produkt\/knickerbocker-anzug-braun-kariert\/","og_locale":"en_GB","og_type":"article","og_title":"20er-30er Jahre Outfit - Herren - Braun-Kariert (Weste, Schieberm\u00fctze und Fliege) - Costumes Breuer","og_description":"20er-30er Jahre Outfit - Herren - Braun-Kariert, bestehend aus einer karierten Weste, Schieberm\u00fctze und schwarzen Fliege, wahlweise erweiterbar mit einem wei\u00dfen Hemd, einer karierten Kniebundhose und Kniestr\u00fcmpfen (Paket 2), sowie einer karierten Jacke und einem Schal. (Paket 3)","og_url":"https:\/\/www.kostuemebreuer.de\/english\/produkt\/knickerbocker-anzug-braun-kariert\/","og_site_name":"Costumes Breuer","article_publisher":"https:\/\/www.facebook.com\/Kostuemebreuer\/?locale=de_DE","article_modified_time":"2023-12-02T04:03:20+00:00","og_image":[{"width":540,"height":960,"url":"https:\/\/www.kostuemebreuer.de\/english\/wp-content\/uploads\/sites\/6\/Knickerbocker-braun-kariert.jpg","type":"image\/jpeg"}],"twitter_card":"summary_large_image","schema":{"@context":"https:\/\/schema.org","@graph":[{"@type":"WebPage","@id":"https:\/\/www.kostuemebreuer.de\/english\/produkt\/knickerbocker-anzug-braun-kariert\/","url":"https:\/\/www.kostuemebreuer.de\/english\/produkt\/knickerbocker-anzug-braun-kariert\/","name":"20er-30er Jahre Outfit - Herren - Braun-Kariert (Weste, Schieberm\u00fctze und Fliege) - Costumes Breuer","isPartOf":{"@id":"https:\/\/www.kostuemebreuer.de\/english\/#website"},"primaryImageOfPage":{"@id":"https:\/\/www.kostuemebreuer.de\/english\/produkt\/knickerbocker-anzug-braun-kariert\/#primaryimage"},"image":{"@id":"https:\/\/www.kostuemebreuer.de\/english\/produkt\/knickerbocker-anzug-braun-kariert\/#primaryimage"},"thumbnailUrl":"https:\/\/www.kostuemebreuer.de\/english\/wp-content\/uploads\/sites\/6\/Knickerbocker-braun-kariert.jpg","datePublished":"2018-07-25T16:07:02+00:00","dateModified":"2023-12-02T04:03:20+00:00","description":"20er-30er Jahre Outfit - Herren - Braun-Kariert, bestehend aus einer karierten Weste, Schieberm\u00fctze und schwarzen Fliege, wahlweise erweiterbar mit einem wei\u00dfen Hemd, einer karierten Kniebundhose und Kniestr\u00fcmpfen (Paket 2), sowie einer karierten Jacke und einem Schal. (Paket 3)","breadcrumb":{"@id":"https:\/\/www.kostuemebreuer.de\/english\/produkt\/knickerbocker-anzug-braun-kariert\/#breadcrumb"},"inLanguage":"en-GB","potentialAction":[{"@type":"ReadAction","target":["https:\/\/www.kostuemebreuer.de\/english\/produkt\/knickerbocker-anzug-braun-kariert\/"]}]},{"@type":"ImageObject","inLanguage":"en-GB","@id":"https:\/\/www.kostuemebreuer.de\/english\/produkt\/knickerbocker-anzug-braun-kariert\/#primaryimage","url":"https:\/\/www.kostuemebreuer.de\/english\/wp-content\/uploads\/sites\/6\/Knickerbocker-braun-kariert.jpg","contentUrl":"https:\/\/www.kostuemebreuer.de\/english\/wp-content\/uploads\/sites\/6\/Knickerbocker-braun-kariert.jpg","width":540,"height":960},{"@type":"BreadcrumbList","@id":"https:\/\/www.kostuemebreuer.de\/english\/produkt\/knickerbocker-anzug-braun-kariert\/#breadcrumb","itemListElement":[{"@type":"ListItem","position":1,"name":"Startseite","item":"https:\/\/www.kostuemebreuer.de\/english\/"},{"@type":"ListItem","position":2,"name":"Kost\u00fcme","item":"https:\/\/www.kostuemebreuer.de\/english\/kostueme\/"},{"@type":"ListItem","position":3,"name":"20er-30er Jahre Outfit &#8211; Herren &#8211; Braun-Kariert (Weste, Schieberm\u00fctze und Fliege)"}]},{"@type":"WebSite","@id":"https:\/\/www.kostuemebreuer.de\/english\/#website","url":"https:\/\/www.kostuemebreuer.de\/english\/","name":"Kost\u00fcme Breuer in M\u00fcnchen","description":"Kost\u00fcmverleih","publisher":{"@id":"https:\/\/www.kostuemebreuer.de\/english\/#organization"},"alternateName":"Kost\u00fcmverleih Breuer","potentialAction":[{"@type":"SearchAction","target":{"@type":"EntryPoint","urlTemplate":"https:\/\/www.kostuemebreuer.de\/english\/?s={search_term_string}"},"query-input":{"@type":"PropertyValueSpecification","valueRequired":true,"valueName":"search_term_string"}}],"inLanguage":"en-GB"},{"@type":"Organization","@id":"https:\/\/www.kostuemebreuer.de\/english\/#organization","name":"Kost\u00fcme Breuer in M\u00fcnchen","url":"https:\/\/www.kostuemebreuer.de\/english\/","logo":{"@type":"ImageObject","inLanguage":"en-GB","@id":"https:\/\/www.kostuemebreuer.de\/english\/#\/schema\/logo\/image\/","url":"https:\/\/www.kostuemebreuer.de\/english\/wp-content\/uploads\/sites\/6\/logo.svg","contentUrl":"https:\/\/www.kostuemebreuer.de\/english\/wp-content\/uploads\/sites\/6\/logo.svg","caption":"Kost\u00fcme Breuer in M\u00fcnchen"},"image":{"@id":"https:\/\/www.kostuemebreuer.de\/english\/#\/schema\/logo\/image\/"},"sameAs":["https:\/\/www.facebook.com\/Kostuemebreuer\/?locale=de_DE","https:\/\/www.instagram.com\/kostuemebreuer\/"]}]}},"acf":[],"_links":{"self":[{"href":"https:\/\/www.kostuemebreuer.de\/english\/wp-json\/wp\/v2\/product\/17806","targetHints":{"allow":["GET"]}}],"collection":[{"href":"https:\/\/www.kostuemebreuer.de\/english\/wp-json\/wp\/v2\/product"}],"about":[{"href":"https:\/\/www.kostuemebreuer.de\/english\/wp-json\/wp\/v2\/types\/product"}],"wp:featuredmedia":[{"embeddable":true,"href":"https:\/\/www.kostuemebreuer.de\/english\/wp-json\/wp\/v2\/media\/17807"}],"wp:attachment":[{"href":"https:\/\/www.kostuemebreuer.de\/english\/wp-json\/wp\/v2\/media?parent=17806"}],"wp:term":[{"taxonomy":"product_brand","embeddable":true,"href":"https:\/\/www.kostuemebreuer.de\/english\/wp-json\/wp\/v2\/product_brand?post=17806"},{"taxonomy":"product_cat","embeddable":true,"href":"https:\/\/www.kostuemebreuer.de\/english\/wp-json\/wp\/v2\/product_cat?post=17806"},{"taxonomy":"product_tag","embeddable":true,"href":"https:\/\/www.kostuemebreuer.de\/english\/wp-json\/wp\/v2\/product_tag?post=17806"}],"curies":[{"name":"wp","href":"https:\/\/api.w.org\/{rel}","templated":true}]}}