{"id":17770,"date":"2018-07-25T12:27:54","date_gmt":"2018-07-25T10:27:54","guid":{"rendered":"https:\/\/www.kostuemverleih.com\/?post_type=product&#038;p=17770"},"modified":"2024-01-18T13:55:42","modified_gmt":"2024-01-18T11:55:42","slug":"doorman-schwarz","status":"publish","type":"product","link":"https:\/\/www.kostuemebreuer.de\/english\/produkt\/doorman-schwarz\/","title":{"rendered":"Doorman \u2013 Historisch \u2013 T\u00fcrsteher &#8211; Bestatter Outfit &#8211; Schwarz (Gehrock, Zylinder und Krawatte)"},"content":{"rendered":"<p>Doorman \u2013 Historisch \u2013 T\u00fcrsteher &#8211; Bestatter Outfit, bestehend aus einem edlen, schwarzen Gehrock, einem schwarzen Zylinder und dunkler Krawatte.<\/p>\n","protected":false},"excerpt":{"rendered":"<p>Doorman \u2013 Historisch \u2013 T\u00fcrsteher &#8211; Bestatter Outfit, bestehend aus einem edlen, schwarzen Gehrock, einem schwarzen Zylinder und dunkler Krawatte.<\/p>\n","protected":false},"featured_media":17771,"template":"","meta":{"_acf_changed":false},"product_brand":[],"product_cat":[226,33,29],"product_tag":[752,55,719,73,42,83],"class_list":{"0":"post-17770","1":"product","2":"type-product","3":"status-publish","4":"has-post-thumbnail","6":"product_cat-aussergewoehnlichesherren","7":"product_cat-herrenmode","8":"product_cat-kostueme","9":"product_tag-doorman","10":"product_tag-herrenmoden","11":"product_tag-historisch","12":"product_tag-historische-persoenlichkeiten","13":"product_tag-schwarz","14":"product_tag-weiss","15":"product_shipping_class-versandklasse-2","16":"infinite-scroll-item","18":"first","19":"instock","20":"taxable","21":"shipping-taxable","22":"purchasable","23":"product-type-simple"},"yoast_head":"<!-- This site is optimized with the Yoast SEO plugin v27.2 - https:\/\/yoast.com\/product\/yoast-seo-wordpress\/ -->\n<title>Doorman \u2013 Historisch \u2013 T\u00fcrsteher - Bestatter Outfit - Schwarz (Gehrock, Zylinder und Krawatte) - Costumes Breuer<\/title>\n<meta name=\"description\" content=\"Doorman \u2013 Historisch \u2013 T\u00fcrsteher - Bestatter Outfit, bestehend aus einem edlen, schwarzen Gehrock, einem schwarzen Zylinder und dunkler Krawatte.\" \/>\n<meta name=\"robots\" content=\"index, follow, max-snippet:-1, max-image-preview:large, max-video-preview:-1\" \/>\n<link rel=\"canonical\" href=\"https:\/\/www.kostuemebreuer.de\/english\/produkt\/doorman-schwarz\/\" \/>\n<meta property=\"og:locale\" content=\"en_GB\" \/>\n<meta property=\"og:type\" content=\"article\" \/>\n<meta property=\"og:title\" content=\"Doorman \u2013 Historisch \u2013 T\u00fcrsteher - Bestatter Outfit - Schwarz (Gehrock, Zylinder und Krawatte) - Costumes Breuer\" \/>\n<meta property=\"og:description\" content=\"Doorman \u2013 Historisch \u2013 T\u00fcrsteher - Bestatter Outfit, bestehend aus einem edlen, schwarzen Gehrock, einem schwarzen Zylinder und dunkler Krawatte.\" \/>\n<meta property=\"og:url\" content=\"https:\/\/www.kostuemebreuer.de\/english\/produkt\/doorman-schwarz\/\" \/>\n<meta property=\"og:site_name\" content=\"Costumes Breuer\" \/>\n<meta property=\"article:publisher\" content=\"https:\/\/www.facebook.com\/Kostuemebreuer\/?locale=de_DE\" \/>\n<meta property=\"article:modified_time\" content=\"2024-01-18T11:55:42+00:00\" \/>\n<meta property=\"og:image\" content=\"https:\/\/www.kostuemebreuer.de\/english\/wp-content\/uploads\/sites\/6\/Doorman-schwarz.jpg\" \/>\n\t<meta property=\"og:image:width\" content=\"540\" \/>\n\t<meta property=\"og:image:height\" content=\"960\" \/>\n\t<meta property=\"og:image:type\" content=\"image\/jpeg\" \/>\n<meta name=\"twitter:card\" content=\"summary_large_image\" \/>\n<script type=\"application\/ld+json\" class=\"yoast-schema-graph\">{\"@context\":\"https:\/\/schema.org\",\"@graph\":[{\"@type\":\"WebPage\",\"@id\":\"https:\/\/www.kostuemebreuer.de\/english\/produkt\/doorman-schwarz\/\",\"url\":\"https:\/\/www.kostuemebreuer.de\/english\/produkt\/doorman-schwarz\/\",\"name\":\"Doorman \u2013 Historisch \u2013 T\u00fcrsteher - Bestatter Outfit - Schwarz (Gehrock, Zylinder und Krawatte) - Costumes Breuer\",\"isPartOf\":{\"@id\":\"https:\/\/www.kostuemebreuer.de\/english\/#website\"},\"primaryImageOfPage\":{\"@id\":\"https:\/\/www.kostuemebreuer.de\/english\/produkt\/doorman-schwarz\/#primaryimage\"},\"image\":{\"@id\":\"https:\/\/www.kostuemebreuer.de\/english\/produkt\/doorman-schwarz\/#primaryimage\"},\"thumbnailUrl\":\"https:\/\/www.kostuemebreuer.de\/english\/wp-content\/uploads\/sites\/6\/Doorman-schwarz.jpg\",\"datePublished\":\"2018-07-25T10:27:54+00:00\",\"dateModified\":\"2024-01-18T11:55:42+00:00\",\"description\":\"Doorman \u2013 Historisch \u2013 T\u00fcrsteher - Bestatter Outfit, bestehend aus einem edlen, schwarzen Gehrock, einem schwarzen Zylinder und dunkler Krawatte.\",\"breadcrumb\":{\"@id\":\"https:\/\/www.kostuemebreuer.de\/english\/produkt\/doorman-schwarz\/#breadcrumb\"},\"inLanguage\":\"en-GB\",\"potentialAction\":[{\"@type\":\"ReadAction\",\"target\":[\"https:\/\/www.kostuemebreuer.de\/english\/produkt\/doorman-schwarz\/\"]}]},{\"@type\":\"ImageObject\",\"inLanguage\":\"en-GB\",\"@id\":\"https:\/\/www.kostuemebreuer.de\/english\/produkt\/doorman-schwarz\/#primaryimage\",\"url\":\"https:\/\/www.kostuemebreuer.de\/english\/wp-content\/uploads\/sites\/6\/Doorman-schwarz.jpg\",\"contentUrl\":\"https:\/\/www.kostuemebreuer.de\/english\/wp-content\/uploads\/sites\/6\/Doorman-schwarz.jpg\",\"width\":540,\"height\":960},{\"@type\":\"BreadcrumbList\",\"@id\":\"https:\/\/www.kostuemebreuer.de\/english\/produkt\/doorman-schwarz\/#breadcrumb\",\"itemListElement\":[{\"@type\":\"ListItem\",\"position\":1,\"name\":\"Startseite\",\"item\":\"https:\/\/www.kostuemebreuer.de\/english\/\"},{\"@type\":\"ListItem\",\"position\":2,\"name\":\"Kost\u00fcme\",\"item\":\"https:\/\/www.kostuemebreuer.de\/english\/kostueme\/\"},{\"@type\":\"ListItem\",\"position\":3,\"name\":\"Doorman \u2013 Historisch \u2013 T\u00fcrsteher &#8211; Bestatter Outfit &#8211; Schwarz (Gehrock, Zylinder und Krawatte)\"}]},{\"@type\":\"WebSite\",\"@id\":\"https:\/\/www.kostuemebreuer.de\/english\/#website\",\"url\":\"https:\/\/www.kostuemebreuer.de\/english\/\",\"name\":\"Kost\u00fcme Breuer in M\u00fcnchen\",\"description\":\"Kost\u00fcmverleih\",\"publisher\":{\"@id\":\"https:\/\/www.kostuemebreuer.de\/english\/#organization\"},\"alternateName\":\"Kost\u00fcmverleih Breuer\",\"potentialAction\":[{\"@type\":\"SearchAction\",\"target\":{\"@type\":\"EntryPoint\",\"urlTemplate\":\"https:\/\/www.kostuemebreuer.de\/english\/?s={search_term_string}\"},\"query-input\":{\"@type\":\"PropertyValueSpecification\",\"valueRequired\":true,\"valueName\":\"search_term_string\"}}],\"inLanguage\":\"en-GB\"},{\"@type\":\"Organization\",\"@id\":\"https:\/\/www.kostuemebreuer.de\/english\/#organization\",\"name\":\"Kost\u00fcme Breuer in M\u00fcnchen\",\"url\":\"https:\/\/www.kostuemebreuer.de\/english\/\",\"logo\":{\"@type\":\"ImageObject\",\"inLanguage\":\"en-GB\",\"@id\":\"https:\/\/www.kostuemebreuer.de\/english\/#\/schema\/logo\/image\/\",\"url\":\"https:\/\/www.kostuemebreuer.de\/english\/wp-content\/uploads\/sites\/6\/logo.svg\",\"contentUrl\":\"https:\/\/www.kostuemebreuer.de\/english\/wp-content\/uploads\/sites\/6\/logo.svg\",\"caption\":\"Kost\u00fcme Breuer in M\u00fcnchen\"},\"image\":{\"@id\":\"https:\/\/www.kostuemebreuer.de\/english\/#\/schema\/logo\/image\/\"},\"sameAs\":[\"https:\/\/www.facebook.com\/Kostuemebreuer\/?locale=de_DE\",\"https:\/\/www.instagram.com\/kostuemebreuer\/\"]}]}<\/script>\n<!-- \/ Yoast SEO plugin. -->","yoast_head_json":{"title":"Doorman \u2013 Historisch \u2013 T\u00fcrsteher - Bestatter Outfit - Schwarz (Gehrock, Zylinder und Krawatte) - Costumes Breuer","description":"Doorman \u2013 Historisch \u2013 T\u00fcrsteher - Bestatter Outfit, bestehend aus einem edlen, schwarzen Gehrock, einem schwarzen Zylinder und dunkler Krawatte.","robots":{"index":"index","follow":"follow","max-snippet":"max-snippet:-1","max-image-preview":"max-image-preview:large","max-video-preview":"max-video-preview:-1"},"canonical":"https:\/\/www.kostuemebreuer.de\/english\/produkt\/doorman-schwarz\/","og_locale":"en_GB","og_type":"article","og_title":"Doorman \u2013 Historisch \u2013 T\u00fcrsteher - Bestatter Outfit - Schwarz (Gehrock, Zylinder und Krawatte) - Costumes Breuer","og_description":"Doorman \u2013 Historisch \u2013 T\u00fcrsteher - Bestatter Outfit, bestehend aus einem edlen, schwarzen Gehrock, einem schwarzen Zylinder und dunkler Krawatte.","og_url":"https:\/\/www.kostuemebreuer.de\/english\/produkt\/doorman-schwarz\/","og_site_name":"Costumes Breuer","article_publisher":"https:\/\/www.facebook.com\/Kostuemebreuer\/?locale=de_DE","article_modified_time":"2024-01-18T11:55:42+00:00","og_image":[{"width":540,"height":960,"url":"https:\/\/www.kostuemebreuer.de\/english\/wp-content\/uploads\/sites\/6\/Doorman-schwarz.jpg","type":"image\/jpeg"}],"twitter_card":"summary_large_image","schema":{"@context":"https:\/\/schema.org","@graph":[{"@type":"WebPage","@id":"https:\/\/www.kostuemebreuer.de\/english\/produkt\/doorman-schwarz\/","url":"https:\/\/www.kostuemebreuer.de\/english\/produkt\/doorman-schwarz\/","name":"Doorman \u2013 Historisch \u2013 T\u00fcrsteher - Bestatter Outfit - Schwarz (Gehrock, Zylinder und Krawatte) - Costumes Breuer","isPartOf":{"@id":"https:\/\/www.kostuemebreuer.de\/english\/#website"},"primaryImageOfPage":{"@id":"https:\/\/www.kostuemebreuer.de\/english\/produkt\/doorman-schwarz\/#primaryimage"},"image":{"@id":"https:\/\/www.kostuemebreuer.de\/english\/produkt\/doorman-schwarz\/#primaryimage"},"thumbnailUrl":"https:\/\/www.kostuemebreuer.de\/english\/wp-content\/uploads\/sites\/6\/Doorman-schwarz.jpg","datePublished":"2018-07-25T10:27:54+00:00","dateModified":"2024-01-18T11:55:42+00:00","description":"Doorman \u2013 Historisch \u2013 T\u00fcrsteher - Bestatter Outfit, bestehend aus einem edlen, schwarzen Gehrock, einem schwarzen Zylinder und dunkler Krawatte.","breadcrumb":{"@id":"https:\/\/www.kostuemebreuer.de\/english\/produkt\/doorman-schwarz\/#breadcrumb"},"inLanguage":"en-GB","potentialAction":[{"@type":"ReadAction","target":["https:\/\/www.kostuemebreuer.de\/english\/produkt\/doorman-schwarz\/"]}]},{"@type":"ImageObject","inLanguage":"en-GB","@id":"https:\/\/www.kostuemebreuer.de\/english\/produkt\/doorman-schwarz\/#primaryimage","url":"https:\/\/www.kostuemebreuer.de\/english\/wp-content\/uploads\/sites\/6\/Doorman-schwarz.jpg","contentUrl":"https:\/\/www.kostuemebreuer.de\/english\/wp-content\/uploads\/sites\/6\/Doorman-schwarz.jpg","width":540,"height":960},{"@type":"BreadcrumbList","@id":"https:\/\/www.kostuemebreuer.de\/english\/produkt\/doorman-schwarz\/#breadcrumb","itemListElement":[{"@type":"ListItem","position":1,"name":"Startseite","item":"https:\/\/www.kostuemebreuer.de\/english\/"},{"@type":"ListItem","position":2,"name":"Kost\u00fcme","item":"https:\/\/www.kostuemebreuer.de\/english\/kostueme\/"},{"@type":"ListItem","position":3,"name":"Doorman \u2013 Historisch \u2013 T\u00fcrsteher &#8211; Bestatter Outfit &#8211; Schwarz (Gehrock, Zylinder und Krawatte)"}]},{"@type":"WebSite","@id":"https:\/\/www.kostuemebreuer.de\/english\/#website","url":"https:\/\/www.kostuemebreuer.de\/english\/","name":"Kost\u00fcme Breuer in M\u00fcnchen","description":"Kost\u00fcmverleih","publisher":{"@id":"https:\/\/www.kostuemebreuer.de\/english\/#organization"},"alternateName":"Kost\u00fcmverleih Breuer","potentialAction":[{"@type":"SearchAction","target":{"@type":"EntryPoint","urlTemplate":"https:\/\/www.kostuemebreuer.de\/english\/?s={search_term_string}"},"query-input":{"@type":"PropertyValueSpecification","valueRequired":true,"valueName":"search_term_string"}}],"inLanguage":"en-GB"},{"@type":"Organization","@id":"https:\/\/www.kostuemebreuer.de\/english\/#organization","name":"Kost\u00fcme Breuer in M\u00fcnchen","url":"https:\/\/www.kostuemebreuer.de\/english\/","logo":{"@type":"ImageObject","inLanguage":"en-GB","@id":"https:\/\/www.kostuemebreuer.de\/english\/#\/schema\/logo\/image\/","url":"https:\/\/www.kostuemebreuer.de\/english\/wp-content\/uploads\/sites\/6\/logo.svg","contentUrl":"https:\/\/www.kostuemebreuer.de\/english\/wp-content\/uploads\/sites\/6\/logo.svg","caption":"Kost\u00fcme Breuer in M\u00fcnchen"},"image":{"@id":"https:\/\/www.kostuemebreuer.de\/english\/#\/schema\/logo\/image\/"},"sameAs":["https:\/\/www.facebook.com\/Kostuemebreuer\/?locale=de_DE","https:\/\/www.instagram.com\/kostuemebreuer\/"]}]}},"acf":[],"_links":{"self":[{"href":"https:\/\/www.kostuemebreuer.de\/english\/wp-json\/wp\/v2\/product\/17770","targetHints":{"allow":["GET"]}}],"collection":[{"href":"https:\/\/www.kostuemebreuer.de\/english\/wp-json\/wp\/v2\/product"}],"about":[{"href":"https:\/\/www.kostuemebreuer.de\/english\/wp-json\/wp\/v2\/types\/product"}],"wp:featuredmedia":[{"embeddable":true,"href":"https:\/\/www.kostuemebreuer.de\/english\/wp-json\/wp\/v2\/media\/17771"}],"wp:attachment":[{"href":"https:\/\/www.kostuemebreuer.de\/english\/wp-json\/wp\/v2\/media?parent=17770"}],"wp:term":[{"taxonomy":"product_brand","embeddable":true,"href":"https:\/\/www.kostuemebreuer.de\/english\/wp-json\/wp\/v2\/product_brand?post=17770"},{"taxonomy":"product_cat","embeddable":true,"href":"https:\/\/www.kostuemebreuer.de\/english\/wp-json\/wp\/v2\/product_cat?post=17770"},{"taxonomy":"product_tag","embeddable":true,"href":"https:\/\/www.kostuemebreuer.de\/english\/wp-json\/wp\/v2\/product_tag?post=17770"}],"curies":[{"name":"wp","href":"https:\/\/api.w.org\/{rel}","templated":true}]}}