{"id":1751,"date":"2015-12-08T10:32:02","date_gmt":"2015-12-08T08:32:02","guid":{"rendered":"http:\/\/kostuemverleih.com\/produkt\/chinese-3\/"},"modified":"2023-12-02T06:00:49","modified_gmt":"2023-12-02T04:00:49","slug":"chinese-3","status":"publish","type":"product","link":"https:\/\/www.kostuemebreuer.de\/english\/produkt\/chinese-3\/","title":{"rendered":"Chinese Tracht (chinesisches Hemd und Kegelhut)"},"content":{"rendered":"<p>Chinese Tracht, bestehend aus chinesischem Hemd in rot, l\u00e4nger geschnitten mit waagrechten Verschl\u00fcssen (auch in blau erh\u00e4ltlich) und Kegelhut, wahlweise erweiterbar mit einer <strong>Hose und Handschuhen<\/strong> (Paket 2)<\/p>\n","protected":false},"excerpt":{"rendered":"<p>Chinese Outfit bestehend aus chinesischem Hemd in rot, l\u00e4nger geschnitten mit waagrechten Verschl\u00fcssen (auch in blau erh\u00e4ltlich) und Kegelhut, wahlweise erweiterbar mit einer <strong>Hose und Handschuhen<\/strong> (Paket 2), sowie einem Bart. Ein Bart ist aus hygienischen Gr\u00fcnden nur zum Kauf m\u00f6glich.<\/p>\n<p>&nbsp;<\/p>\n","protected":false},"featured_media":18694,"template":"","meta":{"_acf_changed":false},"product_brand":[],"product_cat":[29],"product_tag":[748,749,176,63],"class_list":{"0":"post-1751","1":"product","2":"type-product","3":"status-publish","4":"has-post-thumbnail","6":"product_cat-kostueme","7":"product_tag-chinese","8":"product_tag-chinesin","9":"product_tag-internationale-trachten","10":"product_tag-rot","11":"product_shipping_class-versandklasse-2","12":"infinite-scroll-item","14":"first","15":"instock","16":"taxable","17":"shipping-taxable","18":"purchasable","19":"product-type-simple"},"yoast_head":"<!-- This site is optimized with the Yoast SEO plugin v27.2 - https:\/\/yoast.com\/product\/yoast-seo-wordpress\/ -->\n<title>Chinese Tracht (chinesisches Hemd und Kegelhut) - Costumes Breuer<\/title>\n<meta name=\"description\" content=\"Chinese Outfit bestehend aus chinesischem Hemd in rot, l\u00e4nger geschnitten mit waagrechten Verschl\u00fcssen (auch in blau erh\u00e4ltlich) und Kegelhut, wahlweise erweiterbar mit einer Hose und Handschuhen (Paket 2), sowie einem Bart. Ein Bart ist aus hygienischen Gr\u00fcnden nur zum Kauf m\u00f6glich. &nbsp;\" \/>\n<meta name=\"robots\" content=\"index, follow, max-snippet:-1, max-image-preview:large, max-video-preview:-1\" \/>\n<link rel=\"canonical\" href=\"https:\/\/www.kostuemebreuer.de\/english\/produkt\/chinese-3\/\" \/>\n<meta property=\"og:locale\" content=\"en_GB\" \/>\n<meta property=\"og:type\" content=\"article\" \/>\n<meta property=\"og:title\" content=\"Chinese Tracht (chinesisches Hemd und Kegelhut) - Costumes Breuer\" \/>\n<meta property=\"og:description\" content=\"Chinese Outfit bestehend aus chinesischem Hemd in rot, l\u00e4nger geschnitten mit waagrechten Verschl\u00fcssen (auch in blau erh\u00e4ltlich) und Kegelhut, wahlweise erweiterbar mit einer Hose und Handschuhen (Paket 2), sowie einem Bart. Ein Bart ist aus hygienischen Gr\u00fcnden nur zum Kauf m\u00f6glich. &nbsp;\" \/>\n<meta property=\"og:url\" content=\"https:\/\/www.kostuemebreuer.de\/english\/produkt\/chinese-3\/\" \/>\n<meta property=\"og:site_name\" content=\"Costumes Breuer\" \/>\n<meta property=\"article:publisher\" content=\"https:\/\/www.facebook.com\/Kostuemebreuer\/?locale=de_DE\" \/>\n<meta property=\"article:modified_time\" content=\"2023-12-02T04:00:49+00:00\" \/>\n<meta property=\"og:image\" content=\"https:\/\/www.kostuemebreuer.de\/english\/wp-content\/uploads\/sites\/6\/Chinese-rot.jpg\" \/>\n\t<meta property=\"og:image:width\" content=\"540\" \/>\n\t<meta property=\"og:image:height\" content=\"960\" \/>\n\t<meta property=\"og:image:type\" content=\"image\/jpeg\" \/>\n<meta name=\"twitter:card\" content=\"summary_large_image\" \/>\n<script type=\"application\/ld+json\" class=\"yoast-schema-graph\">{\"@context\":\"https:\/\/schema.org\",\"@graph\":[{\"@type\":\"WebPage\",\"@id\":\"https:\/\/www.kostuemebreuer.de\/english\/produkt\/chinese-3\/\",\"url\":\"https:\/\/www.kostuemebreuer.de\/english\/produkt\/chinese-3\/\",\"name\":\"Chinese Tracht (chinesisches Hemd und Kegelhut) - Costumes Breuer\",\"isPartOf\":{\"@id\":\"https:\/\/www.kostuemebreuer.de\/english\/#website\"},\"primaryImageOfPage\":{\"@id\":\"https:\/\/www.kostuemebreuer.de\/english\/produkt\/chinese-3\/#primaryimage\"},\"image\":{\"@id\":\"https:\/\/www.kostuemebreuer.de\/english\/produkt\/chinese-3\/#primaryimage\"},\"thumbnailUrl\":\"https:\/\/www.kostuemebreuer.de\/english\/wp-content\/uploads\/sites\/6\/Chinese-rot.jpg\",\"datePublished\":\"2015-12-08T08:32:02+00:00\",\"dateModified\":\"2023-12-02T04:00:49+00:00\",\"description\":\"Chinese Outfit bestehend aus chinesischem Hemd in rot, l\u00e4nger geschnitten mit waagrechten Verschl\u00fcssen (auch in blau erh\u00e4ltlich) und Kegelhut, wahlweise erweiterbar mit einer Hose und Handschuhen (Paket 2), sowie einem Bart. Ein Bart ist aus hygienischen Gr\u00fcnden nur zum Kauf m\u00f6glich. &nbsp;\",\"breadcrumb\":{\"@id\":\"https:\/\/www.kostuemebreuer.de\/english\/produkt\/chinese-3\/#breadcrumb\"},\"inLanguage\":\"en-GB\",\"potentialAction\":[{\"@type\":\"ReadAction\",\"target\":[\"https:\/\/www.kostuemebreuer.de\/english\/produkt\/chinese-3\/\"]}]},{\"@type\":\"ImageObject\",\"inLanguage\":\"en-GB\",\"@id\":\"https:\/\/www.kostuemebreuer.de\/english\/produkt\/chinese-3\/#primaryimage\",\"url\":\"https:\/\/www.kostuemebreuer.de\/english\/wp-content\/uploads\/sites\/6\/Chinese-rot.jpg\",\"contentUrl\":\"https:\/\/www.kostuemebreuer.de\/english\/wp-content\/uploads\/sites\/6\/Chinese-rot.jpg\",\"width\":540,\"height\":960},{\"@type\":\"BreadcrumbList\",\"@id\":\"https:\/\/www.kostuemebreuer.de\/english\/produkt\/chinese-3\/#breadcrumb\",\"itemListElement\":[{\"@type\":\"ListItem\",\"position\":1,\"name\":\"Startseite\",\"item\":\"https:\/\/www.kostuemebreuer.de\/english\/\"},{\"@type\":\"ListItem\",\"position\":2,\"name\":\"Kost\u00fcme\",\"item\":\"https:\/\/www.kostuemebreuer.de\/english\/kostueme\/\"},{\"@type\":\"ListItem\",\"position\":3,\"name\":\"Chinese Tracht (chinesisches Hemd und Kegelhut)\"}]},{\"@type\":\"WebSite\",\"@id\":\"https:\/\/www.kostuemebreuer.de\/english\/#website\",\"url\":\"https:\/\/www.kostuemebreuer.de\/english\/\",\"name\":\"Kost\u00fcme Breuer in M\u00fcnchen\",\"description\":\"Kost\u00fcmverleih\",\"publisher\":{\"@id\":\"https:\/\/www.kostuemebreuer.de\/english\/#organization\"},\"alternateName\":\"Kost\u00fcmverleih Breuer\",\"potentialAction\":[{\"@type\":\"SearchAction\",\"target\":{\"@type\":\"EntryPoint\",\"urlTemplate\":\"https:\/\/www.kostuemebreuer.de\/english\/?s={search_term_string}\"},\"query-input\":{\"@type\":\"PropertyValueSpecification\",\"valueRequired\":true,\"valueName\":\"search_term_string\"}}],\"inLanguage\":\"en-GB\"},{\"@type\":\"Organization\",\"@id\":\"https:\/\/www.kostuemebreuer.de\/english\/#organization\",\"name\":\"Kost\u00fcme Breuer in M\u00fcnchen\",\"url\":\"https:\/\/www.kostuemebreuer.de\/english\/\",\"logo\":{\"@type\":\"ImageObject\",\"inLanguage\":\"en-GB\",\"@id\":\"https:\/\/www.kostuemebreuer.de\/english\/#\/schema\/logo\/image\/\",\"url\":\"https:\/\/www.kostuemebreuer.de\/english\/wp-content\/uploads\/sites\/6\/logo.svg\",\"contentUrl\":\"https:\/\/www.kostuemebreuer.de\/english\/wp-content\/uploads\/sites\/6\/logo.svg\",\"caption\":\"Kost\u00fcme Breuer in M\u00fcnchen\"},\"image\":{\"@id\":\"https:\/\/www.kostuemebreuer.de\/english\/#\/schema\/logo\/image\/\"},\"sameAs\":[\"https:\/\/www.facebook.com\/Kostuemebreuer\/?locale=de_DE\",\"https:\/\/www.instagram.com\/kostuemebreuer\/\"]}]}<\/script>\n<!-- \/ Yoast SEO plugin. -->","yoast_head_json":{"title":"Chinese Tracht (chinesisches Hemd und Kegelhut) - Costumes Breuer","description":"Chinese Outfit bestehend aus chinesischem Hemd in rot, l\u00e4nger geschnitten mit waagrechten Verschl\u00fcssen (auch in blau erh\u00e4ltlich) und Kegelhut, wahlweise erweiterbar mit einer Hose und Handschuhen (Paket 2), sowie einem Bart. Ein Bart ist aus hygienischen Gr\u00fcnden nur zum Kauf m\u00f6glich. &nbsp;","robots":{"index":"index","follow":"follow","max-snippet":"max-snippet:-1","max-image-preview":"max-image-preview:large","max-video-preview":"max-video-preview:-1"},"canonical":"https:\/\/www.kostuemebreuer.de\/english\/produkt\/chinese-3\/","og_locale":"en_GB","og_type":"article","og_title":"Chinese Tracht (chinesisches Hemd und Kegelhut) - Costumes Breuer","og_description":"Chinese Outfit bestehend aus chinesischem Hemd in rot, l\u00e4nger geschnitten mit waagrechten Verschl\u00fcssen (auch in blau erh\u00e4ltlich) und Kegelhut, wahlweise erweiterbar mit einer Hose und Handschuhen (Paket 2), sowie einem Bart. Ein Bart ist aus hygienischen Gr\u00fcnden nur zum Kauf m\u00f6glich. &nbsp;","og_url":"https:\/\/www.kostuemebreuer.de\/english\/produkt\/chinese-3\/","og_site_name":"Costumes Breuer","article_publisher":"https:\/\/www.facebook.com\/Kostuemebreuer\/?locale=de_DE","article_modified_time":"2023-12-02T04:00:49+00:00","og_image":[{"width":540,"height":960,"url":"https:\/\/www.kostuemebreuer.de\/english\/wp-content\/uploads\/sites\/6\/Chinese-rot.jpg","type":"image\/jpeg"}],"twitter_card":"summary_large_image","schema":{"@context":"https:\/\/schema.org","@graph":[{"@type":"WebPage","@id":"https:\/\/www.kostuemebreuer.de\/english\/produkt\/chinese-3\/","url":"https:\/\/www.kostuemebreuer.de\/english\/produkt\/chinese-3\/","name":"Chinese Tracht (chinesisches Hemd und Kegelhut) - Costumes Breuer","isPartOf":{"@id":"https:\/\/www.kostuemebreuer.de\/english\/#website"},"primaryImageOfPage":{"@id":"https:\/\/www.kostuemebreuer.de\/english\/produkt\/chinese-3\/#primaryimage"},"image":{"@id":"https:\/\/www.kostuemebreuer.de\/english\/produkt\/chinese-3\/#primaryimage"},"thumbnailUrl":"https:\/\/www.kostuemebreuer.de\/english\/wp-content\/uploads\/sites\/6\/Chinese-rot.jpg","datePublished":"2015-12-08T08:32:02+00:00","dateModified":"2023-12-02T04:00:49+00:00","description":"Chinese Outfit bestehend aus chinesischem Hemd in rot, l\u00e4nger geschnitten mit waagrechten Verschl\u00fcssen (auch in blau erh\u00e4ltlich) und Kegelhut, wahlweise erweiterbar mit einer Hose und Handschuhen (Paket 2), sowie einem Bart. Ein Bart ist aus hygienischen Gr\u00fcnden nur zum Kauf m\u00f6glich. &nbsp;","breadcrumb":{"@id":"https:\/\/www.kostuemebreuer.de\/english\/produkt\/chinese-3\/#breadcrumb"},"inLanguage":"en-GB","potentialAction":[{"@type":"ReadAction","target":["https:\/\/www.kostuemebreuer.de\/english\/produkt\/chinese-3\/"]}]},{"@type":"ImageObject","inLanguage":"en-GB","@id":"https:\/\/www.kostuemebreuer.de\/english\/produkt\/chinese-3\/#primaryimage","url":"https:\/\/www.kostuemebreuer.de\/english\/wp-content\/uploads\/sites\/6\/Chinese-rot.jpg","contentUrl":"https:\/\/www.kostuemebreuer.de\/english\/wp-content\/uploads\/sites\/6\/Chinese-rot.jpg","width":540,"height":960},{"@type":"BreadcrumbList","@id":"https:\/\/www.kostuemebreuer.de\/english\/produkt\/chinese-3\/#breadcrumb","itemListElement":[{"@type":"ListItem","position":1,"name":"Startseite","item":"https:\/\/www.kostuemebreuer.de\/english\/"},{"@type":"ListItem","position":2,"name":"Kost\u00fcme","item":"https:\/\/www.kostuemebreuer.de\/english\/kostueme\/"},{"@type":"ListItem","position":3,"name":"Chinese Tracht (chinesisches Hemd und Kegelhut)"}]},{"@type":"WebSite","@id":"https:\/\/www.kostuemebreuer.de\/english\/#website","url":"https:\/\/www.kostuemebreuer.de\/english\/","name":"Kost\u00fcme Breuer in M\u00fcnchen","description":"Kost\u00fcmverleih","publisher":{"@id":"https:\/\/www.kostuemebreuer.de\/english\/#organization"},"alternateName":"Kost\u00fcmverleih Breuer","potentialAction":[{"@type":"SearchAction","target":{"@type":"EntryPoint","urlTemplate":"https:\/\/www.kostuemebreuer.de\/english\/?s={search_term_string}"},"query-input":{"@type":"PropertyValueSpecification","valueRequired":true,"valueName":"search_term_string"}}],"inLanguage":"en-GB"},{"@type":"Organization","@id":"https:\/\/www.kostuemebreuer.de\/english\/#organization","name":"Kost\u00fcme Breuer in M\u00fcnchen","url":"https:\/\/www.kostuemebreuer.de\/english\/","logo":{"@type":"ImageObject","inLanguage":"en-GB","@id":"https:\/\/www.kostuemebreuer.de\/english\/#\/schema\/logo\/image\/","url":"https:\/\/www.kostuemebreuer.de\/english\/wp-content\/uploads\/sites\/6\/logo.svg","contentUrl":"https:\/\/www.kostuemebreuer.de\/english\/wp-content\/uploads\/sites\/6\/logo.svg","caption":"Kost\u00fcme Breuer in M\u00fcnchen"},"image":{"@id":"https:\/\/www.kostuemebreuer.de\/english\/#\/schema\/logo\/image\/"},"sameAs":["https:\/\/www.facebook.com\/Kostuemebreuer\/?locale=de_DE","https:\/\/www.instagram.com\/kostuemebreuer\/"]}]}},"acf":[],"_links":{"self":[{"href":"https:\/\/www.kostuemebreuer.de\/english\/wp-json\/wp\/v2\/product\/1751","targetHints":{"allow":["GET"]}}],"collection":[{"href":"https:\/\/www.kostuemebreuer.de\/english\/wp-json\/wp\/v2\/product"}],"about":[{"href":"https:\/\/www.kostuemebreuer.de\/english\/wp-json\/wp\/v2\/types\/product"}],"wp:featuredmedia":[{"embeddable":true,"href":"https:\/\/www.kostuemebreuer.de\/english\/wp-json\/wp\/v2\/media\/18694"}],"wp:attachment":[{"href":"https:\/\/www.kostuemebreuer.de\/english\/wp-json\/wp\/v2\/media?parent=1751"}],"wp:term":[{"taxonomy":"product_brand","embeddable":true,"href":"https:\/\/www.kostuemebreuer.de\/english\/wp-json\/wp\/v2\/product_brand?post=1751"},{"taxonomy":"product_cat","embeddable":true,"href":"https:\/\/www.kostuemebreuer.de\/english\/wp-json\/wp\/v2\/product_cat?post=1751"},{"taxonomy":"product_tag","embeddable":true,"href":"https:\/\/www.kostuemebreuer.de\/english\/wp-json\/wp\/v2\/product_tag?post=1751"}],"curies":[{"name":"wp","href":"https:\/\/api.w.org\/{rel}","templated":true}]}}