{"id":17435,"date":"2018-04-21T13:51:45","date_gmt":"2018-04-21T11:51:45","guid":{"rendered":"https:\/\/www.kostuemverleih.com\/?post_type=product&#038;p=17435"},"modified":"2023-12-02T06:02:59","modified_gmt":"2023-12-02T04:02:59","slug":"sissi-kleid-petrol","status":"publish","type":"product","link":"https:\/\/www.kostuemebreuer.de\/english\/produkt\/sissi-kleid-petrol\/","title":{"rendered":"Sissikleid &#8211; Ballkleid &#8211; Rokoko Outfit in Petrol (Kleid, Reifrock, Pompadure)"},"content":{"rendered":"<p>Sissikleid &#8211; Ballkleid &#8211; Rokoko Outfit in Petrol, bestehend aus einem petrolfarbenen Rokokokleid mit Spitze verziert, einem Reifrock und Pompadure, wahlweise erweiterbar mit einem <strong>Samtcape, Handschuhen, einer Kette (Diadem), Armband und einem F\u00e4cher<\/strong>. (Paket 2)<\/p>\n<p>Die Per\u00fccke (Kauf) kann separat dazu gebucht werden.<\/p>\n","protected":false},"excerpt":{"rendered":"<p>Sissikleid &#8211; Ballkleid &#8211; Rokoko Outfit in Petrol, bestehend aus einem petrolfarbenen Rokokokleid mit Spitze verziert, einem Reifrock und Pompadure, wahlweise erweiterbar mit einem <strong>Samtcape, Handschuhen, einer Kette (Diadem), Armband und einem F\u00e4cher<\/strong>. (Paket 2)<\/p>\n<p>Die Per\u00fccke (Kauf) kann separat dazu gebucht werden.<\/p>\n","protected":false},"featured_media":17436,"template":"","meta":{"_acf_changed":false},"product_brand":[],"product_cat":[251,125],"product_tag":[53,123],"class_list":{"0":"post-17435","1":"product","2":"type-product","3":"status-publish","4":"has-post-thumbnail","6":"product_cat-historisch","7":"product_cat-kleider","8":"product_tag-blau","9":"product_tag-rokoko","10":"product_shipping_class-versandklasse-3-mittel","11":"infinite-scroll-item","13":"first","14":"instock","15":"taxable","16":"shipping-taxable","17":"purchasable","18":"product-type-simple"},"yoast_head":"<!-- This site is optimized with the Yoast SEO plugin v27.2 - https:\/\/yoast.com\/product\/yoast-seo-wordpress\/ -->\n<title>Sissikleid - Ballkleid - Rokoko Outfit in Petrol (Kleid, Reifrock, Pompadure) - Costumes Breuer<\/title>\n<meta name=\"description\" content=\"Sissikleid - Ballkleid - Rokoko Outfit in Petrol, bestehend aus einem petrolfarbenen Rokokokleid mit Spitze verziert, einem Reifrock und Pompadure, wahlweise erweiterbar mit einem Samtcape, Handschuhen, einer Kette (Diadem), Armband und einem F\u00e4cher. (Paket 2) Die Per\u00fccke (Kauf) kann separat dazu gebucht werden.\" \/>\n<meta name=\"robots\" content=\"index, follow, max-snippet:-1, max-image-preview:large, max-video-preview:-1\" \/>\n<link rel=\"canonical\" href=\"https:\/\/www.kostuemebreuer.de\/english\/produkt\/sissi-kleid-petrol\/\" \/>\n<meta property=\"og:locale\" content=\"en_GB\" \/>\n<meta property=\"og:type\" content=\"article\" \/>\n<meta property=\"og:title\" content=\"Sissikleid - Ballkleid - Rokoko Outfit in Petrol (Kleid, Reifrock, Pompadure) - Costumes Breuer\" \/>\n<meta property=\"og:description\" content=\"Sissikleid - Ballkleid - Rokoko Outfit in Petrol, bestehend aus einem petrolfarbenen Rokokokleid mit Spitze verziert, einem Reifrock und Pompadure, wahlweise erweiterbar mit einem Samtcape, Handschuhen, einer Kette (Diadem), Armband und einem F\u00e4cher. (Paket 2) Die Per\u00fccke (Kauf) kann separat dazu gebucht werden.\" \/>\n<meta property=\"og:url\" content=\"https:\/\/www.kostuemebreuer.de\/english\/produkt\/sissi-kleid-petrol\/\" \/>\n<meta property=\"og:site_name\" content=\"Costumes Breuer\" \/>\n<meta property=\"article:publisher\" content=\"https:\/\/www.facebook.com\/Kostuemebreuer\/?locale=de_DE\" \/>\n<meta property=\"article:modified_time\" content=\"2023-12-02T04:02:59+00:00\" \/>\n<meta property=\"og:image\" content=\"https:\/\/www.kostuemebreuer.de\/english\/wp-content\/uploads\/sites\/6\/Sissikleid-petrol.jpg\" \/>\n\t<meta property=\"og:image:width\" content=\"540\" \/>\n\t<meta property=\"og:image:height\" content=\"960\" \/>\n\t<meta property=\"og:image:type\" content=\"image\/jpeg\" \/>\n<meta name=\"twitter:card\" content=\"summary_large_image\" \/>\n<script type=\"application\/ld+json\" class=\"yoast-schema-graph\">{\"@context\":\"https:\/\/schema.org\",\"@graph\":[{\"@type\":\"WebPage\",\"@id\":\"https:\/\/www.kostuemebreuer.de\/english\/produkt\/sissi-kleid-petrol\/\",\"url\":\"https:\/\/www.kostuemebreuer.de\/english\/produkt\/sissi-kleid-petrol\/\",\"name\":\"Sissikleid - Ballkleid - Rokoko Outfit in Petrol (Kleid, Reifrock, Pompadure) - Costumes Breuer\",\"isPartOf\":{\"@id\":\"https:\/\/www.kostuemebreuer.de\/english\/#website\"},\"primaryImageOfPage\":{\"@id\":\"https:\/\/www.kostuemebreuer.de\/english\/produkt\/sissi-kleid-petrol\/#primaryimage\"},\"image\":{\"@id\":\"https:\/\/www.kostuemebreuer.de\/english\/produkt\/sissi-kleid-petrol\/#primaryimage\"},\"thumbnailUrl\":\"https:\/\/www.kostuemebreuer.de\/english\/wp-content\/uploads\/sites\/6\/Sissikleid-petrol.jpg\",\"datePublished\":\"2018-04-21T11:51:45+00:00\",\"dateModified\":\"2023-12-02T04:02:59+00:00\",\"description\":\"Sissikleid - Ballkleid - Rokoko Outfit in Petrol, bestehend aus einem petrolfarbenen Rokokokleid mit Spitze verziert, einem Reifrock und Pompadure, wahlweise erweiterbar mit einem Samtcape, Handschuhen, einer Kette (Diadem), Armband und einem F\u00e4cher. (Paket 2) Die Per\u00fccke (Kauf) kann separat dazu gebucht werden.\",\"breadcrumb\":{\"@id\":\"https:\/\/www.kostuemebreuer.de\/english\/produkt\/sissi-kleid-petrol\/#breadcrumb\"},\"inLanguage\":\"en-GB\",\"potentialAction\":[{\"@type\":\"ReadAction\",\"target\":[\"https:\/\/www.kostuemebreuer.de\/english\/produkt\/sissi-kleid-petrol\/\"]}]},{\"@type\":\"ImageObject\",\"inLanguage\":\"en-GB\",\"@id\":\"https:\/\/www.kostuemebreuer.de\/english\/produkt\/sissi-kleid-petrol\/#primaryimage\",\"url\":\"https:\/\/www.kostuemebreuer.de\/english\/wp-content\/uploads\/sites\/6\/Sissikleid-petrol.jpg\",\"contentUrl\":\"https:\/\/www.kostuemebreuer.de\/english\/wp-content\/uploads\/sites\/6\/Sissikleid-petrol.jpg\",\"width\":540,\"height\":960},{\"@type\":\"BreadcrumbList\",\"@id\":\"https:\/\/www.kostuemebreuer.de\/english\/produkt\/sissi-kleid-petrol\/#breadcrumb\",\"itemListElement\":[{\"@type\":\"ListItem\",\"position\":1,\"name\":\"Startseite\",\"item\":\"https:\/\/www.kostuemebreuer.de\/english\/\"},{\"@type\":\"ListItem\",\"position\":2,\"name\":\"Kost\u00fcme\",\"item\":\"https:\/\/www.kostuemebreuer.de\/english\/kostueme\/\"},{\"@type\":\"ListItem\",\"position\":3,\"name\":\"Sissikleid &#8211; Ballkleid &#8211; Rokoko Outfit in Petrol (Kleid, Reifrock, Pompadure)\"}]},{\"@type\":\"WebSite\",\"@id\":\"https:\/\/www.kostuemebreuer.de\/english\/#website\",\"url\":\"https:\/\/www.kostuemebreuer.de\/english\/\",\"name\":\"Kost\u00fcme Breuer in M\u00fcnchen\",\"description\":\"Kost\u00fcmverleih\",\"publisher\":{\"@id\":\"https:\/\/www.kostuemebreuer.de\/english\/#organization\"},\"alternateName\":\"Kost\u00fcmverleih Breuer\",\"potentialAction\":[{\"@type\":\"SearchAction\",\"target\":{\"@type\":\"EntryPoint\",\"urlTemplate\":\"https:\/\/www.kostuemebreuer.de\/english\/?s={search_term_string}\"},\"query-input\":{\"@type\":\"PropertyValueSpecification\",\"valueRequired\":true,\"valueName\":\"search_term_string\"}}],\"inLanguage\":\"en-GB\"},{\"@type\":\"Organization\",\"@id\":\"https:\/\/www.kostuemebreuer.de\/english\/#organization\",\"name\":\"Kost\u00fcme Breuer in M\u00fcnchen\",\"url\":\"https:\/\/www.kostuemebreuer.de\/english\/\",\"logo\":{\"@type\":\"ImageObject\",\"inLanguage\":\"en-GB\",\"@id\":\"https:\/\/www.kostuemebreuer.de\/english\/#\/schema\/logo\/image\/\",\"url\":\"https:\/\/www.kostuemebreuer.de\/english\/wp-content\/uploads\/sites\/6\/logo.svg\",\"contentUrl\":\"https:\/\/www.kostuemebreuer.de\/english\/wp-content\/uploads\/sites\/6\/logo.svg\",\"caption\":\"Kost\u00fcme Breuer in M\u00fcnchen\"},\"image\":{\"@id\":\"https:\/\/www.kostuemebreuer.de\/english\/#\/schema\/logo\/image\/\"},\"sameAs\":[\"https:\/\/www.facebook.com\/Kostuemebreuer\/?locale=de_DE\",\"https:\/\/www.instagram.com\/kostuemebreuer\/\"]}]}<\/script>\n<!-- \/ Yoast SEO plugin. -->","yoast_head_json":{"title":"Sissikleid - Ballkleid - Rokoko Outfit in Petrol (Kleid, Reifrock, Pompadure) - Costumes Breuer","description":"Sissikleid - Ballkleid - Rokoko Outfit in Petrol, bestehend aus einem petrolfarbenen Rokokokleid mit Spitze verziert, einem Reifrock und Pompadure, wahlweise erweiterbar mit einem Samtcape, Handschuhen, einer Kette (Diadem), Armband und einem F\u00e4cher. (Paket 2) Die Per\u00fccke (Kauf) kann separat dazu gebucht werden.","robots":{"index":"index","follow":"follow","max-snippet":"max-snippet:-1","max-image-preview":"max-image-preview:large","max-video-preview":"max-video-preview:-1"},"canonical":"https:\/\/www.kostuemebreuer.de\/english\/produkt\/sissi-kleid-petrol\/","og_locale":"en_GB","og_type":"article","og_title":"Sissikleid - Ballkleid - Rokoko Outfit in Petrol (Kleid, Reifrock, Pompadure) - Costumes Breuer","og_description":"Sissikleid - Ballkleid - Rokoko Outfit in Petrol, bestehend aus einem petrolfarbenen Rokokokleid mit Spitze verziert, einem Reifrock und Pompadure, wahlweise erweiterbar mit einem Samtcape, Handschuhen, einer Kette (Diadem), Armband und einem F\u00e4cher. (Paket 2) Die Per\u00fccke (Kauf) kann separat dazu gebucht werden.","og_url":"https:\/\/www.kostuemebreuer.de\/english\/produkt\/sissi-kleid-petrol\/","og_site_name":"Costumes Breuer","article_publisher":"https:\/\/www.facebook.com\/Kostuemebreuer\/?locale=de_DE","article_modified_time":"2023-12-02T04:02:59+00:00","og_image":[{"width":540,"height":960,"url":"https:\/\/www.kostuemebreuer.de\/english\/wp-content\/uploads\/sites\/6\/Sissikleid-petrol.jpg","type":"image\/jpeg"}],"twitter_card":"summary_large_image","schema":{"@context":"https:\/\/schema.org","@graph":[{"@type":"WebPage","@id":"https:\/\/www.kostuemebreuer.de\/english\/produkt\/sissi-kleid-petrol\/","url":"https:\/\/www.kostuemebreuer.de\/english\/produkt\/sissi-kleid-petrol\/","name":"Sissikleid - Ballkleid - Rokoko Outfit in Petrol (Kleid, Reifrock, Pompadure) - Costumes Breuer","isPartOf":{"@id":"https:\/\/www.kostuemebreuer.de\/english\/#website"},"primaryImageOfPage":{"@id":"https:\/\/www.kostuemebreuer.de\/english\/produkt\/sissi-kleid-petrol\/#primaryimage"},"image":{"@id":"https:\/\/www.kostuemebreuer.de\/english\/produkt\/sissi-kleid-petrol\/#primaryimage"},"thumbnailUrl":"https:\/\/www.kostuemebreuer.de\/english\/wp-content\/uploads\/sites\/6\/Sissikleid-petrol.jpg","datePublished":"2018-04-21T11:51:45+00:00","dateModified":"2023-12-02T04:02:59+00:00","description":"Sissikleid - Ballkleid - Rokoko Outfit in Petrol, bestehend aus einem petrolfarbenen Rokokokleid mit Spitze verziert, einem Reifrock und Pompadure, wahlweise erweiterbar mit einem Samtcape, Handschuhen, einer Kette (Diadem), Armband und einem F\u00e4cher. (Paket 2) Die Per\u00fccke (Kauf) kann separat dazu gebucht werden.","breadcrumb":{"@id":"https:\/\/www.kostuemebreuer.de\/english\/produkt\/sissi-kleid-petrol\/#breadcrumb"},"inLanguage":"en-GB","potentialAction":[{"@type":"ReadAction","target":["https:\/\/www.kostuemebreuer.de\/english\/produkt\/sissi-kleid-petrol\/"]}]},{"@type":"ImageObject","inLanguage":"en-GB","@id":"https:\/\/www.kostuemebreuer.de\/english\/produkt\/sissi-kleid-petrol\/#primaryimage","url":"https:\/\/www.kostuemebreuer.de\/english\/wp-content\/uploads\/sites\/6\/Sissikleid-petrol.jpg","contentUrl":"https:\/\/www.kostuemebreuer.de\/english\/wp-content\/uploads\/sites\/6\/Sissikleid-petrol.jpg","width":540,"height":960},{"@type":"BreadcrumbList","@id":"https:\/\/www.kostuemebreuer.de\/english\/produkt\/sissi-kleid-petrol\/#breadcrumb","itemListElement":[{"@type":"ListItem","position":1,"name":"Startseite","item":"https:\/\/www.kostuemebreuer.de\/english\/"},{"@type":"ListItem","position":2,"name":"Kost\u00fcme","item":"https:\/\/www.kostuemebreuer.de\/english\/kostueme\/"},{"@type":"ListItem","position":3,"name":"Sissikleid &#8211; Ballkleid &#8211; Rokoko Outfit in Petrol (Kleid, Reifrock, Pompadure)"}]},{"@type":"WebSite","@id":"https:\/\/www.kostuemebreuer.de\/english\/#website","url":"https:\/\/www.kostuemebreuer.de\/english\/","name":"Kost\u00fcme Breuer in M\u00fcnchen","description":"Kost\u00fcmverleih","publisher":{"@id":"https:\/\/www.kostuemebreuer.de\/english\/#organization"},"alternateName":"Kost\u00fcmverleih Breuer","potentialAction":[{"@type":"SearchAction","target":{"@type":"EntryPoint","urlTemplate":"https:\/\/www.kostuemebreuer.de\/english\/?s={search_term_string}"},"query-input":{"@type":"PropertyValueSpecification","valueRequired":true,"valueName":"search_term_string"}}],"inLanguage":"en-GB"},{"@type":"Organization","@id":"https:\/\/www.kostuemebreuer.de\/english\/#organization","name":"Kost\u00fcme Breuer in M\u00fcnchen","url":"https:\/\/www.kostuemebreuer.de\/english\/","logo":{"@type":"ImageObject","inLanguage":"en-GB","@id":"https:\/\/www.kostuemebreuer.de\/english\/#\/schema\/logo\/image\/","url":"https:\/\/www.kostuemebreuer.de\/english\/wp-content\/uploads\/sites\/6\/logo.svg","contentUrl":"https:\/\/www.kostuemebreuer.de\/english\/wp-content\/uploads\/sites\/6\/logo.svg","caption":"Kost\u00fcme Breuer in M\u00fcnchen"},"image":{"@id":"https:\/\/www.kostuemebreuer.de\/english\/#\/schema\/logo\/image\/"},"sameAs":["https:\/\/www.facebook.com\/Kostuemebreuer\/?locale=de_DE","https:\/\/www.instagram.com\/kostuemebreuer\/"]}]}},"acf":[],"_links":{"self":[{"href":"https:\/\/www.kostuemebreuer.de\/english\/wp-json\/wp\/v2\/product\/17435","targetHints":{"allow":["GET"]}}],"collection":[{"href":"https:\/\/www.kostuemebreuer.de\/english\/wp-json\/wp\/v2\/product"}],"about":[{"href":"https:\/\/www.kostuemebreuer.de\/english\/wp-json\/wp\/v2\/types\/product"}],"wp:featuredmedia":[{"embeddable":true,"href":"https:\/\/www.kostuemebreuer.de\/english\/wp-json\/wp\/v2\/media\/17436"}],"wp:attachment":[{"href":"https:\/\/www.kostuemebreuer.de\/english\/wp-json\/wp\/v2\/media?parent=17435"}],"wp:term":[{"taxonomy":"product_brand","embeddable":true,"href":"https:\/\/www.kostuemebreuer.de\/english\/wp-json\/wp\/v2\/product_brand?post=17435"},{"taxonomy":"product_cat","embeddable":true,"href":"https:\/\/www.kostuemebreuer.de\/english\/wp-json\/wp\/v2\/product_cat?post=17435"},{"taxonomy":"product_tag","embeddable":true,"href":"https:\/\/www.kostuemebreuer.de\/english\/wp-json\/wp\/v2\/product_tag?post=17435"}],"curies":[{"name":"wp","href":"https:\/\/api.w.org\/{rel}","templated":true}]}}