{"id":17080,"date":"2018-01-04T15:24:30","date_gmt":"2018-01-04T13:24:30","guid":{"rendered":"https:\/\/www.kostuemverleih.com\/?post_type=product&#038;p=17080"},"modified":"2023-12-02T06:02:50","modified_gmt":"2023-12-02T04:02:50","slug":"reitkostuem-beige","status":"publish","type":"product","link":"https:\/\/www.kostuemebreuer.de\/english\/produkt\/reitkostuem-beige\/","title":{"rendered":"Jahrhundertwende &#8211; Biedermeier &#8211; Reiterin Outfit &#8211; Damen &#8211; Sand (Jacke, Rock und Jabot)"},"content":{"rendered":"<p>Jahrhundertwende \u2013 Biedermeier Outfit \u2013 Damen \u2013 Beige, bestehend aus einer sandfarbenen Jacke und Rock mit schwarzen Applikationen und einem Jabot, wahlweise erweiterbar mit einer wei\u00dfen Bluse, einem Zylinder mit Spitzenbesatz, Pompadure, Handschuhen und Schirm. (Paket 2)<\/p>\n","protected":false},"excerpt":{"rendered":"<p>Jahrhundertwende \u2013 Biedermeier Outfit \u2013 Damen \u2013 Beige, bestehend aus einer sandfarbenen Jacke und Rock mit schwarzen Applikationen und einem Jabot, wahlweise erweiterbar mit einer <strong>wei\u00dfen Bluse, einem Zylinder mit Spitzenbesatz, Pompadure, Handschuhen und Schirm<\/strong>. (Paket 2)<\/p>\n","protected":false},"featured_media":17081,"template":"","meta":{"_acf_changed":false},"product_brand":[],"product_cat":[125,29],"product_tag":[144,118],"class_list":{"0":"post-17080","1":"product","2":"type-product","3":"status-publish","4":"has-post-thumbnail","6":"product_cat-kleider","7":"product_cat-kostueme","8":"product_tag-beige","9":"product_tag-jahrhundertwende","10":"product_shipping_class-versandklasse-2","11":"infinite-scroll-item","13":"first","14":"instock","15":"taxable","16":"shipping-taxable","17":"purchasable","18":"product-type-simple"},"yoast_head":"<!-- This site is optimized with the Yoast SEO plugin v27.2 - https:\/\/yoast.com\/product\/yoast-seo-wordpress\/ -->\n<title>Jahrhundertwende - Biedermeier - Reiterin Outfit - Damen - Sand (Jacke, Rock und Jabot) - Costumes Breuer<\/title>\n<meta name=\"description\" content=\"Jahrhundertwende \u2013 Biedermeier Outfit \u2013 Damen \u2013 Beige, bestehend aus einer sandfarbenen Jacke und Rock mit schwarzen Applikationen und einem Jabot, wahlweise erweiterbar mit einer wei\u00dfen Bluse, einem Zylinder mit Spitzenbesatz, Pompadure, Handschuhen und Schirm. (Paket 2)\" \/>\n<meta name=\"robots\" content=\"index, follow, max-snippet:-1, max-image-preview:large, max-video-preview:-1\" \/>\n<link rel=\"canonical\" href=\"https:\/\/www.kostuemebreuer.de\/english\/produkt\/reitkostuem-beige\/\" \/>\n<meta property=\"og:locale\" content=\"en_GB\" \/>\n<meta property=\"og:type\" content=\"article\" \/>\n<meta property=\"og:title\" content=\"Jahrhundertwende - Biedermeier - Reiterin Outfit - Damen - Sand (Jacke, Rock und Jabot) - Costumes Breuer\" \/>\n<meta property=\"og:description\" content=\"Jahrhundertwende \u2013 Biedermeier Outfit \u2013 Damen \u2013 Beige, bestehend aus einer sandfarbenen Jacke und Rock mit schwarzen Applikationen und einem Jabot, wahlweise erweiterbar mit einer wei\u00dfen Bluse, einem Zylinder mit Spitzenbesatz, Pompadure, Handschuhen und Schirm. (Paket 2)\" \/>\n<meta property=\"og:url\" content=\"https:\/\/www.kostuemebreuer.de\/english\/produkt\/reitkostuem-beige\/\" \/>\n<meta property=\"og:site_name\" content=\"Costumes Breuer\" \/>\n<meta property=\"article:publisher\" content=\"https:\/\/www.facebook.com\/Kostuemebreuer\/?locale=de_DE\" \/>\n<meta property=\"article:modified_time\" content=\"2023-12-02T04:02:50+00:00\" \/>\n<meta property=\"og:image\" content=\"https:\/\/www.kostuemebreuer.de\/english\/wp-content\/uploads\/sites\/6\/JdwReitrockbeige.jpg\" \/>\n\t<meta property=\"og:image:width\" content=\"540\" \/>\n\t<meta property=\"og:image:height\" content=\"960\" \/>\n\t<meta property=\"og:image:type\" content=\"image\/jpeg\" \/>\n<meta name=\"twitter:card\" content=\"summary_large_image\" \/>\n<script type=\"application\/ld+json\" class=\"yoast-schema-graph\">{\"@context\":\"https:\/\/schema.org\",\"@graph\":[{\"@type\":\"WebPage\",\"@id\":\"https:\/\/www.kostuemebreuer.de\/english\/produkt\/reitkostuem-beige\/\",\"url\":\"https:\/\/www.kostuemebreuer.de\/english\/produkt\/reitkostuem-beige\/\",\"name\":\"Jahrhundertwende - Biedermeier - Reiterin Outfit - Damen - Sand (Jacke, Rock und Jabot) - Costumes Breuer\",\"isPartOf\":{\"@id\":\"https:\/\/www.kostuemebreuer.de\/english\/#website\"},\"primaryImageOfPage\":{\"@id\":\"https:\/\/www.kostuemebreuer.de\/english\/produkt\/reitkostuem-beige\/#primaryimage\"},\"image\":{\"@id\":\"https:\/\/www.kostuemebreuer.de\/english\/produkt\/reitkostuem-beige\/#primaryimage\"},\"thumbnailUrl\":\"https:\/\/www.kostuemebreuer.de\/english\/wp-content\/uploads\/sites\/6\/JdwReitrockbeige.jpg\",\"datePublished\":\"2018-01-04T13:24:30+00:00\",\"dateModified\":\"2023-12-02T04:02:50+00:00\",\"description\":\"Jahrhundertwende \u2013 Biedermeier Outfit \u2013 Damen \u2013 Beige, bestehend aus einer sandfarbenen Jacke und Rock mit schwarzen Applikationen und einem Jabot, wahlweise erweiterbar mit einer wei\u00dfen Bluse, einem Zylinder mit Spitzenbesatz, Pompadure, Handschuhen und Schirm. (Paket 2)\",\"breadcrumb\":{\"@id\":\"https:\/\/www.kostuemebreuer.de\/english\/produkt\/reitkostuem-beige\/#breadcrumb\"},\"inLanguage\":\"en-GB\",\"potentialAction\":[{\"@type\":\"ReadAction\",\"target\":[\"https:\/\/www.kostuemebreuer.de\/english\/produkt\/reitkostuem-beige\/\"]}]},{\"@type\":\"ImageObject\",\"inLanguage\":\"en-GB\",\"@id\":\"https:\/\/www.kostuemebreuer.de\/english\/produkt\/reitkostuem-beige\/#primaryimage\",\"url\":\"https:\/\/www.kostuemebreuer.de\/english\/wp-content\/uploads\/sites\/6\/JdwReitrockbeige.jpg\",\"contentUrl\":\"https:\/\/www.kostuemebreuer.de\/english\/wp-content\/uploads\/sites\/6\/JdwReitrockbeige.jpg\",\"width\":540,\"height\":960},{\"@type\":\"BreadcrumbList\",\"@id\":\"https:\/\/www.kostuemebreuer.de\/english\/produkt\/reitkostuem-beige\/#breadcrumb\",\"itemListElement\":[{\"@type\":\"ListItem\",\"position\":1,\"name\":\"Startseite\",\"item\":\"https:\/\/www.kostuemebreuer.de\/english\/\"},{\"@type\":\"ListItem\",\"position\":2,\"name\":\"Kost\u00fcme\",\"item\":\"https:\/\/www.kostuemebreuer.de\/english\/kostueme\/\"},{\"@type\":\"ListItem\",\"position\":3,\"name\":\"Jahrhundertwende &#8211; Biedermeier &#8211; Reiterin Outfit &#8211; Damen &#8211; Sand (Jacke, Rock und Jabot)\"}]},{\"@type\":\"WebSite\",\"@id\":\"https:\/\/www.kostuemebreuer.de\/english\/#website\",\"url\":\"https:\/\/www.kostuemebreuer.de\/english\/\",\"name\":\"Kost\u00fcme Breuer in M\u00fcnchen\",\"description\":\"Kost\u00fcmverleih\",\"publisher\":{\"@id\":\"https:\/\/www.kostuemebreuer.de\/english\/#organization\"},\"alternateName\":\"Kost\u00fcmverleih Breuer\",\"potentialAction\":[{\"@type\":\"SearchAction\",\"target\":{\"@type\":\"EntryPoint\",\"urlTemplate\":\"https:\/\/www.kostuemebreuer.de\/english\/?s={search_term_string}\"},\"query-input\":{\"@type\":\"PropertyValueSpecification\",\"valueRequired\":true,\"valueName\":\"search_term_string\"}}],\"inLanguage\":\"en-GB\"},{\"@type\":\"Organization\",\"@id\":\"https:\/\/www.kostuemebreuer.de\/english\/#organization\",\"name\":\"Kost\u00fcme Breuer in M\u00fcnchen\",\"url\":\"https:\/\/www.kostuemebreuer.de\/english\/\",\"logo\":{\"@type\":\"ImageObject\",\"inLanguage\":\"en-GB\",\"@id\":\"https:\/\/www.kostuemebreuer.de\/english\/#\/schema\/logo\/image\/\",\"url\":\"https:\/\/www.kostuemebreuer.de\/english\/wp-content\/uploads\/sites\/6\/logo.svg\",\"contentUrl\":\"https:\/\/www.kostuemebreuer.de\/english\/wp-content\/uploads\/sites\/6\/logo.svg\",\"caption\":\"Kost\u00fcme Breuer in M\u00fcnchen\"},\"image\":{\"@id\":\"https:\/\/www.kostuemebreuer.de\/english\/#\/schema\/logo\/image\/\"},\"sameAs\":[\"https:\/\/www.facebook.com\/Kostuemebreuer\/?locale=de_DE\",\"https:\/\/www.instagram.com\/kostuemebreuer\/\"]}]}<\/script>\n<!-- \/ Yoast SEO plugin. -->","yoast_head_json":{"title":"Jahrhundertwende - Biedermeier - Reiterin Outfit - Damen - Sand (Jacke, Rock und Jabot) - Costumes Breuer","description":"Jahrhundertwende \u2013 Biedermeier Outfit \u2013 Damen \u2013 Beige, bestehend aus einer sandfarbenen Jacke und Rock mit schwarzen Applikationen und einem Jabot, wahlweise erweiterbar mit einer wei\u00dfen Bluse, einem Zylinder mit Spitzenbesatz, Pompadure, Handschuhen und Schirm. (Paket 2)","robots":{"index":"index","follow":"follow","max-snippet":"max-snippet:-1","max-image-preview":"max-image-preview:large","max-video-preview":"max-video-preview:-1"},"canonical":"https:\/\/www.kostuemebreuer.de\/english\/produkt\/reitkostuem-beige\/","og_locale":"en_GB","og_type":"article","og_title":"Jahrhundertwende - Biedermeier - Reiterin Outfit - Damen - Sand (Jacke, Rock und Jabot) - Costumes Breuer","og_description":"Jahrhundertwende \u2013 Biedermeier Outfit \u2013 Damen \u2013 Beige, bestehend aus einer sandfarbenen Jacke und Rock mit schwarzen Applikationen und einem Jabot, wahlweise erweiterbar mit einer wei\u00dfen Bluse, einem Zylinder mit Spitzenbesatz, Pompadure, Handschuhen und Schirm. (Paket 2)","og_url":"https:\/\/www.kostuemebreuer.de\/english\/produkt\/reitkostuem-beige\/","og_site_name":"Costumes Breuer","article_publisher":"https:\/\/www.facebook.com\/Kostuemebreuer\/?locale=de_DE","article_modified_time":"2023-12-02T04:02:50+00:00","og_image":[{"width":540,"height":960,"url":"https:\/\/www.kostuemebreuer.de\/english\/wp-content\/uploads\/sites\/6\/JdwReitrockbeige.jpg","type":"image\/jpeg"}],"twitter_card":"summary_large_image","schema":{"@context":"https:\/\/schema.org","@graph":[{"@type":"WebPage","@id":"https:\/\/www.kostuemebreuer.de\/english\/produkt\/reitkostuem-beige\/","url":"https:\/\/www.kostuemebreuer.de\/english\/produkt\/reitkostuem-beige\/","name":"Jahrhundertwende - Biedermeier - Reiterin Outfit - Damen - Sand (Jacke, Rock und Jabot) - Costumes Breuer","isPartOf":{"@id":"https:\/\/www.kostuemebreuer.de\/english\/#website"},"primaryImageOfPage":{"@id":"https:\/\/www.kostuemebreuer.de\/english\/produkt\/reitkostuem-beige\/#primaryimage"},"image":{"@id":"https:\/\/www.kostuemebreuer.de\/english\/produkt\/reitkostuem-beige\/#primaryimage"},"thumbnailUrl":"https:\/\/www.kostuemebreuer.de\/english\/wp-content\/uploads\/sites\/6\/JdwReitrockbeige.jpg","datePublished":"2018-01-04T13:24:30+00:00","dateModified":"2023-12-02T04:02:50+00:00","description":"Jahrhundertwende \u2013 Biedermeier Outfit \u2013 Damen \u2013 Beige, bestehend aus einer sandfarbenen Jacke und Rock mit schwarzen Applikationen und einem Jabot, wahlweise erweiterbar mit einer wei\u00dfen Bluse, einem Zylinder mit Spitzenbesatz, Pompadure, Handschuhen und Schirm. (Paket 2)","breadcrumb":{"@id":"https:\/\/www.kostuemebreuer.de\/english\/produkt\/reitkostuem-beige\/#breadcrumb"},"inLanguage":"en-GB","potentialAction":[{"@type":"ReadAction","target":["https:\/\/www.kostuemebreuer.de\/english\/produkt\/reitkostuem-beige\/"]}]},{"@type":"ImageObject","inLanguage":"en-GB","@id":"https:\/\/www.kostuemebreuer.de\/english\/produkt\/reitkostuem-beige\/#primaryimage","url":"https:\/\/www.kostuemebreuer.de\/english\/wp-content\/uploads\/sites\/6\/JdwReitrockbeige.jpg","contentUrl":"https:\/\/www.kostuemebreuer.de\/english\/wp-content\/uploads\/sites\/6\/JdwReitrockbeige.jpg","width":540,"height":960},{"@type":"BreadcrumbList","@id":"https:\/\/www.kostuemebreuer.de\/english\/produkt\/reitkostuem-beige\/#breadcrumb","itemListElement":[{"@type":"ListItem","position":1,"name":"Startseite","item":"https:\/\/www.kostuemebreuer.de\/english\/"},{"@type":"ListItem","position":2,"name":"Kost\u00fcme","item":"https:\/\/www.kostuemebreuer.de\/english\/kostueme\/"},{"@type":"ListItem","position":3,"name":"Jahrhundertwende &#8211; Biedermeier &#8211; Reiterin Outfit &#8211; Damen &#8211; Sand (Jacke, Rock und Jabot)"}]},{"@type":"WebSite","@id":"https:\/\/www.kostuemebreuer.de\/english\/#website","url":"https:\/\/www.kostuemebreuer.de\/english\/","name":"Kost\u00fcme Breuer in M\u00fcnchen","description":"Kost\u00fcmverleih","publisher":{"@id":"https:\/\/www.kostuemebreuer.de\/english\/#organization"},"alternateName":"Kost\u00fcmverleih Breuer","potentialAction":[{"@type":"SearchAction","target":{"@type":"EntryPoint","urlTemplate":"https:\/\/www.kostuemebreuer.de\/english\/?s={search_term_string}"},"query-input":{"@type":"PropertyValueSpecification","valueRequired":true,"valueName":"search_term_string"}}],"inLanguage":"en-GB"},{"@type":"Organization","@id":"https:\/\/www.kostuemebreuer.de\/english\/#organization","name":"Kost\u00fcme Breuer in M\u00fcnchen","url":"https:\/\/www.kostuemebreuer.de\/english\/","logo":{"@type":"ImageObject","inLanguage":"en-GB","@id":"https:\/\/www.kostuemebreuer.de\/english\/#\/schema\/logo\/image\/","url":"https:\/\/www.kostuemebreuer.de\/english\/wp-content\/uploads\/sites\/6\/logo.svg","contentUrl":"https:\/\/www.kostuemebreuer.de\/english\/wp-content\/uploads\/sites\/6\/logo.svg","caption":"Kost\u00fcme Breuer in M\u00fcnchen"},"image":{"@id":"https:\/\/www.kostuemebreuer.de\/english\/#\/schema\/logo\/image\/"},"sameAs":["https:\/\/www.facebook.com\/Kostuemebreuer\/?locale=de_DE","https:\/\/www.instagram.com\/kostuemebreuer\/"]}]}},"acf":[],"_links":{"self":[{"href":"https:\/\/www.kostuemebreuer.de\/english\/wp-json\/wp\/v2\/product\/17080","targetHints":{"allow":["GET"]}}],"collection":[{"href":"https:\/\/www.kostuemebreuer.de\/english\/wp-json\/wp\/v2\/product"}],"about":[{"href":"https:\/\/www.kostuemebreuer.de\/english\/wp-json\/wp\/v2\/types\/product"}],"wp:featuredmedia":[{"embeddable":true,"href":"https:\/\/www.kostuemebreuer.de\/english\/wp-json\/wp\/v2\/media\/17081"}],"wp:attachment":[{"href":"https:\/\/www.kostuemebreuer.de\/english\/wp-json\/wp\/v2\/media?parent=17080"}],"wp:term":[{"taxonomy":"product_brand","embeddable":true,"href":"https:\/\/www.kostuemebreuer.de\/english\/wp-json\/wp\/v2\/product_brand?post=17080"},{"taxonomy":"product_cat","embeddable":true,"href":"https:\/\/www.kostuemebreuer.de\/english\/wp-json\/wp\/v2\/product_cat?post=17080"},{"taxonomy":"product_tag","embeddable":true,"href":"https:\/\/www.kostuemebreuer.de\/english\/wp-json\/wp\/v2\/product_tag?post=17080"}],"curies":[{"name":"wp","href":"https:\/\/api.w.org\/{rel}","templated":true}]}}