{"id":16374,"date":"2017-07-11T17:28:23","date_gmt":"2017-07-11T15:28:23","guid":{"rendered":"https:\/\/www.kostuemverleih.com\/?post_type=product&#038;p=16374"},"modified":"2023-12-02T06:02:28","modified_gmt":"2023-12-02T04:02:28","slug":"80er-jahre-disco-mantel-lila","status":"publish","type":"product","link":"https:\/\/www.kostuemebreuer.de\/english\/produkt\/80er-jahre-disco-mantel-lila\/","title":{"rendered":"80er Jahre \u2013 Dandy Look \u2013 Austin Power \u2013 Luden Outfit \u2013 Herren \u2013 Lila (Mantel, Hemd und Hose)"},"content":{"rendered":"<p>80er Jahre \u2013 Dandy Look \u2013 Austin Power \u2013 Luden Outfit \u2013 Herren \u2013 Lila, bestehend aus einem lila Mantel, wei\u00dfem Hemd und wei\u00dfer Hose.<\/p>\n<p>Die Per\u00fccke (Kauf) kann separat dazu gebucht werden.<\/p>\n","protected":false},"excerpt":{"rendered":"<p>80er Jahre \u2013 Dandy Look \u2013 Austin Power \u2013 Luden Outfit \u2013 Herren \u2013 Lila, bestehend aus einem lila Mantel, wei\u00dfem Hemd und wei\u00dfer Hose.<\/p>\n<p>Die Per\u00fccke (Kauf) kann separat dazu gebucht werden.<\/p>\n","protected":false},"featured_media":16375,"template":"","meta":{"_acf_changed":false},"product_brand":[],"product_cat":[79,29],"product_tag":[527,217,78],"class_list":{"0":"post-16374","1":"product","2":"type-product","3":"status-publish","4":"has-post-thumbnail","6":"product_cat-jacken","7":"product_cat-kostueme","8":"product_tag-80er-jahre-michael-jackson-miami-vice-dallas","9":"product_tag-lila","10":"product_tag-silber","11":"product_shipping_class-versandklasse-2","12":"infinite-scroll-item","14":"first","15":"instock","16":"taxable","17":"shipping-taxable","18":"purchasable","19":"product-type-simple"},"yoast_head":"<!-- This site is optimized with the Yoast SEO plugin v27.2 - https:\/\/yoast.com\/product\/yoast-seo-wordpress\/ -->\n<title>80er Jahre \u2013 Dandy Look \u2013 Austin Power \u2013 Luden Outfit \u2013 Herren \u2013 Lila (Mantel, Hemd und Hose) - Costumes Breuer<\/title>\n<meta name=\"description\" content=\"80er Jahre \u2013 Dandy Look \u2013 Austin Power \u2013 Luden Outfit \u2013 Herren \u2013 Lila, bestehend aus einem lila Mantel, wei\u00dfem Hemd und wei\u00dfer Hose. Die Per\u00fccke (Kauf) kann separat dazu gebucht werden.\" \/>\n<meta name=\"robots\" content=\"index, follow, max-snippet:-1, max-image-preview:large, max-video-preview:-1\" \/>\n<link rel=\"canonical\" href=\"https:\/\/www.kostuemebreuer.de\/english\/produkt\/80er-jahre-disco-mantel-lila\/\" \/>\n<meta property=\"og:locale\" content=\"en_GB\" \/>\n<meta property=\"og:type\" content=\"article\" \/>\n<meta property=\"og:title\" content=\"80er Jahre \u2013 Dandy Look \u2013 Austin Power \u2013 Luden Outfit \u2013 Herren \u2013 Lila (Mantel, Hemd und Hose) - Costumes Breuer\" \/>\n<meta property=\"og:description\" content=\"80er Jahre \u2013 Dandy Look \u2013 Austin Power \u2013 Luden Outfit \u2013 Herren \u2013 Lila, bestehend aus einem lila Mantel, wei\u00dfem Hemd und wei\u00dfer Hose. Die Per\u00fccke (Kauf) kann separat dazu gebucht werden.\" \/>\n<meta property=\"og:url\" content=\"https:\/\/www.kostuemebreuer.de\/english\/produkt\/80er-jahre-disco-mantel-lila\/\" \/>\n<meta property=\"og:site_name\" content=\"Costumes Breuer\" \/>\n<meta property=\"article:publisher\" content=\"https:\/\/www.facebook.com\/Kostuemebreuer\/?locale=de_DE\" \/>\n<meta property=\"article:modified_time\" content=\"2023-12-02T04:02:28+00:00\" \/>\n<meta property=\"og:image\" content=\"https:\/\/www.kostuemebreuer.de\/english\/wp-content\/uploads\/sites\/6\/01LilaMantel_wei\u00df.jpg\" \/>\n\t<meta property=\"og:image:width\" content=\"540\" \/>\n\t<meta property=\"og:image:height\" content=\"960\" \/>\n\t<meta property=\"og:image:type\" content=\"image\/jpeg\" \/>\n<meta name=\"twitter:card\" content=\"summary_large_image\" \/>\n<script type=\"application\/ld+json\" class=\"yoast-schema-graph\">{\"@context\":\"https:\/\/schema.org\",\"@graph\":[{\"@type\":\"WebPage\",\"@id\":\"https:\/\/www.kostuemebreuer.de\/english\/produkt\/80er-jahre-disco-mantel-lila\/\",\"url\":\"https:\/\/www.kostuemebreuer.de\/english\/produkt\/80er-jahre-disco-mantel-lila\/\",\"name\":\"80er Jahre \u2013 Dandy Look \u2013 Austin Power \u2013 Luden Outfit \u2013 Herren \u2013 Lila (Mantel, Hemd und Hose) - Costumes Breuer\",\"isPartOf\":{\"@id\":\"https:\/\/www.kostuemebreuer.de\/english\/#website\"},\"primaryImageOfPage\":{\"@id\":\"https:\/\/www.kostuemebreuer.de\/english\/produkt\/80er-jahre-disco-mantel-lila\/#primaryimage\"},\"image\":{\"@id\":\"https:\/\/www.kostuemebreuer.de\/english\/produkt\/80er-jahre-disco-mantel-lila\/#primaryimage\"},\"thumbnailUrl\":\"https:\/\/www.kostuemebreuer.de\/english\/wp-content\/uploads\/sites\/6\/01LilaMantel_wei\u00df.jpg\",\"datePublished\":\"2017-07-11T15:28:23+00:00\",\"dateModified\":\"2023-12-02T04:02:28+00:00\",\"description\":\"80er Jahre \u2013 Dandy Look \u2013 Austin Power \u2013 Luden Outfit \u2013 Herren \u2013 Lila, bestehend aus einem lila Mantel, wei\u00dfem Hemd und wei\u00dfer Hose. Die Per\u00fccke (Kauf) kann separat dazu gebucht werden.\",\"breadcrumb\":{\"@id\":\"https:\/\/www.kostuemebreuer.de\/english\/produkt\/80er-jahre-disco-mantel-lila\/#breadcrumb\"},\"inLanguage\":\"en-GB\",\"potentialAction\":[{\"@type\":\"ReadAction\",\"target\":[\"https:\/\/www.kostuemebreuer.de\/english\/produkt\/80er-jahre-disco-mantel-lila\/\"]}]},{\"@type\":\"ImageObject\",\"inLanguage\":\"en-GB\",\"@id\":\"https:\/\/www.kostuemebreuer.de\/english\/produkt\/80er-jahre-disco-mantel-lila\/#primaryimage\",\"url\":\"https:\/\/www.kostuemebreuer.de\/english\/wp-content\/uploads\/sites\/6\/01LilaMantel_wei\u00df.jpg\",\"contentUrl\":\"https:\/\/www.kostuemebreuer.de\/english\/wp-content\/uploads\/sites\/6\/01LilaMantel_wei\u00df.jpg\",\"width\":540,\"height\":960},{\"@type\":\"BreadcrumbList\",\"@id\":\"https:\/\/www.kostuemebreuer.de\/english\/produkt\/80er-jahre-disco-mantel-lila\/#breadcrumb\",\"itemListElement\":[{\"@type\":\"ListItem\",\"position\":1,\"name\":\"Startseite\",\"item\":\"https:\/\/www.kostuemebreuer.de\/english\/\"},{\"@type\":\"ListItem\",\"position\":2,\"name\":\"Kost\u00fcme\",\"item\":\"https:\/\/www.kostuemebreuer.de\/english\/kostueme\/\"},{\"@type\":\"ListItem\",\"position\":3,\"name\":\"80er Jahre \u2013 Dandy Look \u2013 Austin Power \u2013 Luden Outfit \u2013 Herren \u2013 Lila (Mantel, Hemd und Hose)\"}]},{\"@type\":\"WebSite\",\"@id\":\"https:\/\/www.kostuemebreuer.de\/english\/#website\",\"url\":\"https:\/\/www.kostuemebreuer.de\/english\/\",\"name\":\"Kost\u00fcme Breuer in M\u00fcnchen\",\"description\":\"Kost\u00fcmverleih\",\"publisher\":{\"@id\":\"https:\/\/www.kostuemebreuer.de\/english\/#organization\"},\"alternateName\":\"Kost\u00fcmverleih Breuer\",\"potentialAction\":[{\"@type\":\"SearchAction\",\"target\":{\"@type\":\"EntryPoint\",\"urlTemplate\":\"https:\/\/www.kostuemebreuer.de\/english\/?s={search_term_string}\"},\"query-input\":{\"@type\":\"PropertyValueSpecification\",\"valueRequired\":true,\"valueName\":\"search_term_string\"}}],\"inLanguage\":\"en-GB\"},{\"@type\":\"Organization\",\"@id\":\"https:\/\/www.kostuemebreuer.de\/english\/#organization\",\"name\":\"Kost\u00fcme Breuer in M\u00fcnchen\",\"url\":\"https:\/\/www.kostuemebreuer.de\/english\/\",\"logo\":{\"@type\":\"ImageObject\",\"inLanguage\":\"en-GB\",\"@id\":\"https:\/\/www.kostuemebreuer.de\/english\/#\/schema\/logo\/image\/\",\"url\":\"https:\/\/www.kostuemebreuer.de\/english\/wp-content\/uploads\/sites\/6\/logo.svg\",\"contentUrl\":\"https:\/\/www.kostuemebreuer.de\/english\/wp-content\/uploads\/sites\/6\/logo.svg\",\"caption\":\"Kost\u00fcme Breuer in M\u00fcnchen\"},\"image\":{\"@id\":\"https:\/\/www.kostuemebreuer.de\/english\/#\/schema\/logo\/image\/\"},\"sameAs\":[\"https:\/\/www.facebook.com\/Kostuemebreuer\/?locale=de_DE\",\"https:\/\/www.instagram.com\/kostuemebreuer\/\"]}]}<\/script>\n<!-- \/ Yoast SEO plugin. -->","yoast_head_json":{"title":"80er Jahre \u2013 Dandy Look \u2013 Austin Power \u2013 Luden Outfit \u2013 Herren \u2013 Lila (Mantel, Hemd und Hose) - Costumes Breuer","description":"80er Jahre \u2013 Dandy Look \u2013 Austin Power \u2013 Luden Outfit \u2013 Herren \u2013 Lila, bestehend aus einem lila Mantel, wei\u00dfem Hemd und wei\u00dfer Hose. Die Per\u00fccke (Kauf) kann separat dazu gebucht werden.","robots":{"index":"index","follow":"follow","max-snippet":"max-snippet:-1","max-image-preview":"max-image-preview:large","max-video-preview":"max-video-preview:-1"},"canonical":"https:\/\/www.kostuemebreuer.de\/english\/produkt\/80er-jahre-disco-mantel-lila\/","og_locale":"en_GB","og_type":"article","og_title":"80er Jahre \u2013 Dandy Look \u2013 Austin Power \u2013 Luden Outfit \u2013 Herren \u2013 Lila (Mantel, Hemd und Hose) - Costumes Breuer","og_description":"80er Jahre \u2013 Dandy Look \u2013 Austin Power \u2013 Luden Outfit \u2013 Herren \u2013 Lila, bestehend aus einem lila Mantel, wei\u00dfem Hemd und wei\u00dfer Hose. Die Per\u00fccke (Kauf) kann separat dazu gebucht werden.","og_url":"https:\/\/www.kostuemebreuer.de\/english\/produkt\/80er-jahre-disco-mantel-lila\/","og_site_name":"Costumes Breuer","article_publisher":"https:\/\/www.facebook.com\/Kostuemebreuer\/?locale=de_DE","article_modified_time":"2023-12-02T04:02:28+00:00","og_image":[{"width":540,"height":960,"url":"https:\/\/www.kostuemebreuer.de\/english\/wp-content\/uploads\/sites\/6\/01LilaMantel_wei\u00df.jpg","type":"image\/jpeg"}],"twitter_card":"summary_large_image","schema":{"@context":"https:\/\/schema.org","@graph":[{"@type":"WebPage","@id":"https:\/\/www.kostuemebreuer.de\/english\/produkt\/80er-jahre-disco-mantel-lila\/","url":"https:\/\/www.kostuemebreuer.de\/english\/produkt\/80er-jahre-disco-mantel-lila\/","name":"80er Jahre \u2013 Dandy Look \u2013 Austin Power \u2013 Luden Outfit \u2013 Herren \u2013 Lila (Mantel, Hemd und Hose) - Costumes Breuer","isPartOf":{"@id":"https:\/\/www.kostuemebreuer.de\/english\/#website"},"primaryImageOfPage":{"@id":"https:\/\/www.kostuemebreuer.de\/english\/produkt\/80er-jahre-disco-mantel-lila\/#primaryimage"},"image":{"@id":"https:\/\/www.kostuemebreuer.de\/english\/produkt\/80er-jahre-disco-mantel-lila\/#primaryimage"},"thumbnailUrl":"https:\/\/www.kostuemebreuer.de\/english\/wp-content\/uploads\/sites\/6\/01LilaMantel_wei\u00df.jpg","datePublished":"2017-07-11T15:28:23+00:00","dateModified":"2023-12-02T04:02:28+00:00","description":"80er Jahre \u2013 Dandy Look \u2013 Austin Power \u2013 Luden Outfit \u2013 Herren \u2013 Lila, bestehend aus einem lila Mantel, wei\u00dfem Hemd und wei\u00dfer Hose. Die Per\u00fccke (Kauf) kann separat dazu gebucht werden.","breadcrumb":{"@id":"https:\/\/www.kostuemebreuer.de\/english\/produkt\/80er-jahre-disco-mantel-lila\/#breadcrumb"},"inLanguage":"en-GB","potentialAction":[{"@type":"ReadAction","target":["https:\/\/www.kostuemebreuer.de\/english\/produkt\/80er-jahre-disco-mantel-lila\/"]}]},{"@type":"ImageObject","inLanguage":"en-GB","@id":"https:\/\/www.kostuemebreuer.de\/english\/produkt\/80er-jahre-disco-mantel-lila\/#primaryimage","url":"https:\/\/www.kostuemebreuer.de\/english\/wp-content\/uploads\/sites\/6\/01LilaMantel_wei\u00df.jpg","contentUrl":"https:\/\/www.kostuemebreuer.de\/english\/wp-content\/uploads\/sites\/6\/01LilaMantel_wei\u00df.jpg","width":540,"height":960},{"@type":"BreadcrumbList","@id":"https:\/\/www.kostuemebreuer.de\/english\/produkt\/80er-jahre-disco-mantel-lila\/#breadcrumb","itemListElement":[{"@type":"ListItem","position":1,"name":"Startseite","item":"https:\/\/www.kostuemebreuer.de\/english\/"},{"@type":"ListItem","position":2,"name":"Kost\u00fcme","item":"https:\/\/www.kostuemebreuer.de\/english\/kostueme\/"},{"@type":"ListItem","position":3,"name":"80er Jahre \u2013 Dandy Look \u2013 Austin Power \u2013 Luden Outfit \u2013 Herren \u2013 Lila (Mantel, Hemd und Hose)"}]},{"@type":"WebSite","@id":"https:\/\/www.kostuemebreuer.de\/english\/#website","url":"https:\/\/www.kostuemebreuer.de\/english\/","name":"Kost\u00fcme Breuer in M\u00fcnchen","description":"Kost\u00fcmverleih","publisher":{"@id":"https:\/\/www.kostuemebreuer.de\/english\/#organization"},"alternateName":"Kost\u00fcmverleih Breuer","potentialAction":[{"@type":"SearchAction","target":{"@type":"EntryPoint","urlTemplate":"https:\/\/www.kostuemebreuer.de\/english\/?s={search_term_string}"},"query-input":{"@type":"PropertyValueSpecification","valueRequired":true,"valueName":"search_term_string"}}],"inLanguage":"en-GB"},{"@type":"Organization","@id":"https:\/\/www.kostuemebreuer.de\/english\/#organization","name":"Kost\u00fcme Breuer in M\u00fcnchen","url":"https:\/\/www.kostuemebreuer.de\/english\/","logo":{"@type":"ImageObject","inLanguage":"en-GB","@id":"https:\/\/www.kostuemebreuer.de\/english\/#\/schema\/logo\/image\/","url":"https:\/\/www.kostuemebreuer.de\/english\/wp-content\/uploads\/sites\/6\/logo.svg","contentUrl":"https:\/\/www.kostuemebreuer.de\/english\/wp-content\/uploads\/sites\/6\/logo.svg","caption":"Kost\u00fcme Breuer in M\u00fcnchen"},"image":{"@id":"https:\/\/www.kostuemebreuer.de\/english\/#\/schema\/logo\/image\/"},"sameAs":["https:\/\/www.facebook.com\/Kostuemebreuer\/?locale=de_DE","https:\/\/www.instagram.com\/kostuemebreuer\/"]}]}},"acf":[],"_links":{"self":[{"href":"https:\/\/www.kostuemebreuer.de\/english\/wp-json\/wp\/v2\/product\/16374","targetHints":{"allow":["GET"]}}],"collection":[{"href":"https:\/\/www.kostuemebreuer.de\/english\/wp-json\/wp\/v2\/product"}],"about":[{"href":"https:\/\/www.kostuemebreuer.de\/english\/wp-json\/wp\/v2\/types\/product"}],"wp:featuredmedia":[{"embeddable":true,"href":"https:\/\/www.kostuemebreuer.de\/english\/wp-json\/wp\/v2\/media\/16375"}],"wp:attachment":[{"href":"https:\/\/www.kostuemebreuer.de\/english\/wp-json\/wp\/v2\/media?parent=16374"}],"wp:term":[{"taxonomy":"product_brand","embeddable":true,"href":"https:\/\/www.kostuemebreuer.de\/english\/wp-json\/wp\/v2\/product_brand?post=16374"},{"taxonomy":"product_cat","embeddable":true,"href":"https:\/\/www.kostuemebreuer.de\/english\/wp-json\/wp\/v2\/product_cat?post=16374"},{"taxonomy":"product_tag","embeddable":true,"href":"https:\/\/www.kostuemebreuer.de\/english\/wp-json\/wp\/v2\/product_tag?post=16374"}],"curies":[{"name":"wp","href":"https:\/\/api.w.org\/{rel}","templated":true}]}}