{"id":16145,"date":"2017-04-27T16:05:43","date_gmt":"2017-04-27T14:05:43","guid":{"rendered":"https:\/\/www.kostuemverleih.com\/?post_type=product&#038;p=16145"},"modified":"2023-12-02T06:02:21","modified_gmt":"2023-12-02T04:02:21","slug":"sissikleid-blau-schwarz-mit-borte","status":"publish","type":"product","link":"https:\/\/www.kostuemebreuer.de\/english\/produkt\/sissikleid-blau-schwarz-mit-borte\/","title":{"rendered":"Sissikleid \u2013 Ballkleid \u2013 Rokoko Outfit in Schwarz-Hellblau (Kleid, Reifrock, Kette)"},"content":{"rendered":"<p>Sissikleid \u2013 Ballkleid \u2013 Rokoko Outfit in Schwarz-Hellblau, bestehend aus einem hellblauen Rokokokleid mit feiner Spitze verziert, einem Reifrock und einer Kette, wahlweise erweiterbar mit einem Samtcape, Handschuhen, Pompadure, Armband und einem F\u00e4cher. (Paket 2)<\/p>\n<p>Die Per\u00fccke (Kauf) kann separat dazu gebucht werden.<\/p>\n","protected":false},"excerpt":{"rendered":"<p>Sissikleid \u2013 Ballkleid \u2013 Rokoko Outfit in Schwarz-Hellblau, bestehend aus einem hellblauen Rokokokleid mit feiner Spitze verziert, einem Reifrock und einer Kette, wahlweise erweiterbar mit einem <strong>Samtcape, Handschuhen, Pompadure, Armband und einem F\u00e4cher.<\/strong> (Paket 2)<\/p>\n<p>Die Per\u00fccke (Kauf) kann separat dazu gebucht werden.<\/p>\n","protected":false},"featured_media":16146,"template":"","meta":{"_acf_changed":false},"product_brand":[],"product_cat":[125,29],"product_tag":[463,216,53,73,42],"class_list":{"0":"post-16145","1":"product","2":"type-product","3":"status-publish","4":"has-post-thumbnail","6":"product_cat-kleider","7":"product_cat-kostueme","8":"product_tag-barock","9":"product_tag-biedermeier","10":"product_tag-blau","11":"product_tag-historische-persoenlichkeiten","12":"product_tag-schwarz","13":"product_shipping_class-versandklasse-3-mittel","14":"infinite-scroll-item","16":"first","17":"instock","18":"taxable","19":"shipping-taxable","20":"purchasable","21":"product-type-simple"},"yoast_head":"<!-- This site is optimized with the Yoast SEO plugin v27.2 - https:\/\/yoast.com\/product\/yoast-seo-wordpress\/ -->\n<title>Sissikleid \u2013 Ballkleid \u2013 Rokoko Outfit in Schwarz-Hellblau (Kleid, Reifrock, Kette) - Costumes Breuer<\/title>\n<meta name=\"description\" content=\"Sissikleid \u2013 Ballkleid \u2013 Rokoko Outfit in Schwarz-Hellblau, bestehend aus einem hellblauen Rokokokleid mit feiner Spitze verziert, einem Reifrock und einer Kette, wahlweise erweiterbar mit einem Samtcape, Handschuhen, Pompadure, Armband und einem F\u00e4cher. (Paket 2) Die Per\u00fccke (Kauf) kann separat dazu gebucht werden.\" \/>\n<meta name=\"robots\" content=\"index, follow, max-snippet:-1, max-image-preview:large, max-video-preview:-1\" \/>\n<link rel=\"canonical\" href=\"https:\/\/www.kostuemebreuer.de\/english\/produkt\/sissikleid-blau-schwarz-mit-borte\/\" \/>\n<meta property=\"og:locale\" content=\"en_GB\" \/>\n<meta property=\"og:type\" content=\"article\" \/>\n<meta property=\"og:title\" content=\"Sissikleid \u2013 Ballkleid \u2013 Rokoko Outfit in Schwarz-Hellblau (Kleid, Reifrock, Kette) - Costumes Breuer\" \/>\n<meta property=\"og:description\" content=\"Sissikleid \u2013 Ballkleid \u2013 Rokoko Outfit in Schwarz-Hellblau, bestehend aus einem hellblauen Rokokokleid mit feiner Spitze verziert, einem Reifrock und einer Kette, wahlweise erweiterbar mit einem Samtcape, Handschuhen, Pompadure, Armband und einem F\u00e4cher. (Paket 2) Die Per\u00fccke (Kauf) kann separat dazu gebucht werden.\" \/>\n<meta property=\"og:url\" content=\"https:\/\/www.kostuemebreuer.de\/english\/produkt\/sissikleid-blau-schwarz-mit-borte\/\" \/>\n<meta property=\"og:site_name\" content=\"Costumes Breuer\" \/>\n<meta property=\"article:publisher\" content=\"https:\/\/www.facebook.com\/Kostuemebreuer\/?locale=de_DE\" \/>\n<meta property=\"article:modified_time\" content=\"2023-12-02T04:02:21+00:00\" \/>\n<meta property=\"og:image\" content=\"https:\/\/www.kostuemebreuer.de\/english\/wp-content\/uploads\/sites\/6\/Sissikleid-blau-schwarze-Spitze-silber-Borte.jpg\" \/>\n\t<meta property=\"og:image:width\" content=\"540\" \/>\n\t<meta property=\"og:image:height\" content=\"960\" \/>\n\t<meta property=\"og:image:type\" content=\"image\/jpeg\" \/>\n<meta name=\"twitter:card\" content=\"summary_large_image\" \/>\n<script type=\"application\/ld+json\" class=\"yoast-schema-graph\">{\"@context\":\"https:\/\/schema.org\",\"@graph\":[{\"@type\":\"WebPage\",\"@id\":\"https:\/\/www.kostuemebreuer.de\/english\/produkt\/sissikleid-blau-schwarz-mit-borte\/\",\"url\":\"https:\/\/www.kostuemebreuer.de\/english\/produkt\/sissikleid-blau-schwarz-mit-borte\/\",\"name\":\"Sissikleid \u2013 Ballkleid \u2013 Rokoko Outfit in Schwarz-Hellblau (Kleid, Reifrock, Kette) - Costumes Breuer\",\"isPartOf\":{\"@id\":\"https:\/\/www.kostuemebreuer.de\/english\/#website\"},\"primaryImageOfPage\":{\"@id\":\"https:\/\/www.kostuemebreuer.de\/english\/produkt\/sissikleid-blau-schwarz-mit-borte\/#primaryimage\"},\"image\":{\"@id\":\"https:\/\/www.kostuemebreuer.de\/english\/produkt\/sissikleid-blau-schwarz-mit-borte\/#primaryimage\"},\"thumbnailUrl\":\"https:\/\/www.kostuemebreuer.de\/english\/wp-content\/uploads\/sites\/6\/Sissikleid-blau-schwarze-Spitze-silber-Borte.jpg\",\"datePublished\":\"2017-04-27T14:05:43+00:00\",\"dateModified\":\"2023-12-02T04:02:21+00:00\",\"description\":\"Sissikleid \u2013 Ballkleid \u2013 Rokoko Outfit in Schwarz-Hellblau, bestehend aus einem hellblauen Rokokokleid mit feiner Spitze verziert, einem Reifrock und einer Kette, wahlweise erweiterbar mit einem Samtcape, Handschuhen, Pompadure, Armband und einem F\u00e4cher. (Paket 2) Die Per\u00fccke (Kauf) kann separat dazu gebucht werden.\",\"breadcrumb\":{\"@id\":\"https:\/\/www.kostuemebreuer.de\/english\/produkt\/sissikleid-blau-schwarz-mit-borte\/#breadcrumb\"},\"inLanguage\":\"en-GB\",\"potentialAction\":[{\"@type\":\"ReadAction\",\"target\":[\"https:\/\/www.kostuemebreuer.de\/english\/produkt\/sissikleid-blau-schwarz-mit-borte\/\"]}]},{\"@type\":\"ImageObject\",\"inLanguage\":\"en-GB\",\"@id\":\"https:\/\/www.kostuemebreuer.de\/english\/produkt\/sissikleid-blau-schwarz-mit-borte\/#primaryimage\",\"url\":\"https:\/\/www.kostuemebreuer.de\/english\/wp-content\/uploads\/sites\/6\/Sissikleid-blau-schwarze-Spitze-silber-Borte.jpg\",\"contentUrl\":\"https:\/\/www.kostuemebreuer.de\/english\/wp-content\/uploads\/sites\/6\/Sissikleid-blau-schwarze-Spitze-silber-Borte.jpg\",\"width\":540,\"height\":960},{\"@type\":\"BreadcrumbList\",\"@id\":\"https:\/\/www.kostuemebreuer.de\/english\/produkt\/sissikleid-blau-schwarz-mit-borte\/#breadcrumb\",\"itemListElement\":[{\"@type\":\"ListItem\",\"position\":1,\"name\":\"Startseite\",\"item\":\"https:\/\/www.kostuemebreuer.de\/english\/\"},{\"@type\":\"ListItem\",\"position\":2,\"name\":\"Kost\u00fcme\",\"item\":\"https:\/\/www.kostuemebreuer.de\/english\/kostueme\/\"},{\"@type\":\"ListItem\",\"position\":3,\"name\":\"Sissikleid \u2013 Ballkleid \u2013 Rokoko Outfit in Schwarz-Hellblau (Kleid, Reifrock, Kette)\"}]},{\"@type\":\"WebSite\",\"@id\":\"https:\/\/www.kostuemebreuer.de\/english\/#website\",\"url\":\"https:\/\/www.kostuemebreuer.de\/english\/\",\"name\":\"Kost\u00fcme Breuer in M\u00fcnchen\",\"description\":\"Kost\u00fcmverleih\",\"publisher\":{\"@id\":\"https:\/\/www.kostuemebreuer.de\/english\/#organization\"},\"alternateName\":\"Kost\u00fcmverleih Breuer\",\"potentialAction\":[{\"@type\":\"SearchAction\",\"target\":{\"@type\":\"EntryPoint\",\"urlTemplate\":\"https:\/\/www.kostuemebreuer.de\/english\/?s={search_term_string}\"},\"query-input\":{\"@type\":\"PropertyValueSpecification\",\"valueRequired\":true,\"valueName\":\"search_term_string\"}}],\"inLanguage\":\"en-GB\"},{\"@type\":\"Organization\",\"@id\":\"https:\/\/www.kostuemebreuer.de\/english\/#organization\",\"name\":\"Kost\u00fcme Breuer in M\u00fcnchen\",\"url\":\"https:\/\/www.kostuemebreuer.de\/english\/\",\"logo\":{\"@type\":\"ImageObject\",\"inLanguage\":\"en-GB\",\"@id\":\"https:\/\/www.kostuemebreuer.de\/english\/#\/schema\/logo\/image\/\",\"url\":\"https:\/\/www.kostuemebreuer.de\/english\/wp-content\/uploads\/sites\/6\/logo.svg\",\"contentUrl\":\"https:\/\/www.kostuemebreuer.de\/english\/wp-content\/uploads\/sites\/6\/logo.svg\",\"caption\":\"Kost\u00fcme Breuer in M\u00fcnchen\"},\"image\":{\"@id\":\"https:\/\/www.kostuemebreuer.de\/english\/#\/schema\/logo\/image\/\"},\"sameAs\":[\"https:\/\/www.facebook.com\/Kostuemebreuer\/?locale=de_DE\",\"https:\/\/www.instagram.com\/kostuemebreuer\/\"]}]}<\/script>\n<!-- \/ Yoast SEO plugin. -->","yoast_head_json":{"title":"Sissikleid \u2013 Ballkleid \u2013 Rokoko Outfit in Schwarz-Hellblau (Kleid, Reifrock, Kette) - Costumes Breuer","description":"Sissikleid \u2013 Ballkleid \u2013 Rokoko Outfit in Schwarz-Hellblau, bestehend aus einem hellblauen Rokokokleid mit feiner Spitze verziert, einem Reifrock und einer Kette, wahlweise erweiterbar mit einem Samtcape, Handschuhen, Pompadure, Armband und einem F\u00e4cher. (Paket 2) Die Per\u00fccke (Kauf) kann separat dazu gebucht werden.","robots":{"index":"index","follow":"follow","max-snippet":"max-snippet:-1","max-image-preview":"max-image-preview:large","max-video-preview":"max-video-preview:-1"},"canonical":"https:\/\/www.kostuemebreuer.de\/english\/produkt\/sissikleid-blau-schwarz-mit-borte\/","og_locale":"en_GB","og_type":"article","og_title":"Sissikleid \u2013 Ballkleid \u2013 Rokoko Outfit in Schwarz-Hellblau (Kleid, Reifrock, Kette) - Costumes Breuer","og_description":"Sissikleid \u2013 Ballkleid \u2013 Rokoko Outfit in Schwarz-Hellblau, bestehend aus einem hellblauen Rokokokleid mit feiner Spitze verziert, einem Reifrock und einer Kette, wahlweise erweiterbar mit einem Samtcape, Handschuhen, Pompadure, Armband und einem F\u00e4cher. (Paket 2) Die Per\u00fccke (Kauf) kann separat dazu gebucht werden.","og_url":"https:\/\/www.kostuemebreuer.de\/english\/produkt\/sissikleid-blau-schwarz-mit-borte\/","og_site_name":"Costumes Breuer","article_publisher":"https:\/\/www.facebook.com\/Kostuemebreuer\/?locale=de_DE","article_modified_time":"2023-12-02T04:02:21+00:00","og_image":[{"width":540,"height":960,"url":"https:\/\/www.kostuemebreuer.de\/english\/wp-content\/uploads\/sites\/6\/Sissikleid-blau-schwarze-Spitze-silber-Borte.jpg","type":"image\/jpeg"}],"twitter_card":"summary_large_image","schema":{"@context":"https:\/\/schema.org","@graph":[{"@type":"WebPage","@id":"https:\/\/www.kostuemebreuer.de\/english\/produkt\/sissikleid-blau-schwarz-mit-borte\/","url":"https:\/\/www.kostuemebreuer.de\/english\/produkt\/sissikleid-blau-schwarz-mit-borte\/","name":"Sissikleid \u2013 Ballkleid \u2013 Rokoko Outfit in Schwarz-Hellblau (Kleid, Reifrock, Kette) - Costumes Breuer","isPartOf":{"@id":"https:\/\/www.kostuemebreuer.de\/english\/#website"},"primaryImageOfPage":{"@id":"https:\/\/www.kostuemebreuer.de\/english\/produkt\/sissikleid-blau-schwarz-mit-borte\/#primaryimage"},"image":{"@id":"https:\/\/www.kostuemebreuer.de\/english\/produkt\/sissikleid-blau-schwarz-mit-borte\/#primaryimage"},"thumbnailUrl":"https:\/\/www.kostuemebreuer.de\/english\/wp-content\/uploads\/sites\/6\/Sissikleid-blau-schwarze-Spitze-silber-Borte.jpg","datePublished":"2017-04-27T14:05:43+00:00","dateModified":"2023-12-02T04:02:21+00:00","description":"Sissikleid \u2013 Ballkleid \u2013 Rokoko Outfit in Schwarz-Hellblau, bestehend aus einem hellblauen Rokokokleid mit feiner Spitze verziert, einem Reifrock und einer Kette, wahlweise erweiterbar mit einem Samtcape, Handschuhen, Pompadure, Armband und einem F\u00e4cher. (Paket 2) Die Per\u00fccke (Kauf) kann separat dazu gebucht werden.","breadcrumb":{"@id":"https:\/\/www.kostuemebreuer.de\/english\/produkt\/sissikleid-blau-schwarz-mit-borte\/#breadcrumb"},"inLanguage":"en-GB","potentialAction":[{"@type":"ReadAction","target":["https:\/\/www.kostuemebreuer.de\/english\/produkt\/sissikleid-blau-schwarz-mit-borte\/"]}]},{"@type":"ImageObject","inLanguage":"en-GB","@id":"https:\/\/www.kostuemebreuer.de\/english\/produkt\/sissikleid-blau-schwarz-mit-borte\/#primaryimage","url":"https:\/\/www.kostuemebreuer.de\/english\/wp-content\/uploads\/sites\/6\/Sissikleid-blau-schwarze-Spitze-silber-Borte.jpg","contentUrl":"https:\/\/www.kostuemebreuer.de\/english\/wp-content\/uploads\/sites\/6\/Sissikleid-blau-schwarze-Spitze-silber-Borte.jpg","width":540,"height":960},{"@type":"BreadcrumbList","@id":"https:\/\/www.kostuemebreuer.de\/english\/produkt\/sissikleid-blau-schwarz-mit-borte\/#breadcrumb","itemListElement":[{"@type":"ListItem","position":1,"name":"Startseite","item":"https:\/\/www.kostuemebreuer.de\/english\/"},{"@type":"ListItem","position":2,"name":"Kost\u00fcme","item":"https:\/\/www.kostuemebreuer.de\/english\/kostueme\/"},{"@type":"ListItem","position":3,"name":"Sissikleid \u2013 Ballkleid \u2013 Rokoko Outfit in Schwarz-Hellblau (Kleid, Reifrock, Kette)"}]},{"@type":"WebSite","@id":"https:\/\/www.kostuemebreuer.de\/english\/#website","url":"https:\/\/www.kostuemebreuer.de\/english\/","name":"Kost\u00fcme Breuer in M\u00fcnchen","description":"Kost\u00fcmverleih","publisher":{"@id":"https:\/\/www.kostuemebreuer.de\/english\/#organization"},"alternateName":"Kost\u00fcmverleih Breuer","potentialAction":[{"@type":"SearchAction","target":{"@type":"EntryPoint","urlTemplate":"https:\/\/www.kostuemebreuer.de\/english\/?s={search_term_string}"},"query-input":{"@type":"PropertyValueSpecification","valueRequired":true,"valueName":"search_term_string"}}],"inLanguage":"en-GB"},{"@type":"Organization","@id":"https:\/\/www.kostuemebreuer.de\/english\/#organization","name":"Kost\u00fcme Breuer in M\u00fcnchen","url":"https:\/\/www.kostuemebreuer.de\/english\/","logo":{"@type":"ImageObject","inLanguage":"en-GB","@id":"https:\/\/www.kostuemebreuer.de\/english\/#\/schema\/logo\/image\/","url":"https:\/\/www.kostuemebreuer.de\/english\/wp-content\/uploads\/sites\/6\/logo.svg","contentUrl":"https:\/\/www.kostuemebreuer.de\/english\/wp-content\/uploads\/sites\/6\/logo.svg","caption":"Kost\u00fcme Breuer in M\u00fcnchen"},"image":{"@id":"https:\/\/www.kostuemebreuer.de\/english\/#\/schema\/logo\/image\/"},"sameAs":["https:\/\/www.facebook.com\/Kostuemebreuer\/?locale=de_DE","https:\/\/www.instagram.com\/kostuemebreuer\/"]}]}},"acf":[],"_links":{"self":[{"href":"https:\/\/www.kostuemebreuer.de\/english\/wp-json\/wp\/v2\/product\/16145","targetHints":{"allow":["GET"]}}],"collection":[{"href":"https:\/\/www.kostuemebreuer.de\/english\/wp-json\/wp\/v2\/product"}],"about":[{"href":"https:\/\/www.kostuemebreuer.de\/english\/wp-json\/wp\/v2\/types\/product"}],"wp:featuredmedia":[{"embeddable":true,"href":"https:\/\/www.kostuemebreuer.de\/english\/wp-json\/wp\/v2\/media\/16146"}],"wp:attachment":[{"href":"https:\/\/www.kostuemebreuer.de\/english\/wp-json\/wp\/v2\/media?parent=16145"}],"wp:term":[{"taxonomy":"product_brand","embeddable":true,"href":"https:\/\/www.kostuemebreuer.de\/english\/wp-json\/wp\/v2\/product_brand?post=16145"},{"taxonomy":"product_cat","embeddable":true,"href":"https:\/\/www.kostuemebreuer.de\/english\/wp-json\/wp\/v2\/product_cat?post=16145"},{"taxonomy":"product_tag","embeddable":true,"href":"https:\/\/www.kostuemebreuer.de\/english\/wp-json\/wp\/v2\/product_tag?post=16145"}],"curies":[{"name":"wp","href":"https:\/\/api.w.org\/{rel}","templated":true}]}}