{"id":16065,"date":"2017-04-08T12:25:26","date_gmt":"2017-04-08T10:25:26","guid":{"rendered":"https:\/\/www.kostuemverleih.com\/?post_type=product&#038;p=16065"},"modified":"2024-01-23T19:18:13","modified_gmt":"2024-01-23T17:18:13","slug":"sissikleid-schwarz-gruen","status":"publish","type":"product","link":"https:\/\/www.kostuemebreuer.de\/english\/produkt\/sissikleid-schwarz-gruen\/","title":{"rendered":"Sissikleid &#8211; Ballkleid &#8211; Hofdame Outfit in Schwarz-Gr\u00fcn (Kleid, Reifrock, Kette)"},"content":{"rendered":"<p>Sissikleid &#8211; Ballkleid &#8211; Hofdame Outfit in Schwarz-Gr\u00fcn, bestehend aus einem edlen, schwarz-gr\u00fcnem Sissikleid mit schwarzer Spitze, einem Reifrock und einer Kette, wahlweise erweiterbar mit einem <strong>Cape, Handschuhen, Pompadour, Armband und einem F\u00e4cher<\/strong>. (Paket 2)<\/p>\n<p>Eine Per\u00fccke (Kauf) kann separat dazu gebucht werden.<\/p>\n","protected":false},"excerpt":{"rendered":"<p>Sissikleid &#8211; Ballkleid &#8211; Hofdame Outfit in Schwarz-Gr\u00fcn, bestehend aus einem edlen, schwarz-gr\u00fcnem Sissikleid mit schwarzer Spitze, einem Reifrock und einer Kette, wahlweise erweiterbar mit einem <strong>Cape, Handschuhen, Pompadour, Armband und einem F\u00e4cher<\/strong>. (Paket 2)<\/p>\n<p>Eine Per\u00fccke (Kauf) kann separat dazu gebucht werden.<\/p>\n","protected":false},"featured_media":16066,"template":"","meta":{"_acf_changed":false},"product_brand":[],"product_cat":[251,125,29],"product_tag":[216,76,73,775,123,42],"class_list":{"0":"post-16065","1":"product","2":"type-product","3":"status-publish","4":"has-post-thumbnail","6":"product_cat-historisch","7":"product_cat-kleider","8":"product_cat-kostueme","9":"product_tag-biedermeier","10":"product_tag-gruen","11":"product_tag-historische-persoenlichkeiten","12":"product_tag-prinzessin","13":"product_tag-rokoko","14":"product_tag-schwarz","15":"product_shipping_class-versandklasse-3-mittel","16":"infinite-scroll-item","18":"first","19":"instock","20":"taxable","21":"shipping-taxable","22":"purchasable","23":"product-type-simple"},"yoast_head":"<!-- This site is optimized with the Yoast SEO plugin v27.2 - https:\/\/yoast.com\/product\/yoast-seo-wordpress\/ -->\n<title>Sissikleid - Ballkleid - Hofdame Outfit in Schwarz-Gr\u00fcn (Kleid, Reifrock, Kette) - Costumes Breuer<\/title>\n<meta name=\"description\" content=\"Sissikleid - Ballkleid - Hofdame Outfit in Schwarz-Gr\u00fcn, bestehend aus einem edlen, schwarz-gr\u00fcnem Sissikleid mit schwarzer Spitze, einem Reifrock und einer Kette, wahlweise erweiterbar mit einem Cape, Handschuhen, Pompadour, Armband und einem F\u00e4cher. (Paket 2) Eine Per\u00fccke (Kauf) kann separat dazu gebucht werden.\" \/>\n<meta name=\"robots\" content=\"index, follow, max-snippet:-1, max-image-preview:large, max-video-preview:-1\" \/>\n<link rel=\"canonical\" href=\"https:\/\/www.kostuemebreuer.de\/english\/produkt\/sissikleid-schwarz-gruen\/\" \/>\n<meta property=\"og:locale\" content=\"en_GB\" \/>\n<meta property=\"og:type\" content=\"article\" \/>\n<meta property=\"og:title\" content=\"Sissikleid - Ballkleid - Hofdame Outfit in Schwarz-Gr\u00fcn (Kleid, Reifrock, Kette) - Costumes Breuer\" \/>\n<meta property=\"og:description\" content=\"Sissikleid - Ballkleid - Hofdame Outfit in Schwarz-Gr\u00fcn, bestehend aus einem edlen, schwarz-gr\u00fcnem Sissikleid mit schwarzer Spitze, einem Reifrock und einer Kette, wahlweise erweiterbar mit einem Cape, Handschuhen, Pompadour, Armband und einem F\u00e4cher. (Paket 2) Eine Per\u00fccke (Kauf) kann separat dazu gebucht werden.\" \/>\n<meta property=\"og:url\" content=\"https:\/\/www.kostuemebreuer.de\/english\/produkt\/sissikleid-schwarz-gruen\/\" \/>\n<meta property=\"og:site_name\" content=\"Costumes Breuer\" \/>\n<meta property=\"article:publisher\" content=\"https:\/\/www.facebook.com\/Kostuemebreuer\/?locale=de_DE\" \/>\n<meta property=\"article:modified_time\" content=\"2024-01-23T17:18:13+00:00\" \/>\n<meta property=\"og:image\" content=\"https:\/\/www.kostuemebreuer.de\/english\/wp-content\/uploads\/sites\/6\/Sissikleid-gr\u00fcn-schwarzer-Spitzenrock.jpg\" \/>\n\t<meta property=\"og:image:width\" content=\"540\" \/>\n\t<meta property=\"og:image:height\" content=\"960\" \/>\n\t<meta property=\"og:image:type\" content=\"image\/jpeg\" \/>\n<meta name=\"twitter:card\" content=\"summary_large_image\" \/>\n<script type=\"application\/ld+json\" class=\"yoast-schema-graph\">{\"@context\":\"https:\/\/schema.org\",\"@graph\":[{\"@type\":\"WebPage\",\"@id\":\"https:\/\/www.kostuemebreuer.de\/english\/produkt\/sissikleid-schwarz-gruen\/\",\"url\":\"https:\/\/www.kostuemebreuer.de\/english\/produkt\/sissikleid-schwarz-gruen\/\",\"name\":\"Sissikleid - Ballkleid - Hofdame Outfit in Schwarz-Gr\u00fcn (Kleid, Reifrock, Kette) - Costumes Breuer\",\"isPartOf\":{\"@id\":\"https:\/\/www.kostuemebreuer.de\/english\/#website\"},\"primaryImageOfPage\":{\"@id\":\"https:\/\/www.kostuemebreuer.de\/english\/produkt\/sissikleid-schwarz-gruen\/#primaryimage\"},\"image\":{\"@id\":\"https:\/\/www.kostuemebreuer.de\/english\/produkt\/sissikleid-schwarz-gruen\/#primaryimage\"},\"thumbnailUrl\":\"https:\/\/www.kostuemebreuer.de\/english\/wp-content\/uploads\/sites\/6\/Sissikleid-gr\u00fcn-schwarzer-Spitzenrock.jpg\",\"datePublished\":\"2017-04-08T10:25:26+00:00\",\"dateModified\":\"2024-01-23T17:18:13+00:00\",\"description\":\"Sissikleid - Ballkleid - Hofdame Outfit in Schwarz-Gr\u00fcn, bestehend aus einem edlen, schwarz-gr\u00fcnem Sissikleid mit schwarzer Spitze, einem Reifrock und einer Kette, wahlweise erweiterbar mit einem Cape, Handschuhen, Pompadour, Armband und einem F\u00e4cher. (Paket 2) Eine Per\u00fccke (Kauf) kann separat dazu gebucht werden.\",\"breadcrumb\":{\"@id\":\"https:\/\/www.kostuemebreuer.de\/english\/produkt\/sissikleid-schwarz-gruen\/#breadcrumb\"},\"inLanguage\":\"en-GB\",\"potentialAction\":[{\"@type\":\"ReadAction\",\"target\":[\"https:\/\/www.kostuemebreuer.de\/english\/produkt\/sissikleid-schwarz-gruen\/\"]}]},{\"@type\":\"ImageObject\",\"inLanguage\":\"en-GB\",\"@id\":\"https:\/\/www.kostuemebreuer.de\/english\/produkt\/sissikleid-schwarz-gruen\/#primaryimage\",\"url\":\"https:\/\/www.kostuemebreuer.de\/english\/wp-content\/uploads\/sites\/6\/Sissikleid-gr\u00fcn-schwarzer-Spitzenrock.jpg\",\"contentUrl\":\"https:\/\/www.kostuemebreuer.de\/english\/wp-content\/uploads\/sites\/6\/Sissikleid-gr\u00fcn-schwarzer-Spitzenrock.jpg\",\"width\":540,\"height\":960},{\"@type\":\"BreadcrumbList\",\"@id\":\"https:\/\/www.kostuemebreuer.de\/english\/produkt\/sissikleid-schwarz-gruen\/#breadcrumb\",\"itemListElement\":[{\"@type\":\"ListItem\",\"position\":1,\"name\":\"Startseite\",\"item\":\"https:\/\/www.kostuemebreuer.de\/english\/\"},{\"@type\":\"ListItem\",\"position\":2,\"name\":\"Kost\u00fcme\",\"item\":\"https:\/\/www.kostuemebreuer.de\/english\/kostueme\/\"},{\"@type\":\"ListItem\",\"position\":3,\"name\":\"Sissikleid &#8211; Ballkleid &#8211; Hofdame Outfit in Schwarz-Gr\u00fcn (Kleid, Reifrock, Kette)\"}]},{\"@type\":\"WebSite\",\"@id\":\"https:\/\/www.kostuemebreuer.de\/english\/#website\",\"url\":\"https:\/\/www.kostuemebreuer.de\/english\/\",\"name\":\"Kost\u00fcme Breuer in M\u00fcnchen\",\"description\":\"Kost\u00fcmverleih\",\"publisher\":{\"@id\":\"https:\/\/www.kostuemebreuer.de\/english\/#organization\"},\"alternateName\":\"Kost\u00fcmverleih Breuer\",\"potentialAction\":[{\"@type\":\"SearchAction\",\"target\":{\"@type\":\"EntryPoint\",\"urlTemplate\":\"https:\/\/www.kostuemebreuer.de\/english\/?s={search_term_string}\"},\"query-input\":{\"@type\":\"PropertyValueSpecification\",\"valueRequired\":true,\"valueName\":\"search_term_string\"}}],\"inLanguage\":\"en-GB\"},{\"@type\":\"Organization\",\"@id\":\"https:\/\/www.kostuemebreuer.de\/english\/#organization\",\"name\":\"Kost\u00fcme Breuer in M\u00fcnchen\",\"url\":\"https:\/\/www.kostuemebreuer.de\/english\/\",\"logo\":{\"@type\":\"ImageObject\",\"inLanguage\":\"en-GB\",\"@id\":\"https:\/\/www.kostuemebreuer.de\/english\/#\/schema\/logo\/image\/\",\"url\":\"https:\/\/www.kostuemebreuer.de\/english\/wp-content\/uploads\/sites\/6\/logo.svg\",\"contentUrl\":\"https:\/\/www.kostuemebreuer.de\/english\/wp-content\/uploads\/sites\/6\/logo.svg\",\"caption\":\"Kost\u00fcme Breuer in M\u00fcnchen\"},\"image\":{\"@id\":\"https:\/\/www.kostuemebreuer.de\/english\/#\/schema\/logo\/image\/\"},\"sameAs\":[\"https:\/\/www.facebook.com\/Kostuemebreuer\/?locale=de_DE\",\"https:\/\/www.instagram.com\/kostuemebreuer\/\"]}]}<\/script>\n<!-- \/ Yoast SEO plugin. -->","yoast_head_json":{"title":"Sissikleid - Ballkleid - Hofdame Outfit in Schwarz-Gr\u00fcn (Kleid, Reifrock, Kette) - Costumes Breuer","description":"Sissikleid - Ballkleid - Hofdame Outfit in Schwarz-Gr\u00fcn, bestehend aus einem edlen, schwarz-gr\u00fcnem Sissikleid mit schwarzer Spitze, einem Reifrock und einer Kette, wahlweise erweiterbar mit einem Cape, Handschuhen, Pompadour, Armband und einem F\u00e4cher. (Paket 2) Eine Per\u00fccke (Kauf) kann separat dazu gebucht werden.","robots":{"index":"index","follow":"follow","max-snippet":"max-snippet:-1","max-image-preview":"max-image-preview:large","max-video-preview":"max-video-preview:-1"},"canonical":"https:\/\/www.kostuemebreuer.de\/english\/produkt\/sissikleid-schwarz-gruen\/","og_locale":"en_GB","og_type":"article","og_title":"Sissikleid - Ballkleid - Hofdame Outfit in Schwarz-Gr\u00fcn (Kleid, Reifrock, Kette) - Costumes Breuer","og_description":"Sissikleid - Ballkleid - Hofdame Outfit in Schwarz-Gr\u00fcn, bestehend aus einem edlen, schwarz-gr\u00fcnem Sissikleid mit schwarzer Spitze, einem Reifrock und einer Kette, wahlweise erweiterbar mit einem Cape, Handschuhen, Pompadour, Armband und einem F\u00e4cher. (Paket 2) Eine Per\u00fccke (Kauf) kann separat dazu gebucht werden.","og_url":"https:\/\/www.kostuemebreuer.de\/english\/produkt\/sissikleid-schwarz-gruen\/","og_site_name":"Costumes Breuer","article_publisher":"https:\/\/www.facebook.com\/Kostuemebreuer\/?locale=de_DE","article_modified_time":"2024-01-23T17:18:13+00:00","og_image":[{"width":540,"height":960,"url":"https:\/\/www.kostuemebreuer.de\/english\/wp-content\/uploads\/sites\/6\/Sissikleid-gr\u00fcn-schwarzer-Spitzenrock.jpg","type":"image\/jpeg"}],"twitter_card":"summary_large_image","schema":{"@context":"https:\/\/schema.org","@graph":[{"@type":"WebPage","@id":"https:\/\/www.kostuemebreuer.de\/english\/produkt\/sissikleid-schwarz-gruen\/","url":"https:\/\/www.kostuemebreuer.de\/english\/produkt\/sissikleid-schwarz-gruen\/","name":"Sissikleid - Ballkleid - Hofdame Outfit in Schwarz-Gr\u00fcn (Kleid, Reifrock, Kette) - Costumes Breuer","isPartOf":{"@id":"https:\/\/www.kostuemebreuer.de\/english\/#website"},"primaryImageOfPage":{"@id":"https:\/\/www.kostuemebreuer.de\/english\/produkt\/sissikleid-schwarz-gruen\/#primaryimage"},"image":{"@id":"https:\/\/www.kostuemebreuer.de\/english\/produkt\/sissikleid-schwarz-gruen\/#primaryimage"},"thumbnailUrl":"https:\/\/www.kostuemebreuer.de\/english\/wp-content\/uploads\/sites\/6\/Sissikleid-gr\u00fcn-schwarzer-Spitzenrock.jpg","datePublished":"2017-04-08T10:25:26+00:00","dateModified":"2024-01-23T17:18:13+00:00","description":"Sissikleid - Ballkleid - Hofdame Outfit in Schwarz-Gr\u00fcn, bestehend aus einem edlen, schwarz-gr\u00fcnem Sissikleid mit schwarzer Spitze, einem Reifrock und einer Kette, wahlweise erweiterbar mit einem Cape, Handschuhen, Pompadour, Armband und einem F\u00e4cher. (Paket 2) Eine Per\u00fccke (Kauf) kann separat dazu gebucht werden.","breadcrumb":{"@id":"https:\/\/www.kostuemebreuer.de\/english\/produkt\/sissikleid-schwarz-gruen\/#breadcrumb"},"inLanguage":"en-GB","potentialAction":[{"@type":"ReadAction","target":["https:\/\/www.kostuemebreuer.de\/english\/produkt\/sissikleid-schwarz-gruen\/"]}]},{"@type":"ImageObject","inLanguage":"en-GB","@id":"https:\/\/www.kostuemebreuer.de\/english\/produkt\/sissikleid-schwarz-gruen\/#primaryimage","url":"https:\/\/www.kostuemebreuer.de\/english\/wp-content\/uploads\/sites\/6\/Sissikleid-gr\u00fcn-schwarzer-Spitzenrock.jpg","contentUrl":"https:\/\/www.kostuemebreuer.de\/english\/wp-content\/uploads\/sites\/6\/Sissikleid-gr\u00fcn-schwarzer-Spitzenrock.jpg","width":540,"height":960},{"@type":"BreadcrumbList","@id":"https:\/\/www.kostuemebreuer.de\/english\/produkt\/sissikleid-schwarz-gruen\/#breadcrumb","itemListElement":[{"@type":"ListItem","position":1,"name":"Startseite","item":"https:\/\/www.kostuemebreuer.de\/english\/"},{"@type":"ListItem","position":2,"name":"Kost\u00fcme","item":"https:\/\/www.kostuemebreuer.de\/english\/kostueme\/"},{"@type":"ListItem","position":3,"name":"Sissikleid &#8211; Ballkleid &#8211; Hofdame Outfit in Schwarz-Gr\u00fcn (Kleid, Reifrock, Kette)"}]},{"@type":"WebSite","@id":"https:\/\/www.kostuemebreuer.de\/english\/#website","url":"https:\/\/www.kostuemebreuer.de\/english\/","name":"Kost\u00fcme Breuer in M\u00fcnchen","description":"Kost\u00fcmverleih","publisher":{"@id":"https:\/\/www.kostuemebreuer.de\/english\/#organization"},"alternateName":"Kost\u00fcmverleih Breuer","potentialAction":[{"@type":"SearchAction","target":{"@type":"EntryPoint","urlTemplate":"https:\/\/www.kostuemebreuer.de\/english\/?s={search_term_string}"},"query-input":{"@type":"PropertyValueSpecification","valueRequired":true,"valueName":"search_term_string"}}],"inLanguage":"en-GB"},{"@type":"Organization","@id":"https:\/\/www.kostuemebreuer.de\/english\/#organization","name":"Kost\u00fcme Breuer in M\u00fcnchen","url":"https:\/\/www.kostuemebreuer.de\/english\/","logo":{"@type":"ImageObject","inLanguage":"en-GB","@id":"https:\/\/www.kostuemebreuer.de\/english\/#\/schema\/logo\/image\/","url":"https:\/\/www.kostuemebreuer.de\/english\/wp-content\/uploads\/sites\/6\/logo.svg","contentUrl":"https:\/\/www.kostuemebreuer.de\/english\/wp-content\/uploads\/sites\/6\/logo.svg","caption":"Kost\u00fcme Breuer in M\u00fcnchen"},"image":{"@id":"https:\/\/www.kostuemebreuer.de\/english\/#\/schema\/logo\/image\/"},"sameAs":["https:\/\/www.facebook.com\/Kostuemebreuer\/?locale=de_DE","https:\/\/www.instagram.com\/kostuemebreuer\/"]}]}},"acf":[],"_links":{"self":[{"href":"https:\/\/www.kostuemebreuer.de\/english\/wp-json\/wp\/v2\/product\/16065","targetHints":{"allow":["GET"]}}],"collection":[{"href":"https:\/\/www.kostuemebreuer.de\/english\/wp-json\/wp\/v2\/product"}],"about":[{"href":"https:\/\/www.kostuemebreuer.de\/english\/wp-json\/wp\/v2\/types\/product"}],"wp:featuredmedia":[{"embeddable":true,"href":"https:\/\/www.kostuemebreuer.de\/english\/wp-json\/wp\/v2\/media\/16066"}],"wp:attachment":[{"href":"https:\/\/www.kostuemebreuer.de\/english\/wp-json\/wp\/v2\/media?parent=16065"}],"wp:term":[{"taxonomy":"product_brand","embeddable":true,"href":"https:\/\/www.kostuemebreuer.de\/english\/wp-json\/wp\/v2\/product_brand?post=16065"},{"taxonomy":"product_cat","embeddable":true,"href":"https:\/\/www.kostuemebreuer.de\/english\/wp-json\/wp\/v2\/product_cat?post=16065"},{"taxonomy":"product_tag","embeddable":true,"href":"https:\/\/www.kostuemebreuer.de\/english\/wp-json\/wp\/v2\/product_tag?post=16065"}],"curies":[{"name":"wp","href":"https:\/\/api.w.org\/{rel}","templated":true}]}}