{"id":15789,"date":"2018-12-17T17:19:22","date_gmt":"2018-12-17T15:19:22","guid":{"rendered":"https:\/\/www.kostuemverleih.com\/?post_type=product&#038;p=15789"},"modified":"2024-01-18T17:50:22","modified_gmt":"2024-01-18T15:50:22","slug":"frack-3","status":"publish","type":"product","link":"https:\/\/www.kostuemebreuer.de\/english\/produkt\/frack-3\/","title":{"rendered":"Frack (Jacke, Hose, Weste, Hemd, Fliege, Einstecktuch, Manschettenkn\u00f6pfe, Hosentr\u00e4ger)"},"content":{"rendered":"<p>Frack komplett: Frackjacke, Frackhose, Hemd, Weste, Fliege, Einstecktuch, Manschettenkn\u00f6pfe )<\/p>\n<p>Wiener Opernball<\/p>\n","protected":false},"excerpt":{"rendered":"<p>Frack komplett: Frackjacke, Frackhose, Hemd, Weste, Fliege, Einstecktuch, Manschettenkn\u00f6pfe,Hosentr\u00e4ger)<\/p>\n<p>Wiener Opernball<\/p>\n","protected":false},"featured_media":15790,"template":"","meta":{"_acf_changed":false},"product_brand":[],"product_cat":[197,33],"product_tag":[576,55,42,83,765],"class_list":{"0":"post-15789","1":"product","2":"type-product","3":"status-publish","4":"has-post-thumbnail","6":"product_cat-frack","7":"product_cat-herrenmode","8":"product_tag-frack","9":"product_tag-herrenmoden","10":"product_tag-schwarz","11":"product_tag-weiss","12":"product_tag-wiener-opernball","13":"product_shipping_class-versandklasse-2","14":"infinite-scroll-item","16":"first","17":"instock","18":"taxable","19":"shipping-taxable","20":"purchasable","21":"product-type-simple"},"yoast_head":"<!-- This site is optimized with the Yoast SEO plugin v27.2 - https:\/\/yoast.com\/product\/yoast-seo-wordpress\/ -->\n<title>Frack (Jacke, Hose, Weste, Hemd, Fliege, Einstecktuch, Manschettenkn\u00f6pfe, Hosentr\u00e4ger) - Costumes Breuer<\/title>\n<meta name=\"description\" content=\"Frack komplett: Frackjacke, Frackhose, Hemd, Weste, Fliege, Einstecktuch, Manschettenkn\u00f6pfe,Hosentr\u00e4ger) Wiener Opernball\" \/>\n<meta name=\"robots\" content=\"index, follow, max-snippet:-1, max-image-preview:large, max-video-preview:-1\" \/>\n<link rel=\"canonical\" href=\"https:\/\/www.kostuemebreuer.de\/english\/produkt\/frack-3\/\" \/>\n<meta property=\"og:locale\" content=\"en_GB\" \/>\n<meta property=\"og:type\" content=\"article\" \/>\n<meta property=\"og:title\" content=\"Frack (Jacke, Hose, Weste, Hemd, Fliege, Einstecktuch, Manschettenkn\u00f6pfe, Hosentr\u00e4ger) - Costumes Breuer\" \/>\n<meta property=\"og:description\" content=\"Frack komplett: Frackjacke, Frackhose, Hemd, Weste, Fliege, Einstecktuch, Manschettenkn\u00f6pfe,Hosentr\u00e4ger) Wiener Opernball\" \/>\n<meta property=\"og:url\" content=\"https:\/\/www.kostuemebreuer.de\/english\/produkt\/frack-3\/\" \/>\n<meta property=\"og:site_name\" content=\"Costumes Breuer\" \/>\n<meta property=\"article:publisher\" content=\"https:\/\/www.facebook.com\/Kostuemebreuer\/?locale=de_DE\" \/>\n<meta property=\"article:modified_time\" content=\"2024-01-18T15:50:22+00:00\" \/>\n<meta property=\"og:image\" content=\"https:\/\/www.kostuemebreuer.de\/english\/wp-content\/uploads\/sites\/6\/Frack.jpg\" \/>\n\t<meta property=\"og:image:width\" content=\"1976\" \/>\n\t<meta property=\"og:image:height\" content=\"3513\" \/>\n\t<meta property=\"og:image:type\" content=\"image\/jpeg\" \/>\n<meta name=\"twitter:card\" content=\"summary_large_image\" \/>\n<script type=\"application\/ld+json\" class=\"yoast-schema-graph\">{\"@context\":\"https:\/\/schema.org\",\"@graph\":[{\"@type\":\"WebPage\",\"@id\":\"https:\/\/www.kostuemebreuer.de\/english\/produkt\/frack-3\/\",\"url\":\"https:\/\/www.kostuemebreuer.de\/english\/produkt\/frack-3\/\",\"name\":\"Frack (Jacke, Hose, Weste, Hemd, Fliege, Einstecktuch, Manschettenkn\u00f6pfe, Hosentr\u00e4ger) - Costumes Breuer\",\"isPartOf\":{\"@id\":\"https:\/\/www.kostuemebreuer.de\/english\/#website\"},\"primaryImageOfPage\":{\"@id\":\"https:\/\/www.kostuemebreuer.de\/english\/produkt\/frack-3\/#primaryimage\"},\"image\":{\"@id\":\"https:\/\/www.kostuemebreuer.de\/english\/produkt\/frack-3\/#primaryimage\"},\"thumbnailUrl\":\"https:\/\/www.kostuemebreuer.de\/english\/wp-content\/uploads\/sites\/6\/Frack.jpg\",\"datePublished\":\"2018-12-17T15:19:22+00:00\",\"dateModified\":\"2024-01-18T15:50:22+00:00\",\"description\":\"Frack komplett: Frackjacke, Frackhose, Hemd, Weste, Fliege, Einstecktuch, Manschettenkn\u00f6pfe,Hosentr\u00e4ger) Wiener Opernball\",\"breadcrumb\":{\"@id\":\"https:\/\/www.kostuemebreuer.de\/english\/produkt\/frack-3\/#breadcrumb\"},\"inLanguage\":\"en-GB\",\"potentialAction\":[{\"@type\":\"ReadAction\",\"target\":[\"https:\/\/www.kostuemebreuer.de\/english\/produkt\/frack-3\/\"]}]},{\"@type\":\"ImageObject\",\"inLanguage\":\"en-GB\",\"@id\":\"https:\/\/www.kostuemebreuer.de\/english\/produkt\/frack-3\/#primaryimage\",\"url\":\"https:\/\/www.kostuemebreuer.de\/english\/wp-content\/uploads\/sites\/6\/Frack.jpg\",\"contentUrl\":\"https:\/\/www.kostuemebreuer.de\/english\/wp-content\/uploads\/sites\/6\/Frack.jpg\",\"width\":1976,\"height\":3513},{\"@type\":\"BreadcrumbList\",\"@id\":\"https:\/\/www.kostuemebreuer.de\/english\/produkt\/frack-3\/#breadcrumb\",\"itemListElement\":[{\"@type\":\"ListItem\",\"position\":1,\"name\":\"Startseite\",\"item\":\"https:\/\/www.kostuemebreuer.de\/english\/\"},{\"@type\":\"ListItem\",\"position\":2,\"name\":\"Kost\u00fcme\",\"item\":\"https:\/\/www.kostuemebreuer.de\/english\/kostueme\/\"},{\"@type\":\"ListItem\",\"position\":3,\"name\":\"Frack (Jacke, Hose, Weste, Hemd, Fliege, Einstecktuch, Manschettenkn\u00f6pfe, Hosentr\u00e4ger)\"}]},{\"@type\":\"WebSite\",\"@id\":\"https:\/\/www.kostuemebreuer.de\/english\/#website\",\"url\":\"https:\/\/www.kostuemebreuer.de\/english\/\",\"name\":\"Kost\u00fcme Breuer in M\u00fcnchen\",\"description\":\"Kost\u00fcmverleih\",\"publisher\":{\"@id\":\"https:\/\/www.kostuemebreuer.de\/english\/#organization\"},\"alternateName\":\"Kost\u00fcmverleih Breuer\",\"potentialAction\":[{\"@type\":\"SearchAction\",\"target\":{\"@type\":\"EntryPoint\",\"urlTemplate\":\"https:\/\/www.kostuemebreuer.de\/english\/?s={search_term_string}\"},\"query-input\":{\"@type\":\"PropertyValueSpecification\",\"valueRequired\":true,\"valueName\":\"search_term_string\"}}],\"inLanguage\":\"en-GB\"},{\"@type\":\"Organization\",\"@id\":\"https:\/\/www.kostuemebreuer.de\/english\/#organization\",\"name\":\"Kost\u00fcme Breuer in M\u00fcnchen\",\"url\":\"https:\/\/www.kostuemebreuer.de\/english\/\",\"logo\":{\"@type\":\"ImageObject\",\"inLanguage\":\"en-GB\",\"@id\":\"https:\/\/www.kostuemebreuer.de\/english\/#\/schema\/logo\/image\/\",\"url\":\"https:\/\/www.kostuemebreuer.de\/english\/wp-content\/uploads\/sites\/6\/logo.svg\",\"contentUrl\":\"https:\/\/www.kostuemebreuer.de\/english\/wp-content\/uploads\/sites\/6\/logo.svg\",\"caption\":\"Kost\u00fcme Breuer in M\u00fcnchen\"},\"image\":{\"@id\":\"https:\/\/www.kostuemebreuer.de\/english\/#\/schema\/logo\/image\/\"},\"sameAs\":[\"https:\/\/www.facebook.com\/Kostuemebreuer\/?locale=de_DE\",\"https:\/\/www.instagram.com\/kostuemebreuer\/\"]}]}<\/script>\n<!-- \/ Yoast SEO plugin. -->","yoast_head_json":{"title":"Frack (Jacke, Hose, Weste, Hemd, Fliege, Einstecktuch, Manschettenkn\u00f6pfe, Hosentr\u00e4ger) - Costumes Breuer","description":"Frack komplett: Frackjacke, Frackhose, Hemd, Weste, Fliege, Einstecktuch, Manschettenkn\u00f6pfe,Hosentr\u00e4ger) Wiener Opernball","robots":{"index":"index","follow":"follow","max-snippet":"max-snippet:-1","max-image-preview":"max-image-preview:large","max-video-preview":"max-video-preview:-1"},"canonical":"https:\/\/www.kostuemebreuer.de\/english\/produkt\/frack-3\/","og_locale":"en_GB","og_type":"article","og_title":"Frack (Jacke, Hose, Weste, Hemd, Fliege, Einstecktuch, Manschettenkn\u00f6pfe, Hosentr\u00e4ger) - Costumes Breuer","og_description":"Frack komplett: Frackjacke, Frackhose, Hemd, Weste, Fliege, Einstecktuch, Manschettenkn\u00f6pfe,Hosentr\u00e4ger) Wiener Opernball","og_url":"https:\/\/www.kostuemebreuer.de\/english\/produkt\/frack-3\/","og_site_name":"Costumes Breuer","article_publisher":"https:\/\/www.facebook.com\/Kostuemebreuer\/?locale=de_DE","article_modified_time":"2024-01-18T15:50:22+00:00","og_image":[{"width":1976,"height":3513,"url":"https:\/\/www.kostuemebreuer.de\/english\/wp-content\/uploads\/sites\/6\/Frack.jpg","type":"image\/jpeg"}],"twitter_card":"summary_large_image","schema":{"@context":"https:\/\/schema.org","@graph":[{"@type":"WebPage","@id":"https:\/\/www.kostuemebreuer.de\/english\/produkt\/frack-3\/","url":"https:\/\/www.kostuemebreuer.de\/english\/produkt\/frack-3\/","name":"Frack (Jacke, Hose, Weste, Hemd, Fliege, Einstecktuch, Manschettenkn\u00f6pfe, Hosentr\u00e4ger) - Costumes Breuer","isPartOf":{"@id":"https:\/\/www.kostuemebreuer.de\/english\/#website"},"primaryImageOfPage":{"@id":"https:\/\/www.kostuemebreuer.de\/english\/produkt\/frack-3\/#primaryimage"},"image":{"@id":"https:\/\/www.kostuemebreuer.de\/english\/produkt\/frack-3\/#primaryimage"},"thumbnailUrl":"https:\/\/www.kostuemebreuer.de\/english\/wp-content\/uploads\/sites\/6\/Frack.jpg","datePublished":"2018-12-17T15:19:22+00:00","dateModified":"2024-01-18T15:50:22+00:00","description":"Frack komplett: Frackjacke, Frackhose, Hemd, Weste, Fliege, Einstecktuch, Manschettenkn\u00f6pfe,Hosentr\u00e4ger) Wiener Opernball","breadcrumb":{"@id":"https:\/\/www.kostuemebreuer.de\/english\/produkt\/frack-3\/#breadcrumb"},"inLanguage":"en-GB","potentialAction":[{"@type":"ReadAction","target":["https:\/\/www.kostuemebreuer.de\/english\/produkt\/frack-3\/"]}]},{"@type":"ImageObject","inLanguage":"en-GB","@id":"https:\/\/www.kostuemebreuer.de\/english\/produkt\/frack-3\/#primaryimage","url":"https:\/\/www.kostuemebreuer.de\/english\/wp-content\/uploads\/sites\/6\/Frack.jpg","contentUrl":"https:\/\/www.kostuemebreuer.de\/english\/wp-content\/uploads\/sites\/6\/Frack.jpg","width":1976,"height":3513},{"@type":"BreadcrumbList","@id":"https:\/\/www.kostuemebreuer.de\/english\/produkt\/frack-3\/#breadcrumb","itemListElement":[{"@type":"ListItem","position":1,"name":"Startseite","item":"https:\/\/www.kostuemebreuer.de\/english\/"},{"@type":"ListItem","position":2,"name":"Kost\u00fcme","item":"https:\/\/www.kostuemebreuer.de\/english\/kostueme\/"},{"@type":"ListItem","position":3,"name":"Frack (Jacke, Hose, Weste, Hemd, Fliege, Einstecktuch, Manschettenkn\u00f6pfe, Hosentr\u00e4ger)"}]},{"@type":"WebSite","@id":"https:\/\/www.kostuemebreuer.de\/english\/#website","url":"https:\/\/www.kostuemebreuer.de\/english\/","name":"Kost\u00fcme Breuer in M\u00fcnchen","description":"Kost\u00fcmverleih","publisher":{"@id":"https:\/\/www.kostuemebreuer.de\/english\/#organization"},"alternateName":"Kost\u00fcmverleih Breuer","potentialAction":[{"@type":"SearchAction","target":{"@type":"EntryPoint","urlTemplate":"https:\/\/www.kostuemebreuer.de\/english\/?s={search_term_string}"},"query-input":{"@type":"PropertyValueSpecification","valueRequired":true,"valueName":"search_term_string"}}],"inLanguage":"en-GB"},{"@type":"Organization","@id":"https:\/\/www.kostuemebreuer.de\/english\/#organization","name":"Kost\u00fcme Breuer in M\u00fcnchen","url":"https:\/\/www.kostuemebreuer.de\/english\/","logo":{"@type":"ImageObject","inLanguage":"en-GB","@id":"https:\/\/www.kostuemebreuer.de\/english\/#\/schema\/logo\/image\/","url":"https:\/\/www.kostuemebreuer.de\/english\/wp-content\/uploads\/sites\/6\/logo.svg","contentUrl":"https:\/\/www.kostuemebreuer.de\/english\/wp-content\/uploads\/sites\/6\/logo.svg","caption":"Kost\u00fcme Breuer in M\u00fcnchen"},"image":{"@id":"https:\/\/www.kostuemebreuer.de\/english\/#\/schema\/logo\/image\/"},"sameAs":["https:\/\/www.facebook.com\/Kostuemebreuer\/?locale=de_DE","https:\/\/www.instagram.com\/kostuemebreuer\/"]}]}},"acf":[],"_links":{"self":[{"href":"https:\/\/www.kostuemebreuer.de\/english\/wp-json\/wp\/v2\/product\/15789","targetHints":{"allow":["GET"]}}],"collection":[{"href":"https:\/\/www.kostuemebreuer.de\/english\/wp-json\/wp\/v2\/product"}],"about":[{"href":"https:\/\/www.kostuemebreuer.de\/english\/wp-json\/wp\/v2\/types\/product"}],"wp:featuredmedia":[{"embeddable":true,"href":"https:\/\/www.kostuemebreuer.de\/english\/wp-json\/wp\/v2\/media\/15790"}],"wp:attachment":[{"href":"https:\/\/www.kostuemebreuer.de\/english\/wp-json\/wp\/v2\/media?parent=15789"}],"wp:term":[{"taxonomy":"product_brand","embeddable":true,"href":"https:\/\/www.kostuemebreuer.de\/english\/wp-json\/wp\/v2\/product_brand?post=15789"},{"taxonomy":"product_cat","embeddable":true,"href":"https:\/\/www.kostuemebreuer.de\/english\/wp-json\/wp\/v2\/product_cat?post=15789"},{"taxonomy":"product_tag","embeddable":true,"href":"https:\/\/www.kostuemebreuer.de\/english\/wp-json\/wp\/v2\/product_tag?post=15789"}],"curies":[{"name":"wp","href":"https:\/\/api.w.org\/{rel}","templated":true}]}}