{"id":15663,"date":"2017-01-10T14:59:15","date_gmt":"2017-01-10T12:59:15","guid":{"rendered":"https:\/\/www.kostuemverleih.com\/?post_type=product&#038;p=15663"},"modified":"2024-01-23T12:45:35","modified_gmt":"2024-01-23T10:45:35","slug":"zwanziger-jahre-kleid-16","status":"publish","type":"product","link":"https:\/\/www.kostuemebreuer.de\/english\/produkt\/zwanziger-jahre-kleid-16\/","title":{"rendered":"20er Jahre \u2013 Charleston Outfit \u2013 Damen \u2013 Blau (Kleid, Stirnband, Kette und Handschuhe)"},"content":{"rendered":"<p>20er Jahre \u2013 Charleston Outfit \u2013 Damen \u2013 Blau, bestehend aus einem blauen Kleid mit blauen Perlen, silbernen Pailletten und Fransen und aufw\u00e4ndig mit Pailletten bestickt, einem Stirnband mit Feder, einer Perlenkette und Handschuhen.<\/p>\n<p>Die Per\u00fccke (Kauf) kann separat dazu gebucht werden.<\/p>\n","protected":false},"excerpt":{"rendered":"<p>20er Jahre \u2013 Charleston Outfit \u2013 Damen \u2013 Blau, bestehend aus einem blauen Kleid mit blauen Perlen, silbernen Pailletten und Fransen und aufw\u00e4ndig mit Pailletten bestickt, einem Stirnband mit Feder, einer Perlenkette und Handschuhen.<\/p>\n<p>Die Per\u00fccke (Kauf) kann separat dazu gebucht werden.<\/p>\n","protected":false},"featured_media":15664,"template":"","meta":{"_acf_changed":false},"product_brand":[],"product_cat":[200,251,29],"product_tag":[455,53,636,763,78],"class_list":{"0":"post-15663","1":"product","2":"type-product","3":"status-publish","4":"has-post-thumbnail","6":"product_cat-aussergewoehnlichesdamen","7":"product_cat-historisch","8":"product_cat-kostueme","9":"product_tag-20er-jahre-charleston-cabaret-gatsby","10":"product_tag-blau","11":"product_tag-charleston","12":"product_tag-pailletten","13":"product_tag-silber","14":"product_shipping_class-versandklasse-2","15":"infinite-scroll-item","17":"first","18":"instock","19":"taxable","20":"shipping-taxable","21":"purchasable","22":"product-type-simple"},"yoast_head":"<!-- This site is optimized with the Yoast SEO plugin v27.2 - https:\/\/yoast.com\/product\/yoast-seo-wordpress\/ -->\n<title>20er Jahre \u2013 Charleston Outfit \u2013 Damen \u2013 Blau (Kleid, Stirnband, Kette und Handschuhe) - Costumes Breuer<\/title>\n<meta name=\"description\" content=\"20er Jahre \u2013 Charleston Outfit \u2013 Damen \u2013 Blau, bestehend aus einem blauen Kleid mit blauen Perlen, silbernen Pailletten und Fransen und aufw\u00e4ndig mit Pailletten bestickt, einem Stirnband mit Feder, einer Perlenkette und Handschuhen. Die Per\u00fccke (Kauf) kann separat dazu gebucht werden.\" \/>\n<meta name=\"robots\" content=\"index, follow, max-snippet:-1, max-image-preview:large, max-video-preview:-1\" \/>\n<link rel=\"canonical\" href=\"https:\/\/www.kostuemebreuer.de\/english\/produkt\/zwanziger-jahre-kleid-16\/\" \/>\n<meta property=\"og:locale\" content=\"en_GB\" \/>\n<meta property=\"og:type\" content=\"article\" \/>\n<meta property=\"og:title\" content=\"20er Jahre \u2013 Charleston Outfit \u2013 Damen \u2013 Blau (Kleid, Stirnband, Kette und Handschuhe) - Costumes Breuer\" \/>\n<meta property=\"og:description\" content=\"20er Jahre \u2013 Charleston Outfit \u2013 Damen \u2013 Blau, bestehend aus einem blauen Kleid mit blauen Perlen, silbernen Pailletten und Fransen und aufw\u00e4ndig mit Pailletten bestickt, einem Stirnband mit Feder, einer Perlenkette und Handschuhen. Die Per\u00fccke (Kauf) kann separat dazu gebucht werden.\" \/>\n<meta property=\"og:url\" content=\"https:\/\/www.kostuemebreuer.de\/english\/produkt\/zwanziger-jahre-kleid-16\/\" \/>\n<meta property=\"og:site_name\" content=\"Costumes Breuer\" \/>\n<meta property=\"article:publisher\" content=\"https:\/\/www.facebook.com\/Kostuemebreuer\/?locale=de_DE\" \/>\n<meta property=\"article:modified_time\" content=\"2024-01-23T10:45:35+00:00\" \/>\n<meta property=\"og:image\" content=\"https:\/\/www.kostuemebreuer.de\/english\/wp-content\/uploads\/sites\/6\/zwanziger-Kleid-blau.jpg\" \/>\n\t<meta property=\"og:image:width\" content=\"540\" \/>\n\t<meta property=\"og:image:height\" content=\"960\" \/>\n\t<meta property=\"og:image:type\" content=\"image\/jpeg\" \/>\n<meta name=\"twitter:card\" content=\"summary_large_image\" \/>\n<script type=\"application\/ld+json\" class=\"yoast-schema-graph\">{\"@context\":\"https:\/\/schema.org\",\"@graph\":[{\"@type\":\"WebPage\",\"@id\":\"https:\/\/www.kostuemebreuer.de\/english\/produkt\/zwanziger-jahre-kleid-16\/\",\"url\":\"https:\/\/www.kostuemebreuer.de\/english\/produkt\/zwanziger-jahre-kleid-16\/\",\"name\":\"20er Jahre \u2013 Charleston Outfit \u2013 Damen \u2013 Blau (Kleid, Stirnband, Kette und Handschuhe) - Costumes Breuer\",\"isPartOf\":{\"@id\":\"https:\/\/www.kostuemebreuer.de\/english\/#website\"},\"primaryImageOfPage\":{\"@id\":\"https:\/\/www.kostuemebreuer.de\/english\/produkt\/zwanziger-jahre-kleid-16\/#primaryimage\"},\"image\":{\"@id\":\"https:\/\/www.kostuemebreuer.de\/english\/produkt\/zwanziger-jahre-kleid-16\/#primaryimage\"},\"thumbnailUrl\":\"https:\/\/www.kostuemebreuer.de\/english\/wp-content\/uploads\/sites\/6\/zwanziger-Kleid-blau.jpg\",\"datePublished\":\"2017-01-10T12:59:15+00:00\",\"dateModified\":\"2024-01-23T10:45:35+00:00\",\"description\":\"20er Jahre \u2013 Charleston Outfit \u2013 Damen \u2013 Blau, bestehend aus einem blauen Kleid mit blauen Perlen, silbernen Pailletten und Fransen und aufw\u00e4ndig mit Pailletten bestickt, einem Stirnband mit Feder, einer Perlenkette und Handschuhen. Die Per\u00fccke (Kauf) kann separat dazu gebucht werden.\",\"breadcrumb\":{\"@id\":\"https:\/\/www.kostuemebreuer.de\/english\/produkt\/zwanziger-jahre-kleid-16\/#breadcrumb\"},\"inLanguage\":\"en-GB\",\"potentialAction\":[{\"@type\":\"ReadAction\",\"target\":[\"https:\/\/www.kostuemebreuer.de\/english\/produkt\/zwanziger-jahre-kleid-16\/\"]}]},{\"@type\":\"ImageObject\",\"inLanguage\":\"en-GB\",\"@id\":\"https:\/\/www.kostuemebreuer.de\/english\/produkt\/zwanziger-jahre-kleid-16\/#primaryimage\",\"url\":\"https:\/\/www.kostuemebreuer.de\/english\/wp-content\/uploads\/sites\/6\/zwanziger-Kleid-blau.jpg\",\"contentUrl\":\"https:\/\/www.kostuemebreuer.de\/english\/wp-content\/uploads\/sites\/6\/zwanziger-Kleid-blau.jpg\",\"width\":540,\"height\":960},{\"@type\":\"BreadcrumbList\",\"@id\":\"https:\/\/www.kostuemebreuer.de\/english\/produkt\/zwanziger-jahre-kleid-16\/#breadcrumb\",\"itemListElement\":[{\"@type\":\"ListItem\",\"position\":1,\"name\":\"Startseite\",\"item\":\"https:\/\/www.kostuemebreuer.de\/english\/\"},{\"@type\":\"ListItem\",\"position\":2,\"name\":\"Kost\u00fcme\",\"item\":\"https:\/\/www.kostuemebreuer.de\/english\/kostueme\/\"},{\"@type\":\"ListItem\",\"position\":3,\"name\":\"20er Jahre \u2013 Charleston Outfit \u2013 Damen \u2013 Blau (Kleid, Stirnband, Kette und Handschuhe)\"}]},{\"@type\":\"WebSite\",\"@id\":\"https:\/\/www.kostuemebreuer.de\/english\/#website\",\"url\":\"https:\/\/www.kostuemebreuer.de\/english\/\",\"name\":\"Kost\u00fcme Breuer in M\u00fcnchen\",\"description\":\"Kost\u00fcmverleih\",\"publisher\":{\"@id\":\"https:\/\/www.kostuemebreuer.de\/english\/#organization\"},\"alternateName\":\"Kost\u00fcmverleih Breuer\",\"potentialAction\":[{\"@type\":\"SearchAction\",\"target\":{\"@type\":\"EntryPoint\",\"urlTemplate\":\"https:\/\/www.kostuemebreuer.de\/english\/?s={search_term_string}\"},\"query-input\":{\"@type\":\"PropertyValueSpecification\",\"valueRequired\":true,\"valueName\":\"search_term_string\"}}],\"inLanguage\":\"en-GB\"},{\"@type\":\"Organization\",\"@id\":\"https:\/\/www.kostuemebreuer.de\/english\/#organization\",\"name\":\"Kost\u00fcme Breuer in M\u00fcnchen\",\"url\":\"https:\/\/www.kostuemebreuer.de\/english\/\",\"logo\":{\"@type\":\"ImageObject\",\"inLanguage\":\"en-GB\",\"@id\":\"https:\/\/www.kostuemebreuer.de\/english\/#\/schema\/logo\/image\/\",\"url\":\"https:\/\/www.kostuemebreuer.de\/english\/wp-content\/uploads\/sites\/6\/logo.svg\",\"contentUrl\":\"https:\/\/www.kostuemebreuer.de\/english\/wp-content\/uploads\/sites\/6\/logo.svg\",\"caption\":\"Kost\u00fcme Breuer in M\u00fcnchen\"},\"image\":{\"@id\":\"https:\/\/www.kostuemebreuer.de\/english\/#\/schema\/logo\/image\/\"},\"sameAs\":[\"https:\/\/www.facebook.com\/Kostuemebreuer\/?locale=de_DE\",\"https:\/\/www.instagram.com\/kostuemebreuer\/\"]}]}<\/script>\n<!-- \/ Yoast SEO plugin. -->","yoast_head_json":{"title":"20er Jahre \u2013 Charleston Outfit \u2013 Damen \u2013 Blau (Kleid, Stirnband, Kette und Handschuhe) - Costumes Breuer","description":"20er Jahre \u2013 Charleston Outfit \u2013 Damen \u2013 Blau, bestehend aus einem blauen Kleid mit blauen Perlen, silbernen Pailletten und Fransen und aufw\u00e4ndig mit Pailletten bestickt, einem Stirnband mit Feder, einer Perlenkette und Handschuhen. Die Per\u00fccke (Kauf) kann separat dazu gebucht werden.","robots":{"index":"index","follow":"follow","max-snippet":"max-snippet:-1","max-image-preview":"max-image-preview:large","max-video-preview":"max-video-preview:-1"},"canonical":"https:\/\/www.kostuemebreuer.de\/english\/produkt\/zwanziger-jahre-kleid-16\/","og_locale":"en_GB","og_type":"article","og_title":"20er Jahre \u2013 Charleston Outfit \u2013 Damen \u2013 Blau (Kleid, Stirnband, Kette und Handschuhe) - Costumes Breuer","og_description":"20er Jahre \u2013 Charleston Outfit \u2013 Damen \u2013 Blau, bestehend aus einem blauen Kleid mit blauen Perlen, silbernen Pailletten und Fransen und aufw\u00e4ndig mit Pailletten bestickt, einem Stirnband mit Feder, einer Perlenkette und Handschuhen. Die Per\u00fccke (Kauf) kann separat dazu gebucht werden.","og_url":"https:\/\/www.kostuemebreuer.de\/english\/produkt\/zwanziger-jahre-kleid-16\/","og_site_name":"Costumes Breuer","article_publisher":"https:\/\/www.facebook.com\/Kostuemebreuer\/?locale=de_DE","article_modified_time":"2024-01-23T10:45:35+00:00","og_image":[{"width":540,"height":960,"url":"https:\/\/www.kostuemebreuer.de\/english\/wp-content\/uploads\/sites\/6\/zwanziger-Kleid-blau.jpg","type":"image\/jpeg"}],"twitter_card":"summary_large_image","schema":{"@context":"https:\/\/schema.org","@graph":[{"@type":"WebPage","@id":"https:\/\/www.kostuemebreuer.de\/english\/produkt\/zwanziger-jahre-kleid-16\/","url":"https:\/\/www.kostuemebreuer.de\/english\/produkt\/zwanziger-jahre-kleid-16\/","name":"20er Jahre \u2013 Charleston Outfit \u2013 Damen \u2013 Blau (Kleid, Stirnband, Kette und Handschuhe) - Costumes Breuer","isPartOf":{"@id":"https:\/\/www.kostuemebreuer.de\/english\/#website"},"primaryImageOfPage":{"@id":"https:\/\/www.kostuemebreuer.de\/english\/produkt\/zwanziger-jahre-kleid-16\/#primaryimage"},"image":{"@id":"https:\/\/www.kostuemebreuer.de\/english\/produkt\/zwanziger-jahre-kleid-16\/#primaryimage"},"thumbnailUrl":"https:\/\/www.kostuemebreuer.de\/english\/wp-content\/uploads\/sites\/6\/zwanziger-Kleid-blau.jpg","datePublished":"2017-01-10T12:59:15+00:00","dateModified":"2024-01-23T10:45:35+00:00","description":"20er Jahre \u2013 Charleston Outfit \u2013 Damen \u2013 Blau, bestehend aus einem blauen Kleid mit blauen Perlen, silbernen Pailletten und Fransen und aufw\u00e4ndig mit Pailletten bestickt, einem Stirnband mit Feder, einer Perlenkette und Handschuhen. Die Per\u00fccke (Kauf) kann separat dazu gebucht werden.","breadcrumb":{"@id":"https:\/\/www.kostuemebreuer.de\/english\/produkt\/zwanziger-jahre-kleid-16\/#breadcrumb"},"inLanguage":"en-GB","potentialAction":[{"@type":"ReadAction","target":["https:\/\/www.kostuemebreuer.de\/english\/produkt\/zwanziger-jahre-kleid-16\/"]}]},{"@type":"ImageObject","inLanguage":"en-GB","@id":"https:\/\/www.kostuemebreuer.de\/english\/produkt\/zwanziger-jahre-kleid-16\/#primaryimage","url":"https:\/\/www.kostuemebreuer.de\/english\/wp-content\/uploads\/sites\/6\/zwanziger-Kleid-blau.jpg","contentUrl":"https:\/\/www.kostuemebreuer.de\/english\/wp-content\/uploads\/sites\/6\/zwanziger-Kleid-blau.jpg","width":540,"height":960},{"@type":"BreadcrumbList","@id":"https:\/\/www.kostuemebreuer.de\/english\/produkt\/zwanziger-jahre-kleid-16\/#breadcrumb","itemListElement":[{"@type":"ListItem","position":1,"name":"Startseite","item":"https:\/\/www.kostuemebreuer.de\/english\/"},{"@type":"ListItem","position":2,"name":"Kost\u00fcme","item":"https:\/\/www.kostuemebreuer.de\/english\/kostueme\/"},{"@type":"ListItem","position":3,"name":"20er Jahre \u2013 Charleston Outfit \u2013 Damen \u2013 Blau (Kleid, Stirnband, Kette und Handschuhe)"}]},{"@type":"WebSite","@id":"https:\/\/www.kostuemebreuer.de\/english\/#website","url":"https:\/\/www.kostuemebreuer.de\/english\/","name":"Kost\u00fcme Breuer in M\u00fcnchen","description":"Kost\u00fcmverleih","publisher":{"@id":"https:\/\/www.kostuemebreuer.de\/english\/#organization"},"alternateName":"Kost\u00fcmverleih Breuer","potentialAction":[{"@type":"SearchAction","target":{"@type":"EntryPoint","urlTemplate":"https:\/\/www.kostuemebreuer.de\/english\/?s={search_term_string}"},"query-input":{"@type":"PropertyValueSpecification","valueRequired":true,"valueName":"search_term_string"}}],"inLanguage":"en-GB"},{"@type":"Organization","@id":"https:\/\/www.kostuemebreuer.de\/english\/#organization","name":"Kost\u00fcme Breuer in M\u00fcnchen","url":"https:\/\/www.kostuemebreuer.de\/english\/","logo":{"@type":"ImageObject","inLanguage":"en-GB","@id":"https:\/\/www.kostuemebreuer.de\/english\/#\/schema\/logo\/image\/","url":"https:\/\/www.kostuemebreuer.de\/english\/wp-content\/uploads\/sites\/6\/logo.svg","contentUrl":"https:\/\/www.kostuemebreuer.de\/english\/wp-content\/uploads\/sites\/6\/logo.svg","caption":"Kost\u00fcme Breuer in M\u00fcnchen"},"image":{"@id":"https:\/\/www.kostuemebreuer.de\/english\/#\/schema\/logo\/image\/"},"sameAs":["https:\/\/www.facebook.com\/Kostuemebreuer\/?locale=de_DE","https:\/\/www.instagram.com\/kostuemebreuer\/"]}]}},"acf":[],"_links":{"self":[{"href":"https:\/\/www.kostuemebreuer.de\/english\/wp-json\/wp\/v2\/product\/15663","targetHints":{"allow":["GET"]}}],"collection":[{"href":"https:\/\/www.kostuemebreuer.de\/english\/wp-json\/wp\/v2\/product"}],"about":[{"href":"https:\/\/www.kostuemebreuer.de\/english\/wp-json\/wp\/v2\/types\/product"}],"wp:featuredmedia":[{"embeddable":true,"href":"https:\/\/www.kostuemebreuer.de\/english\/wp-json\/wp\/v2\/media\/15664"}],"wp:attachment":[{"href":"https:\/\/www.kostuemebreuer.de\/english\/wp-json\/wp\/v2\/media?parent=15663"}],"wp:term":[{"taxonomy":"product_brand","embeddable":true,"href":"https:\/\/www.kostuemebreuer.de\/english\/wp-json\/wp\/v2\/product_brand?post=15663"},{"taxonomy":"product_cat","embeddable":true,"href":"https:\/\/www.kostuemebreuer.de\/english\/wp-json\/wp\/v2\/product_cat?post=15663"},{"taxonomy":"product_tag","embeddable":true,"href":"https:\/\/www.kostuemebreuer.de\/english\/wp-json\/wp\/v2\/product_tag?post=15663"}],"curies":[{"name":"wp","href":"https:\/\/api.w.org\/{rel}","templated":true}]}}