{"id":15543,"date":"2017-01-03T16:32:25","date_gmt":"2017-01-03T14:32:25","guid":{"rendered":"https:\/\/www.kostuemverleih.com\/?post_type=product&#038;p=15543"},"modified":"2023-12-02T06:02:03","modified_gmt":"2023-12-02T04:02:03","slug":"rokokofrack-silber-gold","status":"publish","type":"product","link":"https:\/\/www.kostuemebreuer.de\/english\/produkt\/rokokofrack-silber-gold\/","title":{"rendered":"Rokoko \u2013 Karneval in Venedig Outfit \u2013 Herren \u2013 Silber-Gold (Weste und Jabot)"},"content":{"rendered":"<p>Rokoko &#8211; Karneval in Venedig Outfit \u2013 Herren \u2013 Silber-Gold, bestehend aus einer goldbestickten Weste und einem wei\u00dfen Jabot, wahlweise erweiterbar mit einer Kniebundhose und einem Dreispitz (Paket 2), sowie einem R\u00fcschenhemd, Kniestr\u00fcmpfen und Schuhschleifen (Paket 3), als auch einem gold-silbernen Rokkokofrack mit aufw\u00e4ndigen Stickereien. (Paket 4)<\/p>\n","protected":false},"excerpt":{"rendered":"<p>Rokoko &#8211; Karneval in Venedig Outfit \u2013 Herren \u2013 Silber-Gold, bestehend aus einer goldbestickten Weste und einem wei\u00dfen Jabot, wahlweise erweiterbar mit einer <strong>Kniebundhose und einem Dreispitz<\/strong> (Paket 2), sowie einem <strong>R\u00fcschenhemd, Kniestr\u00fcmpfen und Schuhschleifen<\/strong> (Paket 3), als auch einem <strong>gold-silbernen Rokkokofrack mit aufw\u00e4ndigen Stickereien<\/strong>. (Paket 4)<\/p>\n","protected":false},"featured_media":15544,"template":"","meta":{"_acf_changed":false},"product_brand":[],"product_cat":[226,251],"product_tag":[49,123,78],"class_list":{"0":"post-15543","1":"product","2":"type-product","3":"status-publish","4":"has-post-thumbnail","6":"product_cat-aussergewoehnlichesherren","7":"product_cat-historisch","8":"product_tag-gold","9":"product_tag-rokoko","10":"product_tag-silber","11":"product_shipping_class-versandklasse-2","12":"infinite-scroll-item","14":"first","15":"instock","16":"taxable","17":"shipping-taxable","18":"purchasable","19":"product-type-simple"},"yoast_head":"<!-- This site is optimized with the Yoast SEO plugin v27.2 - https:\/\/yoast.com\/product\/yoast-seo-wordpress\/ -->\n<title>Rokoko \u2013 Karneval in Venedig Outfit \u2013 Herren \u2013 Silber-Gold (Weste und Jabot) - Costumes Breuer<\/title>\n<meta name=\"description\" content=\"Rokoko - Karneval in Venedig Outfit \u2013 Herren \u2013 Silber-Gold, bestehend aus einer goldbestickten Weste und einem wei\u00dfen Jabot, wahlweise erweiterbar mit einer Kniebundhose und einem Dreispitz (Paket 2), sowie einem R\u00fcschenhemd, Kniestr\u00fcmpfen und Schuhschleifen (Paket 3), als auch einem gold-silbernen Rokkokofrack mit aufw\u00e4ndigen Stickereien. (Paket 4)\" \/>\n<meta name=\"robots\" content=\"index, follow, max-snippet:-1, max-image-preview:large, max-video-preview:-1\" \/>\n<link rel=\"canonical\" href=\"https:\/\/www.kostuemebreuer.de\/english\/produkt\/rokokofrack-silber-gold\/\" \/>\n<meta property=\"og:locale\" content=\"en_GB\" \/>\n<meta property=\"og:type\" content=\"article\" \/>\n<meta property=\"og:title\" content=\"Rokoko \u2013 Karneval in Venedig Outfit \u2013 Herren \u2013 Silber-Gold (Weste und Jabot) - Costumes Breuer\" \/>\n<meta property=\"og:description\" content=\"Rokoko - Karneval in Venedig Outfit \u2013 Herren \u2013 Silber-Gold, bestehend aus einer goldbestickten Weste und einem wei\u00dfen Jabot, wahlweise erweiterbar mit einer Kniebundhose und einem Dreispitz (Paket 2), sowie einem R\u00fcschenhemd, Kniestr\u00fcmpfen und Schuhschleifen (Paket 3), als auch einem gold-silbernen Rokkokofrack mit aufw\u00e4ndigen Stickereien. (Paket 4)\" \/>\n<meta property=\"og:url\" content=\"https:\/\/www.kostuemebreuer.de\/english\/produkt\/rokokofrack-silber-gold\/\" \/>\n<meta property=\"og:site_name\" content=\"Costumes Breuer\" \/>\n<meta property=\"article:publisher\" content=\"https:\/\/www.facebook.com\/Kostuemebreuer\/?locale=de_DE\" \/>\n<meta property=\"article:modified_time\" content=\"2023-12-02T04:02:03+00:00\" \/>\n<meta property=\"og:image\" content=\"https:\/\/www.kostuemebreuer.de\/english\/wp-content\/uploads\/sites\/6\/Rokokofrack-gold-silber.jpg\" \/>\n\t<meta property=\"og:image:width\" content=\"540\" \/>\n\t<meta property=\"og:image:height\" content=\"960\" \/>\n\t<meta property=\"og:image:type\" content=\"image\/jpeg\" \/>\n<meta name=\"twitter:card\" content=\"summary_large_image\" \/>\n<script type=\"application\/ld+json\" class=\"yoast-schema-graph\">{\"@context\":\"https:\/\/schema.org\",\"@graph\":[{\"@type\":\"WebPage\",\"@id\":\"https:\/\/www.kostuemebreuer.de\/english\/produkt\/rokokofrack-silber-gold\/\",\"url\":\"https:\/\/www.kostuemebreuer.de\/english\/produkt\/rokokofrack-silber-gold\/\",\"name\":\"Rokoko \u2013 Karneval in Venedig Outfit \u2013 Herren \u2013 Silber-Gold (Weste und Jabot) - Costumes Breuer\",\"isPartOf\":{\"@id\":\"https:\/\/www.kostuemebreuer.de\/english\/#website\"},\"primaryImageOfPage\":{\"@id\":\"https:\/\/www.kostuemebreuer.de\/english\/produkt\/rokokofrack-silber-gold\/#primaryimage\"},\"image\":{\"@id\":\"https:\/\/www.kostuemebreuer.de\/english\/produkt\/rokokofrack-silber-gold\/#primaryimage\"},\"thumbnailUrl\":\"https:\/\/www.kostuemebreuer.de\/english\/wp-content\/uploads\/sites\/6\/Rokokofrack-gold-silber.jpg\",\"datePublished\":\"2017-01-03T14:32:25+00:00\",\"dateModified\":\"2023-12-02T04:02:03+00:00\",\"description\":\"Rokoko - Karneval in Venedig Outfit \u2013 Herren \u2013 Silber-Gold, bestehend aus einer goldbestickten Weste und einem wei\u00dfen Jabot, wahlweise erweiterbar mit einer Kniebundhose und einem Dreispitz (Paket 2), sowie einem R\u00fcschenhemd, Kniestr\u00fcmpfen und Schuhschleifen (Paket 3), als auch einem gold-silbernen Rokkokofrack mit aufw\u00e4ndigen Stickereien. (Paket 4)\",\"breadcrumb\":{\"@id\":\"https:\/\/www.kostuemebreuer.de\/english\/produkt\/rokokofrack-silber-gold\/#breadcrumb\"},\"inLanguage\":\"en-GB\",\"potentialAction\":[{\"@type\":\"ReadAction\",\"target\":[\"https:\/\/www.kostuemebreuer.de\/english\/produkt\/rokokofrack-silber-gold\/\"]}]},{\"@type\":\"ImageObject\",\"inLanguage\":\"en-GB\",\"@id\":\"https:\/\/www.kostuemebreuer.de\/english\/produkt\/rokokofrack-silber-gold\/#primaryimage\",\"url\":\"https:\/\/www.kostuemebreuer.de\/english\/wp-content\/uploads\/sites\/6\/Rokokofrack-gold-silber.jpg\",\"contentUrl\":\"https:\/\/www.kostuemebreuer.de\/english\/wp-content\/uploads\/sites\/6\/Rokokofrack-gold-silber.jpg\",\"width\":540,\"height\":960},{\"@type\":\"BreadcrumbList\",\"@id\":\"https:\/\/www.kostuemebreuer.de\/english\/produkt\/rokokofrack-silber-gold\/#breadcrumb\",\"itemListElement\":[{\"@type\":\"ListItem\",\"position\":1,\"name\":\"Startseite\",\"item\":\"https:\/\/www.kostuemebreuer.de\/english\/\"},{\"@type\":\"ListItem\",\"position\":2,\"name\":\"Kost\u00fcme\",\"item\":\"https:\/\/www.kostuemebreuer.de\/english\/kostueme\/\"},{\"@type\":\"ListItem\",\"position\":3,\"name\":\"Rokoko \u2013 Karneval in Venedig Outfit \u2013 Herren \u2013 Silber-Gold (Weste und Jabot)\"}]},{\"@type\":\"WebSite\",\"@id\":\"https:\/\/www.kostuemebreuer.de\/english\/#website\",\"url\":\"https:\/\/www.kostuemebreuer.de\/english\/\",\"name\":\"Kost\u00fcme Breuer in M\u00fcnchen\",\"description\":\"Kost\u00fcmverleih\",\"publisher\":{\"@id\":\"https:\/\/www.kostuemebreuer.de\/english\/#organization\"},\"alternateName\":\"Kost\u00fcmverleih Breuer\",\"potentialAction\":[{\"@type\":\"SearchAction\",\"target\":{\"@type\":\"EntryPoint\",\"urlTemplate\":\"https:\/\/www.kostuemebreuer.de\/english\/?s={search_term_string}\"},\"query-input\":{\"@type\":\"PropertyValueSpecification\",\"valueRequired\":true,\"valueName\":\"search_term_string\"}}],\"inLanguage\":\"en-GB\"},{\"@type\":\"Organization\",\"@id\":\"https:\/\/www.kostuemebreuer.de\/english\/#organization\",\"name\":\"Kost\u00fcme Breuer in M\u00fcnchen\",\"url\":\"https:\/\/www.kostuemebreuer.de\/english\/\",\"logo\":{\"@type\":\"ImageObject\",\"inLanguage\":\"en-GB\",\"@id\":\"https:\/\/www.kostuemebreuer.de\/english\/#\/schema\/logo\/image\/\",\"url\":\"https:\/\/www.kostuemebreuer.de\/english\/wp-content\/uploads\/sites\/6\/logo.svg\",\"contentUrl\":\"https:\/\/www.kostuemebreuer.de\/english\/wp-content\/uploads\/sites\/6\/logo.svg\",\"caption\":\"Kost\u00fcme Breuer in M\u00fcnchen\"},\"image\":{\"@id\":\"https:\/\/www.kostuemebreuer.de\/english\/#\/schema\/logo\/image\/\"},\"sameAs\":[\"https:\/\/www.facebook.com\/Kostuemebreuer\/?locale=de_DE\",\"https:\/\/www.instagram.com\/kostuemebreuer\/\"]}]}<\/script>\n<!-- \/ Yoast SEO plugin. -->","yoast_head_json":{"title":"Rokoko \u2013 Karneval in Venedig Outfit \u2013 Herren \u2013 Silber-Gold (Weste und Jabot) - Costumes Breuer","description":"Rokoko - Karneval in Venedig Outfit \u2013 Herren \u2013 Silber-Gold, bestehend aus einer goldbestickten Weste und einem wei\u00dfen Jabot, wahlweise erweiterbar mit einer Kniebundhose und einem Dreispitz (Paket 2), sowie einem R\u00fcschenhemd, Kniestr\u00fcmpfen und Schuhschleifen (Paket 3), als auch einem gold-silbernen Rokkokofrack mit aufw\u00e4ndigen Stickereien. (Paket 4)","robots":{"index":"index","follow":"follow","max-snippet":"max-snippet:-1","max-image-preview":"max-image-preview:large","max-video-preview":"max-video-preview:-1"},"canonical":"https:\/\/www.kostuemebreuer.de\/english\/produkt\/rokokofrack-silber-gold\/","og_locale":"en_GB","og_type":"article","og_title":"Rokoko \u2013 Karneval in Venedig Outfit \u2013 Herren \u2013 Silber-Gold (Weste und Jabot) - Costumes Breuer","og_description":"Rokoko - Karneval in Venedig Outfit \u2013 Herren \u2013 Silber-Gold, bestehend aus einer goldbestickten Weste und einem wei\u00dfen Jabot, wahlweise erweiterbar mit einer Kniebundhose und einem Dreispitz (Paket 2), sowie einem R\u00fcschenhemd, Kniestr\u00fcmpfen und Schuhschleifen (Paket 3), als auch einem gold-silbernen Rokkokofrack mit aufw\u00e4ndigen Stickereien. (Paket 4)","og_url":"https:\/\/www.kostuemebreuer.de\/english\/produkt\/rokokofrack-silber-gold\/","og_site_name":"Costumes Breuer","article_publisher":"https:\/\/www.facebook.com\/Kostuemebreuer\/?locale=de_DE","article_modified_time":"2023-12-02T04:02:03+00:00","og_image":[{"width":540,"height":960,"url":"https:\/\/www.kostuemebreuer.de\/english\/wp-content\/uploads\/sites\/6\/Rokokofrack-gold-silber.jpg","type":"image\/jpeg"}],"twitter_card":"summary_large_image","schema":{"@context":"https:\/\/schema.org","@graph":[{"@type":"WebPage","@id":"https:\/\/www.kostuemebreuer.de\/english\/produkt\/rokokofrack-silber-gold\/","url":"https:\/\/www.kostuemebreuer.de\/english\/produkt\/rokokofrack-silber-gold\/","name":"Rokoko \u2013 Karneval in Venedig Outfit \u2013 Herren \u2013 Silber-Gold (Weste und Jabot) - Costumes Breuer","isPartOf":{"@id":"https:\/\/www.kostuemebreuer.de\/english\/#website"},"primaryImageOfPage":{"@id":"https:\/\/www.kostuemebreuer.de\/english\/produkt\/rokokofrack-silber-gold\/#primaryimage"},"image":{"@id":"https:\/\/www.kostuemebreuer.de\/english\/produkt\/rokokofrack-silber-gold\/#primaryimage"},"thumbnailUrl":"https:\/\/www.kostuemebreuer.de\/english\/wp-content\/uploads\/sites\/6\/Rokokofrack-gold-silber.jpg","datePublished":"2017-01-03T14:32:25+00:00","dateModified":"2023-12-02T04:02:03+00:00","description":"Rokoko - Karneval in Venedig Outfit \u2013 Herren \u2013 Silber-Gold, bestehend aus einer goldbestickten Weste und einem wei\u00dfen Jabot, wahlweise erweiterbar mit einer Kniebundhose und einem Dreispitz (Paket 2), sowie einem R\u00fcschenhemd, Kniestr\u00fcmpfen und Schuhschleifen (Paket 3), als auch einem gold-silbernen Rokkokofrack mit aufw\u00e4ndigen Stickereien. (Paket 4)","breadcrumb":{"@id":"https:\/\/www.kostuemebreuer.de\/english\/produkt\/rokokofrack-silber-gold\/#breadcrumb"},"inLanguage":"en-GB","potentialAction":[{"@type":"ReadAction","target":["https:\/\/www.kostuemebreuer.de\/english\/produkt\/rokokofrack-silber-gold\/"]}]},{"@type":"ImageObject","inLanguage":"en-GB","@id":"https:\/\/www.kostuemebreuer.de\/english\/produkt\/rokokofrack-silber-gold\/#primaryimage","url":"https:\/\/www.kostuemebreuer.de\/english\/wp-content\/uploads\/sites\/6\/Rokokofrack-gold-silber.jpg","contentUrl":"https:\/\/www.kostuemebreuer.de\/english\/wp-content\/uploads\/sites\/6\/Rokokofrack-gold-silber.jpg","width":540,"height":960},{"@type":"BreadcrumbList","@id":"https:\/\/www.kostuemebreuer.de\/english\/produkt\/rokokofrack-silber-gold\/#breadcrumb","itemListElement":[{"@type":"ListItem","position":1,"name":"Startseite","item":"https:\/\/www.kostuemebreuer.de\/english\/"},{"@type":"ListItem","position":2,"name":"Kost\u00fcme","item":"https:\/\/www.kostuemebreuer.de\/english\/kostueme\/"},{"@type":"ListItem","position":3,"name":"Rokoko \u2013 Karneval in Venedig Outfit \u2013 Herren \u2013 Silber-Gold (Weste und Jabot)"}]},{"@type":"WebSite","@id":"https:\/\/www.kostuemebreuer.de\/english\/#website","url":"https:\/\/www.kostuemebreuer.de\/english\/","name":"Kost\u00fcme Breuer in M\u00fcnchen","description":"Kost\u00fcmverleih","publisher":{"@id":"https:\/\/www.kostuemebreuer.de\/english\/#organization"},"alternateName":"Kost\u00fcmverleih Breuer","potentialAction":[{"@type":"SearchAction","target":{"@type":"EntryPoint","urlTemplate":"https:\/\/www.kostuemebreuer.de\/english\/?s={search_term_string}"},"query-input":{"@type":"PropertyValueSpecification","valueRequired":true,"valueName":"search_term_string"}}],"inLanguage":"en-GB"},{"@type":"Organization","@id":"https:\/\/www.kostuemebreuer.de\/english\/#organization","name":"Kost\u00fcme Breuer in M\u00fcnchen","url":"https:\/\/www.kostuemebreuer.de\/english\/","logo":{"@type":"ImageObject","inLanguage":"en-GB","@id":"https:\/\/www.kostuemebreuer.de\/english\/#\/schema\/logo\/image\/","url":"https:\/\/www.kostuemebreuer.de\/english\/wp-content\/uploads\/sites\/6\/logo.svg","contentUrl":"https:\/\/www.kostuemebreuer.de\/english\/wp-content\/uploads\/sites\/6\/logo.svg","caption":"Kost\u00fcme Breuer in M\u00fcnchen"},"image":{"@id":"https:\/\/www.kostuemebreuer.de\/english\/#\/schema\/logo\/image\/"},"sameAs":["https:\/\/www.facebook.com\/Kostuemebreuer\/?locale=de_DE","https:\/\/www.instagram.com\/kostuemebreuer\/"]}]}},"acf":[],"_links":{"self":[{"href":"https:\/\/www.kostuemebreuer.de\/english\/wp-json\/wp\/v2\/product\/15543","targetHints":{"allow":["GET"]}}],"collection":[{"href":"https:\/\/www.kostuemebreuer.de\/english\/wp-json\/wp\/v2\/product"}],"about":[{"href":"https:\/\/www.kostuemebreuer.de\/english\/wp-json\/wp\/v2\/types\/product"}],"wp:featuredmedia":[{"embeddable":true,"href":"https:\/\/www.kostuemebreuer.de\/english\/wp-json\/wp\/v2\/media\/15544"}],"wp:attachment":[{"href":"https:\/\/www.kostuemebreuer.de\/english\/wp-json\/wp\/v2\/media?parent=15543"}],"wp:term":[{"taxonomy":"product_brand","embeddable":true,"href":"https:\/\/www.kostuemebreuer.de\/english\/wp-json\/wp\/v2\/product_brand?post=15543"},{"taxonomy":"product_cat","embeddable":true,"href":"https:\/\/www.kostuemebreuer.de\/english\/wp-json\/wp\/v2\/product_cat?post=15543"},{"taxonomy":"product_tag","embeddable":true,"href":"https:\/\/www.kostuemebreuer.de\/english\/wp-json\/wp\/v2\/product_tag?post=15543"}],"curies":[{"name":"wp","href":"https:\/\/api.w.org\/{rel}","templated":true}]}}