{"id":15531,"date":"2017-01-03T16:02:03","date_gmt":"2017-01-03T14:02:03","guid":{"rendered":"https:\/\/www.kostuemverleih.com\/?post_type=product&#038;p=15531"},"modified":"2024-01-23T12:48:42","modified_gmt":"2024-01-23T10:48:42","slug":"rokokokleid-8","status":"publish","type":"product","link":"https:\/\/www.kostuemebreuer.de\/english\/produkt\/rokokokleid-8\/","title":{"rendered":"Rokokokleid \u2013 Hofdame Outfit \u2013 Flieder (Kleid, Reifrock und Pompadur)"},"content":{"rendered":"<p>Rokokokleid \u2013 Ballkleid \u2013 Hofdame Outfit \u2013 Flieder, bestehend aus einem pomp\u00f6sen, fliederfarbenen Rokokokleid mit vielen R\u00fcschen verziert, einem Pompadur und einem Reifrock, wahlweise erweiterbar mit einem <strong>Cape, Armband und Kette<\/strong>. (Paket 2)<\/p>\n<p>Die Per\u00fccke (Kauf) kann separat dazu gebucht werden.<\/p>\n<p>&nbsp;<\/p>\n<p>&nbsp;<\/p>\n","protected":false},"excerpt":{"rendered":"<p>Rokokokleid \u2013 Ballkleid \u2013 Hofdame Outfit \u2013 Flieder, bestehend aus einem pomp\u00f6sen, fliederfarbenen Rokokokleid mit vielen R\u00fcschen verziert, einem Pompadur und einem Reifrock, wahlweise erweiterbar mit einem <strong>Cape, Armband und Kette<\/strong>. (Paket 2)<\/p>\n<p>Die Per\u00fccke (Kauf) kann separat dazu gebucht werden.<\/p>\n","protected":false},"featured_media":15532,"template":"","meta":{"_acf_changed":false},"product_brand":[],"product_cat":[34,200,251,125,29,41],"product_tag":[75,217,123,764],"class_list":{"0":"post-15531","1":"product","2":"type-product","3":"status-publish","4":"has-post-thumbnail","6":"product_cat-abendkleider","7":"product_cat-aussergewoehnlichesdamen","8":"product_cat-historisch","9":"product_cat-kleider","10":"product_cat-kostueme","11":"product_cat-masken","12":"product_tag-karneval-in-venedig","13":"product_tag-lila","14":"product_tag-rokoko","15":"product_tag-venedig","16":"product_shipping_class-versandklasse-3-mittel","17":"infinite-scroll-item","19":"first","20":"instock","21":"taxable","22":"shipping-taxable","23":"purchasable","24":"product-type-simple"},"yoast_head":"<!-- This site is optimized with the Yoast SEO plugin v27.2 - https:\/\/yoast.com\/product\/yoast-seo-wordpress\/ -->\n<title>Rokokokleid \u2013 Hofdame Outfit \u2013 Flieder (Kleid, Reifrock und Pompadur) - Costumes Breuer<\/title>\n<meta name=\"description\" content=\"Rokokokleid \u2013 Ballkleid \u2013 Hofdame Outfit \u2013 Flieder, bestehend aus einem pomp\u00f6sen, fliederfarbenen Rokokokleid mit vielen R\u00fcschen verziert, einem Pompadur und einem Reifrock, wahlweise erweiterbar mit einem Cape, Armband und Kette. (Paket 2) Die Per\u00fccke (Kauf) kann separat dazu gebucht werden.\" \/>\n<meta name=\"robots\" content=\"index, follow, max-snippet:-1, max-image-preview:large, max-video-preview:-1\" \/>\n<link rel=\"canonical\" href=\"https:\/\/www.kostuemebreuer.de\/english\/produkt\/rokokokleid-8\/\" \/>\n<meta property=\"og:locale\" content=\"en_GB\" \/>\n<meta property=\"og:type\" content=\"article\" \/>\n<meta property=\"og:title\" content=\"Rokokokleid \u2013 Hofdame Outfit \u2013 Flieder (Kleid, Reifrock und Pompadur) - Costumes Breuer\" \/>\n<meta property=\"og:description\" content=\"Rokokokleid \u2013 Ballkleid \u2013 Hofdame Outfit \u2013 Flieder, bestehend aus einem pomp\u00f6sen, fliederfarbenen Rokokokleid mit vielen R\u00fcschen verziert, einem Pompadur und einem Reifrock, wahlweise erweiterbar mit einem Cape, Armband und Kette. (Paket 2) Die Per\u00fccke (Kauf) kann separat dazu gebucht werden.\" \/>\n<meta property=\"og:url\" content=\"https:\/\/www.kostuemebreuer.de\/english\/produkt\/rokokokleid-8\/\" \/>\n<meta property=\"og:site_name\" content=\"Costumes Breuer\" \/>\n<meta property=\"article:publisher\" content=\"https:\/\/www.facebook.com\/Kostuemebreuer\/?locale=de_DE\" \/>\n<meta property=\"article:modified_time\" content=\"2024-01-23T10:48:42+00:00\" \/>\n<meta property=\"og:image\" content=\"https:\/\/www.kostuemebreuer.de\/english\/wp-content\/uploads\/sites\/6\/Rokoko-flieder.jpg\" \/>\n\t<meta property=\"og:image:width\" content=\"486\" \/>\n\t<meta property=\"og:image:height\" content=\"800\" \/>\n\t<meta property=\"og:image:type\" content=\"image\/jpeg\" \/>\n<meta name=\"twitter:card\" content=\"summary_large_image\" \/>\n<meta name=\"twitter:label1\" content=\"Estimated reading time\" \/>\n\t<meta name=\"twitter:data1\" content=\"1 minute\" \/>\n<script type=\"application\/ld+json\" class=\"yoast-schema-graph\">{\"@context\":\"https:\/\/schema.org\",\"@graph\":[{\"@type\":\"WebPage\",\"@id\":\"https:\/\/www.kostuemebreuer.de\/english\/produkt\/rokokokleid-8\/\",\"url\":\"https:\/\/www.kostuemebreuer.de\/english\/produkt\/rokokokleid-8\/\",\"name\":\"Rokokokleid \u2013 Hofdame Outfit \u2013 Flieder (Kleid, Reifrock und Pompadur) - Costumes Breuer\",\"isPartOf\":{\"@id\":\"https:\/\/www.kostuemebreuer.de\/english\/#website\"},\"primaryImageOfPage\":{\"@id\":\"https:\/\/www.kostuemebreuer.de\/english\/produkt\/rokokokleid-8\/#primaryimage\"},\"image\":{\"@id\":\"https:\/\/www.kostuemebreuer.de\/english\/produkt\/rokokokleid-8\/#primaryimage\"},\"thumbnailUrl\":\"https:\/\/www.kostuemebreuer.de\/english\/wp-content\/uploads\/sites\/6\/Rokoko-flieder.jpg\",\"datePublished\":\"2017-01-03T14:02:03+00:00\",\"dateModified\":\"2024-01-23T10:48:42+00:00\",\"description\":\"Rokokokleid \u2013 Ballkleid \u2013 Hofdame Outfit \u2013 Flieder, bestehend aus einem pomp\u00f6sen, fliederfarbenen Rokokokleid mit vielen R\u00fcschen verziert, einem Pompadur und einem Reifrock, wahlweise erweiterbar mit einem Cape, Armband und Kette. (Paket 2) Die Per\u00fccke (Kauf) kann separat dazu gebucht werden.\",\"breadcrumb\":{\"@id\":\"https:\/\/www.kostuemebreuer.de\/english\/produkt\/rokokokleid-8\/#breadcrumb\"},\"inLanguage\":\"en-GB\",\"potentialAction\":[{\"@type\":\"ReadAction\",\"target\":[\"https:\/\/www.kostuemebreuer.de\/english\/produkt\/rokokokleid-8\/\"]}]},{\"@type\":\"ImageObject\",\"inLanguage\":\"en-GB\",\"@id\":\"https:\/\/www.kostuemebreuer.de\/english\/produkt\/rokokokleid-8\/#primaryimage\",\"url\":\"https:\/\/www.kostuemebreuer.de\/english\/wp-content\/uploads\/sites\/6\/Rokoko-flieder.jpg\",\"contentUrl\":\"https:\/\/www.kostuemebreuer.de\/english\/wp-content\/uploads\/sites\/6\/Rokoko-flieder.jpg\",\"width\":486,\"height\":800},{\"@type\":\"BreadcrumbList\",\"@id\":\"https:\/\/www.kostuemebreuer.de\/english\/produkt\/rokokokleid-8\/#breadcrumb\",\"itemListElement\":[{\"@type\":\"ListItem\",\"position\":1,\"name\":\"Startseite\",\"item\":\"https:\/\/www.kostuemebreuer.de\/english\/\"},{\"@type\":\"ListItem\",\"position\":2,\"name\":\"Kost\u00fcme\",\"item\":\"https:\/\/www.kostuemebreuer.de\/english\/kostueme\/\"},{\"@type\":\"ListItem\",\"position\":3,\"name\":\"Rokokokleid \u2013 Hofdame Outfit \u2013 Flieder (Kleid, Reifrock und Pompadur)\"}]},{\"@type\":\"WebSite\",\"@id\":\"https:\/\/www.kostuemebreuer.de\/english\/#website\",\"url\":\"https:\/\/www.kostuemebreuer.de\/english\/\",\"name\":\"Kost\u00fcme Breuer in M\u00fcnchen\",\"description\":\"Kost\u00fcmverleih\",\"publisher\":{\"@id\":\"https:\/\/www.kostuemebreuer.de\/english\/#organization\"},\"alternateName\":\"Kost\u00fcmverleih Breuer\",\"potentialAction\":[{\"@type\":\"SearchAction\",\"target\":{\"@type\":\"EntryPoint\",\"urlTemplate\":\"https:\/\/www.kostuemebreuer.de\/english\/?s={search_term_string}\"},\"query-input\":{\"@type\":\"PropertyValueSpecification\",\"valueRequired\":true,\"valueName\":\"search_term_string\"}}],\"inLanguage\":\"en-GB\"},{\"@type\":\"Organization\",\"@id\":\"https:\/\/www.kostuemebreuer.de\/english\/#organization\",\"name\":\"Kost\u00fcme Breuer in M\u00fcnchen\",\"url\":\"https:\/\/www.kostuemebreuer.de\/english\/\",\"logo\":{\"@type\":\"ImageObject\",\"inLanguage\":\"en-GB\",\"@id\":\"https:\/\/www.kostuemebreuer.de\/english\/#\/schema\/logo\/image\/\",\"url\":\"https:\/\/www.kostuemebreuer.de\/english\/wp-content\/uploads\/sites\/6\/logo.svg\",\"contentUrl\":\"https:\/\/www.kostuemebreuer.de\/english\/wp-content\/uploads\/sites\/6\/logo.svg\",\"caption\":\"Kost\u00fcme Breuer in M\u00fcnchen\"},\"image\":{\"@id\":\"https:\/\/www.kostuemebreuer.de\/english\/#\/schema\/logo\/image\/\"},\"sameAs\":[\"https:\/\/www.facebook.com\/Kostuemebreuer\/?locale=de_DE\",\"https:\/\/www.instagram.com\/kostuemebreuer\/\"]}]}<\/script>\n<!-- \/ Yoast SEO plugin. -->","yoast_head_json":{"title":"Rokokokleid \u2013 Hofdame Outfit \u2013 Flieder (Kleid, Reifrock und Pompadur) - Costumes Breuer","description":"Rokokokleid \u2013 Ballkleid \u2013 Hofdame Outfit \u2013 Flieder, bestehend aus einem pomp\u00f6sen, fliederfarbenen Rokokokleid mit vielen R\u00fcschen verziert, einem Pompadur und einem Reifrock, wahlweise erweiterbar mit einem Cape, Armband und Kette. (Paket 2) Die Per\u00fccke (Kauf) kann separat dazu gebucht werden.","robots":{"index":"index","follow":"follow","max-snippet":"max-snippet:-1","max-image-preview":"max-image-preview:large","max-video-preview":"max-video-preview:-1"},"canonical":"https:\/\/www.kostuemebreuer.de\/english\/produkt\/rokokokleid-8\/","og_locale":"en_GB","og_type":"article","og_title":"Rokokokleid \u2013 Hofdame Outfit \u2013 Flieder (Kleid, Reifrock und Pompadur) - Costumes Breuer","og_description":"Rokokokleid \u2013 Ballkleid \u2013 Hofdame Outfit \u2013 Flieder, bestehend aus einem pomp\u00f6sen, fliederfarbenen Rokokokleid mit vielen R\u00fcschen verziert, einem Pompadur und einem Reifrock, wahlweise erweiterbar mit einem Cape, Armband und Kette. (Paket 2) Die Per\u00fccke (Kauf) kann separat dazu gebucht werden.","og_url":"https:\/\/www.kostuemebreuer.de\/english\/produkt\/rokokokleid-8\/","og_site_name":"Costumes Breuer","article_publisher":"https:\/\/www.facebook.com\/Kostuemebreuer\/?locale=de_DE","article_modified_time":"2024-01-23T10:48:42+00:00","og_image":[{"width":486,"height":800,"url":"https:\/\/www.kostuemebreuer.de\/english\/wp-content\/uploads\/sites\/6\/Rokoko-flieder.jpg","type":"image\/jpeg"}],"twitter_card":"summary_large_image","twitter_misc":{"Estimated reading time":"1 minute"},"schema":{"@context":"https:\/\/schema.org","@graph":[{"@type":"WebPage","@id":"https:\/\/www.kostuemebreuer.de\/english\/produkt\/rokokokleid-8\/","url":"https:\/\/www.kostuemebreuer.de\/english\/produkt\/rokokokleid-8\/","name":"Rokokokleid \u2013 Hofdame Outfit \u2013 Flieder (Kleid, Reifrock und Pompadur) - Costumes Breuer","isPartOf":{"@id":"https:\/\/www.kostuemebreuer.de\/english\/#website"},"primaryImageOfPage":{"@id":"https:\/\/www.kostuemebreuer.de\/english\/produkt\/rokokokleid-8\/#primaryimage"},"image":{"@id":"https:\/\/www.kostuemebreuer.de\/english\/produkt\/rokokokleid-8\/#primaryimage"},"thumbnailUrl":"https:\/\/www.kostuemebreuer.de\/english\/wp-content\/uploads\/sites\/6\/Rokoko-flieder.jpg","datePublished":"2017-01-03T14:02:03+00:00","dateModified":"2024-01-23T10:48:42+00:00","description":"Rokokokleid \u2013 Ballkleid \u2013 Hofdame Outfit \u2013 Flieder, bestehend aus einem pomp\u00f6sen, fliederfarbenen Rokokokleid mit vielen R\u00fcschen verziert, einem Pompadur und einem Reifrock, wahlweise erweiterbar mit einem Cape, Armband und Kette. (Paket 2) Die Per\u00fccke (Kauf) kann separat dazu gebucht werden.","breadcrumb":{"@id":"https:\/\/www.kostuemebreuer.de\/english\/produkt\/rokokokleid-8\/#breadcrumb"},"inLanguage":"en-GB","potentialAction":[{"@type":"ReadAction","target":["https:\/\/www.kostuemebreuer.de\/english\/produkt\/rokokokleid-8\/"]}]},{"@type":"ImageObject","inLanguage":"en-GB","@id":"https:\/\/www.kostuemebreuer.de\/english\/produkt\/rokokokleid-8\/#primaryimage","url":"https:\/\/www.kostuemebreuer.de\/english\/wp-content\/uploads\/sites\/6\/Rokoko-flieder.jpg","contentUrl":"https:\/\/www.kostuemebreuer.de\/english\/wp-content\/uploads\/sites\/6\/Rokoko-flieder.jpg","width":486,"height":800},{"@type":"BreadcrumbList","@id":"https:\/\/www.kostuemebreuer.de\/english\/produkt\/rokokokleid-8\/#breadcrumb","itemListElement":[{"@type":"ListItem","position":1,"name":"Startseite","item":"https:\/\/www.kostuemebreuer.de\/english\/"},{"@type":"ListItem","position":2,"name":"Kost\u00fcme","item":"https:\/\/www.kostuemebreuer.de\/english\/kostueme\/"},{"@type":"ListItem","position":3,"name":"Rokokokleid \u2013 Hofdame Outfit \u2013 Flieder (Kleid, Reifrock und Pompadur)"}]},{"@type":"WebSite","@id":"https:\/\/www.kostuemebreuer.de\/english\/#website","url":"https:\/\/www.kostuemebreuer.de\/english\/","name":"Kost\u00fcme Breuer in M\u00fcnchen","description":"Kost\u00fcmverleih","publisher":{"@id":"https:\/\/www.kostuemebreuer.de\/english\/#organization"},"alternateName":"Kost\u00fcmverleih Breuer","potentialAction":[{"@type":"SearchAction","target":{"@type":"EntryPoint","urlTemplate":"https:\/\/www.kostuemebreuer.de\/english\/?s={search_term_string}"},"query-input":{"@type":"PropertyValueSpecification","valueRequired":true,"valueName":"search_term_string"}}],"inLanguage":"en-GB"},{"@type":"Organization","@id":"https:\/\/www.kostuemebreuer.de\/english\/#organization","name":"Kost\u00fcme Breuer in M\u00fcnchen","url":"https:\/\/www.kostuemebreuer.de\/english\/","logo":{"@type":"ImageObject","inLanguage":"en-GB","@id":"https:\/\/www.kostuemebreuer.de\/english\/#\/schema\/logo\/image\/","url":"https:\/\/www.kostuemebreuer.de\/english\/wp-content\/uploads\/sites\/6\/logo.svg","contentUrl":"https:\/\/www.kostuemebreuer.de\/english\/wp-content\/uploads\/sites\/6\/logo.svg","caption":"Kost\u00fcme Breuer in M\u00fcnchen"},"image":{"@id":"https:\/\/www.kostuemebreuer.de\/english\/#\/schema\/logo\/image\/"},"sameAs":["https:\/\/www.facebook.com\/Kostuemebreuer\/?locale=de_DE","https:\/\/www.instagram.com\/kostuemebreuer\/"]}]}},"acf":[],"_links":{"self":[{"href":"https:\/\/www.kostuemebreuer.de\/english\/wp-json\/wp\/v2\/product\/15531","targetHints":{"allow":["GET"]}}],"collection":[{"href":"https:\/\/www.kostuemebreuer.de\/english\/wp-json\/wp\/v2\/product"}],"about":[{"href":"https:\/\/www.kostuemebreuer.de\/english\/wp-json\/wp\/v2\/types\/product"}],"wp:featuredmedia":[{"embeddable":true,"href":"https:\/\/www.kostuemebreuer.de\/english\/wp-json\/wp\/v2\/media\/15532"}],"wp:attachment":[{"href":"https:\/\/www.kostuemebreuer.de\/english\/wp-json\/wp\/v2\/media?parent=15531"}],"wp:term":[{"taxonomy":"product_brand","embeddable":true,"href":"https:\/\/www.kostuemebreuer.de\/english\/wp-json\/wp\/v2\/product_brand?post=15531"},{"taxonomy":"product_cat","embeddable":true,"href":"https:\/\/www.kostuemebreuer.de\/english\/wp-json\/wp\/v2\/product_cat?post=15531"},{"taxonomy":"product_tag","embeddable":true,"href":"https:\/\/www.kostuemebreuer.de\/english\/wp-json\/wp\/v2\/product_tag?post=15531"}],"curies":[{"name":"wp","href":"https:\/\/api.w.org\/{rel}","templated":true}]}}