{"id":14394,"date":"2016-10-26T18:16:26","date_gmt":"2016-10-26T16:16:26","guid":{"rendered":"https:\/\/www.kostuemverleih.com\/en\/?post_type=product&#038;p=14394"},"modified":"2023-12-02T06:01:55","modified_gmt":"2023-12-02T04:01:55","slug":"englische-palastwache-3","status":"publish","type":"product","link":"https:\/\/www.kostuemebreuer.de\/english\/produkt\/englische-palastwache-3\/","title":{"rendered":"Palastwache &#8211; Englisch Outfit (Uniformjacke und Koppel)"},"content":{"rendered":"<p>Palastwache &#8211; Englisch Outfit, bestehend aus einer Uniformjacke und Koppel, wahlweise erweiterbar mit Hose und B\u00e4renfellm\u00fctze. (Paket 2)<\/p>\n<p>Das Gewehr kann separat dazu gebucht werden. Bei Versand mit Gewehr erh\u00f6hen sich die Versandkosten.<\/p>\n","protected":false},"excerpt":{"rendered":"<p>Palastwache &#8211; Englisch Outfit, bestehend aus einer Uniformjacke und Koppel, wahlweise erweiterbar mit <strong>Hose und B\u00e4renfellm\u00fctze<\/strong>. (Paket 2)<\/p>\n<p>Das Gewehr kann separat dazu gebucht werden. Bei Versand mit Gewehr erh\u00f6hen sich die Versandkosten.<\/p>\n","protected":false},"featured_media":18988,"template":"","meta":{"_acf_changed":false},"product_brand":[],"product_cat":[97,29],"product_tag":[63,25],"class_list":{"0":"post-14394","1":"product","2":"type-product","3":"status-publish","4":"has-post-thumbnail","6":"product_cat-fasching","7":"product_cat-kostueme","8":"product_tag-rot","9":"product_tag-uniformen","10":"product_shipping_class-versandklasse-2","11":"infinite-scroll-item","13":"first","14":"instock","15":"taxable","16":"shipping-taxable","17":"purchasable","18":"product-type-simple"},"yoast_head":"<!-- This site is optimized with the Yoast SEO plugin v27.2 - https:\/\/yoast.com\/product\/yoast-seo-wordpress\/ -->\n<title>Palastwache - Englisch Outfit (Uniformjacke und Koppel) - Costumes Breuer<\/title>\n<meta name=\"description\" content=\"Palastwache - Englisch Outfit, bestehend aus einer Uniformjacke und Koppel, wahlweise erweiterbar mit Hose und B\u00e4renfellm\u00fctze. (Paket 2) Das Gewehr kann separat dazu gebucht werden. Bei Versand mit Gewehr erh\u00f6hen sich die Versandkosten.\" \/>\n<meta name=\"robots\" content=\"index, follow, max-snippet:-1, max-image-preview:large, max-video-preview:-1\" \/>\n<link rel=\"canonical\" href=\"https:\/\/www.kostuemebreuer.de\/english\/produkt\/englische-palastwache-3\/\" \/>\n<meta property=\"og:locale\" content=\"en_GB\" \/>\n<meta property=\"og:type\" content=\"article\" \/>\n<meta property=\"og:title\" content=\"Palastwache - Englisch Outfit (Uniformjacke und Koppel) - Costumes Breuer\" \/>\n<meta property=\"og:description\" content=\"Palastwache - Englisch Outfit, bestehend aus einer Uniformjacke und Koppel, wahlweise erweiterbar mit Hose und B\u00e4renfellm\u00fctze. (Paket 2) Das Gewehr kann separat dazu gebucht werden. Bei Versand mit Gewehr erh\u00f6hen sich die Versandkosten.\" \/>\n<meta property=\"og:url\" content=\"https:\/\/www.kostuemebreuer.de\/english\/produkt\/englische-palastwache-3\/\" \/>\n<meta property=\"og:site_name\" content=\"Costumes Breuer\" \/>\n<meta property=\"article:publisher\" content=\"https:\/\/www.facebook.com\/Kostuemebreuer\/?locale=de_DE\" \/>\n<meta property=\"article:modified_time\" content=\"2023-12-02T04:01:55+00:00\" \/>\n<meta property=\"og:image\" content=\"https:\/\/www.kostuemebreuer.de\/english\/wp-content\/uploads\/sites\/6\/Englische-Palastwache.jpg\" \/>\n\t<meta property=\"og:image:width\" content=\"540\" \/>\n\t<meta property=\"og:image:height\" content=\"960\" \/>\n\t<meta property=\"og:image:type\" content=\"image\/jpeg\" \/>\n<meta name=\"twitter:card\" content=\"summary_large_image\" \/>\n<meta name=\"twitter:label1\" content=\"Estimated reading time\" \/>\n\t<meta name=\"twitter:data1\" content=\"1 minute\" \/>\n<script type=\"application\/ld+json\" class=\"yoast-schema-graph\">{\"@context\":\"https:\/\/schema.org\",\"@graph\":[{\"@type\":\"WebPage\",\"@id\":\"https:\/\/www.kostuemebreuer.de\/english\/produkt\/englische-palastwache-3\/\",\"url\":\"https:\/\/www.kostuemebreuer.de\/english\/produkt\/englische-palastwache-3\/\",\"name\":\"Palastwache - Englisch Outfit (Uniformjacke und Koppel) - Costumes Breuer\",\"isPartOf\":{\"@id\":\"https:\/\/www.kostuemebreuer.de\/english\/#website\"},\"primaryImageOfPage\":{\"@id\":\"https:\/\/www.kostuemebreuer.de\/english\/produkt\/englische-palastwache-3\/#primaryimage\"},\"image\":{\"@id\":\"https:\/\/www.kostuemebreuer.de\/english\/produkt\/englische-palastwache-3\/#primaryimage\"},\"thumbnailUrl\":\"https:\/\/www.kostuemebreuer.de\/english\/wp-content\/uploads\/sites\/6\/Englische-Palastwache.jpg\",\"datePublished\":\"2016-10-26T16:16:26+00:00\",\"dateModified\":\"2023-12-02T04:01:55+00:00\",\"description\":\"Palastwache - Englisch Outfit, bestehend aus einer Uniformjacke und Koppel, wahlweise erweiterbar mit Hose und B\u00e4renfellm\u00fctze. (Paket 2) Das Gewehr kann separat dazu gebucht werden. Bei Versand mit Gewehr erh\u00f6hen sich die Versandkosten.\",\"breadcrumb\":{\"@id\":\"https:\/\/www.kostuemebreuer.de\/english\/produkt\/englische-palastwache-3\/#breadcrumb\"},\"inLanguage\":\"en-GB\",\"potentialAction\":[{\"@type\":\"ReadAction\",\"target\":[\"https:\/\/www.kostuemebreuer.de\/english\/produkt\/englische-palastwache-3\/\"]}]},{\"@type\":\"ImageObject\",\"inLanguage\":\"en-GB\",\"@id\":\"https:\/\/www.kostuemebreuer.de\/english\/produkt\/englische-palastwache-3\/#primaryimage\",\"url\":\"https:\/\/www.kostuemebreuer.de\/english\/wp-content\/uploads\/sites\/6\/Englische-Palastwache.jpg\",\"contentUrl\":\"https:\/\/www.kostuemebreuer.de\/english\/wp-content\/uploads\/sites\/6\/Englische-Palastwache.jpg\",\"width\":540,\"height\":960},{\"@type\":\"BreadcrumbList\",\"@id\":\"https:\/\/www.kostuemebreuer.de\/english\/produkt\/englische-palastwache-3\/#breadcrumb\",\"itemListElement\":[{\"@type\":\"ListItem\",\"position\":1,\"name\":\"Startseite\",\"item\":\"https:\/\/www.kostuemebreuer.de\/english\/\"},{\"@type\":\"ListItem\",\"position\":2,\"name\":\"Kost\u00fcme\",\"item\":\"https:\/\/www.kostuemebreuer.de\/english\/kostueme\/\"},{\"@type\":\"ListItem\",\"position\":3,\"name\":\"Palastwache &#8211; Englisch Outfit (Uniformjacke und Koppel)\"}]},{\"@type\":\"WebSite\",\"@id\":\"https:\/\/www.kostuemebreuer.de\/english\/#website\",\"url\":\"https:\/\/www.kostuemebreuer.de\/english\/\",\"name\":\"Kost\u00fcme Breuer in M\u00fcnchen\",\"description\":\"Kost\u00fcmverleih\",\"publisher\":{\"@id\":\"https:\/\/www.kostuemebreuer.de\/english\/#organization\"},\"alternateName\":\"Kost\u00fcmverleih Breuer\",\"potentialAction\":[{\"@type\":\"SearchAction\",\"target\":{\"@type\":\"EntryPoint\",\"urlTemplate\":\"https:\/\/www.kostuemebreuer.de\/english\/?s={search_term_string}\"},\"query-input\":{\"@type\":\"PropertyValueSpecification\",\"valueRequired\":true,\"valueName\":\"search_term_string\"}}],\"inLanguage\":\"en-GB\"},{\"@type\":\"Organization\",\"@id\":\"https:\/\/www.kostuemebreuer.de\/english\/#organization\",\"name\":\"Kost\u00fcme Breuer in M\u00fcnchen\",\"url\":\"https:\/\/www.kostuemebreuer.de\/english\/\",\"logo\":{\"@type\":\"ImageObject\",\"inLanguage\":\"en-GB\",\"@id\":\"https:\/\/www.kostuemebreuer.de\/english\/#\/schema\/logo\/image\/\",\"url\":\"https:\/\/www.kostuemebreuer.de\/english\/wp-content\/uploads\/sites\/6\/logo.svg\",\"contentUrl\":\"https:\/\/www.kostuemebreuer.de\/english\/wp-content\/uploads\/sites\/6\/logo.svg\",\"caption\":\"Kost\u00fcme Breuer in M\u00fcnchen\"},\"image\":{\"@id\":\"https:\/\/www.kostuemebreuer.de\/english\/#\/schema\/logo\/image\/\"},\"sameAs\":[\"https:\/\/www.facebook.com\/Kostuemebreuer\/?locale=de_DE\",\"https:\/\/www.instagram.com\/kostuemebreuer\/\"]}]}<\/script>\n<!-- \/ Yoast SEO plugin. -->","yoast_head_json":{"title":"Palastwache - Englisch Outfit (Uniformjacke und Koppel) - Costumes Breuer","description":"Palastwache - Englisch Outfit, bestehend aus einer Uniformjacke und Koppel, wahlweise erweiterbar mit Hose und B\u00e4renfellm\u00fctze. (Paket 2) Das Gewehr kann separat dazu gebucht werden. Bei Versand mit Gewehr erh\u00f6hen sich die Versandkosten.","robots":{"index":"index","follow":"follow","max-snippet":"max-snippet:-1","max-image-preview":"max-image-preview:large","max-video-preview":"max-video-preview:-1"},"canonical":"https:\/\/www.kostuemebreuer.de\/english\/produkt\/englische-palastwache-3\/","og_locale":"en_GB","og_type":"article","og_title":"Palastwache - Englisch Outfit (Uniformjacke und Koppel) - Costumes Breuer","og_description":"Palastwache - Englisch Outfit, bestehend aus einer Uniformjacke und Koppel, wahlweise erweiterbar mit Hose und B\u00e4renfellm\u00fctze. (Paket 2) Das Gewehr kann separat dazu gebucht werden. Bei Versand mit Gewehr erh\u00f6hen sich die Versandkosten.","og_url":"https:\/\/www.kostuemebreuer.de\/english\/produkt\/englische-palastwache-3\/","og_site_name":"Costumes Breuer","article_publisher":"https:\/\/www.facebook.com\/Kostuemebreuer\/?locale=de_DE","article_modified_time":"2023-12-02T04:01:55+00:00","og_image":[{"width":540,"height":960,"url":"https:\/\/www.kostuemebreuer.de\/english\/wp-content\/uploads\/sites\/6\/Englische-Palastwache.jpg","type":"image\/jpeg"}],"twitter_card":"summary_large_image","twitter_misc":{"Estimated reading time":"1 minute"},"schema":{"@context":"https:\/\/schema.org","@graph":[{"@type":"WebPage","@id":"https:\/\/www.kostuemebreuer.de\/english\/produkt\/englische-palastwache-3\/","url":"https:\/\/www.kostuemebreuer.de\/english\/produkt\/englische-palastwache-3\/","name":"Palastwache - Englisch Outfit (Uniformjacke und Koppel) - Costumes Breuer","isPartOf":{"@id":"https:\/\/www.kostuemebreuer.de\/english\/#website"},"primaryImageOfPage":{"@id":"https:\/\/www.kostuemebreuer.de\/english\/produkt\/englische-palastwache-3\/#primaryimage"},"image":{"@id":"https:\/\/www.kostuemebreuer.de\/english\/produkt\/englische-palastwache-3\/#primaryimage"},"thumbnailUrl":"https:\/\/www.kostuemebreuer.de\/english\/wp-content\/uploads\/sites\/6\/Englische-Palastwache.jpg","datePublished":"2016-10-26T16:16:26+00:00","dateModified":"2023-12-02T04:01:55+00:00","description":"Palastwache - Englisch Outfit, bestehend aus einer Uniformjacke und Koppel, wahlweise erweiterbar mit Hose und B\u00e4renfellm\u00fctze. (Paket 2) Das Gewehr kann separat dazu gebucht werden. Bei Versand mit Gewehr erh\u00f6hen sich die Versandkosten.","breadcrumb":{"@id":"https:\/\/www.kostuemebreuer.de\/english\/produkt\/englische-palastwache-3\/#breadcrumb"},"inLanguage":"en-GB","potentialAction":[{"@type":"ReadAction","target":["https:\/\/www.kostuemebreuer.de\/english\/produkt\/englische-palastwache-3\/"]}]},{"@type":"ImageObject","inLanguage":"en-GB","@id":"https:\/\/www.kostuemebreuer.de\/english\/produkt\/englische-palastwache-3\/#primaryimage","url":"https:\/\/www.kostuemebreuer.de\/english\/wp-content\/uploads\/sites\/6\/Englische-Palastwache.jpg","contentUrl":"https:\/\/www.kostuemebreuer.de\/english\/wp-content\/uploads\/sites\/6\/Englische-Palastwache.jpg","width":540,"height":960},{"@type":"BreadcrumbList","@id":"https:\/\/www.kostuemebreuer.de\/english\/produkt\/englische-palastwache-3\/#breadcrumb","itemListElement":[{"@type":"ListItem","position":1,"name":"Startseite","item":"https:\/\/www.kostuemebreuer.de\/english\/"},{"@type":"ListItem","position":2,"name":"Kost\u00fcme","item":"https:\/\/www.kostuemebreuer.de\/english\/kostueme\/"},{"@type":"ListItem","position":3,"name":"Palastwache &#8211; Englisch Outfit (Uniformjacke und Koppel)"}]},{"@type":"WebSite","@id":"https:\/\/www.kostuemebreuer.de\/english\/#website","url":"https:\/\/www.kostuemebreuer.de\/english\/","name":"Kost\u00fcme Breuer in M\u00fcnchen","description":"Kost\u00fcmverleih","publisher":{"@id":"https:\/\/www.kostuemebreuer.de\/english\/#organization"},"alternateName":"Kost\u00fcmverleih Breuer","potentialAction":[{"@type":"SearchAction","target":{"@type":"EntryPoint","urlTemplate":"https:\/\/www.kostuemebreuer.de\/english\/?s={search_term_string}"},"query-input":{"@type":"PropertyValueSpecification","valueRequired":true,"valueName":"search_term_string"}}],"inLanguage":"en-GB"},{"@type":"Organization","@id":"https:\/\/www.kostuemebreuer.de\/english\/#organization","name":"Kost\u00fcme Breuer in M\u00fcnchen","url":"https:\/\/www.kostuemebreuer.de\/english\/","logo":{"@type":"ImageObject","inLanguage":"en-GB","@id":"https:\/\/www.kostuemebreuer.de\/english\/#\/schema\/logo\/image\/","url":"https:\/\/www.kostuemebreuer.de\/english\/wp-content\/uploads\/sites\/6\/logo.svg","contentUrl":"https:\/\/www.kostuemebreuer.de\/english\/wp-content\/uploads\/sites\/6\/logo.svg","caption":"Kost\u00fcme Breuer in M\u00fcnchen"},"image":{"@id":"https:\/\/www.kostuemebreuer.de\/english\/#\/schema\/logo\/image\/"},"sameAs":["https:\/\/www.facebook.com\/Kostuemebreuer\/?locale=de_DE","https:\/\/www.instagram.com\/kostuemebreuer\/"]}]}},"acf":[],"_links":{"self":[{"href":"https:\/\/www.kostuemebreuer.de\/english\/wp-json\/wp\/v2\/product\/14394","targetHints":{"allow":["GET"]}}],"collection":[{"href":"https:\/\/www.kostuemebreuer.de\/english\/wp-json\/wp\/v2\/product"}],"about":[{"href":"https:\/\/www.kostuemebreuer.de\/english\/wp-json\/wp\/v2\/types\/product"}],"wp:featuredmedia":[{"embeddable":true,"href":"https:\/\/www.kostuemebreuer.de\/english\/wp-json\/wp\/v2\/media\/18988"}],"wp:attachment":[{"href":"https:\/\/www.kostuemebreuer.de\/english\/wp-json\/wp\/v2\/media?parent=14394"}],"wp:term":[{"taxonomy":"product_brand","embeddable":true,"href":"https:\/\/www.kostuemebreuer.de\/english\/wp-json\/wp\/v2\/product_brand?post=14394"},{"taxonomy":"product_cat","embeddable":true,"href":"https:\/\/www.kostuemebreuer.de\/english\/wp-json\/wp\/v2\/product_cat?post=14394"},{"taxonomy":"product_tag","embeddable":true,"href":"https:\/\/www.kostuemebreuer.de\/english\/wp-json\/wp\/v2\/product_tag?post=14394"}],"curies":[{"name":"wp","href":"https:\/\/api.w.org\/{rel}","templated":true}]}}