{"id":93,"date":"2015-10-06T09:37:24","date_gmt":"2015-10-06T07:37:24","guid":{"rendered":"http:\/\/kostuemverleih.com\/?page_id=93"},"modified":"2024-11-23T14:12:23","modified_gmt":"2024-11-23T12:12:23","slug":"general","status":"publish","type":"page","link":"https:\/\/www.kostuemebreuer.de\/english\/menswear\/general\/","title":{"rendered":"General"},"content":{"rendered":"<p>From graduation ball to company event or award ceremony, from Wiener Opernball to wedding, with us you will not only find the fitting attire but also expert advices that leaves no wish or question unanswered.<br \/>\nWe offer suits, morning dresses, dinner jackets and tail coats from leading German brands with matching accessories including high quality top hats. Also available for rent or purchase are unusual models in various colours or even sequined.<br \/>\nOur selection includes children&#8217;s tail coats, plus sizes and a sufficient number of items for an entire wedding party and other large events.<br \/>\nTo ensure an optimal fit we individually customise waist size, trouser length and sleeve length in a fitting.<\/p>\n<p><strong>Suit<\/strong><\/p>\n<p>Jacket and trousers are combined with a white shirt, matching waistcoat and plain tie or bow tie. You can choose between classic black, white, grey or pinstripe.<\/p>\n<p style=\"text-align: center\"><strong>Rental Charge:<\/strong><\/p>\n<p style=\"text-align: center\">Jacket and trousers 100,00 \u20ac<br \/>\nShirt 25,00 \u20ac<br \/>\nWaistcoat 35,00 \u20ac<br \/>\nTie 10,00 \u20ac<\/p>\n<p style=\"text-align: center\"><strong>Purchase Price<\/strong> 280-380\u20ac<\/p>\n<p style=\"text-align: center\"><img loading=\"lazy\" decoding=\"async\" class=\"herrenmode_img aligncenter\" src=\"http:\/\/kostuemverleih.com\/wp-content\/uploads\/anzug_1.jpg\" alt=\"\" width=\"600\" height=\"120\" \/><\/p>\n<p><strong>tuxedo<\/strong><\/p>\n<p>Also called &#8220;black tie\u201c, the dinner jacket is the classic evening attire from 6.00 pm onwards. It consists of dinner jacket and trousers made from light wool, a white dress shirt of pure cotton with stand-up collar, bow tie and matching cummerbund or waistcoat. The classic colour is black but we also offer different colours to match the lady&#8217;s dress as well as cufflinks, breast pocket handkerchief and patent-leather shoes. A combination with a cream coloured dinner jacket is possible as well for example for a summerly get together.<\/p>\n<p style=\"text-align: center\"><strong>Rental Charge:<\/strong><\/p>\n<p style=\"text-align: center\">Jacket and trousers 120,00 \u20ac<br \/>\nShirt 28,00 \u20ac<br \/>\nCummerbund and Bow Tie 28,00 \u20ac<br \/>\npatent leather shoes 40,00 \u20ac<\/p>\n<p style=\"text-align: center\"><strong>Purchase price:<\/strong> 280-680\u20ac<\/p>\n<p><img loading=\"lazy\" decoding=\"async\" class=\"herrenmode_img aligncenter\" src=\"http:\/\/kostuemverleih.com\/wp-content\/uploads\/smoking_1.jpg\" alt=\"\" width=\"600\" height=\"120\" \/><\/p>\n<p><strong>Morning dress\/Cutaway<\/strong><\/p>\n<p>the most formal attire, worn during the day until about 6 pm. Mainly used for weddings and receptions, in England also worn at horse races.Combined with pinstripe trousers and a single-breasted silver grey waistcoat made from wool. The Ascot tie in a matching colour, a dress shirt with stand-up collar and French cuffs made from pure cotton complete the morning dress. For colourful effect we also offer a selection of waistcoats and Ascot ties of pure silk in various hues. The light grey top hat rounds off the outfit. As an alternative, silver morning dresses are available.<\/p>\n<p style=\"text-align: center\"><strong>Rental charge:<\/strong><\/p>\n<p style=\"text-align: center\">Jacket with waistcoat and trousers 210,00 \u20ac<br \/>\nShirt 30,00 \u20ac<br \/>\nAscot tie 35,00 \u20ac<br \/>\nTop hat 40,00 \u20ac<\/p>\n<p style=\"text-align: center\">Purchase Price: 480-1200\u20ac<\/p>\n<p><img loading=\"lazy\" decoding=\"async\" class=\"herrenmode_img aligncenter\" src=\"http:\/\/kostuemverleih.com\/wp-content\/uploads\/cut1_1.jpg\" alt=\"\" width=\"600\" height=\"120\" \/><\/p>\n<p><strong>Tail coat<\/strong><\/p>\n<p>Also called &#8220;white tie\u201c, the tail coat is mainly worn to formal events. It consists of tail coat trousers with two stripes of silk braiding sewn on the side seam of pure new wool and a black double-breasted tail coat jacket that has a peak lapel with silk trimming.This is combined with a stand-up collar white cotton dress shirt with a waffle piqu\u00e9 front. Bow tie and waistcoat are made from white waffle piqu\u00e9 as well. The waistcoat has a slender shawl lapel and an open back. A tail coat is also worn with patent-leather shoes. A black silk top hat, a white scarf and an evening cloak complete the ensemble.<\/p>\n<p style=\"text-align: center\"><strong>Rental price:<\/strong><\/p>\n<p style=\"text-align: center\">Jacket with waistcoat and trousers 210,00 \u20ac<br \/>\nShirt 30,00 \u20ac<br \/>\nAscot tie 35,00 \u20ac<br \/>\nTop hat 40,00 \u20ac<br \/>\nPatent-leather shoes 40,00 \u20ac<\/p>\n<p style=\"text-align: center\"><strong>Purchase price<\/strong> 580-1400\u20ac<\/p>\n<p><img loading=\"lazy\" decoding=\"async\" class=\"herrenmode_img aligncenter\" src=\"http:\/\/kostuemverleih.com\/wp-content\/uploads\/Frack_1.jpg\" alt=\"\" width=\"600\" height=\"120\" \/><\/p>\n","protected":false},"excerpt":{"rendered":"<p>From graduation ball to company event or award ceremony, from Wiener Opernball to wedding, with us you will not only &#8230; <a title=\"General\" class=\"read-more\" href=\"https:\/\/www.kostuemebreuer.de\/english\/menswear\/general\/\" aria-label=\"Read more about General\">Read more<\/a><\/p>\n","protected":false},"author":1,"featured_media":0,"parent":67,"menu_order":0,"comment_status":"closed","ping_status":"closed","template":"","meta":{"_acf_changed":false,"footnotes":""},"class_list":{"0":"post-93","1":"page","2":"type-page","3":"status-publish","5":"infinite-scroll-item"},"yoast_head":"<!-- This site is optimized with the Yoast SEO plugin v27.2 - https:\/\/yoast.com\/product\/yoast-seo-wordpress\/ -->\n<title>General - Costumes Breuer<\/title>\n<meta name=\"robots\" content=\"index, follow, max-snippet:-1, max-image-preview:large, max-video-preview:-1\" \/>\n<link rel=\"canonical\" href=\"https:\/\/www.kostuemebreuer.de\/english\/menswear\/general\/\" \/>\n<meta property=\"og:locale\" content=\"en_GB\" \/>\n<meta property=\"og:type\" content=\"article\" \/>\n<meta property=\"og:title\" content=\"General - Costumes Breuer\" \/>\n<meta property=\"og:description\" content=\"From graduation ball to company event or award ceremony, from Wiener Opernball to wedding, with us you will not only ... Read more\" \/>\n<meta property=\"og:url\" content=\"https:\/\/www.kostuemebreuer.de\/english\/menswear\/general\/\" \/>\n<meta property=\"og:site_name\" content=\"Costumes Breuer\" \/>\n<meta property=\"article:publisher\" content=\"https:\/\/www.facebook.com\/Kostuemebreuer\/?locale=de_DE\" \/>\n<meta property=\"article:modified_time\" content=\"2024-11-23T12:12:23+00:00\" \/>\n<meta property=\"og:image\" content=\"http:\/\/kostuemverleih.com\/wp-content\/uploads\/anzug_1.jpg\" \/>\n<meta name=\"twitter:card\" content=\"summary_large_image\" \/>\n<meta name=\"twitter:label1\" content=\"Estimated reading time\" \/>\n\t<meta name=\"twitter:data1\" content=\"4 minutes\" \/>\n<script type=\"application\/ld+json\" class=\"yoast-schema-graph\">{\"@context\":\"https:\/\/schema.org\",\"@graph\":[{\"@type\":\"WebPage\",\"@id\":\"https:\/\/www.kostuemebreuer.de\/english\/menswear\/general\/\",\"url\":\"https:\/\/www.kostuemebreuer.de\/english\/menswear\/general\/\",\"name\":\"General - Costumes Breuer\",\"isPartOf\":{\"@id\":\"https:\/\/www.kostuemebreuer.de\/english\/#website\"},\"primaryImageOfPage\":{\"@id\":\"https:\/\/www.kostuemebreuer.de\/english\/menswear\/general\/#primaryimage\"},\"image\":{\"@id\":\"https:\/\/www.kostuemebreuer.de\/english\/menswear\/general\/#primaryimage\"},\"thumbnailUrl\":\"http:\/\/kostuemverleih.com\/wp-content\/uploads\/anzug_1.jpg\",\"datePublished\":\"2015-10-06T07:37:24+00:00\",\"dateModified\":\"2024-11-23T12:12:23+00:00\",\"breadcrumb\":{\"@id\":\"https:\/\/www.kostuemebreuer.de\/english\/menswear\/general\/#breadcrumb\"},\"inLanguage\":\"en-GB\",\"potentialAction\":[{\"@type\":\"ReadAction\",\"target\":[\"https:\/\/www.kostuemebreuer.de\/english\/menswear\/general\/\"]}]},{\"@type\":\"ImageObject\",\"inLanguage\":\"en-GB\",\"@id\":\"https:\/\/www.kostuemebreuer.de\/english\/menswear\/general\/#primaryimage\",\"url\":\"http:\/\/kostuemverleih.com\/wp-content\/uploads\/anzug_1.jpg\",\"contentUrl\":\"http:\/\/kostuemverleih.com\/wp-content\/uploads\/anzug_1.jpg\"},{\"@type\":\"BreadcrumbList\",\"@id\":\"https:\/\/www.kostuemebreuer.de\/english\/menswear\/general\/#breadcrumb\",\"itemListElement\":[{\"@type\":\"ListItem\",\"position\":1,\"name\":\"Startseite\",\"item\":\"https:\/\/www.kostuemebreuer.de\/english\/\"},{\"@type\":\"ListItem\",\"position\":2,\"name\":\"Suit, Tuxedo, Cutaway, Tailcoat\",\"item\":\"https:\/\/www.kostuemebreuer.de\/english\/menswear\/\"},{\"@type\":\"ListItem\",\"position\":3,\"name\":\"General\"}]},{\"@type\":\"WebSite\",\"@id\":\"https:\/\/www.kostuemebreuer.de\/english\/#website\",\"url\":\"https:\/\/www.kostuemebreuer.de\/english\/\",\"name\":\"Kost\u00fcme Breuer in M\u00fcnchen\",\"description\":\"Kost\u00fcmverleih\",\"publisher\":{\"@id\":\"https:\/\/www.kostuemebreuer.de\/english\/#organization\"},\"alternateName\":\"Kost\u00fcmverleih Breuer\",\"potentialAction\":[{\"@type\":\"SearchAction\",\"target\":{\"@type\":\"EntryPoint\",\"urlTemplate\":\"https:\/\/www.kostuemebreuer.de\/english\/?s={search_term_string}\"},\"query-input\":{\"@type\":\"PropertyValueSpecification\",\"valueRequired\":true,\"valueName\":\"search_term_string\"}}],\"inLanguage\":\"en-GB\"},{\"@type\":\"Organization\",\"@id\":\"https:\/\/www.kostuemebreuer.de\/english\/#organization\",\"name\":\"Kost\u00fcme Breuer in M\u00fcnchen\",\"url\":\"https:\/\/www.kostuemebreuer.de\/english\/\",\"logo\":{\"@type\":\"ImageObject\",\"inLanguage\":\"en-GB\",\"@id\":\"https:\/\/www.kostuemebreuer.de\/english\/#\/schema\/logo\/image\/\",\"url\":\"https:\/\/www.kostuemebreuer.de\/english\/wp-content\/uploads\/sites\/6\/logo.svg\",\"contentUrl\":\"https:\/\/www.kostuemebreuer.de\/english\/wp-content\/uploads\/sites\/6\/logo.svg\",\"caption\":\"Kost\u00fcme Breuer in M\u00fcnchen\"},\"image\":{\"@id\":\"https:\/\/www.kostuemebreuer.de\/english\/#\/schema\/logo\/image\/\"},\"sameAs\":[\"https:\/\/www.facebook.com\/Kostuemebreuer\/?locale=de_DE\",\"https:\/\/www.instagram.com\/kostuemebreuer\/\"]}]}<\/script>\n<!-- \/ Yoast SEO plugin. -->","yoast_head_json":{"title":"General - Costumes Breuer","robots":{"index":"index","follow":"follow","max-snippet":"max-snippet:-1","max-image-preview":"max-image-preview:large","max-video-preview":"max-video-preview:-1"},"canonical":"https:\/\/www.kostuemebreuer.de\/english\/menswear\/general\/","og_locale":"en_GB","og_type":"article","og_title":"General - Costumes Breuer","og_description":"From graduation ball to company event or award ceremony, from Wiener Opernball to wedding, with us you will not only ... Read more","og_url":"https:\/\/www.kostuemebreuer.de\/english\/menswear\/general\/","og_site_name":"Costumes Breuer","article_publisher":"https:\/\/www.facebook.com\/Kostuemebreuer\/?locale=de_DE","article_modified_time":"2024-11-23T12:12:23+00:00","og_image":[{"url":"http:\/\/kostuemverleih.com\/wp-content\/uploads\/anzug_1.jpg","type":"","width":"","height":""}],"twitter_card":"summary_large_image","twitter_misc":{"Estimated reading time":"4 minutes"},"schema":{"@context":"https:\/\/schema.org","@graph":[{"@type":"WebPage","@id":"https:\/\/www.kostuemebreuer.de\/english\/menswear\/general\/","url":"https:\/\/www.kostuemebreuer.de\/english\/menswear\/general\/","name":"General - Costumes Breuer","isPartOf":{"@id":"https:\/\/www.kostuemebreuer.de\/english\/#website"},"primaryImageOfPage":{"@id":"https:\/\/www.kostuemebreuer.de\/english\/menswear\/general\/#primaryimage"},"image":{"@id":"https:\/\/www.kostuemebreuer.de\/english\/menswear\/general\/#primaryimage"},"thumbnailUrl":"http:\/\/kostuemverleih.com\/wp-content\/uploads\/anzug_1.jpg","datePublished":"2015-10-06T07:37:24+00:00","dateModified":"2024-11-23T12:12:23+00:00","breadcrumb":{"@id":"https:\/\/www.kostuemebreuer.de\/english\/menswear\/general\/#breadcrumb"},"inLanguage":"en-GB","potentialAction":[{"@type":"ReadAction","target":["https:\/\/www.kostuemebreuer.de\/english\/menswear\/general\/"]}]},{"@type":"ImageObject","inLanguage":"en-GB","@id":"https:\/\/www.kostuemebreuer.de\/english\/menswear\/general\/#primaryimage","url":"http:\/\/kostuemverleih.com\/wp-content\/uploads\/anzug_1.jpg","contentUrl":"http:\/\/kostuemverleih.com\/wp-content\/uploads\/anzug_1.jpg"},{"@type":"BreadcrumbList","@id":"https:\/\/www.kostuemebreuer.de\/english\/menswear\/general\/#breadcrumb","itemListElement":[{"@type":"ListItem","position":1,"name":"Startseite","item":"https:\/\/www.kostuemebreuer.de\/english\/"},{"@type":"ListItem","position":2,"name":"Suit, Tuxedo, Cutaway, Tailcoat","item":"https:\/\/www.kostuemebreuer.de\/english\/menswear\/"},{"@type":"ListItem","position":3,"name":"General"}]},{"@type":"WebSite","@id":"https:\/\/www.kostuemebreuer.de\/english\/#website","url":"https:\/\/www.kostuemebreuer.de\/english\/","name":"Kost\u00fcme Breuer in M\u00fcnchen","description":"Kost\u00fcmverleih","publisher":{"@id":"https:\/\/www.kostuemebreuer.de\/english\/#organization"},"alternateName":"Kost\u00fcmverleih Breuer","potentialAction":[{"@type":"SearchAction","target":{"@type":"EntryPoint","urlTemplate":"https:\/\/www.kostuemebreuer.de\/english\/?s={search_term_string}"},"query-input":{"@type":"PropertyValueSpecification","valueRequired":true,"valueName":"search_term_string"}}],"inLanguage":"en-GB"},{"@type":"Organization","@id":"https:\/\/www.kostuemebreuer.de\/english\/#organization","name":"Kost\u00fcme Breuer in M\u00fcnchen","url":"https:\/\/www.kostuemebreuer.de\/english\/","logo":{"@type":"ImageObject","inLanguage":"en-GB","@id":"https:\/\/www.kostuemebreuer.de\/english\/#\/schema\/logo\/image\/","url":"https:\/\/www.kostuemebreuer.de\/english\/wp-content\/uploads\/sites\/6\/logo.svg","contentUrl":"https:\/\/www.kostuemebreuer.de\/english\/wp-content\/uploads\/sites\/6\/logo.svg","caption":"Kost\u00fcme Breuer in M\u00fcnchen"},"image":{"@id":"https:\/\/www.kostuemebreuer.de\/english\/#\/schema\/logo\/image\/"},"sameAs":["https:\/\/www.facebook.com\/Kostuemebreuer\/?locale=de_DE","https:\/\/www.instagram.com\/kostuemebreuer\/"]}]}},"acf":[],"_links":{"self":[{"href":"https:\/\/www.kostuemebreuer.de\/english\/wp-json\/wp\/v2\/pages\/93","targetHints":{"allow":["GET"]}}],"collection":[{"href":"https:\/\/www.kostuemebreuer.de\/english\/wp-json\/wp\/v2\/pages"}],"about":[{"href":"https:\/\/www.kostuemebreuer.de\/english\/wp-json\/wp\/v2\/types\/page"}],"author":[{"embeddable":true,"href":"https:\/\/www.kostuemebreuer.de\/english\/wp-json\/wp\/v2\/users\/1"}],"replies":[{"embeddable":true,"href":"https:\/\/www.kostuemebreuer.de\/english\/wp-json\/wp\/v2\/comments?post=93"}],"version-history":[{"count":10,"href":"https:\/\/www.kostuemebreuer.de\/english\/wp-json\/wp\/v2\/pages\/93\/revisions"}],"predecessor-version":[{"id":24202,"href":"https:\/\/www.kostuemebreuer.de\/english\/wp-json\/wp\/v2\/pages\/93\/revisions\/24202"}],"up":[{"embeddable":true,"href":"https:\/\/www.kostuemebreuer.de\/english\/wp-json\/wp\/v2\/pages\/67"}],"wp:attachment":[{"href":"https:\/\/www.kostuemebreuer.de\/english\/wp-json\/wp\/v2\/media?parent=93"}],"curies":[{"name":"wp","href":"https:\/\/api.w.org\/{rel}","templated":true}]}}