{"id":7393,"date":"2016-05-09T17:46:09","date_gmt":"2016-05-09T15:46:09","guid":{"rendered":"https:\/\/www.kostuemverleih.com\/en\/?page_id=7393"},"modified":"2016-06-29T15:17:38","modified_gmt":"2016-06-29T13:17:38","slug":"sizes","status":"publish","type":"page","link":"https:\/\/www.kostuemebreuer.de\/english\/costume-info\/sizes\/","title":{"rendered":"Sizes"},"content":{"rendered":"<h3><\/h3>\n<h3><img loading=\"lazy\" decoding=\"async\" class=\"alignnone size-medium wp-image-7596\" src=\"https:\/\/kostuemebreuer.de\/new-shop\/wp-content\/uploads\/sites\/6\/sites\/4\/Figurine-englisch-244x300.jpg\" alt=\"Figurine englisch\" width=\"244\" height=\"300\" \/><\/h3>\n<p>&nbsp;<\/p>\n<h3><strong>Women<\/strong><\/h3>\n<p>dimenions in centimetre<\/p>\n<table>\n<tbody>\n<tr>\n<td><strong>size<\/strong><\/td>\n<td><strong>34<\/strong><\/td>\n<td><strong>36<\/strong><\/td>\n<td><strong>38<\/strong><\/td>\n<td><strong>40<\/strong><\/td>\n<td><strong>42<\/strong><\/td>\n<td><strong>44<\/strong><\/td>\n<td><strong>46<\/strong><\/td>\n<td><strong>48<\/strong><\/td>\n<td><strong>50<\/strong><\/td>\n<td><strong>52<\/strong><\/td>\n<\/tr>\n<tr>\n<td>chest size<\/td>\n<td>82<\/td>\n<td>86<\/td>\n<td>90<\/td>\n<td>94<\/td>\n<td>98<\/td>\n<td>102<\/td>\n<td>106<\/td>\n<td>112<\/td>\n<td>118<\/td>\n<td>124<\/td>\n<\/tr>\n<tr>\n<td>waist size<\/td>\n<td>66<\/td>\n<td>68<\/td>\n<td>72<\/td>\n<td>76<\/td>\n<td>80<\/td>\n<td>84<\/td>\n<td>88<\/td>\n<td>94<\/td>\n<td>100<\/td>\n<td>106<\/td>\n<\/tr>\n<tr>\n<td>hip size<\/td>\n<td>90<\/td>\n<td>92<\/td>\n<td>96<\/td>\n<td>100<\/td>\n<td>104<\/td>\n<td>108<\/td>\n<td>112<\/td>\n<td>117<\/td>\n<td>122<\/td>\n<td>127<\/td>\n<\/tr>\n<tr>\n<td>sleeve length<\/td>\n<td>60<\/td>\n<td>60<\/td>\n<td>60<\/td>\n<td>60<\/td>\n<td>60<\/td>\n<td>61<\/td>\n<td>61<\/td>\n<td>61<\/td>\n<td>61<\/td>\n<td>61<\/td>\n<\/tr>\n<tr>\n<td>neck size<\/td>\n<td>34<\/td>\n<td>35<\/td>\n<td>36<\/td>\n<td>37<\/td>\n<td>38<\/td>\n<td>39<\/td>\n<td>40<\/td>\n<td>41<\/td>\n<td>42<\/td>\n<td>43<\/td>\n<\/tr>\n<tr>\n<td>outer lenght without waistband<\/td>\n<td>102<\/td>\n<td>102<\/td>\n<td>103<\/td>\n<td>103<\/td>\n<td>104<\/td>\n<td>104<\/td>\n<td>105<\/td>\n<td>105<\/td>\n<td>106<\/td>\n<td>106<\/td>\n<\/tr>\n<\/tbody>\n<\/table>\n<h3><\/h3>\n<h3><strong>Men<\/strong><\/h3>\n<p>dimenions in centimetre<\/p>\n<table>\n<tbody>\n<tr>\n<td><strong>normal clothing size<br \/>\n<\/strong><\/td>\n<td><strong>44<\/strong><\/td>\n<td><strong>46<\/strong><\/td>\n<td><strong>48<\/strong><\/td>\n<td><strong>50<\/strong><\/td>\n<td><strong>52<\/strong><\/td>\n<td><strong>54<\/strong><\/td>\n<td><strong>56<\/strong><\/td>\n<td><strong>58<\/strong><\/td>\n<td><strong>60<\/strong><\/td>\n<td><strong>62<\/strong><\/td>\n<td><strong>64<\/strong><\/td>\n<td><strong>66<\/strong><\/td>\n<\/tr>\n<tr>\n<td>height<\/td>\n<td>168<\/td>\n<td>171<\/td>\n<td>174<\/td>\n<td>177<\/td>\n<td>180<\/td>\n<td>182<\/td>\n<td>184<\/td>\n<td>186<\/td>\n<td>188<\/td>\n<td>190<\/td>\n<td>191<\/td>\n<td>192<\/td>\n<\/tr>\n<tr>\n<td>chest size<\/td>\n<td>88<\/td>\n<td>92<\/td>\n<td>96<\/td>\n<td>100<\/td>\n<td>104<\/td>\n<td>108<\/td>\n<td>112<\/td>\n<td>116<\/td>\n<td>120<\/td>\n<td>124<\/td>\n<td>128<\/td>\n<td>132<\/td>\n<\/tr>\n<tr>\n<td>hip size<\/td>\n<td>96<\/td>\n<td>100<\/td>\n<td>104<\/td>\n<td>108<\/td>\n<td>112<\/td>\n<td>116<\/td>\n<td>119<\/td>\n<td>122<\/td>\n<td>125<\/td>\n<td>128<\/td>\n<td>131<\/td>\n<td>134<\/td>\n<\/tr>\n<tr>\n<td>frontal sleeve length<\/td>\n<td>41<\/td>\n<td>42<\/td>\n<td>43<\/td>\n<td>44<\/td>\n<td>45<\/td>\n<td>45,5<\/td>\n<td>46<\/td>\n<td>46,5<\/td>\n<td>47<\/td>\n<td>47,5<\/td>\n<td>48<\/td>\n<td>48,5<\/td>\n<\/tr>\n<tr>\n<td>waistband<\/td>\n<td>76<\/td>\n<td>80<\/td>\n<td>84<\/td>\n<td>88<\/td>\n<td>92<\/td>\n<td>98<\/td>\n<td>102<\/td>\n<td>108<\/td>\n<td>112<\/td>\n<td>116<\/td>\n<td>120<\/td>\n<td>124<\/td>\n<\/tr>\n<tr>\n<td>outer lenght without waistband<\/td>\n<td>98<\/td>\n<td>100,5<\/td>\n<td>103<\/td>\n<td>104,5<\/td>\n<td>106<\/td>\n<td>107,5<\/td>\n<td>109<\/td>\n<td>110,5<\/td>\n<td>112<\/td>\n<td>113,5<\/td>\n<td>115<\/td>\n<td>116,5<\/td>\n<\/tr>\n<tr>\n<td>step length<\/td>\n<td>74<\/td>\n<td>76<\/td>\n<td>78<\/td>\n<td>79<\/td>\n<td>80<\/td>\n<td>81<\/td>\n<td>82<\/td>\n<td>83<\/td>\n<td>84<\/td>\n<td>85<\/td>\n<td>86<\/td>\n<td>87<\/td>\n<\/tr>\n<\/tbody>\n<\/table>\n<p>&nbsp;<\/p>\n<table>\n<tbody>\n<tr>\n<td><strong>slim size<br \/>\n<\/strong><\/td>\n<td><strong>90<\/strong><\/td>\n<td><strong>94<\/strong><\/td>\n<td><strong>98<\/strong><\/td>\n<td><strong>102<\/strong><\/td>\n<td><strong>106<\/strong><\/td>\n<td><strong>110<\/strong><\/td>\n<td><strong>114<\/strong><\/td>\n<td><strong>118<\/strong><\/td>\n<td><strong>122<\/strong><\/td>\n<td><strong>126<\/strong><\/td>\n<\/tr>\n<tr>\n<td>height<\/td>\n<td>177<\/td>\n<td>180<\/td>\n<td>183<\/td>\n<td>186<\/td>\n<td>188<\/td>\n<td>190<\/td>\n<td>192<\/td>\n<td>194<\/td>\n<td>196<\/td>\n<td>198<\/td>\n<\/tr>\n<tr>\n<td>chest size<\/td>\n<td>88<\/td>\n<td>92<\/td>\n<td>96<\/td>\n<td>100<\/td>\n<td>104<\/td>\n<td>108<\/td>\n<td>112<\/td>\n<td>116<\/td>\n<td>120<\/td>\n<td>124<\/td>\n<\/tr>\n<tr>\n<td>hip size<\/td>\n<td>98<\/td>\n<td>102<\/td>\n<td>106<\/td>\n<td>110<\/td>\n<td>114<\/td>\n<td>118<\/td>\n<td>122<\/td>\n<td>126<\/td>\n<td>130<\/td>\n<td>134<\/td>\n<\/tr>\n<tr>\n<td>frontal sleeve length<\/td>\n<td>44<\/td>\n<td>45<\/td>\n<td>46<\/td>\n<td>47<\/td>\n<td>47,5<\/td>\n<td>48<\/td>\n<td>48,5<\/td>\n<td>49<\/td>\n<td>49,5<\/td>\n<td>50<\/td>\n<\/tr>\n<tr>\n<td>waistband<\/td>\n<td>76<\/td>\n<td>80<\/td>\n<td>84<\/td>\n<td>88<\/td>\n<td>92<\/td>\n<td>96<\/td>\n<td>100<\/td>\n<td>104<\/td>\n<td>108<\/td>\n<td>112<\/td>\n<\/tr>\n<tr>\n<td>outer lenght without waistband<\/td>\n<td>104<\/td>\n<td>106<\/td>\n<td>108<\/td>\n<td>110<\/td>\n<td>112<\/td>\n<td>113<\/td>\n<td>114<\/td>\n<td>115<\/td>\n<td>116<\/td>\n<td>117<\/td>\n<\/tr>\n<tr>\n<td>step length<\/td>\n<td>79<\/td>\n<td>80<\/td>\n<td>81<\/td>\n<td>82<\/td>\n<td>83<\/td>\n<td>84<\/td>\n<td>85<\/td>\n<td>86<\/td>\n<td>87<\/td>\n<td>88<\/td>\n<\/tr>\n<\/tbody>\n<\/table>\n<p>&nbsp;<\/p>\n<table>\n<tbody>\n<tr>\n<td><strong>stocky size<br \/>\n<\/strong><\/td>\n<td><strong>22<\/strong><\/td>\n<td><strong>23<\/strong><\/td>\n<td><strong>24<\/strong><\/td>\n<td><strong>25<\/strong><\/td>\n<td><strong>26<\/strong><\/td>\n<td><strong>27<\/strong><\/td>\n<td><strong>28<\/strong><\/td>\n<td><strong>29<\/strong><\/td>\n<td><strong>30<\/strong><\/td>\n<td><strong>31<\/strong><\/td>\n<td><strong>32<\/strong><\/td>\n<td><strong>33<\/strong><\/td>\n<\/tr>\n<tr>\n<td>height<\/td>\n<td>162<\/td>\n<td>165<\/td>\n<td>168<\/td>\n<td>171<\/td>\n<td>174<\/td>\n<td>176<\/td>\n<td>178<\/td>\n<td>180<\/td>\n<td>181<\/td>\n<td>182<\/td>\n<td>183<\/td>\n<td>184<\/td>\n<\/tr>\n<tr>\n<td>chest size<\/td>\n<td>88<\/td>\n<td>92<\/td>\n<td>96<\/td>\n<td>100<\/td>\n<td>104<\/td>\n<td>108<\/td>\n<td>112<\/td>\n<td>116<\/td>\n<td>120<\/td>\n<td>124<\/td>\n<td>128<\/td>\n<td>132<\/td>\n<\/tr>\n<tr>\n<td>hip size<\/td>\n<td>96<\/td>\n<td>100<\/td>\n<td>104<\/td>\n<td>108<\/td>\n<td>112<\/td>\n<td>116<\/td>\n<td>120<\/td>\n<td>124<\/td>\n<td>128<\/td>\n<td>132<\/td>\n<td>136<\/td>\n<td>140<\/td>\n<\/tr>\n<tr>\n<td>frontal sleeve length<\/td>\n<td>40<\/td>\n<td>41<\/td>\n<td>42<\/td>\n<td>43<\/td>\n<td>43,5<\/td>\n<td>44<\/td>\n<td>44,5<\/td>\n<td>45<\/td>\n<td>45,5<\/td>\n<td>46<\/td>\n<td>46,5<\/td>\n<td>47<\/td>\n<\/tr>\n<tr>\n<td>waistband<\/td>\n<td>80<\/td>\n<td>84<\/td>\n<td>88<\/td>\n<td>92<\/td>\n<td>96<\/td>\n<td>100<\/td>\n<td>106<\/td>\n<td>110<\/td>\n<td>114<\/td>\n<td>118<\/td>\n<td>122<\/td>\n<td>126<\/td>\n<\/tr>\n<tr>\n<td>outer length without waistband<\/td>\n<td>94<\/td>\n<td>96,5<\/td>\n<td>99<\/td>\n<td>101,5<\/td>\n<td>103<\/td>\n<td>104,5<\/td>\n<td>106<\/td>\n<td>107,5<\/td>\n<td>109<\/td>\n<td>109,5<\/td>\n<td>110<\/td>\n<td>110,5<\/td>\n<\/tr>\n<tr>\n<td>step size<\/td>\n<td>70<\/td>\n<td>72<\/td>\n<td>74<\/td>\n<td>76<\/td>\n<td>77<\/td>\n<td>78<\/td>\n<td>79<\/td>\n<td>80<\/td>\n<td>81<\/td>\n<td>82<\/td>\n<td>83<\/td>\n<td>84<\/td>\n<\/tr>\n<\/tbody>\n<\/table>\n<p><strong>children sizes<br \/>\n<\/strong><\/p>\n<table>\n<tbody>\n<tr>\n<td><\/td>\n<td>86\/92<\/td>\n<td>98\/104<\/td>\n<td>110\/116<\/td>\n<td>122\/128<\/td>\n<td>134\/140<\/td>\n<td>146\/152<\/td>\n<td>158\/164<\/td>\n<td>170\/176<\/td>\n<\/tr>\n<tr>\n<td>chest size<\/td>\n<td>52-55<\/td>\n<td>54-57<\/td>\n<td>56-59<\/td>\n<td>58-65<\/td>\n<td>64-71<\/td>\n<td>70-77<\/td>\n<td>76-83<\/td>\n<td>82-89<\/td>\n<\/tr>\n<tr>\n<td>waist size<\/td>\n<td>49-52<\/td>\n<td>51-54<\/td>\n<td>53-56<\/td>\n<td>55-59<\/td>\n<td>58-62<\/td>\n<td>61-67<\/td>\n<td>66-71<\/td>\n<td>70-75<\/td>\n<\/tr>\n<tr>\n<td>hip size<\/td>\n<td>52-56<\/td>\n<td>55-60<\/td>\n<td>59-64<\/td>\n<td>63-70<\/td>\n<td>69-76<\/td>\n<td>75-82<\/td>\n<td>81-88<\/td>\n<td>87-94<\/td>\n<\/tr>\n<\/tbody>\n<\/table>\n<p>&nbsp;<\/p>\n","protected":false},"excerpt":{"rendered":"<p>&nbsp; Women dimenions in centimetre size 34 36 38 40 42 44 46 48 50 52 chest size 82 86 &#8230; <a title=\"Sizes\" class=\"read-more\" href=\"https:\/\/www.kostuemebreuer.de\/english\/costume-info\/sizes\/\" aria-label=\"Read more about Sizes\">Read more<\/a><\/p>\n","protected":false},"author":1,"featured_media":0,"parent":7330,"menu_order":0,"comment_status":"closed","ping_status":"closed","template":"","meta":{"_acf_changed":false,"footnotes":""},"class_list":{"0":"post-7393","1":"page","2":"type-page","3":"status-publish","5":"infinite-scroll-item"},"yoast_head":"<!-- This site is optimized with the Yoast SEO plugin v27.2 - https:\/\/yoast.com\/product\/yoast-seo-wordpress\/ -->\n<title>Sizes - Costumes Breuer<\/title>\n<meta name=\"robots\" content=\"index, follow, max-snippet:-1, max-image-preview:large, max-video-preview:-1\" \/>\n<link rel=\"canonical\" href=\"https:\/\/www.kostuemebreuer.de\/english\/costume-info\/sizes\/\" \/>\n<meta property=\"og:locale\" content=\"en_GB\" \/>\n<meta property=\"og:type\" content=\"article\" \/>\n<meta property=\"og:title\" content=\"Sizes - Costumes Breuer\" \/>\n<meta property=\"og:description\" content=\"&nbsp; Women dimenions in centimetre size 34 36 38 40 42 44 46 48 50 52 chest size 82 86 ... Read more\" \/>\n<meta property=\"og:url\" content=\"https:\/\/www.kostuemebreuer.de\/english\/costume-info\/sizes\/\" \/>\n<meta property=\"og:site_name\" content=\"Costumes Breuer\" \/>\n<meta property=\"article:publisher\" content=\"https:\/\/www.facebook.com\/Kostuemebreuer\/?locale=de_DE\" \/>\n<meta property=\"article:modified_time\" content=\"2016-06-29T13:17:38+00:00\" \/>\n<meta property=\"og:image\" content=\"https:\/\/kostuemebreuer.de\/new-shop\/wp-content\/uploads\/sites\/6\/sites\/4\/Figurine-englisch-244x300.jpg\" \/>\n<meta name=\"twitter:card\" content=\"summary_large_image\" \/>\n<meta name=\"twitter:label1\" content=\"Estimated reading time\" \/>\n\t<meta name=\"twitter:data1\" content=\"1 minute\" \/>\n<script type=\"application\/ld+json\" class=\"yoast-schema-graph\">{\"@context\":\"https:\/\/schema.org\",\"@graph\":[{\"@type\":\"WebPage\",\"@id\":\"https:\/\/www.kostuemebreuer.de\/english\/costume-info\/sizes\/\",\"url\":\"https:\/\/www.kostuemebreuer.de\/english\/costume-info\/sizes\/\",\"name\":\"Sizes - Costumes Breuer\",\"isPartOf\":{\"@id\":\"https:\/\/www.kostuemebreuer.de\/english\/#website\"},\"primaryImageOfPage\":{\"@id\":\"https:\/\/www.kostuemebreuer.de\/english\/costume-info\/sizes\/#primaryimage\"},\"image\":{\"@id\":\"https:\/\/www.kostuemebreuer.de\/english\/costume-info\/sizes\/#primaryimage\"},\"thumbnailUrl\":\"https:\/\/kostuemebreuer.de\/new-shop\/wp-content\/uploads\/sites\/6\/sites\/4\/Figurine-englisch-244x300.jpg\",\"datePublished\":\"2016-05-09T15:46:09+00:00\",\"dateModified\":\"2016-06-29T13:17:38+00:00\",\"breadcrumb\":{\"@id\":\"https:\/\/www.kostuemebreuer.de\/english\/costume-info\/sizes\/#breadcrumb\"},\"inLanguage\":\"en-GB\",\"potentialAction\":[{\"@type\":\"ReadAction\",\"target\":[\"https:\/\/www.kostuemebreuer.de\/english\/costume-info\/sizes\/\"]}]},{\"@type\":\"ImageObject\",\"inLanguage\":\"en-GB\",\"@id\":\"https:\/\/www.kostuemebreuer.de\/english\/costume-info\/sizes\/#primaryimage\",\"url\":\"https:\/\/kostuemebreuer.de\/new-shop\/wp-content\/uploads\/sites\/6\/sites\/4\/Figurine-englisch-244x300.jpg\",\"contentUrl\":\"https:\/\/kostuemebreuer.de\/new-shop\/wp-content\/uploads\/sites\/6\/sites\/4\/Figurine-englisch-244x300.jpg\"},{\"@type\":\"BreadcrumbList\",\"@id\":\"https:\/\/www.kostuemebreuer.de\/english\/costume-info\/sizes\/#breadcrumb\",\"itemListElement\":[{\"@type\":\"ListItem\",\"position\":1,\"name\":\"Startseite\",\"item\":\"https:\/\/www.kostuemebreuer.de\/english\/\"},{\"@type\":\"ListItem\",\"position\":2,\"name\":\"Costume Info\",\"item\":\"https:\/\/www.kostuemebreuer.de\/english\/costume-info\/\"},{\"@type\":\"ListItem\",\"position\":3,\"name\":\"Sizes\"}]},{\"@type\":\"WebSite\",\"@id\":\"https:\/\/www.kostuemebreuer.de\/english\/#website\",\"url\":\"https:\/\/www.kostuemebreuer.de\/english\/\",\"name\":\"Kost\u00fcme Breuer in M\u00fcnchen\",\"description\":\"Kost\u00fcmverleih\",\"publisher\":{\"@id\":\"https:\/\/www.kostuemebreuer.de\/english\/#organization\"},\"alternateName\":\"Kost\u00fcmverleih Breuer\",\"potentialAction\":[{\"@type\":\"SearchAction\",\"target\":{\"@type\":\"EntryPoint\",\"urlTemplate\":\"https:\/\/www.kostuemebreuer.de\/english\/?s={search_term_string}\"},\"query-input\":{\"@type\":\"PropertyValueSpecification\",\"valueRequired\":true,\"valueName\":\"search_term_string\"}}],\"inLanguage\":\"en-GB\"},{\"@type\":\"Organization\",\"@id\":\"https:\/\/www.kostuemebreuer.de\/english\/#organization\",\"name\":\"Kost\u00fcme Breuer in M\u00fcnchen\",\"url\":\"https:\/\/www.kostuemebreuer.de\/english\/\",\"logo\":{\"@type\":\"ImageObject\",\"inLanguage\":\"en-GB\",\"@id\":\"https:\/\/www.kostuemebreuer.de\/english\/#\/schema\/logo\/image\/\",\"url\":\"https:\/\/www.kostuemebreuer.de\/english\/wp-content\/uploads\/sites\/6\/logo.svg\",\"contentUrl\":\"https:\/\/www.kostuemebreuer.de\/english\/wp-content\/uploads\/sites\/6\/logo.svg\",\"caption\":\"Kost\u00fcme Breuer in M\u00fcnchen\"},\"image\":{\"@id\":\"https:\/\/www.kostuemebreuer.de\/english\/#\/schema\/logo\/image\/\"},\"sameAs\":[\"https:\/\/www.facebook.com\/Kostuemebreuer\/?locale=de_DE\",\"https:\/\/www.instagram.com\/kostuemebreuer\/\"]}]}<\/script>\n<!-- \/ Yoast SEO plugin. -->","yoast_head_json":{"title":"Sizes - Costumes Breuer","robots":{"index":"index","follow":"follow","max-snippet":"max-snippet:-1","max-image-preview":"max-image-preview:large","max-video-preview":"max-video-preview:-1"},"canonical":"https:\/\/www.kostuemebreuer.de\/english\/costume-info\/sizes\/","og_locale":"en_GB","og_type":"article","og_title":"Sizes - Costumes Breuer","og_description":"&nbsp; Women dimenions in centimetre size 34 36 38 40 42 44 46 48 50 52 chest size 82 86 ... Read more","og_url":"https:\/\/www.kostuemebreuer.de\/english\/costume-info\/sizes\/","og_site_name":"Costumes Breuer","article_publisher":"https:\/\/www.facebook.com\/Kostuemebreuer\/?locale=de_DE","article_modified_time":"2016-06-29T13:17:38+00:00","og_image":[{"url":"https:\/\/kostuemebreuer.de\/new-shop\/wp-content\/uploads\/sites\/6\/sites\/4\/Figurine-englisch-244x300.jpg","type":"","width":"","height":""}],"twitter_card":"summary_large_image","twitter_misc":{"Estimated reading time":"1 minute"},"schema":{"@context":"https:\/\/schema.org","@graph":[{"@type":"WebPage","@id":"https:\/\/www.kostuemebreuer.de\/english\/costume-info\/sizes\/","url":"https:\/\/www.kostuemebreuer.de\/english\/costume-info\/sizes\/","name":"Sizes - Costumes Breuer","isPartOf":{"@id":"https:\/\/www.kostuemebreuer.de\/english\/#website"},"primaryImageOfPage":{"@id":"https:\/\/www.kostuemebreuer.de\/english\/costume-info\/sizes\/#primaryimage"},"image":{"@id":"https:\/\/www.kostuemebreuer.de\/english\/costume-info\/sizes\/#primaryimage"},"thumbnailUrl":"https:\/\/kostuemebreuer.de\/new-shop\/wp-content\/uploads\/sites\/6\/sites\/4\/Figurine-englisch-244x300.jpg","datePublished":"2016-05-09T15:46:09+00:00","dateModified":"2016-06-29T13:17:38+00:00","breadcrumb":{"@id":"https:\/\/www.kostuemebreuer.de\/english\/costume-info\/sizes\/#breadcrumb"},"inLanguage":"en-GB","potentialAction":[{"@type":"ReadAction","target":["https:\/\/www.kostuemebreuer.de\/english\/costume-info\/sizes\/"]}]},{"@type":"ImageObject","inLanguage":"en-GB","@id":"https:\/\/www.kostuemebreuer.de\/english\/costume-info\/sizes\/#primaryimage","url":"https:\/\/kostuemebreuer.de\/new-shop\/wp-content\/uploads\/sites\/6\/sites\/4\/Figurine-englisch-244x300.jpg","contentUrl":"https:\/\/kostuemebreuer.de\/new-shop\/wp-content\/uploads\/sites\/6\/sites\/4\/Figurine-englisch-244x300.jpg"},{"@type":"BreadcrumbList","@id":"https:\/\/www.kostuemebreuer.de\/english\/costume-info\/sizes\/#breadcrumb","itemListElement":[{"@type":"ListItem","position":1,"name":"Startseite","item":"https:\/\/www.kostuemebreuer.de\/english\/"},{"@type":"ListItem","position":2,"name":"Costume Info","item":"https:\/\/www.kostuemebreuer.de\/english\/costume-info\/"},{"@type":"ListItem","position":3,"name":"Sizes"}]},{"@type":"WebSite","@id":"https:\/\/www.kostuemebreuer.de\/english\/#website","url":"https:\/\/www.kostuemebreuer.de\/english\/","name":"Kost\u00fcme Breuer in M\u00fcnchen","description":"Kost\u00fcmverleih","publisher":{"@id":"https:\/\/www.kostuemebreuer.de\/english\/#organization"},"alternateName":"Kost\u00fcmverleih Breuer","potentialAction":[{"@type":"SearchAction","target":{"@type":"EntryPoint","urlTemplate":"https:\/\/www.kostuemebreuer.de\/english\/?s={search_term_string}"},"query-input":{"@type":"PropertyValueSpecification","valueRequired":true,"valueName":"search_term_string"}}],"inLanguage":"en-GB"},{"@type":"Organization","@id":"https:\/\/www.kostuemebreuer.de\/english\/#organization","name":"Kost\u00fcme Breuer in M\u00fcnchen","url":"https:\/\/www.kostuemebreuer.de\/english\/","logo":{"@type":"ImageObject","inLanguage":"en-GB","@id":"https:\/\/www.kostuemebreuer.de\/english\/#\/schema\/logo\/image\/","url":"https:\/\/www.kostuemebreuer.de\/english\/wp-content\/uploads\/sites\/6\/logo.svg","contentUrl":"https:\/\/www.kostuemebreuer.de\/english\/wp-content\/uploads\/sites\/6\/logo.svg","caption":"Kost\u00fcme Breuer in M\u00fcnchen"},"image":{"@id":"https:\/\/www.kostuemebreuer.de\/english\/#\/schema\/logo\/image\/"},"sameAs":["https:\/\/www.facebook.com\/Kostuemebreuer\/?locale=de_DE","https:\/\/www.instagram.com\/kostuemebreuer\/"]}]}},"acf":[],"_links":{"self":[{"href":"https:\/\/www.kostuemebreuer.de\/english\/wp-json\/wp\/v2\/pages\/7393","targetHints":{"allow":["GET"]}}],"collection":[{"href":"https:\/\/www.kostuemebreuer.de\/english\/wp-json\/wp\/v2\/pages"}],"about":[{"href":"https:\/\/www.kostuemebreuer.de\/english\/wp-json\/wp\/v2\/types\/page"}],"author":[{"embeddable":true,"href":"https:\/\/www.kostuemebreuer.de\/english\/wp-json\/wp\/v2\/users\/1"}],"replies":[{"embeddable":true,"href":"https:\/\/www.kostuemebreuer.de\/english\/wp-json\/wp\/v2\/comments?post=7393"}],"version-history":[{"count":0,"href":"https:\/\/www.kostuemebreuer.de\/english\/wp-json\/wp\/v2\/pages\/7393\/revisions"}],"up":[{"embeddable":true,"href":"https:\/\/www.kostuemebreuer.de\/english\/wp-json\/wp\/v2\/pages\/7330"}],"wp:attachment":[{"href":"https:\/\/www.kostuemebreuer.de\/english\/wp-json\/wp\/v2\/media?parent=7393"}],"curies":[{"name":"wp","href":"https:\/\/api.w.org\/{rel}","templated":true}]}}