{"id":59,"date":"2015-09-30T11:51:32","date_gmt":"2015-09-30T09:51:32","guid":{"rendered":"http:\/\/kostuemverleih.com\/?page_id=59"},"modified":"2024-05-11T11:08:03","modified_gmt":"2024-05-11T09:08:03","slug":"mascots-2","status":"publish","type":"page","link":"https:\/\/www.kostuemebreuer.de\/english\/mascots-2\/","title":{"rendered":"Mascots"},"content":{"rendered":"<p><a href=\"https:\/\/www.kostuemebreuer.de\/en\/wp-content\/uploads\/sites\/3\/maskottchen.jpg\" data-rel=\"prettyPhoto[59]\"><img loading=\"lazy\" decoding=\"async\" class=\" wp-image-18789 alignleft\" src=\"https:\/\/www.kostuemebreuer.de\/en\/wp-content\/uploads\/sites\/3\/maskottchen-219x300.jpg\" alt=\"\" width=\"312\" height=\"428\" \/><\/a><\/p>\n<p>We manufacture media-effective mascots and walking acts in our own workshop. From walking Wiener sausages to smiling bricks, question marks on legs, dancing cans to all imaginable animals, we can look back on many years of experience with international corporations as customers. We always pay attention to high-quality, durable materials and the latest processing techniques.<\/p>\n<p>Starting with creative ideas and the first design drawings, inspired by your wishes or your company logo, we will accompany you to the end result that is effective in advertising. We are also available for repairs, cleaning and repeat orders. If your existing mascot is getting on in years, we will be happy to make it new according to your pattern.<\/p>\n<p>A light headboard, matching plush in the company color, water-repellent materials? We can do all of that. Our special manufacturing process ensures space, air and a large field of vision in the mascot head.<\/p>\n<p>In addition, all costume parts can be put on and taken off independently for different promoters between a height of 160-190 cm using Velcro, zipper and tie fastener techniques.<\/p>\n<p>The complete costume is marked with care instructions and can be cleaned by hand and washing machine.<\/p>\n<p>For a production price of \u20ac1500 or more, you will receive a unique mascot. If you need several of the same or similar costumes, we can offer them cheaper. The production time is four to eight weeks, after which the on-schedule delivery takes place.<\/p>\n<p>&nbsp;<\/p>\n","protected":false},"excerpt":{"rendered":"<p>We manufacture media-effective mascots and walking acts in our own workshop. From walking Wiener sausages to smiling bricks, question marks &#8230; <a title=\"Mascots\" class=\"read-more\" href=\"https:\/\/www.kostuemebreuer.de\/english\/mascots-2\/\" aria-label=\"Read more about Mascots\">Read more<\/a><\/p>\n","protected":false},"author":1,"featured_media":0,"parent":0,"menu_order":0,"comment_status":"closed","ping_status":"closed","template":"","meta":{"_acf_changed":false,"footnotes":""},"class_list":{"0":"post-59","1":"page","2":"type-page","3":"status-publish","5":"infinite-scroll-item"},"yoast_head":"<!-- This site is optimized with the Yoast SEO plugin v27.2 - https:\/\/yoast.com\/product\/yoast-seo-wordpress\/ -->\n<title>Mascots - Costumes Breuer<\/title>\n<meta name=\"robots\" content=\"index, follow, max-snippet:-1, max-image-preview:large, max-video-preview:-1\" \/>\n<link rel=\"canonical\" href=\"https:\/\/www.kostuemebreuer.de\/english\/mascots-2\/\" \/>\n<meta property=\"og:locale\" content=\"en_GB\" \/>\n<meta property=\"og:type\" content=\"article\" \/>\n<meta property=\"og:title\" content=\"Mascots - Costumes Breuer\" \/>\n<meta property=\"og:description\" content=\"We manufacture media-effective mascots and walking acts in our own workshop. From walking Wiener sausages to smiling bricks, question marks ... Read more\" \/>\n<meta property=\"og:url\" content=\"https:\/\/www.kostuemebreuer.de\/english\/mascots-2\/\" \/>\n<meta property=\"og:site_name\" content=\"Costumes Breuer\" \/>\n<meta property=\"article:publisher\" content=\"https:\/\/www.facebook.com\/Kostuemebreuer\/?locale=de_DE\" \/>\n<meta property=\"article:modified_time\" content=\"2024-05-11T09:08:03+00:00\" \/>\n<meta property=\"og:image\" content=\"https:\/\/www.kostuemebreuer.de\/en\/wp-content\/uploads\/sites\/3\/maskottchen-219x300.jpg\" \/>\n<meta name=\"twitter:card\" content=\"summary_large_image\" \/>\n<meta name=\"twitter:label1\" content=\"Estimated reading time\" \/>\n\t<meta name=\"twitter:data1\" content=\"2 minutes\" \/>\n<script type=\"application\/ld+json\" class=\"yoast-schema-graph\">{\"@context\":\"https:\/\/schema.org\",\"@graph\":[{\"@type\":\"WebPage\",\"@id\":\"https:\/\/www.kostuemebreuer.de\/english\/mascots-2\/\",\"url\":\"https:\/\/www.kostuemebreuer.de\/english\/mascots-2\/\",\"name\":\"Mascots - Costumes Breuer\",\"isPartOf\":{\"@id\":\"https:\/\/www.kostuemebreuer.de\/english\/#website\"},\"primaryImageOfPage\":{\"@id\":\"https:\/\/www.kostuemebreuer.de\/english\/mascots-2\/#primaryimage\"},\"image\":{\"@id\":\"https:\/\/www.kostuemebreuer.de\/english\/mascots-2\/#primaryimage\"},\"thumbnailUrl\":\"https:\/\/www.kostuemebreuer.de\/en\/wp-content\/uploads\/sites\/3\/maskottchen-219x300.jpg\",\"datePublished\":\"2015-09-30T09:51:32+00:00\",\"dateModified\":\"2024-05-11T09:08:03+00:00\",\"breadcrumb\":{\"@id\":\"https:\/\/www.kostuemebreuer.de\/english\/mascots-2\/#breadcrumb\"},\"inLanguage\":\"en-GB\",\"potentialAction\":[{\"@type\":\"ReadAction\",\"target\":[\"https:\/\/www.kostuemebreuer.de\/english\/mascots-2\/\"]}]},{\"@type\":\"ImageObject\",\"inLanguage\":\"en-GB\",\"@id\":\"https:\/\/www.kostuemebreuer.de\/english\/mascots-2\/#primaryimage\",\"url\":\"https:\/\/www.kostuemebreuer.de\/en\/wp-content\/uploads\/sites\/3\/maskottchen-219x300.jpg\",\"contentUrl\":\"https:\/\/www.kostuemebreuer.de\/en\/wp-content\/uploads\/sites\/3\/maskottchen-219x300.jpg\"},{\"@type\":\"BreadcrumbList\",\"@id\":\"https:\/\/www.kostuemebreuer.de\/english\/mascots-2\/#breadcrumb\",\"itemListElement\":[{\"@type\":\"ListItem\",\"position\":1,\"name\":\"Startseite\",\"item\":\"https:\/\/www.kostuemebreuer.de\/english\/\"},{\"@type\":\"ListItem\",\"position\":2,\"name\":\"Mascots\"}]},{\"@type\":\"WebSite\",\"@id\":\"https:\/\/www.kostuemebreuer.de\/english\/#website\",\"url\":\"https:\/\/www.kostuemebreuer.de\/english\/\",\"name\":\"Kost\u00fcme Breuer in M\u00fcnchen\",\"description\":\"Kost\u00fcmverleih\",\"publisher\":{\"@id\":\"https:\/\/www.kostuemebreuer.de\/english\/#organization\"},\"alternateName\":\"Kost\u00fcmverleih Breuer\",\"potentialAction\":[{\"@type\":\"SearchAction\",\"target\":{\"@type\":\"EntryPoint\",\"urlTemplate\":\"https:\/\/www.kostuemebreuer.de\/english\/?s={search_term_string}\"},\"query-input\":{\"@type\":\"PropertyValueSpecification\",\"valueRequired\":true,\"valueName\":\"search_term_string\"}}],\"inLanguage\":\"en-GB\"},{\"@type\":\"Organization\",\"@id\":\"https:\/\/www.kostuemebreuer.de\/english\/#organization\",\"name\":\"Kost\u00fcme Breuer in M\u00fcnchen\",\"url\":\"https:\/\/www.kostuemebreuer.de\/english\/\",\"logo\":{\"@type\":\"ImageObject\",\"inLanguage\":\"en-GB\",\"@id\":\"https:\/\/www.kostuemebreuer.de\/english\/#\/schema\/logo\/image\/\",\"url\":\"https:\/\/www.kostuemebreuer.de\/english\/wp-content\/uploads\/sites\/6\/logo.svg\",\"contentUrl\":\"https:\/\/www.kostuemebreuer.de\/english\/wp-content\/uploads\/sites\/6\/logo.svg\",\"caption\":\"Kost\u00fcme Breuer in M\u00fcnchen\"},\"image\":{\"@id\":\"https:\/\/www.kostuemebreuer.de\/english\/#\/schema\/logo\/image\/\"},\"sameAs\":[\"https:\/\/www.facebook.com\/Kostuemebreuer\/?locale=de_DE\",\"https:\/\/www.instagram.com\/kostuemebreuer\/\"]}]}<\/script>\n<!-- \/ Yoast SEO plugin. -->","yoast_head_json":{"title":"Mascots - Costumes Breuer","robots":{"index":"index","follow":"follow","max-snippet":"max-snippet:-1","max-image-preview":"max-image-preview:large","max-video-preview":"max-video-preview:-1"},"canonical":"https:\/\/www.kostuemebreuer.de\/english\/mascots-2\/","og_locale":"en_GB","og_type":"article","og_title":"Mascots - Costumes Breuer","og_description":"We manufacture media-effective mascots and walking acts in our own workshop. From walking Wiener sausages to smiling bricks, question marks ... Read more","og_url":"https:\/\/www.kostuemebreuer.de\/english\/mascots-2\/","og_site_name":"Costumes Breuer","article_publisher":"https:\/\/www.facebook.com\/Kostuemebreuer\/?locale=de_DE","article_modified_time":"2024-05-11T09:08:03+00:00","og_image":[{"url":"https:\/\/www.kostuemebreuer.de\/en\/wp-content\/uploads\/sites\/3\/maskottchen-219x300.jpg","type":"","width":"","height":""}],"twitter_card":"summary_large_image","twitter_misc":{"Estimated reading time":"2 minutes"},"schema":{"@context":"https:\/\/schema.org","@graph":[{"@type":"WebPage","@id":"https:\/\/www.kostuemebreuer.de\/english\/mascots-2\/","url":"https:\/\/www.kostuemebreuer.de\/english\/mascots-2\/","name":"Mascots - Costumes Breuer","isPartOf":{"@id":"https:\/\/www.kostuemebreuer.de\/english\/#website"},"primaryImageOfPage":{"@id":"https:\/\/www.kostuemebreuer.de\/english\/mascots-2\/#primaryimage"},"image":{"@id":"https:\/\/www.kostuemebreuer.de\/english\/mascots-2\/#primaryimage"},"thumbnailUrl":"https:\/\/www.kostuemebreuer.de\/en\/wp-content\/uploads\/sites\/3\/maskottchen-219x300.jpg","datePublished":"2015-09-30T09:51:32+00:00","dateModified":"2024-05-11T09:08:03+00:00","breadcrumb":{"@id":"https:\/\/www.kostuemebreuer.de\/english\/mascots-2\/#breadcrumb"},"inLanguage":"en-GB","potentialAction":[{"@type":"ReadAction","target":["https:\/\/www.kostuemebreuer.de\/english\/mascots-2\/"]}]},{"@type":"ImageObject","inLanguage":"en-GB","@id":"https:\/\/www.kostuemebreuer.de\/english\/mascots-2\/#primaryimage","url":"https:\/\/www.kostuemebreuer.de\/en\/wp-content\/uploads\/sites\/3\/maskottchen-219x300.jpg","contentUrl":"https:\/\/www.kostuemebreuer.de\/en\/wp-content\/uploads\/sites\/3\/maskottchen-219x300.jpg"},{"@type":"BreadcrumbList","@id":"https:\/\/www.kostuemebreuer.de\/english\/mascots-2\/#breadcrumb","itemListElement":[{"@type":"ListItem","position":1,"name":"Startseite","item":"https:\/\/www.kostuemebreuer.de\/english\/"},{"@type":"ListItem","position":2,"name":"Mascots"}]},{"@type":"WebSite","@id":"https:\/\/www.kostuemebreuer.de\/english\/#website","url":"https:\/\/www.kostuemebreuer.de\/english\/","name":"Kost\u00fcme Breuer in M\u00fcnchen","description":"Kost\u00fcmverleih","publisher":{"@id":"https:\/\/www.kostuemebreuer.de\/english\/#organization"},"alternateName":"Kost\u00fcmverleih Breuer","potentialAction":[{"@type":"SearchAction","target":{"@type":"EntryPoint","urlTemplate":"https:\/\/www.kostuemebreuer.de\/english\/?s={search_term_string}"},"query-input":{"@type":"PropertyValueSpecification","valueRequired":true,"valueName":"search_term_string"}}],"inLanguage":"en-GB"},{"@type":"Organization","@id":"https:\/\/www.kostuemebreuer.de\/english\/#organization","name":"Kost\u00fcme Breuer in M\u00fcnchen","url":"https:\/\/www.kostuemebreuer.de\/english\/","logo":{"@type":"ImageObject","inLanguage":"en-GB","@id":"https:\/\/www.kostuemebreuer.de\/english\/#\/schema\/logo\/image\/","url":"https:\/\/www.kostuemebreuer.de\/english\/wp-content\/uploads\/sites\/6\/logo.svg","contentUrl":"https:\/\/www.kostuemebreuer.de\/english\/wp-content\/uploads\/sites\/6\/logo.svg","caption":"Kost\u00fcme Breuer in M\u00fcnchen"},"image":{"@id":"https:\/\/www.kostuemebreuer.de\/english\/#\/schema\/logo\/image\/"},"sameAs":["https:\/\/www.facebook.com\/Kostuemebreuer\/?locale=de_DE","https:\/\/www.instagram.com\/kostuemebreuer\/"]}]}},"acf":[],"_links":{"self":[{"href":"https:\/\/www.kostuemebreuer.de\/english\/wp-json\/wp\/v2\/pages\/59","targetHints":{"allow":["GET"]}}],"collection":[{"href":"https:\/\/www.kostuemebreuer.de\/english\/wp-json\/wp\/v2\/pages"}],"about":[{"href":"https:\/\/www.kostuemebreuer.de\/english\/wp-json\/wp\/v2\/types\/page"}],"author":[{"embeddable":true,"href":"https:\/\/www.kostuemebreuer.de\/english\/wp-json\/wp\/v2\/users\/1"}],"replies":[{"embeddable":true,"href":"https:\/\/www.kostuemebreuer.de\/english\/wp-json\/wp\/v2\/comments?post=59"}],"version-history":[{"count":7,"href":"https:\/\/www.kostuemebreuer.de\/english\/wp-json\/wp\/v2\/pages\/59\/revisions"}],"predecessor-version":[{"id":23704,"href":"https:\/\/www.kostuemebreuer.de\/english\/wp-json\/wp\/v2\/pages\/59\/revisions\/23704"}],"wp:attachment":[{"href":"https:\/\/www.kostuemebreuer.de\/english\/wp-json\/wp\/v2\/media?parent=59"}],"curies":[{"name":"wp","href":"https:\/\/api.w.org\/{rel}","templated":true}]}}