{"id":46,"date":"2015-09-30T11:48:01","date_gmt":"2015-09-30T09:48:01","guid":{"rendered":"http:\/\/kostuemverleih.com\/?page_id=46"},"modified":"2024-04-15T10:20:17","modified_gmt":"2024-04-15T08:20:17","slug":"literature","status":"publish","type":"page","link":"https:\/\/www.kostuemebreuer.de\/english\/costume-info-2\/literature\/","title":{"rendered":"Literature"},"content":{"rendered":"\r\n<p> On this page we present a selection of introductory and special literature on historical costumes, uniforms and traditional costumes. <\/p>\r\n\r\n\r\n\r\n<p><strong>Fashion and Costumes History<\/strong><\/p>\r\n\r\n\r\n\r\n<ul class=\"wp-block-list\"><li>Beukel, Dorine van den: <strong>A Pictorial History of Costume<\/strong>. Amsterdam: Pepin Press 1998   Boehn, Max von: <strong>The fashion. A cultural history from the Baroque to Art Nouveau<\/strong>. Edited by Ingrid Loschek. 2 volumes. Munich: Bruckmann 1989 (4th revised edition).       <\/li><li>Bruhn, Wolfgang \/ Tilke, <strong>Max: Costume history in pictures<\/strong>. An overview of the costumes of all times and peoples from antiquity to modern times, including the national costumes of Europe and the costumes of non-European countries. Tubingen: Ernst Wasmuth 1955.       <\/li><li>Fukai, Akiko (Project leader and text): <strong>The Kyoto Costume Institute Collection<\/strong>. A history of fashion from the 18th to the 20th century. Cologne: Taschen 2002. <\/li><li>Hansen, Henny Harald: <strong>Knaur&#8217;s costume book<\/strong>. The costume history of all time. Translated from the Danish by Wolf Heinrich von der M\u00fclbe. Munich\/Zurich: Droemersche Publishing House 1954.<\/li><li>Harms, Ingeborg: <strong>Martyrdom of Beauty. about fashion as a fetish<\/strong>. In: Merkur 656 (December 2003), pp. 1100-1110.   <\/li><li>Hollander, Anne: Suit and Eros. A history of modern clothing. Berlin: Berlin Publishing House 1995.       <\/li><li>Klein, Ruth: <strong>Encyclopedia of Fashion. Three millennia of European costume design<\/strong>. Baden-Baden: Woldemar Klein Publishing House 1950.       <\/li><li>Lehnert, Gertrud: <strong>History of fashion in the 20th century<\/strong>. Cologne: Koenemann 2000 <strong>: Fashion<\/strong>. Cologne: Dumont 2003.       <\/li><li>Lischka, Gerhard Johann (ed.): <strong>Mode-Kult<\/strong> K\u00f6ln: Wienand-Verlag 2002. <\/li><li>Loschek, Ingrid: <strong>Fashion in the 20th Century. A cultural history of our time<\/strong>. <\/li><li>Munich: Bruckmann 1978 : <strong>Fashion. seduction and necessity<\/strong>. Structure and strategy of appearance changes. Munich: Bruckmann 1991.       <\/li><li><strong>: Reclam&#8217;s fashion and costume dictionary<\/strong>. Stuttgart: Philipp Reclam Jr. 1999 (4th, revised and expanded edition).       <\/li><li><strong>Fashion of the Century. Chronicle of fashion from 1900 to today<\/strong>. Munich: Battenberg 2001. <\/li><li><strong>: The fashion designers<\/strong>. A dictionary from Armani to Yamamoto. Munich: Beck 2002 (2nd, expanded edition).       <\/li><li>Mentges, Gabriele\/Nixdorf, Heide (eds.): <strong>Textile, body, fashion<\/strong> Dortmund series on cultural-anthropological studies of textiles. Berlin: Edition Ebersbach. <ul><li>Volume 1: Vol.1 time.cuts: Cultural constructions of clothing and fashion. 2001 &nbsp;<\/li><\/ul><ul><li>Volume 2: Cult Textiles: In the Near East and in Judaism. 2001 &nbsp;<\/li><li>Volume 3: Textile Design: Voysey, Endell, Berger. 2002 &nbsp;<\/li><li>Volume 4: Movement &#8211; Language &#8211; Materiality: Cultural Manifestations of Textiles. 2003&nbsp;<\/li><\/ul><\/li><\/ul>\r\n\r\n\r\n\r\n<ul class=\"wp-block-list\"><li>Poschardt, Ulf: <strong>Adjust<\/strong>. Hamburg: Rogner &amp; Bernhard 1998. &nbsp;<\/li><li>Racinet, Auguste: The <strong>Complete Costume History<\/strong>. From Ancient Times to the 19th Century. (Reprint of the original 1888 edition.) K\u00f6ln: Taschen 2003. &nbsp;<\/li><li>Seeling, Charlotte: <strong>The Century of Designers<\/strong>. 1900-1999. Cologne: Koenemann 1999. &nbsp;<\/li><li>Thiel, Erika: <strong>History of the costume<\/strong>. European fashion from the beginnings to the present. Berlin: Henschel Publishing House Art and Society 1985. &nbsp;<\/li><li>Vinken, Barbara: <strong>Fashion after fashion<\/strong>. Frankfurt\/M.: Fischer 1993.&nbsp;<\/li><\/ul>\r\n\r\n\r\n\r\n<p><strong>Traditional Costumes <\/strong>&nbsp;<\/p>\r\n\r\n\r\n\r\n<ul class=\"wp-block-list\"><li>Harrold, Robert\/Legg, Phyllida: <strong>Folk Costumes of the World<\/strong>. Revised and enlarged edition London: Blandford 1999. &nbsp;<\/li><\/ul>\r\n\r\n\r\n\r\n<ul class=\"wp-block-list\"><li>Karsten, Uwe: <strong>German traditional costumes<\/strong>. Herrsching: Manfred Pawlak Pubishing House 1980. &nbsp;<\/li><\/ul>\r\n\r\n\r\n\r\n<ul class=\"wp-block-list\"><li>Kretschmer, Albert \/ Rohrbach, Karl: The <strong>traditional costumes of the peoples<\/strong>. From the beginning of history to the 19th century. Leipzig: Bibliographic Institute Adolph Schumann 1906. &nbsp;<\/li><\/ul>\r\n\r\n\r\n\r\n<ul class=\"wp-block-list\"><li>Kretschmer, Albert: <strong>The big book of folk costumes<\/strong>. With an introduction by Hans H. Hofst\u00e4tter. Eltville am Rhein: Rheingauer Publishing House 1982. &nbsp;<\/li><\/ul>\r\n\r\n\r\n\r\n<ul class=\"wp-block-list\"><li>Rattelm\u00fcller, Paul Ernst: The <strong>folk costume in Bavaria<\/strong>. Dachau: Publishing house \u201cBayerland\u201d 1997. Scherer, Hedi\/Perkonig, Friedrich: <strong>Customs and costumes in Austria<\/strong>. With a traditional costume by Josef Ringler. Innsbruck\/Vienna\/Munich: Tyrolia Publishing House 1937.&nbsp;<\/li><\/ul>\r\n\r\n\r\n\r\n<p><strong>Uniforms<\/strong><\/p>\r\n\r\n\r\n\r\n<ul class=\"wp-block-list\"><li>Funcken, Liliane and Fred: <strong>Historical Uniforms<\/strong>. Munich: Mosaic publishing house. &nbsp;<ul><li>Volume 1: 18th Century. French Guards and Infantry. British and Prussian infantry. 1977. &nbsp;<\/li><li>Volume 2:. French, British and Prussian cavalry and artillery. Infantry, cavalry and artillery of the rest of Europe. 1978 &nbsp;<\/li><li>Volume 3: Napoleonic Period 1. French regiments of the line, British, Prussian and Spanish troops of the First Empire period. 1978 &nbsp;<\/li><li>Volume 4: Napoleonic Period 2. French Imperial Guards, Allied troops, Swedish, Austrian and Russian armies at the time of the First Empire. 1979 &nbsp;<\/li><li>Volume 5: 19th Century 1:1814-1850: France, Britain, Prussia. infantry, cavalry, technical troops and artillery. 1982 &nbsp;<\/li><li>Volume 6: 19th Century 2: France, Great Britain, Germany, Austria, Russia. infantry, cavalry, technical troops and artillery.&nbsp;<\/li><\/ul><\/li><\/ul>\r\n\r\n\r\n\r\n<ul class=\"wp-block-list\"><li>Kn\u00f6tel, Herbert\/Sieg, Herbert: Color manual of uniform customers. Adapted to the state of research and supplemented by Ingo Pr\u00f6mper. Augsburg: Bechterm\u00fcnz 1996.&nbsp;<ul><li>Volume 1: The development of the military costume of the German states, Austria-Hungary and Switzerland up to 1937. <\/li><li>Volume 2: The development of military costumes in European and non-European countries up to 1937.&nbsp;<\/li><\/ul><\/li><\/ul>\r\n\r\n\r\n\r\n<ul class=\"wp-block-list\"><li>City of Krefeld\/German Textile Museum (ed.): <strong>According to rank and status. German civilian uniforms in the 19th century<\/strong>. An exhibition in the German Textile Museum March 24 to June 23, 2002. Krefeld 2002. &nbsp;<\/li><li>Toman, Karel: <strong>The soldier through the ages<\/strong>. translated by Lucian Wichs. Prague: Artia; Hanau\/M.: Dausien 1964. &nbsp;<\/li><li>Windrow, Martin\/Embleton, Gerry: <strong>The Uniforms of North America from 1665 to the Present<\/strong>. Stuttgart: Motorbuch Publishing House 1975.&nbsp;<\/li><\/ul>\r\n\r\n\r\n\r\n<p><strong>Bridal Fashion <\/strong>&nbsp;<\/p>\r\n\r\n\r\n\r\n<ul class=\"wp-block-list\"><li>Cox, Caroline: Bridal Couture. From Grace Kelly to Vivienne Westwood. Munich: Christian 2002.&nbsp;<\/li><\/ul>\r\n\r\n\r\n\r\n<p><strong>Menswear <\/strong>&nbsp;<\/p>\r\n\r\n\r\n\r\n<ul class=\"wp-block-list\"><li>Roetzel, Bernhard: The gentleman. Manual of classic men&#8217;s fashion. Cologne: Koenemann 1999.&nbsp;<\/li><\/ul>\r\n\r\n\r\n\r\n<p><strong>Accessoires<\/strong>&nbsp;<\/p>\r\n\r\n\r\n\r\n<ul class=\"wp-block-list\"><li>Loschek, Ingrid: <strong>Symbolism and History<\/strong>. Munich: Bruckmann 1993. &nbsp;<\/li><li>Wilcox, Claire: <strong>Fashions &amp; Designs in the 20th Century<\/strong>. Niedernhausen\/Ts.: Bassermann&#8217;sche Publishing Bookstore 1998. &nbsp;<\/li><li>Durian-Rees, Saskia: <strong>From the Late Middle Ages to the Present<\/strong>. Munich: Hirmer\/Bavarian National Museum 1991. &nbsp;<\/li><li>O&#8217;Keefe, Linda: <strong>A tribute to sandals, slippers, heels.<\/strong> Cologne: K\u00f6nemann 2004 (new edition).&nbsp;<\/li><\/ul>\r\n\r\n\r\n\r\n<p><strong>Bibliographies <\/strong>&nbsp;<\/p>\r\n\r\n\r\n\r\n<ul class=\"wp-block-list\"><li>Charles Roux, Edmonde: <strong>Coco Chanel. One life <\/strong>Frankfurt\/M.: Fischer Paperback 1990. &nbsp;<\/li><li>Morand, Paul\/Chanel, Coco: <strong>The Art of being Chanel<\/strong>. Conversations with Coco Chanel. Munich: Schirmer\/Mosel 2003. &nbsp;<\/li><li>Mulvagh, Jane: <strong>Vivienne Westwood. &#8220;The lady is a punk&#8221;.<\/strong> Munich: List paperback publishing house 2001.&nbsp;<\/li><\/ul>\r\n\r\n\r\n\r\n<p>Wilcox, Claire: <strong>Vivienne Westwood<\/strong>. London: A&amp;C BLACK; V&amp;A Publications 2004.&nbsp;<\/p>\r\n\r\n\r\n\r\n<pre class=\"wp-block-preformatted\"><\/pre>\r\n\r\n\r\n\r\n<div class=\"wp-block-columns is-layout-flex wp-container-core-columns-is-layout-9d6595d7 wp-block-columns-is-layout-flex\">\r\n<div class=\"wp-block-column is-layout-flow wp-block-column-is-layout-flow\"><\/div>\r\n\r\n\r\n\r\n<div class=\"wp-block-column is-layout-flow wp-block-column-is-layout-flow\"><\/div>\r\n<\/div>\r\n","protected":false},"excerpt":{"rendered":"<p>On this page we present a selection of introductory and special literature on historical costumes, uniforms and traditional costumes. Fashion &#8230; <a title=\"Literature\" class=\"read-more\" href=\"https:\/\/www.kostuemebreuer.de\/english\/costume-info-2\/literature\/\" aria-label=\"Read more about Literature\">Read more<\/a><\/p>\n","protected":false},"author":1,"featured_media":0,"parent":17,"menu_order":0,"comment_status":"closed","ping_status":"closed","template":"","meta":{"_acf_changed":false,"footnotes":""},"class_list":{"0":"post-46","1":"page","2":"type-page","3":"status-publish","5":"infinite-scroll-item"},"yoast_head":"<!-- This site is optimized with the Yoast SEO plugin v27.2 - https:\/\/yoast.com\/product\/yoast-seo-wordpress\/ -->\n<title>Literature - Costumes Breuer<\/title>\n<meta name=\"robots\" content=\"index, follow, max-snippet:-1, max-image-preview:large, max-video-preview:-1\" \/>\n<link rel=\"canonical\" href=\"https:\/\/www.kostuemebreuer.de\/english\/costume-info-2\/literature\/\" \/>\n<meta property=\"og:locale\" content=\"en_GB\" \/>\n<meta property=\"og:type\" content=\"article\" \/>\n<meta property=\"og:title\" content=\"Literature - Costumes Breuer\" \/>\n<meta property=\"og:description\" content=\"On this page we present a selection of introductory and special literature on historical costumes, uniforms and traditional costumes. Fashion ... Read more\" \/>\n<meta property=\"og:url\" content=\"https:\/\/www.kostuemebreuer.de\/english\/costume-info-2\/literature\/\" \/>\n<meta property=\"og:site_name\" content=\"Costumes Breuer\" \/>\n<meta property=\"article:publisher\" content=\"https:\/\/www.facebook.com\/Kostuemebreuer\/?locale=de_DE\" \/>\n<meta property=\"article:modified_time\" content=\"2024-04-15T08:20:17+00:00\" \/>\n<meta name=\"twitter:card\" content=\"summary_large_image\" \/>\n<meta name=\"twitter:label1\" content=\"Estimated reading time\" \/>\n\t<meta name=\"twitter:data1\" content=\"4 minutes\" \/>\n<script type=\"application\/ld+json\" class=\"yoast-schema-graph\">{\"@context\":\"https:\/\/schema.org\",\"@graph\":[{\"@type\":\"WebPage\",\"@id\":\"https:\/\/www.kostuemebreuer.de\/english\/costume-info-2\/literature\/\",\"url\":\"https:\/\/www.kostuemebreuer.de\/english\/costume-info-2\/literature\/\",\"name\":\"Literature - Costumes Breuer\",\"isPartOf\":{\"@id\":\"https:\/\/www.kostuemebreuer.de\/english\/#website\"},\"datePublished\":\"2015-09-30T09:48:01+00:00\",\"dateModified\":\"2024-04-15T08:20:17+00:00\",\"breadcrumb\":{\"@id\":\"https:\/\/www.kostuemebreuer.de\/english\/costume-info-2\/literature\/#breadcrumb\"},\"inLanguage\":\"en-GB\",\"potentialAction\":[{\"@type\":\"ReadAction\",\"target\":[\"https:\/\/www.kostuemebreuer.de\/english\/costume-info-2\/literature\/\"]}]},{\"@type\":\"BreadcrumbList\",\"@id\":\"https:\/\/www.kostuemebreuer.de\/english\/costume-info-2\/literature\/#breadcrumb\",\"itemListElement\":[{\"@type\":\"ListItem\",\"position\":1,\"name\":\"Startseite\",\"item\":\"https:\/\/www.kostuemebreuer.de\/english\/\"},{\"@type\":\"ListItem\",\"position\":2,\"name\":\"Costume Info\",\"item\":\"https:\/\/www.kostuemebreuer.de\/english\/costume-info-2\/\"},{\"@type\":\"ListItem\",\"position\":3,\"name\":\"Literature\"}]},{\"@type\":\"WebSite\",\"@id\":\"https:\/\/www.kostuemebreuer.de\/english\/#website\",\"url\":\"https:\/\/www.kostuemebreuer.de\/english\/\",\"name\":\"Kost\u00fcme Breuer in M\u00fcnchen\",\"description\":\"Kost\u00fcmverleih\",\"publisher\":{\"@id\":\"https:\/\/www.kostuemebreuer.de\/english\/#organization\"},\"alternateName\":\"Kost\u00fcmverleih Breuer\",\"potentialAction\":[{\"@type\":\"SearchAction\",\"target\":{\"@type\":\"EntryPoint\",\"urlTemplate\":\"https:\/\/www.kostuemebreuer.de\/english\/?s={search_term_string}\"},\"query-input\":{\"@type\":\"PropertyValueSpecification\",\"valueRequired\":true,\"valueName\":\"search_term_string\"}}],\"inLanguage\":\"en-GB\"},{\"@type\":\"Organization\",\"@id\":\"https:\/\/www.kostuemebreuer.de\/english\/#organization\",\"name\":\"Kost\u00fcme Breuer in M\u00fcnchen\",\"url\":\"https:\/\/www.kostuemebreuer.de\/english\/\",\"logo\":{\"@type\":\"ImageObject\",\"inLanguage\":\"en-GB\",\"@id\":\"https:\/\/www.kostuemebreuer.de\/english\/#\/schema\/logo\/image\/\",\"url\":\"https:\/\/www.kostuemebreuer.de\/english\/wp-content\/uploads\/sites\/6\/logo.svg\",\"contentUrl\":\"https:\/\/www.kostuemebreuer.de\/english\/wp-content\/uploads\/sites\/6\/logo.svg\",\"caption\":\"Kost\u00fcme Breuer in M\u00fcnchen\"},\"image\":{\"@id\":\"https:\/\/www.kostuemebreuer.de\/english\/#\/schema\/logo\/image\/\"},\"sameAs\":[\"https:\/\/www.facebook.com\/Kostuemebreuer\/?locale=de_DE\",\"https:\/\/www.instagram.com\/kostuemebreuer\/\"]}]}<\/script>\n<!-- \/ Yoast SEO plugin. -->","yoast_head_json":{"title":"Literature - Costumes Breuer","robots":{"index":"index","follow":"follow","max-snippet":"max-snippet:-1","max-image-preview":"max-image-preview:large","max-video-preview":"max-video-preview:-1"},"canonical":"https:\/\/www.kostuemebreuer.de\/english\/costume-info-2\/literature\/","og_locale":"en_GB","og_type":"article","og_title":"Literature - Costumes Breuer","og_description":"On this page we present a selection of introductory and special literature on historical costumes, uniforms and traditional costumes. Fashion ... Read more","og_url":"https:\/\/www.kostuemebreuer.de\/english\/costume-info-2\/literature\/","og_site_name":"Costumes Breuer","article_publisher":"https:\/\/www.facebook.com\/Kostuemebreuer\/?locale=de_DE","article_modified_time":"2024-04-15T08:20:17+00:00","twitter_card":"summary_large_image","twitter_misc":{"Estimated reading time":"4 minutes"},"schema":{"@context":"https:\/\/schema.org","@graph":[{"@type":"WebPage","@id":"https:\/\/www.kostuemebreuer.de\/english\/costume-info-2\/literature\/","url":"https:\/\/www.kostuemebreuer.de\/english\/costume-info-2\/literature\/","name":"Literature - Costumes Breuer","isPartOf":{"@id":"https:\/\/www.kostuemebreuer.de\/english\/#website"},"datePublished":"2015-09-30T09:48:01+00:00","dateModified":"2024-04-15T08:20:17+00:00","breadcrumb":{"@id":"https:\/\/www.kostuemebreuer.de\/english\/costume-info-2\/literature\/#breadcrumb"},"inLanguage":"en-GB","potentialAction":[{"@type":"ReadAction","target":["https:\/\/www.kostuemebreuer.de\/english\/costume-info-2\/literature\/"]}]},{"@type":"BreadcrumbList","@id":"https:\/\/www.kostuemebreuer.de\/english\/costume-info-2\/literature\/#breadcrumb","itemListElement":[{"@type":"ListItem","position":1,"name":"Startseite","item":"https:\/\/www.kostuemebreuer.de\/english\/"},{"@type":"ListItem","position":2,"name":"Costume Info","item":"https:\/\/www.kostuemebreuer.de\/english\/costume-info-2\/"},{"@type":"ListItem","position":3,"name":"Literature"}]},{"@type":"WebSite","@id":"https:\/\/www.kostuemebreuer.de\/english\/#website","url":"https:\/\/www.kostuemebreuer.de\/english\/","name":"Kost\u00fcme Breuer in M\u00fcnchen","description":"Kost\u00fcmverleih","publisher":{"@id":"https:\/\/www.kostuemebreuer.de\/english\/#organization"},"alternateName":"Kost\u00fcmverleih Breuer","potentialAction":[{"@type":"SearchAction","target":{"@type":"EntryPoint","urlTemplate":"https:\/\/www.kostuemebreuer.de\/english\/?s={search_term_string}"},"query-input":{"@type":"PropertyValueSpecification","valueRequired":true,"valueName":"search_term_string"}}],"inLanguage":"en-GB"},{"@type":"Organization","@id":"https:\/\/www.kostuemebreuer.de\/english\/#organization","name":"Kost\u00fcme Breuer in M\u00fcnchen","url":"https:\/\/www.kostuemebreuer.de\/english\/","logo":{"@type":"ImageObject","inLanguage":"en-GB","@id":"https:\/\/www.kostuemebreuer.de\/english\/#\/schema\/logo\/image\/","url":"https:\/\/www.kostuemebreuer.de\/english\/wp-content\/uploads\/sites\/6\/logo.svg","contentUrl":"https:\/\/www.kostuemebreuer.de\/english\/wp-content\/uploads\/sites\/6\/logo.svg","caption":"Kost\u00fcme Breuer in M\u00fcnchen"},"image":{"@id":"https:\/\/www.kostuemebreuer.de\/english\/#\/schema\/logo\/image\/"},"sameAs":["https:\/\/www.facebook.com\/Kostuemebreuer\/?locale=de_DE","https:\/\/www.instagram.com\/kostuemebreuer\/"]}]}},"acf":[],"_links":{"self":[{"href":"https:\/\/www.kostuemebreuer.de\/english\/wp-json\/wp\/v2\/pages\/46","targetHints":{"allow":["GET"]}}],"collection":[{"href":"https:\/\/www.kostuemebreuer.de\/english\/wp-json\/wp\/v2\/pages"}],"about":[{"href":"https:\/\/www.kostuemebreuer.de\/english\/wp-json\/wp\/v2\/types\/page"}],"author":[{"embeddable":true,"href":"https:\/\/www.kostuemebreuer.de\/english\/wp-json\/wp\/v2\/users\/1"}],"replies":[{"embeddable":true,"href":"https:\/\/www.kostuemebreuer.de\/english\/wp-json\/wp\/v2\/comments?post=46"}],"version-history":[{"count":3,"href":"https:\/\/www.kostuemebreuer.de\/english\/wp-json\/wp\/v2\/pages\/46\/revisions"}],"predecessor-version":[{"id":23644,"href":"https:\/\/www.kostuemebreuer.de\/english\/wp-json\/wp\/v2\/pages\/46\/revisions\/23644"}],"up":[{"embeddable":true,"href":"https:\/\/www.kostuemebreuer.de\/english\/wp-json\/wp\/v2\/pages\/17"}],"wp:attachment":[{"href":"https:\/\/www.kostuemebreuer.de\/english\/wp-json\/wp\/v2\/media?parent=46"}],"curies":[{"name":"wp","href":"https:\/\/api.w.org\/{rel}","templated":true}]}}