{"id":15,"date":"2015-09-30T11:40:20","date_gmt":"2015-09-30T09:40:20","guid":{"rendered":"http:\/\/kostuemverleih.com\/?page_id=15"},"modified":"2024-05-11T11:12:11","modified_gmt":"2024-05-11T09:12:11","slug":"about-us","status":"publish","type":"page","link":"https:\/\/www.kostuemebreuer.de\/english\/about-us\/","title":{"rendered":"About us"},"content":{"rendered":"\r\n<p>The costume rental Breuer, one of the largest in Europe, was founded in 1950. A typical post-war story: Wilma and Peter Breuer ran a small textile shop on Feilitzschstra\u00dfe in Munich-Schwabing. One day, a young woman who needed warm clothing for the crossing to America paid with some carnival costumes that she had already rented out several times&#8230; Later, the basis of today&#8217;s fund was laid with the purchase of the &#8220;Diringer Fund&#8221;. In 1960 the Breuer costume rental company moved to Hohenzollernstra\u00dfe 11.\u00a0<br \/>\u00a0<br \/><strong>The Origins<\/strong>\u00a0<\/p>\r\n\r\n\r\n\r\n<p>Over time, the stock continued to grow, costumes from the Prince Regent and National Theaters, the B\u00fctow Sisters and the Gisela TV Ballet were added. Custom-made products were also constantly being made. At the same time, the rental and sale of wedding equipment became more and more important. The shop has been located at Hohenzollernstra\u00dfe 22a with around twenty employees since 1976. Anything that doesn&#8217;t fit into the store or is only needed at certain times is stored in a 1,500 square meter hall outside the city. Finally, another branch of business was added: the production of animal costumes (mascots and advertising costumes). In 1993 Waltraud Breuer took over the management.<\/p>\r\n\r\n\r\n\r\n<p><strong>Costumes Stock<\/strong> <strong>&amp; Outlet\u00a0<\/strong><\/p>\r\n\r\n\r\n\r\n<p>The costume pool currently includes around twenty thousand costumes. All areas are represented. The spectrum ranges from Neanderthals to Astronauts and includes the Middle Ages, Baroque, Rococo, Empire, Biedermeier, turn of the Century, the 20s, 30s, 40s, 50s, 60s, 70s, 80s and even the 90s. So there is almost nothing that does not exist &#8211; from accessories to complete costumes. Especially during carnival there is a lot going on here.<\/p>\r\n\r\n\r\n\r\n<div class=\"wp-block-image\">\r\n<figure class=\"aligncenter size-medium\"><a href=\"https:\/\/www.kostuemebreuer.de\/en\/wp-content\/uploads\/sites\/3\/Outlet-3.jpg\" data-rel=\"prettyPhoto[15]\"><img decoding=\"async\" class=\"wp-image-19432\" src=\"https:\/\/www.kostuemebreuer.de\/en\/wp-content\/uploads\/sites\/3\/Outlet-3-300x119.jpg\" alt=\"\" \/><\/a><\/figure>\r\n<\/div>\r\n\r\n\r\n\r\n<p><strong>Evening wear<\/strong><\/p>\r\n\r\n\r\n\r\n<p>In the evening wear department and in the men&#8217;s department, our customers rent or buy the equipment they have always dreamed of. Evening dress, stole, flower arrangement, hat, gloves, hoop skirt and shoes for the lady; Tailcoat, cut, tuxedo, suit, shirt, cummerbund or waistcoat for men. Tuxedos and tails or evening and cocktail dresses are of course also in demand for other occasions, such as New Year&#8217;s Eve or the Vienna Opera Ball.<\/p>\r\n\r\n\r\n\r\n<p><strong>Traditional Costumes <\/strong>\u00a0<\/p>\r\n\r\n\r\n\r\n<p>have high season especially in September and October. For the Oktoberfest parade and the &#8220;Wies&#8217;n&#8221;, many visitors dress up in dirndls, lederhosen and traditional costumes. In addition to traditional events such as the Oktoberfest (one of our customers is Schottenhamel), the Nuremberg Christmas market or the Tutzing fishermen&#8217;s wedding, we also set up private celebrations &#8211; especially in summer &#8211; and sometimes even entire parades in the style of the Middle Ages, Biedermeier or the turn of the century.<\/p>\r\n\r\n\r\n\r\n<div class=\"wp-block-image\">\r\n<figure class=\"aligncenter size-medium\"><a href=\"https:\/\/www.kostuemebreuer.de\/en\/wp-content\/uploads\/sites\/3\/Dirndl-flieder.jpg\" data-rel=\"prettyPhoto[15]\"><img decoding=\"async\" class=\"wp-image-19436\" src=\"https:\/\/www.kostuemebreuer.de\/en\/wp-content\/uploads\/sites\/3\/Dirndl-flieder-169x300.jpg\" alt=\"\" \/><\/a><\/figure>\r\n<\/div>\r\n\r\n\r\n\r\n<p><strong>Workshop<\/strong><\/p>\r\n\r\n\r\n\r\n<p>The workshop is the heart of our costume rental. Not only necessary repairs and changes are made here, experiments and designs are carried out here too. Everyone can realize their fantasies and have their dream costume made by us.<\/p>\r\n\r\n\r\n\r\n<div class=\"wp-block-image\">\r\n<figure class=\"aligncenter size-medium\"><a href=\"https:\/\/www.kostuemebreuer.de\/en\/wp-content\/uploads\/sites\/3\/Massschneidern-1.jpg\" data-rel=\"prettyPhoto[15]\"><img decoding=\"async\" class=\"wp-image-19442\" src=\"https:\/\/www.kostuemebreuer.de\/en\/wp-content\/uploads\/sites\/3\/Massschneidern-1-200x300.jpg\" alt=\"\" \/><\/a><\/figure>\r\n<\/div>\r\n\r\n\r\n\r\n<p>&nbsp;<\/p>\r\n\r\n\r\n\r\n<p>&nbsp;<\/p>\r\n\r\n\r\n\r\n<p>&nbsp;<\/p>\r\n","protected":false},"excerpt":{"rendered":"<p>The costume rental Breuer, one of the largest in Europe, was founded in 1950. A typical post-war story: Wilma and &#8230; <a title=\"About us\" class=\"read-more\" href=\"https:\/\/www.kostuemebreuer.de\/english\/about-us\/\" aria-label=\"Read more about About us\">Read more<\/a><\/p>\n","protected":false},"author":1,"featured_media":0,"parent":0,"menu_order":0,"comment_status":"closed","ping_status":"closed","template":"","meta":{"_acf_changed":false,"footnotes":""},"class_list":{"0":"post-15","1":"page","2":"type-page","3":"status-publish","5":"infinite-scroll-item"},"yoast_head":"<!-- This site is optimized with the Yoast SEO plugin v27.2 - https:\/\/yoast.com\/product\/yoast-seo-wordpress\/ -->\n<title>About us - Costumes Breuer<\/title>\n<meta name=\"robots\" content=\"index, follow, max-snippet:-1, max-image-preview:large, max-video-preview:-1\" \/>\n<link rel=\"canonical\" href=\"https:\/\/www.kostuemebreuer.de\/english\/about-us\/\" \/>\n<meta property=\"og:locale\" content=\"en_GB\" \/>\n<meta property=\"og:type\" content=\"article\" \/>\n<meta property=\"og:title\" content=\"About us - Costumes Breuer\" \/>\n<meta property=\"og:description\" content=\"The costume rental Breuer, one of the largest in Europe, was founded in 1950. A typical post-war story: Wilma and ... Read more\" \/>\n<meta property=\"og:url\" content=\"https:\/\/www.kostuemebreuer.de\/english\/about-us\/\" \/>\n<meta property=\"og:site_name\" content=\"Costumes Breuer\" \/>\n<meta property=\"article:publisher\" content=\"https:\/\/www.facebook.com\/Kostuemebreuer\/?locale=de_DE\" \/>\n<meta property=\"article:modified_time\" content=\"2024-05-11T09:12:11+00:00\" \/>\n<meta property=\"og:image\" content=\"https:\/\/www.kostuemebreuer.de\/en\/wp-content\/uploads\/sites\/3\/Outlet-3-300x119.jpg\" \/>\n<meta name=\"twitter:card\" content=\"summary_large_image\" \/>\n<meta name=\"twitter:label1\" content=\"Estimated reading time\" \/>\n\t<meta name=\"twitter:data1\" content=\"3 minutes\" \/>\n<script type=\"application\/ld+json\" class=\"yoast-schema-graph\">{\"@context\":\"https:\/\/schema.org\",\"@graph\":[{\"@type\":\"WebPage\",\"@id\":\"https:\/\/www.kostuemebreuer.de\/english\/about-us\/\",\"url\":\"https:\/\/www.kostuemebreuer.de\/english\/about-us\/\",\"name\":\"About us - Costumes Breuer\",\"isPartOf\":{\"@id\":\"https:\/\/www.kostuemebreuer.de\/english\/#website\"},\"primaryImageOfPage\":{\"@id\":\"https:\/\/www.kostuemebreuer.de\/english\/about-us\/#primaryimage\"},\"image\":{\"@id\":\"https:\/\/www.kostuemebreuer.de\/english\/about-us\/#primaryimage\"},\"thumbnailUrl\":\"https:\/\/www.kostuemebreuer.de\/en\/wp-content\/uploads\/sites\/3\/Outlet-3-300x119.jpg\",\"datePublished\":\"2015-09-30T09:40:20+00:00\",\"dateModified\":\"2024-05-11T09:12:11+00:00\",\"breadcrumb\":{\"@id\":\"https:\/\/www.kostuemebreuer.de\/english\/about-us\/#breadcrumb\"},\"inLanguage\":\"en-GB\",\"potentialAction\":[{\"@type\":\"ReadAction\",\"target\":[\"https:\/\/www.kostuemebreuer.de\/english\/about-us\/\"]}]},{\"@type\":\"ImageObject\",\"inLanguage\":\"en-GB\",\"@id\":\"https:\/\/www.kostuemebreuer.de\/english\/about-us\/#primaryimage\",\"url\":\"https:\/\/www.kostuemebreuer.de\/en\/wp-content\/uploads\/sites\/3\/Outlet-3-300x119.jpg\",\"contentUrl\":\"https:\/\/www.kostuemebreuer.de\/en\/wp-content\/uploads\/sites\/3\/Outlet-3-300x119.jpg\"},{\"@type\":\"BreadcrumbList\",\"@id\":\"https:\/\/www.kostuemebreuer.de\/english\/about-us\/#breadcrumb\",\"itemListElement\":[{\"@type\":\"ListItem\",\"position\":1,\"name\":\"Startseite\",\"item\":\"https:\/\/www.kostuemebreuer.de\/english\/\"},{\"@type\":\"ListItem\",\"position\":2,\"name\":\"About us\"}]},{\"@type\":\"WebSite\",\"@id\":\"https:\/\/www.kostuemebreuer.de\/english\/#website\",\"url\":\"https:\/\/www.kostuemebreuer.de\/english\/\",\"name\":\"Kost\u00fcme Breuer in M\u00fcnchen\",\"description\":\"Kost\u00fcmverleih\",\"publisher\":{\"@id\":\"https:\/\/www.kostuemebreuer.de\/english\/#organization\"},\"alternateName\":\"Kost\u00fcmverleih Breuer\",\"potentialAction\":[{\"@type\":\"SearchAction\",\"target\":{\"@type\":\"EntryPoint\",\"urlTemplate\":\"https:\/\/www.kostuemebreuer.de\/english\/?s={search_term_string}\"},\"query-input\":{\"@type\":\"PropertyValueSpecification\",\"valueRequired\":true,\"valueName\":\"search_term_string\"}}],\"inLanguage\":\"en-GB\"},{\"@type\":\"Organization\",\"@id\":\"https:\/\/www.kostuemebreuer.de\/english\/#organization\",\"name\":\"Kost\u00fcme Breuer in M\u00fcnchen\",\"url\":\"https:\/\/www.kostuemebreuer.de\/english\/\",\"logo\":{\"@type\":\"ImageObject\",\"inLanguage\":\"en-GB\",\"@id\":\"https:\/\/www.kostuemebreuer.de\/english\/#\/schema\/logo\/image\/\",\"url\":\"https:\/\/www.kostuemebreuer.de\/english\/wp-content\/uploads\/sites\/6\/logo.svg\",\"contentUrl\":\"https:\/\/www.kostuemebreuer.de\/english\/wp-content\/uploads\/sites\/6\/logo.svg\",\"caption\":\"Kost\u00fcme Breuer in M\u00fcnchen\"},\"image\":{\"@id\":\"https:\/\/www.kostuemebreuer.de\/english\/#\/schema\/logo\/image\/\"},\"sameAs\":[\"https:\/\/www.facebook.com\/Kostuemebreuer\/?locale=de_DE\",\"https:\/\/www.instagram.com\/kostuemebreuer\/\"]}]}<\/script>\n<!-- \/ Yoast SEO plugin. -->","yoast_head_json":{"title":"About us - Costumes Breuer","robots":{"index":"index","follow":"follow","max-snippet":"max-snippet:-1","max-image-preview":"max-image-preview:large","max-video-preview":"max-video-preview:-1"},"canonical":"https:\/\/www.kostuemebreuer.de\/english\/about-us\/","og_locale":"en_GB","og_type":"article","og_title":"About us - Costumes Breuer","og_description":"The costume rental Breuer, one of the largest in Europe, was founded in 1950. A typical post-war story: Wilma and ... Read more","og_url":"https:\/\/www.kostuemebreuer.de\/english\/about-us\/","og_site_name":"Costumes Breuer","article_publisher":"https:\/\/www.facebook.com\/Kostuemebreuer\/?locale=de_DE","article_modified_time":"2024-05-11T09:12:11+00:00","og_image":[{"url":"https:\/\/www.kostuemebreuer.de\/en\/wp-content\/uploads\/sites\/3\/Outlet-3-300x119.jpg","type":"","width":"","height":""}],"twitter_card":"summary_large_image","twitter_misc":{"Estimated reading time":"3 minutes"},"schema":{"@context":"https:\/\/schema.org","@graph":[{"@type":"WebPage","@id":"https:\/\/www.kostuemebreuer.de\/english\/about-us\/","url":"https:\/\/www.kostuemebreuer.de\/english\/about-us\/","name":"About us - Costumes Breuer","isPartOf":{"@id":"https:\/\/www.kostuemebreuer.de\/english\/#website"},"primaryImageOfPage":{"@id":"https:\/\/www.kostuemebreuer.de\/english\/about-us\/#primaryimage"},"image":{"@id":"https:\/\/www.kostuemebreuer.de\/english\/about-us\/#primaryimage"},"thumbnailUrl":"https:\/\/www.kostuemebreuer.de\/en\/wp-content\/uploads\/sites\/3\/Outlet-3-300x119.jpg","datePublished":"2015-09-30T09:40:20+00:00","dateModified":"2024-05-11T09:12:11+00:00","breadcrumb":{"@id":"https:\/\/www.kostuemebreuer.de\/english\/about-us\/#breadcrumb"},"inLanguage":"en-GB","potentialAction":[{"@type":"ReadAction","target":["https:\/\/www.kostuemebreuer.de\/english\/about-us\/"]}]},{"@type":"ImageObject","inLanguage":"en-GB","@id":"https:\/\/www.kostuemebreuer.de\/english\/about-us\/#primaryimage","url":"https:\/\/www.kostuemebreuer.de\/en\/wp-content\/uploads\/sites\/3\/Outlet-3-300x119.jpg","contentUrl":"https:\/\/www.kostuemebreuer.de\/en\/wp-content\/uploads\/sites\/3\/Outlet-3-300x119.jpg"},{"@type":"BreadcrumbList","@id":"https:\/\/www.kostuemebreuer.de\/english\/about-us\/#breadcrumb","itemListElement":[{"@type":"ListItem","position":1,"name":"Startseite","item":"https:\/\/www.kostuemebreuer.de\/english\/"},{"@type":"ListItem","position":2,"name":"About us"}]},{"@type":"WebSite","@id":"https:\/\/www.kostuemebreuer.de\/english\/#website","url":"https:\/\/www.kostuemebreuer.de\/english\/","name":"Kost\u00fcme Breuer in M\u00fcnchen","description":"Kost\u00fcmverleih","publisher":{"@id":"https:\/\/www.kostuemebreuer.de\/english\/#organization"},"alternateName":"Kost\u00fcmverleih Breuer","potentialAction":[{"@type":"SearchAction","target":{"@type":"EntryPoint","urlTemplate":"https:\/\/www.kostuemebreuer.de\/english\/?s={search_term_string}"},"query-input":{"@type":"PropertyValueSpecification","valueRequired":true,"valueName":"search_term_string"}}],"inLanguage":"en-GB"},{"@type":"Organization","@id":"https:\/\/www.kostuemebreuer.de\/english\/#organization","name":"Kost\u00fcme Breuer in M\u00fcnchen","url":"https:\/\/www.kostuemebreuer.de\/english\/","logo":{"@type":"ImageObject","inLanguage":"en-GB","@id":"https:\/\/www.kostuemebreuer.de\/english\/#\/schema\/logo\/image\/","url":"https:\/\/www.kostuemebreuer.de\/english\/wp-content\/uploads\/sites\/6\/logo.svg","contentUrl":"https:\/\/www.kostuemebreuer.de\/english\/wp-content\/uploads\/sites\/6\/logo.svg","caption":"Kost\u00fcme Breuer in M\u00fcnchen"},"image":{"@id":"https:\/\/www.kostuemebreuer.de\/english\/#\/schema\/logo\/image\/"},"sameAs":["https:\/\/www.facebook.com\/Kostuemebreuer\/?locale=de_DE","https:\/\/www.instagram.com\/kostuemebreuer\/"]}]}},"acf":[],"_links":{"self":[{"href":"https:\/\/www.kostuemebreuer.de\/english\/wp-json\/wp\/v2\/pages\/15","targetHints":{"allow":["GET"]}}],"collection":[{"href":"https:\/\/www.kostuemebreuer.de\/english\/wp-json\/wp\/v2\/pages"}],"about":[{"href":"https:\/\/www.kostuemebreuer.de\/english\/wp-json\/wp\/v2\/types\/page"}],"author":[{"embeddable":true,"href":"https:\/\/www.kostuemebreuer.de\/english\/wp-json\/wp\/v2\/users\/1"}],"replies":[{"embeddable":true,"href":"https:\/\/www.kostuemebreuer.de\/english\/wp-json\/wp\/v2\/comments?post=15"}],"version-history":[{"count":10,"href":"https:\/\/www.kostuemebreuer.de\/english\/wp-json\/wp\/v2\/pages\/15\/revisions"}],"predecessor-version":[{"id":23706,"href":"https:\/\/www.kostuemebreuer.de\/english\/wp-json\/wp\/v2\/pages\/15\/revisions\/23706"}],"wp:attachment":[{"href":"https:\/\/www.kostuemebreuer.de\/english\/wp-json\/wp\/v2\/media?parent=15"}],"curies":[{"name":"wp","href":"https:\/\/api.w.org\/{rel}","templated":true}]}}